{"id":945,"date":"2022-12-08T09:49:52","date_gmt":"2022-12-08T08:49:52","guid":{"rendered":"https:\/\/www.dramfolks-whisky-auction.com\/?post_type=product&#038;p=945"},"modified":"2023-03-25T22:30:30","modified_gmt":"2023-03-25T21:30:30","slug":"johnnie-walker-black-label-millennium-edition-1999","status":"publish","type":"product","link":"https:\/\/www.dramfolks-whisky-auction.com\/fr\/product\/johnnie-walker-black-label-millennium-edition-1999\/","title":{"rendered":"Johnnie Walker &#8211; Black Label \u00ab\u00a0Millennium Edition\u00a0\u00bb 1999"},"content":{"rendered":"<p><strong>Destille: Johnnie Walker<\/strong><br \/>\nJohn Walker &amp; Sons, eine Tochtergesellschaft des Getr\u00e4nkegiganten Diageo, blickt auf eine reiche Geschichte zur\u00fcck, die bis zum Beginn des 19.Jahrhunderts zur\u00fcckreicht. Als Gr\u00fcnder und Sch\u00f6pfer des Johnnie Walker-Blends, der heute der wichtigste Scotch im Portfolio des Eigent\u00fcmers ist, beh\u00e4lt John Walker &amp; Sons einen Kernplatz in der Unternehmensstruktur von Diageo, dessen Name verwendet wird, um seinen elit\u00e4reren Blended-Releases Gewicht und Erbe zu verleihen. Das aktuelle, j\u00e4hrliche Produktionsvolumen betr\u00e4gt 500.000 Liter.<\/p>\n<p><strong>Fun fact:<\/strong> Eines der bekanntesten deutschen Lieder ist \u00ab\u00a0Johnnie Walker\u00a0\u00bb von Marius M\u00fcller-Westernhagen aus dem Jahr 1978! Er sang \u00fcber die beliebteste Whiskysorte auf seinem Album \u00ab\u00a0Mit Pfefferminz bin ich dein Prinz\u00a0\u00bb.<\/p>\n<p><strong>Whisky\/Whiskey: Black Label (Millennium Edition)<\/strong><br \/>\nDie limitierte Johnnie Walker Black Label \u00ab\u00a0Millennium Edition\u00a0\u00bb aus dem Jahre 1999 repr\u00e4sentiert einen der weltweit beliebtesten Blended Whiskys. Seine elegante, quadratische und schr\u00e4ge Karaffe wurde als Teil der Johnnie Walker Collection zur Feier des neuen Jahrtausends ver\u00f6ffentlicht und hat sich seitdem zu einer sehr begehrten Sammlerausgabe entwickelt. Diese Ausgabe hier kommt aus Israel und hat die Flaschennummer 13411.<\/p>\n<p><strong>Info Qualit\u00e4t der Flasche:<\/strong> Very good &#8211; fast ohne Altersspuren \/<strong> F\u00fcllstand:<\/strong> Mid Shoulder<\/p>\n<p><strong>Info Qualit\u00e4t der Box:<\/strong> Box nicht vorhanden<\/p>\n<p><strong>Wichtiger Hinweis:<\/strong> Die Bewertung der Flaschen und Boxen erfolgt nach \u201ebesten Wissen und Gewissen\u201c. dramfolks kann keine Gew\u00e4hrleistung f\u00fcr den Inhalt der Flaschen \u00fcbernehmen. Weitere Infos &amp; Hinweise finden Sie in unseren AGBs. Wir empfehlen Ihnen, vor der Abgabe von Geboten \u00fcber die Zoomfunktion eine Besichtigung \/ genaue Pr\u00fcfung des angebotenen Whiskys vorzunehmen. Bitte kontaktieren sie uns bei Fragen direkt unter info@dramfolks.com<\/p>\n","protected":false},"excerpt":{"rendered":"<p>Destille: Johnnie Walker John Walker &amp; Sons, eine Tochtergesellschaft des Getr\u00e4nkegiganten Diageo, blickt auf eine reiche Geschichte zur\u00fcck, die bis zum Beginn des 19.Jahrhunderts zur\u00fcckreicht. Als Gr\u00fcnder und Sch\u00f6pfer des Johnnie Walker-Blends, der heute der wichtigste Scotch im Portfolio des Eigent\u00fcmers ist, beh\u00e4lt John Walker &amp; Sons einen Kernplatz in der Unternehmensstruktur von Diageo, dessen[&#8230;]\n","protected":false},"featured_media":946,"comment_status":"closed","ping_status":"closed","template":"","meta":[],"product_brand":[],"product_cat":[80],"product_tag":[],"class_list":{"0":"post-945","1":"product","2":"type-product","3":"status-publish","4":"has-post-thumbnail","6":"product_cat-no-1","8":"first","9":"instock","10":"shipping-taxable","11":"purchasable","12":"product-type-auction"},"yoast_head":"<!-- This site is optimized with the Yoast SEO plugin v27.4 - https:\/\/yoast.com\/product\/yoast-seo-wordpress\/ -->\n<title>Johnnie Walker - Black Label &quot;Millennium Edition&quot; 1999 - Dramfolks Whisky Auction<\/title>\n<meta name=\"robots\" content=\"index, follow, max-snippet:-1, max-image-preview:large, max-video-preview:-1\" \/>\n<link rel=\"canonical\" href=\"https:\/\/www.dramfolks-whisky-auction.com\/fr\/product\/johnnie-walker-black-label-millennium-edition-1999\/\" \/>\n<meta property=\"og:locale\" content=\"fr_FR\" \/>\n<meta property=\"og:type\" content=\"article\" \/>\n<meta property=\"og:title\" content=\"Johnnie Walker - Black Label &quot;Millennium Edition&quot; 1999 - Dramfolks Whisky Auction\" \/>\n<meta property=\"og:description\" content=\"Destille: Johnnie Walker John Walker &amp; Sons, eine Tochtergesellschaft des Getr\u00e4nkegiganten Diageo, blickt auf eine reiche Geschichte zur\u00fcck, die bis zum Beginn des 19.Jahrhunderts zur\u00fcckreicht. Als Gr\u00fcnder und Sch\u00f6pfer des Johnnie Walker-Blends, der heute der wichtigste Scotch im Portfolio des Eigent\u00fcmers ist, beh\u00e4lt John Walker &amp; Sons einen Kernplatz in der Unternehmensstruktur von Diageo, dessen[...]\" \/>\n<meta property=\"og:url\" content=\"https:\/\/www.dramfolks-whisky-auction.com\/fr\/product\/johnnie-walker-black-label-millennium-edition-1999\/\" \/>\n<meta property=\"og:site_name\" content=\"Dramfolks Whisky Auction\" \/>\n<meta property=\"article:modified_time\" content=\"2023-03-25T21:30:30+00:00\" \/>\n<meta property=\"og:image\" content=\"https:\/\/www.dramfolks-whisky-auction.com\/wp-content\/uploads\/2022\/12\/DSC_0131.jpg\" \/>\n\t<meta property=\"og:image:width\" content=\"1750\" \/>\n\t<meta property=\"og:image:height\" content=\"1750\" \/>\n\t<meta property=\"og:image:type\" content=\"image\/jpeg\" \/>\n<meta name=\"twitter:card\" content=\"summary_large_image\" \/>\n<meta name=\"twitter:label1\" content=\"Dur\u00e9e de lecture estim\u00e9e\" \/>\n\t<meta name=\"twitter:data1\" content=\"2 minutes\" \/>\n<script type=\"application\/ld+json\" class=\"yoast-schema-graph\">{\"@context\":\"https:\\\/\\\/schema.org\",\"@graph\":[{\"@type\":\"WebPage\",\"@id\":\"https:\\\/\\\/www.dramfolks-whisky-auction.com\\\/fr\\\/product\\\/johnnie-walker-black-label-millennium-edition-1999\\\/\",\"url\":\"https:\\\/\\\/www.dramfolks-whisky-auction.com\\\/fr\\\/product\\\/johnnie-walker-black-label-millennium-edition-1999\\\/\",\"name\":\"Johnnie Walker - Black Label \\\"Millennium Edition\\\" 1999 - Dramfolks Whisky Auction\",\"isPartOf\":{\"@id\":\"https:\\\/\\\/www.dramfolks-whisky-auction.com\\\/fr\\\/#website\"},\"primaryImageOfPage\":{\"@id\":\"https:\\\/\\\/www.dramfolks-whisky-auction.com\\\/fr\\\/product\\\/johnnie-walker-black-label-millennium-edition-1999\\\/#primaryimage\"},\"image\":{\"@id\":\"https:\\\/\\\/www.dramfolks-whisky-auction.com\\\/fr\\\/product\\\/johnnie-walker-black-label-millennium-edition-1999\\\/#primaryimage\"},\"thumbnailUrl\":\"https:\\\/\\\/www.dramfolks-whisky-auction.com\\\/wp-content\\\/uploads\\\/2022\\\/12\\\/DSC_0131.jpg\",\"datePublished\":\"2022-12-08T08:49:52+00:00\",\"dateModified\":\"2023-03-25T21:30:30+00:00\",\"breadcrumb\":{\"@id\":\"https:\\\/\\\/www.dramfolks-whisky-auction.com\\\/fr\\\/product\\\/johnnie-walker-black-label-millennium-edition-1999\\\/#breadcrumb\"},\"inLanguage\":\"fr-FR\",\"potentialAction\":[{\"@type\":\"ReadAction\",\"target\":[\"https:\\\/\\\/www.dramfolks-whisky-auction.com\\\/fr\\\/product\\\/johnnie-walker-black-label-millennium-edition-1999\\\/\"]}]},{\"@type\":\"ImageObject\",\"inLanguage\":\"fr-FR\",\"@id\":\"https:\\\/\\\/www.dramfolks-whisky-auction.com\\\/fr\\\/product\\\/johnnie-walker-black-label-millennium-edition-1999\\\/#primaryimage\",\"url\":\"https:\\\/\\\/www.dramfolks-whisky-auction.com\\\/wp-content\\\/uploads\\\/2022\\\/12\\\/DSC_0131.jpg\",\"contentUrl\":\"https:\\\/\\\/www.dramfolks-whisky-auction.com\\\/wp-content\\\/uploads\\\/2022\\\/12\\\/DSC_0131.jpg\",\"width\":1750,\"height\":1750},{\"@type\":\"BreadcrumbList\",\"@id\":\"https:\\\/\\\/www.dramfolks-whisky-auction.com\\\/fr\\\/product\\\/johnnie-walker-black-label-millennium-edition-1999\\\/#breadcrumb\",\"itemListElement\":[{\"@type\":\"ListItem\",\"position\":1,\"name\":\"Startseite\",\"item\":\"https:\\\/\\\/www.dramfolks-whisky-auction.com\\\/fr\\\/\"},{\"@type\":\"ListItem\",\"position\":2,\"name\":\"Boutique\",\"item\":\"https:\\\/\\\/www.dramfolks-whisky-auction.com\\\/fr\\\/boutique\\\/\"},{\"@type\":\"ListItem\",\"position\":3,\"name\":\"Johnnie Walker &#8211; Black Label &#8222;Millennium Edition&#8220; 1999\"}]},{\"@type\":\"WebSite\",\"@id\":\"https:\\\/\\\/www.dramfolks-whisky-auction.com\\\/fr\\\/#website\",\"url\":\"https:\\\/\\\/www.dramfolks-whisky-auction.com\\\/fr\\\/\",\"name\":\"Dramfolks Whisky Auction\",\"description\":\"\",\"potentialAction\":[{\"@type\":\"SearchAction\",\"target\":{\"@type\":\"EntryPoint\",\"urlTemplate\":\"https:\\\/\\\/www.dramfolks-whisky-auction.com\\\/fr\\\/?s={search_term_string}\"},\"query-input\":{\"@type\":\"PropertyValueSpecification\",\"valueRequired\":true,\"valueName\":\"search_term_string\"}}],\"inLanguage\":\"fr-FR\"}]}<\/script>\n<!-- \/ Yoast SEO plugin. -->","yoast_head_json":{"title":"Johnnie Walker - Black Label \"Millennium Edition\" 1999 - Dramfolks Whisky Auction","robots":{"index":"index","follow":"follow","max-snippet":"max-snippet:-1","max-image-preview":"max-image-preview:large","max-video-preview":"max-video-preview:-1"},"canonical":"https:\/\/www.dramfolks-whisky-auction.com\/fr\/product\/johnnie-walker-black-label-millennium-edition-1999\/","og_locale":"fr_FR","og_type":"article","og_title":"Johnnie Walker - Black Label \"Millennium Edition\" 1999 - Dramfolks Whisky Auction","og_description":"Destille: Johnnie Walker John Walker &amp; Sons, eine Tochtergesellschaft des Getr\u00e4nkegiganten Diageo, blickt auf eine reiche Geschichte zur\u00fcck, die bis zum Beginn des 19.Jahrhunderts zur\u00fcckreicht. Als Gr\u00fcnder und Sch\u00f6pfer des Johnnie Walker-Blends, der heute der wichtigste Scotch im Portfolio des Eigent\u00fcmers ist, beh\u00e4lt John Walker &amp; Sons einen Kernplatz in der Unternehmensstruktur von Diageo, dessen[...]","og_url":"https:\/\/www.dramfolks-whisky-auction.com\/fr\/product\/johnnie-walker-black-label-millennium-edition-1999\/","og_site_name":"Dramfolks Whisky Auction","article_modified_time":"2023-03-25T21:30:30+00:00","og_image":[{"width":1750,"height":1750,"url":"https:\/\/www.dramfolks-whisky-auction.com\/wp-content\/uploads\/2022\/12\/DSC_0131.jpg","type":"image\/jpeg"}],"twitter_card":"summary_large_image","twitter_misc":{"Dur\u00e9e de lecture estim\u00e9e":"2 minutes"},"schema":{"@context":"https:\/\/schema.org","@graph":[{"@type":"WebPage","@id":"https:\/\/www.dramfolks-whisky-auction.com\/fr\/product\/johnnie-walker-black-label-millennium-edition-1999\/","url":"https:\/\/www.dramfolks-whisky-auction.com\/fr\/product\/johnnie-walker-black-label-millennium-edition-1999\/","name":"Johnnie Walker - Black Label \"Millennium Edition\" 1999 - Dramfolks Whisky Auction","isPartOf":{"@id":"https:\/\/www.dramfolks-whisky-auction.com\/fr\/#website"},"primaryImageOfPage":{"@id":"https:\/\/www.dramfolks-whisky-auction.com\/fr\/product\/johnnie-walker-black-label-millennium-edition-1999\/#primaryimage"},"image":{"@id":"https:\/\/www.dramfolks-whisky-auction.com\/fr\/product\/johnnie-walker-black-label-millennium-edition-1999\/#primaryimage"},"thumbnailUrl":"https:\/\/www.dramfolks-whisky-auction.com\/wp-content\/uploads\/2022\/12\/DSC_0131.jpg","datePublished":"2022-12-08T08:49:52+00:00","dateModified":"2023-03-25T21:30:30+00:00","breadcrumb":{"@id":"https:\/\/www.dramfolks-whisky-auction.com\/fr\/product\/johnnie-walker-black-label-millennium-edition-1999\/#breadcrumb"},"inLanguage":"fr-FR","potentialAction":[{"@type":"ReadAction","target":["https:\/\/www.dramfolks-whisky-auction.com\/fr\/product\/johnnie-walker-black-label-millennium-edition-1999\/"]}]},{"@type":"ImageObject","inLanguage":"fr-FR","@id":"https:\/\/www.dramfolks-whisky-auction.com\/fr\/product\/johnnie-walker-black-label-millennium-edition-1999\/#primaryimage","url":"https:\/\/www.dramfolks-whisky-auction.com\/wp-content\/uploads\/2022\/12\/DSC_0131.jpg","contentUrl":"https:\/\/www.dramfolks-whisky-auction.com\/wp-content\/uploads\/2022\/12\/DSC_0131.jpg","width":1750,"height":1750},{"@type":"BreadcrumbList","@id":"https:\/\/www.dramfolks-whisky-auction.com\/fr\/product\/johnnie-walker-black-label-millennium-edition-1999\/#breadcrumb","itemListElement":[{"@type":"ListItem","position":1,"name":"Startseite","item":"https:\/\/www.dramfolks-whisky-auction.com\/fr\/"},{"@type":"ListItem","position":2,"name":"Boutique","item":"https:\/\/www.dramfolks-whisky-auction.com\/fr\/boutique\/"},{"@type":"ListItem","position":3,"name":"Johnnie Walker &#8211; Black Label &#8222;Millennium Edition&#8220; 1999"}]},{"@type":"WebSite","@id":"https:\/\/www.dramfolks-whisky-auction.com\/fr\/#website","url":"https:\/\/www.dramfolks-whisky-auction.com\/fr\/","name":"Dramfolks Whisky Auction","description":"","potentialAction":[{"@type":"SearchAction","target":{"@type":"EntryPoint","urlTemplate":"https:\/\/www.dramfolks-whisky-auction.com\/fr\/?s={search_term_string}"},"query-input":{"@type":"PropertyValueSpecification","valueRequired":true,"valueName":"search_term_string"}}],"inLanguage":"fr-FR"}]}},"_links":{"self":[{"href":"https:\/\/www.dramfolks-whisky-auction.com\/fr\/wp-json\/wp\/v2\/product\/945","targetHints":{"allow":["GET"]}}],"collection":[{"href":"https:\/\/www.dramfolks-whisky-auction.com\/fr\/wp-json\/wp\/v2\/product"}],"about":[{"href":"https:\/\/www.dramfolks-whisky-auction.com\/fr\/wp-json\/wp\/v2\/types\/product"}],"replies":[{"embeddable":true,"href":"https:\/\/www.dramfolks-whisky-auction.com\/fr\/wp-json\/wp\/v2\/comments?post=945"}],"wp:featuredmedia":[{"embeddable":true,"href":"https:\/\/www.dramfolks-whisky-auction.com\/fr\/wp-json\/wp\/v2\/media\/946"}],"wp:attachment":[{"href":"https:\/\/www.dramfolks-whisky-auction.com\/fr\/wp-json\/wp\/v2\/media?parent=945"}],"wp:term":[{"taxonomy":"product_brand","embeddable":true,"href":"https:\/\/www.dramfolks-whisky-auction.com\/fr\/wp-json\/wp\/v2\/product_brand?post=945"},{"taxonomy":"product_cat","embeddable":true,"href":"https:\/\/www.dramfolks-whisky-auction.com\/fr\/wp-json\/wp\/v2\/product_cat?post=945"},{"taxonomy":"product_tag","embeddable":true,"href":"https:\/\/www.dramfolks-whisky-auction.com\/fr\/wp-json\/wp\/v2\/product_tag?post=945"}],"curies":[{"name":"wp","href":"https:\/\/api.w.org\/{rel}","templated":true}]}}