{"id":936,"date":"2022-12-07T14:19:32","date_gmt":"2022-12-07T13:19:32","guid":{"rendered":"https:\/\/www.dramfolks-whisky-auction.com\/?post_type=product&#038;p=936"},"modified":"2023-03-25T20:17:32","modified_gmt":"2023-03-25T19:17:32","slug":"torabhaig-the-legacy-series-the-inaugural-release","status":"publish","type":"product","link":"https:\/\/www.dramfolks-whisky-auction.com\/fr\/product\/torabhaig-the-legacy-series-the-inaugural-release\/","title":{"rendered":"Torabhaig &#8211; The Legacy Series &#8211; The Inaugural Release"},"content":{"rendered":"<p><strong>Destille: Torabhaig<\/strong><br \/>\nTorabhaig ist eine Destillerie f\u00fcr Whisky in Teangue auf der Insel Skye. Es ist erst die zweite, auf Skye lizenzierte Destillerie nach der Gr\u00fcndung von Talisker 1830. Die Planung der Destillerie unter ihrem damaligen Besitzer Sir Iain Noble wurde 2002 genehmigt. Nach seinem Tod wurde sie von Mossburn Distillers \u00fcbernommen, einem Tochterunternehmen von Marussia Beverages BV. Das aktuelle, j\u00e4hrliche Produktionsvolumen betr\u00e4gt 500.000 Liter.<\/p>\n<p><strong>Fun fact:<\/strong> 2019 adoptierte die Destillerie eine Ziege namens \u201eGoaty\u201c (goat ist das englische Wort f\u00fcr Ziege) als ihr offizielles Maskottchen.<\/p>\n<p><strong>Whisky\/Whiskey: The Legacy Series &#8211; The Inaugural Release<\/strong><br \/>\nDer erste selbstgebrannte Whisky &#8211; es ist nat\u00fcrlich ein Single Malt &#8211; kommt mit einer Batchgr\u00f6\u00dfe von 32.000 Flaschen daher. Torabhaig hat f\u00fcr diesen Inaugural Release ausschlie\u00dflich First-Fill-Bourbonf\u00e4ssern gew\u00e4hlt, was dem Whisky ein intensives, w\u00fcrziges und fruchtiges Aroma verleiht. Der Whisky ist jung, aber die Jugend macht sich nicht unangenehm bemerkbar. Im Gegenteil, die Rauchigkeit des Whiskys stuft die Brennerei als \u201ewell-tempered\u201c ein, was hier bestens zutrifft.<\/p>\n<p><strong>Info Qualit\u00e4t der Flasche:<\/strong> Excellent ohne Besch\u00e4digungen \/ <strong>F\u00fcllstand:<\/strong> Into Neck<br \/>\n<strong>Info Qualit\u00e4t der Box:<\/strong> Very good &#8211; mit einem winzigen kleinen Knickstrich auf der vorderen Seite oben rechts (siehe Bild Vorderseite)<\/p>\n<p><strong>Wichtiger Hinweis:<\/strong> Die Bewertung der Flaschen und Boxen erfolgt nach \u201ebesten Wissen und Gewissen\u201c. dramfolks kann keine Gew\u00e4hrleistung f\u00fcr den Inhalt der Flaschen \u00fcbernehmen. Weitere Infos &amp; Hinweise finden Sie in unseren AGBs. Wir empfehlen Ihnen, vor der Abgabe von Geboten \u00fcber die Zoomfunktion eine Besichtigung \/ genaue Pr\u00fcfung des angebotenen Whiskys vorzunehmen. Bitte kontaktieren sie uns bei Fragen direkt unter info@dramfolks.com<\/p>\n","protected":false},"excerpt":{"rendered":"<p>Destille: Torabhaig Torabhaig ist eine Destillerie f\u00fcr Whisky in Teangue auf der Insel Skye. Es ist erst die zweite, auf Skye lizenzierte Destillerie nach der Gr\u00fcndung von Talisker 1830. Die Planung der Destillerie unter ihrem damaligen Besitzer Sir Iain Noble wurde 2002 genehmigt. Nach seinem Tod wurde sie von Mossburn Distillers \u00fcbernommen, einem Tochterunternehmen von[&#8230;]\n","protected":false},"featured_media":1037,"comment_status":"closed","ping_status":"closed","template":"","meta":[],"product_brand":[],"product_cat":[80],"product_tag":[],"class_list":{"0":"post-936","1":"product","2":"type-product","3":"status-publish","4":"has-post-thumbnail","6":"product_cat-no-1","8":"first","9":"instock","10":"shipping-taxable","11":"purchasable","12":"product-type-auction"},"yoast_head":"<!-- This site is optimized with the Yoast SEO plugin v27.4 - https:\/\/yoast.com\/product\/yoast-seo-wordpress\/ -->\n<title>Torabhaig - The Legacy Series - The Inaugural Release - Dramfolks Whisky Auction<\/title>\n<meta name=\"robots\" content=\"index, follow, max-snippet:-1, max-image-preview:large, max-video-preview:-1\" \/>\n<link rel=\"canonical\" href=\"https:\/\/www.dramfolks-whisky-auction.com\/fr\/product\/torabhaig-the-legacy-series-the-inaugural-release\/\" \/>\n<meta property=\"og:locale\" content=\"fr_FR\" \/>\n<meta property=\"og:type\" content=\"article\" \/>\n<meta property=\"og:title\" content=\"Torabhaig - The Legacy Series - The Inaugural Release - Dramfolks Whisky Auction\" \/>\n<meta property=\"og:description\" content=\"Destille: Torabhaig Torabhaig ist eine Destillerie f\u00fcr Whisky in Teangue auf der Insel Skye. Es ist erst die zweite, auf Skye lizenzierte Destillerie nach der Gr\u00fcndung von Talisker 1830. Die Planung der Destillerie unter ihrem damaligen Besitzer Sir Iain Noble wurde 2002 genehmigt. Nach seinem Tod wurde sie von Mossburn Distillers \u00fcbernommen, einem Tochterunternehmen von[...]\" \/>\n<meta property=\"og:url\" content=\"https:\/\/www.dramfolks-whisky-auction.com\/fr\/product\/torabhaig-the-legacy-series-the-inaugural-release\/\" \/>\n<meta property=\"og:site_name\" content=\"Dramfolks Whisky Auction\" \/>\n<meta property=\"article:modified_time\" content=\"2023-03-25T19:17:32+00:00\" \/>\n<meta property=\"og:image\" content=\"https:\/\/www.dramfolks-whisky-auction.com\/wp-content\/uploads\/2022\/12\/Torabhaig-Inaugural-vorne-scaled.jpg\" \/>\n\t<meta property=\"og:image:width\" content=\"2560\" \/>\n\t<meta property=\"og:image:height\" content=\"2560\" \/>\n\t<meta property=\"og:image:type\" content=\"image\/jpeg\" \/>\n<meta name=\"twitter:card\" content=\"summary_large_image\" \/>\n<meta name=\"twitter:label1\" content=\"Dur\u00e9e de lecture estim\u00e9e\" \/>\n\t<meta name=\"twitter:data1\" content=\"2 minutes\" \/>\n<script type=\"application\/ld+json\" class=\"yoast-schema-graph\">{\"@context\":\"https:\\\/\\\/schema.org\",\"@graph\":[{\"@type\":\"WebPage\",\"@id\":\"https:\\\/\\\/www.dramfolks-whisky-auction.com\\\/fr\\\/product\\\/torabhaig-the-legacy-series-the-inaugural-release\\\/\",\"url\":\"https:\\\/\\\/www.dramfolks-whisky-auction.com\\\/fr\\\/product\\\/torabhaig-the-legacy-series-the-inaugural-release\\\/\",\"name\":\"Torabhaig - The Legacy Series - The Inaugural Release - Dramfolks Whisky Auction\",\"isPartOf\":{\"@id\":\"https:\\\/\\\/www.dramfolks-whisky-auction.com\\\/fr\\\/#website\"},\"primaryImageOfPage\":{\"@id\":\"https:\\\/\\\/www.dramfolks-whisky-auction.com\\\/fr\\\/product\\\/torabhaig-the-legacy-series-the-inaugural-release\\\/#primaryimage\"},\"image\":{\"@id\":\"https:\\\/\\\/www.dramfolks-whisky-auction.com\\\/fr\\\/product\\\/torabhaig-the-legacy-series-the-inaugural-release\\\/#primaryimage\"},\"thumbnailUrl\":\"https:\\\/\\\/www.dramfolks-whisky-auction.com\\\/wp-content\\\/uploads\\\/2022\\\/12\\\/Torabhaig-Inaugural-vorne-scaled.jpg\",\"datePublished\":\"2022-12-07T13:19:32+00:00\",\"dateModified\":\"2023-03-25T19:17:32+00:00\",\"breadcrumb\":{\"@id\":\"https:\\\/\\\/www.dramfolks-whisky-auction.com\\\/fr\\\/product\\\/torabhaig-the-legacy-series-the-inaugural-release\\\/#breadcrumb\"},\"inLanguage\":\"fr-FR\",\"potentialAction\":[{\"@type\":\"ReadAction\",\"target\":[\"https:\\\/\\\/www.dramfolks-whisky-auction.com\\\/fr\\\/product\\\/torabhaig-the-legacy-series-the-inaugural-release\\\/\"]}]},{\"@type\":\"ImageObject\",\"inLanguage\":\"fr-FR\",\"@id\":\"https:\\\/\\\/www.dramfolks-whisky-auction.com\\\/fr\\\/product\\\/torabhaig-the-legacy-series-the-inaugural-release\\\/#primaryimage\",\"url\":\"https:\\\/\\\/www.dramfolks-whisky-auction.com\\\/wp-content\\\/uploads\\\/2022\\\/12\\\/Torabhaig-Inaugural-vorne-scaled.jpg\",\"contentUrl\":\"https:\\\/\\\/www.dramfolks-whisky-auction.com\\\/wp-content\\\/uploads\\\/2022\\\/12\\\/Torabhaig-Inaugural-vorne-scaled.jpg\",\"width\":2560,\"height\":2560},{\"@type\":\"BreadcrumbList\",\"@id\":\"https:\\\/\\\/www.dramfolks-whisky-auction.com\\\/fr\\\/product\\\/torabhaig-the-legacy-series-the-inaugural-release\\\/#breadcrumb\",\"itemListElement\":[{\"@type\":\"ListItem\",\"position\":1,\"name\":\"Startseite\",\"item\":\"https:\\\/\\\/www.dramfolks-whisky-auction.com\\\/fr\\\/\"},{\"@type\":\"ListItem\",\"position\":2,\"name\":\"Boutique\",\"item\":\"https:\\\/\\\/www.dramfolks-whisky-auction.com\\\/fr\\\/boutique\\\/\"},{\"@type\":\"ListItem\",\"position\":3,\"name\":\"Torabhaig &#8211; The Legacy Series &#8211; The Inaugural Release\"}]},{\"@type\":\"WebSite\",\"@id\":\"https:\\\/\\\/www.dramfolks-whisky-auction.com\\\/fr\\\/#website\",\"url\":\"https:\\\/\\\/www.dramfolks-whisky-auction.com\\\/fr\\\/\",\"name\":\"Dramfolks Whisky Auction\",\"description\":\"\",\"potentialAction\":[{\"@type\":\"SearchAction\",\"target\":{\"@type\":\"EntryPoint\",\"urlTemplate\":\"https:\\\/\\\/www.dramfolks-whisky-auction.com\\\/fr\\\/?s={search_term_string}\"},\"query-input\":{\"@type\":\"PropertyValueSpecification\",\"valueRequired\":true,\"valueName\":\"search_term_string\"}}],\"inLanguage\":\"fr-FR\"}]}<\/script>\n<!-- \/ Yoast SEO plugin. -->","yoast_head_json":{"title":"Torabhaig - The Legacy Series - The Inaugural Release - Dramfolks Whisky Auction","robots":{"index":"index","follow":"follow","max-snippet":"max-snippet:-1","max-image-preview":"max-image-preview:large","max-video-preview":"max-video-preview:-1"},"canonical":"https:\/\/www.dramfolks-whisky-auction.com\/fr\/product\/torabhaig-the-legacy-series-the-inaugural-release\/","og_locale":"fr_FR","og_type":"article","og_title":"Torabhaig - The Legacy Series - The Inaugural Release - Dramfolks Whisky Auction","og_description":"Destille: Torabhaig Torabhaig ist eine Destillerie f\u00fcr Whisky in Teangue auf der Insel Skye. Es ist erst die zweite, auf Skye lizenzierte Destillerie nach der Gr\u00fcndung von Talisker 1830. Die Planung der Destillerie unter ihrem damaligen Besitzer Sir Iain Noble wurde 2002 genehmigt. Nach seinem Tod wurde sie von Mossburn Distillers \u00fcbernommen, einem Tochterunternehmen von[...]","og_url":"https:\/\/www.dramfolks-whisky-auction.com\/fr\/product\/torabhaig-the-legacy-series-the-inaugural-release\/","og_site_name":"Dramfolks Whisky Auction","article_modified_time":"2023-03-25T19:17:32+00:00","og_image":[{"width":2560,"height":2560,"url":"https:\/\/www.dramfolks-whisky-auction.com\/wp-content\/uploads\/2022\/12\/Torabhaig-Inaugural-vorne-scaled.jpg","type":"image\/jpeg"}],"twitter_card":"summary_large_image","twitter_misc":{"Dur\u00e9e de lecture estim\u00e9e":"2 minutes"},"schema":{"@context":"https:\/\/schema.org","@graph":[{"@type":"WebPage","@id":"https:\/\/www.dramfolks-whisky-auction.com\/fr\/product\/torabhaig-the-legacy-series-the-inaugural-release\/","url":"https:\/\/www.dramfolks-whisky-auction.com\/fr\/product\/torabhaig-the-legacy-series-the-inaugural-release\/","name":"Torabhaig - The Legacy Series - The Inaugural Release - Dramfolks Whisky Auction","isPartOf":{"@id":"https:\/\/www.dramfolks-whisky-auction.com\/fr\/#website"},"primaryImageOfPage":{"@id":"https:\/\/www.dramfolks-whisky-auction.com\/fr\/product\/torabhaig-the-legacy-series-the-inaugural-release\/#primaryimage"},"image":{"@id":"https:\/\/www.dramfolks-whisky-auction.com\/fr\/product\/torabhaig-the-legacy-series-the-inaugural-release\/#primaryimage"},"thumbnailUrl":"https:\/\/www.dramfolks-whisky-auction.com\/wp-content\/uploads\/2022\/12\/Torabhaig-Inaugural-vorne-scaled.jpg","datePublished":"2022-12-07T13:19:32+00:00","dateModified":"2023-03-25T19:17:32+00:00","breadcrumb":{"@id":"https:\/\/www.dramfolks-whisky-auction.com\/fr\/product\/torabhaig-the-legacy-series-the-inaugural-release\/#breadcrumb"},"inLanguage":"fr-FR","potentialAction":[{"@type":"ReadAction","target":["https:\/\/www.dramfolks-whisky-auction.com\/fr\/product\/torabhaig-the-legacy-series-the-inaugural-release\/"]}]},{"@type":"ImageObject","inLanguage":"fr-FR","@id":"https:\/\/www.dramfolks-whisky-auction.com\/fr\/product\/torabhaig-the-legacy-series-the-inaugural-release\/#primaryimage","url":"https:\/\/www.dramfolks-whisky-auction.com\/wp-content\/uploads\/2022\/12\/Torabhaig-Inaugural-vorne-scaled.jpg","contentUrl":"https:\/\/www.dramfolks-whisky-auction.com\/wp-content\/uploads\/2022\/12\/Torabhaig-Inaugural-vorne-scaled.jpg","width":2560,"height":2560},{"@type":"BreadcrumbList","@id":"https:\/\/www.dramfolks-whisky-auction.com\/fr\/product\/torabhaig-the-legacy-series-the-inaugural-release\/#breadcrumb","itemListElement":[{"@type":"ListItem","position":1,"name":"Startseite","item":"https:\/\/www.dramfolks-whisky-auction.com\/fr\/"},{"@type":"ListItem","position":2,"name":"Boutique","item":"https:\/\/www.dramfolks-whisky-auction.com\/fr\/boutique\/"},{"@type":"ListItem","position":3,"name":"Torabhaig &#8211; The Legacy Series &#8211; The Inaugural Release"}]},{"@type":"WebSite","@id":"https:\/\/www.dramfolks-whisky-auction.com\/fr\/#website","url":"https:\/\/www.dramfolks-whisky-auction.com\/fr\/","name":"Dramfolks Whisky Auction","description":"","potentialAction":[{"@type":"SearchAction","target":{"@type":"EntryPoint","urlTemplate":"https:\/\/www.dramfolks-whisky-auction.com\/fr\/?s={search_term_string}"},"query-input":{"@type":"PropertyValueSpecification","valueRequired":true,"valueName":"search_term_string"}}],"inLanguage":"fr-FR"}]}},"_links":{"self":[{"href":"https:\/\/www.dramfolks-whisky-auction.com\/fr\/wp-json\/wp\/v2\/product\/936","targetHints":{"allow":["GET"]}}],"collection":[{"href":"https:\/\/www.dramfolks-whisky-auction.com\/fr\/wp-json\/wp\/v2\/product"}],"about":[{"href":"https:\/\/www.dramfolks-whisky-auction.com\/fr\/wp-json\/wp\/v2\/types\/product"}],"replies":[{"embeddable":true,"href":"https:\/\/www.dramfolks-whisky-auction.com\/fr\/wp-json\/wp\/v2\/comments?post=936"}],"wp:featuredmedia":[{"embeddable":true,"href":"https:\/\/www.dramfolks-whisky-auction.com\/fr\/wp-json\/wp\/v2\/media\/1037"}],"wp:attachment":[{"href":"https:\/\/www.dramfolks-whisky-auction.com\/fr\/wp-json\/wp\/v2\/media?parent=936"}],"wp:term":[{"taxonomy":"product_brand","embeddable":true,"href":"https:\/\/www.dramfolks-whisky-auction.com\/fr\/wp-json\/wp\/v2\/product_brand?post=936"},{"taxonomy":"product_cat","embeddable":true,"href":"https:\/\/www.dramfolks-whisky-auction.com\/fr\/wp-json\/wp\/v2\/product_cat?post=936"},{"taxonomy":"product_tag","embeddable":true,"href":"https:\/\/www.dramfolks-whisky-auction.com\/fr\/wp-json\/wp\/v2\/product_tag?post=936"}],"curies":[{"name":"wp","href":"https:\/\/api.w.org\/{rel}","templated":true}]}}