{"id":846651,"date":"2024-11-08T08:51:00","date_gmt":"2024-11-08T07:51:00","guid":{"rendered":"https:\/\/www.dramfolks-whisky-auction.com\/?post_type=product&#038;p=846651"},"modified":"2024-11-24T19:00:18","modified_gmt":"2024-11-24T18:00:18","slug":"jameson-signature-selection-reserve-original-9","status":"publish","type":"product","link":"https:\/\/www.dramfolks-whisky-auction.com\/fr\/product\/jameson-signature-selection-reserve-original-9\/","title":{"rendered":"Jameson &#8211; Signature Selection Reserve &#038; Original"},"content":{"rendered":"<p><strong>Destille: Jameson<br \/>\n<\/strong>Jameson ist eine irische Whiskey-Marke. Die gleichnamige Destillerie wurde von John Jameson im Jahr 1780 in Dublin gegr\u00fcndet und bis 1971 wurde in der Bow Street (Smithfield Village) destilliert. Heute kann man in Dublin nur noch die Schaubrennereien von Old Jameson besichtigen, produziert wird in Midleton. Jameson geh\u00f6rt zu den weltweit bekanntesten (irischen) Whiskey-Marken. Nach den gro\u00dfen \u00ab\u00a0Whiskey-Krisen\u00a0\u00bb in den USA und UK schloss sich im Jahre 1966 Jameson-Irish-Whiskey mit den letzten verbliebenen Destillerien der Republik Irland, n\u00e4mlich Power&rsquo;s (John Power &amp; Son) und Cork Distilleries, zur Irish Distillers (Group) zusammen. 1975 er\u00f6ffnete diese Gruppe in Midleton, Cork, eine damalig auf dem technisch neuestem Stand befindliche Destillerie. Seit 1988 geh\u00f6rt die Irish Distillers Limited zum franz\u00f6sischen Pernod-Ricard-Konzern.<\/p>\n<p><strong>Fun Fakt:<\/strong> Gr\u00fcnder John Jameson war eigentlich ein Schotte&#8230; John Jameson wurde 1740 in Alloa, Schottland, geboren und urspr\u00fcnglich von der Familie seiner zuk\u00fcnftigen Frau als General Manager bei Dubliner Bow Street Distillery eingestellt. Dort lernte er Margaret Haig kennen, deren Cousins 1780 die Dubliner Bow Street Distillery mit John Jameson gr\u00fcndeten.<\/p>\n<p><strong>Whisky\/Whiskey: Signature Selection Reserve &amp; Original<br \/>\n<\/strong><\/p>\n<p class=\"Text\"><strong>Jameson Signature Reserve<br \/>\n<\/strong>Ein geblendeter Whiskey mit einem sehr hohen pot-s<span lang=\"SV\">till<\/span>-Anteil und der Kombination verschiedener Lagerungsmethoden, wie<span lang=\"IT\"> Oloroso<\/span>sherry- und Bourbonf\u00e4ssern. Diese Verbindung der einzelnen Komponenten,<span lang=\"NL\"> macht <\/span>den Jameson zu einem au\u00dfergew\u00f6hnlichen Irish Whiskey. An der Nase entwickelt sich ein \u00fcberwiegend\u00a0s\u00fc\u00dfer Grundton der durch florale Highlights bestimmt wird. Dazu gesellen sich eine Vielzahl verschiedener Gew\u00fcrze. Ein Hauch von getrockneten Fr\u00fc<span lang=\"NL\">chten<\/span> unterstreicht die nussigen Nuancen. Heidehonig und Gew\u00fcrze, die mit feiner Vanille und verschiedenen Fr\u00fcchten kombiniert werden, sind die wesentlichen Geschmackstr\u00e4ger im einzigartigen Whiskey. Der Abgang ist langanhaltend und etwas w\u00e4rmend.<\/p>\n<p class=\"Text\"><strong><span class=\"Ohne\">Jameson Original Irish Whiskey<br \/>\n<\/span><\/strong>Der vielschichtige Jameson Original ist ein milder und sehr zeitloser Blend aus feinen, dreifach destillierten pot-still und Grain Whiskeys, die mindestens 4 Jahre in F\u00e4<span lang=\"DA\">ssern <\/span>ruhen konnten. Er passt perfekt zu fast jedem Anlass und begeistert seit langer Zeit eine breite Fangemeinde, weshalb die gr\u00fcne Flasche nahezu einen Kultstatus erlangt hat. An der Nase tritt ein leichtes, florales Aroma mit lebhaft, w\u00fcrzig-s\u00fc\u00dfen Holznoten auf das Parkett. Geschmacklich zeigt sich eine\u00a0perfekt ausbalancierte Gew\u00fcrz- und Nussnote. Die wiederum erhalten Unterst\u00fctzung von s\u00fc\u00dfen Vanillet\u00f6nen, die mit einem Hauch von S\u00fc\u00dfkirsche gepaart<span lang=\"NL\"> werden. Au<\/span>\u00dferordentlich mild am Gaumen.<\/p>\n<p><strong>Info Qualit\u00e4t der Flaschen:<\/strong> Exzellent ohne Besch\u00e4digungen \/ <strong>F\u00fcllstand:<\/strong> Into neck<br \/>\n<strong>Info Qualit\u00e4t der Box:<\/strong> Exzellent ohne Besch\u00e4digungen<\/p>\n<p><strong>Wichtiger Hinweis:<\/strong> Die Bewertung der Flaschen und Boxen erfolgt nach \u201ebesten Wissen und Gewissen\u201c. dramfolks kann keine Gew\u00e4hrleistung f\u00fcr den Inhalt der Flaschen \u00fcbernehmen. Weitere Infos &amp; Hinweise finden Sie in unseren AGBs. Wir empfehlen Ihnen, vor der Abgabe von Geboten \u00fcber die Zoomfunktion eine Besichtigung \/ genaue Pr\u00fcfung des angebotenen Whiskys vorzunehmen. Bitte kontaktieren sie uns bei Fragen direkt unter info@dramfolks.com<\/p>\n","protected":false},"excerpt":{"rendered":"<p>Destille: Jameson Jameson ist eine irische Whiskey-Marke. Die gleichnamige Destillerie wurde von John Jameson im Jahr 1780 in Dublin gegr\u00fcndet und bis 1971 wurde in der Bow Street (Smithfield Village) destilliert. Heute kann man in Dublin nur noch die Schaubrennereien von Old Jameson besichtigen, produziert wird in Midleton. Jameson geh\u00f6rt zu den weltweit bekanntesten (irischen)[&#8230;]\n","protected":false},"featured_media":4205,"comment_status":"closed","ping_status":"closed","template":"","meta":[],"product_brand":[],"product_cat":[981],"product_tag":[],"class_list":{"0":"post-846651","1":"product","2":"type-product","3":"status-publish","4":"has-post-thumbnail","6":"product_cat-no-14","8":"first","9":"instock","10":"shipping-taxable","11":"purchasable","12":"product-type-auction"},"yoast_head":"<!-- This site is optimized with the Yoast SEO plugin v27.0 - https:\/\/yoast.com\/product\/yoast-seo-wordpress\/ -->\n<title>Jameson - Signature Selection Reserve &amp; Original - Dramfolks Whisky Auction<\/title>\n<meta name=\"robots\" content=\"index, follow, max-snippet:-1, max-image-preview:large, max-video-preview:-1\" \/>\n<link rel=\"canonical\" href=\"https:\/\/www.dramfolks-whisky-auction.com\/fr\/product\/jameson-signature-selection-reserve-original-9\/\" \/>\n<meta property=\"og:locale\" content=\"fr_FR\" \/>\n<meta property=\"og:type\" content=\"article\" \/>\n<meta property=\"og:title\" content=\"Jameson - Signature Selection Reserve &amp; Original - Dramfolks Whisky Auction\" \/>\n<meta property=\"og:description\" content=\"Destille: Jameson Jameson ist eine irische Whiskey-Marke. Die gleichnamige Destillerie wurde von John Jameson im Jahr 1780 in Dublin gegr\u00fcndet und bis 1971 wurde in der Bow Street (Smithfield Village) destilliert. Heute kann man in Dublin nur noch die Schaubrennereien von Old Jameson besichtigen, produziert wird in Midleton. Jameson geh\u00f6rt zu den weltweit bekanntesten (irischen)[...]\" \/>\n<meta property=\"og:url\" content=\"https:\/\/www.dramfolks-whisky-auction.com\/fr\/product\/jameson-signature-selection-reserve-original-9\/\" \/>\n<meta property=\"og:site_name\" content=\"Dramfolks Whisky Auction\" \/>\n<meta property=\"article:modified_time\" content=\"2024-11-24T18:00:18+00:00\" \/>\n<meta property=\"og:image\" content=\"https:\/\/www.dramfolks-whisky-auction.com\/wp-content\/uploads\/2023\/11\/Jameson-Pack-vorne-1-scaled.jpg\" \/>\n\t<meta property=\"og:image:width\" content=\"2560\" \/>\n\t<meta property=\"og:image:height\" content=\"2049\" \/>\n\t<meta property=\"og:image:type\" content=\"image\/jpeg\" \/>\n<meta name=\"twitter:card\" content=\"summary_large_image\" \/>\n<meta name=\"twitter:label1\" content=\"Dur\u00e9e de lecture estim\u00e9e\" \/>\n\t<meta name=\"twitter:data1\" content=\"3 minutes\" \/>\n<script type=\"application\/ld+json\" class=\"yoast-schema-graph\">{\"@context\":\"https:\/\/schema.org\",\"@graph\":[{\"@type\":\"WebPage\",\"@id\":\"https:\/\/www.dramfolks-whisky-auction.com\/fr\/product\/jameson-signature-selection-reserve-original-9\/\",\"url\":\"https:\/\/www.dramfolks-whisky-auction.com\/fr\/product\/jameson-signature-selection-reserve-original-9\/\",\"name\":\"Jameson - Signature Selection Reserve & Original - Dramfolks Whisky Auction\",\"isPartOf\":{\"@id\":\"https:\/\/www.dramfolks-whisky-auction.com\/fr\/#website\"},\"primaryImageOfPage\":{\"@id\":\"https:\/\/www.dramfolks-whisky-auction.com\/fr\/product\/jameson-signature-selection-reserve-original-9\/#primaryimage\"},\"image\":{\"@id\":\"https:\/\/www.dramfolks-whisky-auction.com\/fr\/product\/jameson-signature-selection-reserve-original-9\/#primaryimage\"},\"thumbnailUrl\":\"https:\/\/www.dramfolks-whisky-auction.com\/wp-content\/uploads\/2023\/11\/Jameson-Pack-vorne-1-scaled.jpg\",\"datePublished\":\"2024-11-08T07:51:00+00:00\",\"dateModified\":\"2024-11-24T18:00:18+00:00\",\"breadcrumb\":{\"@id\":\"https:\/\/www.dramfolks-whisky-auction.com\/fr\/product\/jameson-signature-selection-reserve-original-9\/#breadcrumb\"},\"inLanguage\":\"fr-FR\",\"potentialAction\":[{\"@type\":\"ReadAction\",\"target\":[\"https:\/\/www.dramfolks-whisky-auction.com\/fr\/product\/jameson-signature-selection-reserve-original-9\/\"]}]},{\"@type\":\"ImageObject\",\"inLanguage\":\"fr-FR\",\"@id\":\"https:\/\/www.dramfolks-whisky-auction.com\/fr\/product\/jameson-signature-selection-reserve-original-9\/#primaryimage\",\"url\":\"https:\/\/www.dramfolks-whisky-auction.com\/wp-content\/uploads\/2023\/11\/Jameson-Pack-vorne-1-scaled.jpg\",\"contentUrl\":\"https:\/\/www.dramfolks-whisky-auction.com\/wp-content\/uploads\/2023\/11\/Jameson-Pack-vorne-1-scaled.jpg\",\"width\":2560,\"height\":2049},{\"@type\":\"BreadcrumbList\",\"@id\":\"https:\/\/www.dramfolks-whisky-auction.com\/fr\/product\/jameson-signature-selection-reserve-original-9\/#breadcrumb\",\"itemListElement\":[{\"@type\":\"ListItem\",\"position\":1,\"name\":\"Startseite\",\"item\":\"https:\/\/www.dramfolks-whisky-auction.com\/fr\/\"},{\"@type\":\"ListItem\",\"position\":2,\"name\":\"Boutique\",\"item\":\"https:\/\/www.dramfolks-whisky-auction.com\/fr\/boutique\/\"},{\"@type\":\"ListItem\",\"position\":3,\"name\":\"Jameson &#8211; Signature Selection Reserve &#038; Original\"}]},{\"@type\":\"WebSite\",\"@id\":\"https:\/\/www.dramfolks-whisky-auction.com\/fr\/#website\",\"url\":\"https:\/\/www.dramfolks-whisky-auction.com\/fr\/\",\"name\":\"Dramfolks Whisky Auction\",\"description\":\"\",\"potentialAction\":[{\"@type\":\"SearchAction\",\"target\":{\"@type\":\"EntryPoint\",\"urlTemplate\":\"https:\/\/www.dramfolks-whisky-auction.com\/fr\/?s={search_term_string}\"},\"query-input\":{\"@type\":\"PropertyValueSpecification\",\"valueRequired\":true,\"valueName\":\"search_term_string\"}}],\"inLanguage\":\"fr-FR\"}]}<\/script>\n<!-- \/ Yoast SEO plugin. -->","yoast_head_json":{"title":"Jameson - Signature Selection Reserve & Original - Dramfolks Whisky Auction","robots":{"index":"index","follow":"follow","max-snippet":"max-snippet:-1","max-image-preview":"max-image-preview:large","max-video-preview":"max-video-preview:-1"},"canonical":"https:\/\/www.dramfolks-whisky-auction.com\/fr\/product\/jameson-signature-selection-reserve-original-9\/","og_locale":"fr_FR","og_type":"article","og_title":"Jameson - Signature Selection Reserve & Original - Dramfolks Whisky Auction","og_description":"Destille: Jameson Jameson ist eine irische Whiskey-Marke. Die gleichnamige Destillerie wurde von John Jameson im Jahr 1780 in Dublin gegr\u00fcndet und bis 1971 wurde in der Bow Street (Smithfield Village) destilliert. Heute kann man in Dublin nur noch die Schaubrennereien von Old Jameson besichtigen, produziert wird in Midleton. Jameson geh\u00f6rt zu den weltweit bekanntesten (irischen)[...]","og_url":"https:\/\/www.dramfolks-whisky-auction.com\/fr\/product\/jameson-signature-selection-reserve-original-9\/","og_site_name":"Dramfolks Whisky Auction","article_modified_time":"2024-11-24T18:00:18+00:00","og_image":[{"width":2560,"height":2049,"url":"https:\/\/www.dramfolks-whisky-auction.com\/wp-content\/uploads\/2023\/11\/Jameson-Pack-vorne-1-scaled.jpg","type":"image\/jpeg"}],"twitter_card":"summary_large_image","twitter_misc":{"Dur\u00e9e de lecture estim\u00e9e":"3 minutes"},"schema":{"@context":"https:\/\/schema.org","@graph":[{"@type":"WebPage","@id":"https:\/\/www.dramfolks-whisky-auction.com\/fr\/product\/jameson-signature-selection-reserve-original-9\/","url":"https:\/\/www.dramfolks-whisky-auction.com\/fr\/product\/jameson-signature-selection-reserve-original-9\/","name":"Jameson - Signature Selection Reserve & Original - Dramfolks Whisky Auction","isPartOf":{"@id":"https:\/\/www.dramfolks-whisky-auction.com\/fr\/#website"},"primaryImageOfPage":{"@id":"https:\/\/www.dramfolks-whisky-auction.com\/fr\/product\/jameson-signature-selection-reserve-original-9\/#primaryimage"},"image":{"@id":"https:\/\/www.dramfolks-whisky-auction.com\/fr\/product\/jameson-signature-selection-reserve-original-9\/#primaryimage"},"thumbnailUrl":"https:\/\/www.dramfolks-whisky-auction.com\/wp-content\/uploads\/2023\/11\/Jameson-Pack-vorne-1-scaled.jpg","datePublished":"2024-11-08T07:51:00+00:00","dateModified":"2024-11-24T18:00:18+00:00","breadcrumb":{"@id":"https:\/\/www.dramfolks-whisky-auction.com\/fr\/product\/jameson-signature-selection-reserve-original-9\/#breadcrumb"},"inLanguage":"fr-FR","potentialAction":[{"@type":"ReadAction","target":["https:\/\/www.dramfolks-whisky-auction.com\/fr\/product\/jameson-signature-selection-reserve-original-9\/"]}]},{"@type":"ImageObject","inLanguage":"fr-FR","@id":"https:\/\/www.dramfolks-whisky-auction.com\/fr\/product\/jameson-signature-selection-reserve-original-9\/#primaryimage","url":"https:\/\/www.dramfolks-whisky-auction.com\/wp-content\/uploads\/2023\/11\/Jameson-Pack-vorne-1-scaled.jpg","contentUrl":"https:\/\/www.dramfolks-whisky-auction.com\/wp-content\/uploads\/2023\/11\/Jameson-Pack-vorne-1-scaled.jpg","width":2560,"height":2049},{"@type":"BreadcrumbList","@id":"https:\/\/www.dramfolks-whisky-auction.com\/fr\/product\/jameson-signature-selection-reserve-original-9\/#breadcrumb","itemListElement":[{"@type":"ListItem","position":1,"name":"Startseite","item":"https:\/\/www.dramfolks-whisky-auction.com\/fr\/"},{"@type":"ListItem","position":2,"name":"Boutique","item":"https:\/\/www.dramfolks-whisky-auction.com\/fr\/boutique\/"},{"@type":"ListItem","position":3,"name":"Jameson &#8211; Signature Selection Reserve &#038; Original"}]},{"@type":"WebSite","@id":"https:\/\/www.dramfolks-whisky-auction.com\/fr\/#website","url":"https:\/\/www.dramfolks-whisky-auction.com\/fr\/","name":"Dramfolks Whisky Auction","description":"","potentialAction":[{"@type":"SearchAction","target":{"@type":"EntryPoint","urlTemplate":"https:\/\/www.dramfolks-whisky-auction.com\/fr\/?s={search_term_string}"},"query-input":{"@type":"PropertyValueSpecification","valueRequired":true,"valueName":"search_term_string"}}],"inLanguage":"fr-FR"}]}},"_links":{"self":[{"href":"https:\/\/www.dramfolks-whisky-auction.com\/fr\/wp-json\/wp\/v2\/product\/846651","targetHints":{"allow":["GET"]}}],"collection":[{"href":"https:\/\/www.dramfolks-whisky-auction.com\/fr\/wp-json\/wp\/v2\/product"}],"about":[{"href":"https:\/\/www.dramfolks-whisky-auction.com\/fr\/wp-json\/wp\/v2\/types\/product"}],"replies":[{"embeddable":true,"href":"https:\/\/www.dramfolks-whisky-auction.com\/fr\/wp-json\/wp\/v2\/comments?post=846651"}],"wp:featuredmedia":[{"embeddable":true,"href":"https:\/\/www.dramfolks-whisky-auction.com\/fr\/wp-json\/wp\/v2\/media\/4205"}],"wp:attachment":[{"href":"https:\/\/www.dramfolks-whisky-auction.com\/fr\/wp-json\/wp\/v2\/media?parent=846651"}],"wp:term":[{"taxonomy":"product_brand","embeddable":true,"href":"https:\/\/www.dramfolks-whisky-auction.com\/fr\/wp-json\/wp\/v2\/product_brand?post=846651"},{"taxonomy":"product_cat","embeddable":true,"href":"https:\/\/www.dramfolks-whisky-auction.com\/fr\/wp-json\/wp\/v2\/product_cat?post=846651"},{"taxonomy":"product_tag","embeddable":true,"href":"https:\/\/www.dramfolks-whisky-auction.com\/fr\/wp-json\/wp\/v2\/product_tag?post=846651"}],"curies":[{"name":"wp","href":"https:\/\/api.w.org\/{rel}","templated":true}]}}