{"id":845292,"date":"2024-11-08T08:51:01","date_gmt":"2024-11-08T07:51:01","guid":{"rendered":"https:\/\/www.dramfolks-whisky-auction.com\/?post_type=product&#038;p=845292"},"modified":"2024-11-24T19:00:08","modified_gmt":"2024-11-24T18:00:08","slug":"poli-segretario-di-stato-7","status":"publish","type":"product","link":"https:\/\/www.dramfolks-whisky-auction.com\/fr\/product\/poli-segretario-di-stato-7\/","title":{"rendered":"Poli- Segretario di Stato"},"content":{"rendered":"<p><strong>Destille: <span class=\"v1s2\">Poli<br \/>\n<\/span><\/strong><span class=\"v1s2\">Die <\/span> <span class=\"datasheet-listItemValue small-6 larger-8 columns\"> Poli Destillerie ist eine 1896 gegr\u00fcndete Familienbrennerei und liegt in Schiavon, Italien unweit von Vicenza (Italiens ber\u00fchmtesten Region f\u00fcr die Kunst der Destillation). Seit vier Generationen arbeitet die Familie Poli mit einem antiken, vollst\u00e4ndig aus Kupfer bestehenden Destillierkolben, der zu den wenigen noch existierenden geh\u00f6rt. \u00a0Erg\u00e4nzend kamen noch innovative Wasserbad-Destillierkolben mit Vakuumtechnologie hinzu, mit dem Ziel, Destillate herzustellen, die sich durch ein raffiniertes Gleichgewicht zwischen Charakter und Eleganz auszeichnen. <\/span>Die Poli Destillerie hat \u00fcbrigens auch ein Grappa-Museum eingerichtet.<\/p>\n<p><strong>Fun Fact: <\/strong>Die Bezeichnung SEGRETARIO DI STATO sowie die Abbildung des Petersplatzes auf dem Etikett, wurden vom Staatssekretariat des Heiligen Stuhls ordnungsgem\u00e4\u00df genehmigt. <strong><br \/>\n<\/strong><\/p>\n<p><strong>Whisky\/Whiskey: Segretario di Stato<\/strong><br \/>\nDer Whisky ist 5 Jahre gereift und in Amarone F\u00e4ssern verfeinert, d<span class=\"b\">ie ihm seine raffinierten Aromen verleihen<\/span>. <span class=\"b\">Mit ihm ehrt die in Schiavon in Venetien ans\u00e4ssige traditionsreiche Brennerei Poli ihren ber\u00fchmtesten Mitb\u00fcrger, der im Oktober 2013 zum Staatssekret\u00e4r des Heiligen Stuhls ernannt wurde. Als Hommage komponierte Jacopo Poli gemeinsam mit seinen Geschwistern einen vorz\u00fcglichen Single Malt, dem Whisky-Fans unbedingt Beachtung schenken sollten. Der italienische Whisky wird auch mittels handwerklicher Destillation im diskontinuierlichen Wasserbad-Verfahren gebrannt. <\/span>Die hier angebotene Flasche hat die Bottle Nr. 3580.<\/p>\n<p><strong>Info Qualit\u00e4t der Flasche:<\/strong> Exzellent &#8211; ohne Besch\u00e4digungen \/ <strong>F\u00fcllstand:<\/strong> Into neck<br \/>\n<strong>Info Qualit\u00e4t der Box:\u00a0<\/strong>Exzellent &#8211; ohne Besch\u00e4digungen<\/p>\n<p><strong>Wichtiger Hinweis:<\/strong> Die Bewertung der Flaschen und Boxen erfolgt nach \u201ebesten Wissen und Gewissen\u201c. dramfolks kann keine Gew\u00e4hrleistung f\u00fcr den Inhalt der Flaschen \u00fcbernehmen. Weitere Infos &amp; Hinweise finden Sie in unseren AGBs. Wir empfehlen Ihnen, vor der Abgabe von Geboten \u00fcber die Zoomfunktion eine Besichtigung \/ genaue Pr\u00fcfung des angebotenen Whiskys vorzunehmen. Bitte kontaktieren sie uns bei Fragen direkt unter info@dramfolks.com<\/p>\n","protected":false},"excerpt":{"rendered":"<p>Destille: Poli Die Poli Destillerie ist eine 1896 gegr\u00fcndete Familienbrennerei und liegt in Schiavon, Italien unweit von Vicenza (Italiens ber\u00fchmtesten Region f\u00fcr die Kunst der Destillation). Seit vier Generationen arbeitet die Familie Poli mit einem antiken, vollst\u00e4ndig aus Kupfer bestehenden Destillierkolben, der zu den wenigen noch existierenden geh\u00f6rt. \u00a0Erg\u00e4nzend kamen noch innovative Wasserbad-Destillierkolben mit Vakuumtechnologie[&#8230;]\n","protected":false},"featured_media":6218,"comment_status":"closed","ping_status":"closed","template":"","meta":[],"product_brand":[],"product_cat":[981],"product_tag":[],"class_list":{"0":"post-845292","1":"product","2":"type-product","3":"status-publish","4":"has-post-thumbnail","6":"product_cat-no-14","8":"first","9":"instock","10":"shipping-taxable","11":"purchasable","12":"product-type-auction"},"yoast_head":"<!-- This site is optimized with the Yoast SEO plugin v27.0 - https:\/\/yoast.com\/product\/yoast-seo-wordpress\/ -->\n<title>Poli- Segretario di Stato - Dramfolks Whisky Auction<\/title>\n<meta name=\"robots\" content=\"index, follow, max-snippet:-1, max-image-preview:large, max-video-preview:-1\" \/>\n<link rel=\"canonical\" href=\"https:\/\/www.dramfolks-whisky-auction.com\/fr\/product\/poli-segretario-di-stato-7\/\" \/>\n<meta property=\"og:locale\" content=\"fr_FR\" \/>\n<meta property=\"og:type\" content=\"article\" \/>\n<meta property=\"og:title\" content=\"Poli- Segretario di Stato - Dramfolks Whisky Auction\" \/>\n<meta property=\"og:description\" content=\"Destille: Poli Die Poli Destillerie ist eine 1896 gegr\u00fcndete Familienbrennerei und liegt in Schiavon, Italien unweit von Vicenza (Italiens ber\u00fchmtesten Region f\u00fcr die Kunst der Destillation). Seit vier Generationen arbeitet die Familie Poli mit einem antiken, vollst\u00e4ndig aus Kupfer bestehenden Destillierkolben, der zu den wenigen noch existierenden geh\u00f6rt. \u00a0Erg\u00e4nzend kamen noch innovative Wasserbad-Destillierkolben mit Vakuumtechnologie[...]\" \/>\n<meta property=\"og:url\" content=\"https:\/\/www.dramfolks-whisky-auction.com\/fr\/product\/poli-segretario-di-stato-7\/\" \/>\n<meta property=\"og:site_name\" content=\"Dramfolks Whisky Auction\" \/>\n<meta property=\"article:modified_time\" content=\"2024-11-24T18:00:08+00:00\" \/>\n<meta property=\"og:image\" content=\"https:\/\/www.dramfolks-whisky-auction.com\/wp-content\/uploads\/2024\/04\/Poli-vorne-scaled.jpg\" \/>\n\t<meta property=\"og:image:width\" content=\"2560\" \/>\n\t<meta property=\"og:image:height\" content=\"2560\" \/>\n\t<meta property=\"og:image:type\" content=\"image\/jpeg\" \/>\n<meta name=\"twitter:card\" content=\"summary_large_image\" \/>\n<meta name=\"twitter:label1\" content=\"Dur\u00e9e de lecture estim\u00e9e\" \/>\n\t<meta name=\"twitter:data1\" content=\"2 minutes\" \/>\n<script type=\"application\/ld+json\" class=\"yoast-schema-graph\">{\"@context\":\"https:\/\/schema.org\",\"@graph\":[{\"@type\":\"WebPage\",\"@id\":\"https:\/\/www.dramfolks-whisky-auction.com\/fr\/product\/poli-segretario-di-stato-7\/\",\"url\":\"https:\/\/www.dramfolks-whisky-auction.com\/fr\/product\/poli-segretario-di-stato-7\/\",\"name\":\"Poli- Segretario di Stato - Dramfolks Whisky Auction\",\"isPartOf\":{\"@id\":\"https:\/\/www.dramfolks-whisky-auction.com\/fr\/#website\"},\"primaryImageOfPage\":{\"@id\":\"https:\/\/www.dramfolks-whisky-auction.com\/fr\/product\/poli-segretario-di-stato-7\/#primaryimage\"},\"image\":{\"@id\":\"https:\/\/www.dramfolks-whisky-auction.com\/fr\/product\/poli-segretario-di-stato-7\/#primaryimage\"},\"thumbnailUrl\":\"https:\/\/www.dramfolks-whisky-auction.com\/wp-content\/uploads\/2024\/04\/Poli-vorne-scaled.jpg\",\"datePublished\":\"2024-11-08T07:51:01+00:00\",\"dateModified\":\"2024-11-24T18:00:08+00:00\",\"breadcrumb\":{\"@id\":\"https:\/\/www.dramfolks-whisky-auction.com\/fr\/product\/poli-segretario-di-stato-7\/#breadcrumb\"},\"inLanguage\":\"fr-FR\",\"potentialAction\":[{\"@type\":\"ReadAction\",\"target\":[\"https:\/\/www.dramfolks-whisky-auction.com\/fr\/product\/poli-segretario-di-stato-7\/\"]}]},{\"@type\":\"ImageObject\",\"inLanguage\":\"fr-FR\",\"@id\":\"https:\/\/www.dramfolks-whisky-auction.com\/fr\/product\/poli-segretario-di-stato-7\/#primaryimage\",\"url\":\"https:\/\/www.dramfolks-whisky-auction.com\/wp-content\/uploads\/2024\/04\/Poli-vorne-scaled.jpg\",\"contentUrl\":\"https:\/\/www.dramfolks-whisky-auction.com\/wp-content\/uploads\/2024\/04\/Poli-vorne-scaled.jpg\",\"width\":2560,\"height\":2560},{\"@type\":\"BreadcrumbList\",\"@id\":\"https:\/\/www.dramfolks-whisky-auction.com\/fr\/product\/poli-segretario-di-stato-7\/#breadcrumb\",\"itemListElement\":[{\"@type\":\"ListItem\",\"position\":1,\"name\":\"Startseite\",\"item\":\"https:\/\/www.dramfolks-whisky-auction.com\/fr\/\"},{\"@type\":\"ListItem\",\"position\":2,\"name\":\"Boutique\",\"item\":\"https:\/\/www.dramfolks-whisky-auction.com\/fr\/boutique\/\"},{\"@type\":\"ListItem\",\"position\":3,\"name\":\"Poli- Segretario di Stato\"}]},{\"@type\":\"WebSite\",\"@id\":\"https:\/\/www.dramfolks-whisky-auction.com\/fr\/#website\",\"url\":\"https:\/\/www.dramfolks-whisky-auction.com\/fr\/\",\"name\":\"Dramfolks Whisky Auction\",\"description\":\"\",\"potentialAction\":[{\"@type\":\"SearchAction\",\"target\":{\"@type\":\"EntryPoint\",\"urlTemplate\":\"https:\/\/www.dramfolks-whisky-auction.com\/fr\/?s={search_term_string}\"},\"query-input\":{\"@type\":\"PropertyValueSpecification\",\"valueRequired\":true,\"valueName\":\"search_term_string\"}}],\"inLanguage\":\"fr-FR\"}]}<\/script>\n<!-- \/ Yoast SEO plugin. -->","yoast_head_json":{"title":"Poli- Segretario di Stato - Dramfolks Whisky Auction","robots":{"index":"index","follow":"follow","max-snippet":"max-snippet:-1","max-image-preview":"max-image-preview:large","max-video-preview":"max-video-preview:-1"},"canonical":"https:\/\/www.dramfolks-whisky-auction.com\/fr\/product\/poli-segretario-di-stato-7\/","og_locale":"fr_FR","og_type":"article","og_title":"Poli- Segretario di Stato - Dramfolks Whisky Auction","og_description":"Destille: Poli Die Poli Destillerie ist eine 1896 gegr\u00fcndete Familienbrennerei und liegt in Schiavon, Italien unweit von Vicenza (Italiens ber\u00fchmtesten Region f\u00fcr die Kunst der Destillation). Seit vier Generationen arbeitet die Familie Poli mit einem antiken, vollst\u00e4ndig aus Kupfer bestehenden Destillierkolben, der zu den wenigen noch existierenden geh\u00f6rt. \u00a0Erg\u00e4nzend kamen noch innovative Wasserbad-Destillierkolben mit Vakuumtechnologie[...]","og_url":"https:\/\/www.dramfolks-whisky-auction.com\/fr\/product\/poli-segretario-di-stato-7\/","og_site_name":"Dramfolks Whisky Auction","article_modified_time":"2024-11-24T18:00:08+00:00","og_image":[{"width":2560,"height":2560,"url":"https:\/\/www.dramfolks-whisky-auction.com\/wp-content\/uploads\/2024\/04\/Poli-vorne-scaled.jpg","type":"image\/jpeg"}],"twitter_card":"summary_large_image","twitter_misc":{"Dur\u00e9e de lecture estim\u00e9e":"2 minutes"},"schema":{"@context":"https:\/\/schema.org","@graph":[{"@type":"WebPage","@id":"https:\/\/www.dramfolks-whisky-auction.com\/fr\/product\/poli-segretario-di-stato-7\/","url":"https:\/\/www.dramfolks-whisky-auction.com\/fr\/product\/poli-segretario-di-stato-7\/","name":"Poli- Segretario di Stato - Dramfolks Whisky Auction","isPartOf":{"@id":"https:\/\/www.dramfolks-whisky-auction.com\/fr\/#website"},"primaryImageOfPage":{"@id":"https:\/\/www.dramfolks-whisky-auction.com\/fr\/product\/poli-segretario-di-stato-7\/#primaryimage"},"image":{"@id":"https:\/\/www.dramfolks-whisky-auction.com\/fr\/product\/poli-segretario-di-stato-7\/#primaryimage"},"thumbnailUrl":"https:\/\/www.dramfolks-whisky-auction.com\/wp-content\/uploads\/2024\/04\/Poli-vorne-scaled.jpg","datePublished":"2024-11-08T07:51:01+00:00","dateModified":"2024-11-24T18:00:08+00:00","breadcrumb":{"@id":"https:\/\/www.dramfolks-whisky-auction.com\/fr\/product\/poli-segretario-di-stato-7\/#breadcrumb"},"inLanguage":"fr-FR","potentialAction":[{"@type":"ReadAction","target":["https:\/\/www.dramfolks-whisky-auction.com\/fr\/product\/poli-segretario-di-stato-7\/"]}]},{"@type":"ImageObject","inLanguage":"fr-FR","@id":"https:\/\/www.dramfolks-whisky-auction.com\/fr\/product\/poli-segretario-di-stato-7\/#primaryimage","url":"https:\/\/www.dramfolks-whisky-auction.com\/wp-content\/uploads\/2024\/04\/Poli-vorne-scaled.jpg","contentUrl":"https:\/\/www.dramfolks-whisky-auction.com\/wp-content\/uploads\/2024\/04\/Poli-vorne-scaled.jpg","width":2560,"height":2560},{"@type":"BreadcrumbList","@id":"https:\/\/www.dramfolks-whisky-auction.com\/fr\/product\/poli-segretario-di-stato-7\/#breadcrumb","itemListElement":[{"@type":"ListItem","position":1,"name":"Startseite","item":"https:\/\/www.dramfolks-whisky-auction.com\/fr\/"},{"@type":"ListItem","position":2,"name":"Boutique","item":"https:\/\/www.dramfolks-whisky-auction.com\/fr\/boutique\/"},{"@type":"ListItem","position":3,"name":"Poli- Segretario di Stato"}]},{"@type":"WebSite","@id":"https:\/\/www.dramfolks-whisky-auction.com\/fr\/#website","url":"https:\/\/www.dramfolks-whisky-auction.com\/fr\/","name":"Dramfolks Whisky Auction","description":"","potentialAction":[{"@type":"SearchAction","target":{"@type":"EntryPoint","urlTemplate":"https:\/\/www.dramfolks-whisky-auction.com\/fr\/?s={search_term_string}"},"query-input":{"@type":"PropertyValueSpecification","valueRequired":true,"valueName":"search_term_string"}}],"inLanguage":"fr-FR"}]}},"_links":{"self":[{"href":"https:\/\/www.dramfolks-whisky-auction.com\/fr\/wp-json\/wp\/v2\/product\/845292","targetHints":{"allow":["GET"]}}],"collection":[{"href":"https:\/\/www.dramfolks-whisky-auction.com\/fr\/wp-json\/wp\/v2\/product"}],"about":[{"href":"https:\/\/www.dramfolks-whisky-auction.com\/fr\/wp-json\/wp\/v2\/types\/product"}],"replies":[{"embeddable":true,"href":"https:\/\/www.dramfolks-whisky-auction.com\/fr\/wp-json\/wp\/v2\/comments?post=845292"}],"wp:featuredmedia":[{"embeddable":true,"href":"https:\/\/www.dramfolks-whisky-auction.com\/fr\/wp-json\/wp\/v2\/media\/6218"}],"wp:attachment":[{"href":"https:\/\/www.dramfolks-whisky-auction.com\/fr\/wp-json\/wp\/v2\/media?parent=845292"}],"wp:term":[{"taxonomy":"product_brand","embeddable":true,"href":"https:\/\/www.dramfolks-whisky-auction.com\/fr\/wp-json\/wp\/v2\/product_brand?post=845292"},{"taxonomy":"product_cat","embeddable":true,"href":"https:\/\/www.dramfolks-whisky-auction.com\/fr\/wp-json\/wp\/v2\/product_cat?post=845292"},{"taxonomy":"product_tag","embeddable":true,"href":"https:\/\/www.dramfolks-whisky-auction.com\/fr\/wp-json\/wp\/v2\/product_tag?post=845292"}],"curies":[{"name":"wp","href":"https:\/\/api.w.org\/{rel}","templated":true}]}}