{"id":845288,"date":"2024-11-08T08:51:01","date_gmt":"2024-11-08T07:51:01","guid":{"rendered":"https:\/\/www.dramfolks-whisky-auction.com\/?post_type=product&#038;p=845288"},"modified":"2024-11-24T19:45:10","modified_gmt":"2024-11-24T18:45:10","slug":"8yo-highland-signatory-vintage-5","status":"publish","type":"product","link":"https:\/\/www.dramfolks-whisky-auction.com\/fr\/product\/8yo-highland-signatory-vintage-5\/","title":{"rendered":"8yo Highland (Signatory Vintage)"},"content":{"rendered":"<p><strong>Destille: Unbekannt<\/strong><br \/>\nLeider k\u00f6nnen wir hier an dieser Stelle keine Hinweise oder Texte zur Destillerie des Whiskys geben. Bekannt ist lediglich die Region Speyside. Demnach kommen eine gaaaaaaaanze Menge Destillerien in Frage \ud83d\ude09<\/p>\n<p><strong>Fun Fakt:<\/strong> &#8211;<\/p>\n<p><strong>Whisky\/Whiskey: 8yo Highland (Signatory Vintage)<br \/>\n<\/strong>Lands of Scotland \u2013 ein Mystery Malt von Signatory Vintage! Den Lands of Scotland Speyside Single Malt Scotch Whisky hat Signatory Vintage abgef\u00fcllt. \u00dcber die Brennerei hinter dem Mystery Whisky des unabh\u00e4ngigen Abf\u00fcllers ist lediglich der Sitz bekannt: die schottischen Highlands. Hinsichtlich der verwendeten F\u00e4sser halten sich Abf\u00fcller und Angaben auf der Flasche ebenfalls bedeckt. Der Alkoholgehalt betr\u00e4gt 40,0 Volumenprozent. Auf k\u00fcnstliche Farbstoffe hat man beim Abf\u00fcllen verzichtet. Das Resultat ist ein preislich attraktiver Whisky, der sich insbesondere f\u00fcr Einsteiger eignet.<br \/>\n\u00ab\u00a0In der Nase pr\u00e4sentiert sich der Single Malt Whisky aromatisch. Er duftet nach s\u00fc\u00dfem Toffee und nach Pudding. \u00c4pfel und Birnen sind pr\u00e4sent. Eine feine Rauchnote liegt im Hintergrund. Am Gaumen legt sich der 8 Jahre alte Highland Single Malt Whisky malzig auf die Zunge. Er schmeckt nach Manukahonig. Waln\u00fcsse und Vanille dringen durch. Gew\u00fcrze sind pr\u00e4sent. Der Abgang ist langanhaltend. Der Scotch verabschiedet sich malzig und hinterl\u00e4sst Noten aus N\u00fcssen.\u00a0\u00bb (Verkostungsnotizen von <a href=\"http:\/\/www.captainscotch.de\" target=\"_blank\" rel=\"noopener noreferrer\">www.captainscotch.de<\/a>)<\/p>\n<p><strong>Side Note zum Abf\u00fcller: Signatory Vintage<\/strong><br \/>\nSignatory Vintage Scotch Whisky wurde 1988 von Andrew Symington gegr\u00fcndet, der zuvor das renommierte Prestonfield House Hotel in Edinburgh geleitet hatte. Das erste Fass, das von Symington in Flaschen abgef\u00fcllt wurde, war ein 1968 in Sherryf\u00e4ssern gereifter Glenlivet. Im Jahr 2002 erwarb Signatory die Destillerie Edradour von Pernod Ricard und verlegte anschlie\u00dfend alle seine Aktivit\u00e4ten nach Norden in den malerischen Standort Perthshire. Die Whiskys werden in der Regel in verschiedenen \u201eCollections\u201c abgef\u00fcllt\u2026 darunter die Un-chill Filtered Collection, die Cask Strength Collection und die Single Grain Collection.<\/p>\n<p><strong>Info Qualit\u00e4t der Flasche:<\/strong> Exzellent ohne Besch\u00e4digungen \/ <strong>F\u00fcllstand:<\/strong> High fill<br \/>\n<strong>Info Qualit\u00e4t der Box:<\/strong> keine Box vorhanden<\/p>\n<p><strong>Wichtiger Hinweis:<\/strong> Die Bewertung der Flaschen und Boxen erfolgt nach \u00ab\u00a0besten Wissen und Gewissen\u00a0\u00bb. dramfolks kann keine Gew\u00e4hrleistung f\u00fcr den Inhalt der Flaschen \u00fcbernehmen. Weitere Infos &amp; Hinweise finden Sie in unseren AGBs. Wir empfehlen Ihnen, vor der Abgabe von Geboten \u00fcber die Zoomfunktion eine Besichtigung \/ genaue Pr\u00fcfung des angebotenen Whiskys vorzunehmen. Bitte kontaktieren sie uns bei Fragen direkt unter info@dramfolks.com<\/p>\n","protected":false},"excerpt":{"rendered":"<p>Destille: Unbekannt Leider k\u00f6nnen wir hier an dieser Stelle keine Hinweise oder Texte zur Destillerie des Whiskys geben. Bekannt ist lediglich die Region Speyside. Demnach kommen eine gaaaaaaaanze Menge Destillerien in Frage \ud83d\ude09 Fun Fakt: &#8211; Whisky\/Whiskey: 8yo Highland (Signatory Vintage) Lands of Scotland \u2013 ein Mystery Malt von Signatory Vintage! Den Lands of Scotland[&#8230;]\n","protected":false},"featured_media":48890,"comment_status":"closed","ping_status":"closed","template":"","meta":[],"product_brand":[],"product_cat":[981],"product_tag":[],"class_list":{"0":"post-845288","1":"product","2":"type-product","3":"status-publish","4":"has-post-thumbnail","6":"product_cat-no-14","8":"first","9":"instock","10":"shipping-taxable","11":"purchasable","12":"product-type-auction"},"yoast_head":"<!-- This site is optimized with the Yoast SEO plugin v27.0 - https:\/\/yoast.com\/product\/yoast-seo-wordpress\/ -->\n<title>8yo Highland (Signatory Vintage) - Dramfolks Whisky Auction<\/title>\n<meta name=\"robots\" content=\"index, follow, max-snippet:-1, max-image-preview:large, max-video-preview:-1\" \/>\n<link rel=\"canonical\" href=\"https:\/\/www.dramfolks-whisky-auction.com\/fr\/product\/8yo-highland-signatory-vintage-5\/\" \/>\n<meta property=\"og:locale\" content=\"fr_FR\" \/>\n<meta property=\"og:type\" content=\"article\" \/>\n<meta property=\"og:title\" content=\"8yo Highland (Signatory Vintage) - Dramfolks Whisky Auction\" \/>\n<meta property=\"og:description\" content=\"Destille: Unbekannt Leider k\u00f6nnen wir hier an dieser Stelle keine Hinweise oder Texte zur Destillerie des Whiskys geben. Bekannt ist lediglich die Region Speyside. Demnach kommen eine gaaaaaaaanze Menge Destillerien in Frage \ud83d\ude09 Fun Fakt: &#8211; Whisky\/Whiskey: 8yo Highland (Signatory Vintage) Lands of Scotland \u2013 ein Mystery Malt von Signatory Vintage! Den Lands of Scotland[...]\" \/>\n<meta property=\"og:url\" content=\"https:\/\/www.dramfolks-whisky-auction.com\/fr\/product\/8yo-highland-signatory-vintage-5\/\" \/>\n<meta property=\"og:site_name\" content=\"Dramfolks Whisky Auction\" \/>\n<meta property=\"article:modified_time\" content=\"2024-11-24T18:45:10+00:00\" \/>\n<meta property=\"og:image\" content=\"https:\/\/www.dramfolks-whisky-auction.com\/wp-content\/uploads\/2024\/06\/SV-8y0-vorne-scaled.jpg\" \/>\n\t<meta property=\"og:image:width\" content=\"2560\" \/>\n\t<meta property=\"og:image:height\" content=\"2560\" \/>\n\t<meta property=\"og:image:type\" content=\"image\/jpeg\" \/>\n<meta name=\"twitter:card\" content=\"summary_large_image\" \/>\n<meta name=\"twitter:label1\" content=\"Dur\u00e9e de lecture estim\u00e9e\" \/>\n\t<meta name=\"twitter:data1\" content=\"3 minutes\" \/>\n<script type=\"application\/ld+json\" class=\"yoast-schema-graph\">{\"@context\":\"https:\/\/schema.org\",\"@graph\":[{\"@type\":\"WebPage\",\"@id\":\"https:\/\/www.dramfolks-whisky-auction.com\/fr\/product\/8yo-highland-signatory-vintage-5\/\",\"url\":\"https:\/\/www.dramfolks-whisky-auction.com\/fr\/product\/8yo-highland-signatory-vintage-5\/\",\"name\":\"8yo Highland (Signatory Vintage) - Dramfolks Whisky Auction\",\"isPartOf\":{\"@id\":\"https:\/\/www.dramfolks-whisky-auction.com\/fr\/#website\"},\"primaryImageOfPage\":{\"@id\":\"https:\/\/www.dramfolks-whisky-auction.com\/fr\/product\/8yo-highland-signatory-vintage-5\/#primaryimage\"},\"image\":{\"@id\":\"https:\/\/www.dramfolks-whisky-auction.com\/fr\/product\/8yo-highland-signatory-vintage-5\/#primaryimage\"},\"thumbnailUrl\":\"https:\/\/www.dramfolks-whisky-auction.com\/wp-content\/uploads\/2024\/06\/SV-8y0-vorne-scaled.jpg\",\"datePublished\":\"2024-11-08T07:51:01+00:00\",\"dateModified\":\"2024-11-24T18:45:10+00:00\",\"breadcrumb\":{\"@id\":\"https:\/\/www.dramfolks-whisky-auction.com\/fr\/product\/8yo-highland-signatory-vintage-5\/#breadcrumb\"},\"inLanguage\":\"fr-FR\",\"potentialAction\":[{\"@type\":\"ReadAction\",\"target\":[\"https:\/\/www.dramfolks-whisky-auction.com\/fr\/product\/8yo-highland-signatory-vintage-5\/\"]}]},{\"@type\":\"ImageObject\",\"inLanguage\":\"fr-FR\",\"@id\":\"https:\/\/www.dramfolks-whisky-auction.com\/fr\/product\/8yo-highland-signatory-vintage-5\/#primaryimage\",\"url\":\"https:\/\/www.dramfolks-whisky-auction.com\/wp-content\/uploads\/2024\/06\/SV-8y0-vorne-scaled.jpg\",\"contentUrl\":\"https:\/\/www.dramfolks-whisky-auction.com\/wp-content\/uploads\/2024\/06\/SV-8y0-vorne-scaled.jpg\",\"width\":2560,\"height\":2560},{\"@type\":\"BreadcrumbList\",\"@id\":\"https:\/\/www.dramfolks-whisky-auction.com\/fr\/product\/8yo-highland-signatory-vintage-5\/#breadcrumb\",\"itemListElement\":[{\"@type\":\"ListItem\",\"position\":1,\"name\":\"Startseite\",\"item\":\"https:\/\/www.dramfolks-whisky-auction.com\/fr\/\"},{\"@type\":\"ListItem\",\"position\":2,\"name\":\"Boutique\",\"item\":\"https:\/\/www.dramfolks-whisky-auction.com\/fr\/boutique\/\"},{\"@type\":\"ListItem\",\"position\":3,\"name\":\"8yo Highland (Signatory Vintage)\"}]},{\"@type\":\"WebSite\",\"@id\":\"https:\/\/www.dramfolks-whisky-auction.com\/fr\/#website\",\"url\":\"https:\/\/www.dramfolks-whisky-auction.com\/fr\/\",\"name\":\"Dramfolks Whisky Auction\",\"description\":\"\",\"potentialAction\":[{\"@type\":\"SearchAction\",\"target\":{\"@type\":\"EntryPoint\",\"urlTemplate\":\"https:\/\/www.dramfolks-whisky-auction.com\/fr\/?s={search_term_string}\"},\"query-input\":{\"@type\":\"PropertyValueSpecification\",\"valueRequired\":true,\"valueName\":\"search_term_string\"}}],\"inLanguage\":\"fr-FR\"}]}<\/script>\n<!-- \/ Yoast SEO plugin. -->","yoast_head_json":{"title":"8yo Highland (Signatory Vintage) - Dramfolks Whisky Auction","robots":{"index":"index","follow":"follow","max-snippet":"max-snippet:-1","max-image-preview":"max-image-preview:large","max-video-preview":"max-video-preview:-1"},"canonical":"https:\/\/www.dramfolks-whisky-auction.com\/fr\/product\/8yo-highland-signatory-vintage-5\/","og_locale":"fr_FR","og_type":"article","og_title":"8yo Highland (Signatory Vintage) - Dramfolks Whisky Auction","og_description":"Destille: Unbekannt Leider k\u00f6nnen wir hier an dieser Stelle keine Hinweise oder Texte zur Destillerie des Whiskys geben. Bekannt ist lediglich die Region Speyside. Demnach kommen eine gaaaaaaaanze Menge Destillerien in Frage \ud83d\ude09 Fun Fakt: &#8211; Whisky\/Whiskey: 8yo Highland (Signatory Vintage) Lands of Scotland \u2013 ein Mystery Malt von Signatory Vintage! Den Lands of Scotland[...]","og_url":"https:\/\/www.dramfolks-whisky-auction.com\/fr\/product\/8yo-highland-signatory-vintage-5\/","og_site_name":"Dramfolks Whisky Auction","article_modified_time":"2024-11-24T18:45:10+00:00","og_image":[{"width":2560,"height":2560,"url":"https:\/\/www.dramfolks-whisky-auction.com\/wp-content\/uploads\/2024\/06\/SV-8y0-vorne-scaled.jpg","type":"image\/jpeg"}],"twitter_card":"summary_large_image","twitter_misc":{"Dur\u00e9e de lecture estim\u00e9e":"3 minutes"},"schema":{"@context":"https:\/\/schema.org","@graph":[{"@type":"WebPage","@id":"https:\/\/www.dramfolks-whisky-auction.com\/fr\/product\/8yo-highland-signatory-vintage-5\/","url":"https:\/\/www.dramfolks-whisky-auction.com\/fr\/product\/8yo-highland-signatory-vintage-5\/","name":"8yo Highland (Signatory Vintage) - Dramfolks Whisky Auction","isPartOf":{"@id":"https:\/\/www.dramfolks-whisky-auction.com\/fr\/#website"},"primaryImageOfPage":{"@id":"https:\/\/www.dramfolks-whisky-auction.com\/fr\/product\/8yo-highland-signatory-vintage-5\/#primaryimage"},"image":{"@id":"https:\/\/www.dramfolks-whisky-auction.com\/fr\/product\/8yo-highland-signatory-vintage-5\/#primaryimage"},"thumbnailUrl":"https:\/\/www.dramfolks-whisky-auction.com\/wp-content\/uploads\/2024\/06\/SV-8y0-vorne-scaled.jpg","datePublished":"2024-11-08T07:51:01+00:00","dateModified":"2024-11-24T18:45:10+00:00","breadcrumb":{"@id":"https:\/\/www.dramfolks-whisky-auction.com\/fr\/product\/8yo-highland-signatory-vintage-5\/#breadcrumb"},"inLanguage":"fr-FR","potentialAction":[{"@type":"ReadAction","target":["https:\/\/www.dramfolks-whisky-auction.com\/fr\/product\/8yo-highland-signatory-vintage-5\/"]}]},{"@type":"ImageObject","inLanguage":"fr-FR","@id":"https:\/\/www.dramfolks-whisky-auction.com\/fr\/product\/8yo-highland-signatory-vintage-5\/#primaryimage","url":"https:\/\/www.dramfolks-whisky-auction.com\/wp-content\/uploads\/2024\/06\/SV-8y0-vorne-scaled.jpg","contentUrl":"https:\/\/www.dramfolks-whisky-auction.com\/wp-content\/uploads\/2024\/06\/SV-8y0-vorne-scaled.jpg","width":2560,"height":2560},{"@type":"BreadcrumbList","@id":"https:\/\/www.dramfolks-whisky-auction.com\/fr\/product\/8yo-highland-signatory-vintage-5\/#breadcrumb","itemListElement":[{"@type":"ListItem","position":1,"name":"Startseite","item":"https:\/\/www.dramfolks-whisky-auction.com\/fr\/"},{"@type":"ListItem","position":2,"name":"Boutique","item":"https:\/\/www.dramfolks-whisky-auction.com\/fr\/boutique\/"},{"@type":"ListItem","position":3,"name":"8yo Highland (Signatory Vintage)"}]},{"@type":"WebSite","@id":"https:\/\/www.dramfolks-whisky-auction.com\/fr\/#website","url":"https:\/\/www.dramfolks-whisky-auction.com\/fr\/","name":"Dramfolks Whisky Auction","description":"","potentialAction":[{"@type":"SearchAction","target":{"@type":"EntryPoint","urlTemplate":"https:\/\/www.dramfolks-whisky-auction.com\/fr\/?s={search_term_string}"},"query-input":{"@type":"PropertyValueSpecification","valueRequired":true,"valueName":"search_term_string"}}],"inLanguage":"fr-FR"}]}},"_links":{"self":[{"href":"https:\/\/www.dramfolks-whisky-auction.com\/fr\/wp-json\/wp\/v2\/product\/845288","targetHints":{"allow":["GET"]}}],"collection":[{"href":"https:\/\/www.dramfolks-whisky-auction.com\/fr\/wp-json\/wp\/v2\/product"}],"about":[{"href":"https:\/\/www.dramfolks-whisky-auction.com\/fr\/wp-json\/wp\/v2\/types\/product"}],"replies":[{"embeddable":true,"href":"https:\/\/www.dramfolks-whisky-auction.com\/fr\/wp-json\/wp\/v2\/comments?post=845288"}],"wp:featuredmedia":[{"embeddable":true,"href":"https:\/\/www.dramfolks-whisky-auction.com\/fr\/wp-json\/wp\/v2\/media\/48890"}],"wp:attachment":[{"href":"https:\/\/www.dramfolks-whisky-auction.com\/fr\/wp-json\/wp\/v2\/media?parent=845288"}],"wp:term":[{"taxonomy":"product_brand","embeddable":true,"href":"https:\/\/www.dramfolks-whisky-auction.com\/fr\/wp-json\/wp\/v2\/product_brand?post=845288"},{"taxonomy":"product_cat","embeddable":true,"href":"https:\/\/www.dramfolks-whisky-auction.com\/fr\/wp-json\/wp\/v2\/product_cat?post=845288"},{"taxonomy":"product_tag","embeddable":true,"href":"https:\/\/www.dramfolks-whisky-auction.com\/fr\/wp-json\/wp\/v2\/product_tag?post=845288"}],"curies":[{"name":"wp","href":"https:\/\/api.w.org\/{rel}","templated":true}]}}