{"id":816833,"date":"2024-11-08T08:50:05","date_gmt":"2024-11-08T07:50:05","guid":{"rendered":"https:\/\/www.dramfolks-whisky-auction.com\/?post_type=product&#038;p=816833"},"modified":"2024-11-29T18:10:30","modified_gmt":"2024-11-29T17:10:30","slug":"st-kilian-ex-sherry-px-2","status":"publish","type":"product","link":"https:\/\/www.dramfolks-whisky-auction.com\/fr\/product\/st-kilian-ex-sherry-px-2\/","title":{"rendered":"St. Kilian &#8211; ex Sherry PX"},"content":{"rendered":"<p><strong>Destille: St. Kilian<br \/>\n<\/strong>St. Kilian ist eine deutsche Single Malt Destillerie in Unterfranken, die ab 2012 nach original schottischem Vorbild und unter Anleitung von Master Distiller David F. Hynes aus Irland aufgebaut wurde. Im Gedenken an den heiligen Kilian, der den Gerstenbrand im 8. Jahrhundert aus Irland nach W\u00fcrzburg brachte, verliehen sie ihrer <span class=\"tx-datamintslossaryextension-no-replacement\">Brennerei<\/span> den Namen St. Kilian.<\/p>\n<p><strong>Fun Fakt:<\/strong> Am St. Patricks Day 2016 wurde die erste Abf\u00fcllung des St. Kilians in Ex-American-Bourbon-F\u00e4ssern mit 30 Litern Inhalt vorgenommen. Die ersten 760 Flaschen St. Kilian German Single Malt Whisky wurden nach genau drei Jahren Reifeprozess ab dem 12. Mai 2019 ausgeliefert. Es gab auch nur die 760 Flaschen. Der Grund hierf\u00fcr war einfach aber sehr abwegig &#8230; Zu diesem Zeitpunkt hatte R\u00fcdenau (St. Kilians ist hier ans\u00e4ssig) insgesamt \u00ab\u00a0nur\u00a0\u00bb 760 Einwohner.<\/p>\n<p><strong>Whisky\/Whiskey: ex Sherry PX<br \/>\n<\/strong>Mittlerweile \u00fcber 370 verschiedene Fassarten, total verr\u00fcckte \u201cVorab-Belegungen\u201d und ausgefallene Holzarten aus der ganzen Welt \u2013 das sind die besten Voraussetzungen f\u00fcr weitere spannende St. Kilian Single Malts und f\u00fcr ihre limitieren Sonderabf\u00fcllungen. Erst reifen die Ideen im Kopf ihres Master Distillers und Blenders Mario Rudolf, dann wird experimentiert und probiert und am Ende entstehen die einzigartigen Whiskys. Die besondere Herausforderung ist unter anderem die jeweilige Kombination bei der Fassbelegung \u2013 hier stellen sich die Fragen: Passt DIESES spezielle Fass zu genau DEM Spirit? Wie in diesem Fall&#8230; Diese Sonderabf\u00fcllung reifte vom 23.05.18 bis 30.10.23 in ex Sherry PX F\u00e4ssern. Destilliert wurde er in Pot-Still-Brennblasen aus Kupfer, eigens angefertigt in Schottland. Eure Chance auf einen Whisky von St. Kilian! Es handelt sich um die Flasche mit der Los Nummer 231030 &#8211; Abf\u00fcllung limitiert!<\/p>\n<p><strong>Info Qualit\u00e4t der Flasche:<\/strong> Exzellent ohne Besch\u00e4digungen \/ <strong>F\u00fcllstand:<\/strong> High fill<br \/>\n<strong>Info Qualit\u00e4t der Box:<\/strong> keine Box vorhanden<\/p>\n<p><strong>Wichtiger Hinweis:<\/strong> Die Bewertung der Flaschen und Boxen erfolgt nach \u201ebesten Wissen und Gewissen\u201c. dramfolks kann keine Gew\u00e4hrleistung f\u00fcr den Inhalt der Flaschen \u00fcbernehmen. Weitere Infos &amp; Hinweise finden Sie in unseren AGBs. Wir empfehlen Ihnen, vor der Abgabe von Geboten \u00fcber die Zoomfunktion eine Besichtigung \/ genaue Pr\u00fcfung des angebotenen Whiskys vorzunehmen. Bitte kontaktieren sie uns bei Fragen direkt unter info@dramfolks.com<\/p>\n","protected":false},"excerpt":{"rendered":"<p>Destille: St. Kilian St. Kilian ist eine deutsche Single Malt Destillerie in Unterfranken, die ab 2012 nach original schottischem Vorbild und unter Anleitung von Master Distiller David F. Hynes aus Irland aufgebaut wurde. Im Gedenken an den heiligen Kilian, der den Gerstenbrand im 8. Jahrhundert aus Irland nach W\u00fcrzburg brachte, verliehen sie ihrer Brennerei den[&#8230;]\n","protected":false},"featured_media":536372,"comment_status":"closed","ping_status":"closed","template":"","meta":[],"product_brand":[],"product_cat":[981],"product_tag":[],"class_list":{"0":"post-816833","1":"product","2":"type-product","3":"status-publish","4":"has-post-thumbnail","6":"product_cat-no-14","8":"first","9":"instock","10":"shipping-taxable","11":"purchasable","12":"product-type-auction"},"yoast_head":"<!-- This site is optimized with the Yoast SEO plugin v27.4 - https:\/\/yoast.com\/product\/yoast-seo-wordpress\/ -->\n<title>St. Kilian - ex Sherry PX - Dramfolks Whisky Auction<\/title>\n<meta name=\"robots\" content=\"index, follow, max-snippet:-1, max-image-preview:large, max-video-preview:-1\" \/>\n<link rel=\"canonical\" href=\"https:\/\/www.dramfolks-whisky-auction.com\/fr\/product\/st-kilian-ex-sherry-px-2\/\" \/>\n<meta property=\"og:locale\" content=\"fr_FR\" \/>\n<meta property=\"og:type\" content=\"article\" \/>\n<meta property=\"og:title\" content=\"St. Kilian - ex Sherry PX - Dramfolks Whisky Auction\" \/>\n<meta property=\"og:description\" content=\"Destille: St. Kilian St. Kilian ist eine deutsche Single Malt Destillerie in Unterfranken, die ab 2012 nach original schottischem Vorbild und unter Anleitung von Master Distiller David F. Hynes aus Irland aufgebaut wurde. Im Gedenken an den heiligen Kilian, der den Gerstenbrand im 8. Jahrhundert aus Irland nach W\u00fcrzburg brachte, verliehen sie ihrer Brennerei den[...]\" \/>\n<meta property=\"og:url\" content=\"https:\/\/www.dramfolks-whisky-auction.com\/fr\/product\/st-kilian-ex-sherry-px-2\/\" \/>\n<meta property=\"og:site_name\" content=\"Dramfolks Whisky Auction\" \/>\n<meta property=\"article:modified_time\" content=\"2024-11-29T17:10:30+00:00\" \/>\n<meta property=\"og:image\" content=\"https:\/\/www.dramfolks-whisky-auction.com\/wp-content\/uploads\/2024\/09\/St.Kilian-vorne-scaled.jpg\" \/>\n\t<meta property=\"og:image:width\" content=\"2560\" \/>\n\t<meta property=\"og:image:height\" content=\"2560\" \/>\n\t<meta property=\"og:image:type\" content=\"image\/jpeg\" \/>\n<meta name=\"twitter:card\" content=\"summary_large_image\" \/>\n<meta name=\"twitter:label1\" content=\"Dur\u00e9e de lecture estim\u00e9e\" \/>\n\t<meta name=\"twitter:data1\" content=\"3 minutes\" \/>\n<script type=\"application\/ld+json\" class=\"yoast-schema-graph\">{\"@context\":\"https:\\\/\\\/schema.org\",\"@graph\":[{\"@type\":\"WebPage\",\"@id\":\"https:\\\/\\\/www.dramfolks-whisky-auction.com\\\/fr\\\/product\\\/st-kilian-ex-sherry-px-2\\\/\",\"url\":\"https:\\\/\\\/www.dramfolks-whisky-auction.com\\\/fr\\\/product\\\/st-kilian-ex-sherry-px-2\\\/\",\"name\":\"St. Kilian - ex Sherry PX - Dramfolks Whisky Auction\",\"isPartOf\":{\"@id\":\"https:\\\/\\\/www.dramfolks-whisky-auction.com\\\/fr\\\/#website\"},\"primaryImageOfPage\":{\"@id\":\"https:\\\/\\\/www.dramfolks-whisky-auction.com\\\/fr\\\/product\\\/st-kilian-ex-sherry-px-2\\\/#primaryimage\"},\"image\":{\"@id\":\"https:\\\/\\\/www.dramfolks-whisky-auction.com\\\/fr\\\/product\\\/st-kilian-ex-sherry-px-2\\\/#primaryimage\"},\"thumbnailUrl\":\"https:\\\/\\\/www.dramfolks-whisky-auction.com\\\/wp-content\\\/uploads\\\/2024\\\/09\\\/St.Kilian-vorne-scaled.jpg\",\"datePublished\":\"2024-11-08T07:50:05+00:00\",\"dateModified\":\"2024-11-29T17:10:30+00:00\",\"breadcrumb\":{\"@id\":\"https:\\\/\\\/www.dramfolks-whisky-auction.com\\\/fr\\\/product\\\/st-kilian-ex-sherry-px-2\\\/#breadcrumb\"},\"inLanguage\":\"fr-FR\",\"potentialAction\":[{\"@type\":\"ReadAction\",\"target\":[\"https:\\\/\\\/www.dramfolks-whisky-auction.com\\\/fr\\\/product\\\/st-kilian-ex-sherry-px-2\\\/\"]}]},{\"@type\":\"ImageObject\",\"inLanguage\":\"fr-FR\",\"@id\":\"https:\\\/\\\/www.dramfolks-whisky-auction.com\\\/fr\\\/product\\\/st-kilian-ex-sherry-px-2\\\/#primaryimage\",\"url\":\"https:\\\/\\\/www.dramfolks-whisky-auction.com\\\/wp-content\\\/uploads\\\/2024\\\/09\\\/St.Kilian-vorne-scaled.jpg\",\"contentUrl\":\"https:\\\/\\\/www.dramfolks-whisky-auction.com\\\/wp-content\\\/uploads\\\/2024\\\/09\\\/St.Kilian-vorne-scaled.jpg\",\"width\":2560,\"height\":2560},{\"@type\":\"BreadcrumbList\",\"@id\":\"https:\\\/\\\/www.dramfolks-whisky-auction.com\\\/fr\\\/product\\\/st-kilian-ex-sherry-px-2\\\/#breadcrumb\",\"itemListElement\":[{\"@type\":\"ListItem\",\"position\":1,\"name\":\"Startseite\",\"item\":\"https:\\\/\\\/www.dramfolks-whisky-auction.com\\\/fr\\\/\"},{\"@type\":\"ListItem\",\"position\":2,\"name\":\"Boutique\",\"item\":\"https:\\\/\\\/www.dramfolks-whisky-auction.com\\\/fr\\\/boutique\\\/\"},{\"@type\":\"ListItem\",\"position\":3,\"name\":\"St. Kilian &#8211; ex Sherry PX\"}]},{\"@type\":\"WebSite\",\"@id\":\"https:\\\/\\\/www.dramfolks-whisky-auction.com\\\/fr\\\/#website\",\"url\":\"https:\\\/\\\/www.dramfolks-whisky-auction.com\\\/fr\\\/\",\"name\":\"Dramfolks Whisky Auction\",\"description\":\"\",\"potentialAction\":[{\"@type\":\"SearchAction\",\"target\":{\"@type\":\"EntryPoint\",\"urlTemplate\":\"https:\\\/\\\/www.dramfolks-whisky-auction.com\\\/fr\\\/?s={search_term_string}\"},\"query-input\":{\"@type\":\"PropertyValueSpecification\",\"valueRequired\":true,\"valueName\":\"search_term_string\"}}],\"inLanguage\":\"fr-FR\"}]}<\/script>\n<!-- \/ Yoast SEO plugin. -->","yoast_head_json":{"title":"St. Kilian - ex Sherry PX - Dramfolks Whisky Auction","robots":{"index":"index","follow":"follow","max-snippet":"max-snippet:-1","max-image-preview":"max-image-preview:large","max-video-preview":"max-video-preview:-1"},"canonical":"https:\/\/www.dramfolks-whisky-auction.com\/fr\/product\/st-kilian-ex-sherry-px-2\/","og_locale":"fr_FR","og_type":"article","og_title":"St. Kilian - ex Sherry PX - Dramfolks Whisky Auction","og_description":"Destille: St. Kilian St. Kilian ist eine deutsche Single Malt Destillerie in Unterfranken, die ab 2012 nach original schottischem Vorbild und unter Anleitung von Master Distiller David F. Hynes aus Irland aufgebaut wurde. Im Gedenken an den heiligen Kilian, der den Gerstenbrand im 8. Jahrhundert aus Irland nach W\u00fcrzburg brachte, verliehen sie ihrer Brennerei den[...]","og_url":"https:\/\/www.dramfolks-whisky-auction.com\/fr\/product\/st-kilian-ex-sherry-px-2\/","og_site_name":"Dramfolks Whisky Auction","article_modified_time":"2024-11-29T17:10:30+00:00","og_image":[{"width":2560,"height":2560,"url":"https:\/\/www.dramfolks-whisky-auction.com\/wp-content\/uploads\/2024\/09\/St.Kilian-vorne-scaled.jpg","type":"image\/jpeg"}],"twitter_card":"summary_large_image","twitter_misc":{"Dur\u00e9e de lecture estim\u00e9e":"3 minutes"},"schema":{"@context":"https:\/\/schema.org","@graph":[{"@type":"WebPage","@id":"https:\/\/www.dramfolks-whisky-auction.com\/fr\/product\/st-kilian-ex-sherry-px-2\/","url":"https:\/\/www.dramfolks-whisky-auction.com\/fr\/product\/st-kilian-ex-sherry-px-2\/","name":"St. Kilian - ex Sherry PX - Dramfolks Whisky Auction","isPartOf":{"@id":"https:\/\/www.dramfolks-whisky-auction.com\/fr\/#website"},"primaryImageOfPage":{"@id":"https:\/\/www.dramfolks-whisky-auction.com\/fr\/product\/st-kilian-ex-sherry-px-2\/#primaryimage"},"image":{"@id":"https:\/\/www.dramfolks-whisky-auction.com\/fr\/product\/st-kilian-ex-sherry-px-2\/#primaryimage"},"thumbnailUrl":"https:\/\/www.dramfolks-whisky-auction.com\/wp-content\/uploads\/2024\/09\/St.Kilian-vorne-scaled.jpg","datePublished":"2024-11-08T07:50:05+00:00","dateModified":"2024-11-29T17:10:30+00:00","breadcrumb":{"@id":"https:\/\/www.dramfolks-whisky-auction.com\/fr\/product\/st-kilian-ex-sherry-px-2\/#breadcrumb"},"inLanguage":"fr-FR","potentialAction":[{"@type":"ReadAction","target":["https:\/\/www.dramfolks-whisky-auction.com\/fr\/product\/st-kilian-ex-sherry-px-2\/"]}]},{"@type":"ImageObject","inLanguage":"fr-FR","@id":"https:\/\/www.dramfolks-whisky-auction.com\/fr\/product\/st-kilian-ex-sherry-px-2\/#primaryimage","url":"https:\/\/www.dramfolks-whisky-auction.com\/wp-content\/uploads\/2024\/09\/St.Kilian-vorne-scaled.jpg","contentUrl":"https:\/\/www.dramfolks-whisky-auction.com\/wp-content\/uploads\/2024\/09\/St.Kilian-vorne-scaled.jpg","width":2560,"height":2560},{"@type":"BreadcrumbList","@id":"https:\/\/www.dramfolks-whisky-auction.com\/fr\/product\/st-kilian-ex-sherry-px-2\/#breadcrumb","itemListElement":[{"@type":"ListItem","position":1,"name":"Startseite","item":"https:\/\/www.dramfolks-whisky-auction.com\/fr\/"},{"@type":"ListItem","position":2,"name":"Boutique","item":"https:\/\/www.dramfolks-whisky-auction.com\/fr\/boutique\/"},{"@type":"ListItem","position":3,"name":"St. Kilian &#8211; ex Sherry PX"}]},{"@type":"WebSite","@id":"https:\/\/www.dramfolks-whisky-auction.com\/fr\/#website","url":"https:\/\/www.dramfolks-whisky-auction.com\/fr\/","name":"Dramfolks Whisky Auction","description":"","potentialAction":[{"@type":"SearchAction","target":{"@type":"EntryPoint","urlTemplate":"https:\/\/www.dramfolks-whisky-auction.com\/fr\/?s={search_term_string}"},"query-input":{"@type":"PropertyValueSpecification","valueRequired":true,"valueName":"search_term_string"}}],"inLanguage":"fr-FR"}]}},"_links":{"self":[{"href":"https:\/\/www.dramfolks-whisky-auction.com\/fr\/wp-json\/wp\/v2\/product\/816833","targetHints":{"allow":["GET"]}}],"collection":[{"href":"https:\/\/www.dramfolks-whisky-auction.com\/fr\/wp-json\/wp\/v2\/product"}],"about":[{"href":"https:\/\/www.dramfolks-whisky-auction.com\/fr\/wp-json\/wp\/v2\/types\/product"}],"replies":[{"embeddable":true,"href":"https:\/\/www.dramfolks-whisky-auction.com\/fr\/wp-json\/wp\/v2\/comments?post=816833"}],"wp:featuredmedia":[{"embeddable":true,"href":"https:\/\/www.dramfolks-whisky-auction.com\/fr\/wp-json\/wp\/v2\/media\/536372"}],"wp:attachment":[{"href":"https:\/\/www.dramfolks-whisky-auction.com\/fr\/wp-json\/wp\/v2\/media?parent=816833"}],"wp:term":[{"taxonomy":"product_brand","embeddable":true,"href":"https:\/\/www.dramfolks-whisky-auction.com\/fr\/wp-json\/wp\/v2\/product_brand?post=816833"},{"taxonomy":"product_cat","embeddable":true,"href":"https:\/\/www.dramfolks-whisky-auction.com\/fr\/wp-json\/wp\/v2\/product_cat?post=816833"},{"taxonomy":"product_tag","embeddable":true,"href":"https:\/\/www.dramfolks-whisky-auction.com\/fr\/wp-json\/wp\/v2\/product_tag?post=816833"}],"curies":[{"name":"wp","href":"https:\/\/api.w.org\/{rel}","templated":true}]}}