{"id":6728336,"date":"2026-04-03T08:36:27","date_gmt":"2026-04-03T06:36:27","guid":{"rendered":"https:\/\/www.dramfolks-whisky-auction.com\/?post_type=product&#038;p=6728336"},"modified":"2026-04-03T08:37:54","modified_gmt":"2026-04-03T06:37:54","slug":"macallan-concept-nr-2-3","status":"publish","type":"product","link":"https:\/\/www.dramfolks-whisky-auction.com\/fr\/product\/macallan-concept-nr-2-3\/","title":{"rendered":"Macallan &#8211; Concept Nr. 2"},"content":{"rendered":"<p><strong>Destille: <span class=\"v1s2\">Macallan<br \/>\n<\/span><\/strong><span class=\"v1s2\">Macallan ist eine Single Malt Scotch Whisky Destillerie in Craigellachie, Moray. Sie ist eine der \u00e4ltesten lizensierten Brennereien Schottlands und geh\u00f6rt als \u201eRolls Royce unter den Malts\u201c heute weltweit zu den bekanntesten Single Malt Whisky Marken. Neben seiner einzigartigen Whiskys hat Macallan im Jahr 2018 eine komplett neue Brennerei von den Architekten von Rogers Stirk Harbour + Partners bauen lassen. Ein 140 Millionen Pfund teures Unternehmen, mit 36 Brennblasen (12 Wash Stills und 24 Spirit Stills) und einem besonderen Meisterst\u00fcck: das Dach. Es wurden tausende, einzelne Komponenten wabengleich zusammengesetzt, die sich in f\u00fcnf Kuppeln (mit etwa 14.000 m\u00b2 Rasen bedeckt) \u00fcber die gesamt Anlage schwingen. J\u00e4hrliches Produktionsvolumen: ca. 15 Mio. Liter.<\/span><\/p>\n<p><strong>Fun Fakt:<\/strong> Macallan h\u00e4lt den einzigartigen Rekord des \u00ab\u00a0teuersten Whiskys auf der Welt\u00a0\u00bb (Stand Dez. 2022). Bei einer Auktion erzielte der extrem seltene Single Malt \u00ab\u00a01926\u00a0\u00bb den bisherigen Weltrekordpreis von rund 1,7 Millionen Euro. Destilliert wurde die unglaublich kostbare Fl\u00fcssigkeit im Jahr 1926 und 1986 aus dem Macallan-Fass mit der Nummer 263 abgef\u00fcllt \u2013 also erst nach 60-j\u00e4hriger Reifezeit. Vom Label \u00ab\u00a0Fine &amp; Rare\u00a0\u00bb wurden beim Macallan 1926 nur 14 Flaschen insgesamt abgef\u00fcllt, was die besonders strenge Limitierung dieses Whiskys unterstreicht.<\/p>\n<p><strong>Whisky\/Whiskey: Concept Nr. 2<\/strong><br \/>\nDer Macallan Concept Number 2 ist die zweite Ver\u00f6ffentlichung der limitierten Concept Series, einer Reihe, in der Macallan Whiskyherstellung mit Kunst, Kultur und insbesondere Musik verbindet. Inspiriert wurde diese Edition von Macallan\u2011Whiskymacher Steven Bremner, der neben seiner T\u00e4tigkeit als Blender auch leidenschaftlicher House\u2011Music\u2011DJ ist. Seine Idee: Die Komposition eines Whiskys folgt denselben kreativen Mustern wie das Produzieren eines Musiktracks \u2013 Schicht f\u00fcr Schicht entsteht ein harmonisches Gesamtwerk.<br \/>\nDer Whisky wurde exklusiv f\u00fcr den Global Travel Retail ver\u00f6ffentlicht und vereint drei Fasstypen: sherry\u2011seasoned American Oak, Miguel\u2011Martin\u2011Sherryf\u00e4sser und ex\u2011Bourbon\u2011Casks. Diese Kombination erzeugt ein mehrdimensionales Aromenspiel: In der Nase zeigen sich Toffee\u2011Apfel, Vanille, Beeren und warme Eichenw\u00fcrze, erg\u00e4nzt durch feine Noten von Muskat, Rosenwasser und Pistazie. Am Gaumen treten s\u00fc\u00dfes Toffee, getrocknete \u00c4pfel, Mandeln, Zimt und sanfte Holzgew\u00fcrze hervor. Der Abgang ist mittellang, weich und angenehm s\u00fc\u00df mit einem Hauch Gew\u00fcrz und Toffee.<br \/>\nMit einem Alkoholgehalt von 40 % und seiner bildstarken, musikalisch inspirierten Pr\u00e4sentation richtet sich der Concept Number 2 sowohl an Genie\u00dfer als auch an Sammler. Die limitierte Verf\u00fcgbarkeit und die kreative Verbindung von Whisky und Musik verleihen dieser Abf\u00fcllung einen besonderen Stellenwert \u2013 sowohl geschmacklich als auch kulturell&#8230;<\/p>\n<p><strong>Info Qualit\u00e4t der Flasche:<\/strong> Exzellent &#8211; ohne Besch\u00e4digungen mit originalem Macallan Siegel \/ <strong>F\u00fcllstand:<\/strong> Top shoulder<br \/>\n<strong>Info Qualit\u00e4t der Box:<\/strong> Exzellent ohne Besch\u00e4digungen<\/p>\n<p><strong>Wichtiger Hinweis:<\/strong> Die Bewertung der Flaschen und Boxen erfolgt nach \u201ebesten Wissen und Gewissen\u201c. dramfolks kann keine Gew\u00e4hrleistung f\u00fcr den Inhalt der Flaschen \u00fcbernehmen. Weitere Infos &amp; Hinweise finden Sie in unseren AGBs. Wir empfehlen Ihnen, vor der Abgabe von Geboten \u00fcber die Zoomfunktion eine Besichtigung \/ genaue Pr\u00fcfung des angebotenen Whiskys vorzunehmen. Bitte kontaktieren sie uns bei Fragen direkt unter info@dramfolks.com<\/p>\n","protected":false},"excerpt":{"rendered":"<p>Destille: Macallan Macallan ist eine Single Malt Scotch Whisky Destillerie in Craigellachie, Moray. Sie ist eine der \u00e4ltesten lizensierten Brennereien Schottlands und geh\u00f6rt als \u201eRolls Royce unter den Malts\u201c heute weltweit zu den bekanntesten Single Malt Whisky Marken. Neben seiner einzigartigen Whiskys hat Macallan im Jahr 2018 eine komplett neue Brennerei von den Architekten von[&#8230;]\n","protected":false},"featured_media":6727956,"comment_status":"closed","ping_status":"closed","template":"","meta":[],"product_brand":[],"product_cat":[1315],"product_tag":[],"class_list":{"0":"post-6728336","1":"product","2":"type-product","3":"status-publish","4":"has-post-thumbnail","6":"product_cat-no-24","8":"first","9":"instock","10":"shipping-taxable","11":"purchasable","12":"product-type-auction"},"yoast_head":"<!-- This site is optimized with the Yoast SEO plugin v27.0 - https:\/\/yoast.com\/product\/yoast-seo-wordpress\/ -->\n<title>Macallan - Concept Nr. 2 - Dramfolks Whisky Auction<\/title>\n<meta name=\"robots\" content=\"index, follow, max-snippet:-1, max-image-preview:large, max-video-preview:-1\" \/>\n<link rel=\"canonical\" href=\"https:\/\/www.dramfolks-whisky-auction.com\/fr\/product\/macallan-concept-nr-2-3\/\" \/>\n<meta property=\"og:locale\" content=\"fr_FR\" \/>\n<meta property=\"og:type\" content=\"article\" \/>\n<meta property=\"og:title\" content=\"Macallan - Concept Nr. 2 - Dramfolks Whisky Auction\" \/>\n<meta property=\"og:description\" content=\"Destille: Macallan Macallan ist eine Single Malt Scotch Whisky Destillerie in Craigellachie, Moray. Sie ist eine der \u00e4ltesten lizensierten Brennereien Schottlands und geh\u00f6rt als \u201eRolls Royce unter den Malts\u201c heute weltweit zu den bekanntesten Single Malt Whisky Marken. Neben seiner einzigartigen Whiskys hat Macallan im Jahr 2018 eine komplett neue Brennerei von den Architekten von[...]\" \/>\n<meta property=\"og:url\" content=\"https:\/\/www.dramfolks-whisky-auction.com\/fr\/product\/macallan-concept-nr-2-3\/\" \/>\n<meta property=\"og:site_name\" content=\"Dramfolks Whisky Auction\" \/>\n<meta property=\"article:modified_time\" content=\"2026-04-03T06:37:54+00:00\" \/>\n<meta property=\"og:image\" content=\"https:\/\/www.dramfolks-whisky-auction.com\/wp-content\/uploads\/2026\/02\/Macallan-Concept-2-vorne.jpg\" \/>\n\t<meta property=\"og:image:width\" content=\"2240\" \/>\n\t<meta property=\"og:image:height\" content=\"2240\" \/>\n\t<meta property=\"og:image:type\" content=\"image\/jpeg\" \/>\n<meta name=\"twitter:card\" content=\"summary_large_image\" \/>\n<meta name=\"twitter:label1\" content=\"Dur\u00e9e de lecture estim\u00e9e\" \/>\n\t<meta name=\"twitter:data1\" content=\"3 minutes\" \/>\n<script type=\"application\/ld+json\" class=\"yoast-schema-graph\">{\"@context\":\"https:\/\/schema.org\",\"@graph\":[{\"@type\":\"WebPage\",\"@id\":\"https:\/\/www.dramfolks-whisky-auction.com\/fr\/product\/macallan-concept-nr-2-3\/\",\"url\":\"https:\/\/www.dramfolks-whisky-auction.com\/fr\/product\/macallan-concept-nr-2-3\/\",\"name\":\"Macallan - Concept Nr. 2 - Dramfolks Whisky Auction\",\"isPartOf\":{\"@id\":\"https:\/\/www.dramfolks-whisky-auction.com\/fr\/#website\"},\"primaryImageOfPage\":{\"@id\":\"https:\/\/www.dramfolks-whisky-auction.com\/fr\/product\/macallan-concept-nr-2-3\/#primaryimage\"},\"image\":{\"@id\":\"https:\/\/www.dramfolks-whisky-auction.com\/fr\/product\/macallan-concept-nr-2-3\/#primaryimage\"},\"thumbnailUrl\":\"https:\/\/www.dramfolks-whisky-auction.com\/wp-content\/uploads\/2026\/02\/Macallan-Concept-2-vorne.jpg\",\"datePublished\":\"2026-04-03T06:36:27+00:00\",\"dateModified\":\"2026-04-03T06:37:54+00:00\",\"breadcrumb\":{\"@id\":\"https:\/\/www.dramfolks-whisky-auction.com\/fr\/product\/macallan-concept-nr-2-3\/#breadcrumb\"},\"inLanguage\":\"fr-FR\",\"potentialAction\":[{\"@type\":\"ReadAction\",\"target\":[\"https:\/\/www.dramfolks-whisky-auction.com\/fr\/product\/macallan-concept-nr-2-3\/\"]}]},{\"@type\":\"ImageObject\",\"inLanguage\":\"fr-FR\",\"@id\":\"https:\/\/www.dramfolks-whisky-auction.com\/fr\/product\/macallan-concept-nr-2-3\/#primaryimage\",\"url\":\"https:\/\/www.dramfolks-whisky-auction.com\/wp-content\/uploads\/2026\/02\/Macallan-Concept-2-vorne.jpg\",\"contentUrl\":\"https:\/\/www.dramfolks-whisky-auction.com\/wp-content\/uploads\/2026\/02\/Macallan-Concept-2-vorne.jpg\",\"width\":2240,\"height\":2240},{\"@type\":\"BreadcrumbList\",\"@id\":\"https:\/\/www.dramfolks-whisky-auction.com\/fr\/product\/macallan-concept-nr-2-3\/#breadcrumb\",\"itemListElement\":[{\"@type\":\"ListItem\",\"position\":1,\"name\":\"Startseite\",\"item\":\"https:\/\/www.dramfolks-whisky-auction.com\/fr\/\"},{\"@type\":\"ListItem\",\"position\":2,\"name\":\"Boutique\",\"item\":\"https:\/\/www.dramfolks-whisky-auction.com\/fr\/boutique\/\"},{\"@type\":\"ListItem\",\"position\":3,\"name\":\"Macallan &#8211; Concept Nr. 2\"}]},{\"@type\":\"WebSite\",\"@id\":\"https:\/\/www.dramfolks-whisky-auction.com\/fr\/#website\",\"url\":\"https:\/\/www.dramfolks-whisky-auction.com\/fr\/\",\"name\":\"Dramfolks Whisky Auction\",\"description\":\"\",\"potentialAction\":[{\"@type\":\"SearchAction\",\"target\":{\"@type\":\"EntryPoint\",\"urlTemplate\":\"https:\/\/www.dramfolks-whisky-auction.com\/fr\/?s={search_term_string}\"},\"query-input\":{\"@type\":\"PropertyValueSpecification\",\"valueRequired\":true,\"valueName\":\"search_term_string\"}}],\"inLanguage\":\"fr-FR\"}]}<\/script>\n<!-- \/ Yoast SEO plugin. -->","yoast_head_json":{"title":"Macallan - Concept Nr. 2 - Dramfolks Whisky Auction","robots":{"index":"index","follow":"follow","max-snippet":"max-snippet:-1","max-image-preview":"max-image-preview:large","max-video-preview":"max-video-preview:-1"},"canonical":"https:\/\/www.dramfolks-whisky-auction.com\/fr\/product\/macallan-concept-nr-2-3\/","og_locale":"fr_FR","og_type":"article","og_title":"Macallan - Concept Nr. 2 - Dramfolks Whisky Auction","og_description":"Destille: Macallan Macallan ist eine Single Malt Scotch Whisky Destillerie in Craigellachie, Moray. Sie ist eine der \u00e4ltesten lizensierten Brennereien Schottlands und geh\u00f6rt als \u201eRolls Royce unter den Malts\u201c heute weltweit zu den bekanntesten Single Malt Whisky Marken. Neben seiner einzigartigen Whiskys hat Macallan im Jahr 2018 eine komplett neue Brennerei von den Architekten von[...]","og_url":"https:\/\/www.dramfolks-whisky-auction.com\/fr\/product\/macallan-concept-nr-2-3\/","og_site_name":"Dramfolks Whisky Auction","article_modified_time":"2026-04-03T06:37:54+00:00","og_image":[{"width":2240,"height":2240,"url":"https:\/\/www.dramfolks-whisky-auction.com\/wp-content\/uploads\/2026\/02\/Macallan-Concept-2-vorne.jpg","type":"image\/jpeg"}],"twitter_card":"summary_large_image","twitter_misc":{"Dur\u00e9e de lecture estim\u00e9e":"3 minutes"},"schema":{"@context":"https:\/\/schema.org","@graph":[{"@type":"WebPage","@id":"https:\/\/www.dramfolks-whisky-auction.com\/fr\/product\/macallan-concept-nr-2-3\/","url":"https:\/\/www.dramfolks-whisky-auction.com\/fr\/product\/macallan-concept-nr-2-3\/","name":"Macallan - Concept Nr. 2 - Dramfolks Whisky Auction","isPartOf":{"@id":"https:\/\/www.dramfolks-whisky-auction.com\/fr\/#website"},"primaryImageOfPage":{"@id":"https:\/\/www.dramfolks-whisky-auction.com\/fr\/product\/macallan-concept-nr-2-3\/#primaryimage"},"image":{"@id":"https:\/\/www.dramfolks-whisky-auction.com\/fr\/product\/macallan-concept-nr-2-3\/#primaryimage"},"thumbnailUrl":"https:\/\/www.dramfolks-whisky-auction.com\/wp-content\/uploads\/2026\/02\/Macallan-Concept-2-vorne.jpg","datePublished":"2026-04-03T06:36:27+00:00","dateModified":"2026-04-03T06:37:54+00:00","breadcrumb":{"@id":"https:\/\/www.dramfolks-whisky-auction.com\/fr\/product\/macallan-concept-nr-2-3\/#breadcrumb"},"inLanguage":"fr-FR","potentialAction":[{"@type":"ReadAction","target":["https:\/\/www.dramfolks-whisky-auction.com\/fr\/product\/macallan-concept-nr-2-3\/"]}]},{"@type":"ImageObject","inLanguage":"fr-FR","@id":"https:\/\/www.dramfolks-whisky-auction.com\/fr\/product\/macallan-concept-nr-2-3\/#primaryimage","url":"https:\/\/www.dramfolks-whisky-auction.com\/wp-content\/uploads\/2026\/02\/Macallan-Concept-2-vorne.jpg","contentUrl":"https:\/\/www.dramfolks-whisky-auction.com\/wp-content\/uploads\/2026\/02\/Macallan-Concept-2-vorne.jpg","width":2240,"height":2240},{"@type":"BreadcrumbList","@id":"https:\/\/www.dramfolks-whisky-auction.com\/fr\/product\/macallan-concept-nr-2-3\/#breadcrumb","itemListElement":[{"@type":"ListItem","position":1,"name":"Startseite","item":"https:\/\/www.dramfolks-whisky-auction.com\/fr\/"},{"@type":"ListItem","position":2,"name":"Boutique","item":"https:\/\/www.dramfolks-whisky-auction.com\/fr\/boutique\/"},{"@type":"ListItem","position":3,"name":"Macallan &#8211; Concept Nr. 2"}]},{"@type":"WebSite","@id":"https:\/\/www.dramfolks-whisky-auction.com\/fr\/#website","url":"https:\/\/www.dramfolks-whisky-auction.com\/fr\/","name":"Dramfolks Whisky Auction","description":"","potentialAction":[{"@type":"SearchAction","target":{"@type":"EntryPoint","urlTemplate":"https:\/\/www.dramfolks-whisky-auction.com\/fr\/?s={search_term_string}"},"query-input":{"@type":"PropertyValueSpecification","valueRequired":true,"valueName":"search_term_string"}}],"inLanguage":"fr-FR"}]}},"_links":{"self":[{"href":"https:\/\/www.dramfolks-whisky-auction.com\/fr\/wp-json\/wp\/v2\/product\/6728336","targetHints":{"allow":["GET"]}}],"collection":[{"href":"https:\/\/www.dramfolks-whisky-auction.com\/fr\/wp-json\/wp\/v2\/product"}],"about":[{"href":"https:\/\/www.dramfolks-whisky-auction.com\/fr\/wp-json\/wp\/v2\/types\/product"}],"replies":[{"embeddable":true,"href":"https:\/\/www.dramfolks-whisky-auction.com\/fr\/wp-json\/wp\/v2\/comments?post=6728336"}],"wp:featuredmedia":[{"embeddable":true,"href":"https:\/\/www.dramfolks-whisky-auction.com\/fr\/wp-json\/wp\/v2\/media\/6727956"}],"wp:attachment":[{"href":"https:\/\/www.dramfolks-whisky-auction.com\/fr\/wp-json\/wp\/v2\/media?parent=6728336"}],"wp:term":[{"taxonomy":"product_brand","embeddable":true,"href":"https:\/\/www.dramfolks-whisky-auction.com\/fr\/wp-json\/wp\/v2\/product_brand?post=6728336"},{"taxonomy":"product_cat","embeddable":true,"href":"https:\/\/www.dramfolks-whisky-auction.com\/fr\/wp-json\/wp\/v2\/product_cat?post=6728336"},{"taxonomy":"product_tag","embeddable":true,"href":"https:\/\/www.dramfolks-whisky-auction.com\/fr\/wp-json\/wp\/v2\/product_tag?post=6728336"}],"curies":[{"name":"wp","href":"https:\/\/api.w.org\/{rel}","templated":true}]}}