{"id":6728331,"date":"2026-04-03T08:29:46","date_gmt":"2026-04-03T06:29:46","guid":{"rendered":"https:\/\/www.dramfolks-whisky-auction.com\/?post_type=product&#038;p=6728331"},"modified":"2026-04-03T08:30:20","modified_gmt":"2026-04-03T06:30:20","slug":"glenmorangie-signet-7","status":"publish","type":"product","link":"https:\/\/www.dramfolks-whisky-auction.com\/fr\/product\/glenmorangie-signet-7\/","title":{"rendered":"Glenmorangie &#8211; Signet"},"content":{"rendered":"<p><strong>Destille: Glenmorangie<\/strong><br \/>\nGlenmorangie ist eine Whiskybrennerei in Tain in den Northern Highlands von Schottland.<br \/>\n1843 von der Br\u00fcdern Matheson gegr\u00fcndet und heute einer der gr\u00f6\u00dften und bekanntesten Destillerien in den Highlands. Seit Oktober 2004 geh\u00f6rt das Unternehmen zur Gruppe Mo\u00ebt Hennessy Louis Vuitton (LVMH). Die wohl auff\u00e4lligste Besonderheit der Brennerei sind die au\u00dfergew\u00f6hnlich hohen Brennblasen. Mit acht Metern Gesamth\u00f6he und 5,14 Metern H\u00f6he oberhalb der Brennblase sind sie die h\u00f6chsten Brennblasen aller schottischen Brennereien. Dadurch wird der Glenmorangie Whisky in der Regel besonders mild.<\/p>\n<p><strong>Fun Fakt:<\/strong> Bekannt wurde Glenmorangie auch wegen der \u00ab\u00a016 Men of Tain\u00a0\u00bb Regel, was so viel bedeutet, dass immer genau 16 Mitarbeiter in der Destille besch\u00e4ftigt sein sollten. Heute durch das j\u00e4hrliche Produktionsvolumen von bis zu 10 Mio. Liter wohl nur noch eine Legende&#8230;<\/p>\n<p><strong>Whisky\/Whiskey: Signet<\/strong><br \/>\nDieser hervorragende Glenmorangie entstand aus einer Verbindung von Whiskys, die aus zwei einzigartigen Arten von gem\u00e4lzter Gerste hergestellt wurden &#8211; einer einzigen Cadboll-Sorte und gem\u00e4lzter Schokoladengerste (besser bekannt als Basis f\u00fcr Craft-Biere). Dabei wurde das Gerstenmalz stark anger\u00f6stet, so entsteht das sogenannte &lsquo;high roasted chocolate malt&rsquo;. Leider fehlt eine Altersangabe, aber Ger\u00fcchten zufolge soll der Single Malt Elemente der \u00e4ltesten und seltensten Best\u00e4nde der Destillerie enthalten (die zwischen 35 und 40 Jahre alt sind). Wundersch\u00f6n verpackt und atemberaubend arrangiert, ist der Glenmorangie Signet ein herausragender Whisky von beispiellosem Stil und Geschmack. \u00dcbrigens&#8230; der Signet wurde zum Whisky of the Year 2016 gew\u00e4hlt &#8211; genauso wie Dr. Bill Lumsden bei der International Whisky Competition 2016 zum Master Distiller of the Year ernannt wurde.<\/p>\n<p><strong>Info Qualit\u00e4t der Flasche:<\/strong> Exzellent ohne Besch\u00e4digungen \/ <strong>F\u00fcllstand:<\/strong> Top Shoulder<br \/>\n<strong>Info Qualit\u00e4t der Box:<\/strong> Exzellent ohne Besch\u00e4digungen<\/p>\n<p><strong>Wichtiger Hinweis:<\/strong> Die Bewertung der Flaschen und Boxen erfolgt nach \u201ebesten Wissen und Gewissen\u201c. dramfolks kann keine Gew\u00e4hrleistung f\u00fcr den Inhalt der Flaschen \u00fcbernehmen. Weitere Infos &amp; Hinweise finden Sie in unseren AGBs. Wir empfehlen Ihnen, vor der Abgabe von Geboten \u00fcber die Zoomfunktion eine Besichtigung \/ genaue Pr\u00fcfung des angebotenen Whiskys vorzunehmen. Bitte kontaktieren sie uns bei Fragen direkt unter info@dramfolks.com<\/p>\n","protected":false},"excerpt":{"rendered":"<p>Destille: Glenmorangie Glenmorangie ist eine Whiskybrennerei in Tain in den Northern Highlands von Schottland. 1843 von der Br\u00fcdern Matheson gegr\u00fcndet und heute einer der gr\u00f6\u00dften und bekanntesten Destillerien in den Highlands. Seit Oktober 2004 geh\u00f6rt das Unternehmen zur Gruppe Mo\u00ebt Hennessy Louis Vuitton (LVMH). Die wohl auff\u00e4lligste Besonderheit der Brennerei sind die au\u00dfergew\u00f6hnlich hohen Brennblasen.[&#8230;]\n","protected":false},"featured_media":6727902,"comment_status":"closed","ping_status":"closed","template":"","meta":[],"product_brand":[],"product_cat":[1315],"product_tag":[],"class_list":{"0":"post-6728331","1":"product","2":"type-product","3":"status-publish","4":"has-post-thumbnail","6":"product_cat-no-24","8":"first","9":"instock","10":"shipping-taxable","11":"purchasable","12":"product-type-auction"},"yoast_head":"<!-- This site is optimized with the Yoast SEO plugin v27.0 - https:\/\/yoast.com\/product\/yoast-seo-wordpress\/ -->\n<title>Glenmorangie - Signet - Dramfolks Whisky Auction<\/title>\n<meta name=\"robots\" content=\"index, follow, max-snippet:-1, max-image-preview:large, max-video-preview:-1\" \/>\n<link rel=\"canonical\" href=\"https:\/\/www.dramfolks-whisky-auction.com\/fr\/product\/glenmorangie-signet-7\/\" \/>\n<meta property=\"og:locale\" content=\"fr_FR\" \/>\n<meta property=\"og:type\" content=\"article\" \/>\n<meta property=\"og:title\" content=\"Glenmorangie - Signet - Dramfolks Whisky Auction\" \/>\n<meta property=\"og:description\" content=\"Destille: Glenmorangie Glenmorangie ist eine Whiskybrennerei in Tain in den Northern Highlands von Schottland. 1843 von der Br\u00fcdern Matheson gegr\u00fcndet und heute einer der gr\u00f6\u00dften und bekanntesten Destillerien in den Highlands. Seit Oktober 2004 geh\u00f6rt das Unternehmen zur Gruppe Mo\u00ebt Hennessy Louis Vuitton (LVMH). Die wohl auff\u00e4lligste Besonderheit der Brennerei sind die au\u00dfergew\u00f6hnlich hohen Brennblasen.[...]\" \/>\n<meta property=\"og:url\" content=\"https:\/\/www.dramfolks-whisky-auction.com\/fr\/product\/glenmorangie-signet-7\/\" \/>\n<meta property=\"og:site_name\" content=\"Dramfolks Whisky Auction\" \/>\n<meta property=\"article:modified_time\" content=\"2026-04-03T06:30:20+00:00\" \/>\n<meta property=\"og:image\" content=\"https:\/\/www.dramfolks-whisky-auction.com\/wp-content\/uploads\/2026\/02\/Signet-vorne.jpg\" \/>\n\t<meta property=\"og:image:width\" content=\"2292\" \/>\n\t<meta property=\"og:image:height\" content=\"2292\" \/>\n\t<meta property=\"og:image:type\" content=\"image\/jpeg\" \/>\n<meta name=\"twitter:card\" content=\"summary_large_image\" \/>\n<meta name=\"twitter:label1\" content=\"Dur\u00e9e de lecture estim\u00e9e\" \/>\n\t<meta name=\"twitter:data1\" content=\"3 minutes\" \/>\n<script type=\"application\/ld+json\" class=\"yoast-schema-graph\">{\"@context\":\"https:\/\/schema.org\",\"@graph\":[{\"@type\":\"WebPage\",\"@id\":\"https:\/\/www.dramfolks-whisky-auction.com\/fr\/product\/glenmorangie-signet-7\/\",\"url\":\"https:\/\/www.dramfolks-whisky-auction.com\/fr\/product\/glenmorangie-signet-7\/\",\"name\":\"Glenmorangie - Signet - Dramfolks Whisky Auction\",\"isPartOf\":{\"@id\":\"https:\/\/www.dramfolks-whisky-auction.com\/fr\/#website\"},\"primaryImageOfPage\":{\"@id\":\"https:\/\/www.dramfolks-whisky-auction.com\/fr\/product\/glenmorangie-signet-7\/#primaryimage\"},\"image\":{\"@id\":\"https:\/\/www.dramfolks-whisky-auction.com\/fr\/product\/glenmorangie-signet-7\/#primaryimage\"},\"thumbnailUrl\":\"https:\/\/www.dramfolks-whisky-auction.com\/wp-content\/uploads\/2026\/02\/Signet-vorne.jpg\",\"datePublished\":\"2026-04-03T06:29:46+00:00\",\"dateModified\":\"2026-04-03T06:30:20+00:00\",\"breadcrumb\":{\"@id\":\"https:\/\/www.dramfolks-whisky-auction.com\/fr\/product\/glenmorangie-signet-7\/#breadcrumb\"},\"inLanguage\":\"fr-FR\",\"potentialAction\":[{\"@type\":\"ReadAction\",\"target\":[\"https:\/\/www.dramfolks-whisky-auction.com\/fr\/product\/glenmorangie-signet-7\/\"]}]},{\"@type\":\"ImageObject\",\"inLanguage\":\"fr-FR\",\"@id\":\"https:\/\/www.dramfolks-whisky-auction.com\/fr\/product\/glenmorangie-signet-7\/#primaryimage\",\"url\":\"https:\/\/www.dramfolks-whisky-auction.com\/wp-content\/uploads\/2026\/02\/Signet-vorne.jpg\",\"contentUrl\":\"https:\/\/www.dramfolks-whisky-auction.com\/wp-content\/uploads\/2026\/02\/Signet-vorne.jpg\",\"width\":2292,\"height\":2292},{\"@type\":\"BreadcrumbList\",\"@id\":\"https:\/\/www.dramfolks-whisky-auction.com\/fr\/product\/glenmorangie-signet-7\/#breadcrumb\",\"itemListElement\":[{\"@type\":\"ListItem\",\"position\":1,\"name\":\"Startseite\",\"item\":\"https:\/\/www.dramfolks-whisky-auction.com\/fr\/\"},{\"@type\":\"ListItem\",\"position\":2,\"name\":\"Boutique\",\"item\":\"https:\/\/www.dramfolks-whisky-auction.com\/fr\/boutique\/\"},{\"@type\":\"ListItem\",\"position\":3,\"name\":\"Glenmorangie &#8211; Signet\"}]},{\"@type\":\"WebSite\",\"@id\":\"https:\/\/www.dramfolks-whisky-auction.com\/fr\/#website\",\"url\":\"https:\/\/www.dramfolks-whisky-auction.com\/fr\/\",\"name\":\"Dramfolks Whisky Auction\",\"description\":\"\",\"potentialAction\":[{\"@type\":\"SearchAction\",\"target\":{\"@type\":\"EntryPoint\",\"urlTemplate\":\"https:\/\/www.dramfolks-whisky-auction.com\/fr\/?s={search_term_string}\"},\"query-input\":{\"@type\":\"PropertyValueSpecification\",\"valueRequired\":true,\"valueName\":\"search_term_string\"}}],\"inLanguage\":\"fr-FR\"}]}<\/script>\n<!-- \/ Yoast SEO plugin. -->","yoast_head_json":{"title":"Glenmorangie - Signet - Dramfolks Whisky Auction","robots":{"index":"index","follow":"follow","max-snippet":"max-snippet:-1","max-image-preview":"max-image-preview:large","max-video-preview":"max-video-preview:-1"},"canonical":"https:\/\/www.dramfolks-whisky-auction.com\/fr\/product\/glenmorangie-signet-7\/","og_locale":"fr_FR","og_type":"article","og_title":"Glenmorangie - Signet - Dramfolks Whisky Auction","og_description":"Destille: Glenmorangie Glenmorangie ist eine Whiskybrennerei in Tain in den Northern Highlands von Schottland. 1843 von der Br\u00fcdern Matheson gegr\u00fcndet und heute einer der gr\u00f6\u00dften und bekanntesten Destillerien in den Highlands. Seit Oktober 2004 geh\u00f6rt das Unternehmen zur Gruppe Mo\u00ebt Hennessy Louis Vuitton (LVMH). Die wohl auff\u00e4lligste Besonderheit der Brennerei sind die au\u00dfergew\u00f6hnlich hohen Brennblasen.[...]","og_url":"https:\/\/www.dramfolks-whisky-auction.com\/fr\/product\/glenmorangie-signet-7\/","og_site_name":"Dramfolks Whisky Auction","article_modified_time":"2026-04-03T06:30:20+00:00","og_image":[{"width":2292,"height":2292,"url":"https:\/\/www.dramfolks-whisky-auction.com\/wp-content\/uploads\/2026\/02\/Signet-vorne.jpg","type":"image\/jpeg"}],"twitter_card":"summary_large_image","twitter_misc":{"Dur\u00e9e de lecture estim\u00e9e":"3 minutes"},"schema":{"@context":"https:\/\/schema.org","@graph":[{"@type":"WebPage","@id":"https:\/\/www.dramfolks-whisky-auction.com\/fr\/product\/glenmorangie-signet-7\/","url":"https:\/\/www.dramfolks-whisky-auction.com\/fr\/product\/glenmorangie-signet-7\/","name":"Glenmorangie - Signet - Dramfolks Whisky Auction","isPartOf":{"@id":"https:\/\/www.dramfolks-whisky-auction.com\/fr\/#website"},"primaryImageOfPage":{"@id":"https:\/\/www.dramfolks-whisky-auction.com\/fr\/product\/glenmorangie-signet-7\/#primaryimage"},"image":{"@id":"https:\/\/www.dramfolks-whisky-auction.com\/fr\/product\/glenmorangie-signet-7\/#primaryimage"},"thumbnailUrl":"https:\/\/www.dramfolks-whisky-auction.com\/wp-content\/uploads\/2026\/02\/Signet-vorne.jpg","datePublished":"2026-04-03T06:29:46+00:00","dateModified":"2026-04-03T06:30:20+00:00","breadcrumb":{"@id":"https:\/\/www.dramfolks-whisky-auction.com\/fr\/product\/glenmorangie-signet-7\/#breadcrumb"},"inLanguage":"fr-FR","potentialAction":[{"@type":"ReadAction","target":["https:\/\/www.dramfolks-whisky-auction.com\/fr\/product\/glenmorangie-signet-7\/"]}]},{"@type":"ImageObject","inLanguage":"fr-FR","@id":"https:\/\/www.dramfolks-whisky-auction.com\/fr\/product\/glenmorangie-signet-7\/#primaryimage","url":"https:\/\/www.dramfolks-whisky-auction.com\/wp-content\/uploads\/2026\/02\/Signet-vorne.jpg","contentUrl":"https:\/\/www.dramfolks-whisky-auction.com\/wp-content\/uploads\/2026\/02\/Signet-vorne.jpg","width":2292,"height":2292},{"@type":"BreadcrumbList","@id":"https:\/\/www.dramfolks-whisky-auction.com\/fr\/product\/glenmorangie-signet-7\/#breadcrumb","itemListElement":[{"@type":"ListItem","position":1,"name":"Startseite","item":"https:\/\/www.dramfolks-whisky-auction.com\/fr\/"},{"@type":"ListItem","position":2,"name":"Boutique","item":"https:\/\/www.dramfolks-whisky-auction.com\/fr\/boutique\/"},{"@type":"ListItem","position":3,"name":"Glenmorangie &#8211; Signet"}]},{"@type":"WebSite","@id":"https:\/\/www.dramfolks-whisky-auction.com\/fr\/#website","url":"https:\/\/www.dramfolks-whisky-auction.com\/fr\/","name":"Dramfolks Whisky Auction","description":"","potentialAction":[{"@type":"SearchAction","target":{"@type":"EntryPoint","urlTemplate":"https:\/\/www.dramfolks-whisky-auction.com\/fr\/?s={search_term_string}"},"query-input":{"@type":"PropertyValueSpecification","valueRequired":true,"valueName":"search_term_string"}}],"inLanguage":"fr-FR"}]}},"_links":{"self":[{"href":"https:\/\/www.dramfolks-whisky-auction.com\/fr\/wp-json\/wp\/v2\/product\/6728331","targetHints":{"allow":["GET"]}}],"collection":[{"href":"https:\/\/www.dramfolks-whisky-auction.com\/fr\/wp-json\/wp\/v2\/product"}],"about":[{"href":"https:\/\/www.dramfolks-whisky-auction.com\/fr\/wp-json\/wp\/v2\/types\/product"}],"replies":[{"embeddable":true,"href":"https:\/\/www.dramfolks-whisky-auction.com\/fr\/wp-json\/wp\/v2\/comments?post=6728331"}],"wp:featuredmedia":[{"embeddable":true,"href":"https:\/\/www.dramfolks-whisky-auction.com\/fr\/wp-json\/wp\/v2\/media\/6727902"}],"wp:attachment":[{"href":"https:\/\/www.dramfolks-whisky-auction.com\/fr\/wp-json\/wp\/v2\/media?parent=6728331"}],"wp:term":[{"taxonomy":"product_brand","embeddable":true,"href":"https:\/\/www.dramfolks-whisky-auction.com\/fr\/wp-json\/wp\/v2\/product_brand?post=6728331"},{"taxonomy":"product_cat","embeddable":true,"href":"https:\/\/www.dramfolks-whisky-auction.com\/fr\/wp-json\/wp\/v2\/product_cat?post=6728331"},{"taxonomy":"product_tag","embeddable":true,"href":"https:\/\/www.dramfolks-whisky-auction.com\/fr\/wp-json\/wp\/v2\/product_tag?post=6728331"}],"curies":[{"name":"wp","href":"https:\/\/api.w.org\/{rel}","templated":true}]}}