{"id":6728328,"date":"2026-04-03T08:26:30","date_gmt":"2026-04-03T06:26:30","guid":{"rendered":"https:\/\/www.dramfolks-whisky-auction.com\/?post_type=product&#038;p=6728328"},"modified":"2026-04-03T12:43:37","modified_gmt":"2026-04-03T10:43:37","slug":"waterford-rue-de-nil-4","status":"publish","type":"product","link":"https:\/\/www.dramfolks-whisky-auction.com\/fr\/product\/waterford-rue-de-nil-4\/","title":{"rendered":"Waterford &#8211; Rue de Nil"},"content":{"rendered":"<p><strong>Destille: Waterford<br \/>\n<\/strong>Die Waterford Brennerei entstand 2015, in einer umgebauten, ehemaligen Guinness Brauerei in Waterford, ganz im S\u00fcden Irlands. Der Gr\u00fcnder Mark Reynier war ehemals der Kopf hinter dem Wiederaufbau der Islay-Brennerei Bruichladdich und zuvor auch Weinh\u00e4ndler. Reynier m\u00f6chte mit seinen Whiskys das Terroir, also den herkunftsspezifischen Charakter des Getreides einfangen.<br \/>\nDas ultimative Ziel der Brennerei: einen weltweit einzigartigen, tiefgr\u00fcndigen Whisky entstehen zu lassen. Dieser entsteht in der Komposition der einzelnen \u201eSingle Origin\u201c Malts, von denen Waterford nun die ersten beiden Abf\u00fcllungen in einer limitierten Auflage auf den Markt gebracht hat. J\u00e4hrliches Produktionsvolumen: ca. 1 Mio. Liter.<\/p>\n<p><strong>Fun Fakt: <\/strong>In Waterford laufen die Dinge, im Vergleich zu anderen irischen Brennereien, etwas anders&#8230; Es wird beispielsweise zweifach- statt dreifach destilliert und auch die typisch irische Schreibweise des Whiskys mit e wird hier nicht angewandt. Man greift hier auf die alte Schreibweise ohne \u2019e\u2018 zur\u00fcck. Ein Grund hierf\u00fcr k\u00f6nnte auch sein, dass man auf die Zugabe von Zuckerkul\u00f6r (E150a) verzichtet und daher als Anspielung auch das &lsquo;e&rsquo; in der Schreibweise der Spirituosen wegl\u00e4sst.<\/p>\n<p><strong>Whisky\/Whiskey: Rue de Nil<br \/>\n<\/strong>Dieser Mikrocuv\u00e9e mit dem Namen \u00ab\u00a0Rue du Nil\u00a0\u00bb entstand aus der Zusammenarbeit zwischen der irischen Destillerie und dem Pariser Restaurant \u00ab\u00a0Frenchie&rsquo;s\u00a0\u00bb und ist der Nachfolger von \u00ab\u00a0Voyages Extraordinaires\u00a0\u00bb, der ersten exklusiven Abf\u00fcllung, die Waterford f\u00fcr einen Partner herstellt und die 2021 enth\u00fcllt wurde. Der Chefkoch und Besitzer des Frenchie&rsquo;s, Gregory Marchand, der Chef-Sommelier, Aur\u00e9lien Mass\u00e9, und Waterfords Chefdestillateur, Ned Gahan, haben sich zusammengeschlossen, um die Herausforderung anzunehmen, nach einem \u00c4quivalent f\u00fcr die seltensten und intensivsten Weine zu suchen. Er wurde in drei verschiedenen F\u00e4ssern gereift: Ex-Bourbon (24 %), franz\u00f6sische Eiche von Ch\u00e2teau Palmer (27 %) und Muskateller (49 %) und wurde zu 100% aus biodynamisch angebauter Gerste hergestellt. Exklusive, auf 1.200 Flaschen limitierte Auflage!<\/p>\n<p><strong>Info Qualit\u00e4t der Flasche:<\/strong> Exzellent &#8211; ohne Besch\u00e4digungen \/ <strong>F\u00fcllstand: <\/strong>Top shoulder<br \/>\n<strong>Info Qualit\u00e4t der Box: <\/strong>Exzellent &#8211; ohne Besch\u00e4digungen<\/p>\n<p><strong>Wichtiger Hinweis:<\/strong> Die Bewertung der Flaschen und Boxen erfolgt nach \u201ebesten Wissen und Gewissen\u201c. dramfolks kann keine Gew\u00e4hrleistung f\u00fcr den Inhalt der Flaschen \u00fcbernehmen. Weitere Infos &amp; Hinweise finden Sie in unseren AGBs. Wir empfehlen Ihnen, vor der Abgabe von Geboten \u00fcber die Zoomfunktion eine Besichtigung \/ genaue Pr\u00fcfung des angebotenen Whiskys vorzunehmen. Bitte kontaktieren sie uns bei Fragen direkt unter info@dramfolks.com<\/p>\n","protected":false},"excerpt":{"rendered":"<p>Destille: Waterford Die Waterford Brennerei entstand 2015, in einer umgebauten, ehemaligen Guinness Brauerei in Waterford, ganz im S\u00fcden Irlands. Der Gr\u00fcnder Mark Reynier war ehemals der Kopf hinter dem Wiederaufbau der Islay-Brennerei Bruichladdich und zuvor auch Weinh\u00e4ndler. Reynier m\u00f6chte mit seinen Whiskys das Terroir, also den herkunftsspezifischen Charakter des Getreides einfangen. Das ultimative Ziel der[&#8230;]\n","protected":false},"featured_media":2061285,"comment_status":"closed","ping_status":"closed","template":"","meta":[],"product_brand":[],"product_cat":[1315],"product_tag":[],"class_list":{"0":"post-6728328","1":"product","2":"type-product","3":"status-publish","4":"has-post-thumbnail","6":"product_cat-no-24","8":"first","9":"instock","10":"shipping-taxable","11":"purchasable","12":"product-type-auction"},"yoast_head":"<!-- This site is optimized with the Yoast SEO plugin v27.0 - https:\/\/yoast.com\/product\/yoast-seo-wordpress\/ -->\n<title>Waterford - Rue de Nil - Dramfolks Whisky Auction<\/title>\n<meta name=\"robots\" content=\"index, follow, max-snippet:-1, max-image-preview:large, max-video-preview:-1\" \/>\n<link rel=\"canonical\" href=\"https:\/\/www.dramfolks-whisky-auction.com\/fr\/product\/waterford-rue-de-nil-4\/\" \/>\n<meta property=\"og:locale\" content=\"fr_FR\" \/>\n<meta property=\"og:type\" content=\"article\" \/>\n<meta property=\"og:title\" content=\"Waterford - Rue de Nil - Dramfolks Whisky Auction\" \/>\n<meta property=\"og:description\" content=\"Destille: Waterford Die Waterford Brennerei entstand 2015, in einer umgebauten, ehemaligen Guinness Brauerei in Waterford, ganz im S\u00fcden Irlands. Der Gr\u00fcnder Mark Reynier war ehemals der Kopf hinter dem Wiederaufbau der Islay-Brennerei Bruichladdich und zuvor auch Weinh\u00e4ndler. Reynier m\u00f6chte mit seinen Whiskys das Terroir, also den herkunftsspezifischen Charakter des Getreides einfangen. Das ultimative Ziel der[...]\" \/>\n<meta property=\"og:url\" content=\"https:\/\/www.dramfolks-whisky-auction.com\/fr\/product\/waterford-rue-de-nil-4\/\" \/>\n<meta property=\"og:site_name\" content=\"Dramfolks Whisky Auction\" \/>\n<meta property=\"article:modified_time\" content=\"2026-04-03T10:43:37+00:00\" \/>\n<meta property=\"og:image\" content=\"https:\/\/www.dramfolks-whisky-auction.com\/wp-content\/uploads\/2025\/02\/Waterford-Rue-du-Nil-vorne-scaled.jpg\" \/>\n\t<meta property=\"og:image:width\" content=\"2560\" \/>\n\t<meta property=\"og:image:height\" content=\"2560\" \/>\n\t<meta property=\"og:image:type\" content=\"image\/jpeg\" \/>\n<meta name=\"twitter:card\" content=\"summary_large_image\" \/>\n<meta name=\"twitter:label1\" content=\"Dur\u00e9e de lecture estim\u00e9e\" \/>\n\t<meta name=\"twitter:data1\" content=\"3 minutes\" \/>\n<script type=\"application\/ld+json\" class=\"yoast-schema-graph\">{\"@context\":\"https:\/\/schema.org\",\"@graph\":[{\"@type\":\"WebPage\",\"@id\":\"https:\/\/www.dramfolks-whisky-auction.com\/fr\/product\/waterford-rue-de-nil-4\/\",\"url\":\"https:\/\/www.dramfolks-whisky-auction.com\/fr\/product\/waterford-rue-de-nil-4\/\",\"name\":\"Waterford - Rue de Nil - Dramfolks Whisky Auction\",\"isPartOf\":{\"@id\":\"https:\/\/www.dramfolks-whisky-auction.com\/fr\/#website\"},\"primaryImageOfPage\":{\"@id\":\"https:\/\/www.dramfolks-whisky-auction.com\/fr\/product\/waterford-rue-de-nil-4\/#primaryimage\"},\"image\":{\"@id\":\"https:\/\/www.dramfolks-whisky-auction.com\/fr\/product\/waterford-rue-de-nil-4\/#primaryimage\"},\"thumbnailUrl\":\"https:\/\/www.dramfolks-whisky-auction.com\/wp-content\/uploads\/2025\/02\/Waterford-Rue-du-Nil-vorne-scaled.jpg\",\"datePublished\":\"2026-04-03T06:26:30+00:00\",\"dateModified\":\"2026-04-03T10:43:37+00:00\",\"breadcrumb\":{\"@id\":\"https:\/\/www.dramfolks-whisky-auction.com\/fr\/product\/waterford-rue-de-nil-4\/#breadcrumb\"},\"inLanguage\":\"fr-FR\",\"potentialAction\":[{\"@type\":\"ReadAction\",\"target\":[\"https:\/\/www.dramfolks-whisky-auction.com\/fr\/product\/waterford-rue-de-nil-4\/\"]}]},{\"@type\":\"ImageObject\",\"inLanguage\":\"fr-FR\",\"@id\":\"https:\/\/www.dramfolks-whisky-auction.com\/fr\/product\/waterford-rue-de-nil-4\/#primaryimage\",\"url\":\"https:\/\/www.dramfolks-whisky-auction.com\/wp-content\/uploads\/2025\/02\/Waterford-Rue-du-Nil-vorne-scaled.jpg\",\"contentUrl\":\"https:\/\/www.dramfolks-whisky-auction.com\/wp-content\/uploads\/2025\/02\/Waterford-Rue-du-Nil-vorne-scaled.jpg\",\"width\":2560,\"height\":2560},{\"@type\":\"BreadcrumbList\",\"@id\":\"https:\/\/www.dramfolks-whisky-auction.com\/fr\/product\/waterford-rue-de-nil-4\/#breadcrumb\",\"itemListElement\":[{\"@type\":\"ListItem\",\"position\":1,\"name\":\"Startseite\",\"item\":\"https:\/\/www.dramfolks-whisky-auction.com\/fr\/\"},{\"@type\":\"ListItem\",\"position\":2,\"name\":\"Boutique\",\"item\":\"https:\/\/www.dramfolks-whisky-auction.com\/fr\/boutique\/\"},{\"@type\":\"ListItem\",\"position\":3,\"name\":\"Waterford &#8211; Rue de Nil\"}]},{\"@type\":\"WebSite\",\"@id\":\"https:\/\/www.dramfolks-whisky-auction.com\/fr\/#website\",\"url\":\"https:\/\/www.dramfolks-whisky-auction.com\/fr\/\",\"name\":\"Dramfolks Whisky Auction\",\"description\":\"\",\"potentialAction\":[{\"@type\":\"SearchAction\",\"target\":{\"@type\":\"EntryPoint\",\"urlTemplate\":\"https:\/\/www.dramfolks-whisky-auction.com\/fr\/?s={search_term_string}\"},\"query-input\":{\"@type\":\"PropertyValueSpecification\",\"valueRequired\":true,\"valueName\":\"search_term_string\"}}],\"inLanguage\":\"fr-FR\"}]}<\/script>\n<!-- \/ Yoast SEO plugin. -->","yoast_head_json":{"title":"Waterford - Rue de Nil - Dramfolks Whisky Auction","robots":{"index":"index","follow":"follow","max-snippet":"max-snippet:-1","max-image-preview":"max-image-preview:large","max-video-preview":"max-video-preview:-1"},"canonical":"https:\/\/www.dramfolks-whisky-auction.com\/fr\/product\/waterford-rue-de-nil-4\/","og_locale":"fr_FR","og_type":"article","og_title":"Waterford - Rue de Nil - Dramfolks Whisky Auction","og_description":"Destille: Waterford Die Waterford Brennerei entstand 2015, in einer umgebauten, ehemaligen Guinness Brauerei in Waterford, ganz im S\u00fcden Irlands. Der Gr\u00fcnder Mark Reynier war ehemals der Kopf hinter dem Wiederaufbau der Islay-Brennerei Bruichladdich und zuvor auch Weinh\u00e4ndler. Reynier m\u00f6chte mit seinen Whiskys das Terroir, also den herkunftsspezifischen Charakter des Getreides einfangen. Das ultimative Ziel der[...]","og_url":"https:\/\/www.dramfolks-whisky-auction.com\/fr\/product\/waterford-rue-de-nil-4\/","og_site_name":"Dramfolks Whisky Auction","article_modified_time":"2026-04-03T10:43:37+00:00","og_image":[{"width":2560,"height":2560,"url":"https:\/\/www.dramfolks-whisky-auction.com\/wp-content\/uploads\/2025\/02\/Waterford-Rue-du-Nil-vorne-scaled.jpg","type":"image\/jpeg"}],"twitter_card":"summary_large_image","twitter_misc":{"Dur\u00e9e de lecture estim\u00e9e":"3 minutes"},"schema":{"@context":"https:\/\/schema.org","@graph":[{"@type":"WebPage","@id":"https:\/\/www.dramfolks-whisky-auction.com\/fr\/product\/waterford-rue-de-nil-4\/","url":"https:\/\/www.dramfolks-whisky-auction.com\/fr\/product\/waterford-rue-de-nil-4\/","name":"Waterford - Rue de Nil - Dramfolks Whisky Auction","isPartOf":{"@id":"https:\/\/www.dramfolks-whisky-auction.com\/fr\/#website"},"primaryImageOfPage":{"@id":"https:\/\/www.dramfolks-whisky-auction.com\/fr\/product\/waterford-rue-de-nil-4\/#primaryimage"},"image":{"@id":"https:\/\/www.dramfolks-whisky-auction.com\/fr\/product\/waterford-rue-de-nil-4\/#primaryimage"},"thumbnailUrl":"https:\/\/www.dramfolks-whisky-auction.com\/wp-content\/uploads\/2025\/02\/Waterford-Rue-du-Nil-vorne-scaled.jpg","datePublished":"2026-04-03T06:26:30+00:00","dateModified":"2026-04-03T10:43:37+00:00","breadcrumb":{"@id":"https:\/\/www.dramfolks-whisky-auction.com\/fr\/product\/waterford-rue-de-nil-4\/#breadcrumb"},"inLanguage":"fr-FR","potentialAction":[{"@type":"ReadAction","target":["https:\/\/www.dramfolks-whisky-auction.com\/fr\/product\/waterford-rue-de-nil-4\/"]}]},{"@type":"ImageObject","inLanguage":"fr-FR","@id":"https:\/\/www.dramfolks-whisky-auction.com\/fr\/product\/waterford-rue-de-nil-4\/#primaryimage","url":"https:\/\/www.dramfolks-whisky-auction.com\/wp-content\/uploads\/2025\/02\/Waterford-Rue-du-Nil-vorne-scaled.jpg","contentUrl":"https:\/\/www.dramfolks-whisky-auction.com\/wp-content\/uploads\/2025\/02\/Waterford-Rue-du-Nil-vorne-scaled.jpg","width":2560,"height":2560},{"@type":"BreadcrumbList","@id":"https:\/\/www.dramfolks-whisky-auction.com\/fr\/product\/waterford-rue-de-nil-4\/#breadcrumb","itemListElement":[{"@type":"ListItem","position":1,"name":"Startseite","item":"https:\/\/www.dramfolks-whisky-auction.com\/fr\/"},{"@type":"ListItem","position":2,"name":"Boutique","item":"https:\/\/www.dramfolks-whisky-auction.com\/fr\/boutique\/"},{"@type":"ListItem","position":3,"name":"Waterford &#8211; Rue de Nil"}]},{"@type":"WebSite","@id":"https:\/\/www.dramfolks-whisky-auction.com\/fr\/#website","url":"https:\/\/www.dramfolks-whisky-auction.com\/fr\/","name":"Dramfolks Whisky Auction","description":"","potentialAction":[{"@type":"SearchAction","target":{"@type":"EntryPoint","urlTemplate":"https:\/\/www.dramfolks-whisky-auction.com\/fr\/?s={search_term_string}"},"query-input":{"@type":"PropertyValueSpecification","valueRequired":true,"valueName":"search_term_string"}}],"inLanguage":"fr-FR"}]}},"_links":{"self":[{"href":"https:\/\/www.dramfolks-whisky-auction.com\/fr\/wp-json\/wp\/v2\/product\/6728328","targetHints":{"allow":["GET"]}}],"collection":[{"href":"https:\/\/www.dramfolks-whisky-auction.com\/fr\/wp-json\/wp\/v2\/product"}],"about":[{"href":"https:\/\/www.dramfolks-whisky-auction.com\/fr\/wp-json\/wp\/v2\/types\/product"}],"replies":[{"embeddable":true,"href":"https:\/\/www.dramfolks-whisky-auction.com\/fr\/wp-json\/wp\/v2\/comments?post=6728328"}],"wp:featuredmedia":[{"embeddable":true,"href":"https:\/\/www.dramfolks-whisky-auction.com\/fr\/wp-json\/wp\/v2\/media\/2061285"}],"wp:attachment":[{"href":"https:\/\/www.dramfolks-whisky-auction.com\/fr\/wp-json\/wp\/v2\/media?parent=6728328"}],"wp:term":[{"taxonomy":"product_brand","embeddable":true,"href":"https:\/\/www.dramfolks-whisky-auction.com\/fr\/wp-json\/wp\/v2\/product_brand?post=6728328"},{"taxonomy":"product_cat","embeddable":true,"href":"https:\/\/www.dramfolks-whisky-auction.com\/fr\/wp-json\/wp\/v2\/product_cat?post=6728328"},{"taxonomy":"product_tag","embeddable":true,"href":"https:\/\/www.dramfolks-whisky-auction.com\/fr\/wp-json\/wp\/v2\/product_tag?post=6728328"}],"curies":[{"name":"wp","href":"https:\/\/api.w.org\/{rel}","templated":true}]}}