{"id":6728314,"date":"2026-04-03T06:53:44","date_gmt":"2026-04-03T04:53:44","guid":{"rendered":"https:\/\/www.dramfolks-whisky-auction.com\/?post_type=product&#038;p=6728314"},"modified":"2026-04-03T06:54:24","modified_gmt":"2026-04-03T04:54:24","slug":"bushmills-sherry-cask-the-steamship-collection-6","status":"publish","type":"product","link":"https:\/\/www.dramfolks-whisky-auction.com\/fr\/product\/bushmills-sherry-cask-the-steamship-collection-6\/","title":{"rendered":"Bushmills &#8211; Sherry Cask The Steamship Collection"},"content":{"rendered":"<p><strong>Destille: Bushmills<br \/>\n<\/strong>Seit mehr als 400 Jahren wird in der Bushmills Distillery im Norden Irlands feinster irischer Whiskey produziert. Der Whiskey wurde nach einem kleinen Dorf an der Nordk\u00fcste Irlands benannt, wo er heute noch produziert wird. 1608 bekam Thomas Philip die Lizenz Whiskey zu brennen, damit wurde der Grundstein f\u00fcr die Old Bushmills Distillery gelegt. Bevor die Kilbeggan Distillery wieder in Betrieb genommen wurde, war Bushmills die \u00e4lteste betriebene Destillerie. Bushmills ist die \u00e4lteste Destillerie in Irland, die dreifach destillierten Whiskey hergestellt, wodurch die Weichheit des Whiskeys kreiert wird. Ein Merkmal der Destillerie ist, dass alle Produktionsschritte in der Bushmills Distillery unter einem Dach bleiben: von der Destillation bis zur Flaschenabf\u00fcllung. So ist eine sorgf\u00e4ltige Qualit\u00e4tskontrolle sichergestellt und alle Feinheiten werden beachtet. <span class=\"ILfuVd\" lang=\"de\"><span class=\"hgKElc\">Nach Midleton ist Bushmills die zweitgr\u00f6\u00dfte irische Brennerei, mit einer j\u00e4hrlichen Produktionskapazit\u00e4t von 4,5 Millionen Litern.<\/span><\/span><\/p>\n<p><strong>Fun Fakt:\u00a0<\/strong>Der typische Charakter von Bushmills ist die Honigs\u00fc\u00dfe. Bushmills verwendet nur ausgew\u00e4hlte Eichenf\u00e4sser, in denen der Whiskey reift. Diese F\u00e4sser erhalten sie von ausgew\u00e4hlten Lieferanten. Seit langer Zeit besteht eine Lieferbeziehung zu einem spanischen Sherryfass-Lieferanten. In diesen F\u00e4ssern wird in Spanien 2 Jahre lang s\u00fc\u00dfer Oloroso Sherry gelagert, bevor sie nach Irland versendet werden. Zur\u00fcck in Irland verleihen sie dem Whiskey ihre Magie, in dem sie ein bisschen \u201eLatin spirit\u201c an den Whiskey abgeben.<\/p>\n<p><strong>Whisky\/Whiskey: Sherry Cask The Steamship Collection<br \/>\n<\/strong><span class=\"dvaccess-text\" data-font-size=\"16\" data-line-height=\"24.00\" data-letter-spacing=\"0\">Die Bushmills Distillery produzierte anl\u00e4sslich des 125.-j\u00e4hrigen Jubil\u00e4ums des firmeneigenen Bushmills Dampfschiffs verschiedene Whiskeys. Auf der damaligen Jungfernfahrt erobert du den amerikanischen und asiatischen Whiskeymarkt. Die Collection besteht aus verschiedenen Fassreifungen aus unterschiedlichen L\u00e4ndern, welche die Steamship bereiste. Der Sherry Cask Reserve reifte nach der dreifachen Destillation ausschlie\u00dflich in Oloroso F\u00e4ssern, wo er das sanfte und fruchtige Bukett abrunden konnte. <\/span>Der edle Whiskey entstand durch die Zusammenarbeit von Master Distiller Colum Egan und Master Blenderin Helen Mulholland.<\/p>\n<p><strong>Info Qualit\u00e4t der Flasche:<\/strong> Exzellent ohne Besch\u00e4digungen \/ <strong>F\u00fcllstand:<\/strong> Top shoulder<br \/>\n<strong>Info Qualit\u00e4t der Box:<\/strong> Exzellent ohne Besch\u00e4digungen<\/p>\n<p><strong>Wichtiger Hinweis:<\/strong> Die Bewertung der Flaschen und Boxen erfolgt nach \u201ebesten Wissen und Gewissen\u201c. dramfolks kann keine Gew\u00e4hrleistung f\u00fcr den Inhalt der Flaschen \u00fcbernehmen. Weitere Infos &amp; Hinweise finden Sie in unseren AGBs. Wir empfehlen Ihnen, vor der Abgabe von Geboten \u00fcber die Zoomfunktion eine Besichtigung \/ genaue Pr\u00fcfung des angebotenen Whiskys vorzunehmen. Bitte kontaktieren sie uns bei Fragen direkt unter info@dramfolks.com<\/p>\n","protected":false},"excerpt":{"rendered":"<p>Destille: Bushmills Seit mehr als 400 Jahren wird in der Bushmills Distillery im Norden Irlands feinster irischer Whiskey produziert. Der Whiskey wurde nach einem kleinen Dorf an der Nordk\u00fcste Irlands benannt, wo er heute noch produziert wird. 1608 bekam Thomas Philip die Lizenz Whiskey zu brennen, damit wurde der Grundstein f\u00fcr die Old Bushmills Distillery[&#8230;]\n","protected":false},"featured_media":5368868,"comment_status":"closed","ping_status":"closed","template":"","meta":[],"product_brand":[],"product_cat":[1315],"product_tag":[],"class_list":{"0":"post-6728314","1":"product","2":"type-product","3":"status-publish","4":"has-post-thumbnail","6":"product_cat-no-24","8":"first","9":"instock","10":"shipping-taxable","11":"purchasable","12":"product-type-auction"},"yoast_head":"<!-- This site is optimized with the Yoast SEO plugin v27.0 - https:\/\/yoast.com\/product\/yoast-seo-wordpress\/ -->\n<title>Bushmills - Sherry Cask The Steamship Collection - Dramfolks Whisky Auction<\/title>\n<meta name=\"robots\" content=\"index, follow, max-snippet:-1, max-image-preview:large, max-video-preview:-1\" \/>\n<link rel=\"canonical\" href=\"https:\/\/www.dramfolks-whisky-auction.com\/fr\/product\/bushmills-sherry-cask-the-steamship-collection-6\/\" \/>\n<meta property=\"og:locale\" content=\"fr_FR\" \/>\n<meta property=\"og:type\" content=\"article\" \/>\n<meta property=\"og:title\" content=\"Bushmills - Sherry Cask The Steamship Collection - Dramfolks Whisky Auction\" \/>\n<meta property=\"og:description\" content=\"Destille: Bushmills Seit mehr als 400 Jahren wird in der Bushmills Distillery im Norden Irlands feinster irischer Whiskey produziert. Der Whiskey wurde nach einem kleinen Dorf an der Nordk\u00fcste Irlands benannt, wo er heute noch produziert wird. 1608 bekam Thomas Philip die Lizenz Whiskey zu brennen, damit wurde der Grundstein f\u00fcr die Old Bushmills Distillery[...]\" \/>\n<meta property=\"og:url\" content=\"https:\/\/www.dramfolks-whisky-auction.com\/fr\/product\/bushmills-sherry-cask-the-steamship-collection-6\/\" \/>\n<meta property=\"og:site_name\" content=\"Dramfolks Whisky Auction\" \/>\n<meta property=\"article:modified_time\" content=\"2026-04-03T04:54:24+00:00\" \/>\n<meta property=\"og:image\" content=\"https:\/\/www.dramfolks-whisky-auction.com\/wp-content\/uploads\/2025\/09\/Bushmills-Steamship-vorne.jpg\" \/>\n\t<meta property=\"og:image:width\" content=\"2198\" \/>\n\t<meta property=\"og:image:height\" content=\"2198\" \/>\n\t<meta property=\"og:image:type\" content=\"image\/jpeg\" \/>\n<meta name=\"twitter:card\" content=\"summary_large_image\" \/>\n<meta name=\"twitter:label1\" content=\"Dur\u00e9e de lecture estim\u00e9e\" \/>\n\t<meta name=\"twitter:data1\" content=\"3 minutes\" \/>\n<script type=\"application\/ld+json\" class=\"yoast-schema-graph\">{\"@context\":\"https:\/\/schema.org\",\"@graph\":[{\"@type\":\"WebPage\",\"@id\":\"https:\/\/www.dramfolks-whisky-auction.com\/fr\/product\/bushmills-sherry-cask-the-steamship-collection-6\/\",\"url\":\"https:\/\/www.dramfolks-whisky-auction.com\/fr\/product\/bushmills-sherry-cask-the-steamship-collection-6\/\",\"name\":\"Bushmills - Sherry Cask The Steamship Collection - Dramfolks Whisky Auction\",\"isPartOf\":{\"@id\":\"https:\/\/www.dramfolks-whisky-auction.com\/fr\/#website\"},\"primaryImageOfPage\":{\"@id\":\"https:\/\/www.dramfolks-whisky-auction.com\/fr\/product\/bushmills-sherry-cask-the-steamship-collection-6\/#primaryimage\"},\"image\":{\"@id\":\"https:\/\/www.dramfolks-whisky-auction.com\/fr\/product\/bushmills-sherry-cask-the-steamship-collection-6\/#primaryimage\"},\"thumbnailUrl\":\"https:\/\/www.dramfolks-whisky-auction.com\/wp-content\/uploads\/2025\/09\/Bushmills-Steamship-vorne.jpg\",\"datePublished\":\"2026-04-03T04:53:44+00:00\",\"dateModified\":\"2026-04-03T04:54:24+00:00\",\"breadcrumb\":{\"@id\":\"https:\/\/www.dramfolks-whisky-auction.com\/fr\/product\/bushmills-sherry-cask-the-steamship-collection-6\/#breadcrumb\"},\"inLanguage\":\"fr-FR\",\"potentialAction\":[{\"@type\":\"ReadAction\",\"target\":[\"https:\/\/www.dramfolks-whisky-auction.com\/fr\/product\/bushmills-sherry-cask-the-steamship-collection-6\/\"]}]},{\"@type\":\"ImageObject\",\"inLanguage\":\"fr-FR\",\"@id\":\"https:\/\/www.dramfolks-whisky-auction.com\/fr\/product\/bushmills-sherry-cask-the-steamship-collection-6\/#primaryimage\",\"url\":\"https:\/\/www.dramfolks-whisky-auction.com\/wp-content\/uploads\/2025\/09\/Bushmills-Steamship-vorne.jpg\",\"contentUrl\":\"https:\/\/www.dramfolks-whisky-auction.com\/wp-content\/uploads\/2025\/09\/Bushmills-Steamship-vorne.jpg\",\"width\":2198,\"height\":2198},{\"@type\":\"BreadcrumbList\",\"@id\":\"https:\/\/www.dramfolks-whisky-auction.com\/fr\/product\/bushmills-sherry-cask-the-steamship-collection-6\/#breadcrumb\",\"itemListElement\":[{\"@type\":\"ListItem\",\"position\":1,\"name\":\"Startseite\",\"item\":\"https:\/\/www.dramfolks-whisky-auction.com\/fr\/\"},{\"@type\":\"ListItem\",\"position\":2,\"name\":\"Boutique\",\"item\":\"https:\/\/www.dramfolks-whisky-auction.com\/fr\/boutique\/\"},{\"@type\":\"ListItem\",\"position\":3,\"name\":\"Bushmills &#8211; Sherry Cask The Steamship Collection\"}]},{\"@type\":\"WebSite\",\"@id\":\"https:\/\/www.dramfolks-whisky-auction.com\/fr\/#website\",\"url\":\"https:\/\/www.dramfolks-whisky-auction.com\/fr\/\",\"name\":\"Dramfolks Whisky Auction\",\"description\":\"\",\"potentialAction\":[{\"@type\":\"SearchAction\",\"target\":{\"@type\":\"EntryPoint\",\"urlTemplate\":\"https:\/\/www.dramfolks-whisky-auction.com\/fr\/?s={search_term_string}\"},\"query-input\":{\"@type\":\"PropertyValueSpecification\",\"valueRequired\":true,\"valueName\":\"search_term_string\"}}],\"inLanguage\":\"fr-FR\"}]}<\/script>\n<!-- \/ Yoast SEO plugin. -->","yoast_head_json":{"title":"Bushmills - Sherry Cask The Steamship Collection - Dramfolks Whisky Auction","robots":{"index":"index","follow":"follow","max-snippet":"max-snippet:-1","max-image-preview":"max-image-preview:large","max-video-preview":"max-video-preview:-1"},"canonical":"https:\/\/www.dramfolks-whisky-auction.com\/fr\/product\/bushmills-sherry-cask-the-steamship-collection-6\/","og_locale":"fr_FR","og_type":"article","og_title":"Bushmills - Sherry Cask The Steamship Collection - Dramfolks Whisky Auction","og_description":"Destille: Bushmills Seit mehr als 400 Jahren wird in der Bushmills Distillery im Norden Irlands feinster irischer Whiskey produziert. Der Whiskey wurde nach einem kleinen Dorf an der Nordk\u00fcste Irlands benannt, wo er heute noch produziert wird. 1608 bekam Thomas Philip die Lizenz Whiskey zu brennen, damit wurde der Grundstein f\u00fcr die Old Bushmills Distillery[...]","og_url":"https:\/\/www.dramfolks-whisky-auction.com\/fr\/product\/bushmills-sherry-cask-the-steamship-collection-6\/","og_site_name":"Dramfolks Whisky Auction","article_modified_time":"2026-04-03T04:54:24+00:00","og_image":[{"width":2198,"height":2198,"url":"https:\/\/www.dramfolks-whisky-auction.com\/wp-content\/uploads\/2025\/09\/Bushmills-Steamship-vorne.jpg","type":"image\/jpeg"}],"twitter_card":"summary_large_image","twitter_misc":{"Dur\u00e9e de lecture estim\u00e9e":"3 minutes"},"schema":{"@context":"https:\/\/schema.org","@graph":[{"@type":"WebPage","@id":"https:\/\/www.dramfolks-whisky-auction.com\/fr\/product\/bushmills-sherry-cask-the-steamship-collection-6\/","url":"https:\/\/www.dramfolks-whisky-auction.com\/fr\/product\/bushmills-sherry-cask-the-steamship-collection-6\/","name":"Bushmills - Sherry Cask The Steamship Collection - Dramfolks Whisky Auction","isPartOf":{"@id":"https:\/\/www.dramfolks-whisky-auction.com\/fr\/#website"},"primaryImageOfPage":{"@id":"https:\/\/www.dramfolks-whisky-auction.com\/fr\/product\/bushmills-sherry-cask-the-steamship-collection-6\/#primaryimage"},"image":{"@id":"https:\/\/www.dramfolks-whisky-auction.com\/fr\/product\/bushmills-sherry-cask-the-steamship-collection-6\/#primaryimage"},"thumbnailUrl":"https:\/\/www.dramfolks-whisky-auction.com\/wp-content\/uploads\/2025\/09\/Bushmills-Steamship-vorne.jpg","datePublished":"2026-04-03T04:53:44+00:00","dateModified":"2026-04-03T04:54:24+00:00","breadcrumb":{"@id":"https:\/\/www.dramfolks-whisky-auction.com\/fr\/product\/bushmills-sherry-cask-the-steamship-collection-6\/#breadcrumb"},"inLanguage":"fr-FR","potentialAction":[{"@type":"ReadAction","target":["https:\/\/www.dramfolks-whisky-auction.com\/fr\/product\/bushmills-sherry-cask-the-steamship-collection-6\/"]}]},{"@type":"ImageObject","inLanguage":"fr-FR","@id":"https:\/\/www.dramfolks-whisky-auction.com\/fr\/product\/bushmills-sherry-cask-the-steamship-collection-6\/#primaryimage","url":"https:\/\/www.dramfolks-whisky-auction.com\/wp-content\/uploads\/2025\/09\/Bushmills-Steamship-vorne.jpg","contentUrl":"https:\/\/www.dramfolks-whisky-auction.com\/wp-content\/uploads\/2025\/09\/Bushmills-Steamship-vorne.jpg","width":2198,"height":2198},{"@type":"BreadcrumbList","@id":"https:\/\/www.dramfolks-whisky-auction.com\/fr\/product\/bushmills-sherry-cask-the-steamship-collection-6\/#breadcrumb","itemListElement":[{"@type":"ListItem","position":1,"name":"Startseite","item":"https:\/\/www.dramfolks-whisky-auction.com\/fr\/"},{"@type":"ListItem","position":2,"name":"Boutique","item":"https:\/\/www.dramfolks-whisky-auction.com\/fr\/boutique\/"},{"@type":"ListItem","position":3,"name":"Bushmills &#8211; Sherry Cask The Steamship Collection"}]},{"@type":"WebSite","@id":"https:\/\/www.dramfolks-whisky-auction.com\/fr\/#website","url":"https:\/\/www.dramfolks-whisky-auction.com\/fr\/","name":"Dramfolks Whisky Auction","description":"","potentialAction":[{"@type":"SearchAction","target":{"@type":"EntryPoint","urlTemplate":"https:\/\/www.dramfolks-whisky-auction.com\/fr\/?s={search_term_string}"},"query-input":{"@type":"PropertyValueSpecification","valueRequired":true,"valueName":"search_term_string"}}],"inLanguage":"fr-FR"}]}},"_links":{"self":[{"href":"https:\/\/www.dramfolks-whisky-auction.com\/fr\/wp-json\/wp\/v2\/product\/6728314","targetHints":{"allow":["GET"]}}],"collection":[{"href":"https:\/\/www.dramfolks-whisky-auction.com\/fr\/wp-json\/wp\/v2\/product"}],"about":[{"href":"https:\/\/www.dramfolks-whisky-auction.com\/fr\/wp-json\/wp\/v2\/types\/product"}],"replies":[{"embeddable":true,"href":"https:\/\/www.dramfolks-whisky-auction.com\/fr\/wp-json\/wp\/v2\/comments?post=6728314"}],"wp:featuredmedia":[{"embeddable":true,"href":"https:\/\/www.dramfolks-whisky-auction.com\/fr\/wp-json\/wp\/v2\/media\/5368868"}],"wp:attachment":[{"href":"https:\/\/www.dramfolks-whisky-auction.com\/fr\/wp-json\/wp\/v2\/media?parent=6728314"}],"wp:term":[{"taxonomy":"product_brand","embeddable":true,"href":"https:\/\/www.dramfolks-whisky-auction.com\/fr\/wp-json\/wp\/v2\/product_brand?post=6728314"},{"taxonomy":"product_cat","embeddable":true,"href":"https:\/\/www.dramfolks-whisky-auction.com\/fr\/wp-json\/wp\/v2\/product_cat?post=6728314"},{"taxonomy":"product_tag","embeddable":true,"href":"https:\/\/www.dramfolks-whisky-auction.com\/fr\/wp-json\/wp\/v2\/product_tag?post=6728314"}],"curies":[{"name":"wp","href":"https:\/\/api.w.org\/{rel}","templated":true}]}}