{"id":6727919,"date":"2026-02-21T10:58:54","date_gmt":"2026-02-21T09:58:54","guid":{"rendered":"https:\/\/www.dramfolks-whisky-auction.com\/?post_type=product&#038;p=6727919"},"modified":"2026-03-08T19:46:15","modified_gmt":"2026-03-08T18:46:15","slug":"royal-brackla-18yo","status":"publish","type":"product","link":"https:\/\/www.dramfolks-whisky-auction.com\/fr\/product\/royal-brackla-18yo\/","title":{"rendered":"Royal Brackla &#8211; 18yo"},"content":{"rendered":"<p><strong>Destille: Royal Brackla<span class=\"v1s2\"><br \/>\n<\/span><\/strong>Royal Brackla, auch kurz Brackla genannt, ist eine Whiskybrennerei in Cawdor, Inverness-shire, Schottland, Gro\u00dfbritannien. Die Brennerei wurde 1812 durch William Fraser gegr\u00fcndet. 1852 \u00fcbernahm Robert Fraser die Destillerie. Um 1860 stiegen Andrew Usher &amp; Co mit ins Gesch\u00e4ft ein &#8211; denen nachgesagt wird, dass sie das Blenden von Whisky erfunden haben sollen. 1898 wurde die Brackla Distillery Co Ltd gegr\u00fcndet, welche 1926 von John Bisset &amp; Co \u00fcbernommen wurde. 1943 wurden diese, und damit die Brennerei, von der Distillers Company Limited (DCL) geschluckt, welche die Leitung an ihre Tochter Scottish Malt Distillers (SMD) \u00fcbertrugen. Im Zweiten Weltkrieg diente die Destillerie der Royal Air Force als St\u00fctzpunkt. Von 1965 bis 1966 wurde die Brennerei renoviert und die eigenen Malzb\u00f6den stillgelegt. Die Destillerie wurde 1970 von zwei auf vier Brennblasen erweitert, 1985 komplett stillgelegt und 1991 wiederer\u00f6ffnet. 1998 musste United Distillers (UD) (heute Diageo) die Brennerei an Bacardi verkaufen, um die Auflagen des Kartellamtes zu erf\u00fcllen. Royal Brackla wird heute von der Bacardi-Tochter John Dewar &amp; Sons betrieben, zu denen 5 weitere schottische Destillerien geh\u00f6ren. J\u00e4hrliche Produktionskapazit\u00e4t: ca. 4,1 Mio. Liter.<\/p>\n<p><strong>Fun Fakt:<\/strong> K\u00f6niglich&#8230; Seit 1835 darf Brackla, als erste Destillerie \u00fcberhaupt, das ihr von K\u00f6nig William IV. verliehene Royal im Namen tragen! Welch gro\u00dfe Ehre, denn aktuell gibt es nur 2 weitere Destillerien, die ebenfalls ein Royal offiziell im Namen nutzen d\u00fcrfen&#8230; Royal Lochnagar und Glenury Royal.<\/p>\n<p><strong>Whisky\/Whiskey: 18yo<\/strong><br \/>\nDer 18-j\u00e4hrige Royal Brackla erstrahlt im neuen, hellen Design der Highland Brennerei. Nach seiner Reifung in dreierlei amerikanischen Eichenf\u00e4ssern (erstbef\u00fcllt, wiederbef\u00fcllt und wiederaufbereitet) wurde der Malt noch in Palo Cortado Sherryf\u00e4ssern veredelt. Sein Hersteller schafft es im Jahr auf fast vier Millionen Liter, aber fast die gesamte Produktionsmenge flie\u00dft in Blends wie von Dewar&rsquo;s ein. Umso mehr Aufmerksamkeit verdienen die paar Tausend F\u00e4sser, die f\u00fcr Highland Malt unter dem eigenen Namen reserviert werden. Hin und wieder greifen auch unabh\u00e4ngige Abf\u00fcller die Destillerie auf. Was den Royal Brackla 18 Years Single Malt Scotch Whisky angeht, so stammt er vom Betrieb selbst und verk\u00f6rpert den Haus-Stil.<\/p>\n<p><strong>Info Qualit\u00e4t der Flasche:<\/strong> Exzellent &#8211; ohne Besch\u00e4digungen \/ <strong>F\u00fcllstand: <\/strong>Into neck<br \/>\n<strong>Info Qualit\u00e4t der Box:\u00a0<\/strong>Exzellent &#8211; ohne Besch\u00e4digungen<\/p>\n<p><strong>Wichtiger Hinweis:<\/strong> Die Bewertung der Flaschen und Boxen erfolgt nach \u201ebesten Wissen und Gewissen\u201c. dramfolks kann keine Gew\u00e4hrleistung f\u00fcr den Inhalt der Flaschen \u00fcbernehmen. Weitere Infos &amp; Hinweise finden Sie in unseren AGBs. Wir empfehlen Ihnen, vor der Abgabe von Geboten \u00fcber die Zoomfunktion eine Besichtigung \/ genaue Pr\u00fcfung des angebotenen Whiskys vorzunehmen. Bitte kontaktieren sie uns bei Fragen direkt unter info@dramfolks.com<\/p>\n","protected":false},"excerpt":{"rendered":"<p>Destille: Royal Brackla Royal Brackla, auch kurz Brackla genannt, ist eine Whiskybrennerei in Cawdor, Inverness-shire, Schottland, Gro\u00dfbritannien. Die Brennerei wurde 1812 durch William Fraser gegr\u00fcndet. 1852 \u00fcbernahm Robert Fraser die Destillerie. Um 1860 stiegen Andrew Usher &amp; Co mit ins Gesch\u00e4ft ein &#8211; denen nachgesagt wird, dass sie das Blenden von Whisky erfunden haben sollen.[&#8230;]\n","protected":false},"featured_media":6727920,"comment_status":"closed","ping_status":"closed","template":"","meta":[],"product_brand":[],"product_cat":[1304],"product_tag":[],"class_list":{"0":"post-6727919","1":"product","2":"type-product","3":"status-publish","4":"has-post-thumbnail","6":"product_cat-no-23","8":"first","9":"instock","10":"shipping-taxable","11":"purchasable","12":"product-type-auction"},"yoast_head":"<!-- This site is optimized with the Yoast SEO plugin v27.0 - https:\/\/yoast.com\/product\/yoast-seo-wordpress\/ -->\n<title>Royal Brackla - 18yo - Dramfolks Whisky Auction<\/title>\n<meta name=\"robots\" content=\"index, follow, max-snippet:-1, max-image-preview:large, max-video-preview:-1\" \/>\n<link rel=\"canonical\" href=\"https:\/\/www.dramfolks-whisky-auction.com\/fr\/product\/royal-brackla-18yo\/\" \/>\n<meta property=\"og:locale\" content=\"fr_FR\" \/>\n<meta property=\"og:type\" content=\"article\" \/>\n<meta property=\"og:title\" content=\"Royal Brackla - 18yo - Dramfolks Whisky Auction\" \/>\n<meta property=\"og:description\" content=\"Destille: Royal Brackla Royal Brackla, auch kurz Brackla genannt, ist eine Whiskybrennerei in Cawdor, Inverness-shire, Schottland, Gro\u00dfbritannien. Die Brennerei wurde 1812 durch William Fraser gegr\u00fcndet. 1852 \u00fcbernahm Robert Fraser die Destillerie. Um 1860 stiegen Andrew Usher &amp; Co mit ins Gesch\u00e4ft ein &#8211; denen nachgesagt wird, dass sie das Blenden von Whisky erfunden haben sollen.[...]\" \/>\n<meta property=\"og:url\" content=\"https:\/\/www.dramfolks-whisky-auction.com\/fr\/product\/royal-brackla-18yo\/\" \/>\n<meta property=\"og:site_name\" content=\"Dramfolks Whisky Auction\" \/>\n<meta property=\"article:modified_time\" content=\"2026-03-08T18:46:15+00:00\" \/>\n<meta property=\"og:image\" content=\"https:\/\/www.dramfolks-whisky-auction.com\/wp-content\/uploads\/2026\/02\/Royal-Brackla-18yo-vorne.jpg\" \/>\n\t<meta property=\"og:image:width\" content=\"2388\" \/>\n\t<meta property=\"og:image:height\" content=\"2388\" \/>\n\t<meta property=\"og:image:type\" content=\"image\/jpeg\" \/>\n<meta name=\"twitter:card\" content=\"summary_large_image\" \/>\n<meta name=\"twitter:label1\" content=\"Dur\u00e9e de lecture estim\u00e9e\" \/>\n\t<meta name=\"twitter:data1\" content=\"3 minutes\" \/>\n<script type=\"application\/ld+json\" class=\"yoast-schema-graph\">{\"@context\":\"https:\/\/schema.org\",\"@graph\":[{\"@type\":\"WebPage\",\"@id\":\"https:\/\/www.dramfolks-whisky-auction.com\/fr\/product\/royal-brackla-18yo\/\",\"url\":\"https:\/\/www.dramfolks-whisky-auction.com\/fr\/product\/royal-brackla-18yo\/\",\"name\":\"Royal Brackla - 18yo - Dramfolks Whisky Auction\",\"isPartOf\":{\"@id\":\"https:\/\/www.dramfolks-whisky-auction.com\/fr\/#website\"},\"primaryImageOfPage\":{\"@id\":\"https:\/\/www.dramfolks-whisky-auction.com\/fr\/product\/royal-brackla-18yo\/#primaryimage\"},\"image\":{\"@id\":\"https:\/\/www.dramfolks-whisky-auction.com\/fr\/product\/royal-brackla-18yo\/#primaryimage\"},\"thumbnailUrl\":\"https:\/\/www.dramfolks-whisky-auction.com\/wp-content\/uploads\/2026\/02\/Royal-Brackla-18yo-vorne.jpg\",\"datePublished\":\"2026-02-21T09:58:54+00:00\",\"dateModified\":\"2026-03-08T18:46:15+00:00\",\"breadcrumb\":{\"@id\":\"https:\/\/www.dramfolks-whisky-auction.com\/fr\/product\/royal-brackla-18yo\/#breadcrumb\"},\"inLanguage\":\"fr-FR\",\"potentialAction\":[{\"@type\":\"ReadAction\",\"target\":[\"https:\/\/www.dramfolks-whisky-auction.com\/fr\/product\/royal-brackla-18yo\/\"]}]},{\"@type\":\"ImageObject\",\"inLanguage\":\"fr-FR\",\"@id\":\"https:\/\/www.dramfolks-whisky-auction.com\/fr\/product\/royal-brackla-18yo\/#primaryimage\",\"url\":\"https:\/\/www.dramfolks-whisky-auction.com\/wp-content\/uploads\/2026\/02\/Royal-Brackla-18yo-vorne.jpg\",\"contentUrl\":\"https:\/\/www.dramfolks-whisky-auction.com\/wp-content\/uploads\/2026\/02\/Royal-Brackla-18yo-vorne.jpg\",\"width\":2388,\"height\":2388},{\"@type\":\"BreadcrumbList\",\"@id\":\"https:\/\/www.dramfolks-whisky-auction.com\/fr\/product\/royal-brackla-18yo\/#breadcrumb\",\"itemListElement\":[{\"@type\":\"ListItem\",\"position\":1,\"name\":\"Startseite\",\"item\":\"https:\/\/www.dramfolks-whisky-auction.com\/fr\/\"},{\"@type\":\"ListItem\",\"position\":2,\"name\":\"Boutique\",\"item\":\"https:\/\/www.dramfolks-whisky-auction.com\/fr\/boutique\/\"},{\"@type\":\"ListItem\",\"position\":3,\"name\":\"Royal Brackla &#8211; 18yo\"}]},{\"@type\":\"WebSite\",\"@id\":\"https:\/\/www.dramfolks-whisky-auction.com\/fr\/#website\",\"url\":\"https:\/\/www.dramfolks-whisky-auction.com\/fr\/\",\"name\":\"Dramfolks Whisky Auction\",\"description\":\"\",\"potentialAction\":[{\"@type\":\"SearchAction\",\"target\":{\"@type\":\"EntryPoint\",\"urlTemplate\":\"https:\/\/www.dramfolks-whisky-auction.com\/fr\/?s={search_term_string}\"},\"query-input\":{\"@type\":\"PropertyValueSpecification\",\"valueRequired\":true,\"valueName\":\"search_term_string\"}}],\"inLanguage\":\"fr-FR\"}]}<\/script>\n<!-- \/ Yoast SEO plugin. -->","yoast_head_json":{"title":"Royal Brackla - 18yo - Dramfolks Whisky Auction","robots":{"index":"index","follow":"follow","max-snippet":"max-snippet:-1","max-image-preview":"max-image-preview:large","max-video-preview":"max-video-preview:-1"},"canonical":"https:\/\/www.dramfolks-whisky-auction.com\/fr\/product\/royal-brackla-18yo\/","og_locale":"fr_FR","og_type":"article","og_title":"Royal Brackla - 18yo - Dramfolks Whisky Auction","og_description":"Destille: Royal Brackla Royal Brackla, auch kurz Brackla genannt, ist eine Whiskybrennerei in Cawdor, Inverness-shire, Schottland, Gro\u00dfbritannien. Die Brennerei wurde 1812 durch William Fraser gegr\u00fcndet. 1852 \u00fcbernahm Robert Fraser die Destillerie. Um 1860 stiegen Andrew Usher &amp; Co mit ins Gesch\u00e4ft ein &#8211; denen nachgesagt wird, dass sie das Blenden von Whisky erfunden haben sollen.[...]","og_url":"https:\/\/www.dramfolks-whisky-auction.com\/fr\/product\/royal-brackla-18yo\/","og_site_name":"Dramfolks Whisky Auction","article_modified_time":"2026-03-08T18:46:15+00:00","og_image":[{"width":2388,"height":2388,"url":"https:\/\/www.dramfolks-whisky-auction.com\/wp-content\/uploads\/2026\/02\/Royal-Brackla-18yo-vorne.jpg","type":"image\/jpeg"}],"twitter_card":"summary_large_image","twitter_misc":{"Dur\u00e9e de lecture estim\u00e9e":"3 minutes"},"schema":{"@context":"https:\/\/schema.org","@graph":[{"@type":"WebPage","@id":"https:\/\/www.dramfolks-whisky-auction.com\/fr\/product\/royal-brackla-18yo\/","url":"https:\/\/www.dramfolks-whisky-auction.com\/fr\/product\/royal-brackla-18yo\/","name":"Royal Brackla - 18yo - Dramfolks Whisky Auction","isPartOf":{"@id":"https:\/\/www.dramfolks-whisky-auction.com\/fr\/#website"},"primaryImageOfPage":{"@id":"https:\/\/www.dramfolks-whisky-auction.com\/fr\/product\/royal-brackla-18yo\/#primaryimage"},"image":{"@id":"https:\/\/www.dramfolks-whisky-auction.com\/fr\/product\/royal-brackla-18yo\/#primaryimage"},"thumbnailUrl":"https:\/\/www.dramfolks-whisky-auction.com\/wp-content\/uploads\/2026\/02\/Royal-Brackla-18yo-vorne.jpg","datePublished":"2026-02-21T09:58:54+00:00","dateModified":"2026-03-08T18:46:15+00:00","breadcrumb":{"@id":"https:\/\/www.dramfolks-whisky-auction.com\/fr\/product\/royal-brackla-18yo\/#breadcrumb"},"inLanguage":"fr-FR","potentialAction":[{"@type":"ReadAction","target":["https:\/\/www.dramfolks-whisky-auction.com\/fr\/product\/royal-brackla-18yo\/"]}]},{"@type":"ImageObject","inLanguage":"fr-FR","@id":"https:\/\/www.dramfolks-whisky-auction.com\/fr\/product\/royal-brackla-18yo\/#primaryimage","url":"https:\/\/www.dramfolks-whisky-auction.com\/wp-content\/uploads\/2026\/02\/Royal-Brackla-18yo-vorne.jpg","contentUrl":"https:\/\/www.dramfolks-whisky-auction.com\/wp-content\/uploads\/2026\/02\/Royal-Brackla-18yo-vorne.jpg","width":2388,"height":2388},{"@type":"BreadcrumbList","@id":"https:\/\/www.dramfolks-whisky-auction.com\/fr\/product\/royal-brackla-18yo\/#breadcrumb","itemListElement":[{"@type":"ListItem","position":1,"name":"Startseite","item":"https:\/\/www.dramfolks-whisky-auction.com\/fr\/"},{"@type":"ListItem","position":2,"name":"Boutique","item":"https:\/\/www.dramfolks-whisky-auction.com\/fr\/boutique\/"},{"@type":"ListItem","position":3,"name":"Royal Brackla &#8211; 18yo"}]},{"@type":"WebSite","@id":"https:\/\/www.dramfolks-whisky-auction.com\/fr\/#website","url":"https:\/\/www.dramfolks-whisky-auction.com\/fr\/","name":"Dramfolks Whisky Auction","description":"","potentialAction":[{"@type":"SearchAction","target":{"@type":"EntryPoint","urlTemplate":"https:\/\/www.dramfolks-whisky-auction.com\/fr\/?s={search_term_string}"},"query-input":{"@type":"PropertyValueSpecification","valueRequired":true,"valueName":"search_term_string"}}],"inLanguage":"fr-FR"}]}},"_links":{"self":[{"href":"https:\/\/www.dramfolks-whisky-auction.com\/fr\/wp-json\/wp\/v2\/product\/6727919","targetHints":{"allow":["GET"]}}],"collection":[{"href":"https:\/\/www.dramfolks-whisky-auction.com\/fr\/wp-json\/wp\/v2\/product"}],"about":[{"href":"https:\/\/www.dramfolks-whisky-auction.com\/fr\/wp-json\/wp\/v2\/types\/product"}],"replies":[{"embeddable":true,"href":"https:\/\/www.dramfolks-whisky-auction.com\/fr\/wp-json\/wp\/v2\/comments?post=6727919"}],"wp:featuredmedia":[{"embeddable":true,"href":"https:\/\/www.dramfolks-whisky-auction.com\/fr\/wp-json\/wp\/v2\/media\/6727920"}],"wp:attachment":[{"href":"https:\/\/www.dramfolks-whisky-auction.com\/fr\/wp-json\/wp\/v2\/media?parent=6727919"}],"wp:term":[{"taxonomy":"product_brand","embeddable":true,"href":"https:\/\/www.dramfolks-whisky-auction.com\/fr\/wp-json\/wp\/v2\/product_brand?post=6727919"},{"taxonomy":"product_cat","embeddable":true,"href":"https:\/\/www.dramfolks-whisky-auction.com\/fr\/wp-json\/wp\/v2\/product_cat?post=6727919"},{"taxonomy":"product_tag","embeddable":true,"href":"https:\/\/www.dramfolks-whisky-auction.com\/fr\/wp-json\/wp\/v2\/product_tag?post=6727919"}],"curies":[{"name":"wp","href":"https:\/\/api.w.org\/{rel}","templated":true}]}}