{"id":6727894,"date":"2026-02-21T10:27:06","date_gmt":"2026-02-21T09:27:06","guid":{"rendered":"https:\/\/www.dramfolks-whisky-auction.com\/?post_type=product&#038;p=6727894"},"modified":"2026-03-08T19:46:17","modified_gmt":"2026-03-08T18:46:17","slug":"tomintoul-tawny-port-cask","status":"publish","type":"product","link":"https:\/\/www.dramfolks-whisky-auction.com\/fr\/product\/tomintoul-tawny-port-cask\/","title":{"rendered":"Tomintoul &#8211; Tawny Port Cask"},"content":{"rendered":"<p><strong>Destille: Tomintoul<br \/>\n<\/strong>Die Brennerei Tomintoul liegt im ber\u00fchmten Tal des Flusses Livet. Im Herzen der Speyside liegt in Ballindalloch unweit von Tomintoul, dem h\u00f6chstgelegensten Dorf Schottlands, die gleichnamige Whisky-Brennerei. Die beiden Whiskyh\u00e4ndler W. &amp; S. Strong &amp; Co. und Hay &amp; HacLeod &amp; Co aus Glasgow gr\u00fcndeten 1964 das Unternehmen Tomintoul Distillery Ltd. und im Juli 1965 wurde die Tomintoul Destillerie gebaut. Nur rund ein Jahrzehnt betrieb man die Brennerei, bevor sie 1973 an den Scottish &amp; Universal Investment Trust ver\u00e4u\u00dfert wurde. Neben Tomintoul erwarb der Trust auch die Fettercairn Brennerei und den Blender Whyte &amp; Mackay, in dessen Verwaltung die Brennereien eingegliedert wurden. Immer im Schlepptau von Whyte &amp; Mackay war die Tomintoul Brennerei, bis diese im Jahr 2000 an die englische Firma Angus Dee Ltd. verkauft wurde. Tomintoul l\u00e4uft mit voller Auslastung 46 Wochen im Jahr 24\/7, was einer j\u00e4hrlichen Produktionsmenge von 3,3 Millionen Litern entspricht.<\/p>\n<p><strong>Fun fact 1:<\/strong> Wasser ist die Lebensquelle jeder Whiskybrennerei und deshalb entstanden sie immer dort, wo ausreichendes und gutes Wasser vorhanden war. Vor dem Bau der Tomintoul Brennerei wurde ein Jahr gesucht, bis die Ballantruan Quelle gefunden wurde und damit der Standort festgelegt werden konnte.<\/p>\n<p><strong>Fun fact 2:<\/strong> Tomintoul verf\u00fcgt \u00fcber spezielle energiesparende W\u00e4rmetauscher. Nach Abk\u00fchlung der Alkohold\u00e4mpfe wird die aufgefangene W\u00e4rme wieder der Maische zugef\u00fchrt.<\/p>\n<p><strong>Whisky\/Whiskey: Tawny Port Cask\u00a0<\/strong><br \/>\nF\u00fcr den Tomintoul Small Batch Tawny Port Cask Finish wurden ausgew\u00e4hlte, in Ex-Bourbonf\u00e4ssern gereifte, Tomintoul Whiskys miteinander verm\u00e4hlt und erhielten anschlie\u00dfend ein Finish in handverlesenen Tawny Portweinf\u00e4ssern aus Portugal. Dieser Whisky ist Teil der neuen Wood-Finish-Range von Tomintoul und begeistert durch seine perfekte Mischung aus Frucht und W\u00fcrze.<\/p>\n<p><strong>Info Qualit\u00e4t der Flasche:<\/strong> Exzellent &#8211; ohne Besch\u00e4digungen \/ <strong>F\u00fcllstand:<\/strong> Into neck<br \/>\n<strong>Info Qualit\u00e4t der Box:<\/strong> Exzellent &#8211; ohne Besch\u00e4digungen<\/p>\n<p><strong>Wichtiger Hinweis:<\/strong> Die Bewertung der Flaschen und Boxen erfolgt nach \u201ebesten Wissen und Gewissen\u201c. dramfolks kann keine Gew\u00e4hrleistung f\u00fcr den Inhalt der Flaschen \u00fcbernehmen. Weitere Infos &amp; Hinweise finden Sie in unseren AGBs. Wir empfehlen Ihnen, vor der Abgabe von Geboten \u00fcber die Zoomfunktion eine Besichtigung \/ genaue Pr\u00fcfung des angebotenen Whiskys vorzunehmen. Bitte kontaktieren sie uns bei Fragen direkt unter info@dramfolks.com<\/p>\n","protected":false},"excerpt":{"rendered":"<p>Destille: Tomintoul Die Brennerei Tomintoul liegt im ber\u00fchmten Tal des Flusses Livet. Im Herzen der Speyside liegt in Ballindalloch unweit von Tomintoul, dem h\u00f6chstgelegensten Dorf Schottlands, die gleichnamige Whisky-Brennerei. Die beiden Whiskyh\u00e4ndler W. &amp; S. Strong &amp; Co. und Hay &amp; HacLeod &amp; Co aus Glasgow gr\u00fcndeten 1964 das Unternehmen Tomintoul Distillery Ltd. und im[&#8230;]\n","protected":false},"featured_media":6727895,"comment_status":"closed","ping_status":"closed","template":"","meta":[],"product_brand":[],"product_cat":[1304],"product_tag":[],"class_list":{"0":"post-6727894","1":"product","2":"type-product","3":"status-publish","4":"has-post-thumbnail","6":"product_cat-no-23","8":"first","9":"instock","10":"shipping-taxable","11":"purchasable","12":"product-type-auction"},"yoast_head":"<!-- This site is optimized with the Yoast SEO plugin v27.0 - https:\/\/yoast.com\/product\/yoast-seo-wordpress\/ -->\n<title>Tomintoul - Tawny Port Cask - Dramfolks Whisky Auction<\/title>\n<meta name=\"robots\" content=\"index, follow, max-snippet:-1, max-image-preview:large, max-video-preview:-1\" \/>\n<link rel=\"canonical\" href=\"https:\/\/www.dramfolks-whisky-auction.com\/fr\/product\/tomintoul-tawny-port-cask\/\" \/>\n<meta property=\"og:locale\" content=\"fr_FR\" \/>\n<meta property=\"og:type\" content=\"article\" \/>\n<meta property=\"og:title\" content=\"Tomintoul - Tawny Port Cask - Dramfolks Whisky Auction\" \/>\n<meta property=\"og:description\" content=\"Destille: Tomintoul Die Brennerei Tomintoul liegt im ber\u00fchmten Tal des Flusses Livet. Im Herzen der Speyside liegt in Ballindalloch unweit von Tomintoul, dem h\u00f6chstgelegensten Dorf Schottlands, die gleichnamige Whisky-Brennerei. Die beiden Whiskyh\u00e4ndler W. &amp; S. Strong &amp; Co. und Hay &amp; HacLeod &amp; Co aus Glasgow gr\u00fcndeten 1964 das Unternehmen Tomintoul Distillery Ltd. und im[...]\" \/>\n<meta property=\"og:url\" content=\"https:\/\/www.dramfolks-whisky-auction.com\/fr\/product\/tomintoul-tawny-port-cask\/\" \/>\n<meta property=\"og:site_name\" content=\"Dramfolks Whisky Auction\" \/>\n<meta property=\"article:modified_time\" content=\"2026-03-08T18:46:17+00:00\" \/>\n<meta property=\"og:image\" content=\"https:\/\/www.dramfolks-whisky-auction.com\/wp-content\/uploads\/2026\/02\/Tomintoul-vorne.jpg\" \/>\n\t<meta property=\"og:image:width\" content=\"2474\" \/>\n\t<meta property=\"og:image:height\" content=\"2474\" \/>\n\t<meta property=\"og:image:type\" content=\"image\/jpeg\" \/>\n<meta name=\"twitter:card\" content=\"summary_large_image\" \/>\n<meta name=\"twitter:label1\" content=\"Dur\u00e9e de lecture estim\u00e9e\" \/>\n\t<meta name=\"twitter:data1\" content=\"3 minutes\" \/>\n<script type=\"application\/ld+json\" class=\"yoast-schema-graph\">{\"@context\":\"https:\/\/schema.org\",\"@graph\":[{\"@type\":\"WebPage\",\"@id\":\"https:\/\/www.dramfolks-whisky-auction.com\/fr\/product\/tomintoul-tawny-port-cask\/\",\"url\":\"https:\/\/www.dramfolks-whisky-auction.com\/fr\/product\/tomintoul-tawny-port-cask\/\",\"name\":\"Tomintoul - Tawny Port Cask - Dramfolks Whisky Auction\",\"isPartOf\":{\"@id\":\"https:\/\/www.dramfolks-whisky-auction.com\/fr\/#website\"},\"primaryImageOfPage\":{\"@id\":\"https:\/\/www.dramfolks-whisky-auction.com\/fr\/product\/tomintoul-tawny-port-cask\/#primaryimage\"},\"image\":{\"@id\":\"https:\/\/www.dramfolks-whisky-auction.com\/fr\/product\/tomintoul-tawny-port-cask\/#primaryimage\"},\"thumbnailUrl\":\"https:\/\/www.dramfolks-whisky-auction.com\/wp-content\/uploads\/2026\/02\/Tomintoul-vorne.jpg\",\"datePublished\":\"2026-02-21T09:27:06+00:00\",\"dateModified\":\"2026-03-08T18:46:17+00:00\",\"breadcrumb\":{\"@id\":\"https:\/\/www.dramfolks-whisky-auction.com\/fr\/product\/tomintoul-tawny-port-cask\/#breadcrumb\"},\"inLanguage\":\"fr-FR\",\"potentialAction\":[{\"@type\":\"ReadAction\",\"target\":[\"https:\/\/www.dramfolks-whisky-auction.com\/fr\/product\/tomintoul-tawny-port-cask\/\"]}]},{\"@type\":\"ImageObject\",\"inLanguage\":\"fr-FR\",\"@id\":\"https:\/\/www.dramfolks-whisky-auction.com\/fr\/product\/tomintoul-tawny-port-cask\/#primaryimage\",\"url\":\"https:\/\/www.dramfolks-whisky-auction.com\/wp-content\/uploads\/2026\/02\/Tomintoul-vorne.jpg\",\"contentUrl\":\"https:\/\/www.dramfolks-whisky-auction.com\/wp-content\/uploads\/2026\/02\/Tomintoul-vorne.jpg\",\"width\":2474,\"height\":2474},{\"@type\":\"BreadcrumbList\",\"@id\":\"https:\/\/www.dramfolks-whisky-auction.com\/fr\/product\/tomintoul-tawny-port-cask\/#breadcrumb\",\"itemListElement\":[{\"@type\":\"ListItem\",\"position\":1,\"name\":\"Startseite\",\"item\":\"https:\/\/www.dramfolks-whisky-auction.com\/fr\/\"},{\"@type\":\"ListItem\",\"position\":2,\"name\":\"Boutique\",\"item\":\"https:\/\/www.dramfolks-whisky-auction.com\/fr\/boutique\/\"},{\"@type\":\"ListItem\",\"position\":3,\"name\":\"Tomintoul &#8211; Tawny Port Cask\"}]},{\"@type\":\"WebSite\",\"@id\":\"https:\/\/www.dramfolks-whisky-auction.com\/fr\/#website\",\"url\":\"https:\/\/www.dramfolks-whisky-auction.com\/fr\/\",\"name\":\"Dramfolks Whisky Auction\",\"description\":\"\",\"potentialAction\":[{\"@type\":\"SearchAction\",\"target\":{\"@type\":\"EntryPoint\",\"urlTemplate\":\"https:\/\/www.dramfolks-whisky-auction.com\/fr\/?s={search_term_string}\"},\"query-input\":{\"@type\":\"PropertyValueSpecification\",\"valueRequired\":true,\"valueName\":\"search_term_string\"}}],\"inLanguage\":\"fr-FR\"}]}<\/script>\n<!-- \/ Yoast SEO plugin. -->","yoast_head_json":{"title":"Tomintoul - Tawny Port Cask - Dramfolks Whisky Auction","robots":{"index":"index","follow":"follow","max-snippet":"max-snippet:-1","max-image-preview":"max-image-preview:large","max-video-preview":"max-video-preview:-1"},"canonical":"https:\/\/www.dramfolks-whisky-auction.com\/fr\/product\/tomintoul-tawny-port-cask\/","og_locale":"fr_FR","og_type":"article","og_title":"Tomintoul - Tawny Port Cask - Dramfolks Whisky Auction","og_description":"Destille: Tomintoul Die Brennerei Tomintoul liegt im ber\u00fchmten Tal des Flusses Livet. Im Herzen der Speyside liegt in Ballindalloch unweit von Tomintoul, dem h\u00f6chstgelegensten Dorf Schottlands, die gleichnamige Whisky-Brennerei. Die beiden Whiskyh\u00e4ndler W. &amp; S. Strong &amp; Co. und Hay &amp; HacLeod &amp; Co aus Glasgow gr\u00fcndeten 1964 das Unternehmen Tomintoul Distillery Ltd. und im[...]","og_url":"https:\/\/www.dramfolks-whisky-auction.com\/fr\/product\/tomintoul-tawny-port-cask\/","og_site_name":"Dramfolks Whisky Auction","article_modified_time":"2026-03-08T18:46:17+00:00","og_image":[{"width":2474,"height":2474,"url":"https:\/\/www.dramfolks-whisky-auction.com\/wp-content\/uploads\/2026\/02\/Tomintoul-vorne.jpg","type":"image\/jpeg"}],"twitter_card":"summary_large_image","twitter_misc":{"Dur\u00e9e de lecture estim\u00e9e":"3 minutes"},"schema":{"@context":"https:\/\/schema.org","@graph":[{"@type":"WebPage","@id":"https:\/\/www.dramfolks-whisky-auction.com\/fr\/product\/tomintoul-tawny-port-cask\/","url":"https:\/\/www.dramfolks-whisky-auction.com\/fr\/product\/tomintoul-tawny-port-cask\/","name":"Tomintoul - Tawny Port Cask - Dramfolks Whisky Auction","isPartOf":{"@id":"https:\/\/www.dramfolks-whisky-auction.com\/fr\/#website"},"primaryImageOfPage":{"@id":"https:\/\/www.dramfolks-whisky-auction.com\/fr\/product\/tomintoul-tawny-port-cask\/#primaryimage"},"image":{"@id":"https:\/\/www.dramfolks-whisky-auction.com\/fr\/product\/tomintoul-tawny-port-cask\/#primaryimage"},"thumbnailUrl":"https:\/\/www.dramfolks-whisky-auction.com\/wp-content\/uploads\/2026\/02\/Tomintoul-vorne.jpg","datePublished":"2026-02-21T09:27:06+00:00","dateModified":"2026-03-08T18:46:17+00:00","breadcrumb":{"@id":"https:\/\/www.dramfolks-whisky-auction.com\/fr\/product\/tomintoul-tawny-port-cask\/#breadcrumb"},"inLanguage":"fr-FR","potentialAction":[{"@type":"ReadAction","target":["https:\/\/www.dramfolks-whisky-auction.com\/fr\/product\/tomintoul-tawny-port-cask\/"]}]},{"@type":"ImageObject","inLanguage":"fr-FR","@id":"https:\/\/www.dramfolks-whisky-auction.com\/fr\/product\/tomintoul-tawny-port-cask\/#primaryimage","url":"https:\/\/www.dramfolks-whisky-auction.com\/wp-content\/uploads\/2026\/02\/Tomintoul-vorne.jpg","contentUrl":"https:\/\/www.dramfolks-whisky-auction.com\/wp-content\/uploads\/2026\/02\/Tomintoul-vorne.jpg","width":2474,"height":2474},{"@type":"BreadcrumbList","@id":"https:\/\/www.dramfolks-whisky-auction.com\/fr\/product\/tomintoul-tawny-port-cask\/#breadcrumb","itemListElement":[{"@type":"ListItem","position":1,"name":"Startseite","item":"https:\/\/www.dramfolks-whisky-auction.com\/fr\/"},{"@type":"ListItem","position":2,"name":"Boutique","item":"https:\/\/www.dramfolks-whisky-auction.com\/fr\/boutique\/"},{"@type":"ListItem","position":3,"name":"Tomintoul &#8211; Tawny Port Cask"}]},{"@type":"WebSite","@id":"https:\/\/www.dramfolks-whisky-auction.com\/fr\/#website","url":"https:\/\/www.dramfolks-whisky-auction.com\/fr\/","name":"Dramfolks Whisky Auction","description":"","potentialAction":[{"@type":"SearchAction","target":{"@type":"EntryPoint","urlTemplate":"https:\/\/www.dramfolks-whisky-auction.com\/fr\/?s={search_term_string}"},"query-input":{"@type":"PropertyValueSpecification","valueRequired":true,"valueName":"search_term_string"}}],"inLanguage":"fr-FR"}]}},"_links":{"self":[{"href":"https:\/\/www.dramfolks-whisky-auction.com\/fr\/wp-json\/wp\/v2\/product\/6727894","targetHints":{"allow":["GET"]}}],"collection":[{"href":"https:\/\/www.dramfolks-whisky-auction.com\/fr\/wp-json\/wp\/v2\/product"}],"about":[{"href":"https:\/\/www.dramfolks-whisky-auction.com\/fr\/wp-json\/wp\/v2\/types\/product"}],"replies":[{"embeddable":true,"href":"https:\/\/www.dramfolks-whisky-auction.com\/fr\/wp-json\/wp\/v2\/comments?post=6727894"}],"wp:featuredmedia":[{"embeddable":true,"href":"https:\/\/www.dramfolks-whisky-auction.com\/fr\/wp-json\/wp\/v2\/media\/6727895"}],"wp:attachment":[{"href":"https:\/\/www.dramfolks-whisky-auction.com\/fr\/wp-json\/wp\/v2\/media?parent=6727894"}],"wp:term":[{"taxonomy":"product_brand","embeddable":true,"href":"https:\/\/www.dramfolks-whisky-auction.com\/fr\/wp-json\/wp\/v2\/product_brand?post=6727894"},{"taxonomy":"product_cat","embeddable":true,"href":"https:\/\/www.dramfolks-whisky-auction.com\/fr\/wp-json\/wp\/v2\/product_cat?post=6727894"},{"taxonomy":"product_tag","embeddable":true,"href":"https:\/\/www.dramfolks-whisky-auction.com\/fr\/wp-json\/wp\/v2\/product_tag?post=6727894"}],"curies":[{"name":"wp","href":"https:\/\/api.w.org\/{rel}","templated":true}]}}