{"id":6727884,"date":"2026-02-21T09:49:15","date_gmt":"2026-02-21T08:49:15","guid":{"rendered":"https:\/\/www.dramfolks-whisky-auction.com\/?post_type=product&#038;p=6727884"},"modified":"2026-03-17T20:21:44","modified_gmt":"2026-03-17T19:21:44","slug":"lochlea-sowing-edition-first-crop-3","status":"publish","type":"product","link":"https:\/\/www.dramfolks-whisky-auction.com\/fr\/product\/lochlea-sowing-edition-first-crop-3\/","title":{"rendered":"Lochlea &#8211; Sowing Edition First Crop"},"content":{"rendered":"<p><strong>Destille: Lochlea<br \/>\n<\/strong>Lochlea (im privaten Familienbesitz) destillierte im Jahr 2018 den ersten frischen Whisky und ist in den Lowlands, Schottlands beheimatet. Bei Lochlea ist man auf seinen regionalen Bezug besonders stolz. So wird f\u00fcr den hier gebrannten Single Malt ausschlie\u00dflich Gerste aus eigenem Anbau verwendet. Der Whisky der Lochlea Distillery wird unter dem Motto \u201cdare to be honest\u201d produziert. Dies bedeutet, dass der Single Malt von der Ernte der eigenen Gerste bis zur Abf\u00fcllung in die Flasche nachverfolgbar sein soll. Beim Thema Whisky ging es bei Lochlea Schlag auf Schlag&#8230; Im August 2018 nahm die Lochlea Distillery ihren Betrieb auf, im Jan. 2022 erschien mit dem First Release die erste, stark limitierte Abf\u00fcllung. Im M\u00e4rz 2022 wurde die \u00ab\u00a0Sowing Edition\u00a0\u00bb vorgestellt und seit Ende 2022 gibt es den \u00ab\u00a0Our Barley\u00a0\u00bb. J\u00e4hrliches Produktionsvolumen: ca. 0,2 Mio. Liter.<\/p>\n<p><strong>Fun Fakt:<\/strong> Beim Thema \u00ab\u00a0Master Distiller &amp; Blender\u00a0\u00bb konnte man gleich zu Beginn bei Lochlea einen echten Coup landen. Nachdem Malcolm Rennie noch die ersten Schritte geleitet hat (ist mittlerweile bei keinem geringeren als der wiederer\u00f6ffneten Rosebank Distillery), konnte man einen echten Star der Whisky-Branche als neuen Chef verpflichten&#8230; John Campbell, der bisherige Master Distiller bei Laphroaig!!!! Well done Lochlea&#8230;<\/p>\n<p><strong>Whisky\/Whiskey: Sowing Edition First Crop<\/strong><br \/>\nDieser Lochlea ist die zweite Abf\u00fcllung aus der saisonal erscheinenden Sowing Edition Serie. Die Abf\u00fcllung soll widerspiegeln, was auf dem Hof im Wechsel der Jahreszeiten geschieht und dies auch geschmacklich an den Gaumen weitergeben. Als Teil der Seasonal Releases von Lochlea l\u00e4utet er den Fr\u00fchling ein. Die Sowing Edition ist der Aussat und der Bestellung der Felder gewidmet. Der Lochlea Sowing Edition First Crop ist der erste Whisky der limitierten Sonderabf\u00fcllungsserie der Farm-Brennerei aus Ayrshire. Er steht f\u00fcr den Fr\u00fchling und die Aussaat der Gerste. Er ist vollst\u00e4ndig in First Fill Bourbon Barrels gereift und bei einem Alkoholgehalt von 48,0 Volumenprozent abgef\u00fcllt. Die Limited Edition \u00fcberzeugt in nat\u00fcrlicher Farbe und ist auf 7000 Flaschen weltweit begrenzt!<\/p>\n<p><strong>Info Qualit\u00e4t der Flasche:<\/strong> Exzellent ohne Besch\u00e4digungen \/ <strong>F\u00fcllstand:<\/strong> Into neck<br \/>\n<strong>Info Qualit\u00e4t der Box: G<\/strong>ut &#8211; Ecken der Box abgenutzt<\/p>\n<p><strong>Wichtiger Hinweis:<\/strong> Die Bewertung der Flaschen und Boxen erfolgt nach \u201ebesten Wissen und Gewissen\u201c. dramfolks kann keine Gew\u00e4hrleistung f\u00fcr den Inhalt der Flaschen \u00fcbernehmen. Weitere Infos &amp; Hinweise finden Sie in unseren AGBs. Wir empfehlen Ihnen, vor der Abgabe von Geboten \u00fcber die Zoomfunktion eine Besichtigung \/ genaue Pr\u00fcfung des angebotenen Whiskys vorzunehmen. Bitte kontaktieren sie uns bei Fragen direkt unter info@dramfolks.com<\/p>\n","protected":false},"excerpt":{"rendered":"<p>Destille: Lochlea Lochlea (im privaten Familienbesitz) destillierte im Jahr 2018 den ersten frischen Whisky und ist in den Lowlands, Schottlands beheimatet. Bei Lochlea ist man auf seinen regionalen Bezug besonders stolz. So wird f\u00fcr den hier gebrannten Single Malt ausschlie\u00dflich Gerste aus eigenem Anbau verwendet. Der Whisky der Lochlea Distillery wird unter dem Motto \u201cdare[&#8230;]\n","protected":false},"featured_media":2061204,"comment_status":"closed","ping_status":"closed","template":"","meta":[],"product_brand":[],"product_cat":[1304],"product_tag":[],"class_list":{"0":"post-6727884","1":"product","2":"type-product","3":"status-publish","4":"has-post-thumbnail","6":"product_cat-no-23","8":"first","9":"instock","10":"shipping-taxable","11":"purchasable","12":"product-type-auction"},"yoast_head":"<!-- This site is optimized with the Yoast SEO plugin v27.0 - https:\/\/yoast.com\/product\/yoast-seo-wordpress\/ -->\n<title>Lochlea - Sowing Edition First Crop - Dramfolks Whisky Auction<\/title>\n<meta name=\"robots\" content=\"index, follow, max-snippet:-1, max-image-preview:large, max-video-preview:-1\" \/>\n<link rel=\"canonical\" href=\"https:\/\/www.dramfolks-whisky-auction.com\/fr\/product\/lochlea-sowing-edition-first-crop-3\/\" \/>\n<meta property=\"og:locale\" content=\"fr_FR\" \/>\n<meta property=\"og:type\" content=\"article\" \/>\n<meta property=\"og:title\" content=\"Lochlea - Sowing Edition First Crop - Dramfolks Whisky Auction\" \/>\n<meta property=\"og:description\" content=\"Destille: Lochlea Lochlea (im privaten Familienbesitz) destillierte im Jahr 2018 den ersten frischen Whisky und ist in den Lowlands, Schottlands beheimatet. Bei Lochlea ist man auf seinen regionalen Bezug besonders stolz. So wird f\u00fcr den hier gebrannten Single Malt ausschlie\u00dflich Gerste aus eigenem Anbau verwendet. Der Whisky der Lochlea Distillery wird unter dem Motto \u201cdare[...]\" \/>\n<meta property=\"og:url\" content=\"https:\/\/www.dramfolks-whisky-auction.com\/fr\/product\/lochlea-sowing-edition-first-crop-3\/\" \/>\n<meta property=\"og:site_name\" content=\"Dramfolks Whisky Auction\" \/>\n<meta property=\"article:modified_time\" content=\"2026-03-17T19:21:44+00:00\" \/>\n<meta property=\"og:image\" content=\"https:\/\/www.dramfolks-whisky-auction.com\/wp-content\/uploads\/2025\/02\/Lochlea-Sowing-Edition-First-Crop-vorne-scaled.jpg\" \/>\n\t<meta property=\"og:image:width\" content=\"2560\" \/>\n\t<meta property=\"og:image:height\" content=\"2560\" \/>\n\t<meta property=\"og:image:type\" content=\"image\/jpeg\" \/>\n<meta name=\"twitter:card\" content=\"summary_large_image\" \/>\n<meta name=\"twitter:label1\" content=\"Dur\u00e9e de lecture estim\u00e9e\" \/>\n\t<meta name=\"twitter:data1\" content=\"3 minutes\" \/>\n<script type=\"application\/ld+json\" class=\"yoast-schema-graph\">{\"@context\":\"https:\/\/schema.org\",\"@graph\":[{\"@type\":\"WebPage\",\"@id\":\"https:\/\/www.dramfolks-whisky-auction.com\/fr\/product\/lochlea-sowing-edition-first-crop-3\/\",\"url\":\"https:\/\/www.dramfolks-whisky-auction.com\/fr\/product\/lochlea-sowing-edition-first-crop-3\/\",\"name\":\"Lochlea - Sowing Edition First Crop - Dramfolks Whisky Auction\",\"isPartOf\":{\"@id\":\"https:\/\/www.dramfolks-whisky-auction.com\/fr\/#website\"},\"primaryImageOfPage\":{\"@id\":\"https:\/\/www.dramfolks-whisky-auction.com\/fr\/product\/lochlea-sowing-edition-first-crop-3\/#primaryimage\"},\"image\":{\"@id\":\"https:\/\/www.dramfolks-whisky-auction.com\/fr\/product\/lochlea-sowing-edition-first-crop-3\/#primaryimage\"},\"thumbnailUrl\":\"https:\/\/www.dramfolks-whisky-auction.com\/wp-content\/uploads\/2025\/02\/Lochlea-Sowing-Edition-First-Crop-vorne-scaled.jpg\",\"datePublished\":\"2026-02-21T08:49:15+00:00\",\"dateModified\":\"2026-03-17T19:21:44+00:00\",\"breadcrumb\":{\"@id\":\"https:\/\/www.dramfolks-whisky-auction.com\/fr\/product\/lochlea-sowing-edition-first-crop-3\/#breadcrumb\"},\"inLanguage\":\"fr-FR\",\"potentialAction\":[{\"@type\":\"ReadAction\",\"target\":[\"https:\/\/www.dramfolks-whisky-auction.com\/fr\/product\/lochlea-sowing-edition-first-crop-3\/\"]}]},{\"@type\":\"ImageObject\",\"inLanguage\":\"fr-FR\",\"@id\":\"https:\/\/www.dramfolks-whisky-auction.com\/fr\/product\/lochlea-sowing-edition-first-crop-3\/#primaryimage\",\"url\":\"https:\/\/www.dramfolks-whisky-auction.com\/wp-content\/uploads\/2025\/02\/Lochlea-Sowing-Edition-First-Crop-vorne-scaled.jpg\",\"contentUrl\":\"https:\/\/www.dramfolks-whisky-auction.com\/wp-content\/uploads\/2025\/02\/Lochlea-Sowing-Edition-First-Crop-vorne-scaled.jpg\",\"width\":2560,\"height\":2560},{\"@type\":\"BreadcrumbList\",\"@id\":\"https:\/\/www.dramfolks-whisky-auction.com\/fr\/product\/lochlea-sowing-edition-first-crop-3\/#breadcrumb\",\"itemListElement\":[{\"@type\":\"ListItem\",\"position\":1,\"name\":\"Startseite\",\"item\":\"https:\/\/www.dramfolks-whisky-auction.com\/fr\/\"},{\"@type\":\"ListItem\",\"position\":2,\"name\":\"Boutique\",\"item\":\"https:\/\/www.dramfolks-whisky-auction.com\/fr\/boutique\/\"},{\"@type\":\"ListItem\",\"position\":3,\"name\":\"Lochlea &#8211; Sowing Edition First Crop\"}]},{\"@type\":\"WebSite\",\"@id\":\"https:\/\/www.dramfolks-whisky-auction.com\/fr\/#website\",\"url\":\"https:\/\/www.dramfolks-whisky-auction.com\/fr\/\",\"name\":\"Dramfolks Whisky Auction\",\"description\":\"\",\"potentialAction\":[{\"@type\":\"SearchAction\",\"target\":{\"@type\":\"EntryPoint\",\"urlTemplate\":\"https:\/\/www.dramfolks-whisky-auction.com\/fr\/?s={search_term_string}\"},\"query-input\":{\"@type\":\"PropertyValueSpecification\",\"valueRequired\":true,\"valueName\":\"search_term_string\"}}],\"inLanguage\":\"fr-FR\"}]}<\/script>\n<!-- \/ Yoast SEO plugin. -->","yoast_head_json":{"title":"Lochlea - Sowing Edition First Crop - Dramfolks Whisky Auction","robots":{"index":"index","follow":"follow","max-snippet":"max-snippet:-1","max-image-preview":"max-image-preview:large","max-video-preview":"max-video-preview:-1"},"canonical":"https:\/\/www.dramfolks-whisky-auction.com\/fr\/product\/lochlea-sowing-edition-first-crop-3\/","og_locale":"fr_FR","og_type":"article","og_title":"Lochlea - Sowing Edition First Crop - Dramfolks Whisky Auction","og_description":"Destille: Lochlea Lochlea (im privaten Familienbesitz) destillierte im Jahr 2018 den ersten frischen Whisky und ist in den Lowlands, Schottlands beheimatet. Bei Lochlea ist man auf seinen regionalen Bezug besonders stolz. So wird f\u00fcr den hier gebrannten Single Malt ausschlie\u00dflich Gerste aus eigenem Anbau verwendet. Der Whisky der Lochlea Distillery wird unter dem Motto \u201cdare[...]","og_url":"https:\/\/www.dramfolks-whisky-auction.com\/fr\/product\/lochlea-sowing-edition-first-crop-3\/","og_site_name":"Dramfolks Whisky Auction","article_modified_time":"2026-03-17T19:21:44+00:00","og_image":[{"width":2560,"height":2560,"url":"https:\/\/www.dramfolks-whisky-auction.com\/wp-content\/uploads\/2025\/02\/Lochlea-Sowing-Edition-First-Crop-vorne-scaled.jpg","type":"image\/jpeg"}],"twitter_card":"summary_large_image","twitter_misc":{"Dur\u00e9e de lecture estim\u00e9e":"3 minutes"},"schema":{"@context":"https:\/\/schema.org","@graph":[{"@type":"WebPage","@id":"https:\/\/www.dramfolks-whisky-auction.com\/fr\/product\/lochlea-sowing-edition-first-crop-3\/","url":"https:\/\/www.dramfolks-whisky-auction.com\/fr\/product\/lochlea-sowing-edition-first-crop-3\/","name":"Lochlea - Sowing Edition First Crop - Dramfolks Whisky Auction","isPartOf":{"@id":"https:\/\/www.dramfolks-whisky-auction.com\/fr\/#website"},"primaryImageOfPage":{"@id":"https:\/\/www.dramfolks-whisky-auction.com\/fr\/product\/lochlea-sowing-edition-first-crop-3\/#primaryimage"},"image":{"@id":"https:\/\/www.dramfolks-whisky-auction.com\/fr\/product\/lochlea-sowing-edition-first-crop-3\/#primaryimage"},"thumbnailUrl":"https:\/\/www.dramfolks-whisky-auction.com\/wp-content\/uploads\/2025\/02\/Lochlea-Sowing-Edition-First-Crop-vorne-scaled.jpg","datePublished":"2026-02-21T08:49:15+00:00","dateModified":"2026-03-17T19:21:44+00:00","breadcrumb":{"@id":"https:\/\/www.dramfolks-whisky-auction.com\/fr\/product\/lochlea-sowing-edition-first-crop-3\/#breadcrumb"},"inLanguage":"fr-FR","potentialAction":[{"@type":"ReadAction","target":["https:\/\/www.dramfolks-whisky-auction.com\/fr\/product\/lochlea-sowing-edition-first-crop-3\/"]}]},{"@type":"ImageObject","inLanguage":"fr-FR","@id":"https:\/\/www.dramfolks-whisky-auction.com\/fr\/product\/lochlea-sowing-edition-first-crop-3\/#primaryimage","url":"https:\/\/www.dramfolks-whisky-auction.com\/wp-content\/uploads\/2025\/02\/Lochlea-Sowing-Edition-First-Crop-vorne-scaled.jpg","contentUrl":"https:\/\/www.dramfolks-whisky-auction.com\/wp-content\/uploads\/2025\/02\/Lochlea-Sowing-Edition-First-Crop-vorne-scaled.jpg","width":2560,"height":2560},{"@type":"BreadcrumbList","@id":"https:\/\/www.dramfolks-whisky-auction.com\/fr\/product\/lochlea-sowing-edition-first-crop-3\/#breadcrumb","itemListElement":[{"@type":"ListItem","position":1,"name":"Startseite","item":"https:\/\/www.dramfolks-whisky-auction.com\/fr\/"},{"@type":"ListItem","position":2,"name":"Boutique","item":"https:\/\/www.dramfolks-whisky-auction.com\/fr\/boutique\/"},{"@type":"ListItem","position":3,"name":"Lochlea &#8211; Sowing Edition First Crop"}]},{"@type":"WebSite","@id":"https:\/\/www.dramfolks-whisky-auction.com\/fr\/#website","url":"https:\/\/www.dramfolks-whisky-auction.com\/fr\/","name":"Dramfolks Whisky Auction","description":"","potentialAction":[{"@type":"SearchAction","target":{"@type":"EntryPoint","urlTemplate":"https:\/\/www.dramfolks-whisky-auction.com\/fr\/?s={search_term_string}"},"query-input":{"@type":"PropertyValueSpecification","valueRequired":true,"valueName":"search_term_string"}}],"inLanguage":"fr-FR"}]}},"_links":{"self":[{"href":"https:\/\/www.dramfolks-whisky-auction.com\/fr\/wp-json\/wp\/v2\/product\/6727884","targetHints":{"allow":["GET"]}}],"collection":[{"href":"https:\/\/www.dramfolks-whisky-auction.com\/fr\/wp-json\/wp\/v2\/product"}],"about":[{"href":"https:\/\/www.dramfolks-whisky-auction.com\/fr\/wp-json\/wp\/v2\/types\/product"}],"replies":[{"embeddable":true,"href":"https:\/\/www.dramfolks-whisky-auction.com\/fr\/wp-json\/wp\/v2\/comments?post=6727884"}],"wp:featuredmedia":[{"embeddable":true,"href":"https:\/\/www.dramfolks-whisky-auction.com\/fr\/wp-json\/wp\/v2\/media\/2061204"}],"wp:attachment":[{"href":"https:\/\/www.dramfolks-whisky-auction.com\/fr\/wp-json\/wp\/v2\/media?parent=6727884"}],"wp:term":[{"taxonomy":"product_brand","embeddable":true,"href":"https:\/\/www.dramfolks-whisky-auction.com\/fr\/wp-json\/wp\/v2\/product_brand?post=6727884"},{"taxonomy":"product_cat","embeddable":true,"href":"https:\/\/www.dramfolks-whisky-auction.com\/fr\/wp-json\/wp\/v2\/product_cat?post=6727884"},{"taxonomy":"product_tag","embeddable":true,"href":"https:\/\/www.dramfolks-whisky-auction.com\/fr\/wp-json\/wp\/v2\/product_tag?post=6727884"}],"curies":[{"name":"wp","href":"https:\/\/api.w.org\/{rel}","templated":true}]}}