{"id":6727826,"date":"2026-02-18T14:36:23","date_gmt":"2026-02-18T13:36:23","guid":{"rendered":"https:\/\/www.dramfolks-whisky-auction.com\/?post_type=product&#038;p=6727826"},"modified":"2026-03-08T19:46:06","modified_gmt":"2026-03-08T18:46:06","slug":"highland-park-11yo-2008-2020-the-netherlands-8","status":"publish","type":"product","link":"https:\/\/www.dramfolks-whisky-auction.com\/fr\/product\/highland-park-11yo-2008-2020-the-netherlands-8\/","title":{"rendered":"Highland Park &#8211; 11yo 2008\/2020 The Netherlands"},"content":{"rendered":"<p><strong>Destille: Highland Park<br \/>\n<\/strong>Highland Park Distillery ist eine Single Malt Scotch Whisky Destillerie in Kirkwall auf den Orkney Islands, Schottland. Die Urspr\u00fcnge der Highland Park Destillerie sind, wie so oft, \u00ab\u00a0Wolken aus Halbwahrheit und Whisky-Mythen\u00a0\u00bb. Es ist bis heute nicht ganz klar ob Highland Park vom ber\u00fchmten Priester und Schmuggler Magnus Eunson oder vom Farmer David Robertson gegr\u00fcndet wurde. Fakt ist, dass das reich verzierte, schmiedeeiserne Tor der Brennerei auf eine Geschichte von 1798 hinweist. Fakt ist auch, dass sie 1826 eine erste offizielle Lizenz zum Destillieren von Whisky bekamen. Highland Distillers \u00fcbernahmen 1937 die volle Kontrolle am Unternehmen, sodass Highland Park heute Teil der Edrington Group ist. Der Name der Brennerei bezieht sich nicht auf die schottischen Highlands, sondern auf die Tatsache, dass die Brennerei auf einem Gebiet namens \u00ab\u00a0High Park\u00a0\u00bb gegr\u00fcndet wurde, das sich von einem niedrigeren Gebiet in der N\u00e4he unterscheidet. Aktuelles j\u00e4hrliches Produktionsvolumen: ca. 2,5 Mio. Liter.<\/p>\n<p><strong>Fun Fakt: <\/strong>Highland Park Distillery ist die zweitn\u00f6rdlichste Single Malt Scotch Whisky Destillerie in Schottland (Kimbland Destillerie auf Sanday liegt 22 Meilen weiter n\u00f6rdlich).<strong><br \/>\nFun fact No.2: <\/strong>Sollte der oben beschriebene Mythos stimmen, dass Magnus Eunson Highland Park gegr\u00fcndet hat, dann ist dieser Eunson tags\u00fcber ein Metzger und Kirchenbeamte gewesen, der sich Nachts zu einem illegalen Destillateur &amp; Whiskyschmuggler \u00ab\u00a0verwandelt\u00a0\u00bb hat. 1798 wurde er beim illegalen Destillieren von Whisky auf dem heutigen Gel\u00e4nde erwischt.<\/p>\n<p><strong>Whisky\/Whiskey: 11yo 2008\/2020 The Netherlands<br \/>\n<\/strong>Der 2020 abgef\u00fcllte Highland Park 11yo 2008\/2020 The Netherlands wurde exklusiv als Einzelkolonne f\u00fcr die Niederlande abgef\u00fcllt. Die Destille hat aus dem European Oak Sherry Butt Fassnr. 2519 nur 675 Flaschen abgef\u00fcllt! Mit 66,4% einer der kr\u00e4ftigsten aus dem Sortiment von Highland Park. Verpackt in dem exklusiven Schn\u00fcrsack von Highland Park.<\/p>\n<p><strong>Info Qualit\u00e4t der Flasche:<\/strong> Exzellent &#8211; ohne Besch\u00e4digungen \/ <strong>F\u00fcllstand:<\/strong> Into neck<br \/>\n<strong>Info Qualit\u00e4t der Box: <\/strong>keine Box vorhanden &#8211; exklusiver Schn\u00fcrsack von Highland Park<\/p>\n<p><strong>Wichtiger Hinweis:<\/strong> Die Bewertung der Flaschen und Boxen erfolgt nach \u201ebesten Wissen und Gewissen\u201c. dramfolks kann keine Gew\u00e4hrleistung f\u00fcr den Inhalt der Flaschen \u00fcbernehmen. Weitere Infos &amp; Hinweise finden Sie in unseren AGBs. Wir empfehlen Ihnen, vor der Abgabe von Geboten \u00fcber die Zoomfunktion eine Besichtigung \/ genaue Pr\u00fcfung des angebotenen Whiskys vorzunehmen. Bitte kontaktieren sie uns bei Fragen direkt unter info@dramfolks.com<\/p>\n","protected":false},"excerpt":{"rendered":"<p>Destille: Highland Park Highland Park Distillery ist eine Single Malt Scotch Whisky Destillerie in Kirkwall auf den Orkney Islands, Schottland. Die Urspr\u00fcnge der Highland Park Destillerie sind, wie so oft, \u00ab\u00a0Wolken aus Halbwahrheit und Whisky-Mythen\u00a0\u00bb. Es ist bis heute nicht ganz klar ob Highland Park vom ber\u00fchmten Priester und Schmuggler Magnus Eunson oder vom Farmer[&#8230;]\n","protected":false},"featured_media":3220179,"comment_status":"closed","ping_status":"closed","template":"","meta":[],"product_brand":[],"product_cat":[1304],"product_tag":[],"class_list":{"0":"post-6727826","1":"product","2":"type-product","3":"status-publish","4":"has-post-thumbnail","6":"product_cat-no-23","8":"first","9":"instock","10":"shipping-taxable","11":"purchasable","12":"product-type-auction"},"yoast_head":"<!-- This site is optimized with the Yoast SEO plugin v27.0 - https:\/\/yoast.com\/product\/yoast-seo-wordpress\/ -->\n<title>Highland Park - 11yo 2008\/2020 The Netherlands - Dramfolks Whisky Auction<\/title>\n<meta name=\"robots\" content=\"index, follow, max-snippet:-1, max-image-preview:large, max-video-preview:-1\" \/>\n<link rel=\"canonical\" href=\"https:\/\/www.dramfolks-whisky-auction.com\/fr\/product\/highland-park-11yo-2008-2020-the-netherlands-8\/\" \/>\n<meta property=\"og:locale\" content=\"fr_FR\" \/>\n<meta property=\"og:type\" content=\"article\" \/>\n<meta property=\"og:title\" content=\"Highland Park - 11yo 2008\/2020 The Netherlands - Dramfolks Whisky Auction\" \/>\n<meta property=\"og:description\" content=\"Destille: Highland Park Highland Park Distillery ist eine Single Malt Scotch Whisky Destillerie in Kirkwall auf den Orkney Islands, Schottland. Die Urspr\u00fcnge der Highland Park Destillerie sind, wie so oft, \u00ab\u00a0Wolken aus Halbwahrheit und Whisky-Mythen\u00a0\u00bb. Es ist bis heute nicht ganz klar ob Highland Park vom ber\u00fchmten Priester und Schmuggler Magnus Eunson oder vom Farmer[...]\" \/>\n<meta property=\"og:url\" content=\"https:\/\/www.dramfolks-whisky-auction.com\/fr\/product\/highland-park-11yo-2008-2020-the-netherlands-8\/\" \/>\n<meta property=\"og:site_name\" content=\"Dramfolks Whisky Auction\" \/>\n<meta property=\"article:modified_time\" content=\"2026-03-08T18:46:06+00:00\" \/>\n<meta property=\"og:image\" content=\"https:\/\/www.dramfolks-whisky-auction.com\/wp-content\/uploads\/2025\/04\/Highland-Park-Netherlands-vorne-scaled.jpg\" \/>\n\t<meta property=\"og:image:width\" content=\"2560\" \/>\n\t<meta property=\"og:image:height\" content=\"2560\" \/>\n\t<meta property=\"og:image:type\" content=\"image\/jpeg\" \/>\n<meta name=\"twitter:card\" content=\"summary_large_image\" \/>\n<meta name=\"twitter:label1\" content=\"Dur\u00e9e de lecture estim\u00e9e\" \/>\n\t<meta name=\"twitter:data1\" content=\"3 minutes\" \/>\n<script type=\"application\/ld+json\" class=\"yoast-schema-graph\">{\"@context\":\"https:\/\/schema.org\",\"@graph\":[{\"@type\":\"WebPage\",\"@id\":\"https:\/\/www.dramfolks-whisky-auction.com\/fr\/product\/highland-park-11yo-2008-2020-the-netherlands-8\/\",\"url\":\"https:\/\/www.dramfolks-whisky-auction.com\/fr\/product\/highland-park-11yo-2008-2020-the-netherlands-8\/\",\"name\":\"Highland Park - 11yo 2008\/2020 The Netherlands - Dramfolks Whisky Auction\",\"isPartOf\":{\"@id\":\"https:\/\/www.dramfolks-whisky-auction.com\/fr\/#website\"},\"primaryImageOfPage\":{\"@id\":\"https:\/\/www.dramfolks-whisky-auction.com\/fr\/product\/highland-park-11yo-2008-2020-the-netherlands-8\/#primaryimage\"},\"image\":{\"@id\":\"https:\/\/www.dramfolks-whisky-auction.com\/fr\/product\/highland-park-11yo-2008-2020-the-netherlands-8\/#primaryimage\"},\"thumbnailUrl\":\"https:\/\/www.dramfolks-whisky-auction.com\/wp-content\/uploads\/2025\/04\/Highland-Park-Netherlands-vorne-scaled.jpg\",\"datePublished\":\"2026-02-18T13:36:23+00:00\",\"dateModified\":\"2026-03-08T18:46:06+00:00\",\"breadcrumb\":{\"@id\":\"https:\/\/www.dramfolks-whisky-auction.com\/fr\/product\/highland-park-11yo-2008-2020-the-netherlands-8\/#breadcrumb\"},\"inLanguage\":\"fr-FR\",\"potentialAction\":[{\"@type\":\"ReadAction\",\"target\":[\"https:\/\/www.dramfolks-whisky-auction.com\/fr\/product\/highland-park-11yo-2008-2020-the-netherlands-8\/\"]}]},{\"@type\":\"ImageObject\",\"inLanguage\":\"fr-FR\",\"@id\":\"https:\/\/www.dramfolks-whisky-auction.com\/fr\/product\/highland-park-11yo-2008-2020-the-netherlands-8\/#primaryimage\",\"url\":\"https:\/\/www.dramfolks-whisky-auction.com\/wp-content\/uploads\/2025\/04\/Highland-Park-Netherlands-vorne-scaled.jpg\",\"contentUrl\":\"https:\/\/www.dramfolks-whisky-auction.com\/wp-content\/uploads\/2025\/04\/Highland-Park-Netherlands-vorne-scaled.jpg\",\"width\":2560,\"height\":2560},{\"@type\":\"BreadcrumbList\",\"@id\":\"https:\/\/www.dramfolks-whisky-auction.com\/fr\/product\/highland-park-11yo-2008-2020-the-netherlands-8\/#breadcrumb\",\"itemListElement\":[{\"@type\":\"ListItem\",\"position\":1,\"name\":\"Startseite\",\"item\":\"https:\/\/www.dramfolks-whisky-auction.com\/fr\/\"},{\"@type\":\"ListItem\",\"position\":2,\"name\":\"Boutique\",\"item\":\"https:\/\/www.dramfolks-whisky-auction.com\/fr\/boutique\/\"},{\"@type\":\"ListItem\",\"position\":3,\"name\":\"Highland Park &#8211; 11yo 2008\/2020 The Netherlands\"}]},{\"@type\":\"WebSite\",\"@id\":\"https:\/\/www.dramfolks-whisky-auction.com\/fr\/#website\",\"url\":\"https:\/\/www.dramfolks-whisky-auction.com\/fr\/\",\"name\":\"Dramfolks Whisky Auction\",\"description\":\"\",\"potentialAction\":[{\"@type\":\"SearchAction\",\"target\":{\"@type\":\"EntryPoint\",\"urlTemplate\":\"https:\/\/www.dramfolks-whisky-auction.com\/fr\/?s={search_term_string}\"},\"query-input\":{\"@type\":\"PropertyValueSpecification\",\"valueRequired\":true,\"valueName\":\"search_term_string\"}}],\"inLanguage\":\"fr-FR\"}]}<\/script>\n<!-- \/ Yoast SEO plugin. -->","yoast_head_json":{"title":"Highland Park - 11yo 2008\/2020 The Netherlands - Dramfolks Whisky Auction","robots":{"index":"index","follow":"follow","max-snippet":"max-snippet:-1","max-image-preview":"max-image-preview:large","max-video-preview":"max-video-preview:-1"},"canonical":"https:\/\/www.dramfolks-whisky-auction.com\/fr\/product\/highland-park-11yo-2008-2020-the-netherlands-8\/","og_locale":"fr_FR","og_type":"article","og_title":"Highland Park - 11yo 2008\/2020 The Netherlands - Dramfolks Whisky Auction","og_description":"Destille: Highland Park Highland Park Distillery ist eine Single Malt Scotch Whisky Destillerie in Kirkwall auf den Orkney Islands, Schottland. Die Urspr\u00fcnge der Highland Park Destillerie sind, wie so oft, \u00ab\u00a0Wolken aus Halbwahrheit und Whisky-Mythen\u00a0\u00bb. Es ist bis heute nicht ganz klar ob Highland Park vom ber\u00fchmten Priester und Schmuggler Magnus Eunson oder vom Farmer[...]","og_url":"https:\/\/www.dramfolks-whisky-auction.com\/fr\/product\/highland-park-11yo-2008-2020-the-netherlands-8\/","og_site_name":"Dramfolks Whisky Auction","article_modified_time":"2026-03-08T18:46:06+00:00","og_image":[{"width":2560,"height":2560,"url":"https:\/\/www.dramfolks-whisky-auction.com\/wp-content\/uploads\/2025\/04\/Highland-Park-Netherlands-vorne-scaled.jpg","type":"image\/jpeg"}],"twitter_card":"summary_large_image","twitter_misc":{"Dur\u00e9e de lecture estim\u00e9e":"3 minutes"},"schema":{"@context":"https:\/\/schema.org","@graph":[{"@type":"WebPage","@id":"https:\/\/www.dramfolks-whisky-auction.com\/fr\/product\/highland-park-11yo-2008-2020-the-netherlands-8\/","url":"https:\/\/www.dramfolks-whisky-auction.com\/fr\/product\/highland-park-11yo-2008-2020-the-netherlands-8\/","name":"Highland Park - 11yo 2008\/2020 The Netherlands - Dramfolks Whisky Auction","isPartOf":{"@id":"https:\/\/www.dramfolks-whisky-auction.com\/fr\/#website"},"primaryImageOfPage":{"@id":"https:\/\/www.dramfolks-whisky-auction.com\/fr\/product\/highland-park-11yo-2008-2020-the-netherlands-8\/#primaryimage"},"image":{"@id":"https:\/\/www.dramfolks-whisky-auction.com\/fr\/product\/highland-park-11yo-2008-2020-the-netherlands-8\/#primaryimage"},"thumbnailUrl":"https:\/\/www.dramfolks-whisky-auction.com\/wp-content\/uploads\/2025\/04\/Highland-Park-Netherlands-vorne-scaled.jpg","datePublished":"2026-02-18T13:36:23+00:00","dateModified":"2026-03-08T18:46:06+00:00","breadcrumb":{"@id":"https:\/\/www.dramfolks-whisky-auction.com\/fr\/product\/highland-park-11yo-2008-2020-the-netherlands-8\/#breadcrumb"},"inLanguage":"fr-FR","potentialAction":[{"@type":"ReadAction","target":["https:\/\/www.dramfolks-whisky-auction.com\/fr\/product\/highland-park-11yo-2008-2020-the-netherlands-8\/"]}]},{"@type":"ImageObject","inLanguage":"fr-FR","@id":"https:\/\/www.dramfolks-whisky-auction.com\/fr\/product\/highland-park-11yo-2008-2020-the-netherlands-8\/#primaryimage","url":"https:\/\/www.dramfolks-whisky-auction.com\/wp-content\/uploads\/2025\/04\/Highland-Park-Netherlands-vorne-scaled.jpg","contentUrl":"https:\/\/www.dramfolks-whisky-auction.com\/wp-content\/uploads\/2025\/04\/Highland-Park-Netherlands-vorne-scaled.jpg","width":2560,"height":2560},{"@type":"BreadcrumbList","@id":"https:\/\/www.dramfolks-whisky-auction.com\/fr\/product\/highland-park-11yo-2008-2020-the-netherlands-8\/#breadcrumb","itemListElement":[{"@type":"ListItem","position":1,"name":"Startseite","item":"https:\/\/www.dramfolks-whisky-auction.com\/fr\/"},{"@type":"ListItem","position":2,"name":"Boutique","item":"https:\/\/www.dramfolks-whisky-auction.com\/fr\/boutique\/"},{"@type":"ListItem","position":3,"name":"Highland Park &#8211; 11yo 2008\/2020 The Netherlands"}]},{"@type":"WebSite","@id":"https:\/\/www.dramfolks-whisky-auction.com\/fr\/#website","url":"https:\/\/www.dramfolks-whisky-auction.com\/fr\/","name":"Dramfolks Whisky Auction","description":"","potentialAction":[{"@type":"SearchAction","target":{"@type":"EntryPoint","urlTemplate":"https:\/\/www.dramfolks-whisky-auction.com\/fr\/?s={search_term_string}"},"query-input":{"@type":"PropertyValueSpecification","valueRequired":true,"valueName":"search_term_string"}}],"inLanguage":"fr-FR"}]}},"_links":{"self":[{"href":"https:\/\/www.dramfolks-whisky-auction.com\/fr\/wp-json\/wp\/v2\/product\/6727826","targetHints":{"allow":["GET"]}}],"collection":[{"href":"https:\/\/www.dramfolks-whisky-auction.com\/fr\/wp-json\/wp\/v2\/product"}],"about":[{"href":"https:\/\/www.dramfolks-whisky-auction.com\/fr\/wp-json\/wp\/v2\/types\/product"}],"replies":[{"embeddable":true,"href":"https:\/\/www.dramfolks-whisky-auction.com\/fr\/wp-json\/wp\/v2\/comments?post=6727826"}],"wp:featuredmedia":[{"embeddable":true,"href":"https:\/\/www.dramfolks-whisky-auction.com\/fr\/wp-json\/wp\/v2\/media\/3220179"}],"wp:attachment":[{"href":"https:\/\/www.dramfolks-whisky-auction.com\/fr\/wp-json\/wp\/v2\/media?parent=6727826"}],"wp:term":[{"taxonomy":"product_brand","embeddable":true,"href":"https:\/\/www.dramfolks-whisky-auction.com\/fr\/wp-json\/wp\/v2\/product_brand?post=6727826"},{"taxonomy":"product_cat","embeddable":true,"href":"https:\/\/www.dramfolks-whisky-auction.com\/fr\/wp-json\/wp\/v2\/product_cat?post=6727826"},{"taxonomy":"product_tag","embeddable":true,"href":"https:\/\/www.dramfolks-whisky-auction.com\/fr\/wp-json\/wp\/v2\/product_tag?post=6727826"}],"curies":[{"name":"wp","href":"https:\/\/api.w.org\/{rel}","templated":true}]}}