{"id":6727822,"date":"2026-02-18T10:17:48","date_gmt":"2026-02-18T09:17:48","guid":{"rendered":"https:\/\/www.dramfolks-whisky-auction.com\/?post_type=product&#038;p=6727822"},"modified":"2026-03-08T19:30:04","modified_gmt":"2026-03-08T18:30:04","slug":"edradour-ballechin-the-discovery-series-batch-no-6-bourbon-cask-10","status":"publish","type":"product","link":"https:\/\/www.dramfolks-whisky-auction.com\/fr\/product\/edradour-ballechin-the-discovery-series-batch-no-6-bourbon-cask-10\/","title":{"rendered":"Edradour &#8211; Ballechin The Discovery Series Batch No.6 Bourbon Cask"},"content":{"rendered":"<p><strong>Destille: Edradour<br \/>\n<\/strong><span class=\"v1s2\">Edradour gilt als die ehemals kleinste produzierende Destillerie Schottlands. Sie liegt in den Bergen \u00f6stlich von Pitlochry und produziert dort ihren unverkennbaren Malt noch mit Verfahren, die bei anderen Brennereien schon l\u00e4ngst der Vergangenheit angeh\u00f6ren. Gerade mal zw\u00f6lf F\u00e4sser die Woche wurden vor 2014 in der Brennerei in einer Woche abgef\u00fcllt. Vielleicht ist genau das der Grund, warum Edradour etwas ganz Besonderes ist. Nach der \u00dcbernahme durch Signatory wurde die Ausbringungsmenge verdoppelt. Es wurde jedoch auch stets darauf geachtet, die Qualit\u00e4t, Tradition und Handarbeit beizubehalten und so einen vollmundigen und intensiven Single Malt zu kreieren. J\u00e4hrliches Produktionsvolumen: 0,5 Mio. Liter.<br \/>\n<\/span><\/p>\n<p><strong>Fun Fakt:<\/strong>\u00a0Ein (Mit)Besitzer von Edradour war mal ein Mafiaboss!!! 1933 verkaufte die Mackintosh-Familie Edradour an William Whiteley. Die Firma von Whiteley hatte w\u00e4hrend der Prohibition mit ihrer King&rsquo;s Ransom-Mischung ein solides Gesch\u00e4ft in den USA aufgebaut. Der Mafiaboss Frank Costello ernannte Whiteley seinerzeit zu seinem US-Handelsvertreter. F\u00fcnf Jahre sp\u00e4ter \u00fcbernahm Costellos Partner Irving Haim die Eigent\u00fcmerschaft von Edradour, wobei Costello (und seine Firma) einen Anteil am Umsatz von King&rsquo;s Ransom \u00fcbernahmen. Dieses etwas ungew\u00f6hnliche Arrangement dauerte bis zu Haims Tod 1976.<\/p>\n<p><strong>Whisky\/Whiskey: Ballechin The Discovery Series Batch No.6 Bourbon Cask<\/strong><br \/>\nMit der Discovery Series hat die Edradour-Brennerei aus den Highlands ihren Fans die M\u00f6glichkeit gegeben, den Einfluss verschiedener Fassarten auf ihren getorften Ballechin Whisky zu erleben. Die sechste Ausgabe der Serie reifte von 2002 bis 2011 f\u00fcr 9 Jahre in Bourbon Barrels. Abgef\u00fcllt hat die Destillerie den stark getorften Single Malt Whisky bei einem Alkoholgehalt von 46,0 Volumenprozent. Er kommt ohne Farbstoff aus und ist nicht k\u00fchlgefiltert. Weltweit gibt es 6000 Flaschen des Whiskys zu kaufen!!!<br \/>\nIn die Nase legt sich der Scotch mit trockenem Rauch. Er bringt zudem s\u00fc\u00dfe Noten und leichte S\u00e4ure mit. Zitrusfr\u00fcchte dringen durch. Tropenfr\u00fcchte und Vanille runden das Aroma cremig ab.<br \/>\nDer Ballechin Discovery Series #6 pr\u00e4sentiert sich dem Gaumen s\u00fc\u00df und cremig. Er schmeckt vordergr\u00fcndig nach Torfrauch. Dahinter liegen mineralische Eindr\u00fccke und Vanille. Honig dringt durch. Helle Fr\u00fcchte leiten \u00fcber zum Abgang.<br \/>\nDer Abgang ist langanhaltend. Der Scotch verabschiedet sich mit Rauch und frischen Mentholnoten. Er hinterl\u00e4sst nach dem Trinken Eichenholz und Honigpudding. (Quelle: <a href=\"http:\/\/www.captainscotch.de\" target=\"_blank\" rel=\"noopener noreferrer\">www.captainscotch.de<\/a>)<\/p>\n<p><strong>Info Qualit\u00e4t der Flasche:<\/strong> Exzellent &#8211; ohne Besch\u00e4digungen \/ <strong>F\u00fcllstand:<\/strong> Top shoulder<br \/>\n<strong>Info Qualit\u00e4t der Box:<\/strong> Exzellent &#8211; ohne Besch\u00e4digungen<\/p>\n<p><strong>Wichtiger Hinweis:<\/strong> Die Bewertung der Flaschen und Boxen erfolgt nach \u201ebesten Wissen und Gewissen\u201c. dramfolks kann keine Gew\u00e4hrleistung f\u00fcr den Inhalt der Flaschen \u00fcbernehmen. Weitere Infos &amp; Hinweise finden Sie in unseren AGBs. Wir empfehlen Ihnen, vor der Abgabe von Geboten \u00fcber die Zoomfunktion eine Besichtigung \/ genaue Pr\u00fcfung des angebotenen Whiskys vorzunehmen. Bitte kontaktieren sie uns bei Fragen direkt unter info@dramfolks.com<\/p>\n","protected":false},"excerpt":{"rendered":"<p>Destille: Edradour Edradour gilt als die ehemals kleinste produzierende Destillerie Schottlands. Sie liegt in den Bergen \u00f6stlich von Pitlochry und produziert dort ihren unverkennbaren Malt noch mit Verfahren, die bei anderen Brennereien schon l\u00e4ngst der Vergangenheit angeh\u00f6ren. Gerade mal zw\u00f6lf F\u00e4sser die Woche wurden vor 2014 in der Brennerei in einer Woche abgef\u00fcllt. Vielleicht ist[&#8230;]\n","protected":false},"featured_media":1310952,"comment_status":"closed","ping_status":"closed","template":"","meta":[],"product_brand":[],"product_cat":[1304],"product_tag":[],"class_list":{"0":"post-6727822","1":"product","2":"type-product","3":"status-publish","4":"has-post-thumbnail","6":"product_cat-no-23","8":"first","9":"instock","10":"shipping-taxable","11":"purchasable","12":"product-type-auction"},"yoast_head":"<!-- This site is optimized with the Yoast SEO plugin v27.0 - https:\/\/yoast.com\/product\/yoast-seo-wordpress\/ -->\n<title>Edradour - Ballechin The Discovery Series Batch No.6 Bourbon Cask - Dramfolks Whisky Auction<\/title>\n<meta name=\"robots\" content=\"index, follow, max-snippet:-1, max-image-preview:large, max-video-preview:-1\" \/>\n<link rel=\"canonical\" href=\"https:\/\/www.dramfolks-whisky-auction.com\/fr\/product\/edradour-ballechin-the-discovery-series-batch-no-6-bourbon-cask-10\/\" \/>\n<meta property=\"og:locale\" content=\"fr_FR\" \/>\n<meta property=\"og:type\" content=\"article\" \/>\n<meta property=\"og:title\" content=\"Edradour - Ballechin The Discovery Series Batch No.6 Bourbon Cask - Dramfolks Whisky Auction\" \/>\n<meta property=\"og:description\" content=\"Destille: Edradour Edradour gilt als die ehemals kleinste produzierende Destillerie Schottlands. Sie liegt in den Bergen \u00f6stlich von Pitlochry und produziert dort ihren unverkennbaren Malt noch mit Verfahren, die bei anderen Brennereien schon l\u00e4ngst der Vergangenheit angeh\u00f6ren. Gerade mal zw\u00f6lf F\u00e4sser die Woche wurden vor 2014 in der Brennerei in einer Woche abgef\u00fcllt. Vielleicht ist[...]\" \/>\n<meta property=\"og:url\" content=\"https:\/\/www.dramfolks-whisky-auction.com\/fr\/product\/edradour-ballechin-the-discovery-series-batch-no-6-bourbon-cask-10\/\" \/>\n<meta property=\"og:site_name\" content=\"Dramfolks Whisky Auction\" \/>\n<meta property=\"article:modified_time\" content=\"2026-03-08T18:30:04+00:00\" \/>\n<meta property=\"og:image\" content=\"https:\/\/www.dramfolks-whisky-auction.com\/wp-content\/uploads\/2024\/12\/Ballachin-Discovery-Series-vorne-scaled.jpg\" \/>\n\t<meta property=\"og:image:width\" content=\"2560\" \/>\n\t<meta property=\"og:image:height\" content=\"2560\" \/>\n\t<meta property=\"og:image:type\" content=\"image\/jpeg\" \/>\n<meta name=\"twitter:card\" content=\"summary_large_image\" \/>\n<meta name=\"twitter:label1\" content=\"Dur\u00e9e de lecture estim\u00e9e\" \/>\n\t<meta name=\"twitter:data1\" content=\"3 minutes\" \/>\n<script type=\"application\/ld+json\" class=\"yoast-schema-graph\">{\"@context\":\"https:\/\/schema.org\",\"@graph\":[{\"@type\":\"WebPage\",\"@id\":\"https:\/\/www.dramfolks-whisky-auction.com\/fr\/product\/edradour-ballechin-the-discovery-series-batch-no-6-bourbon-cask-10\/\",\"url\":\"https:\/\/www.dramfolks-whisky-auction.com\/fr\/product\/edradour-ballechin-the-discovery-series-batch-no-6-bourbon-cask-10\/\",\"name\":\"Edradour - Ballechin The Discovery Series Batch No.6 Bourbon Cask - Dramfolks Whisky Auction\",\"isPartOf\":{\"@id\":\"https:\/\/www.dramfolks-whisky-auction.com\/fr\/#website\"},\"primaryImageOfPage\":{\"@id\":\"https:\/\/www.dramfolks-whisky-auction.com\/fr\/product\/edradour-ballechin-the-discovery-series-batch-no-6-bourbon-cask-10\/#primaryimage\"},\"image\":{\"@id\":\"https:\/\/www.dramfolks-whisky-auction.com\/fr\/product\/edradour-ballechin-the-discovery-series-batch-no-6-bourbon-cask-10\/#primaryimage\"},\"thumbnailUrl\":\"https:\/\/www.dramfolks-whisky-auction.com\/wp-content\/uploads\/2024\/12\/Ballachin-Discovery-Series-vorne-scaled.jpg\",\"datePublished\":\"2026-02-18T09:17:48+00:00\",\"dateModified\":\"2026-03-08T18:30:04+00:00\",\"breadcrumb\":{\"@id\":\"https:\/\/www.dramfolks-whisky-auction.com\/fr\/product\/edradour-ballechin-the-discovery-series-batch-no-6-bourbon-cask-10\/#breadcrumb\"},\"inLanguage\":\"fr-FR\",\"potentialAction\":[{\"@type\":\"ReadAction\",\"target\":[\"https:\/\/www.dramfolks-whisky-auction.com\/fr\/product\/edradour-ballechin-the-discovery-series-batch-no-6-bourbon-cask-10\/\"]}]},{\"@type\":\"ImageObject\",\"inLanguage\":\"fr-FR\",\"@id\":\"https:\/\/www.dramfolks-whisky-auction.com\/fr\/product\/edradour-ballechin-the-discovery-series-batch-no-6-bourbon-cask-10\/#primaryimage\",\"url\":\"https:\/\/www.dramfolks-whisky-auction.com\/wp-content\/uploads\/2024\/12\/Ballachin-Discovery-Series-vorne-scaled.jpg\",\"contentUrl\":\"https:\/\/www.dramfolks-whisky-auction.com\/wp-content\/uploads\/2024\/12\/Ballachin-Discovery-Series-vorne-scaled.jpg\",\"width\":2560,\"height\":2560},{\"@type\":\"BreadcrumbList\",\"@id\":\"https:\/\/www.dramfolks-whisky-auction.com\/fr\/product\/edradour-ballechin-the-discovery-series-batch-no-6-bourbon-cask-10\/#breadcrumb\",\"itemListElement\":[{\"@type\":\"ListItem\",\"position\":1,\"name\":\"Startseite\",\"item\":\"https:\/\/www.dramfolks-whisky-auction.com\/fr\/\"},{\"@type\":\"ListItem\",\"position\":2,\"name\":\"Boutique\",\"item\":\"https:\/\/www.dramfolks-whisky-auction.com\/fr\/boutique\/\"},{\"@type\":\"ListItem\",\"position\":3,\"name\":\"Edradour &#8211; Ballechin The Discovery Series Batch No.6 Bourbon Cask\"}]},{\"@type\":\"WebSite\",\"@id\":\"https:\/\/www.dramfolks-whisky-auction.com\/fr\/#website\",\"url\":\"https:\/\/www.dramfolks-whisky-auction.com\/fr\/\",\"name\":\"Dramfolks Whisky Auction\",\"description\":\"\",\"potentialAction\":[{\"@type\":\"SearchAction\",\"target\":{\"@type\":\"EntryPoint\",\"urlTemplate\":\"https:\/\/www.dramfolks-whisky-auction.com\/fr\/?s={search_term_string}\"},\"query-input\":{\"@type\":\"PropertyValueSpecification\",\"valueRequired\":true,\"valueName\":\"search_term_string\"}}],\"inLanguage\":\"fr-FR\"}]}<\/script>\n<!-- \/ Yoast SEO plugin. -->","yoast_head_json":{"title":"Edradour - Ballechin The Discovery Series Batch No.6 Bourbon Cask - Dramfolks Whisky Auction","robots":{"index":"index","follow":"follow","max-snippet":"max-snippet:-1","max-image-preview":"max-image-preview:large","max-video-preview":"max-video-preview:-1"},"canonical":"https:\/\/www.dramfolks-whisky-auction.com\/fr\/product\/edradour-ballechin-the-discovery-series-batch-no-6-bourbon-cask-10\/","og_locale":"fr_FR","og_type":"article","og_title":"Edradour - Ballechin The Discovery Series Batch No.6 Bourbon Cask - Dramfolks Whisky Auction","og_description":"Destille: Edradour Edradour gilt als die ehemals kleinste produzierende Destillerie Schottlands. Sie liegt in den Bergen \u00f6stlich von Pitlochry und produziert dort ihren unverkennbaren Malt noch mit Verfahren, die bei anderen Brennereien schon l\u00e4ngst der Vergangenheit angeh\u00f6ren. Gerade mal zw\u00f6lf F\u00e4sser die Woche wurden vor 2014 in der Brennerei in einer Woche abgef\u00fcllt. Vielleicht ist[...]","og_url":"https:\/\/www.dramfolks-whisky-auction.com\/fr\/product\/edradour-ballechin-the-discovery-series-batch-no-6-bourbon-cask-10\/","og_site_name":"Dramfolks Whisky Auction","article_modified_time":"2026-03-08T18:30:04+00:00","og_image":[{"width":2560,"height":2560,"url":"https:\/\/www.dramfolks-whisky-auction.com\/wp-content\/uploads\/2024\/12\/Ballachin-Discovery-Series-vorne-scaled.jpg","type":"image\/jpeg"}],"twitter_card":"summary_large_image","twitter_misc":{"Dur\u00e9e de lecture estim\u00e9e":"3 minutes"},"schema":{"@context":"https:\/\/schema.org","@graph":[{"@type":"WebPage","@id":"https:\/\/www.dramfolks-whisky-auction.com\/fr\/product\/edradour-ballechin-the-discovery-series-batch-no-6-bourbon-cask-10\/","url":"https:\/\/www.dramfolks-whisky-auction.com\/fr\/product\/edradour-ballechin-the-discovery-series-batch-no-6-bourbon-cask-10\/","name":"Edradour - Ballechin The Discovery Series Batch No.6 Bourbon Cask - Dramfolks Whisky Auction","isPartOf":{"@id":"https:\/\/www.dramfolks-whisky-auction.com\/fr\/#website"},"primaryImageOfPage":{"@id":"https:\/\/www.dramfolks-whisky-auction.com\/fr\/product\/edradour-ballechin-the-discovery-series-batch-no-6-bourbon-cask-10\/#primaryimage"},"image":{"@id":"https:\/\/www.dramfolks-whisky-auction.com\/fr\/product\/edradour-ballechin-the-discovery-series-batch-no-6-bourbon-cask-10\/#primaryimage"},"thumbnailUrl":"https:\/\/www.dramfolks-whisky-auction.com\/wp-content\/uploads\/2024\/12\/Ballachin-Discovery-Series-vorne-scaled.jpg","datePublished":"2026-02-18T09:17:48+00:00","dateModified":"2026-03-08T18:30:04+00:00","breadcrumb":{"@id":"https:\/\/www.dramfolks-whisky-auction.com\/fr\/product\/edradour-ballechin-the-discovery-series-batch-no-6-bourbon-cask-10\/#breadcrumb"},"inLanguage":"fr-FR","potentialAction":[{"@type":"ReadAction","target":["https:\/\/www.dramfolks-whisky-auction.com\/fr\/product\/edradour-ballechin-the-discovery-series-batch-no-6-bourbon-cask-10\/"]}]},{"@type":"ImageObject","inLanguage":"fr-FR","@id":"https:\/\/www.dramfolks-whisky-auction.com\/fr\/product\/edradour-ballechin-the-discovery-series-batch-no-6-bourbon-cask-10\/#primaryimage","url":"https:\/\/www.dramfolks-whisky-auction.com\/wp-content\/uploads\/2024\/12\/Ballachin-Discovery-Series-vorne-scaled.jpg","contentUrl":"https:\/\/www.dramfolks-whisky-auction.com\/wp-content\/uploads\/2024\/12\/Ballachin-Discovery-Series-vorne-scaled.jpg","width":2560,"height":2560},{"@type":"BreadcrumbList","@id":"https:\/\/www.dramfolks-whisky-auction.com\/fr\/product\/edradour-ballechin-the-discovery-series-batch-no-6-bourbon-cask-10\/#breadcrumb","itemListElement":[{"@type":"ListItem","position":1,"name":"Startseite","item":"https:\/\/www.dramfolks-whisky-auction.com\/fr\/"},{"@type":"ListItem","position":2,"name":"Boutique","item":"https:\/\/www.dramfolks-whisky-auction.com\/fr\/boutique\/"},{"@type":"ListItem","position":3,"name":"Edradour &#8211; Ballechin The Discovery Series Batch No.6 Bourbon Cask"}]},{"@type":"WebSite","@id":"https:\/\/www.dramfolks-whisky-auction.com\/fr\/#website","url":"https:\/\/www.dramfolks-whisky-auction.com\/fr\/","name":"Dramfolks Whisky Auction","description":"","potentialAction":[{"@type":"SearchAction","target":{"@type":"EntryPoint","urlTemplate":"https:\/\/www.dramfolks-whisky-auction.com\/fr\/?s={search_term_string}"},"query-input":{"@type":"PropertyValueSpecification","valueRequired":true,"valueName":"search_term_string"}}],"inLanguage":"fr-FR"}]}},"_links":{"self":[{"href":"https:\/\/www.dramfolks-whisky-auction.com\/fr\/wp-json\/wp\/v2\/product\/6727822","targetHints":{"allow":["GET"]}}],"collection":[{"href":"https:\/\/www.dramfolks-whisky-auction.com\/fr\/wp-json\/wp\/v2\/product"}],"about":[{"href":"https:\/\/www.dramfolks-whisky-auction.com\/fr\/wp-json\/wp\/v2\/types\/product"}],"replies":[{"embeddable":true,"href":"https:\/\/www.dramfolks-whisky-auction.com\/fr\/wp-json\/wp\/v2\/comments?post=6727822"}],"wp:featuredmedia":[{"embeddable":true,"href":"https:\/\/www.dramfolks-whisky-auction.com\/fr\/wp-json\/wp\/v2\/media\/1310952"}],"wp:attachment":[{"href":"https:\/\/www.dramfolks-whisky-auction.com\/fr\/wp-json\/wp\/v2\/media?parent=6727822"}],"wp:term":[{"taxonomy":"product_brand","embeddable":true,"href":"https:\/\/www.dramfolks-whisky-auction.com\/fr\/wp-json\/wp\/v2\/product_brand?post=6727822"},{"taxonomy":"product_cat","embeddable":true,"href":"https:\/\/www.dramfolks-whisky-auction.com\/fr\/wp-json\/wp\/v2\/product_cat?post=6727822"},{"taxonomy":"product_tag","embeddable":true,"href":"https:\/\/www.dramfolks-whisky-auction.com\/fr\/wp-json\/wp\/v2\/product_tag?post=6727822"}],"curies":[{"name":"wp","href":"https:\/\/api.w.org\/{rel}","templated":true}]}}