{"id":6727812,"date":"2026-02-18T08:23:56","date_gmt":"2026-02-18T07:23:56","guid":{"rendered":"https:\/\/www.dramfolks-whisky-auction.com\/?post_type=product&#038;p=6727812"},"modified":"2026-03-08T19:46:02","modified_gmt":"2026-03-08T18:46:02","slug":"penderyn-portwood-single-malt-welsh-whisky-15","status":"publish","type":"product","link":"https:\/\/www.dramfolks-whisky-auction.com\/fr\/product\/penderyn-portwood-single-malt-welsh-whisky-15\/","title":{"rendered":"Penderyn &#8211; Portwood Single Malt Welsh Whisky"},"content":{"rendered":"<p><strong>Destille: Penderyn<br \/>\n<\/strong>Die Destillerie liegt im malerischen Ort Penderyn, an den s\u00fcdlichen Ausl\u00e4ufern des Brecon Beacons Nationalparks. Die walisische Whisky Tradition ist l\u00e4nger als allgemein bekannt und hat ber\u00fchmte Namen hervorgebracht. Im Jahre 1705 gab es eine kleine Destillerie in Dale, Pembrokeshire und es wurde erstklassiger \u00ab\u00a0wysgi\u00a0\u00bb gebrannt. Sie geh\u00f6rte der Familie von Evan Williams, die sp\u00e4ter in die USA auswanderte und dort die Whiskeyindustrie in Kentucky mitgr\u00fcndete. Im 19. Jahrhundert gab es eine Whiskydestillerie in Frongoch in der N\u00e4he von Bala (Nord Wales), die in den sp\u00e4ten Jahren des 19. Jahrhunderts geschlossen werden musste. Jack Daniel und Evan Williams stammten aus Wales und waren Auswanderer in die USA. Tradition verpflichtet und so entschied sich Penderyn im wesentlichen Ex-Bourbon-F\u00e4sser zu nutzen. Zudem wird in S\u00fcdweinf\u00e4ssern gefinished da \u00fcber den Hafen Bristol in der Vergangenheit mehr S\u00fcdweine importiert wurden, als \u00fcber jeden anderen Hafen in Gro\u00dfbritannien. J\u00e4hrliche Produktionskapazit\u00e4t liegt bei 300.000 Litern.<\/p>\n<p><strong>Fun fact: <\/strong>Es ist der erste Whisky, der in Wales destilliert wird, seit die Frongoch Destillerie schlie\u00dfen mu\u00dfte. Die Bauart der Geb\u00e4ude enstand nach modernsten Standards aber auch etwas paradox und dem Stil der Frongoch Destillerie nachempfunden. Die Destillerie integriert sowohl Destillations- und Abf\u00fcllanlage als auch die Lagerh\u00e4user. Die Potstill wurden von einem Team unter Leitung von Dr. David Faraday (einem Nachfahren von Sir Michael Faraday, dem Entdecker der Elektrolyse und der elektromagnetischen Induktion) entwickelt. Die Brennerei gilt als eine der kleinsten der Welt, konnte aber bereits 2008 ein eigenes Besucherzentrum einrichten, zu dessen Einweihung der Prince of Wales, Prinz Charles, pers\u00f6nlich erschien!<\/p>\n<p><strong>Whisky\/Whiskey: Portwood Single Malt Welsh Whisky<br \/>\n<\/strong>Der Penderyn Portwood Single Malt Welsh Whisky reiht sich in ein erstaunlich breitgef\u00e4chertes Sortiment ein. So hat sich die Brennerei damit einen Namen gemacht, gerne Experimente zu wagen. Der Penderyn Portwood Single Malt Welsh Whisky stellt eines dieser Highlights dar und zeigt sich von der modernen Seite. Er geh\u00f6rt gemeinsam mit Abf\u00fcllungen wie Sherrywood, Madeira und Peated Whisky zur Gold Range, die das zeitgen\u00f6ssische Kernsortiment Penderyns verk\u00f6rpert. Das Unternehmen lie\u00df ihn nach der Destillation zun\u00e4chst einmal jahrelang in Bourbonf\u00e4ssern aus amerikanischer Wei\u00dfeiche reifen. F\u00fcr eine Nachlagerung wanderte der Penderyn Portwood schlie\u00dflich in Eichenf\u00e4sser, die zuvor mit Portwein bef\u00fcllt waren. Der Lik\u00f6rwein aus Portugal hat spannende Spuren hinterlassen. Der Penderyn mit Finishing in Portweinf\u00e4ssern ist ein mehrfacher Medaillengewinner. So gab es f\u00fcr den pr\u00e4mierten Trendsetter unter anderem Gold bei der San Francisco World Spirits Competition sowie 95 Punkte bei der International Wine &amp; Spirit Competition.<\/p>\n<p><strong>Info Qualit\u00e4t der Flasche:<\/strong> Exzellent &#8211; ohne Besch\u00e4digungen \/ <strong>F\u00fcllstand:<\/strong> Into neck<br \/>\n<strong>Info Qualit\u00e4t der Box:<\/strong> Exzellent &#8211; ohne Besch\u00e4digungen<\/p>\n<p><strong>Wichtiger Hinweis:<\/strong> Die Bewertung der Flaschen und Boxen erfolgt nach \u201ebesten Wissen und Gewissen\u201c. dramfolks kann keine Gew\u00e4hrleistung f\u00fcr den Inhalt der Flaschen \u00fcbernehmen. Weitere Infos &amp; Hinweise finden Sie in unseren AGBs. Wir empfehlen Ihnen, vor der Abgabe von Geboten \u00fcber die Zoomfunktion eine Besichtigung \/ genaue Pr\u00fcfung des angebotenen Whiskys vorzunehmen. Bitte kontaktieren sie uns bei Fragen direkt unter info@dramfolks.com<\/p>\n","protected":false},"excerpt":{"rendered":"<p>Destille: Penderyn Die Destillerie liegt im malerischen Ort Penderyn, an den s\u00fcdlichen Ausl\u00e4ufern des Brecon Beacons Nationalparks. Die walisische Whisky Tradition ist l\u00e4nger als allgemein bekannt und hat ber\u00fchmte Namen hervorgebracht. Im Jahre 1705 gab es eine kleine Destillerie in Dale, Pembrokeshire und es wurde erstklassiger \u00ab\u00a0wysgi\u00a0\u00bb gebrannt. Sie geh\u00f6rte der Familie von Evan Williams,[&#8230;]\n","protected":false},"featured_media":6235,"comment_status":"closed","ping_status":"closed","template":"","meta":[],"product_brand":[],"product_cat":[1304],"product_tag":[],"class_list":{"0":"post-6727812","1":"product","2":"type-product","3":"status-publish","4":"has-post-thumbnail","6":"product_cat-no-23","8":"first","9":"instock","10":"shipping-taxable","11":"purchasable","12":"product-type-auction"},"yoast_head":"<!-- This site is optimized with the Yoast SEO plugin v27.0 - https:\/\/yoast.com\/product\/yoast-seo-wordpress\/ -->\n<title>Penderyn - Portwood Single Malt Welsh Whisky - Dramfolks Whisky Auction<\/title>\n<meta name=\"robots\" content=\"index, follow, max-snippet:-1, max-image-preview:large, max-video-preview:-1\" \/>\n<link rel=\"canonical\" href=\"https:\/\/www.dramfolks-whisky-auction.com\/fr\/product\/penderyn-portwood-single-malt-welsh-whisky-15\/\" \/>\n<meta property=\"og:locale\" content=\"fr_FR\" \/>\n<meta property=\"og:type\" content=\"article\" \/>\n<meta property=\"og:title\" content=\"Penderyn - Portwood Single Malt Welsh Whisky - Dramfolks Whisky Auction\" \/>\n<meta property=\"og:description\" content=\"Destille: Penderyn Die Destillerie liegt im malerischen Ort Penderyn, an den s\u00fcdlichen Ausl\u00e4ufern des Brecon Beacons Nationalparks. Die walisische Whisky Tradition ist l\u00e4nger als allgemein bekannt und hat ber\u00fchmte Namen hervorgebracht. Im Jahre 1705 gab es eine kleine Destillerie in Dale, Pembrokeshire und es wurde erstklassiger \u00ab\u00a0wysgi\u00a0\u00bb gebrannt. Sie geh\u00f6rte der Familie von Evan Williams,[...]\" \/>\n<meta property=\"og:url\" content=\"https:\/\/www.dramfolks-whisky-auction.com\/fr\/product\/penderyn-portwood-single-malt-welsh-whisky-15\/\" \/>\n<meta property=\"og:site_name\" content=\"Dramfolks Whisky Auction\" \/>\n<meta property=\"article:modified_time\" content=\"2026-03-08T18:46:02+00:00\" \/>\n<meta property=\"og:image\" content=\"https:\/\/www.dramfolks-whisky-auction.com\/wp-content\/uploads\/2024\/04\/Penderyn-Portwood-vorne-scaled.jpg\" \/>\n\t<meta property=\"og:image:width\" content=\"2560\" \/>\n\t<meta property=\"og:image:height\" content=\"2560\" \/>\n\t<meta property=\"og:image:type\" content=\"image\/jpeg\" \/>\n<meta name=\"twitter:card\" content=\"summary_large_image\" \/>\n<meta name=\"twitter:label1\" content=\"Dur\u00e9e de lecture estim\u00e9e\" \/>\n\t<meta name=\"twitter:data1\" content=\"3 minutes\" \/>\n<script type=\"application\/ld+json\" class=\"yoast-schema-graph\">{\"@context\":\"https:\/\/schema.org\",\"@graph\":[{\"@type\":\"WebPage\",\"@id\":\"https:\/\/www.dramfolks-whisky-auction.com\/fr\/product\/penderyn-portwood-single-malt-welsh-whisky-15\/\",\"url\":\"https:\/\/www.dramfolks-whisky-auction.com\/fr\/product\/penderyn-portwood-single-malt-welsh-whisky-15\/\",\"name\":\"Penderyn - Portwood Single Malt Welsh Whisky - Dramfolks Whisky Auction\",\"isPartOf\":{\"@id\":\"https:\/\/www.dramfolks-whisky-auction.com\/fr\/#website\"},\"primaryImageOfPage\":{\"@id\":\"https:\/\/www.dramfolks-whisky-auction.com\/fr\/product\/penderyn-portwood-single-malt-welsh-whisky-15\/#primaryimage\"},\"image\":{\"@id\":\"https:\/\/www.dramfolks-whisky-auction.com\/fr\/product\/penderyn-portwood-single-malt-welsh-whisky-15\/#primaryimage\"},\"thumbnailUrl\":\"https:\/\/www.dramfolks-whisky-auction.com\/wp-content\/uploads\/2024\/04\/Penderyn-Portwood-vorne-scaled.jpg\",\"datePublished\":\"2026-02-18T07:23:56+00:00\",\"dateModified\":\"2026-03-08T18:46:02+00:00\",\"breadcrumb\":{\"@id\":\"https:\/\/www.dramfolks-whisky-auction.com\/fr\/product\/penderyn-portwood-single-malt-welsh-whisky-15\/#breadcrumb\"},\"inLanguage\":\"fr-FR\",\"potentialAction\":[{\"@type\":\"ReadAction\",\"target\":[\"https:\/\/www.dramfolks-whisky-auction.com\/fr\/product\/penderyn-portwood-single-malt-welsh-whisky-15\/\"]}]},{\"@type\":\"ImageObject\",\"inLanguage\":\"fr-FR\",\"@id\":\"https:\/\/www.dramfolks-whisky-auction.com\/fr\/product\/penderyn-portwood-single-malt-welsh-whisky-15\/#primaryimage\",\"url\":\"https:\/\/www.dramfolks-whisky-auction.com\/wp-content\/uploads\/2024\/04\/Penderyn-Portwood-vorne-scaled.jpg\",\"contentUrl\":\"https:\/\/www.dramfolks-whisky-auction.com\/wp-content\/uploads\/2024\/04\/Penderyn-Portwood-vorne-scaled.jpg\",\"width\":2560,\"height\":2560},{\"@type\":\"BreadcrumbList\",\"@id\":\"https:\/\/www.dramfolks-whisky-auction.com\/fr\/product\/penderyn-portwood-single-malt-welsh-whisky-15\/#breadcrumb\",\"itemListElement\":[{\"@type\":\"ListItem\",\"position\":1,\"name\":\"Startseite\",\"item\":\"https:\/\/www.dramfolks-whisky-auction.com\/fr\/\"},{\"@type\":\"ListItem\",\"position\":2,\"name\":\"Boutique\",\"item\":\"https:\/\/www.dramfolks-whisky-auction.com\/fr\/boutique\/\"},{\"@type\":\"ListItem\",\"position\":3,\"name\":\"Penderyn &#8211; Portwood Single Malt Welsh Whisky\"}]},{\"@type\":\"WebSite\",\"@id\":\"https:\/\/www.dramfolks-whisky-auction.com\/fr\/#website\",\"url\":\"https:\/\/www.dramfolks-whisky-auction.com\/fr\/\",\"name\":\"Dramfolks Whisky Auction\",\"description\":\"\",\"potentialAction\":[{\"@type\":\"SearchAction\",\"target\":{\"@type\":\"EntryPoint\",\"urlTemplate\":\"https:\/\/www.dramfolks-whisky-auction.com\/fr\/?s={search_term_string}\"},\"query-input\":{\"@type\":\"PropertyValueSpecification\",\"valueRequired\":true,\"valueName\":\"search_term_string\"}}],\"inLanguage\":\"fr-FR\"}]}<\/script>\n<!-- \/ Yoast SEO plugin. -->","yoast_head_json":{"title":"Penderyn - Portwood Single Malt Welsh Whisky - Dramfolks Whisky Auction","robots":{"index":"index","follow":"follow","max-snippet":"max-snippet:-1","max-image-preview":"max-image-preview:large","max-video-preview":"max-video-preview:-1"},"canonical":"https:\/\/www.dramfolks-whisky-auction.com\/fr\/product\/penderyn-portwood-single-malt-welsh-whisky-15\/","og_locale":"fr_FR","og_type":"article","og_title":"Penderyn - Portwood Single Malt Welsh Whisky - Dramfolks Whisky Auction","og_description":"Destille: Penderyn Die Destillerie liegt im malerischen Ort Penderyn, an den s\u00fcdlichen Ausl\u00e4ufern des Brecon Beacons Nationalparks. Die walisische Whisky Tradition ist l\u00e4nger als allgemein bekannt und hat ber\u00fchmte Namen hervorgebracht. Im Jahre 1705 gab es eine kleine Destillerie in Dale, Pembrokeshire und es wurde erstklassiger \u00ab\u00a0wysgi\u00a0\u00bb gebrannt. Sie geh\u00f6rte der Familie von Evan Williams,[...]","og_url":"https:\/\/www.dramfolks-whisky-auction.com\/fr\/product\/penderyn-portwood-single-malt-welsh-whisky-15\/","og_site_name":"Dramfolks Whisky Auction","article_modified_time":"2026-03-08T18:46:02+00:00","og_image":[{"width":2560,"height":2560,"url":"https:\/\/www.dramfolks-whisky-auction.com\/wp-content\/uploads\/2024\/04\/Penderyn-Portwood-vorne-scaled.jpg","type":"image\/jpeg"}],"twitter_card":"summary_large_image","twitter_misc":{"Dur\u00e9e de lecture estim\u00e9e":"3 minutes"},"schema":{"@context":"https:\/\/schema.org","@graph":[{"@type":"WebPage","@id":"https:\/\/www.dramfolks-whisky-auction.com\/fr\/product\/penderyn-portwood-single-malt-welsh-whisky-15\/","url":"https:\/\/www.dramfolks-whisky-auction.com\/fr\/product\/penderyn-portwood-single-malt-welsh-whisky-15\/","name":"Penderyn - Portwood Single Malt Welsh Whisky - Dramfolks Whisky Auction","isPartOf":{"@id":"https:\/\/www.dramfolks-whisky-auction.com\/fr\/#website"},"primaryImageOfPage":{"@id":"https:\/\/www.dramfolks-whisky-auction.com\/fr\/product\/penderyn-portwood-single-malt-welsh-whisky-15\/#primaryimage"},"image":{"@id":"https:\/\/www.dramfolks-whisky-auction.com\/fr\/product\/penderyn-portwood-single-malt-welsh-whisky-15\/#primaryimage"},"thumbnailUrl":"https:\/\/www.dramfolks-whisky-auction.com\/wp-content\/uploads\/2024\/04\/Penderyn-Portwood-vorne-scaled.jpg","datePublished":"2026-02-18T07:23:56+00:00","dateModified":"2026-03-08T18:46:02+00:00","breadcrumb":{"@id":"https:\/\/www.dramfolks-whisky-auction.com\/fr\/product\/penderyn-portwood-single-malt-welsh-whisky-15\/#breadcrumb"},"inLanguage":"fr-FR","potentialAction":[{"@type":"ReadAction","target":["https:\/\/www.dramfolks-whisky-auction.com\/fr\/product\/penderyn-portwood-single-malt-welsh-whisky-15\/"]}]},{"@type":"ImageObject","inLanguage":"fr-FR","@id":"https:\/\/www.dramfolks-whisky-auction.com\/fr\/product\/penderyn-portwood-single-malt-welsh-whisky-15\/#primaryimage","url":"https:\/\/www.dramfolks-whisky-auction.com\/wp-content\/uploads\/2024\/04\/Penderyn-Portwood-vorne-scaled.jpg","contentUrl":"https:\/\/www.dramfolks-whisky-auction.com\/wp-content\/uploads\/2024\/04\/Penderyn-Portwood-vorne-scaled.jpg","width":2560,"height":2560},{"@type":"BreadcrumbList","@id":"https:\/\/www.dramfolks-whisky-auction.com\/fr\/product\/penderyn-portwood-single-malt-welsh-whisky-15\/#breadcrumb","itemListElement":[{"@type":"ListItem","position":1,"name":"Startseite","item":"https:\/\/www.dramfolks-whisky-auction.com\/fr\/"},{"@type":"ListItem","position":2,"name":"Boutique","item":"https:\/\/www.dramfolks-whisky-auction.com\/fr\/boutique\/"},{"@type":"ListItem","position":3,"name":"Penderyn &#8211; Portwood Single Malt Welsh Whisky"}]},{"@type":"WebSite","@id":"https:\/\/www.dramfolks-whisky-auction.com\/fr\/#website","url":"https:\/\/www.dramfolks-whisky-auction.com\/fr\/","name":"Dramfolks Whisky Auction","description":"","potentialAction":[{"@type":"SearchAction","target":{"@type":"EntryPoint","urlTemplate":"https:\/\/www.dramfolks-whisky-auction.com\/fr\/?s={search_term_string}"},"query-input":{"@type":"PropertyValueSpecification","valueRequired":true,"valueName":"search_term_string"}}],"inLanguage":"fr-FR"}]}},"_links":{"self":[{"href":"https:\/\/www.dramfolks-whisky-auction.com\/fr\/wp-json\/wp\/v2\/product\/6727812","targetHints":{"allow":["GET"]}}],"collection":[{"href":"https:\/\/www.dramfolks-whisky-auction.com\/fr\/wp-json\/wp\/v2\/product"}],"about":[{"href":"https:\/\/www.dramfolks-whisky-auction.com\/fr\/wp-json\/wp\/v2\/types\/product"}],"replies":[{"embeddable":true,"href":"https:\/\/www.dramfolks-whisky-auction.com\/fr\/wp-json\/wp\/v2\/comments?post=6727812"}],"wp:featuredmedia":[{"embeddable":true,"href":"https:\/\/www.dramfolks-whisky-auction.com\/fr\/wp-json\/wp\/v2\/media\/6235"}],"wp:attachment":[{"href":"https:\/\/www.dramfolks-whisky-auction.com\/fr\/wp-json\/wp\/v2\/media?parent=6727812"}],"wp:term":[{"taxonomy":"product_brand","embeddable":true,"href":"https:\/\/www.dramfolks-whisky-auction.com\/fr\/wp-json\/wp\/v2\/product_brand?post=6727812"},{"taxonomy":"product_cat","embeddable":true,"href":"https:\/\/www.dramfolks-whisky-auction.com\/fr\/wp-json\/wp\/v2\/product_cat?post=6727812"},{"taxonomy":"product_tag","embeddable":true,"href":"https:\/\/www.dramfolks-whisky-auction.com\/fr\/wp-json\/wp\/v2\/product_tag?post=6727812"}],"curies":[{"name":"wp","href":"https:\/\/api.w.org\/{rel}","templated":true}]}}