{"id":6727810,"date":"2026-02-18T08:21:49","date_gmt":"2026-02-18T07:21:49","guid":{"rendered":"https:\/\/www.dramfolks-whisky-auction.com\/?post_type=product&#038;p=6727810"},"modified":"2026-03-17T20:21:44","modified_gmt":"2026-03-17T19:21:44","slug":"stauning-kaos-batch-1-2021-10","status":"publish","type":"product","link":"https:\/\/www.dramfolks-whisky-auction.com\/fr\/product\/stauning-kaos-batch-1-2021-10\/","title":{"rendered":"Stauning &#8211; KAOS Batch 1\/ 2021"},"content":{"rendered":"<p><strong>Destille: Stauning<br \/>\n<\/strong>Stauning Whisky ist eine Whiskybrennerei im Ort Stauning in der Kommune Ringk\u00f8bing-Skjern im d\u00e4nischen Westj\u00fctland. Die Brennerei wurde 2005 gegr\u00fcndet und 2007 wurde der heutige Standort 1,5 km s\u00fcdlich des Ortskerns bezogen. Stauning begann als echte Craft-Destillerie, die in einem Schlachthof des Metzgers der Gruppe operierte. Die Gerste wurde von einem lokalen Bauern bezogen und auf einem Grill in der R\u00e4ucherei getorft, das K\u00fchlhaus wurde zum M\u00e4lzen des Bodens genutzt, das Schrot wurde im Fleischwolf zerkleinert, die G\u00e4rung fand in einem alten Pfl\u00fcckbottich statt und die Destillation erfolgte in zwei kleinen holzbefeuerten Brennblasen. Obwohl eine Bank vorschlug, stattdessen eine B\u00e4ckerei zu er\u00f6ffnen, beschlossen die Gr\u00fcnder, lieber zu expandieren. Es wurde Geld gesammelt, um eine Farm zu kaufen, die sie dann 2007 in eine kleine Destillerie umwandelten.<br \/>\nMan sollte meinen, dass es sich um den \u00ab\u00a0Malt-MacGyver-Ansatz\u00a0\u00bb handelt&#8230; aber nein. Was als Notwendigkeit im Schlachthof begann, wurde zum Fundament der Philosophie von Stauning, wobei lokal angebautes Getreide, experimentelles M\u00e4lzen und kleine, direkt mit Feuer beheizte Brennblasen zum Geheimnis des Charakters des Whiskys wurden. Dieses interessante \u00ab\u00a0Angebot\u00a0\u00bb erweckte sogar das Interesse von Diageo&#8230; Seit 2015 ist Diageo mit 40 Prozent an Stauning Whisky beteiligt.<\/p>\n<p><strong>Fun fact 1:\u00a0<\/strong>Ein Arzt, ein Metzger, ein Lehrer, ein Hubschrauberpilot und vier Ingenieure betreten eine Bar. Sie stellen fest, dass es keinen d\u00e4nischen Whisky zu bestellen gibt, und beschlie\u00dfen, etwas dagegen zu unternehmen. Nein, das ist kein Witz, sondern die Entstehungsgeschichte von Stauning Whisky&#8230; und sie haben es so gut gemacht, dass das preisgekr\u00f6nte Kopenhagener Restaurant Noma gleich alle Erzeugnisse von Stauning Whisky ausschenkt und im Angebot hat.<\/p>\n<p><strong>Fun fact 2:<\/strong> Torf aus dem Museum&#8230; Heute bezieht Stauning Roggen und Gerste von Farmen im Umkreis von 9 bis 12 km um die Destillerie. Es torft etwa 25 % des Getreides, das es verwendet und bezieht diesen Torf wiederum vor Ort von drei verschiedenen Lieferanten&#8230; und einer davon ist tats\u00e4chlich ein Torfmuseum in der Nachbarschaft.<\/p>\n<p><strong>Whisky\/Whiskey: KAOS Batch 1\/ 2021<br \/>\n<\/strong>Von d\u00e4nischer Geschichte inspiriert&#8230; Der Name KAOS wurde von der d\u00e4nischen Geschichte inspiriert. Thorvald Stauning (1873-1943) war der erste sozialdemokratische Staatsminister in D\u00e4nemark und wird als Gr\u00fcnder des \u00ab\u00a0modernen Wohlfahrtstaates\u00a0\u00bb in D\u00e4nemark betrachtet.<br \/>\nF\u00fcr die Parlamentswahlen 1935 benutzte er den ber\u00fchmten Wahlspruch \u201eStauning oder Chaos\u201c (\u201eStauning eller Kaos\u201c auf D\u00e4nisch). Damit gewann er die Wahl. Daher bringen die d\u00e4nischen Jungs sowohl Stauning als auch KAOS in diesem Whisky zusammen, indem sie ihren besten Rye- und Single Malt Whiskys in einer kuriosen Ehe vereinen. Ein Gemisch aus drei Single Malts: Stauning No-Smoke Single Malt, Stauning Malted Rye und Stauning Smoked Single Malt. In der Nase finden sich \u00ab\u00a0Ger\u00f6stetes (und verbranntes) M\u00fcsli, das mit Backgew\u00fcrz, Ahornsirup und dunkler Schokolade best\u00e4ubt wird\u00a0\u00bb. Am Gaumen folgt dann \u00ab\u00a0rauchige W\u00fcrze und ein Spritzer Sirup, mit Karamell-Digestifs und Kakao, unterst\u00fctzt von getrockneten \u00c4pfeln und Sultaninens\u00fc\u00dfe\u00a0\u00bb und der Abgang zeichnet sich schlie\u00dflich durch \u00ab\u00a0Rauch verweilt neben Lotuskeksen, Vanille und Rosinen\u00a0\u00bb aus. (Verkostungsnotizen von <a href=\"http:\/\/www.masterofmalt.com\" target=\"_blank\" rel=\"noopener noreferrer\">www.masterofmalt.com<\/a>)<\/p>\n<p><strong>Info Qualit\u00e4t der Flasche:<\/strong> Exzellent &#8211; ohne Besch\u00e4digungen \/ <strong>F\u00fcllstand:<\/strong> Into neck<br \/>\n<strong>Info Qualit\u00e4t der Box:<\/strong> keine Box vorhanden<\/p>\n<p><strong>Wichtiger Hinweis:<\/strong> Die Bewertung der Flaschen und Boxen erfolgt nach \u201ebesten Wissen und Gewissen\u201c. dramfolks kann keine Gew\u00e4hrleistung f\u00fcr den Inhalt der Flaschen \u00fcbernehmen. Weitere Infos &amp; Hinweise finden Sie in unseren AGBs. Wir empfehlen Ihnen, vor der Abgabe von Geboten \u00fcber die Zoomfunktion eine Besichtigung \/ genaue Pr\u00fcfung des angebotenen Whiskys vorzunehmen. Bitte kontaktieren sie uns bei Fragen direkt unter info@dramfolks.com<\/p>\n","protected":false},"excerpt":{"rendered":"<p>Destille: Stauning Stauning Whisky ist eine Whiskybrennerei im Ort Stauning in der Kommune Ringk\u00f8bing-Skjern im d\u00e4nischen Westj\u00fctland. Die Brennerei wurde 2005 gegr\u00fcndet und 2007 wurde der heutige Standort 1,5 km s\u00fcdlich des Ortskerns bezogen. Stauning begann als echte Craft-Destillerie, die in einem Schlachthof des Metzgers der Gruppe operierte. Die Gerste wurde von einem lokalen Bauern[&#8230;]\n","protected":false},"featured_media":3724460,"comment_status":"closed","ping_status":"closed","template":"","meta":[],"product_brand":[],"product_cat":[1304],"product_tag":[],"class_list":{"0":"post-6727810","1":"product","2":"type-product","3":"status-publish","4":"has-post-thumbnail","6":"product_cat-no-23","8":"first","9":"instock","10":"shipping-taxable","11":"purchasable","12":"product-type-auction"},"yoast_head":"<!-- This site is optimized with the Yoast SEO plugin v27.0 - https:\/\/yoast.com\/product\/yoast-seo-wordpress\/ -->\n<title>Stauning - KAOS Batch 1\/ 2021 - Dramfolks Whisky Auction<\/title>\n<meta name=\"robots\" content=\"index, follow, max-snippet:-1, max-image-preview:large, max-video-preview:-1\" \/>\n<link rel=\"canonical\" href=\"https:\/\/www.dramfolks-whisky-auction.com\/fr\/product\/stauning-kaos-batch-1-2021-10\/\" \/>\n<meta property=\"og:locale\" content=\"fr_FR\" \/>\n<meta property=\"og:type\" content=\"article\" \/>\n<meta property=\"og:title\" content=\"Stauning - KAOS Batch 1\/ 2021 - Dramfolks Whisky Auction\" \/>\n<meta property=\"og:description\" content=\"Destille: Stauning Stauning Whisky ist eine Whiskybrennerei im Ort Stauning in der Kommune Ringk\u00f8bing-Skjern im d\u00e4nischen Westj\u00fctland. Die Brennerei wurde 2005 gegr\u00fcndet und 2007 wurde der heutige Standort 1,5 km s\u00fcdlich des Ortskerns bezogen. Stauning begann als echte Craft-Destillerie, die in einem Schlachthof des Metzgers der Gruppe operierte. Die Gerste wurde von einem lokalen Bauern[...]\" \/>\n<meta property=\"og:url\" content=\"https:\/\/www.dramfolks-whisky-auction.com\/fr\/product\/stauning-kaos-batch-1-2021-10\/\" \/>\n<meta property=\"og:site_name\" content=\"Dramfolks Whisky Auction\" \/>\n<meta property=\"article:modified_time\" content=\"2026-03-17T19:21:44+00:00\" \/>\n<meta property=\"og:image\" content=\"https:\/\/www.dramfolks-whisky-auction.com\/wp-content\/uploads\/2025\/06\/Stauning-Kaos-vorne-scaled.jpg\" \/>\n\t<meta property=\"og:image:width\" content=\"2560\" \/>\n\t<meta property=\"og:image:height\" content=\"2560\" \/>\n\t<meta property=\"og:image:type\" content=\"image\/jpeg\" \/>\n<meta name=\"twitter:card\" content=\"summary_large_image\" \/>\n<meta name=\"twitter:label1\" content=\"Dur\u00e9e de lecture estim\u00e9e\" \/>\n\t<meta name=\"twitter:data1\" content=\"4 minutes\" \/>\n<script type=\"application\/ld+json\" class=\"yoast-schema-graph\">{\"@context\":\"https:\/\/schema.org\",\"@graph\":[{\"@type\":\"WebPage\",\"@id\":\"https:\/\/www.dramfolks-whisky-auction.com\/fr\/product\/stauning-kaos-batch-1-2021-10\/\",\"url\":\"https:\/\/www.dramfolks-whisky-auction.com\/fr\/product\/stauning-kaos-batch-1-2021-10\/\",\"name\":\"Stauning - KAOS Batch 1\/ 2021 - Dramfolks Whisky Auction\",\"isPartOf\":{\"@id\":\"https:\/\/www.dramfolks-whisky-auction.com\/fr\/#website\"},\"primaryImageOfPage\":{\"@id\":\"https:\/\/www.dramfolks-whisky-auction.com\/fr\/product\/stauning-kaos-batch-1-2021-10\/#primaryimage\"},\"image\":{\"@id\":\"https:\/\/www.dramfolks-whisky-auction.com\/fr\/product\/stauning-kaos-batch-1-2021-10\/#primaryimage\"},\"thumbnailUrl\":\"https:\/\/www.dramfolks-whisky-auction.com\/wp-content\/uploads\/2025\/06\/Stauning-Kaos-vorne-scaled.jpg\",\"datePublished\":\"2026-02-18T07:21:49+00:00\",\"dateModified\":\"2026-03-17T19:21:44+00:00\",\"breadcrumb\":{\"@id\":\"https:\/\/www.dramfolks-whisky-auction.com\/fr\/product\/stauning-kaos-batch-1-2021-10\/#breadcrumb\"},\"inLanguage\":\"fr-FR\",\"potentialAction\":[{\"@type\":\"ReadAction\",\"target\":[\"https:\/\/www.dramfolks-whisky-auction.com\/fr\/product\/stauning-kaos-batch-1-2021-10\/\"]}]},{\"@type\":\"ImageObject\",\"inLanguage\":\"fr-FR\",\"@id\":\"https:\/\/www.dramfolks-whisky-auction.com\/fr\/product\/stauning-kaos-batch-1-2021-10\/#primaryimage\",\"url\":\"https:\/\/www.dramfolks-whisky-auction.com\/wp-content\/uploads\/2025\/06\/Stauning-Kaos-vorne-scaled.jpg\",\"contentUrl\":\"https:\/\/www.dramfolks-whisky-auction.com\/wp-content\/uploads\/2025\/06\/Stauning-Kaos-vorne-scaled.jpg\",\"width\":2560,\"height\":2560},{\"@type\":\"BreadcrumbList\",\"@id\":\"https:\/\/www.dramfolks-whisky-auction.com\/fr\/product\/stauning-kaos-batch-1-2021-10\/#breadcrumb\",\"itemListElement\":[{\"@type\":\"ListItem\",\"position\":1,\"name\":\"Startseite\",\"item\":\"https:\/\/www.dramfolks-whisky-auction.com\/fr\/\"},{\"@type\":\"ListItem\",\"position\":2,\"name\":\"Boutique\",\"item\":\"https:\/\/www.dramfolks-whisky-auction.com\/fr\/boutique\/\"},{\"@type\":\"ListItem\",\"position\":3,\"name\":\"Stauning &#8211; KAOS Batch 1\/ 2021\"}]},{\"@type\":\"WebSite\",\"@id\":\"https:\/\/www.dramfolks-whisky-auction.com\/fr\/#website\",\"url\":\"https:\/\/www.dramfolks-whisky-auction.com\/fr\/\",\"name\":\"Dramfolks Whisky Auction\",\"description\":\"\",\"potentialAction\":[{\"@type\":\"SearchAction\",\"target\":{\"@type\":\"EntryPoint\",\"urlTemplate\":\"https:\/\/www.dramfolks-whisky-auction.com\/fr\/?s={search_term_string}\"},\"query-input\":{\"@type\":\"PropertyValueSpecification\",\"valueRequired\":true,\"valueName\":\"search_term_string\"}}],\"inLanguage\":\"fr-FR\"}]}<\/script>\n<!-- \/ Yoast SEO plugin. -->","yoast_head_json":{"title":"Stauning - KAOS Batch 1\/ 2021 - Dramfolks Whisky Auction","robots":{"index":"index","follow":"follow","max-snippet":"max-snippet:-1","max-image-preview":"max-image-preview:large","max-video-preview":"max-video-preview:-1"},"canonical":"https:\/\/www.dramfolks-whisky-auction.com\/fr\/product\/stauning-kaos-batch-1-2021-10\/","og_locale":"fr_FR","og_type":"article","og_title":"Stauning - KAOS Batch 1\/ 2021 - Dramfolks Whisky Auction","og_description":"Destille: Stauning Stauning Whisky ist eine Whiskybrennerei im Ort Stauning in der Kommune Ringk\u00f8bing-Skjern im d\u00e4nischen Westj\u00fctland. Die Brennerei wurde 2005 gegr\u00fcndet und 2007 wurde der heutige Standort 1,5 km s\u00fcdlich des Ortskerns bezogen. Stauning begann als echte Craft-Destillerie, die in einem Schlachthof des Metzgers der Gruppe operierte. Die Gerste wurde von einem lokalen Bauern[...]","og_url":"https:\/\/www.dramfolks-whisky-auction.com\/fr\/product\/stauning-kaos-batch-1-2021-10\/","og_site_name":"Dramfolks Whisky Auction","article_modified_time":"2026-03-17T19:21:44+00:00","og_image":[{"width":2560,"height":2560,"url":"https:\/\/www.dramfolks-whisky-auction.com\/wp-content\/uploads\/2025\/06\/Stauning-Kaos-vorne-scaled.jpg","type":"image\/jpeg"}],"twitter_card":"summary_large_image","twitter_misc":{"Dur\u00e9e de lecture estim\u00e9e":"4 minutes"},"schema":{"@context":"https:\/\/schema.org","@graph":[{"@type":"WebPage","@id":"https:\/\/www.dramfolks-whisky-auction.com\/fr\/product\/stauning-kaos-batch-1-2021-10\/","url":"https:\/\/www.dramfolks-whisky-auction.com\/fr\/product\/stauning-kaos-batch-1-2021-10\/","name":"Stauning - KAOS Batch 1\/ 2021 - Dramfolks Whisky Auction","isPartOf":{"@id":"https:\/\/www.dramfolks-whisky-auction.com\/fr\/#website"},"primaryImageOfPage":{"@id":"https:\/\/www.dramfolks-whisky-auction.com\/fr\/product\/stauning-kaos-batch-1-2021-10\/#primaryimage"},"image":{"@id":"https:\/\/www.dramfolks-whisky-auction.com\/fr\/product\/stauning-kaos-batch-1-2021-10\/#primaryimage"},"thumbnailUrl":"https:\/\/www.dramfolks-whisky-auction.com\/wp-content\/uploads\/2025\/06\/Stauning-Kaos-vorne-scaled.jpg","datePublished":"2026-02-18T07:21:49+00:00","dateModified":"2026-03-17T19:21:44+00:00","breadcrumb":{"@id":"https:\/\/www.dramfolks-whisky-auction.com\/fr\/product\/stauning-kaos-batch-1-2021-10\/#breadcrumb"},"inLanguage":"fr-FR","potentialAction":[{"@type":"ReadAction","target":["https:\/\/www.dramfolks-whisky-auction.com\/fr\/product\/stauning-kaos-batch-1-2021-10\/"]}]},{"@type":"ImageObject","inLanguage":"fr-FR","@id":"https:\/\/www.dramfolks-whisky-auction.com\/fr\/product\/stauning-kaos-batch-1-2021-10\/#primaryimage","url":"https:\/\/www.dramfolks-whisky-auction.com\/wp-content\/uploads\/2025\/06\/Stauning-Kaos-vorne-scaled.jpg","contentUrl":"https:\/\/www.dramfolks-whisky-auction.com\/wp-content\/uploads\/2025\/06\/Stauning-Kaos-vorne-scaled.jpg","width":2560,"height":2560},{"@type":"BreadcrumbList","@id":"https:\/\/www.dramfolks-whisky-auction.com\/fr\/product\/stauning-kaos-batch-1-2021-10\/#breadcrumb","itemListElement":[{"@type":"ListItem","position":1,"name":"Startseite","item":"https:\/\/www.dramfolks-whisky-auction.com\/fr\/"},{"@type":"ListItem","position":2,"name":"Boutique","item":"https:\/\/www.dramfolks-whisky-auction.com\/fr\/boutique\/"},{"@type":"ListItem","position":3,"name":"Stauning &#8211; KAOS Batch 1\/ 2021"}]},{"@type":"WebSite","@id":"https:\/\/www.dramfolks-whisky-auction.com\/fr\/#website","url":"https:\/\/www.dramfolks-whisky-auction.com\/fr\/","name":"Dramfolks Whisky Auction","description":"","potentialAction":[{"@type":"SearchAction","target":{"@type":"EntryPoint","urlTemplate":"https:\/\/www.dramfolks-whisky-auction.com\/fr\/?s={search_term_string}"},"query-input":{"@type":"PropertyValueSpecification","valueRequired":true,"valueName":"search_term_string"}}],"inLanguage":"fr-FR"}]}},"_links":{"self":[{"href":"https:\/\/www.dramfolks-whisky-auction.com\/fr\/wp-json\/wp\/v2\/product\/6727810","targetHints":{"allow":["GET"]}}],"collection":[{"href":"https:\/\/www.dramfolks-whisky-auction.com\/fr\/wp-json\/wp\/v2\/product"}],"about":[{"href":"https:\/\/www.dramfolks-whisky-auction.com\/fr\/wp-json\/wp\/v2\/types\/product"}],"replies":[{"embeddable":true,"href":"https:\/\/www.dramfolks-whisky-auction.com\/fr\/wp-json\/wp\/v2\/comments?post=6727810"}],"wp:featuredmedia":[{"embeddable":true,"href":"https:\/\/www.dramfolks-whisky-auction.com\/fr\/wp-json\/wp\/v2\/media\/3724460"}],"wp:attachment":[{"href":"https:\/\/www.dramfolks-whisky-auction.com\/fr\/wp-json\/wp\/v2\/media?parent=6727810"}],"wp:term":[{"taxonomy":"product_brand","embeddable":true,"href":"https:\/\/www.dramfolks-whisky-auction.com\/fr\/wp-json\/wp\/v2\/product_brand?post=6727810"},{"taxonomy":"product_cat","embeddable":true,"href":"https:\/\/www.dramfolks-whisky-auction.com\/fr\/wp-json\/wp\/v2\/product_cat?post=6727810"},{"taxonomy":"product_tag","embeddable":true,"href":"https:\/\/www.dramfolks-whisky-auction.com\/fr\/wp-json\/wp\/v2\/product_tag?post=6727810"}],"curies":[{"name":"wp","href":"https:\/\/api.w.org\/{rel}","templated":true}]}}