{"id":6727801,"date":"2026-02-18T07:25:06","date_gmt":"2026-02-18T06:25:06","guid":{"rendered":"https:\/\/www.dramfolks-whisky-auction.com\/?post_type=product&#038;p=6727801"},"modified":"2026-03-08T19:30:02","modified_gmt":"2026-03-08T18:30:02","slug":"dailuaine-distillery-2009-2024-15yo-sherry-cask-finish-px-wilson-morgan-5","status":"publish","type":"product","link":"https:\/\/www.dramfolks-whisky-auction.com\/fr\/product\/dailuaine-distillery-2009-2024-15yo-sherry-cask-finish-px-wilson-morgan-5\/","title":{"rendered":"Dailuaine Distillery &#8211; 2009\/2024 15yo Sherry Cask Finish PX (Wilson &#038; Morgan)"},"content":{"rendered":"<p><strong>Destille: Dailuaine Distillery<br \/>\n<\/strong>Der Name Dailuaine leitet sich vom g\u00e4lischen \u00ab\u00a0An dail uaine\u00a0\u00bb ab, was \u00ab\u00a0gr\u00fcnes Tal\u00a0\u00bb bedeutet. Gegr\u00fcndet wurde diese Brennerei im Jahr 1852 von William Mackenzie. Wenn man den idyllischen Standort der Brennerei im geschwungenen Tal des Flusses Spey bedenkt, ist die Wahl des Namens recht einleuchtend. Das Wasser f\u00fcr Dailuaine stammt vom Bailliemullich Burn, der an der Brennerei vorbei flie\u00dft. Single Malt Abf\u00fcllungen von der landschaftlich sch\u00f6n gelegenen Speyside-Brennerei Dailuaine gibt es nur wenige. Die Brennerei bringt nur eine Handvoll offizieller Abf\u00fcllungen \u00fcber die Flora &amp; Fauna-Serie und hin und wieder in der \u00ab\u00a0Manager&rsquo;s Drams\u00a0\u00bb-Reihe heraus. Es gibt mittlerweile mehr unabh\u00e4ngige Abf\u00fcllungen, wobei Gordon &amp; MacPhail hier den wichtigsten Abf\u00fcller darstellt. Nur ca. zwei Prozent des produzierten Whiskys werden als Single Malt vermarktet, der Rest wird f\u00fcr den Blended Whisky Johnnie Walker verwendet. Seit Dailuaine 1987 von United Destillers (heute Diageo) \u00fcbernommen wurde, erh\u00f6hte die Brennerei ihren j\u00e4hrlichen Aussto\u00df von 2,75 Millionen Litern im Jahr 1991 auf heute 3,3 Millionen Liter. Im Jahr 2013 investierte Diageo 6 Millionen Pfund in eine hochmoderne Bioenergieanlage in der Brennerei.<\/p>\n<p><strong>Fun Fakt:\u00a0<\/strong>1889 wurde Dailuaine, damals eine der gr\u00f6\u00dften Destillen der Highlands, als erste Brennerei mit einem von Charles Doig entworfenen \u00ab\u00a0Pagoden-Dach\u00a0\u00bb ausgestattet. Viele andere Brennereien folgten diesem Beispiel, u.a. Aberlour, Ardbeg und Benriach. Dieses architektonische Juwel zielte darauf ab die bestehenden Standards f\u00fcr die Ableitung des Torfrauchs erheblich zu verbessern.<\/p>\n<p><strong>Whisky\/Whiskey: 2009\/2024 15yo Sherry Cask Finish PX (Wilson &amp; Morgan)<br \/>\n<\/strong>Dieser von der Dailuaine Distillery hergestellte Single Cask Whisky wurde 2009 destilliert und 2024 von Wilson &amp; Morgan abgef\u00fcllt. Seine Reifung erhielt er in einem Refill Hogshead und eine Finish Nachreifung der Whisky in einem First Fill Pedro Xim\u00e9nez Sherry Hogshead mit der Fassnummer 310718, die Anzahl der abgef\u00fcllten Flaschen betr\u00e4gt 277!<strong> Es handelt sich hier um Bottle No. 3 von 277!!!<\/strong><br \/>\nBei der Cask Strength Selection ist der Name Programm: Direkt aus dem Fass abgef\u00fcllt, behalten alle Whiskys ihre nat\u00fcrliche St\u00e4rke \u2013 und Identit\u00e4t. Nach einem 48-monatigen Finish im Sherryfass strotzt der Dailuaine 15 y.o. vor Fruchtigkeit, die sich vor dem Hintergrund von Kr\u00e4utern in reifen Aprikosen, Pfirsichen, Orangen und \u00c4pfeln ausdr\u00fcckt.<\/p>\n<p><strong>Sidenote zum Abf\u00fcller:<\/strong> <strong>Wilson &amp; Morgan<\/strong><br \/>\nUngew\u00f6hnlich f\u00fcr einen Einwohner Trevisos, wuchs Fabio Rossi mit Torfgeruch in der Nase auf. Sein Vater erweiterte den erfolgreichen Wein- und Oliven\u00f6lhandel der Familie ab den 1960er Jahren um schottischen Whisky und f\u00fchrte kultivierte italienische Gaumen an den Genuss des Lebenswassers heran. Am Zahn der Zeit gr\u00fcndete Fabio Rossi dann 1992 den unabh\u00e4ngigen Abf\u00fcllbetrieb Wilson &amp; Morgan und begleitete die Renaissance des Single Malts von Italien aus mit. Damals wie heute: Hohe Standards sind Rossis Leitstern. Als eines der wenigen nicht schottischen Unternehmen verf\u00fcgt Wilson &amp; Morgan \u00fcber eine handverlesene Auswahl an F\u00e4ssern. Die Single Malts des Bottlers reifen zwischen acht und 50 Jahren und werden teils in Sherry-, Port- oder Marsala-F\u00e4ssern veredelt. Stets in nat\u00fcrlicher Farbe und ohne K\u00fchlfiltrierung in Edinburgh abgef\u00fcllt, ist die Wilson &amp; Morgan Barrel Selection bei anspruchsvollen Genie\u00dfern weltweit zum Synonym f\u00fcr ausgezeichneten Single-Malt-Geschmack geworden.<\/p>\n<p><strong>Info Qualit\u00e4t der Flasche:<\/strong> Exzellent &#8211; ohne Besch\u00e4digungen \/ <strong>F\u00fcllstand:<\/strong> High fill<br \/>\n<strong>Info Qualit\u00e4t der Box: <\/strong>Exzellent &#8211; ohne Besch\u00e4digungen<\/p>\n<p><strong>Wichtiger Hinweis:<\/strong> Die Bewertung der Flaschen und Boxen erfolgt nach \u201ebesten Wissen und Gewissen\u201c. dramfolks kann keine Gew\u00e4hrleistung f\u00fcr den Inhalt der Flaschen \u00fcbernehmen. Weitere Infos &amp; Hinweise finden Sie in unseren AGBs. Wir empfehlen Ihnen, vor der Abgabe von Geboten \u00fcber die Zoomfunktion eine Besichtigung \/ genaue Pr\u00fcfung des angebotenen Whiskys vorzunehmen. Bitte kontaktieren sie uns bei Fragen direkt unter info@dramfolks.com<\/p>\n","protected":false},"excerpt":{"rendered":"<p>Destille: Dailuaine Distillery Der Name Dailuaine leitet sich vom g\u00e4lischen \u00ab\u00a0An dail uaine\u00a0\u00bb ab, was \u00ab\u00a0gr\u00fcnes Tal\u00a0\u00bb bedeutet. Gegr\u00fcndet wurde diese Brennerei im Jahr 1852 von William Mackenzie. Wenn man den idyllischen Standort der Brennerei im geschwungenen Tal des Flusses Spey bedenkt, ist die Wahl des Namens recht einleuchtend. Das Wasser f\u00fcr Dailuaine stammt vom[&#8230;]\n","protected":false},"featured_media":4744585,"comment_status":"closed","ping_status":"closed","template":"","meta":[],"product_brand":[],"product_cat":[1304],"product_tag":[],"class_list":{"0":"post-6727801","1":"product","2":"type-product","3":"status-publish","4":"has-post-thumbnail","6":"product_cat-no-23","8":"first","9":"instock","10":"shipping-taxable","11":"purchasable","12":"product-type-auction"},"yoast_head":"<!-- This site is optimized with the Yoast SEO plugin v27.0 - https:\/\/yoast.com\/product\/yoast-seo-wordpress\/ -->\n<title>Dailuaine Distillery - 2009\/2024 15yo Sherry Cask Finish PX (Wilson &amp; Morgan) - Dramfolks Whisky Auction<\/title>\n<meta name=\"robots\" content=\"index, follow, max-snippet:-1, max-image-preview:large, max-video-preview:-1\" \/>\n<link rel=\"canonical\" href=\"https:\/\/www.dramfolks-whisky-auction.com\/fr\/product\/dailuaine-distillery-2009-2024-15yo-sherry-cask-finish-px-wilson-morgan-5\/\" \/>\n<meta property=\"og:locale\" content=\"fr_FR\" \/>\n<meta property=\"og:type\" content=\"article\" \/>\n<meta property=\"og:title\" content=\"Dailuaine Distillery - 2009\/2024 15yo Sherry Cask Finish PX (Wilson &amp; Morgan) - Dramfolks Whisky Auction\" \/>\n<meta property=\"og:description\" content=\"Destille: Dailuaine Distillery Der Name Dailuaine leitet sich vom g\u00e4lischen \u00ab\u00a0An dail uaine\u00a0\u00bb ab, was \u00ab\u00a0gr\u00fcnes Tal\u00a0\u00bb bedeutet. Gegr\u00fcndet wurde diese Brennerei im Jahr 1852 von William Mackenzie. Wenn man den idyllischen Standort der Brennerei im geschwungenen Tal des Flusses Spey bedenkt, ist die Wahl des Namens recht einleuchtend. Das Wasser f\u00fcr Dailuaine stammt vom[...]\" \/>\n<meta property=\"og:url\" content=\"https:\/\/www.dramfolks-whisky-auction.com\/fr\/product\/dailuaine-distillery-2009-2024-15yo-sherry-cask-finish-px-wilson-morgan-5\/\" \/>\n<meta property=\"og:site_name\" content=\"Dramfolks Whisky Auction\" \/>\n<meta property=\"article:modified_time\" content=\"2026-03-08T18:30:02+00:00\" \/>\n<meta property=\"og:image\" content=\"https:\/\/www.dramfolks-whisky-auction.com\/wp-content\/uploads\/2025\/08\/Dailuaine-15yo-WM-vorne.jpg\" \/>\n\t<meta property=\"og:image:width\" content=\"1941\" \/>\n\t<meta property=\"og:image:height\" content=\"1941\" \/>\n\t<meta property=\"og:image:type\" content=\"image\/jpeg\" \/>\n<meta name=\"twitter:card\" content=\"summary_large_image\" \/>\n<meta name=\"twitter:label1\" content=\"Dur\u00e9e de lecture estim\u00e9e\" \/>\n\t<meta name=\"twitter:data1\" content=\"4 minutes\" \/>\n<script type=\"application\/ld+json\" class=\"yoast-schema-graph\">{\"@context\":\"https:\/\/schema.org\",\"@graph\":[{\"@type\":\"WebPage\",\"@id\":\"https:\/\/www.dramfolks-whisky-auction.com\/fr\/product\/dailuaine-distillery-2009-2024-15yo-sherry-cask-finish-px-wilson-morgan-5\/\",\"url\":\"https:\/\/www.dramfolks-whisky-auction.com\/fr\/product\/dailuaine-distillery-2009-2024-15yo-sherry-cask-finish-px-wilson-morgan-5\/\",\"name\":\"Dailuaine Distillery - 2009\/2024 15yo Sherry Cask Finish PX (Wilson & Morgan) - Dramfolks Whisky Auction\",\"isPartOf\":{\"@id\":\"https:\/\/www.dramfolks-whisky-auction.com\/fr\/#website\"},\"primaryImageOfPage\":{\"@id\":\"https:\/\/www.dramfolks-whisky-auction.com\/fr\/product\/dailuaine-distillery-2009-2024-15yo-sherry-cask-finish-px-wilson-morgan-5\/#primaryimage\"},\"image\":{\"@id\":\"https:\/\/www.dramfolks-whisky-auction.com\/fr\/product\/dailuaine-distillery-2009-2024-15yo-sherry-cask-finish-px-wilson-morgan-5\/#primaryimage\"},\"thumbnailUrl\":\"https:\/\/www.dramfolks-whisky-auction.com\/wp-content\/uploads\/2025\/08\/Dailuaine-15yo-WM-vorne.jpg\",\"datePublished\":\"2026-02-18T06:25:06+00:00\",\"dateModified\":\"2026-03-08T18:30:02+00:00\",\"breadcrumb\":{\"@id\":\"https:\/\/www.dramfolks-whisky-auction.com\/fr\/product\/dailuaine-distillery-2009-2024-15yo-sherry-cask-finish-px-wilson-morgan-5\/#breadcrumb\"},\"inLanguage\":\"fr-FR\",\"potentialAction\":[{\"@type\":\"ReadAction\",\"target\":[\"https:\/\/www.dramfolks-whisky-auction.com\/fr\/product\/dailuaine-distillery-2009-2024-15yo-sherry-cask-finish-px-wilson-morgan-5\/\"]}]},{\"@type\":\"ImageObject\",\"inLanguage\":\"fr-FR\",\"@id\":\"https:\/\/www.dramfolks-whisky-auction.com\/fr\/product\/dailuaine-distillery-2009-2024-15yo-sherry-cask-finish-px-wilson-morgan-5\/#primaryimage\",\"url\":\"https:\/\/www.dramfolks-whisky-auction.com\/wp-content\/uploads\/2025\/08\/Dailuaine-15yo-WM-vorne.jpg\",\"contentUrl\":\"https:\/\/www.dramfolks-whisky-auction.com\/wp-content\/uploads\/2025\/08\/Dailuaine-15yo-WM-vorne.jpg\",\"width\":1941,\"height\":1941},{\"@type\":\"BreadcrumbList\",\"@id\":\"https:\/\/www.dramfolks-whisky-auction.com\/fr\/product\/dailuaine-distillery-2009-2024-15yo-sherry-cask-finish-px-wilson-morgan-5\/#breadcrumb\",\"itemListElement\":[{\"@type\":\"ListItem\",\"position\":1,\"name\":\"Startseite\",\"item\":\"https:\/\/www.dramfolks-whisky-auction.com\/fr\/\"},{\"@type\":\"ListItem\",\"position\":2,\"name\":\"Boutique\",\"item\":\"https:\/\/www.dramfolks-whisky-auction.com\/fr\/boutique\/\"},{\"@type\":\"ListItem\",\"position\":3,\"name\":\"Dailuaine Distillery &#8211; 2009\/2024 15yo Sherry Cask Finish PX (Wilson &#038; Morgan)\"}]},{\"@type\":\"WebSite\",\"@id\":\"https:\/\/www.dramfolks-whisky-auction.com\/fr\/#website\",\"url\":\"https:\/\/www.dramfolks-whisky-auction.com\/fr\/\",\"name\":\"Dramfolks Whisky Auction\",\"description\":\"\",\"potentialAction\":[{\"@type\":\"SearchAction\",\"target\":{\"@type\":\"EntryPoint\",\"urlTemplate\":\"https:\/\/www.dramfolks-whisky-auction.com\/fr\/?s={search_term_string}\"},\"query-input\":{\"@type\":\"PropertyValueSpecification\",\"valueRequired\":true,\"valueName\":\"search_term_string\"}}],\"inLanguage\":\"fr-FR\"}]}<\/script>\n<!-- \/ Yoast SEO plugin. -->","yoast_head_json":{"title":"Dailuaine Distillery - 2009\/2024 15yo Sherry Cask Finish PX (Wilson & Morgan) - Dramfolks Whisky Auction","robots":{"index":"index","follow":"follow","max-snippet":"max-snippet:-1","max-image-preview":"max-image-preview:large","max-video-preview":"max-video-preview:-1"},"canonical":"https:\/\/www.dramfolks-whisky-auction.com\/fr\/product\/dailuaine-distillery-2009-2024-15yo-sherry-cask-finish-px-wilson-morgan-5\/","og_locale":"fr_FR","og_type":"article","og_title":"Dailuaine Distillery - 2009\/2024 15yo Sherry Cask Finish PX (Wilson & Morgan) - Dramfolks Whisky Auction","og_description":"Destille: Dailuaine Distillery Der Name Dailuaine leitet sich vom g\u00e4lischen \u00ab\u00a0An dail uaine\u00a0\u00bb ab, was \u00ab\u00a0gr\u00fcnes Tal\u00a0\u00bb bedeutet. Gegr\u00fcndet wurde diese Brennerei im Jahr 1852 von William Mackenzie. Wenn man den idyllischen Standort der Brennerei im geschwungenen Tal des Flusses Spey bedenkt, ist die Wahl des Namens recht einleuchtend. Das Wasser f\u00fcr Dailuaine stammt vom[...]","og_url":"https:\/\/www.dramfolks-whisky-auction.com\/fr\/product\/dailuaine-distillery-2009-2024-15yo-sherry-cask-finish-px-wilson-morgan-5\/","og_site_name":"Dramfolks Whisky Auction","article_modified_time":"2026-03-08T18:30:02+00:00","og_image":[{"width":1941,"height":1941,"url":"https:\/\/www.dramfolks-whisky-auction.com\/wp-content\/uploads\/2025\/08\/Dailuaine-15yo-WM-vorne.jpg","type":"image\/jpeg"}],"twitter_card":"summary_large_image","twitter_misc":{"Dur\u00e9e de lecture estim\u00e9e":"4 minutes"},"schema":{"@context":"https:\/\/schema.org","@graph":[{"@type":"WebPage","@id":"https:\/\/www.dramfolks-whisky-auction.com\/fr\/product\/dailuaine-distillery-2009-2024-15yo-sherry-cask-finish-px-wilson-morgan-5\/","url":"https:\/\/www.dramfolks-whisky-auction.com\/fr\/product\/dailuaine-distillery-2009-2024-15yo-sherry-cask-finish-px-wilson-morgan-5\/","name":"Dailuaine Distillery - 2009\/2024 15yo Sherry Cask Finish PX (Wilson & Morgan) - Dramfolks Whisky Auction","isPartOf":{"@id":"https:\/\/www.dramfolks-whisky-auction.com\/fr\/#website"},"primaryImageOfPage":{"@id":"https:\/\/www.dramfolks-whisky-auction.com\/fr\/product\/dailuaine-distillery-2009-2024-15yo-sherry-cask-finish-px-wilson-morgan-5\/#primaryimage"},"image":{"@id":"https:\/\/www.dramfolks-whisky-auction.com\/fr\/product\/dailuaine-distillery-2009-2024-15yo-sherry-cask-finish-px-wilson-morgan-5\/#primaryimage"},"thumbnailUrl":"https:\/\/www.dramfolks-whisky-auction.com\/wp-content\/uploads\/2025\/08\/Dailuaine-15yo-WM-vorne.jpg","datePublished":"2026-02-18T06:25:06+00:00","dateModified":"2026-03-08T18:30:02+00:00","breadcrumb":{"@id":"https:\/\/www.dramfolks-whisky-auction.com\/fr\/product\/dailuaine-distillery-2009-2024-15yo-sherry-cask-finish-px-wilson-morgan-5\/#breadcrumb"},"inLanguage":"fr-FR","potentialAction":[{"@type":"ReadAction","target":["https:\/\/www.dramfolks-whisky-auction.com\/fr\/product\/dailuaine-distillery-2009-2024-15yo-sherry-cask-finish-px-wilson-morgan-5\/"]}]},{"@type":"ImageObject","inLanguage":"fr-FR","@id":"https:\/\/www.dramfolks-whisky-auction.com\/fr\/product\/dailuaine-distillery-2009-2024-15yo-sherry-cask-finish-px-wilson-morgan-5\/#primaryimage","url":"https:\/\/www.dramfolks-whisky-auction.com\/wp-content\/uploads\/2025\/08\/Dailuaine-15yo-WM-vorne.jpg","contentUrl":"https:\/\/www.dramfolks-whisky-auction.com\/wp-content\/uploads\/2025\/08\/Dailuaine-15yo-WM-vorne.jpg","width":1941,"height":1941},{"@type":"BreadcrumbList","@id":"https:\/\/www.dramfolks-whisky-auction.com\/fr\/product\/dailuaine-distillery-2009-2024-15yo-sherry-cask-finish-px-wilson-morgan-5\/#breadcrumb","itemListElement":[{"@type":"ListItem","position":1,"name":"Startseite","item":"https:\/\/www.dramfolks-whisky-auction.com\/fr\/"},{"@type":"ListItem","position":2,"name":"Boutique","item":"https:\/\/www.dramfolks-whisky-auction.com\/fr\/boutique\/"},{"@type":"ListItem","position":3,"name":"Dailuaine Distillery &#8211; 2009\/2024 15yo Sherry Cask Finish PX (Wilson &#038; Morgan)"}]},{"@type":"WebSite","@id":"https:\/\/www.dramfolks-whisky-auction.com\/fr\/#website","url":"https:\/\/www.dramfolks-whisky-auction.com\/fr\/","name":"Dramfolks Whisky Auction","description":"","potentialAction":[{"@type":"SearchAction","target":{"@type":"EntryPoint","urlTemplate":"https:\/\/www.dramfolks-whisky-auction.com\/fr\/?s={search_term_string}"},"query-input":{"@type":"PropertyValueSpecification","valueRequired":true,"valueName":"search_term_string"}}],"inLanguage":"fr-FR"}]}},"_links":{"self":[{"href":"https:\/\/www.dramfolks-whisky-auction.com\/fr\/wp-json\/wp\/v2\/product\/6727801","targetHints":{"allow":["GET"]}}],"collection":[{"href":"https:\/\/www.dramfolks-whisky-auction.com\/fr\/wp-json\/wp\/v2\/product"}],"about":[{"href":"https:\/\/www.dramfolks-whisky-auction.com\/fr\/wp-json\/wp\/v2\/types\/product"}],"replies":[{"embeddable":true,"href":"https:\/\/www.dramfolks-whisky-auction.com\/fr\/wp-json\/wp\/v2\/comments?post=6727801"}],"wp:featuredmedia":[{"embeddable":true,"href":"https:\/\/www.dramfolks-whisky-auction.com\/fr\/wp-json\/wp\/v2\/media\/4744585"}],"wp:attachment":[{"href":"https:\/\/www.dramfolks-whisky-auction.com\/fr\/wp-json\/wp\/v2\/media?parent=6727801"}],"wp:term":[{"taxonomy":"product_brand","embeddable":true,"href":"https:\/\/www.dramfolks-whisky-auction.com\/fr\/wp-json\/wp\/v2\/product_brand?post=6727801"},{"taxonomy":"product_cat","embeddable":true,"href":"https:\/\/www.dramfolks-whisky-auction.com\/fr\/wp-json\/wp\/v2\/product_cat?post=6727801"},{"taxonomy":"product_tag","embeddable":true,"href":"https:\/\/www.dramfolks-whisky-auction.com\/fr\/wp-json\/wp\/v2\/product_tag?post=6727801"}],"curies":[{"name":"wp","href":"https:\/\/api.w.org\/{rel}","templated":true}]}}