{"id":6727796,"date":"2026-02-17T12:10:33","date_gmt":"2026-02-17T11:10:33","guid":{"rendered":"https:\/\/www.dramfolks-whisky-auction.com\/?post_type=product&#038;p=6727796"},"modified":"2026-03-08T19:30:01","modified_gmt":"2026-03-08T18:30:01","slug":"ben-nevis-single-malt-mcdonalds-traditionel-edition-14","status":"publish","type":"product","link":"https:\/\/www.dramfolks-whisky-auction.com\/fr\/product\/ben-nevis-single-malt-mcdonalds-traditionel-edition-14\/","title":{"rendered":"Ben Nevis &#8211; Single Malt (McDonald&rsquo;s Traditionel Edition)"},"content":{"rendered":"<p><strong>Destille: Ben Nevis<br \/>\n<\/strong>Die Ben Nevis Distillery ist eine Whisky-Destillerie in Fort William, Schottland. Es liegt am Fu\u00dfe des Ben Nevis, dem h\u00f6chsten Berg der Britischen Inseln, der sich bis zu 1.345 m (4.413 ft) \u00fcber dem Meeresspiegel erhebt. Die Destillerie ist eine K\u00fcstenbrennerei in den westlichen Highlands und bezieht ihr Wasser aus dem Allt a&rsquo;Mhuilinn, der aus zwei Becken am Ben Nevis, Coire Leis und Coire na&rsquo;Ciste, stammt. Es wurde 1825 als unabh\u00e4ngiges Unternehmen gegr\u00fcndet und ist seit 1989 im Besitz von Nikka Whisky Distilling aus Tokio, Japan. Das Herzst\u00fcck des Sortiments ist seit einiger Zeit das 10 Jahre alte. Es gab auch einige Fassveredelungen, limitierte Editionen und unabh\u00e4ngige Abf\u00fcllungen, insbesondere von Blackadder und Douglas Laing. 1991 wurde ein Besucherzentrum und ein Caf\u00e9 f\u00fcr die \u00d6ffentlichkeit er\u00f6ffnet. J\u00e4hrliches Produktionsvolumen: 2,0 Mio. Liter.<\/p>\n<p><strong>Fun Fakt:\u00a0<\/strong>Die Washbacks bei Ben Nevis sind aus Holz und (was noch wichtiger ist) es wird Bierhefe verwendet, was sie zur letzten Destillerie in Schottland macht, die auf dieser alten Art der G\u00e4rung besteht. Die Destillation erfolgt langsam und gleichm\u00e4\u00dfig und ergibt ein reichhaltiges, tiefes Destillat.<\/p>\n<p><strong>Whisky\/Whiskey: Single Malt (McDonald&rsquo;s Traditionel Edition)<br \/>\n<\/strong>Der Ben Nevis MacDonalds Traditional wurde anl\u00e4sslich des 185. Geburtstags der Brennerei kreiert. Ein stattliches Alter f\u00fcr eine Brennerei, das vom Erfolg der Highland Destillerie zeugt. Vielleicht auch deswegen ist dieser Whisky ein echter Geheimtipp unter Liebhabern. Optisch sehr traditionell gehalten, erinnert sie tats\u00e4chlich an einen Scotch Whisky aus einer anderen \u00c4ra. Denn mit dieser Abf\u00fcllung wollte man dem alten McDonald&rsquo;s Traditional Tribut zollen, der in den 1880er Jahren \u00e4u\u00dferst beliebt war. Dieser tolle, komplexe Highland Whisky wurde vermutlich mit einem hohen Anteil Sherryf\u00e4sser kreiert. Bet\u00f6ren uns doch viele klassische Aromen in diesem Whisky, die wir aus der Sherryfassreifung kennen. Pfirsich und Aprikose, viele spannende Gew\u00fcrze und dunkle rote Fr\u00fcchte legen diese Vermutung nahe. Unter allem liegt ein wunderbar eingebundener Rauch. Wie es sich f\u00fcr einen kr\u00e4ftigen Highlander geh\u00f6rt, wurde der Whisky mit 46 % vol. abgef\u00fcllt und keiner K\u00fchlfilterung unterzogen.<\/p>\n<p><strong>Info Qualit\u00e4t der Flasche:<\/strong> Exzellent &#8211; ohne Besch\u00e4digungen \/ <strong>F\u00fcllstand:<\/strong> Into neck<br \/>\n<strong>Info Qualit\u00e4t der Box:\u00a0<\/strong>Exzellent &#8211; ohne Besch\u00e4digungen<\/p>\n<p><strong>Wichtiger Hinweis:<\/strong> Die Bewertung der Flaschen und Boxen erfolgt nach \u201ebesten Wissen und Gewissen\u201c. dramfolks kann keine Gew\u00e4hrleistung f\u00fcr den Inhalt der Flaschen \u00fcbernehmen. Weitere Infos &amp; Hinweise finden Sie in unseren AGBs. Wir empfehlen Ihnen, vor der Abgabe von Geboten \u00fcber die Zoomfunktion eine Besichtigung \/ genaue Pr\u00fcfung des angebotenen Whiskys vorzunehmen. Bitte kontaktieren sie uns bei Fragen direkt unter info@dramfolks.com<\/p>\n","protected":false},"excerpt":{"rendered":"<p>Destille: Ben Nevis Die Ben Nevis Distillery ist eine Whisky-Destillerie in Fort William, Schottland. Es liegt am Fu\u00dfe des Ben Nevis, dem h\u00f6chsten Berg der Britischen Inseln, der sich bis zu 1.345 m (4.413 ft) \u00fcber dem Meeresspiegel erhebt. Die Destillerie ist eine K\u00fcstenbrennerei in den westlichen Highlands und bezieht ihr Wasser aus dem Allt[&#8230;]\n","protected":false},"featured_media":168058,"comment_status":"closed","ping_status":"closed","template":"","meta":[],"product_brand":[],"product_cat":[1304],"product_tag":[],"class_list":{"0":"post-6727796","1":"product","2":"type-product","3":"status-publish","4":"has-post-thumbnail","6":"product_cat-no-23","8":"first","9":"instock","10":"shipping-taxable","11":"purchasable","12":"product-type-auction"},"yoast_head":"<!-- This site is optimized with the Yoast SEO plugin v27.0 - https:\/\/yoast.com\/product\/yoast-seo-wordpress\/ -->\n<title>Ben Nevis - Single Malt (McDonald&#039;s Traditionel Edition) - Dramfolks Whisky Auction<\/title>\n<meta name=\"robots\" content=\"index, follow, max-snippet:-1, max-image-preview:large, max-video-preview:-1\" \/>\n<link rel=\"canonical\" href=\"https:\/\/www.dramfolks-whisky-auction.com\/fr\/product\/ben-nevis-single-malt-mcdonalds-traditionel-edition-14\/\" \/>\n<meta property=\"og:locale\" content=\"fr_FR\" \/>\n<meta property=\"og:type\" content=\"article\" \/>\n<meta property=\"og:title\" content=\"Ben Nevis - Single Malt (McDonald&#039;s Traditionel Edition) - Dramfolks Whisky Auction\" \/>\n<meta property=\"og:description\" content=\"Destille: Ben Nevis Die Ben Nevis Distillery ist eine Whisky-Destillerie in Fort William, Schottland. Es liegt am Fu\u00dfe des Ben Nevis, dem h\u00f6chsten Berg der Britischen Inseln, der sich bis zu 1.345 m (4.413 ft) \u00fcber dem Meeresspiegel erhebt. Die Destillerie ist eine K\u00fcstenbrennerei in den westlichen Highlands und bezieht ihr Wasser aus dem Allt[...]\" \/>\n<meta property=\"og:url\" content=\"https:\/\/www.dramfolks-whisky-auction.com\/fr\/product\/ben-nevis-single-malt-mcdonalds-traditionel-edition-14\/\" \/>\n<meta property=\"og:site_name\" content=\"Dramfolks Whisky Auction\" \/>\n<meta property=\"article:modified_time\" content=\"2026-03-08T18:30:01+00:00\" \/>\n<meta property=\"og:image\" content=\"https:\/\/www.dramfolks-whisky-auction.com\/wp-content\/uploads\/2024\/08\/Ben-Nevis-MacDonald-vorne-scaled.jpg\" \/>\n\t<meta property=\"og:image:width\" content=\"2560\" \/>\n\t<meta property=\"og:image:height\" content=\"2560\" \/>\n\t<meta property=\"og:image:type\" content=\"image\/jpeg\" \/>\n<meta name=\"twitter:card\" content=\"summary_large_image\" \/>\n<meta name=\"twitter:label1\" content=\"Dur\u00e9e de lecture estim\u00e9e\" \/>\n\t<meta name=\"twitter:data1\" content=\"3 minutes\" \/>\n<script type=\"application\/ld+json\" class=\"yoast-schema-graph\">{\"@context\":\"https:\/\/schema.org\",\"@graph\":[{\"@type\":\"WebPage\",\"@id\":\"https:\/\/www.dramfolks-whisky-auction.com\/fr\/product\/ben-nevis-single-malt-mcdonalds-traditionel-edition-14\/\",\"url\":\"https:\/\/www.dramfolks-whisky-auction.com\/fr\/product\/ben-nevis-single-malt-mcdonalds-traditionel-edition-14\/\",\"name\":\"Ben Nevis - Single Malt (McDonald's Traditionel Edition) - Dramfolks Whisky Auction\",\"isPartOf\":{\"@id\":\"https:\/\/www.dramfolks-whisky-auction.com\/fr\/#website\"},\"primaryImageOfPage\":{\"@id\":\"https:\/\/www.dramfolks-whisky-auction.com\/fr\/product\/ben-nevis-single-malt-mcdonalds-traditionel-edition-14\/#primaryimage\"},\"image\":{\"@id\":\"https:\/\/www.dramfolks-whisky-auction.com\/fr\/product\/ben-nevis-single-malt-mcdonalds-traditionel-edition-14\/#primaryimage\"},\"thumbnailUrl\":\"https:\/\/www.dramfolks-whisky-auction.com\/wp-content\/uploads\/2024\/08\/Ben-Nevis-MacDonald-vorne-scaled.jpg\",\"datePublished\":\"2026-02-17T11:10:33+00:00\",\"dateModified\":\"2026-03-08T18:30:01+00:00\",\"breadcrumb\":{\"@id\":\"https:\/\/www.dramfolks-whisky-auction.com\/fr\/product\/ben-nevis-single-malt-mcdonalds-traditionel-edition-14\/#breadcrumb\"},\"inLanguage\":\"fr-FR\",\"potentialAction\":[{\"@type\":\"ReadAction\",\"target\":[\"https:\/\/www.dramfolks-whisky-auction.com\/fr\/product\/ben-nevis-single-malt-mcdonalds-traditionel-edition-14\/\"]}]},{\"@type\":\"ImageObject\",\"inLanguage\":\"fr-FR\",\"@id\":\"https:\/\/www.dramfolks-whisky-auction.com\/fr\/product\/ben-nevis-single-malt-mcdonalds-traditionel-edition-14\/#primaryimage\",\"url\":\"https:\/\/www.dramfolks-whisky-auction.com\/wp-content\/uploads\/2024\/08\/Ben-Nevis-MacDonald-vorne-scaled.jpg\",\"contentUrl\":\"https:\/\/www.dramfolks-whisky-auction.com\/wp-content\/uploads\/2024\/08\/Ben-Nevis-MacDonald-vorne-scaled.jpg\",\"width\":2560,\"height\":2560},{\"@type\":\"BreadcrumbList\",\"@id\":\"https:\/\/www.dramfolks-whisky-auction.com\/fr\/product\/ben-nevis-single-malt-mcdonalds-traditionel-edition-14\/#breadcrumb\",\"itemListElement\":[{\"@type\":\"ListItem\",\"position\":1,\"name\":\"Startseite\",\"item\":\"https:\/\/www.dramfolks-whisky-auction.com\/fr\/\"},{\"@type\":\"ListItem\",\"position\":2,\"name\":\"Boutique\",\"item\":\"https:\/\/www.dramfolks-whisky-auction.com\/fr\/boutique\/\"},{\"@type\":\"ListItem\",\"position\":3,\"name\":\"Ben Nevis &#8211; Single Malt (McDonald&#8217;s Traditionel Edition)\"}]},{\"@type\":\"WebSite\",\"@id\":\"https:\/\/www.dramfolks-whisky-auction.com\/fr\/#website\",\"url\":\"https:\/\/www.dramfolks-whisky-auction.com\/fr\/\",\"name\":\"Dramfolks Whisky Auction\",\"description\":\"\",\"potentialAction\":[{\"@type\":\"SearchAction\",\"target\":{\"@type\":\"EntryPoint\",\"urlTemplate\":\"https:\/\/www.dramfolks-whisky-auction.com\/fr\/?s={search_term_string}\"},\"query-input\":{\"@type\":\"PropertyValueSpecification\",\"valueRequired\":true,\"valueName\":\"search_term_string\"}}],\"inLanguage\":\"fr-FR\"}]}<\/script>\n<!-- \/ Yoast SEO plugin. -->","yoast_head_json":{"title":"Ben Nevis - Single Malt (McDonald's Traditionel Edition) - Dramfolks Whisky Auction","robots":{"index":"index","follow":"follow","max-snippet":"max-snippet:-1","max-image-preview":"max-image-preview:large","max-video-preview":"max-video-preview:-1"},"canonical":"https:\/\/www.dramfolks-whisky-auction.com\/fr\/product\/ben-nevis-single-malt-mcdonalds-traditionel-edition-14\/","og_locale":"fr_FR","og_type":"article","og_title":"Ben Nevis - Single Malt (McDonald's Traditionel Edition) - Dramfolks Whisky Auction","og_description":"Destille: Ben Nevis Die Ben Nevis Distillery ist eine Whisky-Destillerie in Fort William, Schottland. Es liegt am Fu\u00dfe des Ben Nevis, dem h\u00f6chsten Berg der Britischen Inseln, der sich bis zu 1.345 m (4.413 ft) \u00fcber dem Meeresspiegel erhebt. Die Destillerie ist eine K\u00fcstenbrennerei in den westlichen Highlands und bezieht ihr Wasser aus dem Allt[...]","og_url":"https:\/\/www.dramfolks-whisky-auction.com\/fr\/product\/ben-nevis-single-malt-mcdonalds-traditionel-edition-14\/","og_site_name":"Dramfolks Whisky Auction","article_modified_time":"2026-03-08T18:30:01+00:00","og_image":[{"width":2560,"height":2560,"url":"https:\/\/www.dramfolks-whisky-auction.com\/wp-content\/uploads\/2024\/08\/Ben-Nevis-MacDonald-vorne-scaled.jpg","type":"image\/jpeg"}],"twitter_card":"summary_large_image","twitter_misc":{"Dur\u00e9e de lecture estim\u00e9e":"3 minutes"},"schema":{"@context":"https:\/\/schema.org","@graph":[{"@type":"WebPage","@id":"https:\/\/www.dramfolks-whisky-auction.com\/fr\/product\/ben-nevis-single-malt-mcdonalds-traditionel-edition-14\/","url":"https:\/\/www.dramfolks-whisky-auction.com\/fr\/product\/ben-nevis-single-malt-mcdonalds-traditionel-edition-14\/","name":"Ben Nevis - Single Malt (McDonald's Traditionel Edition) - Dramfolks Whisky Auction","isPartOf":{"@id":"https:\/\/www.dramfolks-whisky-auction.com\/fr\/#website"},"primaryImageOfPage":{"@id":"https:\/\/www.dramfolks-whisky-auction.com\/fr\/product\/ben-nevis-single-malt-mcdonalds-traditionel-edition-14\/#primaryimage"},"image":{"@id":"https:\/\/www.dramfolks-whisky-auction.com\/fr\/product\/ben-nevis-single-malt-mcdonalds-traditionel-edition-14\/#primaryimage"},"thumbnailUrl":"https:\/\/www.dramfolks-whisky-auction.com\/wp-content\/uploads\/2024\/08\/Ben-Nevis-MacDonald-vorne-scaled.jpg","datePublished":"2026-02-17T11:10:33+00:00","dateModified":"2026-03-08T18:30:01+00:00","breadcrumb":{"@id":"https:\/\/www.dramfolks-whisky-auction.com\/fr\/product\/ben-nevis-single-malt-mcdonalds-traditionel-edition-14\/#breadcrumb"},"inLanguage":"fr-FR","potentialAction":[{"@type":"ReadAction","target":["https:\/\/www.dramfolks-whisky-auction.com\/fr\/product\/ben-nevis-single-malt-mcdonalds-traditionel-edition-14\/"]}]},{"@type":"ImageObject","inLanguage":"fr-FR","@id":"https:\/\/www.dramfolks-whisky-auction.com\/fr\/product\/ben-nevis-single-malt-mcdonalds-traditionel-edition-14\/#primaryimage","url":"https:\/\/www.dramfolks-whisky-auction.com\/wp-content\/uploads\/2024\/08\/Ben-Nevis-MacDonald-vorne-scaled.jpg","contentUrl":"https:\/\/www.dramfolks-whisky-auction.com\/wp-content\/uploads\/2024\/08\/Ben-Nevis-MacDonald-vorne-scaled.jpg","width":2560,"height":2560},{"@type":"BreadcrumbList","@id":"https:\/\/www.dramfolks-whisky-auction.com\/fr\/product\/ben-nevis-single-malt-mcdonalds-traditionel-edition-14\/#breadcrumb","itemListElement":[{"@type":"ListItem","position":1,"name":"Startseite","item":"https:\/\/www.dramfolks-whisky-auction.com\/fr\/"},{"@type":"ListItem","position":2,"name":"Boutique","item":"https:\/\/www.dramfolks-whisky-auction.com\/fr\/boutique\/"},{"@type":"ListItem","position":3,"name":"Ben Nevis &#8211; Single Malt (McDonald&#8217;s Traditionel Edition)"}]},{"@type":"WebSite","@id":"https:\/\/www.dramfolks-whisky-auction.com\/fr\/#website","url":"https:\/\/www.dramfolks-whisky-auction.com\/fr\/","name":"Dramfolks Whisky Auction","description":"","potentialAction":[{"@type":"SearchAction","target":{"@type":"EntryPoint","urlTemplate":"https:\/\/www.dramfolks-whisky-auction.com\/fr\/?s={search_term_string}"},"query-input":{"@type":"PropertyValueSpecification","valueRequired":true,"valueName":"search_term_string"}}],"inLanguage":"fr-FR"}]}},"_links":{"self":[{"href":"https:\/\/www.dramfolks-whisky-auction.com\/fr\/wp-json\/wp\/v2\/product\/6727796","targetHints":{"allow":["GET"]}}],"collection":[{"href":"https:\/\/www.dramfolks-whisky-auction.com\/fr\/wp-json\/wp\/v2\/product"}],"about":[{"href":"https:\/\/www.dramfolks-whisky-auction.com\/fr\/wp-json\/wp\/v2\/types\/product"}],"replies":[{"embeddable":true,"href":"https:\/\/www.dramfolks-whisky-auction.com\/fr\/wp-json\/wp\/v2\/comments?post=6727796"}],"wp:featuredmedia":[{"embeddable":true,"href":"https:\/\/www.dramfolks-whisky-auction.com\/fr\/wp-json\/wp\/v2\/media\/168058"}],"wp:attachment":[{"href":"https:\/\/www.dramfolks-whisky-auction.com\/fr\/wp-json\/wp\/v2\/media?parent=6727796"}],"wp:term":[{"taxonomy":"product_brand","embeddable":true,"href":"https:\/\/www.dramfolks-whisky-auction.com\/fr\/wp-json\/wp\/v2\/product_brand?post=6727796"},{"taxonomy":"product_cat","embeddable":true,"href":"https:\/\/www.dramfolks-whisky-auction.com\/fr\/wp-json\/wp\/v2\/product_cat?post=6727796"},{"taxonomy":"product_tag","embeddable":true,"href":"https:\/\/www.dramfolks-whisky-auction.com\/fr\/wp-json\/wp\/v2\/product_tag?post=6727796"}],"curies":[{"name":"wp","href":"https:\/\/api.w.org\/{rel}","templated":true}]}}