{"id":6727455,"date":"2025-12-21T07:01:12","date_gmt":"2025-12-21T06:01:12","guid":{"rendered":"https:\/\/www.dramfolks-whisky-auction.com\/?post_type=product&#038;p=6727455"},"modified":"2026-01-04T19:00:13","modified_gmt":"2026-01-04T18:00:13","slug":"special-likoer-d-o-m-benedectine-1970-1980iger-jahre-special","status":"publish","type":"product","link":"https:\/\/www.dramfolks-whisky-auction.com\/fr\/product\/special-likoer-d-o-m-benedectine-1970-1980iger-jahre-special\/","title":{"rendered":"&#8211;Special!!!&#8211; Lik\u00f6r D.O.M. Benedectine  (1970\/1980iger Jahre) &#8211;Special!!!&#8211;"},"content":{"rendered":"<p><strong>Destille: <i>B\u00e9n\u00e9dictine S.A.<\/i><br \/>\n<\/strong>Der B\u00e9n\u00e9dictine soll auf alte Klosterrezepturen zur\u00fcckgehen. Als Vorbild h\u00e4tten Arzneien und Kr\u00e4uterelixiere aus der Abtei Fecamp der Benediktiner gedient. Dort habe der urspr\u00fcnglich aus Venzien stammende M\u00f6nch <i>Bernardo Vincelli<\/i> bereits um 1510 Vorl\u00e4ufer des sp\u00e4teren Lik\u00f6rs zubereitet, darunter ein Elixier, \u201edas aus Kr\u00e4utern und Gew\u00fcrzen \u201aaus allen vier Ecken der Welt\u2018 bestand. Fast 300 Jahre lang soll das Elixier von den M\u00f6nchen hergestellt und als Heilmittel gegen allerlei Beschwerden verkauft worden sein. Im Jahr 1863, habe der Unternehmer und Weinh\u00e4ndler Alexandre Legrand in der Bibliothek seiner Familie ein altes, fast 200 handgeschriebene Seiten umfassendes Manuskript aus der Abtei entdeckt, welches Studien \u00fcber die Anwendung verschiedener Kr\u00e4uter und Gew\u00fcrze enthielt. Mit Hilfe eines Apothekers entwickelte er daraus eine Rezeptur f\u00fcr einen Kr\u00e4uterlik\u00f6r, den er fortan als <i>B\u00e9n\u00e9dictine<\/i> vermarktete. Schon im ersten Produktionsjahr 1864 wurden 28.000 Flaschen abgesetzt, zehn Jahre sp\u00e4ter \u2013 1874 \u2013 waren es 170.000 Flaschen, von denen bereits drei Viertel exportiert wurden. Im Juni 1876 gr\u00fcndete Legrand das Unternehmen <i>B\u00e9n\u00e9dictine S.A.<\/i> (ausf\u00fchrlich: <i>Soci\u00e9t\u00e9 anonyme de la destillerie de la Liqueur B\u00e9n\u00e9dictine de l\u2019Abbaye de F\u00e9camp) <\/i>und lie\u00df in den folgenden Jahren am Standort F\u00e9camp eine repr\u00e4sentative Produktionsst\u00e4tte f\u00fcr den Lik\u00f6r errichten, das <i>Palais B\u00e9n\u00e9dictine<\/i>. 1988 \u00dcbernahm der Wermut-Hersteller Martini &amp; Rossi die <i>B\u00e9n\u00e9dictine S.A.<\/i> als <i>wei\u00dfer Ritter<\/i> in dem ein h\u00f6herer Preis geboten wurde als das von Remy Martin (durch die B\u00f6rsennotierte <i>R\u00e9my et associ\u00e9s S.A.<\/i>) unterbreitete \u00dcbernahmeangebot. Seit der \u00dcbernahme der Unternehmensgruppe <i>Martini &amp; Rossi<\/i> durch die Bacard\u00ed-Familie im Jahr 1993 \u2013 eine der gr\u00f6\u00dften \u00dcbernahmen der Spirituosenbranche im 20. Jahrhundert \u2013 geh\u00f6ren auch die B\u00e9n\u00e9dictine-Lik\u00f6re zum Portfolio des internationalen Spirituosenkonzerns Bacardi Ltd.<\/p>\n<p><strong>Fun Fakt 1: <\/strong>Vom Benediktinerorden lie\u00df er sich das Recht einr\u00e4umen, dessen Wappen auf den Flaschen verwenden zu d\u00fcrfen und versah das Produkt mit dem Zusatz <i>D.O.M.<\/i> (bzw. <i>DOM<\/i> oder wie auf den aktuellen Flaschen <i>D.O.M<\/i>), um an dessen kl\u00f6sterliche Wurzeln zu erinnern.<\/p>\n<p><strong>Fun Fakt 2: <\/strong>Zwar waren die kl\u00f6sterlichen Urspr\u00fcnge des Lik\u00f6rs seit jeher Teil des Marketing, jedoch ist in den letzten Jahren zu beobachten, dass die angeblich jahrhundertealte Tradition wieder verst\u00e4rkt herausgehoben wird. So ersetzte Bacardi im Jahr 2010 den bisherigen Zusatz \u201eEst. 1863\u201c, das Entstehungsjahr von Legrands Rezeptur, auf den Flaschenetiketten durch \u201e1510\u201c, also das Jahr, in dem ein italienischer M\u00f6nch die Abtei F\u00e9camp erreicht und ein Kr\u00e4uterelixier geschaffen haben soll, und feierte im gleichen Jahr das \u201e500j\u00e4hrige Jubil\u00e4um\u201c des Lik\u00f6rs, unter anderen mit einer Sonderabf\u00fcllung, der <i>Black Monk Edition<\/i> in einer schwarzen Flasche. 2016 lie\u00df Bacardi die um die Zahl 1510 erweiterte Wort-Bild-Marke \u201eD.O.M. 1510 B\u00e9n\u00e9dictine\u201c sch\u00fctzen (Hommage an die Benediktinerm\u00f6nche mit ihrem Motto: Deo Optimo Maximo &#8211; \u201eGott absolut gut, absolut gro\u00dfartig\u201c).<\/p>\n<p><strong>Destillat: D.O.M. Benedectine (1970\/1980iger Jahre)<br \/>\n<\/strong><span class=\"dvaccess-text\" data-font-size=\"16\" data-line-height=\"24.00\" data-letter-spacing=\"0\">Alte Flasche des ber\u00fchmten B\u00e9nedictine-Lik\u00f6rs aus den 1970er Jahren. Der Benedictine DOM ist ein edler Kr\u00e4uterlik\u00f6r mit einem Alkoholgehalt von 40%vol., der seinen Ursprung in einer alten Klosterrezeptur des Benediktinerordens aus dem 16. Jahrhundert hat. Insgesamt 27 verschiedene Kr\u00e4uter und Gew\u00fcrze verleihen dieser dunklen, bernsteinfarbenen Lik\u00f6rspezialit\u00e4t seinen w\u00fcrzigen, leicht s\u00fc\u00dflichen Geschmack. So vielf\u00e4ltig seine Zutaten sind, so variantenreich pr\u00e4sentiert sich der Benedictine DOM auch in seinen Geschmacksnuancen. Zitronen-, Melisse- und zarte Pfefferminzaromen vereinen sich mit warmen Untert\u00f6nen von Vanille, Myrrhe und Macis sowie Muskatnuss, Koriander, Safran und Tee. Liebhaber des mittlerweile in der gehobenen Gastronomie international anerkannten Kr\u00e4uterlik\u00f6rs trinken ihn selbstverst\u00e4ndlich pur. Bekannt ist der Lik\u00f6r als Zutat des 1937 Cocktails &#8211; des Singapore Sling.<\/span><br \/>\nDie hier angebotene Flasche stammt aus den 1980\/1990igern Jahren und ist ein echtes Sammlerst\u00fcck Lik\u00f6rgeschichte&#8230;<\/p>\n<p><strong>Info Qualit\u00e4t der Flasche:<\/strong> Exzellent &#8211; ohne Besch\u00e4digungen \/ <strong>F\u00fcllstand:<\/strong> Into neck<br \/>\n<strong>Info Qualit\u00e4t der Box: <\/strong>keine Box vorhanden<\/p>\n<p><strong>Wichtiger Hinweis:<\/strong> Die Bewertung der Flaschen und Boxen erfolgt nach \u201ebesten Wissen und Gewissen\u201c. dramfolks kann keine Gew\u00e4hrleistung f\u00fcr den Inhalt der Flaschen \u00fcbernehmen. Weitere Infos &amp; Hinweise finden Sie in unseren AGBs. Wir empfehlen Ihnen, vor der Abgabe von Geboten \u00fcber die Zoomfunktion eine Besichtigung \/ genaue Pr\u00fcfung des angebotenen Whiskys vorzunehmen. Bitte kontaktieren sie uns bei Fragen direkt unter info@dramfolks.com<\/p>\n","protected":false},"excerpt":{"rendered":"<p>Destille: B\u00e9n\u00e9dictine S.A. Der B\u00e9n\u00e9dictine soll auf alte Klosterrezepturen zur\u00fcckgehen. Als Vorbild h\u00e4tten Arzneien und Kr\u00e4uterelixiere aus der Abtei Fecamp der Benediktiner gedient. Dort habe der urspr\u00fcnglich aus Venzien stammende M\u00f6nch Bernardo Vincelli bereits um 1510 Vorl\u00e4ufer des sp\u00e4teren Lik\u00f6rs zubereitet, darunter ein Elixier, \u201edas aus Kr\u00e4utern und Gew\u00fcrzen \u201aaus allen vier Ecken der Welt\u2018[&#8230;]\n","protected":false},"featured_media":6727456,"comment_status":"closed","ping_status":"closed","template":"","meta":[],"product_brand":[],"product_cat":[1282],"product_tag":[],"class_list":{"0":"post-6727455","1":"product","2":"type-product","3":"status-publish","4":"has-post-thumbnail","6":"product_cat-no-22","8":"first","9":"instock","10":"shipping-taxable","11":"purchasable","12":"product-type-auction"},"yoast_head":"<!-- This site is optimized with the Yoast SEO plugin v27.0 - https:\/\/yoast.com\/product\/yoast-seo-wordpress\/ -->\n<title>-Special!!!- Lik\u00f6r D.O.M. Benedectine (1970\/1980iger Jahre) -Special!!!- Dramfolks Whisky Auction<\/title>\n<meta name=\"robots\" content=\"index, follow, max-snippet:-1, max-image-preview:large, max-video-preview:-1\" \/>\n<link rel=\"canonical\" href=\"https:\/\/www.dramfolks-whisky-auction.com\/fr\/product\/special-likoer-d-o-m-benedectine-1970-1980iger-jahre-special\/\" \/>\n<meta property=\"og:locale\" content=\"fr_FR\" \/>\n<meta property=\"og:type\" content=\"article\" \/>\n<meta property=\"og:title\" content=\"-Special!!!- Lik\u00f6r D.O.M. Benedectine (1970\/1980iger Jahre) -Special!!!- Dramfolks Whisky Auction\" \/>\n<meta property=\"og:description\" content=\"Destille: B\u00e9n\u00e9dictine S.A. Der B\u00e9n\u00e9dictine soll auf alte Klosterrezepturen zur\u00fcckgehen. Als Vorbild h\u00e4tten Arzneien und Kr\u00e4uterelixiere aus der Abtei Fecamp der Benediktiner gedient. Dort habe der urspr\u00fcnglich aus Venzien stammende M\u00f6nch Bernardo Vincelli bereits um 1510 Vorl\u00e4ufer des sp\u00e4teren Lik\u00f6rs zubereitet, darunter ein Elixier, \u201edas aus Kr\u00e4utern und Gew\u00fcrzen \u201aaus allen vier Ecken der Welt\u2018[...]\" \/>\n<meta property=\"og:url\" content=\"https:\/\/www.dramfolks-whisky-auction.com\/fr\/product\/special-likoer-d-o-m-benedectine-1970-1980iger-jahre-special\/\" \/>\n<meta property=\"og:site_name\" content=\"Dramfolks Whisky Auction\" \/>\n<meta property=\"article:modified_time\" content=\"2026-01-04T18:00:13+00:00\" \/>\n<meta property=\"og:image\" content=\"https:\/\/www.dramfolks-whisky-auction.com\/wp-content\/uploads\/2025\/12\/Benedectine-vorne.jpg\" \/>\n\t<meta property=\"og:image:width\" content=\"2146\" \/>\n\t<meta property=\"og:image:height\" content=\"2146\" \/>\n\t<meta property=\"og:image:type\" content=\"image\/jpeg\" \/>\n<meta name=\"twitter:card\" content=\"summary_large_image\" \/>\n<meta name=\"twitter:label1\" content=\"Dur\u00e9e de lecture estim\u00e9e\" \/>\n\t<meta name=\"twitter:data1\" content=\"4 minutes\" \/>\n<script type=\"application\/ld+json\" class=\"yoast-schema-graph\">{\"@context\":\"https:\/\/schema.org\",\"@graph\":[{\"@type\":\"WebPage\",\"@id\":\"https:\/\/www.dramfolks-whisky-auction.com\/fr\/product\/special-likoer-d-o-m-benedectine-1970-1980iger-jahre-special\/\",\"url\":\"https:\/\/www.dramfolks-whisky-auction.com\/fr\/product\/special-likoer-d-o-m-benedectine-1970-1980iger-jahre-special\/\",\"name\":\"-Special!!!- Lik\u00f6r D.O.M. Benedectine (1970\/1980iger Jahre) -Special!!!- Dramfolks Whisky Auction\",\"isPartOf\":{\"@id\":\"https:\/\/www.dramfolks-whisky-auction.com\/fr\/#website\"},\"primaryImageOfPage\":{\"@id\":\"https:\/\/www.dramfolks-whisky-auction.com\/fr\/product\/special-likoer-d-o-m-benedectine-1970-1980iger-jahre-special\/#primaryimage\"},\"image\":{\"@id\":\"https:\/\/www.dramfolks-whisky-auction.com\/fr\/product\/special-likoer-d-o-m-benedectine-1970-1980iger-jahre-special\/#primaryimage\"},\"thumbnailUrl\":\"https:\/\/www.dramfolks-whisky-auction.com\/wp-content\/uploads\/2025\/12\/Benedectine-vorne.jpg\",\"datePublished\":\"2025-12-21T06:01:12+00:00\",\"dateModified\":\"2026-01-04T18:00:13+00:00\",\"breadcrumb\":{\"@id\":\"https:\/\/www.dramfolks-whisky-auction.com\/fr\/product\/special-likoer-d-o-m-benedectine-1970-1980iger-jahre-special\/#breadcrumb\"},\"inLanguage\":\"fr-FR\",\"potentialAction\":[{\"@type\":\"ReadAction\",\"target\":[\"https:\/\/www.dramfolks-whisky-auction.com\/fr\/product\/special-likoer-d-o-m-benedectine-1970-1980iger-jahre-special\/\"]}]},{\"@type\":\"ImageObject\",\"inLanguage\":\"fr-FR\",\"@id\":\"https:\/\/www.dramfolks-whisky-auction.com\/fr\/product\/special-likoer-d-o-m-benedectine-1970-1980iger-jahre-special\/#primaryimage\",\"url\":\"https:\/\/www.dramfolks-whisky-auction.com\/wp-content\/uploads\/2025\/12\/Benedectine-vorne.jpg\",\"contentUrl\":\"https:\/\/www.dramfolks-whisky-auction.com\/wp-content\/uploads\/2025\/12\/Benedectine-vorne.jpg\",\"width\":2146,\"height\":2146},{\"@type\":\"BreadcrumbList\",\"@id\":\"https:\/\/www.dramfolks-whisky-auction.com\/fr\/product\/special-likoer-d-o-m-benedectine-1970-1980iger-jahre-special\/#breadcrumb\",\"itemListElement\":[{\"@type\":\"ListItem\",\"position\":1,\"name\":\"Startseite\",\"item\":\"https:\/\/www.dramfolks-whisky-auction.com\/fr\/\"},{\"@type\":\"ListItem\",\"position\":2,\"name\":\"Boutique\",\"item\":\"https:\/\/www.dramfolks-whisky-auction.com\/fr\/boutique\/\"},{\"@type\":\"ListItem\",\"position\":3,\"name\":\"&#8211;Special!!!&#8211; Lik\u00f6r D.O.M. Benedectine (1970\/1980iger Jahre) &#8211;Special!!!&#8211;\"}]},{\"@type\":\"WebSite\",\"@id\":\"https:\/\/www.dramfolks-whisky-auction.com\/fr\/#website\",\"url\":\"https:\/\/www.dramfolks-whisky-auction.com\/fr\/\",\"name\":\"Dramfolks Whisky Auction\",\"description\":\"\",\"potentialAction\":[{\"@type\":\"SearchAction\",\"target\":{\"@type\":\"EntryPoint\",\"urlTemplate\":\"https:\/\/www.dramfolks-whisky-auction.com\/fr\/?s={search_term_string}\"},\"query-input\":{\"@type\":\"PropertyValueSpecification\",\"valueRequired\":true,\"valueName\":\"search_term_string\"}}],\"inLanguage\":\"fr-FR\"}]}<\/script>\n<!-- \/ Yoast SEO plugin. -->","yoast_head_json":{"title":"-Special!!!- Lik\u00f6r D.O.M. Benedectine (1970\/1980iger Jahre) -Special!!!- Dramfolks Whisky Auction","robots":{"index":"index","follow":"follow","max-snippet":"max-snippet:-1","max-image-preview":"max-image-preview:large","max-video-preview":"max-video-preview:-1"},"canonical":"https:\/\/www.dramfolks-whisky-auction.com\/fr\/product\/special-likoer-d-o-m-benedectine-1970-1980iger-jahre-special\/","og_locale":"fr_FR","og_type":"article","og_title":"-Special!!!- Lik\u00f6r D.O.M. Benedectine (1970\/1980iger Jahre) -Special!!!- Dramfolks Whisky Auction","og_description":"Destille: B\u00e9n\u00e9dictine S.A. Der B\u00e9n\u00e9dictine soll auf alte Klosterrezepturen zur\u00fcckgehen. Als Vorbild h\u00e4tten Arzneien und Kr\u00e4uterelixiere aus der Abtei Fecamp der Benediktiner gedient. Dort habe der urspr\u00fcnglich aus Venzien stammende M\u00f6nch Bernardo Vincelli bereits um 1510 Vorl\u00e4ufer des sp\u00e4teren Lik\u00f6rs zubereitet, darunter ein Elixier, \u201edas aus Kr\u00e4utern und Gew\u00fcrzen \u201aaus allen vier Ecken der Welt\u2018[...]","og_url":"https:\/\/www.dramfolks-whisky-auction.com\/fr\/product\/special-likoer-d-o-m-benedectine-1970-1980iger-jahre-special\/","og_site_name":"Dramfolks Whisky Auction","article_modified_time":"2026-01-04T18:00:13+00:00","og_image":[{"width":2146,"height":2146,"url":"https:\/\/www.dramfolks-whisky-auction.com\/wp-content\/uploads\/2025\/12\/Benedectine-vorne.jpg","type":"image\/jpeg"}],"twitter_card":"summary_large_image","twitter_misc":{"Dur\u00e9e de lecture estim\u00e9e":"4 minutes"},"schema":{"@context":"https:\/\/schema.org","@graph":[{"@type":"WebPage","@id":"https:\/\/www.dramfolks-whisky-auction.com\/fr\/product\/special-likoer-d-o-m-benedectine-1970-1980iger-jahre-special\/","url":"https:\/\/www.dramfolks-whisky-auction.com\/fr\/product\/special-likoer-d-o-m-benedectine-1970-1980iger-jahre-special\/","name":"-Special!!!- Lik\u00f6r D.O.M. Benedectine (1970\/1980iger Jahre) -Special!!!- Dramfolks Whisky Auction","isPartOf":{"@id":"https:\/\/www.dramfolks-whisky-auction.com\/fr\/#website"},"primaryImageOfPage":{"@id":"https:\/\/www.dramfolks-whisky-auction.com\/fr\/product\/special-likoer-d-o-m-benedectine-1970-1980iger-jahre-special\/#primaryimage"},"image":{"@id":"https:\/\/www.dramfolks-whisky-auction.com\/fr\/product\/special-likoer-d-o-m-benedectine-1970-1980iger-jahre-special\/#primaryimage"},"thumbnailUrl":"https:\/\/www.dramfolks-whisky-auction.com\/wp-content\/uploads\/2025\/12\/Benedectine-vorne.jpg","datePublished":"2025-12-21T06:01:12+00:00","dateModified":"2026-01-04T18:00:13+00:00","breadcrumb":{"@id":"https:\/\/www.dramfolks-whisky-auction.com\/fr\/product\/special-likoer-d-o-m-benedectine-1970-1980iger-jahre-special\/#breadcrumb"},"inLanguage":"fr-FR","potentialAction":[{"@type":"ReadAction","target":["https:\/\/www.dramfolks-whisky-auction.com\/fr\/product\/special-likoer-d-o-m-benedectine-1970-1980iger-jahre-special\/"]}]},{"@type":"ImageObject","inLanguage":"fr-FR","@id":"https:\/\/www.dramfolks-whisky-auction.com\/fr\/product\/special-likoer-d-o-m-benedectine-1970-1980iger-jahre-special\/#primaryimage","url":"https:\/\/www.dramfolks-whisky-auction.com\/wp-content\/uploads\/2025\/12\/Benedectine-vorne.jpg","contentUrl":"https:\/\/www.dramfolks-whisky-auction.com\/wp-content\/uploads\/2025\/12\/Benedectine-vorne.jpg","width":2146,"height":2146},{"@type":"BreadcrumbList","@id":"https:\/\/www.dramfolks-whisky-auction.com\/fr\/product\/special-likoer-d-o-m-benedectine-1970-1980iger-jahre-special\/#breadcrumb","itemListElement":[{"@type":"ListItem","position":1,"name":"Startseite","item":"https:\/\/www.dramfolks-whisky-auction.com\/fr\/"},{"@type":"ListItem","position":2,"name":"Boutique","item":"https:\/\/www.dramfolks-whisky-auction.com\/fr\/boutique\/"},{"@type":"ListItem","position":3,"name":"&#8211;Special!!!&#8211; Lik\u00f6r D.O.M. Benedectine (1970\/1980iger Jahre) &#8211;Special!!!&#8211;"}]},{"@type":"WebSite","@id":"https:\/\/www.dramfolks-whisky-auction.com\/fr\/#website","url":"https:\/\/www.dramfolks-whisky-auction.com\/fr\/","name":"Dramfolks Whisky Auction","description":"","potentialAction":[{"@type":"SearchAction","target":{"@type":"EntryPoint","urlTemplate":"https:\/\/www.dramfolks-whisky-auction.com\/fr\/?s={search_term_string}"},"query-input":{"@type":"PropertyValueSpecification","valueRequired":true,"valueName":"search_term_string"}}],"inLanguage":"fr-FR"}]}},"_links":{"self":[{"href":"https:\/\/www.dramfolks-whisky-auction.com\/fr\/wp-json\/wp\/v2\/product\/6727455","targetHints":{"allow":["GET"]}}],"collection":[{"href":"https:\/\/www.dramfolks-whisky-auction.com\/fr\/wp-json\/wp\/v2\/product"}],"about":[{"href":"https:\/\/www.dramfolks-whisky-auction.com\/fr\/wp-json\/wp\/v2\/types\/product"}],"replies":[{"embeddable":true,"href":"https:\/\/www.dramfolks-whisky-auction.com\/fr\/wp-json\/wp\/v2\/comments?post=6727455"}],"wp:featuredmedia":[{"embeddable":true,"href":"https:\/\/www.dramfolks-whisky-auction.com\/fr\/wp-json\/wp\/v2\/media\/6727456"}],"wp:attachment":[{"href":"https:\/\/www.dramfolks-whisky-auction.com\/fr\/wp-json\/wp\/v2\/media?parent=6727455"}],"wp:term":[{"taxonomy":"product_brand","embeddable":true,"href":"https:\/\/www.dramfolks-whisky-auction.com\/fr\/wp-json\/wp\/v2\/product_brand?post=6727455"},{"taxonomy":"product_cat","embeddable":true,"href":"https:\/\/www.dramfolks-whisky-auction.com\/fr\/wp-json\/wp\/v2\/product_cat?post=6727455"},{"taxonomy":"product_tag","embeddable":true,"href":"https:\/\/www.dramfolks-whisky-auction.com\/fr\/wp-json\/wp\/v2\/product_tag?post=6727455"}],"curies":[{"name":"wp","href":"https:\/\/api.w.org\/{rel}","templated":true}]}}