{"id":6727448,"date":"2025-12-21T06:58:25","date_gmt":"2025-12-21T05:58:25","guid":{"rendered":"https:\/\/www.dramfolks-whisky-auction.com\/?post_type=product&#038;p=6727448"},"modified":"2026-01-14T20:24:01","modified_gmt":"2026-01-14T19:24:01","slug":"special-likoer-grand-marnier-1970-1980iger-jahre-special","status":"publish","type":"product","link":"https:\/\/www.dramfolks-whisky-auction.com\/fr\/product\/special-likoer-grand-marnier-1970-1980iger-jahre-special\/","title":{"rendered":"&#8211;Special!!!&#8211; Lik\u00f6r Grand Marnier (1970\/1980iger Jahre) &#8211;Special!!!&#8211;"},"content":{"rendered":"<p><strong>Destille: Societe des Produits Marnier Lapostolle<\/strong><strong><br \/>\n<\/strong>Jean Baptiste Lapostolle gr\u00fcndete 1827 in Neauphle-Le-Chateau bei Paris eine Cognac-Distillerie und Lik\u00f6rfabrik. Seine Enkelin Julia heiratete 1876 Louis-Alexandre Marnier, der vier Jahre sp\u00e4ter den Grand Marnier entwickelte. In Deutschland und auf zahlreichen weiteren M\u00e4rkten wird Grand Marnier durch den Getr\u00e4nkekonzern Diageo vertrieben. Im Jahr 2016 erwarb die italienische Campari-Gruppe f\u00fcr 684 Millionen Euro (8,05 Euro pro Aktie in bar) die Kontrolle \u00fcber die Markeninhaberin Soci\u00e9t\u00e9 des Produits Marnier-Lapostolle (SPML), die 2015 einen Umsatz von 152 Millionen Euro erzielte. Der Name \u00ab\u00a0Grand Marnier Haussmann Paris\u00a0\u00bb bezieht sich auf die historische Adresse der Firma <strong>S<\/strong>ociete des Produits Marnier Lapostolle\u00a0(dem Hersteller von Grand Marnier) am 91 Boulevard Haussmann, 75008 Paris; es ist nicht ein spezifisches Hotel oder Restaurant, sondern der Unternehmenssitz, der sp\u00e4ter umgestaltet wurde, aber die Marke Grand Marnier bleibt eng mit diesem Pariser Standort verbunden<\/p>\n<p><strong>Fun Fakt: <\/strong>Die einer Distille nachempfundene, charakteristische Flaschenform lie\u00df Louis-Alexandre Marnier markenrechtlich sch\u00fctzen.<\/p>\n<p><strong>Destillat: Grand Marnier Lik\u00f6r (1970\/1980iger Jahre)<br \/>\n<\/strong>Der ber\u00fchmte Lik\u00f6r, der 1880 von Louis-Alexandre Marnier Lapostolle kreiert wurde. Eine delikate Mischung aus feinen Cognacs und destillierter Essenz von tropischen Orangen mit dem geheimen Touch von Marnier-Lapostolle. Diese Flasche aus den 70er Jahren ist sicherlich eine exklusive Rarit\u00e4t f\u00fcr Liebhaber. Optimaler F\u00fcllstand, gut erhaltenes Siegel. Die hier angebotene Flasche stammt aus den 1970\/1980igern Jahren und ist ein echtes Sammlerst\u00fcck Lik\u00f6rgeschichte&#8230;<\/p>\n<p><strong>Info Qualit\u00e4t der Flasche:<\/strong> Exzellent &#8211; ohne Besch\u00e4digungen \/ <strong>F\u00fcllstand:<\/strong> Top shoulder<br \/>\n<strong>Info Qualit\u00e4t der Box: <\/strong>keine Box vorhanden<\/p>\n<p><strong>Wichtiger Hinweis:<\/strong> Die Bewertung der Flaschen und Boxen erfolgt nach \u201ebesten Wissen und Gewissen\u201c. dramfolks kann keine Gew\u00e4hrleistung f\u00fcr den Inhalt der Flaschen \u00fcbernehmen. Weitere Infos &amp; Hinweise finden Sie in unseren AGBs. Wir empfehlen Ihnen, vor der Abgabe von Geboten \u00fcber die Zoomfunktion eine Besichtigung \/ genaue Pr\u00fcfung des angebotenen Whiskys vorzunehmen. Bitte kontaktieren sie uns bei Fragen direkt unter info@dramfolks.com<\/p>\n","protected":false},"excerpt":{"rendered":"<p>Destille: Societe des Produits Marnier Lapostolle Jean Baptiste Lapostolle gr\u00fcndete 1827 in Neauphle-Le-Chateau bei Paris eine Cognac-Distillerie und Lik\u00f6rfabrik. Seine Enkelin Julia heiratete 1876 Louis-Alexandre Marnier, der vier Jahre sp\u00e4ter den Grand Marnier entwickelte. In Deutschland und auf zahlreichen weiteren M\u00e4rkten wird Grand Marnier durch den Getr\u00e4nkekonzern Diageo vertrieben. Im Jahr 2016 erwarb die italienische[&#8230;]\n","protected":false},"featured_media":6727449,"comment_status":"closed","ping_status":"closed","template":"","meta":[],"product_brand":[],"product_cat":[1282],"product_tag":[],"class_list":{"0":"post-6727448","1":"product","2":"type-product","3":"status-publish","4":"has-post-thumbnail","6":"product_cat-no-22","8":"first","9":"instock","10":"shipping-taxable","11":"purchasable","12":"product-type-auction"},"yoast_head":"<!-- This site is optimized with the Yoast SEO plugin v27.0 - https:\/\/yoast.com\/product\/yoast-seo-wordpress\/ -->\n<title>-Special!!!- Lik\u00f6r Grand Marnier (1970\/1980iger Jahre) -Special!!!- Dramfolks Whisky Auction<\/title>\n<meta name=\"robots\" content=\"index, follow, max-snippet:-1, max-image-preview:large, max-video-preview:-1\" \/>\n<link rel=\"canonical\" href=\"https:\/\/www.dramfolks-whisky-auction.com\/fr\/product\/special-likoer-grand-marnier-1970-1980iger-jahre-special\/\" \/>\n<meta property=\"og:locale\" content=\"fr_FR\" \/>\n<meta property=\"og:type\" content=\"article\" \/>\n<meta property=\"og:title\" content=\"-Special!!!- Lik\u00f6r Grand Marnier (1970\/1980iger Jahre) -Special!!!- Dramfolks Whisky Auction\" \/>\n<meta property=\"og:description\" content=\"Destille: Societe des Produits Marnier Lapostolle Jean Baptiste Lapostolle gr\u00fcndete 1827 in Neauphle-Le-Chateau bei Paris eine Cognac-Distillerie und Lik\u00f6rfabrik. Seine Enkelin Julia heiratete 1876 Louis-Alexandre Marnier, der vier Jahre sp\u00e4ter den Grand Marnier entwickelte. In Deutschland und auf zahlreichen weiteren M\u00e4rkten wird Grand Marnier durch den Getr\u00e4nkekonzern Diageo vertrieben. Im Jahr 2016 erwarb die italienische[...]\" \/>\n<meta property=\"og:url\" content=\"https:\/\/www.dramfolks-whisky-auction.com\/fr\/product\/special-likoer-grand-marnier-1970-1980iger-jahre-special\/\" \/>\n<meta property=\"og:site_name\" content=\"Dramfolks Whisky Auction\" \/>\n<meta property=\"article:modified_time\" content=\"2026-01-14T19:24:01+00:00\" \/>\n<meta property=\"og:image\" content=\"https:\/\/www.dramfolks-whisky-auction.com\/wp-content\/uploads\/2025\/12\/Grand-Marnier-vorne.jpg\" \/>\n\t<meta property=\"og:image:width\" content=\"2300\" \/>\n\t<meta property=\"og:image:height\" content=\"2300\" \/>\n\t<meta property=\"og:image:type\" content=\"image\/jpeg\" \/>\n<meta name=\"twitter:card\" content=\"summary_large_image\" \/>\n<meta name=\"twitter:label1\" content=\"Dur\u00e9e de lecture estim\u00e9e\" \/>\n\t<meta name=\"twitter:data1\" content=\"2 minutes\" \/>\n<script type=\"application\/ld+json\" class=\"yoast-schema-graph\">{\"@context\":\"https:\/\/schema.org\",\"@graph\":[{\"@type\":\"WebPage\",\"@id\":\"https:\/\/www.dramfolks-whisky-auction.com\/fr\/product\/special-likoer-grand-marnier-1970-1980iger-jahre-special\/\",\"url\":\"https:\/\/www.dramfolks-whisky-auction.com\/fr\/product\/special-likoer-grand-marnier-1970-1980iger-jahre-special\/\",\"name\":\"-Special!!!- Lik\u00f6r Grand Marnier (1970\/1980iger Jahre) -Special!!!- Dramfolks Whisky Auction\",\"isPartOf\":{\"@id\":\"https:\/\/www.dramfolks-whisky-auction.com\/fr\/#website\"},\"primaryImageOfPage\":{\"@id\":\"https:\/\/www.dramfolks-whisky-auction.com\/fr\/product\/special-likoer-grand-marnier-1970-1980iger-jahre-special\/#primaryimage\"},\"image\":{\"@id\":\"https:\/\/www.dramfolks-whisky-auction.com\/fr\/product\/special-likoer-grand-marnier-1970-1980iger-jahre-special\/#primaryimage\"},\"thumbnailUrl\":\"https:\/\/www.dramfolks-whisky-auction.com\/wp-content\/uploads\/2025\/12\/Grand-Marnier-vorne.jpg\",\"datePublished\":\"2025-12-21T05:58:25+00:00\",\"dateModified\":\"2026-01-14T19:24:01+00:00\",\"breadcrumb\":{\"@id\":\"https:\/\/www.dramfolks-whisky-auction.com\/fr\/product\/special-likoer-grand-marnier-1970-1980iger-jahre-special\/#breadcrumb\"},\"inLanguage\":\"fr-FR\",\"potentialAction\":[{\"@type\":\"ReadAction\",\"target\":[\"https:\/\/www.dramfolks-whisky-auction.com\/fr\/product\/special-likoer-grand-marnier-1970-1980iger-jahre-special\/\"]}]},{\"@type\":\"ImageObject\",\"inLanguage\":\"fr-FR\",\"@id\":\"https:\/\/www.dramfolks-whisky-auction.com\/fr\/product\/special-likoer-grand-marnier-1970-1980iger-jahre-special\/#primaryimage\",\"url\":\"https:\/\/www.dramfolks-whisky-auction.com\/wp-content\/uploads\/2025\/12\/Grand-Marnier-vorne.jpg\",\"contentUrl\":\"https:\/\/www.dramfolks-whisky-auction.com\/wp-content\/uploads\/2025\/12\/Grand-Marnier-vorne.jpg\",\"width\":2300,\"height\":2300},{\"@type\":\"BreadcrumbList\",\"@id\":\"https:\/\/www.dramfolks-whisky-auction.com\/fr\/product\/special-likoer-grand-marnier-1970-1980iger-jahre-special\/#breadcrumb\",\"itemListElement\":[{\"@type\":\"ListItem\",\"position\":1,\"name\":\"Startseite\",\"item\":\"https:\/\/www.dramfolks-whisky-auction.com\/fr\/\"},{\"@type\":\"ListItem\",\"position\":2,\"name\":\"Boutique\",\"item\":\"https:\/\/www.dramfolks-whisky-auction.com\/fr\/boutique\/\"},{\"@type\":\"ListItem\",\"position\":3,\"name\":\"&#8211;Special!!!&#8211; Lik\u00f6r Grand Marnier (1970\/1980iger Jahre) &#8211;Special!!!&#8211;\"}]},{\"@type\":\"WebSite\",\"@id\":\"https:\/\/www.dramfolks-whisky-auction.com\/fr\/#website\",\"url\":\"https:\/\/www.dramfolks-whisky-auction.com\/fr\/\",\"name\":\"Dramfolks Whisky Auction\",\"description\":\"\",\"potentialAction\":[{\"@type\":\"SearchAction\",\"target\":{\"@type\":\"EntryPoint\",\"urlTemplate\":\"https:\/\/www.dramfolks-whisky-auction.com\/fr\/?s={search_term_string}\"},\"query-input\":{\"@type\":\"PropertyValueSpecification\",\"valueRequired\":true,\"valueName\":\"search_term_string\"}}],\"inLanguage\":\"fr-FR\"}]}<\/script>\n<!-- \/ Yoast SEO plugin. -->","yoast_head_json":{"title":"-Special!!!- Lik\u00f6r Grand Marnier (1970\/1980iger Jahre) -Special!!!- Dramfolks Whisky Auction","robots":{"index":"index","follow":"follow","max-snippet":"max-snippet:-1","max-image-preview":"max-image-preview:large","max-video-preview":"max-video-preview:-1"},"canonical":"https:\/\/www.dramfolks-whisky-auction.com\/fr\/product\/special-likoer-grand-marnier-1970-1980iger-jahre-special\/","og_locale":"fr_FR","og_type":"article","og_title":"-Special!!!- Lik\u00f6r Grand Marnier (1970\/1980iger Jahre) -Special!!!- Dramfolks Whisky Auction","og_description":"Destille: Societe des Produits Marnier Lapostolle Jean Baptiste Lapostolle gr\u00fcndete 1827 in Neauphle-Le-Chateau bei Paris eine Cognac-Distillerie und Lik\u00f6rfabrik. Seine Enkelin Julia heiratete 1876 Louis-Alexandre Marnier, der vier Jahre sp\u00e4ter den Grand Marnier entwickelte. In Deutschland und auf zahlreichen weiteren M\u00e4rkten wird Grand Marnier durch den Getr\u00e4nkekonzern Diageo vertrieben. Im Jahr 2016 erwarb die italienische[...]","og_url":"https:\/\/www.dramfolks-whisky-auction.com\/fr\/product\/special-likoer-grand-marnier-1970-1980iger-jahre-special\/","og_site_name":"Dramfolks Whisky Auction","article_modified_time":"2026-01-14T19:24:01+00:00","og_image":[{"width":2300,"height":2300,"url":"https:\/\/www.dramfolks-whisky-auction.com\/wp-content\/uploads\/2025\/12\/Grand-Marnier-vorne.jpg","type":"image\/jpeg"}],"twitter_card":"summary_large_image","twitter_misc":{"Dur\u00e9e de lecture estim\u00e9e":"2 minutes"},"schema":{"@context":"https:\/\/schema.org","@graph":[{"@type":"WebPage","@id":"https:\/\/www.dramfolks-whisky-auction.com\/fr\/product\/special-likoer-grand-marnier-1970-1980iger-jahre-special\/","url":"https:\/\/www.dramfolks-whisky-auction.com\/fr\/product\/special-likoer-grand-marnier-1970-1980iger-jahre-special\/","name":"-Special!!!- Lik\u00f6r Grand Marnier (1970\/1980iger Jahre) -Special!!!- Dramfolks Whisky Auction","isPartOf":{"@id":"https:\/\/www.dramfolks-whisky-auction.com\/fr\/#website"},"primaryImageOfPage":{"@id":"https:\/\/www.dramfolks-whisky-auction.com\/fr\/product\/special-likoer-grand-marnier-1970-1980iger-jahre-special\/#primaryimage"},"image":{"@id":"https:\/\/www.dramfolks-whisky-auction.com\/fr\/product\/special-likoer-grand-marnier-1970-1980iger-jahre-special\/#primaryimage"},"thumbnailUrl":"https:\/\/www.dramfolks-whisky-auction.com\/wp-content\/uploads\/2025\/12\/Grand-Marnier-vorne.jpg","datePublished":"2025-12-21T05:58:25+00:00","dateModified":"2026-01-14T19:24:01+00:00","breadcrumb":{"@id":"https:\/\/www.dramfolks-whisky-auction.com\/fr\/product\/special-likoer-grand-marnier-1970-1980iger-jahre-special\/#breadcrumb"},"inLanguage":"fr-FR","potentialAction":[{"@type":"ReadAction","target":["https:\/\/www.dramfolks-whisky-auction.com\/fr\/product\/special-likoer-grand-marnier-1970-1980iger-jahre-special\/"]}]},{"@type":"ImageObject","inLanguage":"fr-FR","@id":"https:\/\/www.dramfolks-whisky-auction.com\/fr\/product\/special-likoer-grand-marnier-1970-1980iger-jahre-special\/#primaryimage","url":"https:\/\/www.dramfolks-whisky-auction.com\/wp-content\/uploads\/2025\/12\/Grand-Marnier-vorne.jpg","contentUrl":"https:\/\/www.dramfolks-whisky-auction.com\/wp-content\/uploads\/2025\/12\/Grand-Marnier-vorne.jpg","width":2300,"height":2300},{"@type":"BreadcrumbList","@id":"https:\/\/www.dramfolks-whisky-auction.com\/fr\/product\/special-likoer-grand-marnier-1970-1980iger-jahre-special\/#breadcrumb","itemListElement":[{"@type":"ListItem","position":1,"name":"Startseite","item":"https:\/\/www.dramfolks-whisky-auction.com\/fr\/"},{"@type":"ListItem","position":2,"name":"Boutique","item":"https:\/\/www.dramfolks-whisky-auction.com\/fr\/boutique\/"},{"@type":"ListItem","position":3,"name":"&#8211;Special!!!&#8211; Lik\u00f6r Grand Marnier (1970\/1980iger Jahre) &#8211;Special!!!&#8211;"}]},{"@type":"WebSite","@id":"https:\/\/www.dramfolks-whisky-auction.com\/fr\/#website","url":"https:\/\/www.dramfolks-whisky-auction.com\/fr\/","name":"Dramfolks Whisky Auction","description":"","potentialAction":[{"@type":"SearchAction","target":{"@type":"EntryPoint","urlTemplate":"https:\/\/www.dramfolks-whisky-auction.com\/fr\/?s={search_term_string}"},"query-input":{"@type":"PropertyValueSpecification","valueRequired":true,"valueName":"search_term_string"}}],"inLanguage":"fr-FR"}]}},"_links":{"self":[{"href":"https:\/\/www.dramfolks-whisky-auction.com\/fr\/wp-json\/wp\/v2\/product\/6727448","targetHints":{"allow":["GET"]}}],"collection":[{"href":"https:\/\/www.dramfolks-whisky-auction.com\/fr\/wp-json\/wp\/v2\/product"}],"about":[{"href":"https:\/\/www.dramfolks-whisky-auction.com\/fr\/wp-json\/wp\/v2\/types\/product"}],"replies":[{"embeddable":true,"href":"https:\/\/www.dramfolks-whisky-auction.com\/fr\/wp-json\/wp\/v2\/comments?post=6727448"}],"wp:featuredmedia":[{"embeddable":true,"href":"https:\/\/www.dramfolks-whisky-auction.com\/fr\/wp-json\/wp\/v2\/media\/6727449"}],"wp:attachment":[{"href":"https:\/\/www.dramfolks-whisky-auction.com\/fr\/wp-json\/wp\/v2\/media?parent=6727448"}],"wp:term":[{"taxonomy":"product_brand","embeddable":true,"href":"https:\/\/www.dramfolks-whisky-auction.com\/fr\/wp-json\/wp\/v2\/product_brand?post=6727448"},{"taxonomy":"product_cat","embeddable":true,"href":"https:\/\/www.dramfolks-whisky-auction.com\/fr\/wp-json\/wp\/v2\/product_cat?post=6727448"},{"taxonomy":"product_tag","embeddable":true,"href":"https:\/\/www.dramfolks-whisky-auction.com\/fr\/wp-json\/wp\/v2\/product_tag?post=6727448"}],"curies":[{"name":"wp","href":"https:\/\/api.w.org\/{rel}","templated":true}]}}