{"id":6727402,"date":"2025-12-20T09:34:48","date_gmt":"2025-12-20T08:34:48","guid":{"rendered":"https:\/\/www.dramfolks-whisky-auction.com\/?post_type=product&#038;p=6727402"},"modified":"2026-01-04T19:45:12","modified_gmt":"2026-01-04T18:45:12","slug":"penderyn-legend-3","status":"publish","type":"product","link":"https:\/\/www.dramfolks-whisky-auction.com\/fr\/product\/penderyn-legend-3\/","title":{"rendered":"Penderyn &#8211; Legend"},"content":{"rendered":"<p><strong>Destille: Penderyn<br \/>\n<\/strong>Die Destillerie liegt im malerischen Ort Penderyn, an den s\u00fcdlichen Ausl\u00e4ufern des Brecon Beacons Nationalparks. Die walisische Whisky Tradition ist l\u00e4nger als allgemein bekannt und hat ber\u00fchmte Namen hervorgebracht. Im Jahre 1705 gab es eine kleine Destillerie in Dale, Pembrokeshire und es wurde erstklassiger \u00ab\u00a0wysgi\u00a0\u00bb gebrannt. Sie geh\u00f6rte der Familie von Evan Williams, die sp\u00e4ter in die USA auswanderte und dort die Whiskeyindustrie in Kentucky mitgr\u00fcndete. Im 19. Jahrhundert gab es eine Whiskydestillerie in Frongoch in der N\u00e4he von Bala (Nord Wales), die in den sp\u00e4ten Jahren des 19. Jahrhunderts geschlossen werden musste. Jack Daniel und Evan Williams stammten aus Wales und waren Auswanderer in die USA. Tradition verpflichtet und so entschied sich Penderyn im wesentlichen Ex-Bourbon-F\u00e4sser zu nutzen. Zudem wird in S\u00fcdweinf\u00e4ssern gefinished da \u00fcber den Hafen Bristol in der Vergangenheit mehr S\u00fcdweine importiert wurden, als \u00fcber jeden anderen Hafen in Gro\u00dfbritannien. J\u00e4hrliche Produktionskapazit\u00e4t liegt bei 300.000 Litern.<\/p>\n<p><strong>Fun fact: <\/strong>Es ist der erste Whisky, der in Wales destilliert wird, seit die Frongoch Destillerie schlie\u00dfen mu\u00dfte. Die Bauart der Geb\u00e4ude enstand nach modernsten Standards aber auch etwas paradox und dem Stil der Frongoch Destillerie nachempfunden. Die Destillerie integriert sowohl Destillations- und Abf\u00fcllanlage als auch die Lagerh\u00e4user. Die Potstill wurden von einem Team unter Leitung von Dr. David Faraday (einem Nachfahren von Sir Michael Faraday, dem Entdecker der Elektrolyse und der elektromagnetischen Induktion) entwickelt. Die Brennerei gilt als eine der kleinsten der Welt, konnte aber bereits 2008 ein eigenes Besucherzentrum einrichten, zu dessen Einweihung der Prince of Wales, Prinz Charles, pers\u00f6nlich erschien!<\/p>\n<p><strong>Whisky\/Whiskey: Legend<br \/>\n<\/strong>Nach der Destillerieer\u00f6ffnung im Jahr 2000 l\u00e4sst Penderyn die alte Tradition der walisischen Whisky-Destillation wieder aufleben. Penderyn war der erste Whisky, der seit \u00fcber einem Jahrhundert wieder in Wales hergestellt wurde. Die Dragon-Serie ist eine Hommage an das feurige Gesch\u00f6pf auf der stolzen Nationalflagge des Landes. Penderyn Legend reifte zun\u00e4chst in Bourbonf\u00e4ssern, gefolgt von einem Abgang in Ex-Madeira-Barriques. In der Nase vermischen sich Aromen von frischen \u00c4pfeln und Zitrusfr\u00fcchten mit Cream Fudge und Sultaninen-Rosinen. Am Gaumen ist er unglaublich weich und frisch mit Noten von reichhaltigen Trockenfr\u00fcchten und einem Hauch von Bitterkeit, gefolgt von einem langen Abgang mit einem Hauch von Madeira-Kuchen und Sultaninen. Ein sauberer, ausgewogener Whisky aus dem Land des roten Drachen.<\/p>\n<p><strong>Info Qualit\u00e4t der Flasche:<\/strong> Exzellent &#8211; ohne Besch\u00e4digungen \/ <strong>F\u00fcllstand:<\/strong> Top shoulder<br \/>\n<strong>Info Qualit\u00e4t der Box:<\/strong> Exzellent &#8211; ohne Besch\u00e4digungen<\/p>\n<p><strong>Wichtiger Hinweis:<\/strong> Die Bewertung der Flaschen und Boxen erfolgt nach \u201ebesten Wissen und Gewissen\u201c. dramfolks kann keine Gew\u00e4hrleistung f\u00fcr den Inhalt der Flaschen \u00fcbernehmen. Weitere Infos &amp; Hinweise finden Sie in unseren AGBs. Wir empfehlen Ihnen, vor der Abgabe von Geboten \u00fcber die Zoomfunktion eine Besichtigung \/ genaue Pr\u00fcfung des angebotenen Whiskys vorzunehmen. Bitte kontaktieren sie uns bei Fragen direkt unter info@dramfolks.com<\/p>\n","protected":false},"excerpt":{"rendered":"<p>Destille: Penderyn Die Destillerie liegt im malerischen Ort Penderyn, an den s\u00fcdlichen Ausl\u00e4ufern des Brecon Beacons Nationalparks. Die walisische Whisky Tradition ist l\u00e4nger als allgemein bekannt und hat ber\u00fchmte Namen hervorgebracht. Im Jahre 1705 gab es eine kleine Destillerie in Dale, Pembrokeshire und es wurde erstklassiger \u00ab\u00a0wysgi\u00a0\u00bb gebrannt. Sie geh\u00f6rte der Familie von Evan Williams,[&#8230;]\n","protected":false},"featured_media":536346,"comment_status":"closed","ping_status":"closed","template":"","meta":[],"product_brand":[],"product_cat":[1282],"product_tag":[],"class_list":{"0":"post-6727402","1":"product","2":"type-product","3":"status-publish","4":"has-post-thumbnail","6":"product_cat-no-22","8":"first","9":"instock","10":"shipping-taxable","11":"purchasable","12":"product-type-auction"},"yoast_head":"<!-- This site is optimized with the Yoast SEO plugin v27.0 - https:\/\/yoast.com\/product\/yoast-seo-wordpress\/ -->\n<title>Penderyn - Legend - Dramfolks Whisky Auction<\/title>\n<meta name=\"robots\" content=\"index, follow, max-snippet:-1, max-image-preview:large, max-video-preview:-1\" \/>\n<link rel=\"canonical\" href=\"https:\/\/www.dramfolks-whisky-auction.com\/fr\/product\/penderyn-legend-3\/\" \/>\n<meta property=\"og:locale\" content=\"fr_FR\" \/>\n<meta property=\"og:type\" content=\"article\" \/>\n<meta property=\"og:title\" content=\"Penderyn - Legend - Dramfolks Whisky Auction\" \/>\n<meta property=\"og:description\" content=\"Destille: Penderyn Die Destillerie liegt im malerischen Ort Penderyn, an den s\u00fcdlichen Ausl\u00e4ufern des Brecon Beacons Nationalparks. Die walisische Whisky Tradition ist l\u00e4nger als allgemein bekannt und hat ber\u00fchmte Namen hervorgebracht. Im Jahre 1705 gab es eine kleine Destillerie in Dale, Pembrokeshire und es wurde erstklassiger \u00ab\u00a0wysgi\u00a0\u00bb gebrannt. Sie geh\u00f6rte der Familie von Evan Williams,[...]\" \/>\n<meta property=\"og:url\" content=\"https:\/\/www.dramfolks-whisky-auction.com\/fr\/product\/penderyn-legend-3\/\" \/>\n<meta property=\"og:site_name\" content=\"Dramfolks Whisky Auction\" \/>\n<meta property=\"article:modified_time\" content=\"2026-01-04T18:45:12+00:00\" \/>\n<meta property=\"og:image\" content=\"https:\/\/www.dramfolks-whisky-auction.com\/wp-content\/uploads\/2024\/09\/Penderyn-Legend-vorne-scaled.jpg\" \/>\n\t<meta property=\"og:image:width\" content=\"2560\" \/>\n\t<meta property=\"og:image:height\" content=\"2560\" \/>\n\t<meta property=\"og:image:type\" content=\"image\/jpeg\" \/>\n<meta name=\"twitter:card\" content=\"summary_large_image\" \/>\n<meta name=\"twitter:label1\" content=\"Dur\u00e9e de lecture estim\u00e9e\" \/>\n\t<meta name=\"twitter:data1\" content=\"3 minutes\" \/>\n<script type=\"application\/ld+json\" class=\"yoast-schema-graph\">{\"@context\":\"https:\/\/schema.org\",\"@graph\":[{\"@type\":\"WebPage\",\"@id\":\"https:\/\/www.dramfolks-whisky-auction.com\/fr\/product\/penderyn-legend-3\/\",\"url\":\"https:\/\/www.dramfolks-whisky-auction.com\/fr\/product\/penderyn-legend-3\/\",\"name\":\"Penderyn - Legend - Dramfolks Whisky Auction\",\"isPartOf\":{\"@id\":\"https:\/\/www.dramfolks-whisky-auction.com\/fr\/#website\"},\"primaryImageOfPage\":{\"@id\":\"https:\/\/www.dramfolks-whisky-auction.com\/fr\/product\/penderyn-legend-3\/#primaryimage\"},\"image\":{\"@id\":\"https:\/\/www.dramfolks-whisky-auction.com\/fr\/product\/penderyn-legend-3\/#primaryimage\"},\"thumbnailUrl\":\"https:\/\/www.dramfolks-whisky-auction.com\/wp-content\/uploads\/2024\/09\/Penderyn-Legend-vorne-scaled.jpg\",\"datePublished\":\"2025-12-20T08:34:48+00:00\",\"dateModified\":\"2026-01-04T18:45:12+00:00\",\"breadcrumb\":{\"@id\":\"https:\/\/www.dramfolks-whisky-auction.com\/fr\/product\/penderyn-legend-3\/#breadcrumb\"},\"inLanguage\":\"fr-FR\",\"potentialAction\":[{\"@type\":\"ReadAction\",\"target\":[\"https:\/\/www.dramfolks-whisky-auction.com\/fr\/product\/penderyn-legend-3\/\"]}]},{\"@type\":\"ImageObject\",\"inLanguage\":\"fr-FR\",\"@id\":\"https:\/\/www.dramfolks-whisky-auction.com\/fr\/product\/penderyn-legend-3\/#primaryimage\",\"url\":\"https:\/\/www.dramfolks-whisky-auction.com\/wp-content\/uploads\/2024\/09\/Penderyn-Legend-vorne-scaled.jpg\",\"contentUrl\":\"https:\/\/www.dramfolks-whisky-auction.com\/wp-content\/uploads\/2024\/09\/Penderyn-Legend-vorne-scaled.jpg\",\"width\":2560,\"height\":2560},{\"@type\":\"BreadcrumbList\",\"@id\":\"https:\/\/www.dramfolks-whisky-auction.com\/fr\/product\/penderyn-legend-3\/#breadcrumb\",\"itemListElement\":[{\"@type\":\"ListItem\",\"position\":1,\"name\":\"Startseite\",\"item\":\"https:\/\/www.dramfolks-whisky-auction.com\/fr\/\"},{\"@type\":\"ListItem\",\"position\":2,\"name\":\"Boutique\",\"item\":\"https:\/\/www.dramfolks-whisky-auction.com\/fr\/boutique\/\"},{\"@type\":\"ListItem\",\"position\":3,\"name\":\"Penderyn &#8211; Legend\"}]},{\"@type\":\"WebSite\",\"@id\":\"https:\/\/www.dramfolks-whisky-auction.com\/fr\/#website\",\"url\":\"https:\/\/www.dramfolks-whisky-auction.com\/fr\/\",\"name\":\"Dramfolks Whisky Auction\",\"description\":\"\",\"potentialAction\":[{\"@type\":\"SearchAction\",\"target\":{\"@type\":\"EntryPoint\",\"urlTemplate\":\"https:\/\/www.dramfolks-whisky-auction.com\/fr\/?s={search_term_string}\"},\"query-input\":{\"@type\":\"PropertyValueSpecification\",\"valueRequired\":true,\"valueName\":\"search_term_string\"}}],\"inLanguage\":\"fr-FR\"}]}<\/script>\n<!-- \/ Yoast SEO plugin. -->","yoast_head_json":{"title":"Penderyn - Legend - Dramfolks Whisky Auction","robots":{"index":"index","follow":"follow","max-snippet":"max-snippet:-1","max-image-preview":"max-image-preview:large","max-video-preview":"max-video-preview:-1"},"canonical":"https:\/\/www.dramfolks-whisky-auction.com\/fr\/product\/penderyn-legend-3\/","og_locale":"fr_FR","og_type":"article","og_title":"Penderyn - Legend - Dramfolks Whisky Auction","og_description":"Destille: Penderyn Die Destillerie liegt im malerischen Ort Penderyn, an den s\u00fcdlichen Ausl\u00e4ufern des Brecon Beacons Nationalparks. Die walisische Whisky Tradition ist l\u00e4nger als allgemein bekannt und hat ber\u00fchmte Namen hervorgebracht. Im Jahre 1705 gab es eine kleine Destillerie in Dale, Pembrokeshire und es wurde erstklassiger \u00ab\u00a0wysgi\u00a0\u00bb gebrannt. Sie geh\u00f6rte der Familie von Evan Williams,[...]","og_url":"https:\/\/www.dramfolks-whisky-auction.com\/fr\/product\/penderyn-legend-3\/","og_site_name":"Dramfolks Whisky Auction","article_modified_time":"2026-01-04T18:45:12+00:00","og_image":[{"width":2560,"height":2560,"url":"https:\/\/www.dramfolks-whisky-auction.com\/wp-content\/uploads\/2024\/09\/Penderyn-Legend-vorne-scaled.jpg","type":"image\/jpeg"}],"twitter_card":"summary_large_image","twitter_misc":{"Dur\u00e9e de lecture estim\u00e9e":"3 minutes"},"schema":{"@context":"https:\/\/schema.org","@graph":[{"@type":"WebPage","@id":"https:\/\/www.dramfolks-whisky-auction.com\/fr\/product\/penderyn-legend-3\/","url":"https:\/\/www.dramfolks-whisky-auction.com\/fr\/product\/penderyn-legend-3\/","name":"Penderyn - Legend - Dramfolks Whisky Auction","isPartOf":{"@id":"https:\/\/www.dramfolks-whisky-auction.com\/fr\/#website"},"primaryImageOfPage":{"@id":"https:\/\/www.dramfolks-whisky-auction.com\/fr\/product\/penderyn-legend-3\/#primaryimage"},"image":{"@id":"https:\/\/www.dramfolks-whisky-auction.com\/fr\/product\/penderyn-legend-3\/#primaryimage"},"thumbnailUrl":"https:\/\/www.dramfolks-whisky-auction.com\/wp-content\/uploads\/2024\/09\/Penderyn-Legend-vorne-scaled.jpg","datePublished":"2025-12-20T08:34:48+00:00","dateModified":"2026-01-04T18:45:12+00:00","breadcrumb":{"@id":"https:\/\/www.dramfolks-whisky-auction.com\/fr\/product\/penderyn-legend-3\/#breadcrumb"},"inLanguage":"fr-FR","potentialAction":[{"@type":"ReadAction","target":["https:\/\/www.dramfolks-whisky-auction.com\/fr\/product\/penderyn-legend-3\/"]}]},{"@type":"ImageObject","inLanguage":"fr-FR","@id":"https:\/\/www.dramfolks-whisky-auction.com\/fr\/product\/penderyn-legend-3\/#primaryimage","url":"https:\/\/www.dramfolks-whisky-auction.com\/wp-content\/uploads\/2024\/09\/Penderyn-Legend-vorne-scaled.jpg","contentUrl":"https:\/\/www.dramfolks-whisky-auction.com\/wp-content\/uploads\/2024\/09\/Penderyn-Legend-vorne-scaled.jpg","width":2560,"height":2560},{"@type":"BreadcrumbList","@id":"https:\/\/www.dramfolks-whisky-auction.com\/fr\/product\/penderyn-legend-3\/#breadcrumb","itemListElement":[{"@type":"ListItem","position":1,"name":"Startseite","item":"https:\/\/www.dramfolks-whisky-auction.com\/fr\/"},{"@type":"ListItem","position":2,"name":"Boutique","item":"https:\/\/www.dramfolks-whisky-auction.com\/fr\/boutique\/"},{"@type":"ListItem","position":3,"name":"Penderyn &#8211; Legend"}]},{"@type":"WebSite","@id":"https:\/\/www.dramfolks-whisky-auction.com\/fr\/#website","url":"https:\/\/www.dramfolks-whisky-auction.com\/fr\/","name":"Dramfolks Whisky Auction","description":"","potentialAction":[{"@type":"SearchAction","target":{"@type":"EntryPoint","urlTemplate":"https:\/\/www.dramfolks-whisky-auction.com\/fr\/?s={search_term_string}"},"query-input":{"@type":"PropertyValueSpecification","valueRequired":true,"valueName":"search_term_string"}}],"inLanguage":"fr-FR"}]}},"_links":{"self":[{"href":"https:\/\/www.dramfolks-whisky-auction.com\/fr\/wp-json\/wp\/v2\/product\/6727402","targetHints":{"allow":["GET"]}}],"collection":[{"href":"https:\/\/www.dramfolks-whisky-auction.com\/fr\/wp-json\/wp\/v2\/product"}],"about":[{"href":"https:\/\/www.dramfolks-whisky-auction.com\/fr\/wp-json\/wp\/v2\/types\/product"}],"replies":[{"embeddable":true,"href":"https:\/\/www.dramfolks-whisky-auction.com\/fr\/wp-json\/wp\/v2\/comments?post=6727402"}],"wp:featuredmedia":[{"embeddable":true,"href":"https:\/\/www.dramfolks-whisky-auction.com\/fr\/wp-json\/wp\/v2\/media\/536346"}],"wp:attachment":[{"href":"https:\/\/www.dramfolks-whisky-auction.com\/fr\/wp-json\/wp\/v2\/media?parent=6727402"}],"wp:term":[{"taxonomy":"product_brand","embeddable":true,"href":"https:\/\/www.dramfolks-whisky-auction.com\/fr\/wp-json\/wp\/v2\/product_brand?post=6727402"},{"taxonomy":"product_cat","embeddable":true,"href":"https:\/\/www.dramfolks-whisky-auction.com\/fr\/wp-json\/wp\/v2\/product_cat?post=6727402"},{"taxonomy":"product_tag","embeddable":true,"href":"https:\/\/www.dramfolks-whisky-auction.com\/fr\/wp-json\/wp\/v2\/product_tag?post=6727402"}],"curies":[{"name":"wp","href":"https:\/\/api.w.org\/{rel}","templated":true}]}}