{"id":6727379,"date":"2025-12-20T07:23:28","date_gmt":"2025-12-20T06:23:28","guid":{"rendered":"https:\/\/www.dramfolks-whisky-auction.com\/?post_type=product&#038;p=6727379"},"modified":"2026-01-04T19:45:09","modified_gmt":"2026-01-04T18:45:09","slug":"talisker-neist-point-9","status":"publish","type":"product","link":"https:\/\/www.dramfolks-whisky-auction.com\/fr\/product\/talisker-neist-point-9\/","title":{"rendered":"Talisker &#8211; Neist Point"},"content":{"rendered":"<p><strong>Destille: Talisker<br \/>\n<\/strong>Die Talisker Distillery ist eine Single Malt Scotch Whisky Destillerie mit Sitz in Carbost, Schottland auf der Halbinsel Minginish (Isle of Skye). Die Gr\u00fcnder von Talisker, die Br\u00fcder Hugh und Kenneth MacAskill, waren klassische Clearance-Vermieter. Nachdem sie 1825 das Talisker House auf Skye und ausgedehnte L\u00e4ndereien gekauft hatten, machten sie sich daran, die ans\u00e4ssige Bev\u00f6lkerung von ihren Farmen umzusiedeln. Neben dem Einsatz von Schafen war Destillieren, das zweite Standbein der MacAskill. Im Jahr 1830 er\u00f6ffneten sie ihre Talisker-Destillerie in Carbost. Ihr Vorsto\u00df in die Whiskyherstellung war anf\u00e4nglich nicht von Erfolg gekr\u00f6nt, sodass 1848 die Kreditbank die Kontrolle \u00fcbernahm. Nach einer Reihe verschiedenster Besitzer kauften Roderick Kemp und Alexander Allen (Dailuaine) die Brennerei. Kemp verkaufte seinen Anteil 1892, um Macallan zu kaufen, und nach Allens Tod im Jahr 1895 \u00fcbernahm sein Gesch\u00e4ftspartner Thomas Mackenzie die Leitung. Nach einer \u00ab\u00a0Verschmelzung\u00a0\u00bb mit Dailuaine (und Imperial) ging Talisker 1916 an eine Gruppe von gro\u00dfen Blendern, die sp\u00e4ter zu Diageo fusionierten. Aktuell hat Talisker ein Produktionsvolumen von ca. 2,6 Mio. Litern.<\/p>\n<p><strong>Fun Fakt:\u00a0\u00a0<\/strong>Bekannt aus \u00ab\u00a0Funk &amp; Fernsehen\u00a0\u00bb&#8230; In dem Film \u00ab\u00a0Charlie Wilson&rsquo;s War\u00a0\u00bb \u00fcberreicht der CIA-Agent Gust Avrakotos dem US-Abgeordneten Wilson eine Flasche Talisker. Der Agent erkl\u00e4rt Charlie, dass der Scotch in einem Gedicht von Robert Louis Stevenson erw\u00e4hnt wird. Der Clou? Die Flasche ist verwanzt und erm\u00f6glicht es ihm, den Gespr\u00e4chen des Kongressabgeordneten zuzuh\u00f6ren&#8230; Tats\u00e4chlich war Talisker der Lieblingswhisky der Schriftsteller Robert Louis Stevenson und HV Morton. In seinem Gedicht \u00ab\u00a0The Scotsman&rsquo;s Return From Abroad\u00a0\u00bb erw\u00e4hnte Stevenson: \u00ab\u00a0Der K\u00f6nig trinkt, wie ich es mir vorstelle, Talisker, Islay oder Glenlivet.\u00a0\u00bb<\/p>\n<p><strong>Whisky\/Whiskey: Neist Point<br \/>\n<\/strong>Durch die Verwendung einiger der feinsten, seltensten F\u00e4sser von Talisker, die l\u00e4nger ruhen gelassen wurden, liefert Talisker Neist Point eine unvergleichliche Geschmacksreise mit einem besonders raffinierten, s\u00fc\u00dfen, rauchigen Abgang, der den Gaumen Welle f\u00fcr Welle umh\u00fcllt. Benannt nach dem Leuchtturm am westlichsten Punkt von Skye und urspr\u00fcnglich f\u00fcr Travel Retail vorgesehen, liefert dieser Whisky einen unverwechselbaren Salz- und Pfefferrauch der Destillerie in H\u00fclle und F\u00fclle.<br \/>\nIn der Nase findet sich&#8230; \u00ab\u00a0Klassische Aromen von der K\u00fcste und maritimen Aromen und mehr als ein Hauch von ger\u00e4ucherten B\u00fccklingen auf einem am Strand mit Torf befeuerten BBQ, etwas Marmelade und gesalzenes Karamell zusammen mit reichhaltigeren, ru\u00dfigen, teerigen, ger\u00e4ucherten Trockenfr\u00fcchten, Gingercake, Honigwaben und einem Hauch von ger\u00f6stetem K\u00fcmmel.\u00a0\u00bb<br \/>\nBeim Geschmack kommen&#8230; \u00ab\u00a0Reichhaltige dunkle Fr\u00fcchte (denken Sie an Rosinen- und Mince-Pie-F\u00fcllung \u00fcber pfeffrig-aromatischem Holzrauch), eine Art knusprige Erdnussbutter-Textur\/Mundgef\u00fchl und mehr von dieser Marmeladennote. Gesalzener Sauerteigtoast, Fenchel, gesalzener ger\u00e4ucherter Fisch und Coastal BBQ-Nuancen schleichen sich an einem fettigen und \u00f6ligen, vollmundigen Gaumen ein\u00a0\u00bb zum Vorschein.<br \/>\nDas Finale liefert dann &#8230; \u00ab\u00a0einen \u00f6ligen und reichhaltigen K\u00f6rper, verweilt mit dunkleren Fr\u00fcchten (in Sherry getr\u00e4nkte Trockenfr\u00fcchte f\u00fcr einen Whisky-Tee-Laibkuchen), ger\u00e4ucherten B\u00fccklingen und dunkler Marmelade. Der Rauch, der Fenchel und die knusprige Erdnussbutter haben ebenfalls einen letzten Auftritt in einem langen und befriedigenden pfeffrigen Abgang.\u00a0\u00bb (Quelle: <a href=\"http:\/\/www.htfw.com\" target=\"_blank\" rel=\"noopener noreferrer\">www.htfw.com<\/a>)<\/p>\n<p><strong>Info Qualit\u00e4t der Flasche:<\/strong> Exzellent &#8211; ohne Besch\u00e4digungen \/ <strong>F\u00fcllstand: <\/strong>Into neck<br \/>\n<strong>Info Qualit\u00e4t der Box: <\/strong>Exzellent &#8211; ohne Besch\u00e4digungen<\/p>\n<p><strong>Wichtiger Hinweis:<\/strong> Die Bewertung der Flaschen und Boxen erfolgt nach \u201ebesten Wissen und Gewissen\u201c. dramfolks kann keine Gew\u00e4hrleistung f\u00fcr den Inhalt der Flaschen \u00fcbernehmen. Weitere Infos &amp; Hinweise finden Sie in unseren AGBs. Wir empfehlen Ihnen, vor der Abgabe von Geboten \u00fcber die Zoomfunktion eine Besichtigung \/ genaue Pr\u00fcfung des angebotenen Whiskys vorzunehmen. Bitte kontaktieren sie uns bei Fragen direkt unter info@dramfolks.com<\/p>\n","protected":false},"excerpt":{"rendered":"<p>Destille: Talisker Die Talisker Distillery ist eine Single Malt Scotch Whisky Destillerie mit Sitz in Carbost, Schottland auf der Halbinsel Minginish (Isle of Skye). Die Gr\u00fcnder von Talisker, die Br\u00fcder Hugh und Kenneth MacAskill, waren klassische Clearance-Vermieter. Nachdem sie 1825 das Talisker House auf Skye und ausgedehnte L\u00e4ndereien gekauft hatten, machten sie sich daran, die[&#8230;]\n","protected":false},"featured_media":1316629,"comment_status":"closed","ping_status":"closed","template":"","meta":[],"product_brand":[],"product_cat":[1282],"product_tag":[],"class_list":{"0":"post-6727379","1":"product","2":"type-product","3":"status-publish","4":"has-post-thumbnail","6":"product_cat-no-22","8":"first","9":"instock","10":"shipping-taxable","11":"purchasable","12":"product-type-auction"},"yoast_head":"<!-- This site is optimized with the Yoast SEO plugin v27.0 - https:\/\/yoast.com\/product\/yoast-seo-wordpress\/ -->\n<title>Talisker - Neist Point - Dramfolks Whisky Auction<\/title>\n<meta name=\"robots\" content=\"index, follow, max-snippet:-1, max-image-preview:large, max-video-preview:-1\" \/>\n<link rel=\"canonical\" href=\"https:\/\/www.dramfolks-whisky-auction.com\/fr\/product\/talisker-neist-point-9\/\" \/>\n<meta property=\"og:locale\" content=\"fr_FR\" \/>\n<meta property=\"og:type\" content=\"article\" \/>\n<meta property=\"og:title\" content=\"Talisker - Neist Point - Dramfolks Whisky Auction\" \/>\n<meta property=\"og:description\" content=\"Destille: Talisker Die Talisker Distillery ist eine Single Malt Scotch Whisky Destillerie mit Sitz in Carbost, Schottland auf der Halbinsel Minginish (Isle of Skye). Die Gr\u00fcnder von Talisker, die Br\u00fcder Hugh und Kenneth MacAskill, waren klassische Clearance-Vermieter. Nachdem sie 1825 das Talisker House auf Skye und ausgedehnte L\u00e4ndereien gekauft hatten, machten sie sich daran, die[...]\" \/>\n<meta property=\"og:url\" content=\"https:\/\/www.dramfolks-whisky-auction.com\/fr\/product\/talisker-neist-point-9\/\" \/>\n<meta property=\"og:site_name\" content=\"Dramfolks Whisky Auction\" \/>\n<meta property=\"article:modified_time\" content=\"2026-01-04T18:45:09+00:00\" \/>\n<meta property=\"og:image\" content=\"https:\/\/www.dramfolks-whisky-auction.com\/wp-content\/uploads\/2024\/12\/Talisker-Neist-Point-vorne-scaled.jpg\" \/>\n\t<meta property=\"og:image:width\" content=\"2560\" \/>\n\t<meta property=\"og:image:height\" content=\"2560\" \/>\n\t<meta property=\"og:image:type\" content=\"image\/jpeg\" \/>\n<meta name=\"twitter:card\" content=\"summary_large_image\" \/>\n<meta name=\"twitter:label1\" content=\"Dur\u00e9e de lecture estim\u00e9e\" \/>\n\t<meta name=\"twitter:data1\" content=\"4 minutes\" \/>\n<script type=\"application\/ld+json\" class=\"yoast-schema-graph\">{\"@context\":\"https:\/\/schema.org\",\"@graph\":[{\"@type\":\"WebPage\",\"@id\":\"https:\/\/www.dramfolks-whisky-auction.com\/fr\/product\/talisker-neist-point-9\/\",\"url\":\"https:\/\/www.dramfolks-whisky-auction.com\/fr\/product\/talisker-neist-point-9\/\",\"name\":\"Talisker - Neist Point - Dramfolks Whisky Auction\",\"isPartOf\":{\"@id\":\"https:\/\/www.dramfolks-whisky-auction.com\/fr\/#website\"},\"primaryImageOfPage\":{\"@id\":\"https:\/\/www.dramfolks-whisky-auction.com\/fr\/product\/talisker-neist-point-9\/#primaryimage\"},\"image\":{\"@id\":\"https:\/\/www.dramfolks-whisky-auction.com\/fr\/product\/talisker-neist-point-9\/#primaryimage\"},\"thumbnailUrl\":\"https:\/\/www.dramfolks-whisky-auction.com\/wp-content\/uploads\/2024\/12\/Talisker-Neist-Point-vorne-scaled.jpg\",\"datePublished\":\"2025-12-20T06:23:28+00:00\",\"dateModified\":\"2026-01-04T18:45:09+00:00\",\"breadcrumb\":{\"@id\":\"https:\/\/www.dramfolks-whisky-auction.com\/fr\/product\/talisker-neist-point-9\/#breadcrumb\"},\"inLanguage\":\"fr-FR\",\"potentialAction\":[{\"@type\":\"ReadAction\",\"target\":[\"https:\/\/www.dramfolks-whisky-auction.com\/fr\/product\/talisker-neist-point-9\/\"]}]},{\"@type\":\"ImageObject\",\"inLanguage\":\"fr-FR\",\"@id\":\"https:\/\/www.dramfolks-whisky-auction.com\/fr\/product\/talisker-neist-point-9\/#primaryimage\",\"url\":\"https:\/\/www.dramfolks-whisky-auction.com\/wp-content\/uploads\/2024\/12\/Talisker-Neist-Point-vorne-scaled.jpg\",\"contentUrl\":\"https:\/\/www.dramfolks-whisky-auction.com\/wp-content\/uploads\/2024\/12\/Talisker-Neist-Point-vorne-scaled.jpg\",\"width\":2560,\"height\":2560},{\"@type\":\"BreadcrumbList\",\"@id\":\"https:\/\/www.dramfolks-whisky-auction.com\/fr\/product\/talisker-neist-point-9\/#breadcrumb\",\"itemListElement\":[{\"@type\":\"ListItem\",\"position\":1,\"name\":\"Startseite\",\"item\":\"https:\/\/www.dramfolks-whisky-auction.com\/fr\/\"},{\"@type\":\"ListItem\",\"position\":2,\"name\":\"Boutique\",\"item\":\"https:\/\/www.dramfolks-whisky-auction.com\/fr\/boutique\/\"},{\"@type\":\"ListItem\",\"position\":3,\"name\":\"Talisker &#8211; Neist Point\"}]},{\"@type\":\"WebSite\",\"@id\":\"https:\/\/www.dramfolks-whisky-auction.com\/fr\/#website\",\"url\":\"https:\/\/www.dramfolks-whisky-auction.com\/fr\/\",\"name\":\"Dramfolks Whisky Auction\",\"description\":\"\",\"potentialAction\":[{\"@type\":\"SearchAction\",\"target\":{\"@type\":\"EntryPoint\",\"urlTemplate\":\"https:\/\/www.dramfolks-whisky-auction.com\/fr\/?s={search_term_string}\"},\"query-input\":{\"@type\":\"PropertyValueSpecification\",\"valueRequired\":true,\"valueName\":\"search_term_string\"}}],\"inLanguage\":\"fr-FR\"}]}<\/script>\n<!-- \/ Yoast SEO plugin. -->","yoast_head_json":{"title":"Talisker - Neist Point - Dramfolks Whisky Auction","robots":{"index":"index","follow":"follow","max-snippet":"max-snippet:-1","max-image-preview":"max-image-preview:large","max-video-preview":"max-video-preview:-1"},"canonical":"https:\/\/www.dramfolks-whisky-auction.com\/fr\/product\/talisker-neist-point-9\/","og_locale":"fr_FR","og_type":"article","og_title":"Talisker - Neist Point - Dramfolks Whisky Auction","og_description":"Destille: Talisker Die Talisker Distillery ist eine Single Malt Scotch Whisky Destillerie mit Sitz in Carbost, Schottland auf der Halbinsel Minginish (Isle of Skye). Die Gr\u00fcnder von Talisker, die Br\u00fcder Hugh und Kenneth MacAskill, waren klassische Clearance-Vermieter. Nachdem sie 1825 das Talisker House auf Skye und ausgedehnte L\u00e4ndereien gekauft hatten, machten sie sich daran, die[...]","og_url":"https:\/\/www.dramfolks-whisky-auction.com\/fr\/product\/talisker-neist-point-9\/","og_site_name":"Dramfolks Whisky Auction","article_modified_time":"2026-01-04T18:45:09+00:00","og_image":[{"width":2560,"height":2560,"url":"https:\/\/www.dramfolks-whisky-auction.com\/wp-content\/uploads\/2024\/12\/Talisker-Neist-Point-vorne-scaled.jpg","type":"image\/jpeg"}],"twitter_card":"summary_large_image","twitter_misc":{"Dur\u00e9e de lecture estim\u00e9e":"4 minutes"},"schema":{"@context":"https:\/\/schema.org","@graph":[{"@type":"WebPage","@id":"https:\/\/www.dramfolks-whisky-auction.com\/fr\/product\/talisker-neist-point-9\/","url":"https:\/\/www.dramfolks-whisky-auction.com\/fr\/product\/talisker-neist-point-9\/","name":"Talisker - Neist Point - Dramfolks Whisky Auction","isPartOf":{"@id":"https:\/\/www.dramfolks-whisky-auction.com\/fr\/#website"},"primaryImageOfPage":{"@id":"https:\/\/www.dramfolks-whisky-auction.com\/fr\/product\/talisker-neist-point-9\/#primaryimage"},"image":{"@id":"https:\/\/www.dramfolks-whisky-auction.com\/fr\/product\/talisker-neist-point-9\/#primaryimage"},"thumbnailUrl":"https:\/\/www.dramfolks-whisky-auction.com\/wp-content\/uploads\/2024\/12\/Talisker-Neist-Point-vorne-scaled.jpg","datePublished":"2025-12-20T06:23:28+00:00","dateModified":"2026-01-04T18:45:09+00:00","breadcrumb":{"@id":"https:\/\/www.dramfolks-whisky-auction.com\/fr\/product\/talisker-neist-point-9\/#breadcrumb"},"inLanguage":"fr-FR","potentialAction":[{"@type":"ReadAction","target":["https:\/\/www.dramfolks-whisky-auction.com\/fr\/product\/talisker-neist-point-9\/"]}]},{"@type":"ImageObject","inLanguage":"fr-FR","@id":"https:\/\/www.dramfolks-whisky-auction.com\/fr\/product\/talisker-neist-point-9\/#primaryimage","url":"https:\/\/www.dramfolks-whisky-auction.com\/wp-content\/uploads\/2024\/12\/Talisker-Neist-Point-vorne-scaled.jpg","contentUrl":"https:\/\/www.dramfolks-whisky-auction.com\/wp-content\/uploads\/2024\/12\/Talisker-Neist-Point-vorne-scaled.jpg","width":2560,"height":2560},{"@type":"BreadcrumbList","@id":"https:\/\/www.dramfolks-whisky-auction.com\/fr\/product\/talisker-neist-point-9\/#breadcrumb","itemListElement":[{"@type":"ListItem","position":1,"name":"Startseite","item":"https:\/\/www.dramfolks-whisky-auction.com\/fr\/"},{"@type":"ListItem","position":2,"name":"Boutique","item":"https:\/\/www.dramfolks-whisky-auction.com\/fr\/boutique\/"},{"@type":"ListItem","position":3,"name":"Talisker &#8211; Neist Point"}]},{"@type":"WebSite","@id":"https:\/\/www.dramfolks-whisky-auction.com\/fr\/#website","url":"https:\/\/www.dramfolks-whisky-auction.com\/fr\/","name":"Dramfolks Whisky Auction","description":"","potentialAction":[{"@type":"SearchAction","target":{"@type":"EntryPoint","urlTemplate":"https:\/\/www.dramfolks-whisky-auction.com\/fr\/?s={search_term_string}"},"query-input":{"@type":"PropertyValueSpecification","valueRequired":true,"valueName":"search_term_string"}}],"inLanguage":"fr-FR"}]}},"_links":{"self":[{"href":"https:\/\/www.dramfolks-whisky-auction.com\/fr\/wp-json\/wp\/v2\/product\/6727379","targetHints":{"allow":["GET"]}}],"collection":[{"href":"https:\/\/www.dramfolks-whisky-auction.com\/fr\/wp-json\/wp\/v2\/product"}],"about":[{"href":"https:\/\/www.dramfolks-whisky-auction.com\/fr\/wp-json\/wp\/v2\/types\/product"}],"replies":[{"embeddable":true,"href":"https:\/\/www.dramfolks-whisky-auction.com\/fr\/wp-json\/wp\/v2\/comments?post=6727379"}],"wp:featuredmedia":[{"embeddable":true,"href":"https:\/\/www.dramfolks-whisky-auction.com\/fr\/wp-json\/wp\/v2\/media\/1316629"}],"wp:attachment":[{"href":"https:\/\/www.dramfolks-whisky-auction.com\/fr\/wp-json\/wp\/v2\/media?parent=6727379"}],"wp:term":[{"taxonomy":"product_brand","embeddable":true,"href":"https:\/\/www.dramfolks-whisky-auction.com\/fr\/wp-json\/wp\/v2\/product_brand?post=6727379"},{"taxonomy":"product_cat","embeddable":true,"href":"https:\/\/www.dramfolks-whisky-auction.com\/fr\/wp-json\/wp\/v2\/product_cat?post=6727379"},{"taxonomy":"product_tag","embeddable":true,"href":"https:\/\/www.dramfolks-whisky-auction.com\/fr\/wp-json\/wp\/v2\/product_tag?post=6727379"}],"curies":[{"name":"wp","href":"https:\/\/api.w.org\/{rel}","templated":true}]}}