{"id":6727367,"date":"2025-12-20T07:03:45","date_gmt":"2025-12-20T06:03:45","guid":{"rendered":"https:\/\/www.dramfolks-whisky-auction.com\/?post_type=product&#038;p=6727367"},"modified":"2026-01-04T19:00:07","modified_gmt":"2026-01-04T18:00:07","slug":"flensburger-brauerei-flens-single-malt-whisky-im-limitierten-sterling-cup-edition-set-18","status":"publish","type":"product","link":"https:\/\/www.dramfolks-whisky-auction.com\/fr\/product\/flensburger-brauerei-flens-single-malt-whisky-im-limitierten-sterling-cup-edition-set-18\/","title":{"rendered":"Flensburger Brauerei &#8211; Flens Single Malt Whisky im limitierten Sterling-Cup-Edition-Set"},"content":{"rendered":"<p><strong>Destille: Flensburger Brauerei<br \/>\n<\/strong>Eigentlich sollte hier ein Text \u00fcber eine WHISKY Brennerei stehen. Das ist bei der Flensburger (Bier)Brauerei etwas schwierig. Ans\u00e4ssig in Flensburg, Schleswig-Holstein und quasi im sehr hohen Norden Deutschlands. Eigentlich die bekannteste (Nord)deutsche Bierbrauerei, da ihr Markenzeichen der B\u00fcgelverschluss an den Flaschen ist. Gott sei Dank haben sie dieses Markenzeichen auch f\u00fcr ihren ersten Whisky \u00fcbernommen.<br \/>\nJa, richtig &#8230; nun wird auch Whisky gebrannt. Die erste Ver\u00f6ffentlichung erfolgte 2022 und war so erfolgreich, dass es Hoffnung auf weitere Whiskys aus dem hohen Norden gibt!<\/p>\n<p><strong>Fun Fakt:<\/strong> Das Brauwasser der Flensburger Brauerei stammt aus der \u00ab\u00a0eigenen\u00a0\u00bb Flensburger Gletscherquelle, die in der letzten Eiszeit vor 10.000 Jahren entstand, als skandinavische Gletscher ganz Norddeutschland bedeckten. Beim Abschmelzen hinterlie\u00dfen diese die tiefen Gesteinsschichten, die das kristallklare und nat\u00fcrliche Wasser seit mehreren Tausend Jahren vor Umweltbelastungen sch\u00fctzen. Die Flensburger Gletscherquelle befindet sich direkt unter der Brauerei\/Brennerei. Aus den beiden bis zu 240 Meter tiefen Brunnen sprudelt das Wasser artesisch, das hei\u00dft aus eigener Kraft, empor. Beide Brunnen sind im Brunnenregister unter den Namen Flensburger Gletscherquelle 1 und Flensburger Gletscherquelle 2 eingetragen. Wohl dem, der seinen eigenen Gletscherbrunnen im Keller hat!<\/p>\n<p><strong>Whisky\/Whiskey: Flens Single Malt Whisky im limitierten Sterling- Cup-Edition-Set<br \/>\n<\/strong>Der Flens Whisky ist der erste Single Malt der Flensburger Brauerei. Streng limitiert auf 3.000 Flaschen (waren innerhalb von Minuten online ausverkauft) ist der FLENS Whisky ein aromatischer, charakterstarker Single Malt Whisky, der in jedem Schluck die Seele Norddeutschlands in sich tr\u00e4gt. Aber wie bitte? Ein Whisky von FLENS??? Ja, und zwar ein sehr Guter sogar&#8230; F\u00fcr den Reifeprozess hat man sich die besten Eichenf\u00e4sser von Cooper aus den USA gesichert und diese stark ausgebrannt. Das Ergebnis ist ein s\u00fc\u00dfer Single Malt Whisky mit duftendem Birnenkompott in der Nase, sowie viel Vanille und Honig am Gaumen.<\/p>\n<p>Hier wird die FLENS WHISKY- Flasche in der limitierten Ausstattung mit versilbertem B\u00fcgel, versilberter Plombe, Wachssiegel in der limitierten Sterling- Cup &#8211; Edition inkl. hochwertigem Whisky-Becher Martele von Robbe &amp; Berking und Silberpflegetuch versteigert!!<em><strong> Das Set ist limitiert auf 250 Sets und der Abverkauf hat im Rahmen der Sterling Cup- Regatta von Robbe&amp; Berking begonnen &#8211; es handelt sich hier um Flasche 227.<\/strong><\/em> <em><strong>Der Martel\u00e9 Whiskeybecher von Robbe &amp; Berking ist mit 90G versilbert (Becher von Robbe &amp; Berking Einzelwert: 309,-Euro)!<\/strong><\/em> Der silberne Glanz reflektiert die Brillanz und die Sch\u00f6nheit eines guten Whiskeys wie kein anderes Material es vermag. Schlie\u00dflich isst das Auge nicht nur mit. Es trinkt auch mit. Die hohe Leitf\u00e4higkeit des Silbers l\u00e4sst den Becher sofort die Temperatur des Getr\u00e4nkes annehmen und sorgt somit f\u00fcr besonders langanhaltenden Trinkgenuss. Und w\u00e4hrend bei Kristallgl\u00e4sern eine unachtsame Bewegung beim Abtrocknen schon reicht, um das Glas zu zerst\u00f6ren, sind die versilberten Gef\u00e4\u00dfe von Robbe &amp; Berking unzerbrechlich. Zus\u00e4tzlich wurde durch die Flensburger Silberschmieden dem kultigen B\u00fcgelverschluss und dem maritimen Siegel des Flensburger Whiskys ein ganz besonderer silberner Glanz verliehen!<\/p>\n<p><strong>Info Qualit\u00e4t der Flasche:<\/strong> Exzellent ohne Besch\u00e4digungen \/ <strong>F\u00fcllstand:<\/strong> &#8211;<br \/>\n<strong>Info Qualit\u00e4t der Box:<\/strong> Exzellent ohne Besch\u00e4digungen<\/p>\n<p><strong>Wichtiger Hinweis:<\/strong> Die Bewertung der Flaschen und Boxen erfolgt nach \u201ebesten Wissen und Gewissen\u201c. dramfolks kann keine Gew\u00e4hrleistung f\u00fcr den Inhalt der Flaschen \u00fcbernehmen. Weitere Infos &amp; Hinweise finden Sie in unseren AGBs. Wir empfehlen Ihnen, vor der Abgabe von Geboten \u00fcber die Zoomfunktion eine Besichtigung \/ genaue Pr\u00fcfung des angebotenen Whiskys vorzunehmen. Bitte kontaktieren sie uns bei Fragen direkt unter info@dramfolks.com<\/p>\n","protected":false},"excerpt":{"rendered":"<p>Destille: Flensburger Brauerei Eigentlich sollte hier ein Text \u00fcber eine WHISKY Brennerei stehen. Das ist bei der Flensburger (Bier)Brauerei etwas schwierig. Ans\u00e4ssig in Flensburg, Schleswig-Holstein und quasi im sehr hohen Norden Deutschlands. Eigentlich die bekannteste (Nord)deutsche Bierbrauerei, da ihr Markenzeichen der B\u00fcgelverschluss an den Flaschen ist. Gott sei Dank haben sie dieses Markenzeichen auch f\u00fcr[&#8230;]\n","protected":false},"featured_media":3081,"comment_status":"closed","ping_status":"closed","template":"","meta":[],"product_brand":[],"product_cat":[1282],"product_tag":[],"class_list":{"0":"post-6727367","1":"product","2":"type-product","3":"status-publish","4":"has-post-thumbnail","6":"product_cat-no-22","8":"first","9":"instock","10":"shipping-taxable","11":"purchasable","12":"product-type-auction"},"yoast_head":"<!-- This site is optimized with the Yoast SEO plugin v27.0 - https:\/\/yoast.com\/product\/yoast-seo-wordpress\/ -->\n<title>Flensburger Brauerei - Flens Single Malt Whisky im limitierten Sterling-Cup-Edition-Set - Dramfolks Whisky Auction<\/title>\n<meta name=\"robots\" content=\"index, follow, max-snippet:-1, max-image-preview:large, max-video-preview:-1\" \/>\n<link rel=\"canonical\" href=\"https:\/\/www.dramfolks-whisky-auction.com\/fr\/product\/flensburger-brauerei-flens-single-malt-whisky-im-limitierten-sterling-cup-edition-set-18\/\" \/>\n<meta property=\"og:locale\" content=\"fr_FR\" \/>\n<meta property=\"og:type\" content=\"article\" \/>\n<meta property=\"og:title\" content=\"Flensburger Brauerei - Flens Single Malt Whisky im limitierten Sterling-Cup-Edition-Set - Dramfolks Whisky Auction\" \/>\n<meta property=\"og:description\" content=\"Destille: Flensburger Brauerei Eigentlich sollte hier ein Text \u00fcber eine WHISKY Brennerei stehen. Das ist bei der Flensburger (Bier)Brauerei etwas schwierig. Ans\u00e4ssig in Flensburg, Schleswig-Holstein und quasi im sehr hohen Norden Deutschlands. Eigentlich die bekannteste (Nord)deutsche Bierbrauerei, da ihr Markenzeichen der B\u00fcgelverschluss an den Flaschen ist. Gott sei Dank haben sie dieses Markenzeichen auch f\u00fcr[...]\" \/>\n<meta property=\"og:url\" content=\"https:\/\/www.dramfolks-whisky-auction.com\/fr\/product\/flensburger-brauerei-flens-single-malt-whisky-im-limitierten-sterling-cup-edition-set-18\/\" \/>\n<meta property=\"og:site_name\" content=\"Dramfolks Whisky Auction\" \/>\n<meta property=\"article:modified_time\" content=\"2026-01-04T18:00:07+00:00\" \/>\n<meta property=\"og:image\" content=\"https:\/\/www.dramfolks-whisky-auction.com\/wp-content\/uploads\/2023\/06\/flens-set-scaled.jpg\" \/>\n\t<meta property=\"og:image:width\" content=\"2560\" \/>\n\t<meta property=\"og:image:height\" content=\"2560\" \/>\n\t<meta property=\"og:image:type\" content=\"image\/jpeg\" \/>\n<meta name=\"twitter:card\" content=\"summary_large_image\" \/>\n<meta name=\"twitter:label1\" content=\"Dur\u00e9e de lecture estim\u00e9e\" \/>\n\t<meta name=\"twitter:data1\" content=\"4 minutes\" \/>\n<script type=\"application\/ld+json\" class=\"yoast-schema-graph\">{\"@context\":\"https:\/\/schema.org\",\"@graph\":[{\"@type\":\"WebPage\",\"@id\":\"https:\/\/www.dramfolks-whisky-auction.com\/fr\/product\/flensburger-brauerei-flens-single-malt-whisky-im-limitierten-sterling-cup-edition-set-18\/\",\"url\":\"https:\/\/www.dramfolks-whisky-auction.com\/fr\/product\/flensburger-brauerei-flens-single-malt-whisky-im-limitierten-sterling-cup-edition-set-18\/\",\"name\":\"Flensburger Brauerei - Flens Single Malt Whisky im limitierten Sterling-Cup-Edition-Set - Dramfolks Whisky Auction\",\"isPartOf\":{\"@id\":\"https:\/\/www.dramfolks-whisky-auction.com\/fr\/#website\"},\"primaryImageOfPage\":{\"@id\":\"https:\/\/www.dramfolks-whisky-auction.com\/fr\/product\/flensburger-brauerei-flens-single-malt-whisky-im-limitierten-sterling-cup-edition-set-18\/#primaryimage\"},\"image\":{\"@id\":\"https:\/\/www.dramfolks-whisky-auction.com\/fr\/product\/flensburger-brauerei-flens-single-malt-whisky-im-limitierten-sterling-cup-edition-set-18\/#primaryimage\"},\"thumbnailUrl\":\"https:\/\/www.dramfolks-whisky-auction.com\/wp-content\/uploads\/2023\/06\/flens-set-scaled.jpg\",\"datePublished\":\"2025-12-20T06:03:45+00:00\",\"dateModified\":\"2026-01-04T18:00:07+00:00\",\"breadcrumb\":{\"@id\":\"https:\/\/www.dramfolks-whisky-auction.com\/fr\/product\/flensburger-brauerei-flens-single-malt-whisky-im-limitierten-sterling-cup-edition-set-18\/#breadcrumb\"},\"inLanguage\":\"fr-FR\",\"potentialAction\":[{\"@type\":\"ReadAction\",\"target\":[\"https:\/\/www.dramfolks-whisky-auction.com\/fr\/product\/flensburger-brauerei-flens-single-malt-whisky-im-limitierten-sterling-cup-edition-set-18\/\"]}]},{\"@type\":\"ImageObject\",\"inLanguage\":\"fr-FR\",\"@id\":\"https:\/\/www.dramfolks-whisky-auction.com\/fr\/product\/flensburger-brauerei-flens-single-malt-whisky-im-limitierten-sterling-cup-edition-set-18\/#primaryimage\",\"url\":\"https:\/\/www.dramfolks-whisky-auction.com\/wp-content\/uploads\/2023\/06\/flens-set-scaled.jpg\",\"contentUrl\":\"https:\/\/www.dramfolks-whisky-auction.com\/wp-content\/uploads\/2023\/06\/flens-set-scaled.jpg\",\"width\":2560,\"height\":2560},{\"@type\":\"BreadcrumbList\",\"@id\":\"https:\/\/www.dramfolks-whisky-auction.com\/fr\/product\/flensburger-brauerei-flens-single-malt-whisky-im-limitierten-sterling-cup-edition-set-18\/#breadcrumb\",\"itemListElement\":[{\"@type\":\"ListItem\",\"position\":1,\"name\":\"Startseite\",\"item\":\"https:\/\/www.dramfolks-whisky-auction.com\/fr\/\"},{\"@type\":\"ListItem\",\"position\":2,\"name\":\"Boutique\",\"item\":\"https:\/\/www.dramfolks-whisky-auction.com\/fr\/boutique\/\"},{\"@type\":\"ListItem\",\"position\":3,\"name\":\"Flensburger Brauerei &#8211; Flens Single Malt Whisky im limitierten Sterling-Cup-Edition-Set\"}]},{\"@type\":\"WebSite\",\"@id\":\"https:\/\/www.dramfolks-whisky-auction.com\/fr\/#website\",\"url\":\"https:\/\/www.dramfolks-whisky-auction.com\/fr\/\",\"name\":\"Dramfolks Whisky Auction\",\"description\":\"\",\"potentialAction\":[{\"@type\":\"SearchAction\",\"target\":{\"@type\":\"EntryPoint\",\"urlTemplate\":\"https:\/\/www.dramfolks-whisky-auction.com\/fr\/?s={search_term_string}\"},\"query-input\":{\"@type\":\"PropertyValueSpecification\",\"valueRequired\":true,\"valueName\":\"search_term_string\"}}],\"inLanguage\":\"fr-FR\"}]}<\/script>\n<!-- \/ Yoast SEO plugin. -->","yoast_head_json":{"title":"Flensburger Brauerei - Flens Single Malt Whisky im limitierten Sterling-Cup-Edition-Set - Dramfolks Whisky Auction","robots":{"index":"index","follow":"follow","max-snippet":"max-snippet:-1","max-image-preview":"max-image-preview:large","max-video-preview":"max-video-preview:-1"},"canonical":"https:\/\/www.dramfolks-whisky-auction.com\/fr\/product\/flensburger-brauerei-flens-single-malt-whisky-im-limitierten-sterling-cup-edition-set-18\/","og_locale":"fr_FR","og_type":"article","og_title":"Flensburger Brauerei - Flens Single Malt Whisky im limitierten Sterling-Cup-Edition-Set - Dramfolks Whisky Auction","og_description":"Destille: Flensburger Brauerei Eigentlich sollte hier ein Text \u00fcber eine WHISKY Brennerei stehen. Das ist bei der Flensburger (Bier)Brauerei etwas schwierig. Ans\u00e4ssig in Flensburg, Schleswig-Holstein und quasi im sehr hohen Norden Deutschlands. Eigentlich die bekannteste (Nord)deutsche Bierbrauerei, da ihr Markenzeichen der B\u00fcgelverschluss an den Flaschen ist. Gott sei Dank haben sie dieses Markenzeichen auch f\u00fcr[...]","og_url":"https:\/\/www.dramfolks-whisky-auction.com\/fr\/product\/flensburger-brauerei-flens-single-malt-whisky-im-limitierten-sterling-cup-edition-set-18\/","og_site_name":"Dramfolks Whisky Auction","article_modified_time":"2026-01-04T18:00:07+00:00","og_image":[{"width":2560,"height":2560,"url":"https:\/\/www.dramfolks-whisky-auction.com\/wp-content\/uploads\/2023\/06\/flens-set-scaled.jpg","type":"image\/jpeg"}],"twitter_card":"summary_large_image","twitter_misc":{"Dur\u00e9e de lecture estim\u00e9e":"4 minutes"},"schema":{"@context":"https:\/\/schema.org","@graph":[{"@type":"WebPage","@id":"https:\/\/www.dramfolks-whisky-auction.com\/fr\/product\/flensburger-brauerei-flens-single-malt-whisky-im-limitierten-sterling-cup-edition-set-18\/","url":"https:\/\/www.dramfolks-whisky-auction.com\/fr\/product\/flensburger-brauerei-flens-single-malt-whisky-im-limitierten-sterling-cup-edition-set-18\/","name":"Flensburger Brauerei - Flens Single Malt Whisky im limitierten Sterling-Cup-Edition-Set - Dramfolks Whisky Auction","isPartOf":{"@id":"https:\/\/www.dramfolks-whisky-auction.com\/fr\/#website"},"primaryImageOfPage":{"@id":"https:\/\/www.dramfolks-whisky-auction.com\/fr\/product\/flensburger-brauerei-flens-single-malt-whisky-im-limitierten-sterling-cup-edition-set-18\/#primaryimage"},"image":{"@id":"https:\/\/www.dramfolks-whisky-auction.com\/fr\/product\/flensburger-brauerei-flens-single-malt-whisky-im-limitierten-sterling-cup-edition-set-18\/#primaryimage"},"thumbnailUrl":"https:\/\/www.dramfolks-whisky-auction.com\/wp-content\/uploads\/2023\/06\/flens-set-scaled.jpg","datePublished":"2025-12-20T06:03:45+00:00","dateModified":"2026-01-04T18:00:07+00:00","breadcrumb":{"@id":"https:\/\/www.dramfolks-whisky-auction.com\/fr\/product\/flensburger-brauerei-flens-single-malt-whisky-im-limitierten-sterling-cup-edition-set-18\/#breadcrumb"},"inLanguage":"fr-FR","potentialAction":[{"@type":"ReadAction","target":["https:\/\/www.dramfolks-whisky-auction.com\/fr\/product\/flensburger-brauerei-flens-single-malt-whisky-im-limitierten-sterling-cup-edition-set-18\/"]}]},{"@type":"ImageObject","inLanguage":"fr-FR","@id":"https:\/\/www.dramfolks-whisky-auction.com\/fr\/product\/flensburger-brauerei-flens-single-malt-whisky-im-limitierten-sterling-cup-edition-set-18\/#primaryimage","url":"https:\/\/www.dramfolks-whisky-auction.com\/wp-content\/uploads\/2023\/06\/flens-set-scaled.jpg","contentUrl":"https:\/\/www.dramfolks-whisky-auction.com\/wp-content\/uploads\/2023\/06\/flens-set-scaled.jpg","width":2560,"height":2560},{"@type":"BreadcrumbList","@id":"https:\/\/www.dramfolks-whisky-auction.com\/fr\/product\/flensburger-brauerei-flens-single-malt-whisky-im-limitierten-sterling-cup-edition-set-18\/#breadcrumb","itemListElement":[{"@type":"ListItem","position":1,"name":"Startseite","item":"https:\/\/www.dramfolks-whisky-auction.com\/fr\/"},{"@type":"ListItem","position":2,"name":"Boutique","item":"https:\/\/www.dramfolks-whisky-auction.com\/fr\/boutique\/"},{"@type":"ListItem","position":3,"name":"Flensburger Brauerei &#8211; Flens Single Malt Whisky im limitierten Sterling-Cup-Edition-Set"}]},{"@type":"WebSite","@id":"https:\/\/www.dramfolks-whisky-auction.com\/fr\/#website","url":"https:\/\/www.dramfolks-whisky-auction.com\/fr\/","name":"Dramfolks Whisky Auction","description":"","potentialAction":[{"@type":"SearchAction","target":{"@type":"EntryPoint","urlTemplate":"https:\/\/www.dramfolks-whisky-auction.com\/fr\/?s={search_term_string}"},"query-input":{"@type":"PropertyValueSpecification","valueRequired":true,"valueName":"search_term_string"}}],"inLanguage":"fr-FR"}]}},"_links":{"self":[{"href":"https:\/\/www.dramfolks-whisky-auction.com\/fr\/wp-json\/wp\/v2\/product\/6727367","targetHints":{"allow":["GET"]}}],"collection":[{"href":"https:\/\/www.dramfolks-whisky-auction.com\/fr\/wp-json\/wp\/v2\/product"}],"about":[{"href":"https:\/\/www.dramfolks-whisky-auction.com\/fr\/wp-json\/wp\/v2\/types\/product"}],"replies":[{"embeddable":true,"href":"https:\/\/www.dramfolks-whisky-auction.com\/fr\/wp-json\/wp\/v2\/comments?post=6727367"}],"wp:featuredmedia":[{"embeddable":true,"href":"https:\/\/www.dramfolks-whisky-auction.com\/fr\/wp-json\/wp\/v2\/media\/3081"}],"wp:attachment":[{"href":"https:\/\/www.dramfolks-whisky-auction.com\/fr\/wp-json\/wp\/v2\/media?parent=6727367"}],"wp:term":[{"taxonomy":"product_brand","embeddable":true,"href":"https:\/\/www.dramfolks-whisky-auction.com\/fr\/wp-json\/wp\/v2\/product_brand?post=6727367"},{"taxonomy":"product_cat","embeddable":true,"href":"https:\/\/www.dramfolks-whisky-auction.com\/fr\/wp-json\/wp\/v2\/product_cat?post=6727367"},{"taxonomy":"product_tag","embeddable":true,"href":"https:\/\/www.dramfolks-whisky-auction.com\/fr\/wp-json\/wp\/v2\/product_tag?post=6727367"}],"curies":[{"name":"wp","href":"https:\/\/api.w.org\/{rel}","templated":true}]}}