{"id":6727365,"date":"2025-12-20T07:01:08","date_gmt":"2025-12-20T06:01:08","guid":{"rendered":"https:\/\/www.dramfolks-whisky-auction.com\/?post_type=product&#038;p=6727365"},"modified":"2026-01-04T19:45:06","modified_gmt":"2026-01-04T18:45:06","slug":"mortlach-single-malt-diageo-special-releases-2022-16","status":"publish","type":"product","link":"https:\/\/www.dramfolks-whisky-auction.com\/fr\/product\/mortlach-single-malt-diageo-special-releases-2022-16\/","title":{"rendered":"Mortlach &#8211; Single Malt (Diageo Special Releases 2022)"},"content":{"rendered":"<p><strong>Destille: Mortlach<br \/>\n<\/strong>Mortlach ist die \u00e4lteste legale Whiskybrennerei in Dufftown, Banffshire, Schottland. Gegr\u00fcndet wurde die Brennerei 1823 durch James Findlater, Donald Mackintosh und Alexander Gordon. Urspr\u00fcnglich firmierte die Brennerei unter dem Namen Dufftown Distillery und geh\u00f6rte eine Zeit lang John und James Grant von Glen Grant, sp\u00e4ter dann George Cowie, bevor sie \u00fcber die Distillers Company Ltd. (DCL) und die United Distillers (UD) schlie\u00dflich zu Diageo kam, in deren Besitz sie heute noch ist. Bei Mortlach wird der Whisky als 2,81-fach destilliert bezeichnet, weil er anf\u00e4nglich 3-fach destilliert wird um dann in einem anschlie\u00dfenden, individuellen Verfahren zu einem Single Malt heranzureifen. J\u00e4hrliche Produktionskapazit\u00e4t: ca. 3,7 Mio. Liter.<\/p>\n<p><strong>Fun fact 1: <\/strong>Kriegerischer Whisky&#8230; Der Name Mortlach wird unterschiedlich gedeutet, neben den \u00dcbersetzungen \u201egro\u00dfer gr\u00fcner H\u00fcgel\u201c oder \u201esch\u00fcsself\u00f6rmiges Tal\u201c wird er manchmal als \u201eMassaker an den Wildg\u00e4nsen\u201c \u00fcbersetzt, wobei mit \u201eWildg\u00e4nsen\u201c das d\u00e4nische Heer gemeint ist, welches vom schottischen K\u00f6nig Malcolm II. im Jahr 1010 in der Gegend um Dufftown geschlagen wurde.<br \/>\n<strong>Fun fact 2:<\/strong> Ber\u00fchmtheiten ausgebildet&#8230; Der ber\u00fchmteste Lehrling der Destille war William Grant, der sp\u00e4tere Gr\u00fcnder von Glenfiddich.<\/p>\n<p><strong>Whisky\/Whiskey: Single Malt (Diageo Special Releases 2022)<\/strong><br \/>\nEin toller Prachtkerl von Mortlach. Dieser mysteri\u00f6se Single Malt Scotch aus Mortlach reiht sich in die Special Releases 2022 von Diageo ein. Veredelt in einer Kombination aus Ex-Tawny-Portwein, \u00ab\u00a0roten\u00a0\u00bb Ex-Muscat und jungfr\u00e4ulichen Eichenf\u00e4ssern&#8230; passend zum gespenstischen Blutmond auf dem vorderen Etikett.<br \/>\nIn der Nase findet sich \u00ab\u00a0brauner Zucker, Trockenfr\u00fcchte, dunkles Karamell, Schokolade, Kaffee, Dattel und Kirsche\u00a0\u00bb. Der Gaumen erfreut sich \u00fcber \u00ab\u00a0Volumen und W\u00fcrze, Karamell, Toffee, dunkle Schokolade, bitterer Espresso, aromatische rosa Pfefferk\u00f6rner\u00a0\u00bb, bevor der Abgang durch \u00ab\u00a0Muscovado-Zucker, ein Hauch von Holztannin und dunkle Schokolade. Lang und intensiv.\u00a0\u00bb gepr\u00e4gt ist. Ein toller Whisky mit einer guten Balance. (Verkostungsnotizen von <a href=\"http:\/\/www.masterofmalts.com\" target=\"_blank\" rel=\"noopener noreferrer\">www.masterofmalts.com<\/a>)<\/p>\n<p><strong>Info Qualit\u00e4t der Flasche:<\/strong> Exzellent &#8211; ohne Besch\u00e4digungen\/ <strong>F\u00fcllstand:<\/strong> Top shoulder<br \/>\n<strong>Info Qualit\u00e4t der Box:<\/strong> Exzellent &#8211; ohne Besch\u00e4digungen<\/p>\n<p><strong>Wichtiger Hinweis:<\/strong> Die Bewertung der Flaschen und Boxen erfolgt nach \u201ebesten Wissen und Gewissen\u201c. dramfolks kann keine Gew\u00e4hrleistung f\u00fcr den Inhalt der Flaschen \u00fcbernehmen. Weitere Infos &amp; Hinweise finden Sie in unseren AGBs. Wir empfehlen Ihnen, vor der Abgabe von Geboten \u00fcber die Zoomfunktion eine Besichtigung \/ genaue Pr\u00fcfung des angebotenen Whiskys vorzunehmen. Bitte kontaktieren sie uns bei Fragen direkt unter info@dramfolks.com<\/p>\n","protected":false},"excerpt":{"rendered":"<p>Destille: Mortlach Mortlach ist die \u00e4lteste legale Whiskybrennerei in Dufftown, Banffshire, Schottland. Gegr\u00fcndet wurde die Brennerei 1823 durch James Findlater, Donald Mackintosh und Alexander Gordon. Urspr\u00fcnglich firmierte die Brennerei unter dem Namen Dufftown Distillery und geh\u00f6rte eine Zeit lang John und James Grant von Glen Grant, sp\u00e4ter dann George Cowie, bevor sie \u00fcber die Distillers[&#8230;]\n","protected":false},"featured_media":529682,"comment_status":"closed","ping_status":"closed","template":"","meta":[],"product_brand":[],"product_cat":[1282],"product_tag":[],"class_list":{"0":"post-6727365","1":"product","2":"type-product","3":"status-publish","4":"has-post-thumbnail","6":"product_cat-no-22","8":"first","9":"instock","10":"shipping-taxable","11":"purchasable","12":"product-type-auction"},"yoast_head":"<!-- This site is optimized with the Yoast SEO plugin v27.0 - https:\/\/yoast.com\/product\/yoast-seo-wordpress\/ -->\n<title>Mortlach - Single Malt (Diageo Special Releases 2022) - Dramfolks Whisky Auction<\/title>\n<meta name=\"robots\" content=\"index, follow, max-snippet:-1, max-image-preview:large, max-video-preview:-1\" \/>\n<link rel=\"canonical\" href=\"https:\/\/www.dramfolks-whisky-auction.com\/fr\/product\/mortlach-single-malt-diageo-special-releases-2022-16\/\" \/>\n<meta property=\"og:locale\" content=\"fr_FR\" \/>\n<meta property=\"og:type\" content=\"article\" \/>\n<meta property=\"og:title\" content=\"Mortlach - Single Malt (Diageo Special Releases 2022) - Dramfolks Whisky Auction\" \/>\n<meta property=\"og:description\" content=\"Destille: Mortlach Mortlach ist die \u00e4lteste legale Whiskybrennerei in Dufftown, Banffshire, Schottland. Gegr\u00fcndet wurde die Brennerei 1823 durch James Findlater, Donald Mackintosh und Alexander Gordon. Urspr\u00fcnglich firmierte die Brennerei unter dem Namen Dufftown Distillery und geh\u00f6rte eine Zeit lang John und James Grant von Glen Grant, sp\u00e4ter dann George Cowie, bevor sie \u00fcber die Distillers[...]\" \/>\n<meta property=\"og:url\" content=\"https:\/\/www.dramfolks-whisky-auction.com\/fr\/product\/mortlach-single-malt-diageo-special-releases-2022-16\/\" \/>\n<meta property=\"og:site_name\" content=\"Dramfolks Whisky Auction\" \/>\n<meta property=\"article:modified_time\" content=\"2026-01-04T18:45:06+00:00\" \/>\n<meta property=\"og:image\" content=\"https:\/\/www.dramfolks-whisky-auction.com\/wp-content\/uploads\/2024\/09\/Mortlach-vorne-scaled.jpg\" \/>\n\t<meta property=\"og:image:width\" content=\"2560\" \/>\n\t<meta property=\"og:image:height\" content=\"2560\" \/>\n\t<meta property=\"og:image:type\" content=\"image\/jpeg\" \/>\n<meta name=\"twitter:card\" content=\"summary_large_image\" \/>\n<meta name=\"twitter:label1\" content=\"Dur\u00e9e de lecture estim\u00e9e\" \/>\n\t<meta name=\"twitter:data1\" content=\"3 minutes\" \/>\n<script type=\"application\/ld+json\" class=\"yoast-schema-graph\">{\"@context\":\"https:\/\/schema.org\",\"@graph\":[{\"@type\":\"WebPage\",\"@id\":\"https:\/\/www.dramfolks-whisky-auction.com\/fr\/product\/mortlach-single-malt-diageo-special-releases-2022-16\/\",\"url\":\"https:\/\/www.dramfolks-whisky-auction.com\/fr\/product\/mortlach-single-malt-diageo-special-releases-2022-16\/\",\"name\":\"Mortlach - Single Malt (Diageo Special Releases 2022) - Dramfolks Whisky Auction\",\"isPartOf\":{\"@id\":\"https:\/\/www.dramfolks-whisky-auction.com\/fr\/#website\"},\"primaryImageOfPage\":{\"@id\":\"https:\/\/www.dramfolks-whisky-auction.com\/fr\/product\/mortlach-single-malt-diageo-special-releases-2022-16\/#primaryimage\"},\"image\":{\"@id\":\"https:\/\/www.dramfolks-whisky-auction.com\/fr\/product\/mortlach-single-malt-diageo-special-releases-2022-16\/#primaryimage\"},\"thumbnailUrl\":\"https:\/\/www.dramfolks-whisky-auction.com\/wp-content\/uploads\/2024\/09\/Mortlach-vorne-scaled.jpg\",\"datePublished\":\"2025-12-20T06:01:08+00:00\",\"dateModified\":\"2026-01-04T18:45:06+00:00\",\"breadcrumb\":{\"@id\":\"https:\/\/www.dramfolks-whisky-auction.com\/fr\/product\/mortlach-single-malt-diageo-special-releases-2022-16\/#breadcrumb\"},\"inLanguage\":\"fr-FR\",\"potentialAction\":[{\"@type\":\"ReadAction\",\"target\":[\"https:\/\/www.dramfolks-whisky-auction.com\/fr\/product\/mortlach-single-malt-diageo-special-releases-2022-16\/\"]}]},{\"@type\":\"ImageObject\",\"inLanguage\":\"fr-FR\",\"@id\":\"https:\/\/www.dramfolks-whisky-auction.com\/fr\/product\/mortlach-single-malt-diageo-special-releases-2022-16\/#primaryimage\",\"url\":\"https:\/\/www.dramfolks-whisky-auction.com\/wp-content\/uploads\/2024\/09\/Mortlach-vorne-scaled.jpg\",\"contentUrl\":\"https:\/\/www.dramfolks-whisky-auction.com\/wp-content\/uploads\/2024\/09\/Mortlach-vorne-scaled.jpg\",\"width\":2560,\"height\":2560},{\"@type\":\"BreadcrumbList\",\"@id\":\"https:\/\/www.dramfolks-whisky-auction.com\/fr\/product\/mortlach-single-malt-diageo-special-releases-2022-16\/#breadcrumb\",\"itemListElement\":[{\"@type\":\"ListItem\",\"position\":1,\"name\":\"Startseite\",\"item\":\"https:\/\/www.dramfolks-whisky-auction.com\/fr\/\"},{\"@type\":\"ListItem\",\"position\":2,\"name\":\"Boutique\",\"item\":\"https:\/\/www.dramfolks-whisky-auction.com\/fr\/boutique\/\"},{\"@type\":\"ListItem\",\"position\":3,\"name\":\"Mortlach &#8211; Single Malt (Diageo Special Releases 2022)\"}]},{\"@type\":\"WebSite\",\"@id\":\"https:\/\/www.dramfolks-whisky-auction.com\/fr\/#website\",\"url\":\"https:\/\/www.dramfolks-whisky-auction.com\/fr\/\",\"name\":\"Dramfolks Whisky Auction\",\"description\":\"\",\"potentialAction\":[{\"@type\":\"SearchAction\",\"target\":{\"@type\":\"EntryPoint\",\"urlTemplate\":\"https:\/\/www.dramfolks-whisky-auction.com\/fr\/?s={search_term_string}\"},\"query-input\":{\"@type\":\"PropertyValueSpecification\",\"valueRequired\":true,\"valueName\":\"search_term_string\"}}],\"inLanguage\":\"fr-FR\"}]}<\/script>\n<!-- \/ Yoast SEO plugin. -->","yoast_head_json":{"title":"Mortlach - Single Malt (Diageo Special Releases 2022) - Dramfolks Whisky Auction","robots":{"index":"index","follow":"follow","max-snippet":"max-snippet:-1","max-image-preview":"max-image-preview:large","max-video-preview":"max-video-preview:-1"},"canonical":"https:\/\/www.dramfolks-whisky-auction.com\/fr\/product\/mortlach-single-malt-diageo-special-releases-2022-16\/","og_locale":"fr_FR","og_type":"article","og_title":"Mortlach - Single Malt (Diageo Special Releases 2022) - Dramfolks Whisky Auction","og_description":"Destille: Mortlach Mortlach ist die \u00e4lteste legale Whiskybrennerei in Dufftown, Banffshire, Schottland. Gegr\u00fcndet wurde die Brennerei 1823 durch James Findlater, Donald Mackintosh und Alexander Gordon. Urspr\u00fcnglich firmierte die Brennerei unter dem Namen Dufftown Distillery und geh\u00f6rte eine Zeit lang John und James Grant von Glen Grant, sp\u00e4ter dann George Cowie, bevor sie \u00fcber die Distillers[...]","og_url":"https:\/\/www.dramfolks-whisky-auction.com\/fr\/product\/mortlach-single-malt-diageo-special-releases-2022-16\/","og_site_name":"Dramfolks Whisky Auction","article_modified_time":"2026-01-04T18:45:06+00:00","og_image":[{"width":2560,"height":2560,"url":"https:\/\/www.dramfolks-whisky-auction.com\/wp-content\/uploads\/2024\/09\/Mortlach-vorne-scaled.jpg","type":"image\/jpeg"}],"twitter_card":"summary_large_image","twitter_misc":{"Dur\u00e9e de lecture estim\u00e9e":"3 minutes"},"schema":{"@context":"https:\/\/schema.org","@graph":[{"@type":"WebPage","@id":"https:\/\/www.dramfolks-whisky-auction.com\/fr\/product\/mortlach-single-malt-diageo-special-releases-2022-16\/","url":"https:\/\/www.dramfolks-whisky-auction.com\/fr\/product\/mortlach-single-malt-diageo-special-releases-2022-16\/","name":"Mortlach - Single Malt (Diageo Special Releases 2022) - Dramfolks Whisky Auction","isPartOf":{"@id":"https:\/\/www.dramfolks-whisky-auction.com\/fr\/#website"},"primaryImageOfPage":{"@id":"https:\/\/www.dramfolks-whisky-auction.com\/fr\/product\/mortlach-single-malt-diageo-special-releases-2022-16\/#primaryimage"},"image":{"@id":"https:\/\/www.dramfolks-whisky-auction.com\/fr\/product\/mortlach-single-malt-diageo-special-releases-2022-16\/#primaryimage"},"thumbnailUrl":"https:\/\/www.dramfolks-whisky-auction.com\/wp-content\/uploads\/2024\/09\/Mortlach-vorne-scaled.jpg","datePublished":"2025-12-20T06:01:08+00:00","dateModified":"2026-01-04T18:45:06+00:00","breadcrumb":{"@id":"https:\/\/www.dramfolks-whisky-auction.com\/fr\/product\/mortlach-single-malt-diageo-special-releases-2022-16\/#breadcrumb"},"inLanguage":"fr-FR","potentialAction":[{"@type":"ReadAction","target":["https:\/\/www.dramfolks-whisky-auction.com\/fr\/product\/mortlach-single-malt-diageo-special-releases-2022-16\/"]}]},{"@type":"ImageObject","inLanguage":"fr-FR","@id":"https:\/\/www.dramfolks-whisky-auction.com\/fr\/product\/mortlach-single-malt-diageo-special-releases-2022-16\/#primaryimage","url":"https:\/\/www.dramfolks-whisky-auction.com\/wp-content\/uploads\/2024\/09\/Mortlach-vorne-scaled.jpg","contentUrl":"https:\/\/www.dramfolks-whisky-auction.com\/wp-content\/uploads\/2024\/09\/Mortlach-vorne-scaled.jpg","width":2560,"height":2560},{"@type":"BreadcrumbList","@id":"https:\/\/www.dramfolks-whisky-auction.com\/fr\/product\/mortlach-single-malt-diageo-special-releases-2022-16\/#breadcrumb","itemListElement":[{"@type":"ListItem","position":1,"name":"Startseite","item":"https:\/\/www.dramfolks-whisky-auction.com\/fr\/"},{"@type":"ListItem","position":2,"name":"Boutique","item":"https:\/\/www.dramfolks-whisky-auction.com\/fr\/boutique\/"},{"@type":"ListItem","position":3,"name":"Mortlach &#8211; Single Malt (Diageo Special Releases 2022)"}]},{"@type":"WebSite","@id":"https:\/\/www.dramfolks-whisky-auction.com\/fr\/#website","url":"https:\/\/www.dramfolks-whisky-auction.com\/fr\/","name":"Dramfolks Whisky Auction","description":"","potentialAction":[{"@type":"SearchAction","target":{"@type":"EntryPoint","urlTemplate":"https:\/\/www.dramfolks-whisky-auction.com\/fr\/?s={search_term_string}"},"query-input":{"@type":"PropertyValueSpecification","valueRequired":true,"valueName":"search_term_string"}}],"inLanguage":"fr-FR"}]}},"_links":{"self":[{"href":"https:\/\/www.dramfolks-whisky-auction.com\/fr\/wp-json\/wp\/v2\/product\/6727365","targetHints":{"allow":["GET"]}}],"collection":[{"href":"https:\/\/www.dramfolks-whisky-auction.com\/fr\/wp-json\/wp\/v2\/product"}],"about":[{"href":"https:\/\/www.dramfolks-whisky-auction.com\/fr\/wp-json\/wp\/v2\/types\/product"}],"replies":[{"embeddable":true,"href":"https:\/\/www.dramfolks-whisky-auction.com\/fr\/wp-json\/wp\/v2\/comments?post=6727365"}],"wp:featuredmedia":[{"embeddable":true,"href":"https:\/\/www.dramfolks-whisky-auction.com\/fr\/wp-json\/wp\/v2\/media\/529682"}],"wp:attachment":[{"href":"https:\/\/www.dramfolks-whisky-auction.com\/fr\/wp-json\/wp\/v2\/media?parent=6727365"}],"wp:term":[{"taxonomy":"product_brand","embeddable":true,"href":"https:\/\/www.dramfolks-whisky-auction.com\/fr\/wp-json\/wp\/v2\/product_brand?post=6727365"},{"taxonomy":"product_cat","embeddable":true,"href":"https:\/\/www.dramfolks-whisky-auction.com\/fr\/wp-json\/wp\/v2\/product_cat?post=6727365"},{"taxonomy":"product_tag","embeddable":true,"href":"https:\/\/www.dramfolks-whisky-auction.com\/fr\/wp-json\/wp\/v2\/product_tag?post=6727365"}],"curies":[{"name":"wp","href":"https:\/\/api.w.org\/{rel}","templated":true}]}}