{"id":6727364,"date":"2025-12-20T06:59:52","date_gmt":"2025-12-20T05:59:52","guid":{"rendered":"https:\/\/www.dramfolks-whisky-auction.com\/?post_type=product&#038;p=6727364"},"modified":"2026-01-04T19:30:03","modified_gmt":"2026-01-04T18:30:03","slug":"ardnamurchan-ad-cask-strength-release-2023-11","status":"publish","type":"product","link":"https:\/\/www.dramfolks-whisky-auction.com\/fr\/product\/ardnamurchan-ad-cask-strength-release-2023-11\/","title":{"rendered":"Ardnamurchan &#8211; AD\/ Cask Strength Release 2023"},"content":{"rendered":"<p><strong>Destille: Ardnamurchan<\/strong><br \/>\nDie Ardnamurchan Destillerie liegt auf der gleichnamigen Halbinsel im Ort Glenbeg in den schottischen Highlands. Die junge Ardnamurchan Distillery tr\u00e4gt den Namen einer bereits im 19. Jahrhundert existierenden Brennerei. Die 1826 erbaute Ardnamurchan Distillery lag, entgegen der Namensgebung, keineswegs auf der Halbinsel, sondern in Glasgow in den Lowlands. Das Unternehmen Adelphi plante den Bau einer eigenen Brennerei in der N\u00e4he des Hauptsitzes des Unternehmens in Glenborrodale Castle auf der Ardnamurchan Halbinsel. Auf Grund der geographischen und historischen Verbindung zu Ardnamurchan, lag die Wiederbelebung des Namens f\u00fcr Adelphi auf der Hand. Die <span class=\"tx-datamintslossaryextension-no-replacement\">Brennerei<\/span> setzte von Beginn an auf eine nachhaltige Produktion. Da <span class=\"tx-datamintslossaryextension-no-replacement\">Whisky<\/span> ein Naturprodukt ist, sollte sich dies auch in der Verarbeitung widerspiegeln. Es wird beim Betrieb der <span class=\"tx-datamintslossaryextension-no-replacement\">Destillerie<\/span> daher vollst\u00e4ndig auf lokale regenerative Energien gesetzt. Der Fluss Glenmore, der das K\u00fchlwasser der Brennerei liefert, wird auch zur Stromerzeugung per Wasserkraft eingesetzt. Ein Biomasse-Kessel wird durch Hackschnitzel aus der lokalen Forstwirtschaft betrieben. Zus\u00e4tzlich recycelt Ardnamurchan die Nebenprodukte, die bei der Whiskyherstellung entstehen: Die immer noch energiereichen \u00dcberreste der Gerste werden verwendet, um das gesamte Vieh auf der Halbinsel zu f\u00fcttern und das zur\u00fcck bleibende Pot Ale (aus den Pot Stills) wird als D\u00fcnger eingesetzt.<\/p>\n<p><strong>Fun fact 1: <\/strong>Der Bau der Brennerei erwies sich als ein abenteuerliches Projekt. Wer die Achterbahnfahrt zur Brennerei einmal hinter sich gebracht hat, wird sich kaum vorstellen k\u00f6nnen, wie Lastwagen mit schwerem Ger\u00e4t ihren Weg zum Brennereigel\u00e4nde gefunden haben sollen. Am 25.06.2014 bef\u00fcllte Prinzessin Anne schlie\u00dflich pers\u00f6nlich das erste Fass der Brennerei. So wurde ein gutes Jahrhundert nach der Schlie\u00dfung der alten Malt Whisky Brennerei, die Ardnamurchan Distillery an dem Ort wiederbelebt, wo sie ihres Namens nach hingeh\u00f6rt.<\/p>\n<p><strong>Fun fact 2:<\/strong> Ardnamurchan ist die erste schottische Destillerie, die die Blockchain-Technologie einsetzt, um ein unbestechliches Hauptbuch ihrer gesamten Liefer- und Produktionskette zu erstellen. Dieses Hauptbuch ist f\u00fcr den Verbraucher durch Scannen des QR-Codes auf der Flasche zug\u00e4nglich und bietet ein vollst\u00e4ndig transparentes Tagebuch der Reise jedes Whiskys vom Feld bis zur Flasche.<\/p>\n<p><strong>Whisky\/Whiskey: AD\/ Cask Strength Release 2023<br \/>\n<\/strong>Der Ardnamurchan AD\/ Cask Strength Release ist ein schottischer Single Malt Whisky, welcher auf 13.683 Flaschen limitiert ist. Abgef\u00fcllt in umweltbewusst produzierten Flaschen mit 54% recyceltem Glas vereint dieser Whisky 90% in Bourbon- und 10% in Sherryf\u00e4ssern gereiften Alkohol, unverf\u00e4lscht durch ungek\u00fchlte Filtration und ohne Zusatz von Farbstoffen. Mit einem Alkoholgehalt von 58,1% Vol. bietet er ein intensives Geschmackserlebnis mit Noten von maritimem Torfrauch, cremiger Vanille und Zitrusfr\u00fcchten in der Nase, reifem Kernobst und Eichenw\u00fcrze am Gaumen und einem langanhaltenden, leicht salzigen Finish. Die Integration von Blockchain-Technologie unterstreicht dabei das moderne Engagement der Brennerei f\u00fcr Authentizit\u00e4t und Transparenz.<\/p>\n<p><strong>Info Qualit\u00e4t der Flasche:<\/strong> Exzellent &#8211; ohne Besch\u00e4digungen \/ <strong>F\u00fcllstand:<\/strong> Top shoulder<br \/>\n<strong>Info Qualit\u00e4t der Box:<\/strong> keine Box vorhanden<\/p>\n<p><strong>Wichtiger Hinweis:<\/strong> Die Bewertung der Flaschen und Boxen erfolgt nach \u201ebesten Wissen und Gewissen\u201c. dramfolks kann keine Gew\u00e4hrleistung f\u00fcr den Inhalt der Flaschen \u00fcbernehmen. Weitere Infos &amp; Hinweise finden Sie in unseren AGBs. Wir empfehlen Ihnen, vor der Abgabe von Geboten \u00fcber die Zoomfunktion eine Besichtigung \/ genaue Pr\u00fcfung des angebotenen Whiskys vorzunehmen. Bitte kontaktieren sie uns bei Fragen direkt unter info@dramfolks.com<\/p>\n","protected":false},"excerpt":{"rendered":"<p>Destille: Ardnamurchan Die Ardnamurchan Destillerie liegt auf der gleichnamigen Halbinsel im Ort Glenbeg in den schottischen Highlands. Die junge Ardnamurchan Distillery tr\u00e4gt den Namen einer bereits im 19. Jahrhundert existierenden Brennerei. Die 1826 erbaute Ardnamurchan Distillery lag, entgegen der Namensgebung, keineswegs auf der Halbinsel, sondern in Glasgow in den Lowlands. Das Unternehmen Adelphi plante den[&#8230;]\n","protected":false},"featured_media":536401,"comment_status":"closed","ping_status":"closed","template":"","meta":[],"product_brand":[],"product_cat":[1282],"product_tag":[],"class_list":{"0":"post-6727364","1":"product","2":"type-product","3":"status-publish","4":"has-post-thumbnail","6":"product_cat-no-22","8":"first","9":"instock","10":"shipping-taxable","11":"purchasable","12":"product-type-auction"},"yoast_head":"<!-- This site is optimized with the Yoast SEO plugin v27.0 - https:\/\/yoast.com\/product\/yoast-seo-wordpress\/ -->\n<title>Ardnamurchan - AD\/ Cask Strength Release 2023 - Dramfolks Whisky Auction<\/title>\n<meta name=\"robots\" content=\"index, follow, max-snippet:-1, max-image-preview:large, max-video-preview:-1\" \/>\n<link rel=\"canonical\" href=\"https:\/\/www.dramfolks-whisky-auction.com\/fr\/product\/ardnamurchan-ad-cask-strength-release-2023-11\/\" \/>\n<meta property=\"og:locale\" content=\"fr_FR\" \/>\n<meta property=\"og:type\" content=\"article\" \/>\n<meta property=\"og:title\" content=\"Ardnamurchan - AD\/ Cask Strength Release 2023 - Dramfolks Whisky Auction\" \/>\n<meta property=\"og:description\" content=\"Destille: Ardnamurchan Die Ardnamurchan Destillerie liegt auf der gleichnamigen Halbinsel im Ort Glenbeg in den schottischen Highlands. Die junge Ardnamurchan Distillery tr\u00e4gt den Namen einer bereits im 19. Jahrhundert existierenden Brennerei. Die 1826 erbaute Ardnamurchan Distillery lag, entgegen der Namensgebung, keineswegs auf der Halbinsel, sondern in Glasgow in den Lowlands. Das Unternehmen Adelphi plante den[...]\" \/>\n<meta property=\"og:url\" content=\"https:\/\/www.dramfolks-whisky-auction.com\/fr\/product\/ardnamurchan-ad-cask-strength-release-2023-11\/\" \/>\n<meta property=\"og:site_name\" content=\"Dramfolks Whisky Auction\" \/>\n<meta property=\"article:modified_time\" content=\"2026-01-04T18:30:03+00:00\" \/>\n<meta property=\"og:image\" content=\"https:\/\/www.dramfolks-whisky-auction.com\/wp-content\/uploads\/2024\/09\/Ardnamurchan-vorne-scaled.jpg\" \/>\n\t<meta property=\"og:image:width\" content=\"2560\" \/>\n\t<meta property=\"og:image:height\" content=\"2560\" \/>\n\t<meta property=\"og:image:type\" content=\"image\/jpeg\" \/>\n<meta name=\"twitter:card\" content=\"summary_large_image\" \/>\n<meta name=\"twitter:label1\" content=\"Dur\u00e9e de lecture estim\u00e9e\" \/>\n\t<meta name=\"twitter:data1\" content=\"4 minutes\" \/>\n<script type=\"application\/ld+json\" class=\"yoast-schema-graph\">{\"@context\":\"https:\/\/schema.org\",\"@graph\":[{\"@type\":\"WebPage\",\"@id\":\"https:\/\/www.dramfolks-whisky-auction.com\/fr\/product\/ardnamurchan-ad-cask-strength-release-2023-11\/\",\"url\":\"https:\/\/www.dramfolks-whisky-auction.com\/fr\/product\/ardnamurchan-ad-cask-strength-release-2023-11\/\",\"name\":\"Ardnamurchan - AD\/ Cask Strength Release 2023 - Dramfolks Whisky Auction\",\"isPartOf\":{\"@id\":\"https:\/\/www.dramfolks-whisky-auction.com\/fr\/#website\"},\"primaryImageOfPage\":{\"@id\":\"https:\/\/www.dramfolks-whisky-auction.com\/fr\/product\/ardnamurchan-ad-cask-strength-release-2023-11\/#primaryimage\"},\"image\":{\"@id\":\"https:\/\/www.dramfolks-whisky-auction.com\/fr\/product\/ardnamurchan-ad-cask-strength-release-2023-11\/#primaryimage\"},\"thumbnailUrl\":\"https:\/\/www.dramfolks-whisky-auction.com\/wp-content\/uploads\/2024\/09\/Ardnamurchan-vorne-scaled.jpg\",\"datePublished\":\"2025-12-20T05:59:52+00:00\",\"dateModified\":\"2026-01-04T18:30:03+00:00\",\"breadcrumb\":{\"@id\":\"https:\/\/www.dramfolks-whisky-auction.com\/fr\/product\/ardnamurchan-ad-cask-strength-release-2023-11\/#breadcrumb\"},\"inLanguage\":\"fr-FR\",\"potentialAction\":[{\"@type\":\"ReadAction\",\"target\":[\"https:\/\/www.dramfolks-whisky-auction.com\/fr\/product\/ardnamurchan-ad-cask-strength-release-2023-11\/\"]}]},{\"@type\":\"ImageObject\",\"inLanguage\":\"fr-FR\",\"@id\":\"https:\/\/www.dramfolks-whisky-auction.com\/fr\/product\/ardnamurchan-ad-cask-strength-release-2023-11\/#primaryimage\",\"url\":\"https:\/\/www.dramfolks-whisky-auction.com\/wp-content\/uploads\/2024\/09\/Ardnamurchan-vorne-scaled.jpg\",\"contentUrl\":\"https:\/\/www.dramfolks-whisky-auction.com\/wp-content\/uploads\/2024\/09\/Ardnamurchan-vorne-scaled.jpg\",\"width\":2560,\"height\":2560},{\"@type\":\"BreadcrumbList\",\"@id\":\"https:\/\/www.dramfolks-whisky-auction.com\/fr\/product\/ardnamurchan-ad-cask-strength-release-2023-11\/#breadcrumb\",\"itemListElement\":[{\"@type\":\"ListItem\",\"position\":1,\"name\":\"Startseite\",\"item\":\"https:\/\/www.dramfolks-whisky-auction.com\/fr\/\"},{\"@type\":\"ListItem\",\"position\":2,\"name\":\"Boutique\",\"item\":\"https:\/\/www.dramfolks-whisky-auction.com\/fr\/boutique\/\"},{\"@type\":\"ListItem\",\"position\":3,\"name\":\"Ardnamurchan &#8211; AD\/ Cask Strength Release 2023\"}]},{\"@type\":\"WebSite\",\"@id\":\"https:\/\/www.dramfolks-whisky-auction.com\/fr\/#website\",\"url\":\"https:\/\/www.dramfolks-whisky-auction.com\/fr\/\",\"name\":\"Dramfolks Whisky Auction\",\"description\":\"\",\"potentialAction\":[{\"@type\":\"SearchAction\",\"target\":{\"@type\":\"EntryPoint\",\"urlTemplate\":\"https:\/\/www.dramfolks-whisky-auction.com\/fr\/?s={search_term_string}\"},\"query-input\":{\"@type\":\"PropertyValueSpecification\",\"valueRequired\":true,\"valueName\":\"search_term_string\"}}],\"inLanguage\":\"fr-FR\"}]}<\/script>\n<!-- \/ Yoast SEO plugin. -->","yoast_head_json":{"title":"Ardnamurchan - AD\/ Cask Strength Release 2023 - Dramfolks Whisky Auction","robots":{"index":"index","follow":"follow","max-snippet":"max-snippet:-1","max-image-preview":"max-image-preview:large","max-video-preview":"max-video-preview:-1"},"canonical":"https:\/\/www.dramfolks-whisky-auction.com\/fr\/product\/ardnamurchan-ad-cask-strength-release-2023-11\/","og_locale":"fr_FR","og_type":"article","og_title":"Ardnamurchan - AD\/ Cask Strength Release 2023 - Dramfolks Whisky Auction","og_description":"Destille: Ardnamurchan Die Ardnamurchan Destillerie liegt auf der gleichnamigen Halbinsel im Ort Glenbeg in den schottischen Highlands. Die junge Ardnamurchan Distillery tr\u00e4gt den Namen einer bereits im 19. Jahrhundert existierenden Brennerei. Die 1826 erbaute Ardnamurchan Distillery lag, entgegen der Namensgebung, keineswegs auf der Halbinsel, sondern in Glasgow in den Lowlands. Das Unternehmen Adelphi plante den[...]","og_url":"https:\/\/www.dramfolks-whisky-auction.com\/fr\/product\/ardnamurchan-ad-cask-strength-release-2023-11\/","og_site_name":"Dramfolks Whisky Auction","article_modified_time":"2026-01-04T18:30:03+00:00","og_image":[{"width":2560,"height":2560,"url":"https:\/\/www.dramfolks-whisky-auction.com\/wp-content\/uploads\/2024\/09\/Ardnamurchan-vorne-scaled.jpg","type":"image\/jpeg"}],"twitter_card":"summary_large_image","twitter_misc":{"Dur\u00e9e de lecture estim\u00e9e":"4 minutes"},"schema":{"@context":"https:\/\/schema.org","@graph":[{"@type":"WebPage","@id":"https:\/\/www.dramfolks-whisky-auction.com\/fr\/product\/ardnamurchan-ad-cask-strength-release-2023-11\/","url":"https:\/\/www.dramfolks-whisky-auction.com\/fr\/product\/ardnamurchan-ad-cask-strength-release-2023-11\/","name":"Ardnamurchan - AD\/ Cask Strength Release 2023 - Dramfolks Whisky Auction","isPartOf":{"@id":"https:\/\/www.dramfolks-whisky-auction.com\/fr\/#website"},"primaryImageOfPage":{"@id":"https:\/\/www.dramfolks-whisky-auction.com\/fr\/product\/ardnamurchan-ad-cask-strength-release-2023-11\/#primaryimage"},"image":{"@id":"https:\/\/www.dramfolks-whisky-auction.com\/fr\/product\/ardnamurchan-ad-cask-strength-release-2023-11\/#primaryimage"},"thumbnailUrl":"https:\/\/www.dramfolks-whisky-auction.com\/wp-content\/uploads\/2024\/09\/Ardnamurchan-vorne-scaled.jpg","datePublished":"2025-12-20T05:59:52+00:00","dateModified":"2026-01-04T18:30:03+00:00","breadcrumb":{"@id":"https:\/\/www.dramfolks-whisky-auction.com\/fr\/product\/ardnamurchan-ad-cask-strength-release-2023-11\/#breadcrumb"},"inLanguage":"fr-FR","potentialAction":[{"@type":"ReadAction","target":["https:\/\/www.dramfolks-whisky-auction.com\/fr\/product\/ardnamurchan-ad-cask-strength-release-2023-11\/"]}]},{"@type":"ImageObject","inLanguage":"fr-FR","@id":"https:\/\/www.dramfolks-whisky-auction.com\/fr\/product\/ardnamurchan-ad-cask-strength-release-2023-11\/#primaryimage","url":"https:\/\/www.dramfolks-whisky-auction.com\/wp-content\/uploads\/2024\/09\/Ardnamurchan-vorne-scaled.jpg","contentUrl":"https:\/\/www.dramfolks-whisky-auction.com\/wp-content\/uploads\/2024\/09\/Ardnamurchan-vorne-scaled.jpg","width":2560,"height":2560},{"@type":"BreadcrumbList","@id":"https:\/\/www.dramfolks-whisky-auction.com\/fr\/product\/ardnamurchan-ad-cask-strength-release-2023-11\/#breadcrumb","itemListElement":[{"@type":"ListItem","position":1,"name":"Startseite","item":"https:\/\/www.dramfolks-whisky-auction.com\/fr\/"},{"@type":"ListItem","position":2,"name":"Boutique","item":"https:\/\/www.dramfolks-whisky-auction.com\/fr\/boutique\/"},{"@type":"ListItem","position":3,"name":"Ardnamurchan &#8211; AD\/ Cask Strength Release 2023"}]},{"@type":"WebSite","@id":"https:\/\/www.dramfolks-whisky-auction.com\/fr\/#website","url":"https:\/\/www.dramfolks-whisky-auction.com\/fr\/","name":"Dramfolks Whisky Auction","description":"","potentialAction":[{"@type":"SearchAction","target":{"@type":"EntryPoint","urlTemplate":"https:\/\/www.dramfolks-whisky-auction.com\/fr\/?s={search_term_string}"},"query-input":{"@type":"PropertyValueSpecification","valueRequired":true,"valueName":"search_term_string"}}],"inLanguage":"fr-FR"}]}},"_links":{"self":[{"href":"https:\/\/www.dramfolks-whisky-auction.com\/fr\/wp-json\/wp\/v2\/product\/6727364","targetHints":{"allow":["GET"]}}],"collection":[{"href":"https:\/\/www.dramfolks-whisky-auction.com\/fr\/wp-json\/wp\/v2\/product"}],"about":[{"href":"https:\/\/www.dramfolks-whisky-auction.com\/fr\/wp-json\/wp\/v2\/types\/product"}],"replies":[{"embeddable":true,"href":"https:\/\/www.dramfolks-whisky-auction.com\/fr\/wp-json\/wp\/v2\/comments?post=6727364"}],"wp:featuredmedia":[{"embeddable":true,"href":"https:\/\/www.dramfolks-whisky-auction.com\/fr\/wp-json\/wp\/v2\/media\/536401"}],"wp:attachment":[{"href":"https:\/\/www.dramfolks-whisky-auction.com\/fr\/wp-json\/wp\/v2\/media?parent=6727364"}],"wp:term":[{"taxonomy":"product_brand","embeddable":true,"href":"https:\/\/www.dramfolks-whisky-auction.com\/fr\/wp-json\/wp\/v2\/product_brand?post=6727364"},{"taxonomy":"product_cat","embeddable":true,"href":"https:\/\/www.dramfolks-whisky-auction.com\/fr\/wp-json\/wp\/v2\/product_cat?post=6727364"},{"taxonomy":"product_tag","embeddable":true,"href":"https:\/\/www.dramfolks-whisky-auction.com\/fr\/wp-json\/wp\/v2\/product_tag?post=6727364"}],"curies":[{"name":"wp","href":"https:\/\/api.w.org\/{rel}","templated":true}]}}