{"id":6727356,"date":"2025-12-20T06:36:36","date_gmt":"2025-12-20T05:36:36","guid":{"rendered":"https:\/\/www.dramfolks-whisky-auction.com\/?post_type=product&#038;p=6727356"},"modified":"2026-02-11T23:58:28","modified_gmt":"2026-02-11T22:58:28","slug":"smokehead-peated-islay-single-malt-whisky-11","status":"publish","type":"product","link":"https:\/\/www.dramfolks-whisky-auction.com\/fr\/product\/smokehead-peated-islay-single-malt-whisky-11\/","title":{"rendered":"Smokehead Peated Islay Single Malt Whisky"},"content":{"rendered":"<p><strong>Destille: &#8211;<br \/>\n<\/strong>Der Smokehead Islay Single Malt, stammt aus einer nicht bekannten Destillerie, auf der Insel Islay.<\/p>\n<p><strong>Fun Fakt: <\/strong>&#8211;<\/p>\n<p><strong>Whisky\/Whiskey: Smokehead Peated Islay Single Malt Whisky<br \/>\n<\/strong>Der Smokehead Islay Single Malt, ist die Standardabf\u00fcllung des unabh\u00e4ngigen Abf\u00fcllers, Ian Macleod, aus der Smokehead Serie. Er besitzt ein reiches Aroma an Seetang, mit intensiv torfiger Note. Dabei wirkt er sehr frisch und fruchtig, mit einer fein balancierten Note von Sherry, Jod und Toffee. Dieser zeitgen\u00f6ssische Single Malt Whisky ist in einer sch\u00f6nen Metal Tube verpackt und eignet sich perfekt. Der Smokehead ist Gewinner von 2 Goldamedaillen des prestigetr\u00e4chtigen Ambrosia Awards 2015 in Gurgaon \/ Indien &#8211; einmal in der Kategorie Produkt des Jahres und das zweite Gold gab es f\u00fcr die Kategorie Verpackungsdesign.<\/p>\n<p><strong>Sidenote zum Abf\u00fcller:<\/strong> Ian Macleod? Bitte wer? M\u00f6gen viele denken\u2026 Dabei ist die Wahrscheinlichkeit hoch, schon einmal einen Whisky aus diesem Hause getrunken zu haben. 1933 von dem Whiskyh\u00e4ndler Leonard J. Russell gegr\u00fcndet und auch heute noch im Besitz der Familie, geh\u00f6rt Ian Macleod Distillers zu den wichtigsten und vielseitigsten Unternehmen der Whiskybranche. Ob Malt Whiskys aus eigener Destillerie (Tamdhu und Glengoyne), unabh\u00e4ngige Abf\u00fcllungen andere Single Malts, Vatted Malts oder unterschiedlichste Blended Scotch Whiskies: Das alles gibt es von Ian Macleod.<\/p>\n<p><strong>Info Qualit\u00e4t der Flasche:<\/strong> Exzellent &#8211; ohne Besch\u00e4digungen \/ <strong>F\u00fcllstand:<\/strong> High fill<br \/>\n<strong>Info Qualit\u00e4t der Box:\u00a0<\/strong>Exzellent &#8211; ohne Besch\u00e4digungen<\/p>\n<p><strong>Wichtiger Hinweis:<\/strong> Die Bewertung der Flaschen und Boxen erfolgt nach \u201ebesten Wissen und Gewissen\u201c. dramfolks kann keine Gew\u00e4hrleistung f\u00fcr den Inhalt der Flaschen \u00fcbernehmen. Weitere Infos &amp; Hinweise finden Sie in unseren AGBs. Wir empfehlen Ihnen, vor der Abgabe von Geboten \u00fcber die Zoomfunktion eine Besichtigung \/ genaue Pr\u00fcfung des angebotenen Whiskys vorzunehmen. Bitte kontaktieren sie uns bei Fragen direkt unter info@dramfolks.com<\/p>\n","protected":false},"excerpt":{"rendered":"<p>Destille: &#8211; Der Smokehead Islay Single Malt, stammt aus einer nicht bekannten Destillerie, auf der Insel Islay. Fun Fakt: &#8211; Whisky\/Whiskey: Smokehead Peated Islay Single Malt Whisky Der Smokehead Islay Single Malt, ist die Standardabf\u00fcllung des unabh\u00e4ngigen Abf\u00fcllers, Ian Macleod, aus der Smokehead Serie. Er besitzt ein reiches Aroma an Seetang, mit intensiv torfiger Note.[&#8230;]\n","protected":false},"featured_media":857912,"comment_status":"closed","ping_status":"closed","template":"","meta":[],"product_brand":[],"product_cat":[1282],"product_tag":[],"class_list":{"0":"post-6727356","1":"product","2":"type-product","3":"status-publish","4":"has-post-thumbnail","6":"product_cat-no-22","8":"first","9":"instock","10":"shipping-taxable","11":"purchasable","12":"product-type-auction"},"yoast_head":"<!-- This site is optimized with the Yoast SEO plugin v27.0 - https:\/\/yoast.com\/product\/yoast-seo-wordpress\/ -->\n<title>Smokehead Peated Islay Single Malt Whisky - Dramfolks Whisky Auction<\/title>\n<meta name=\"robots\" content=\"index, follow, max-snippet:-1, max-image-preview:large, max-video-preview:-1\" \/>\n<link rel=\"canonical\" href=\"https:\/\/www.dramfolks-whisky-auction.com\/fr\/product\/smokehead-peated-islay-single-malt-whisky-11\/\" \/>\n<meta property=\"og:locale\" content=\"fr_FR\" \/>\n<meta property=\"og:type\" content=\"article\" \/>\n<meta property=\"og:title\" content=\"Smokehead Peated Islay Single Malt Whisky - Dramfolks Whisky Auction\" \/>\n<meta property=\"og:description\" content=\"Destille: &#8211; Der Smokehead Islay Single Malt, stammt aus einer nicht bekannten Destillerie, auf der Insel Islay. Fun Fakt: &#8211; Whisky\/Whiskey: Smokehead Peated Islay Single Malt Whisky Der Smokehead Islay Single Malt, ist die Standardabf\u00fcllung des unabh\u00e4ngigen Abf\u00fcllers, Ian Macleod, aus der Smokehead Serie. Er besitzt ein reiches Aroma an Seetang, mit intensiv torfiger Note.[...]\" \/>\n<meta property=\"og:url\" content=\"https:\/\/www.dramfolks-whisky-auction.com\/fr\/product\/smokehead-peated-islay-single-malt-whisky-11\/\" \/>\n<meta property=\"og:site_name\" content=\"Dramfolks Whisky Auction\" \/>\n<meta property=\"article:modified_time\" content=\"2026-02-11T22:58:28+00:00\" \/>\n<meta property=\"og:image\" content=\"https:\/\/www.dramfolks-whisky-auction.com\/wp-content\/uploads\/2024\/11\/Smokehead-vorne-scaled.jpg\" \/>\n\t<meta property=\"og:image:width\" content=\"2560\" \/>\n\t<meta property=\"og:image:height\" content=\"2560\" \/>\n\t<meta property=\"og:image:type\" content=\"image\/jpeg\" \/>\n<meta name=\"twitter:card\" content=\"summary_large_image\" \/>\n<meta name=\"twitter:label1\" content=\"Dur\u00e9e de lecture estim\u00e9e\" \/>\n\t<meta name=\"twitter:data1\" content=\"2 minutes\" \/>\n<script type=\"application\/ld+json\" class=\"yoast-schema-graph\">{\"@context\":\"https:\/\/schema.org\",\"@graph\":[{\"@type\":\"WebPage\",\"@id\":\"https:\/\/www.dramfolks-whisky-auction.com\/fr\/product\/smokehead-peated-islay-single-malt-whisky-11\/\",\"url\":\"https:\/\/www.dramfolks-whisky-auction.com\/fr\/product\/smokehead-peated-islay-single-malt-whisky-11\/\",\"name\":\"Smokehead Peated Islay Single Malt Whisky - Dramfolks Whisky Auction\",\"isPartOf\":{\"@id\":\"https:\/\/www.dramfolks-whisky-auction.com\/fr\/#website\"},\"primaryImageOfPage\":{\"@id\":\"https:\/\/www.dramfolks-whisky-auction.com\/fr\/product\/smokehead-peated-islay-single-malt-whisky-11\/#primaryimage\"},\"image\":{\"@id\":\"https:\/\/www.dramfolks-whisky-auction.com\/fr\/product\/smokehead-peated-islay-single-malt-whisky-11\/#primaryimage\"},\"thumbnailUrl\":\"https:\/\/www.dramfolks-whisky-auction.com\/wp-content\/uploads\/2024\/11\/Smokehead-vorne-scaled.jpg\",\"datePublished\":\"2025-12-20T05:36:36+00:00\",\"dateModified\":\"2026-02-11T22:58:28+00:00\",\"breadcrumb\":{\"@id\":\"https:\/\/www.dramfolks-whisky-auction.com\/fr\/product\/smokehead-peated-islay-single-malt-whisky-11\/#breadcrumb\"},\"inLanguage\":\"fr-FR\",\"potentialAction\":[{\"@type\":\"ReadAction\",\"target\":[\"https:\/\/www.dramfolks-whisky-auction.com\/fr\/product\/smokehead-peated-islay-single-malt-whisky-11\/\"]}]},{\"@type\":\"ImageObject\",\"inLanguage\":\"fr-FR\",\"@id\":\"https:\/\/www.dramfolks-whisky-auction.com\/fr\/product\/smokehead-peated-islay-single-malt-whisky-11\/#primaryimage\",\"url\":\"https:\/\/www.dramfolks-whisky-auction.com\/wp-content\/uploads\/2024\/11\/Smokehead-vorne-scaled.jpg\",\"contentUrl\":\"https:\/\/www.dramfolks-whisky-auction.com\/wp-content\/uploads\/2024\/11\/Smokehead-vorne-scaled.jpg\",\"width\":2560,\"height\":2560},{\"@type\":\"BreadcrumbList\",\"@id\":\"https:\/\/www.dramfolks-whisky-auction.com\/fr\/product\/smokehead-peated-islay-single-malt-whisky-11\/#breadcrumb\",\"itemListElement\":[{\"@type\":\"ListItem\",\"position\":1,\"name\":\"Startseite\",\"item\":\"https:\/\/www.dramfolks-whisky-auction.com\/fr\/\"},{\"@type\":\"ListItem\",\"position\":2,\"name\":\"Boutique\",\"item\":\"https:\/\/www.dramfolks-whisky-auction.com\/fr\/boutique\/\"},{\"@type\":\"ListItem\",\"position\":3,\"name\":\"Smokehead Peated Islay Single Malt Whisky\"}]},{\"@type\":\"WebSite\",\"@id\":\"https:\/\/www.dramfolks-whisky-auction.com\/fr\/#website\",\"url\":\"https:\/\/www.dramfolks-whisky-auction.com\/fr\/\",\"name\":\"Dramfolks Whisky Auction\",\"description\":\"\",\"potentialAction\":[{\"@type\":\"SearchAction\",\"target\":{\"@type\":\"EntryPoint\",\"urlTemplate\":\"https:\/\/www.dramfolks-whisky-auction.com\/fr\/?s={search_term_string}\"},\"query-input\":{\"@type\":\"PropertyValueSpecification\",\"valueRequired\":true,\"valueName\":\"search_term_string\"}}],\"inLanguage\":\"fr-FR\"}]}<\/script>\n<!-- \/ Yoast SEO plugin. -->","yoast_head_json":{"title":"Smokehead Peated Islay Single Malt Whisky - Dramfolks Whisky Auction","robots":{"index":"index","follow":"follow","max-snippet":"max-snippet:-1","max-image-preview":"max-image-preview:large","max-video-preview":"max-video-preview:-1"},"canonical":"https:\/\/www.dramfolks-whisky-auction.com\/fr\/product\/smokehead-peated-islay-single-malt-whisky-11\/","og_locale":"fr_FR","og_type":"article","og_title":"Smokehead Peated Islay Single Malt Whisky - Dramfolks Whisky Auction","og_description":"Destille: &#8211; Der Smokehead Islay Single Malt, stammt aus einer nicht bekannten Destillerie, auf der Insel Islay. Fun Fakt: &#8211; Whisky\/Whiskey: Smokehead Peated Islay Single Malt Whisky Der Smokehead Islay Single Malt, ist die Standardabf\u00fcllung des unabh\u00e4ngigen Abf\u00fcllers, Ian Macleod, aus der Smokehead Serie. Er besitzt ein reiches Aroma an Seetang, mit intensiv torfiger Note.[...]","og_url":"https:\/\/www.dramfolks-whisky-auction.com\/fr\/product\/smokehead-peated-islay-single-malt-whisky-11\/","og_site_name":"Dramfolks Whisky Auction","article_modified_time":"2026-02-11T22:58:28+00:00","og_image":[{"width":2560,"height":2560,"url":"https:\/\/www.dramfolks-whisky-auction.com\/wp-content\/uploads\/2024\/11\/Smokehead-vorne-scaled.jpg","type":"image\/jpeg"}],"twitter_card":"summary_large_image","twitter_misc":{"Dur\u00e9e de lecture estim\u00e9e":"2 minutes"},"schema":{"@context":"https:\/\/schema.org","@graph":[{"@type":"WebPage","@id":"https:\/\/www.dramfolks-whisky-auction.com\/fr\/product\/smokehead-peated-islay-single-malt-whisky-11\/","url":"https:\/\/www.dramfolks-whisky-auction.com\/fr\/product\/smokehead-peated-islay-single-malt-whisky-11\/","name":"Smokehead Peated Islay Single Malt Whisky - Dramfolks Whisky Auction","isPartOf":{"@id":"https:\/\/www.dramfolks-whisky-auction.com\/fr\/#website"},"primaryImageOfPage":{"@id":"https:\/\/www.dramfolks-whisky-auction.com\/fr\/product\/smokehead-peated-islay-single-malt-whisky-11\/#primaryimage"},"image":{"@id":"https:\/\/www.dramfolks-whisky-auction.com\/fr\/product\/smokehead-peated-islay-single-malt-whisky-11\/#primaryimage"},"thumbnailUrl":"https:\/\/www.dramfolks-whisky-auction.com\/wp-content\/uploads\/2024\/11\/Smokehead-vorne-scaled.jpg","datePublished":"2025-12-20T05:36:36+00:00","dateModified":"2026-02-11T22:58:28+00:00","breadcrumb":{"@id":"https:\/\/www.dramfolks-whisky-auction.com\/fr\/product\/smokehead-peated-islay-single-malt-whisky-11\/#breadcrumb"},"inLanguage":"fr-FR","potentialAction":[{"@type":"ReadAction","target":["https:\/\/www.dramfolks-whisky-auction.com\/fr\/product\/smokehead-peated-islay-single-malt-whisky-11\/"]}]},{"@type":"ImageObject","inLanguage":"fr-FR","@id":"https:\/\/www.dramfolks-whisky-auction.com\/fr\/product\/smokehead-peated-islay-single-malt-whisky-11\/#primaryimage","url":"https:\/\/www.dramfolks-whisky-auction.com\/wp-content\/uploads\/2024\/11\/Smokehead-vorne-scaled.jpg","contentUrl":"https:\/\/www.dramfolks-whisky-auction.com\/wp-content\/uploads\/2024\/11\/Smokehead-vorne-scaled.jpg","width":2560,"height":2560},{"@type":"BreadcrumbList","@id":"https:\/\/www.dramfolks-whisky-auction.com\/fr\/product\/smokehead-peated-islay-single-malt-whisky-11\/#breadcrumb","itemListElement":[{"@type":"ListItem","position":1,"name":"Startseite","item":"https:\/\/www.dramfolks-whisky-auction.com\/fr\/"},{"@type":"ListItem","position":2,"name":"Boutique","item":"https:\/\/www.dramfolks-whisky-auction.com\/fr\/boutique\/"},{"@type":"ListItem","position":3,"name":"Smokehead Peated Islay Single Malt Whisky"}]},{"@type":"WebSite","@id":"https:\/\/www.dramfolks-whisky-auction.com\/fr\/#website","url":"https:\/\/www.dramfolks-whisky-auction.com\/fr\/","name":"Dramfolks Whisky Auction","description":"","potentialAction":[{"@type":"SearchAction","target":{"@type":"EntryPoint","urlTemplate":"https:\/\/www.dramfolks-whisky-auction.com\/fr\/?s={search_term_string}"},"query-input":{"@type":"PropertyValueSpecification","valueRequired":true,"valueName":"search_term_string"}}],"inLanguage":"fr-FR"}]}},"_links":{"self":[{"href":"https:\/\/www.dramfolks-whisky-auction.com\/fr\/wp-json\/wp\/v2\/product\/6727356","targetHints":{"allow":["GET"]}}],"collection":[{"href":"https:\/\/www.dramfolks-whisky-auction.com\/fr\/wp-json\/wp\/v2\/product"}],"about":[{"href":"https:\/\/www.dramfolks-whisky-auction.com\/fr\/wp-json\/wp\/v2\/types\/product"}],"replies":[{"embeddable":true,"href":"https:\/\/www.dramfolks-whisky-auction.com\/fr\/wp-json\/wp\/v2\/comments?post=6727356"}],"wp:featuredmedia":[{"embeddable":true,"href":"https:\/\/www.dramfolks-whisky-auction.com\/fr\/wp-json\/wp\/v2\/media\/857912"}],"wp:attachment":[{"href":"https:\/\/www.dramfolks-whisky-auction.com\/fr\/wp-json\/wp\/v2\/media?parent=6727356"}],"wp:term":[{"taxonomy":"product_brand","embeddable":true,"href":"https:\/\/www.dramfolks-whisky-auction.com\/fr\/wp-json\/wp\/v2\/product_brand?post=6727356"},{"taxonomy":"product_cat","embeddable":true,"href":"https:\/\/www.dramfolks-whisky-auction.com\/fr\/wp-json\/wp\/v2\/product_cat?post=6727356"},{"taxonomy":"product_tag","embeddable":true,"href":"https:\/\/www.dramfolks-whisky-auction.com\/fr\/wp-json\/wp\/v2\/product_tag?post=6727356"}],"curies":[{"name":"wp","href":"https:\/\/api.w.org\/{rel}","templated":true}]}}