{"id":631947,"date":"2024-10-19T17:52:49","date_gmt":"2024-10-19T15:52:49","guid":{"rendered":"https:\/\/www.dramfolks-whisky-auction.com\/?post_type=product&#038;p=631947"},"modified":"2025-03-25T19:14:30","modified_gmt":"2025-03-25T18:14:30","slug":"highland-park-cask-strength-batch-2-2","status":"publish","type":"product","link":"https:\/\/www.dramfolks-whisky-auction.com\/fr\/product\/highland-park-cask-strength-batch-2-2\/","title":{"rendered":"Highland Park &#8211; Cask Strength Batch 2"},"content":{"rendered":"<p><strong>Destille: Highland Park<br \/>\n<\/strong>Highland Park Distillery ist eine Single Malt Scotch Whisky Destillerie in Kirkwall auf den Orkney Islands, Schottland. Die Urspr\u00fcnge der Highland Park Destillerie sind, wie so oft, \u00ab\u00a0Wolken aus Halbwahrheit und Whisky-Mythen\u00a0\u00bb. Es ist bis heute nicht ganz klar ob Highland Park vom ber\u00fchmten Priester und Schmuggler Magnus Eunson oder vom Farmer David Robertson gegr\u00fcndet wurde. Fakt ist, dass das reich verzierte, schmiedeeiserne Tor der Brennerei auf eine Geschichte von 1798 hinweist. Fakt ist auch, dass sie 1826 eine erste offizielle Lizenz zum Destillieren von Whisky bekamen. Highland Distillers \u00fcbernahmen 1937 die volle Kontrolle am Unternehmen, sodass Highland Park heute Teil der Edrington Group ist. Der Name der Brennerei bezieht sich nicht auf die schottischen Highlands, sondern auf die Tatsache, dass die Brennerei auf einem Gebiet namens \u00ab\u00a0High Park\u00a0\u00bb gegr\u00fcndet wurde, das sich von einem niedrigeren Gebiet in der N\u00e4he unterscheidet. Aktuelles j\u00e4hrliches Produktionsvolumen: ca. 2,5 Mio. Liter.<\/p>\n<p><strong>Fun Fakt: <\/strong>Highland Park Distillery ist die zweitn\u00f6rdlichste Single Malt Scotch Whisky Destillerie in Schottland (Kimbland Destillerie auf Sanday liegt 22 Meilen weiter n\u00f6rdlich).<strong><br \/>\nFun fact No.2: <\/strong>Sollte der oben beschriebene Mythos stimmen, dass Magnus Eunson Highland Park gegr\u00fcndet hat, dann ist dieser Eunson tags\u00fcber ein Metzger und Kirchenbeamte gewesen, der sich Nachts zu einem illegalen Destillateur &amp; Whiskyschmuggler \u00ab\u00a0verwandelt\u00a0\u00bb hat. 1798 wurde er beim illegalen Destillieren von Whisky auf dem heutigen Gel\u00e4nde erwischt.<\/p>\n<p><strong>Whisky\/Whiskey: Cask Strength Batch 2<br \/>\n<\/strong>Highland Park Cask Strength Batch 2 ist das zweite Batch der Cask Strength Abf\u00fcllungen. Neben dem etwas h\u00f6heren Alkoholgehalt von 63,9%, hat sich auch das Geschmacksprofil ver\u00e4ndert. Jedoch ist Release No 2 ebenso eine robuste und intensive Abf\u00fcllung von den Orkney Inseln. Das zweite Batch hat keine Altersangabe, enth\u00e4lt aber wahrscheinlich Whiskys zwischen zehn und zw\u00f6lf Jahren. Der edle Tropfen wird \u00fcberwiegend in Sherryf\u00e4sser ausgebaut und ein kleiner Teil verbringt die Reifezeit in ehemaligen Bourbon-F\u00e4ssern. Der Cask Strength Release No.2 hat eine intensive Tiefe, Komplexit\u00e4t und Balance. In der Nase aromatischer Torf, duftende Rosen, saftigen Birnen und am Gaumen feine Birnen- und Mandelkuchennoten, die unterlegt sind mit ger\u00f6steten Eichenaromen. Im langen Abgang zeigen sich Aromen von Lakritz, schwarzer Pfeffer und Anis.<\/p>\n<p><strong>Info Qualit\u00e4t der Flasche:<\/strong> Exzellent &#8211; ohne Besch\u00e4digungen \/ <strong>F\u00fcllstand:<\/strong> Into neck<br \/>\n<strong>Info Qualit\u00e4t der Box: <\/strong>keine Box vorhanden<\/p>\n<p><strong>Wichtiger Hinweis:<\/strong> Die Bewertung der Flaschen und Boxen erfolgt nach \u201ebesten Wissen und Gewissen\u201c. dramfolks kann keine Gew\u00e4hrleistung f\u00fcr den Inhalt der Flaschen \u00fcbernehmen. Weitere Infos &amp; Hinweise finden Sie in unseren AGBs. Wir empfehlen Ihnen, vor der Abgabe von Geboten \u00fcber die Zoomfunktion eine Besichtigung \/ genaue Pr\u00fcfung des angebotenen Whiskys vorzunehmen. Bitte kontaktieren sie uns bei Fragen direkt unter info@dramfolks.com<\/p>\n","protected":false},"excerpt":{"rendered":"<div class=\"product-short-description\">\n<p><strong>After-Auction-Market by dramfolks<\/strong><\/p>\n<p>Dies ist keine laufende Auktion! \u00dcber den \u201eJetzt Kaufen\u201c-Button direkt erwerben oder dein Gebot ist ein alternativer Preisvorschlag (Maximalgebot)!<\/p>\n<\/div>\n","protected":false},"featured_media":533539,"comment_status":"closed","ping_status":"closed","template":"","meta":[],"product_brand":[],"product_cat":[1099],"product_tag":[],"class_list":{"0":"post-631947","1":"product","2":"type-product","3":"status-publish","4":"has-post-thumbnail","6":"product_cat-aam-sold-out","8":"first","9":"instock","10":"shipping-taxable","11":"purchasable","12":"product-type-auction"},"yoast_head":"<!-- This site is optimized with the Yoast SEO plugin v27.0 - https:\/\/yoast.com\/product\/yoast-seo-wordpress\/ -->\n<title>Highland Park - Cask Strength Batch 2 - Dramfolks Whisky Auction<\/title>\n<meta name=\"robots\" content=\"index, follow, max-snippet:-1, max-image-preview:large, max-video-preview:-1\" \/>\n<link rel=\"canonical\" href=\"https:\/\/www.dramfolks-whisky-auction.com\/fr\/product\/highland-park-cask-strength-batch-2-2\/\" \/>\n<meta property=\"og:locale\" content=\"fr_FR\" \/>\n<meta property=\"og:type\" content=\"article\" \/>\n<meta property=\"og:title\" content=\"Highland Park - Cask Strength Batch 2 - Dramfolks Whisky Auction\" \/>\n<meta property=\"og:description\" content=\"After-Auction-Market by dramfolks  Dies ist keine laufende Auktion! \u00dcber den \u201eJetzt Kaufen\u201c-Button direkt erwerben oder dein Gebot ist ein alternativer Preisvorschlag (Maximalgebot)!\" \/>\n<meta property=\"og:url\" content=\"https:\/\/www.dramfolks-whisky-auction.com\/fr\/product\/highland-park-cask-strength-batch-2-2\/\" \/>\n<meta property=\"og:site_name\" content=\"Dramfolks Whisky Auction\" \/>\n<meta property=\"article:modified_time\" content=\"2025-03-25T18:14:30+00:00\" \/>\n<meta property=\"og:image\" content=\"https:\/\/www.dramfolks-whisky-auction.com\/wp-content\/uploads\/2024\/09\/Highland-Park-vorne-scaled.jpg\" \/>\n\t<meta property=\"og:image:width\" content=\"2560\" \/>\n\t<meta property=\"og:image:height\" content=\"2560\" \/>\n\t<meta property=\"og:image:type\" content=\"image\/jpeg\" \/>\n<meta name=\"twitter:card\" content=\"summary_large_image\" \/>\n<meta name=\"twitter:label1\" content=\"Dur\u00e9e de lecture estim\u00e9e\" \/>\n\t<meta name=\"twitter:data1\" content=\"3 minutes\" \/>\n<script type=\"application\/ld+json\" class=\"yoast-schema-graph\">{\"@context\":\"https:\/\/schema.org\",\"@graph\":[{\"@type\":\"WebPage\",\"@id\":\"https:\/\/www.dramfolks-whisky-auction.com\/fr\/product\/highland-park-cask-strength-batch-2-2\/\",\"url\":\"https:\/\/www.dramfolks-whisky-auction.com\/fr\/product\/highland-park-cask-strength-batch-2-2\/\",\"name\":\"Highland Park - Cask Strength Batch 2 - Dramfolks Whisky Auction\",\"isPartOf\":{\"@id\":\"https:\/\/www.dramfolks-whisky-auction.com\/fr\/#website\"},\"primaryImageOfPage\":{\"@id\":\"https:\/\/www.dramfolks-whisky-auction.com\/fr\/product\/highland-park-cask-strength-batch-2-2\/#primaryimage\"},\"image\":{\"@id\":\"https:\/\/www.dramfolks-whisky-auction.com\/fr\/product\/highland-park-cask-strength-batch-2-2\/#primaryimage\"},\"thumbnailUrl\":\"https:\/\/www.dramfolks-whisky-auction.com\/wp-content\/uploads\/2024\/09\/Highland-Park-vorne-scaled.jpg\",\"datePublished\":\"2024-10-19T15:52:49+00:00\",\"dateModified\":\"2025-03-25T18:14:30+00:00\",\"breadcrumb\":{\"@id\":\"https:\/\/www.dramfolks-whisky-auction.com\/fr\/product\/highland-park-cask-strength-batch-2-2\/#breadcrumb\"},\"inLanguage\":\"fr-FR\",\"potentialAction\":[{\"@type\":\"ReadAction\",\"target\":[\"https:\/\/www.dramfolks-whisky-auction.com\/fr\/product\/highland-park-cask-strength-batch-2-2\/\"]}]},{\"@type\":\"ImageObject\",\"inLanguage\":\"fr-FR\",\"@id\":\"https:\/\/www.dramfolks-whisky-auction.com\/fr\/product\/highland-park-cask-strength-batch-2-2\/#primaryimage\",\"url\":\"https:\/\/www.dramfolks-whisky-auction.com\/wp-content\/uploads\/2024\/09\/Highland-Park-vorne-scaled.jpg\",\"contentUrl\":\"https:\/\/www.dramfolks-whisky-auction.com\/wp-content\/uploads\/2024\/09\/Highland-Park-vorne-scaled.jpg\",\"width\":2560,\"height\":2560},{\"@type\":\"BreadcrumbList\",\"@id\":\"https:\/\/www.dramfolks-whisky-auction.com\/fr\/product\/highland-park-cask-strength-batch-2-2\/#breadcrumb\",\"itemListElement\":[{\"@type\":\"ListItem\",\"position\":1,\"name\":\"Startseite\",\"item\":\"https:\/\/www.dramfolks-whisky-auction.com\/fr\/\"},{\"@type\":\"ListItem\",\"position\":2,\"name\":\"Boutique\",\"item\":\"https:\/\/www.dramfolks-whisky-auction.com\/fr\/boutique\/\"},{\"@type\":\"ListItem\",\"position\":3,\"name\":\"Highland Park &#8211; Cask Strength Batch 2\"}]},{\"@type\":\"WebSite\",\"@id\":\"https:\/\/www.dramfolks-whisky-auction.com\/fr\/#website\",\"url\":\"https:\/\/www.dramfolks-whisky-auction.com\/fr\/\",\"name\":\"Dramfolks Whisky Auction\",\"description\":\"\",\"potentialAction\":[{\"@type\":\"SearchAction\",\"target\":{\"@type\":\"EntryPoint\",\"urlTemplate\":\"https:\/\/www.dramfolks-whisky-auction.com\/fr\/?s={search_term_string}\"},\"query-input\":{\"@type\":\"PropertyValueSpecification\",\"valueRequired\":true,\"valueName\":\"search_term_string\"}}],\"inLanguage\":\"fr-FR\"}]}<\/script>\n<!-- \/ Yoast SEO plugin. -->","yoast_head_json":{"title":"Highland Park - Cask Strength Batch 2 - Dramfolks Whisky Auction","robots":{"index":"index","follow":"follow","max-snippet":"max-snippet:-1","max-image-preview":"max-image-preview:large","max-video-preview":"max-video-preview:-1"},"canonical":"https:\/\/www.dramfolks-whisky-auction.com\/fr\/product\/highland-park-cask-strength-batch-2-2\/","og_locale":"fr_FR","og_type":"article","og_title":"Highland Park - Cask Strength Batch 2 - Dramfolks Whisky Auction","og_description":"After-Auction-Market by dramfolks  Dies ist keine laufende Auktion! \u00dcber den \u201eJetzt Kaufen\u201c-Button direkt erwerben oder dein Gebot ist ein alternativer Preisvorschlag (Maximalgebot)!","og_url":"https:\/\/www.dramfolks-whisky-auction.com\/fr\/product\/highland-park-cask-strength-batch-2-2\/","og_site_name":"Dramfolks Whisky Auction","article_modified_time":"2025-03-25T18:14:30+00:00","og_image":[{"width":2560,"height":2560,"url":"https:\/\/www.dramfolks-whisky-auction.com\/wp-content\/uploads\/2024\/09\/Highland-Park-vorne-scaled.jpg","type":"image\/jpeg"}],"twitter_card":"summary_large_image","twitter_misc":{"Dur\u00e9e de lecture estim\u00e9e":"3 minutes"},"schema":{"@context":"https:\/\/schema.org","@graph":[{"@type":"WebPage","@id":"https:\/\/www.dramfolks-whisky-auction.com\/fr\/product\/highland-park-cask-strength-batch-2-2\/","url":"https:\/\/www.dramfolks-whisky-auction.com\/fr\/product\/highland-park-cask-strength-batch-2-2\/","name":"Highland Park - Cask Strength Batch 2 - Dramfolks Whisky Auction","isPartOf":{"@id":"https:\/\/www.dramfolks-whisky-auction.com\/fr\/#website"},"primaryImageOfPage":{"@id":"https:\/\/www.dramfolks-whisky-auction.com\/fr\/product\/highland-park-cask-strength-batch-2-2\/#primaryimage"},"image":{"@id":"https:\/\/www.dramfolks-whisky-auction.com\/fr\/product\/highland-park-cask-strength-batch-2-2\/#primaryimage"},"thumbnailUrl":"https:\/\/www.dramfolks-whisky-auction.com\/wp-content\/uploads\/2024\/09\/Highland-Park-vorne-scaled.jpg","datePublished":"2024-10-19T15:52:49+00:00","dateModified":"2025-03-25T18:14:30+00:00","breadcrumb":{"@id":"https:\/\/www.dramfolks-whisky-auction.com\/fr\/product\/highland-park-cask-strength-batch-2-2\/#breadcrumb"},"inLanguage":"fr-FR","potentialAction":[{"@type":"ReadAction","target":["https:\/\/www.dramfolks-whisky-auction.com\/fr\/product\/highland-park-cask-strength-batch-2-2\/"]}]},{"@type":"ImageObject","inLanguage":"fr-FR","@id":"https:\/\/www.dramfolks-whisky-auction.com\/fr\/product\/highland-park-cask-strength-batch-2-2\/#primaryimage","url":"https:\/\/www.dramfolks-whisky-auction.com\/wp-content\/uploads\/2024\/09\/Highland-Park-vorne-scaled.jpg","contentUrl":"https:\/\/www.dramfolks-whisky-auction.com\/wp-content\/uploads\/2024\/09\/Highland-Park-vorne-scaled.jpg","width":2560,"height":2560},{"@type":"BreadcrumbList","@id":"https:\/\/www.dramfolks-whisky-auction.com\/fr\/product\/highland-park-cask-strength-batch-2-2\/#breadcrumb","itemListElement":[{"@type":"ListItem","position":1,"name":"Startseite","item":"https:\/\/www.dramfolks-whisky-auction.com\/fr\/"},{"@type":"ListItem","position":2,"name":"Boutique","item":"https:\/\/www.dramfolks-whisky-auction.com\/fr\/boutique\/"},{"@type":"ListItem","position":3,"name":"Highland Park &#8211; Cask Strength Batch 2"}]},{"@type":"WebSite","@id":"https:\/\/www.dramfolks-whisky-auction.com\/fr\/#website","url":"https:\/\/www.dramfolks-whisky-auction.com\/fr\/","name":"Dramfolks Whisky Auction","description":"","potentialAction":[{"@type":"SearchAction","target":{"@type":"EntryPoint","urlTemplate":"https:\/\/www.dramfolks-whisky-auction.com\/fr\/?s={search_term_string}"},"query-input":{"@type":"PropertyValueSpecification","valueRequired":true,"valueName":"search_term_string"}}],"inLanguage":"fr-FR"}]}},"_links":{"self":[{"href":"https:\/\/www.dramfolks-whisky-auction.com\/fr\/wp-json\/wp\/v2\/product\/631947","targetHints":{"allow":["GET"]}}],"collection":[{"href":"https:\/\/www.dramfolks-whisky-auction.com\/fr\/wp-json\/wp\/v2\/product"}],"about":[{"href":"https:\/\/www.dramfolks-whisky-auction.com\/fr\/wp-json\/wp\/v2\/types\/product"}],"replies":[{"embeddable":true,"href":"https:\/\/www.dramfolks-whisky-auction.com\/fr\/wp-json\/wp\/v2\/comments?post=631947"}],"wp:featuredmedia":[{"embeddable":true,"href":"https:\/\/www.dramfolks-whisky-auction.com\/fr\/wp-json\/wp\/v2\/media\/533539"}],"wp:attachment":[{"href":"https:\/\/www.dramfolks-whisky-auction.com\/fr\/wp-json\/wp\/v2\/media?parent=631947"}],"wp:term":[{"taxonomy":"product_brand","embeddable":true,"href":"https:\/\/www.dramfolks-whisky-auction.com\/fr\/wp-json\/wp\/v2\/product_brand?post=631947"},{"taxonomy":"product_cat","embeddable":true,"href":"https:\/\/www.dramfolks-whisky-auction.com\/fr\/wp-json\/wp\/v2\/product_cat?post=631947"},{"taxonomy":"product_tag","embeddable":true,"href":"https:\/\/www.dramfolks-whisky-auction.com\/fr\/wp-json\/wp\/v2\/product_tag?post=631947"}],"curies":[{"name":"wp","href":"https:\/\/api.w.org\/{rel}","templated":true}]}}