{"id":630468,"date":"2024-10-19T09:25:23","date_gmt":"2024-10-19T07:25:23","guid":{"rendered":"https:\/\/www.dramfolks-whisky-auction.com\/?post_type=product&#038;p=630468"},"modified":"2025-03-25T19:15:11","modified_gmt":"2025-03-25T18:15:11","slug":"bunnahabhain-staoisha-storm-kelpie-sea-shepherd-2014-2021-signatory-vintage-2","status":"publish","type":"product","link":"https:\/\/www.dramfolks-whisky-auction.com\/fr\/product\/bunnahabhain-staoisha-storm-kelpie-sea-shepherd-2014-2021-signatory-vintage-2\/","title":{"rendered":"Bunnahabhain &#8211; Staoisha Storm Kelpie Sea Shepherd 2014\/2021 (Signatory Vintage)"},"content":{"rendered":"<p><strong>Destille: Bunnahabhain<br \/>\n<\/strong>Die Bunnahabhain Destillerie (schottisch-g\u00e4lisch: Taigh-staile Bun na h-Abhainne) wurde 1881 in der N\u00e4he von Port Askaig auf Islay gegr\u00fcndet. Im Jahr 1887, als Bunnahabhain mit Glenrothes fusionierte, wurde ebenfalls Highland Distillers [heute Edrington] gegr\u00fcndet. W\u00e4hrend andere Islay-Destillerien ihre Marken als Single Malts und zum Blenden verkauften, war Bunnas Schicksal immer bei letzteren (u.a. bei Famous Grouse, Cutty Sark und Black Bottle). Das schnelle Wachstum von Scotch in den fr\u00fchen 1960er Jahren f\u00fchrte dazu, dass die Brennblasen 1963 verdoppelt wurden, im selben Jahr, in dem die Bodenm\u00e4lzerei herauskam. Doch das Gl\u00fcck war nicht von Dauer und wie viele Destillerien wurde Bunna 1982 eingemottet. Wiederbelebt wurde es dann Ende der 1980er Jahre als Single Malt mit dem Slogan \u00ab\u00a0der unaussprechliche Malt\u00a0\u00bb. Trotz eines Aufschwungs auf dem Whiskymarkt verkaufte Edrington es 2003 f\u00fcr 10 Millionen Pfund an Burn Stewart. Im Jahr 2013 ging Bunna dann an den langj\u00e4hrigen s\u00fcdafrikanischen Vertriebspartner Distell.<\/p>\n<p><strong>Fun Fakt:\u00a0 <\/strong>Die abgelegene Nordostk\u00fcste von Islay mag ein seltsamer Ort sein, um eine bedeutende viktorianische Destillerie zu finden, aber sie wurde 1881 von William Robertson (von Robertson &amp; Baxter) in Zusammenarbeit mit Greenlees Bros. als perfekter Ort f\u00fcr seine Inselvision ausgew\u00e4hlt. Der Bau bedeutete nicht nur den Bau der Destillerie, sondern auch der H\u00e4user, den Bau einer Stra\u00dfe und das Hinzuf\u00fcgen eines Piers, damit F\u00e4sser und Gerste hereinkommen und Whisky ausgehen konnten. Es kostete Robertson insgesamt 30.000 Pfund (entspricht den heutigen 2,6 Millionen Pfund).<\/p>\n<p><strong>Whisky\/Whiskey: Staoisha Storm Kelpie Sea Shepherd 2014\/2021 (Signatory Vintage)<br \/>\n<\/strong>Der waghalsigste Whisky der Welt: Storm-Kelpie von Signatory Vintage &amp; Kirsch Import f\u00fcr Sea Shepherd ist der zweite \u201eWhirlpool-Whisky\u00a0\u00bb.<br \/>\nZwischen den schottischen Inseln Jura und Scarba liegt der Golf von Corryvreckan. Setzt die Flut ein, entsteht hier der drittgr\u00f6\u00dfte Meeresstrudel der Welt. Kilometerweit kann man sein Rauschen h\u00f6ren \u2013 und sehen. Bei Westwind t\u00fcrmen sich bis zu neun Meter hohe Wellen auf. Jahrhundertelang wurde die Meerenge von Seefahrern gemieden, von der Royal Navy ist sie als \u201eextremely dangerous\u201c eingestuft. Eine Handvoll mutiger Neuseel\u00e4nder und ihre britischen Freunde hat all das nicht von ihrem Vorhaben abgeschreckt: den Corryvreckan schwimmend zu durchqueren \u2013 mit Bunnahabhain Staoisha Single Malt an Beinen und Schwimmbojen befestigt.<br \/>\nMaritimer als jeder andere Islay Whisky ist die Abf\u00fcllung auf der Reise durch den Malstrom geworden, der auf dem H\u00f6hepunkt der Flut f\u00fcr ca. 45 Minuten ruht. Und sie r\u00fcckt eine weitere Gruppe gef\u00e4hrdeter Schwimmer in den Fokus der \u00d6ffentlichkeit: Neuseelands stark vom Aussterben bedrohte Maui-Delfine. Als Sponsor der wahrscheinlich waghalsigsten Whiskyproduktion der Welt, spendet Kirsch Import 10 Prozent der Erl\u00f6se aus dem Verkauf von Storm-Kelpie an Sea Shepherd und unterst\u00fctzt so deren Arbeit f\u00fcr die weltweit kleinsten Delfine. Limitiert auf 3.360 Flaschen.<\/p>\n<p><strong>Side Note zum Abf\u00fcller: Signatory Vintage<\/strong><br \/>\nSignatory Vintage Scotch Whisky wurde 1988 von Andrew Symington gegr\u00fcndet, der zuvor das renommierte Prestonfield House Hotel in Edinburgh geleitet hatte. Das erste Fass, das von Symington in Flaschen abgef\u00fcllt wurde, war ein 1968 in Sherryf\u00e4ssern gereifter Glenlivet. Im Jahr 2002 erwarb Signatory die Destillerie Edradour von Pernod Ricard und verlegte anschlie\u00dfend alle seine Aktivit\u00e4ten nach Norden in den malerischen Standort Perthshire. Die Whiskys werden in der Regel in verschiedenen \u201eCollections\u201c abgef\u00fcllt\u2026 darunter die Un-chill Filtered Collection, die Cask Strength Collection und die Single Grain Collection.<\/p>\n<p><strong>Info Qualit\u00e4t der Flasche:<\/strong> Exzellent &#8211; ohne Besch\u00e4digungen \/ <strong>F\u00fcllstand: <\/strong>Top shoulder<br \/>\n<strong>Info Qualit\u00e4t der Box: <\/strong>keine Box vorhanden<\/p>\n<p><strong>Wichtiger Hinweis:<\/strong> Die Bewertung der Flaschen und Boxen erfolgt nach \u201ebesten Wissen und Gewissen\u201c. dramfolks kann keine Gew\u00e4hrleistung f\u00fcr den Inhalt der Flaschen \u00fcbernehmen. Weitere Infos &amp; Hinweise finden Sie in unseren AGBs. Wir empfehlen Ihnen, vor der Abgabe von Geboten \u00fcber die Zoomfunktion eine Besichtigung \/ genaue Pr\u00fcfung des angebotenen Whiskys vorzunehmen. Bitte kontaktieren sie uns bei Fragen direkt unter info@dramfolks.com<\/p>\n","protected":false},"excerpt":{"rendered":"<p><strong>After-Auction-Market by dramfolks<\/strong><\/p>\n<p>Dies ist keine laufende Auktion! \u00dcber den \u00ab\u00a0Jetzt Kaufen\u00a0\u00bb-Button direkt erwerben oder dein Gebot ist ein alternativer Preisvorschlag (Maximalgebot)!<\/p>\n","protected":false},"featured_media":2017533,"comment_status":"closed","ping_status":"closed","template":"","meta":[],"product_brand":[],"product_cat":[1099],"product_tag":[],"class_list":{"0":"post-630468","1":"product","2":"type-product","3":"status-publish","4":"has-post-thumbnail","6":"product_cat-aam-sold-out","8":"first","9":"instock","10":"shipping-taxable","11":"purchasable","12":"product-type-auction"},"yoast_head":"<!-- This site is optimized with the Yoast SEO plugin v27.0 - https:\/\/yoast.com\/product\/yoast-seo-wordpress\/ -->\n<title>Bunnahabhain - Staoisha Storm Kelpie Sea Shepherd 2014\/2021 (Signatory Vintage) - Dramfolks Whisky Auction<\/title>\n<meta name=\"robots\" content=\"index, follow, max-snippet:-1, max-image-preview:large, max-video-preview:-1\" \/>\n<link rel=\"canonical\" href=\"https:\/\/www.dramfolks-whisky-auction.com\/fr\/product\/bunnahabhain-staoisha-storm-kelpie-sea-shepherd-2014-2021-signatory-vintage-2\/\" \/>\n<meta property=\"og:locale\" content=\"fr_FR\" \/>\n<meta property=\"og:type\" content=\"article\" \/>\n<meta property=\"og:title\" content=\"Bunnahabhain - Staoisha Storm Kelpie Sea Shepherd 2014\/2021 (Signatory Vintage) - Dramfolks Whisky Auction\" \/>\n<meta property=\"og:description\" content=\"After-Auction-Market by dramfolks  Dies ist keine laufende Auktion! \u00dcber den &quot;Jetzt Kaufen&quot;-Button direkt erwerben oder dein Gebot ist ein alternativer Preisvorschlag (Maximalgebot)!\" \/>\n<meta property=\"og:url\" content=\"https:\/\/www.dramfolks-whisky-auction.com\/fr\/product\/bunnahabhain-staoisha-storm-kelpie-sea-shepherd-2014-2021-signatory-vintage-2\/\" \/>\n<meta property=\"og:site_name\" content=\"Dramfolks Whisky Auction\" \/>\n<meta property=\"article:modified_time\" content=\"2025-03-25T18:15:11+00:00\" \/>\n<meta property=\"og:image\" content=\"https:\/\/www.dramfolks-whisky-auction.com\/wp-content\/uploads\/2024\/10\/Storm-Kelpie-Sold-Out.png\" \/>\n\t<meta property=\"og:image:width\" content=\"1080\" \/>\n\t<meta property=\"og:image:height\" content=\"1080\" \/>\n\t<meta property=\"og:image:type\" content=\"image\/png\" \/>\n<meta name=\"twitter:card\" content=\"summary_large_image\" \/>\n<meta name=\"twitter:label1\" content=\"Dur\u00e9e de lecture estim\u00e9e\" \/>\n\t<meta name=\"twitter:data1\" content=\"4 minutes\" \/>\n<script type=\"application\/ld+json\" class=\"yoast-schema-graph\">{\"@context\":\"https:\/\/schema.org\",\"@graph\":[{\"@type\":\"WebPage\",\"@id\":\"https:\/\/www.dramfolks-whisky-auction.com\/fr\/product\/bunnahabhain-staoisha-storm-kelpie-sea-shepherd-2014-2021-signatory-vintage-2\/\",\"url\":\"https:\/\/www.dramfolks-whisky-auction.com\/fr\/product\/bunnahabhain-staoisha-storm-kelpie-sea-shepherd-2014-2021-signatory-vintage-2\/\",\"name\":\"Bunnahabhain - Staoisha Storm Kelpie Sea Shepherd 2014\/2021 (Signatory Vintage) - Dramfolks Whisky Auction\",\"isPartOf\":{\"@id\":\"https:\/\/www.dramfolks-whisky-auction.com\/fr\/#website\"},\"primaryImageOfPage\":{\"@id\":\"https:\/\/www.dramfolks-whisky-auction.com\/fr\/product\/bunnahabhain-staoisha-storm-kelpie-sea-shepherd-2014-2021-signatory-vintage-2\/#primaryimage\"},\"image\":{\"@id\":\"https:\/\/www.dramfolks-whisky-auction.com\/fr\/product\/bunnahabhain-staoisha-storm-kelpie-sea-shepherd-2014-2021-signatory-vintage-2\/#primaryimage\"},\"thumbnailUrl\":\"https:\/\/www.dramfolks-whisky-auction.com\/wp-content\/uploads\/2024\/10\/Storm-Kelpie-Sold-Out.png\",\"datePublished\":\"2024-10-19T07:25:23+00:00\",\"dateModified\":\"2025-03-25T18:15:11+00:00\",\"breadcrumb\":{\"@id\":\"https:\/\/www.dramfolks-whisky-auction.com\/fr\/product\/bunnahabhain-staoisha-storm-kelpie-sea-shepherd-2014-2021-signatory-vintage-2\/#breadcrumb\"},\"inLanguage\":\"fr-FR\",\"potentialAction\":[{\"@type\":\"ReadAction\",\"target\":[\"https:\/\/www.dramfolks-whisky-auction.com\/fr\/product\/bunnahabhain-staoisha-storm-kelpie-sea-shepherd-2014-2021-signatory-vintage-2\/\"]}]},{\"@type\":\"ImageObject\",\"inLanguage\":\"fr-FR\",\"@id\":\"https:\/\/www.dramfolks-whisky-auction.com\/fr\/product\/bunnahabhain-staoisha-storm-kelpie-sea-shepherd-2014-2021-signatory-vintage-2\/#primaryimage\",\"url\":\"https:\/\/www.dramfolks-whisky-auction.com\/wp-content\/uploads\/2024\/10\/Storm-Kelpie-Sold-Out.png\",\"contentUrl\":\"https:\/\/www.dramfolks-whisky-auction.com\/wp-content\/uploads\/2024\/10\/Storm-Kelpie-Sold-Out.png\",\"width\":1080,\"height\":1080},{\"@type\":\"BreadcrumbList\",\"@id\":\"https:\/\/www.dramfolks-whisky-auction.com\/fr\/product\/bunnahabhain-staoisha-storm-kelpie-sea-shepherd-2014-2021-signatory-vintage-2\/#breadcrumb\",\"itemListElement\":[{\"@type\":\"ListItem\",\"position\":1,\"name\":\"Startseite\",\"item\":\"https:\/\/www.dramfolks-whisky-auction.com\/fr\/\"},{\"@type\":\"ListItem\",\"position\":2,\"name\":\"Boutique\",\"item\":\"https:\/\/www.dramfolks-whisky-auction.com\/fr\/boutique\/\"},{\"@type\":\"ListItem\",\"position\":3,\"name\":\"Bunnahabhain &#8211; Staoisha Storm Kelpie Sea Shepherd 2014\/2021 (Signatory Vintage)\"}]},{\"@type\":\"WebSite\",\"@id\":\"https:\/\/www.dramfolks-whisky-auction.com\/fr\/#website\",\"url\":\"https:\/\/www.dramfolks-whisky-auction.com\/fr\/\",\"name\":\"Dramfolks Whisky Auction\",\"description\":\"\",\"potentialAction\":[{\"@type\":\"SearchAction\",\"target\":{\"@type\":\"EntryPoint\",\"urlTemplate\":\"https:\/\/www.dramfolks-whisky-auction.com\/fr\/?s={search_term_string}\"},\"query-input\":{\"@type\":\"PropertyValueSpecification\",\"valueRequired\":true,\"valueName\":\"search_term_string\"}}],\"inLanguage\":\"fr-FR\"}]}<\/script>\n<!-- \/ Yoast SEO plugin. -->","yoast_head_json":{"title":"Bunnahabhain - Staoisha Storm Kelpie Sea Shepherd 2014\/2021 (Signatory Vintage) - Dramfolks Whisky Auction","robots":{"index":"index","follow":"follow","max-snippet":"max-snippet:-1","max-image-preview":"max-image-preview:large","max-video-preview":"max-video-preview:-1"},"canonical":"https:\/\/www.dramfolks-whisky-auction.com\/fr\/product\/bunnahabhain-staoisha-storm-kelpie-sea-shepherd-2014-2021-signatory-vintage-2\/","og_locale":"fr_FR","og_type":"article","og_title":"Bunnahabhain - Staoisha Storm Kelpie Sea Shepherd 2014\/2021 (Signatory Vintage) - Dramfolks Whisky Auction","og_description":"After-Auction-Market by dramfolks  Dies ist keine laufende Auktion! \u00dcber den \"Jetzt Kaufen\"-Button direkt erwerben oder dein Gebot ist ein alternativer Preisvorschlag (Maximalgebot)!","og_url":"https:\/\/www.dramfolks-whisky-auction.com\/fr\/product\/bunnahabhain-staoisha-storm-kelpie-sea-shepherd-2014-2021-signatory-vintage-2\/","og_site_name":"Dramfolks Whisky Auction","article_modified_time":"2025-03-25T18:15:11+00:00","og_image":[{"width":1080,"height":1080,"url":"https:\/\/www.dramfolks-whisky-auction.com\/wp-content\/uploads\/2024\/10\/Storm-Kelpie-Sold-Out.png","type":"image\/png"}],"twitter_card":"summary_large_image","twitter_misc":{"Dur\u00e9e de lecture estim\u00e9e":"4 minutes"},"schema":{"@context":"https:\/\/schema.org","@graph":[{"@type":"WebPage","@id":"https:\/\/www.dramfolks-whisky-auction.com\/fr\/product\/bunnahabhain-staoisha-storm-kelpie-sea-shepherd-2014-2021-signatory-vintage-2\/","url":"https:\/\/www.dramfolks-whisky-auction.com\/fr\/product\/bunnahabhain-staoisha-storm-kelpie-sea-shepherd-2014-2021-signatory-vintage-2\/","name":"Bunnahabhain - Staoisha Storm Kelpie Sea Shepherd 2014\/2021 (Signatory Vintage) - Dramfolks Whisky Auction","isPartOf":{"@id":"https:\/\/www.dramfolks-whisky-auction.com\/fr\/#website"},"primaryImageOfPage":{"@id":"https:\/\/www.dramfolks-whisky-auction.com\/fr\/product\/bunnahabhain-staoisha-storm-kelpie-sea-shepherd-2014-2021-signatory-vintage-2\/#primaryimage"},"image":{"@id":"https:\/\/www.dramfolks-whisky-auction.com\/fr\/product\/bunnahabhain-staoisha-storm-kelpie-sea-shepherd-2014-2021-signatory-vintage-2\/#primaryimage"},"thumbnailUrl":"https:\/\/www.dramfolks-whisky-auction.com\/wp-content\/uploads\/2024\/10\/Storm-Kelpie-Sold-Out.png","datePublished":"2024-10-19T07:25:23+00:00","dateModified":"2025-03-25T18:15:11+00:00","breadcrumb":{"@id":"https:\/\/www.dramfolks-whisky-auction.com\/fr\/product\/bunnahabhain-staoisha-storm-kelpie-sea-shepherd-2014-2021-signatory-vintage-2\/#breadcrumb"},"inLanguage":"fr-FR","potentialAction":[{"@type":"ReadAction","target":["https:\/\/www.dramfolks-whisky-auction.com\/fr\/product\/bunnahabhain-staoisha-storm-kelpie-sea-shepherd-2014-2021-signatory-vintage-2\/"]}]},{"@type":"ImageObject","inLanguage":"fr-FR","@id":"https:\/\/www.dramfolks-whisky-auction.com\/fr\/product\/bunnahabhain-staoisha-storm-kelpie-sea-shepherd-2014-2021-signatory-vintage-2\/#primaryimage","url":"https:\/\/www.dramfolks-whisky-auction.com\/wp-content\/uploads\/2024\/10\/Storm-Kelpie-Sold-Out.png","contentUrl":"https:\/\/www.dramfolks-whisky-auction.com\/wp-content\/uploads\/2024\/10\/Storm-Kelpie-Sold-Out.png","width":1080,"height":1080},{"@type":"BreadcrumbList","@id":"https:\/\/www.dramfolks-whisky-auction.com\/fr\/product\/bunnahabhain-staoisha-storm-kelpie-sea-shepherd-2014-2021-signatory-vintage-2\/#breadcrumb","itemListElement":[{"@type":"ListItem","position":1,"name":"Startseite","item":"https:\/\/www.dramfolks-whisky-auction.com\/fr\/"},{"@type":"ListItem","position":2,"name":"Boutique","item":"https:\/\/www.dramfolks-whisky-auction.com\/fr\/boutique\/"},{"@type":"ListItem","position":3,"name":"Bunnahabhain &#8211; Staoisha Storm Kelpie Sea Shepherd 2014\/2021 (Signatory Vintage)"}]},{"@type":"WebSite","@id":"https:\/\/www.dramfolks-whisky-auction.com\/fr\/#website","url":"https:\/\/www.dramfolks-whisky-auction.com\/fr\/","name":"Dramfolks Whisky Auction","description":"","potentialAction":[{"@type":"SearchAction","target":{"@type":"EntryPoint","urlTemplate":"https:\/\/www.dramfolks-whisky-auction.com\/fr\/?s={search_term_string}"},"query-input":{"@type":"PropertyValueSpecification","valueRequired":true,"valueName":"search_term_string"}}],"inLanguage":"fr-FR"}]}},"_links":{"self":[{"href":"https:\/\/www.dramfolks-whisky-auction.com\/fr\/wp-json\/wp\/v2\/product\/630468","targetHints":{"allow":["GET"]}}],"collection":[{"href":"https:\/\/www.dramfolks-whisky-auction.com\/fr\/wp-json\/wp\/v2\/product"}],"about":[{"href":"https:\/\/www.dramfolks-whisky-auction.com\/fr\/wp-json\/wp\/v2\/types\/product"}],"replies":[{"embeddable":true,"href":"https:\/\/www.dramfolks-whisky-auction.com\/fr\/wp-json\/wp\/v2\/comments?post=630468"}],"wp:featuredmedia":[{"embeddable":true,"href":"https:\/\/www.dramfolks-whisky-auction.com\/fr\/wp-json\/wp\/v2\/media\/2017533"}],"wp:attachment":[{"href":"https:\/\/www.dramfolks-whisky-auction.com\/fr\/wp-json\/wp\/v2\/media?parent=630468"}],"wp:term":[{"taxonomy":"product_brand","embeddable":true,"href":"https:\/\/www.dramfolks-whisky-auction.com\/fr\/wp-json\/wp\/v2\/product_brand?post=630468"},{"taxonomy":"product_cat","embeddable":true,"href":"https:\/\/www.dramfolks-whisky-auction.com\/fr\/wp-json\/wp\/v2\/product_cat?post=630468"},{"taxonomy":"product_tag","embeddable":true,"href":"https:\/\/www.dramfolks-whisky-auction.com\/fr\/wp-json\/wp\/v2\/product_tag?post=630468"}],"curies":[{"name":"wp","href":"https:\/\/api.w.org\/{rel}","templated":true}]}}