{"id":6042,"date":"2024-04-10T21:28:56","date_gmt":"2024-04-10T19:28:56","guid":{"rendered":"https:\/\/www.dramfolks-whisky-auction.com\/?post_type=product&#038;p=6042"},"modified":"2024-04-28T19:30:06","modified_gmt":"2024-04-28T17:30:06","slug":"aberfeldy-16yo","status":"publish","type":"product","link":"https:\/\/www.dramfolks-whisky-auction.com\/fr\/product\/aberfeldy-16yo\/","title":{"rendered":"Aberfeldy &#8211; 16yo"},"content":{"rendered":"<p><strong>Destille: Aberfeldy<br \/>\n<\/strong>Die schottische Malt Whisky-Brennerei Aberfeldy, gegr\u00fcndet 1896 durch die Familie Dewar, liegt im gleichnamigen Ort am River Tay in der Whisky Region Highlands. Die Geb\u00e4ude der Brennerei Aberfeldy liegen nahe dem gleichnamigen Ort und dem Fluss Tay sowie dem See Loch Tay. Das Wasser f\u00fcr die Produktion stammt aber aus dem Pitilli Burn, einem kleinen Fluss, der direkt an der Brennerei vorbei flie\u00dft. Heute geh\u00f6rt die Brennerei dem global agierenden Spirituosenkonzern Bacardi. J\u00e4hrliche Produktionsmenge ca. 3,4 Millionen Liter Alkohol.<\/p>\n<p><strong>Fun Fakt:\u00a0 <\/strong>Aberfeldy ist ein wichtiger Bestandteil des Blended Whiskys Dewar&rsquo;s, einer der meistverkauften Blended Scotch Whiskys in den Vereinigten Staaten.<\/p>\n<p><strong>Whisky\/Whiskey: 16yo<br \/>\n<\/strong>16 Jahre alter Single Malt aus der fantastischen Destillerie Aberfeldy, die seit 1898 in den Ausl\u00e4ufern der zentralen schottischen Highlands t\u00e4tig ist. Dieser Ausdruck wird in Oloroso Sherry-F\u00e4ssern abgerundet, die dem Whisky dekadente Schichten saftiger S\u00fc\u00dfe, gew\u00fcrzter Obstkuchen und dunkler Schokolade verleihen.<br \/>\nKonkret finden sich in der Nase \u00ab\u00a0Rosinen und Zimt, dann Butterscotch, Karamell und getrockneter Apfel. Ein Hauch von blumigem Malz auch\u00a0\u00bb. Der Gaumen offenbart ein Gef\u00fchl von \u00ab\u00a0abrundet und weich, zuerst mehr Apfel, dazu pochierte Birne in dunkler Schokoladensauce, bald gesellen sich Clementinenst\u00fccke und Honig auf Toast\u00a0\u00bb. Zu guter Letzt finden sich dann im Abgang \u00ab\u00a0ein Funke Ingwer, wachsartige Schalen, seidige Eichensaiblinge und ein Hauch von Rauch\u00a0\u00bb. cheers&#8230; (Verkostungsnotizen von <a href=\"http:\/\/www.masterofmalts.com\" target=\"_blank\" rel=\"noopener noreferrer\">www.masterofmalts.com<\/a>).<\/p>\n<p><strong>Info Qualit\u00e4t der Flasche:<\/strong> Exzellent &#8211; ohne Besch\u00e4digungen \/ <strong>F\u00fcllstand: <\/strong>Top shoulder<br \/>\n<strong>Info Qualit\u00e4t der Box: <\/strong>Exzellent &#8211; ohne Besch\u00e4digungen<\/p>\n<p><strong>Wichtiger Hinweis:<\/strong> Die Bewertung der Flaschen und Boxen erfolgt nach \u201ebesten Wissen und Gewissen\u201c. dramfolks kann keine Gew\u00e4hrleistung f\u00fcr den Inhalt der Flaschen \u00fcbernehmen. Weitere Infos &amp; Hinweise finden Sie in unseren AGBs. Wir empfehlen Ihnen, vor der Abgabe von Geboten \u00fcber die Zoomfunktion eine Besichtigung \/ genaue Pr\u00fcfung des angebotenen Whiskys vorzunehmen. Bitte kontaktieren sie uns bei Fragen direkt unter info@dramfolks.com<\/p>\n","protected":false},"excerpt":{"rendered":"<p>Destille: Aberfeldy Die schottische Malt Whisky-Brennerei Aberfeldy, gegr\u00fcndet 1896 durch die Familie Dewar, liegt im gleichnamigen Ort am River Tay in der Whisky Region Highlands. Die Geb\u00e4ude der Brennerei Aberfeldy liegen nahe dem gleichnamigen Ort und dem Fluss Tay sowie dem See Loch Tay. Das Wasser f\u00fcr die Produktion stammt aber aus dem Pitilli Burn,[&#8230;]\n","protected":false},"featured_media":6043,"comment_status":"closed","ping_status":"closed","template":"","meta":[],"product_brand":[],"product_cat":[790],"product_tag":[],"class_list":{"0":"post-6042","1":"product","2":"type-product","3":"status-publish","4":"has-post-thumbnail","6":"product_cat-no-10","8":"first","9":"instock","10":"shipping-taxable","11":"purchasable","12":"product-type-auction"},"yoast_head":"<!-- This site is optimized with the Yoast SEO plugin v27.0 - https:\/\/yoast.com\/product\/yoast-seo-wordpress\/ -->\n<title>Aberfeldy - 16yo - Dramfolks Whisky Auction<\/title>\n<meta name=\"robots\" content=\"index, follow, max-snippet:-1, max-image-preview:large, max-video-preview:-1\" \/>\n<link rel=\"canonical\" href=\"https:\/\/www.dramfolks-whisky-auction.com\/fr\/product\/aberfeldy-16yo\/\" \/>\n<meta property=\"og:locale\" content=\"fr_FR\" \/>\n<meta property=\"og:type\" content=\"article\" \/>\n<meta property=\"og:title\" content=\"Aberfeldy - 16yo - Dramfolks Whisky Auction\" \/>\n<meta property=\"og:description\" content=\"Destille: Aberfeldy Die schottische Malt Whisky-Brennerei Aberfeldy, gegr\u00fcndet 1896 durch die Familie Dewar, liegt im gleichnamigen Ort am River Tay in der Whisky Region Highlands. Die Geb\u00e4ude der Brennerei Aberfeldy liegen nahe dem gleichnamigen Ort und dem Fluss Tay sowie dem See Loch Tay. Das Wasser f\u00fcr die Produktion stammt aber aus dem Pitilli Burn,[...]\" \/>\n<meta property=\"og:url\" content=\"https:\/\/www.dramfolks-whisky-auction.com\/fr\/product\/aberfeldy-16yo\/\" \/>\n<meta property=\"og:site_name\" content=\"Dramfolks Whisky Auction\" \/>\n<meta property=\"article:modified_time\" content=\"2024-04-28T17:30:06+00:00\" \/>\n<meta property=\"og:image\" content=\"https:\/\/www.dramfolks-whisky-auction.com\/wp-content\/uploads\/2024\/04\/Aberfeldy-16yo-vorne-scaled.jpg\" \/>\n\t<meta property=\"og:image:width\" content=\"2560\" \/>\n\t<meta property=\"og:image:height\" content=\"2560\" \/>\n\t<meta property=\"og:image:type\" content=\"image\/jpeg\" \/>\n<meta name=\"twitter:card\" content=\"summary_large_image\" \/>\n<meta name=\"twitter:label1\" content=\"Dur\u00e9e de lecture estim\u00e9e\" \/>\n\t<meta name=\"twitter:data1\" content=\"2 minutes\" \/>\n<script type=\"application\/ld+json\" class=\"yoast-schema-graph\">{\"@context\":\"https:\/\/schema.org\",\"@graph\":[{\"@type\":\"WebPage\",\"@id\":\"https:\/\/www.dramfolks-whisky-auction.com\/fr\/product\/aberfeldy-16yo\/\",\"url\":\"https:\/\/www.dramfolks-whisky-auction.com\/fr\/product\/aberfeldy-16yo\/\",\"name\":\"Aberfeldy - 16yo - Dramfolks Whisky Auction\",\"isPartOf\":{\"@id\":\"https:\/\/www.dramfolks-whisky-auction.com\/fr\/#website\"},\"primaryImageOfPage\":{\"@id\":\"https:\/\/www.dramfolks-whisky-auction.com\/fr\/product\/aberfeldy-16yo\/#primaryimage\"},\"image\":{\"@id\":\"https:\/\/www.dramfolks-whisky-auction.com\/fr\/product\/aberfeldy-16yo\/#primaryimage\"},\"thumbnailUrl\":\"https:\/\/www.dramfolks-whisky-auction.com\/wp-content\/uploads\/2024\/04\/Aberfeldy-16yo-vorne-scaled.jpg\",\"datePublished\":\"2024-04-10T19:28:56+00:00\",\"dateModified\":\"2024-04-28T17:30:06+00:00\",\"breadcrumb\":{\"@id\":\"https:\/\/www.dramfolks-whisky-auction.com\/fr\/product\/aberfeldy-16yo\/#breadcrumb\"},\"inLanguage\":\"fr-FR\",\"potentialAction\":[{\"@type\":\"ReadAction\",\"target\":[\"https:\/\/www.dramfolks-whisky-auction.com\/fr\/product\/aberfeldy-16yo\/\"]}]},{\"@type\":\"ImageObject\",\"inLanguage\":\"fr-FR\",\"@id\":\"https:\/\/www.dramfolks-whisky-auction.com\/fr\/product\/aberfeldy-16yo\/#primaryimage\",\"url\":\"https:\/\/www.dramfolks-whisky-auction.com\/wp-content\/uploads\/2024\/04\/Aberfeldy-16yo-vorne-scaled.jpg\",\"contentUrl\":\"https:\/\/www.dramfolks-whisky-auction.com\/wp-content\/uploads\/2024\/04\/Aberfeldy-16yo-vorne-scaled.jpg\",\"width\":2560,\"height\":2560},{\"@type\":\"BreadcrumbList\",\"@id\":\"https:\/\/www.dramfolks-whisky-auction.com\/fr\/product\/aberfeldy-16yo\/#breadcrumb\",\"itemListElement\":[{\"@type\":\"ListItem\",\"position\":1,\"name\":\"Startseite\",\"item\":\"https:\/\/www.dramfolks-whisky-auction.com\/fr\/\"},{\"@type\":\"ListItem\",\"position\":2,\"name\":\"Boutique\",\"item\":\"https:\/\/www.dramfolks-whisky-auction.com\/fr\/boutique\/\"},{\"@type\":\"ListItem\",\"position\":3,\"name\":\"Aberfeldy &#8211; 16yo\"}]},{\"@type\":\"WebSite\",\"@id\":\"https:\/\/www.dramfolks-whisky-auction.com\/fr\/#website\",\"url\":\"https:\/\/www.dramfolks-whisky-auction.com\/fr\/\",\"name\":\"Dramfolks Whisky Auction\",\"description\":\"\",\"potentialAction\":[{\"@type\":\"SearchAction\",\"target\":{\"@type\":\"EntryPoint\",\"urlTemplate\":\"https:\/\/www.dramfolks-whisky-auction.com\/fr\/?s={search_term_string}\"},\"query-input\":{\"@type\":\"PropertyValueSpecification\",\"valueRequired\":true,\"valueName\":\"search_term_string\"}}],\"inLanguage\":\"fr-FR\"}]}<\/script>\n<!-- \/ Yoast SEO plugin. -->","yoast_head_json":{"title":"Aberfeldy - 16yo - Dramfolks Whisky Auction","robots":{"index":"index","follow":"follow","max-snippet":"max-snippet:-1","max-image-preview":"max-image-preview:large","max-video-preview":"max-video-preview:-1"},"canonical":"https:\/\/www.dramfolks-whisky-auction.com\/fr\/product\/aberfeldy-16yo\/","og_locale":"fr_FR","og_type":"article","og_title":"Aberfeldy - 16yo - Dramfolks Whisky Auction","og_description":"Destille: Aberfeldy Die schottische Malt Whisky-Brennerei Aberfeldy, gegr\u00fcndet 1896 durch die Familie Dewar, liegt im gleichnamigen Ort am River Tay in der Whisky Region Highlands. Die Geb\u00e4ude der Brennerei Aberfeldy liegen nahe dem gleichnamigen Ort und dem Fluss Tay sowie dem See Loch Tay. Das Wasser f\u00fcr die Produktion stammt aber aus dem Pitilli Burn,[...]","og_url":"https:\/\/www.dramfolks-whisky-auction.com\/fr\/product\/aberfeldy-16yo\/","og_site_name":"Dramfolks Whisky Auction","article_modified_time":"2024-04-28T17:30:06+00:00","og_image":[{"width":2560,"height":2560,"url":"https:\/\/www.dramfolks-whisky-auction.com\/wp-content\/uploads\/2024\/04\/Aberfeldy-16yo-vorne-scaled.jpg","type":"image\/jpeg"}],"twitter_card":"summary_large_image","twitter_misc":{"Dur\u00e9e de lecture estim\u00e9e":"2 minutes"},"schema":{"@context":"https:\/\/schema.org","@graph":[{"@type":"WebPage","@id":"https:\/\/www.dramfolks-whisky-auction.com\/fr\/product\/aberfeldy-16yo\/","url":"https:\/\/www.dramfolks-whisky-auction.com\/fr\/product\/aberfeldy-16yo\/","name":"Aberfeldy - 16yo - Dramfolks Whisky Auction","isPartOf":{"@id":"https:\/\/www.dramfolks-whisky-auction.com\/fr\/#website"},"primaryImageOfPage":{"@id":"https:\/\/www.dramfolks-whisky-auction.com\/fr\/product\/aberfeldy-16yo\/#primaryimage"},"image":{"@id":"https:\/\/www.dramfolks-whisky-auction.com\/fr\/product\/aberfeldy-16yo\/#primaryimage"},"thumbnailUrl":"https:\/\/www.dramfolks-whisky-auction.com\/wp-content\/uploads\/2024\/04\/Aberfeldy-16yo-vorne-scaled.jpg","datePublished":"2024-04-10T19:28:56+00:00","dateModified":"2024-04-28T17:30:06+00:00","breadcrumb":{"@id":"https:\/\/www.dramfolks-whisky-auction.com\/fr\/product\/aberfeldy-16yo\/#breadcrumb"},"inLanguage":"fr-FR","potentialAction":[{"@type":"ReadAction","target":["https:\/\/www.dramfolks-whisky-auction.com\/fr\/product\/aberfeldy-16yo\/"]}]},{"@type":"ImageObject","inLanguage":"fr-FR","@id":"https:\/\/www.dramfolks-whisky-auction.com\/fr\/product\/aberfeldy-16yo\/#primaryimage","url":"https:\/\/www.dramfolks-whisky-auction.com\/wp-content\/uploads\/2024\/04\/Aberfeldy-16yo-vorne-scaled.jpg","contentUrl":"https:\/\/www.dramfolks-whisky-auction.com\/wp-content\/uploads\/2024\/04\/Aberfeldy-16yo-vorne-scaled.jpg","width":2560,"height":2560},{"@type":"BreadcrumbList","@id":"https:\/\/www.dramfolks-whisky-auction.com\/fr\/product\/aberfeldy-16yo\/#breadcrumb","itemListElement":[{"@type":"ListItem","position":1,"name":"Startseite","item":"https:\/\/www.dramfolks-whisky-auction.com\/fr\/"},{"@type":"ListItem","position":2,"name":"Boutique","item":"https:\/\/www.dramfolks-whisky-auction.com\/fr\/boutique\/"},{"@type":"ListItem","position":3,"name":"Aberfeldy &#8211; 16yo"}]},{"@type":"WebSite","@id":"https:\/\/www.dramfolks-whisky-auction.com\/fr\/#website","url":"https:\/\/www.dramfolks-whisky-auction.com\/fr\/","name":"Dramfolks Whisky Auction","description":"","potentialAction":[{"@type":"SearchAction","target":{"@type":"EntryPoint","urlTemplate":"https:\/\/www.dramfolks-whisky-auction.com\/fr\/?s={search_term_string}"},"query-input":{"@type":"PropertyValueSpecification","valueRequired":true,"valueName":"search_term_string"}}],"inLanguage":"fr-FR"}]}},"_links":{"self":[{"href":"https:\/\/www.dramfolks-whisky-auction.com\/fr\/wp-json\/wp\/v2\/product\/6042","targetHints":{"allow":["GET"]}}],"collection":[{"href":"https:\/\/www.dramfolks-whisky-auction.com\/fr\/wp-json\/wp\/v2\/product"}],"about":[{"href":"https:\/\/www.dramfolks-whisky-auction.com\/fr\/wp-json\/wp\/v2\/types\/product"}],"replies":[{"embeddable":true,"href":"https:\/\/www.dramfolks-whisky-auction.com\/fr\/wp-json\/wp\/v2\/comments?post=6042"}],"wp:featuredmedia":[{"embeddable":true,"href":"https:\/\/www.dramfolks-whisky-auction.com\/fr\/wp-json\/wp\/v2\/media\/6043"}],"wp:attachment":[{"href":"https:\/\/www.dramfolks-whisky-auction.com\/fr\/wp-json\/wp\/v2\/media?parent=6042"}],"wp:term":[{"taxonomy":"product_brand","embeddable":true,"href":"https:\/\/www.dramfolks-whisky-auction.com\/fr\/wp-json\/wp\/v2\/product_brand?post=6042"},{"taxonomy":"product_cat","embeddable":true,"href":"https:\/\/www.dramfolks-whisky-auction.com\/fr\/wp-json\/wp\/v2\/product_cat?post=6042"},{"taxonomy":"product_tag","embeddable":true,"href":"https:\/\/www.dramfolks-whisky-auction.com\/fr\/wp-json\/wp\/v2\/product_tag?post=6042"}],"curies":[{"name":"wp","href":"https:\/\/api.w.org\/{rel}","templated":true}]}}