{"id":6035,"date":"2024-04-10T21:23:30","date_gmt":"2024-04-10T19:23:30","guid":{"rendered":"https:\/\/www.dramfolks-whisky-auction.com\/?post_type=product&#038;p=6035"},"modified":"2024-04-28T19:30:10","modified_gmt":"2024-04-28T17:30:10","slug":"caol-ila-12yo","status":"publish","type":"product","link":"https:\/\/www.dramfolks-whisky-auction.com\/fr\/product\/caol-ila-12yo\/","title":{"rendered":"Caol Ila &#8211; 12yo"},"content":{"rendered":"<p><strong>Destille: Caol Ila<br \/>\n<\/strong>Caol Ila leitet sich vom g\u00e4lischen Caol \u00ccle f\u00fcr \u00ab\u00a0Sound of Islay\u00a0\u00bb (w\u00f6rtlich \u00ab\u00a0Islay Strait\u00a0\u00bb) ab und bezieht sich auf die Lage der Destillerie mit Blick auf die Meerenge zwischen Islay und Jura. Die Destillerie wurde 1846 von Hector Henderson gegr\u00fcndet. 1854 wechselte Caol Ila den Besitzer. Norman Buchanan, Besitzer der Isle of Jura Distillery, \u00fcbernahm die Leitung. Im Jahr 1863 wurde das Unternehmen von Bulloch Lade &amp; Co aus Glasgow \u00fcbernommen, einem H\u00e4ndler von Whisky-Aktien. 1920 ging Bulloch Lade pleite und ein Konsortium von Gesch\u00e4ftsleuten gr\u00fcndete die Caol Ila Distillery Company Ltd. 1927 erwarb die Distillers Company eine Mehrheitsbeteiligung an Caol Ila und 1930 erwarb die Scottish Malt Distillers Ltd alle Anteile. Heute geh\u00f6rt die Brennerei zum gro\u00dfen Whisky-Konzern Diageo. J\u00e4hrliches Produktionsvolumen: ca. 6,5 Mio. Litern pro Jahr.<\/p>\n<p><strong>Fun Fakt:\u00a0<\/strong>Famili\u00e4re Angelegenheiten auf Islay&#8230; Laut der Volksz\u00e4hlung von 1871 war Duncan Johnston zu dieser Zeit der Manager der Destillerie. Duncan war der Neffe von John Johnston aus Lagavulin und Cousin der Laphroaig Johnstons.<br \/>\n<strong>Fun fact No.2:<\/strong> Caol Ila ist eine der wenigen Brennereien, die fast durchg\u00e4ngig Whisky produzierten. Nur der 2. Weltkrieg machte der Destillerie einen kurzen Strich durch die Rechnung&#8230; Sie musste von 1942 bis 1945 geschlossen werden, da die Versorgung der Destillateure mit Gerste, w\u00e4hrend des Krieges, eingeschr\u00e4nkt war.<\/p>\n<p><strong>Whisky\/Whiskey: 12yo<br \/>\n<\/strong>Der Caol Ila 12yo Single Malt ist sozusagen das gef\u00e4llige Aush\u00e4ngeschild der Brennerei und seit vielen Jahren ein begehrter Klassiker. Die Malts von Caol Ila gelten unter Whiskyfreunden als Musterbeispiel f\u00fcr das Aroma von Islay. Maritim, rauchig, dennoch Gaumen-schmeichelnd. Harmonisch und ausbalanciert treten Geschmackskomponenten von Zitrusfr\u00fcchten sowie eine leichte S\u00fc\u00dfe hervor. Auch das maritime Klima ist dem klassischerweise in Ex-Bourbonf\u00e4ssern gereifte Single Malt anzusp\u00fcren. Diese herrlich abgerundete Mischung \u00fcberzeugt auch international die Fachwelt. So gewann der Caol Ila 12 YO bei der International Wine &amp; Spirits Competition im Jahr 2015 die Silbermedaille und schaffte es im Vorjahr bei der International Spirits Challenge mit der Goldmedaille sogar auf das oberste Treppchen. Jim Murray gab diesem Whisk(e)y 89 Punkte!<\/p>\n<p><strong>Info Qualit\u00e4t der Flasche:<\/strong> Exzellent &#8211; ohne Besch\u00e4digungen \/ <strong>F\u00fcllstand:<\/strong> Into neck<br \/>\n<strong>Info Qualit\u00e4t der Box:\u00a0<\/strong>Exzellent &#8211; ohne Besch\u00e4digungen<\/p>\n<p><strong>Wichtiger Hinweis:<\/strong> Die Bewertung der Flaschen und Boxen erfolgt nach \u201ebesten Wissen und Gewissen\u201c. dramfolks kann keine Gew\u00e4hrleistung f\u00fcr den Inhalt der Flaschen \u00fcbernehmen. Weitere Infos &amp; Hinweise finden Sie in unseren AGBs. Wir empfehlen Ihnen, vor der Abgabe von Geboten \u00fcber die Zoomfunktion eine Besichtigung \/ genaue Pr\u00fcfung des angebotenen Whiskys vorzunehmen. Bitte kontaktieren sie uns bei Fragen direkt unter info@dramfolks.com<\/p>\n","protected":false},"excerpt":{"rendered":"<p>Destille: Caol Ila Caol Ila leitet sich vom g\u00e4lischen Caol \u00ccle f\u00fcr \u00ab\u00a0Sound of Islay\u00a0\u00bb (w\u00f6rtlich \u00ab\u00a0Islay Strait\u00a0\u00bb) ab und bezieht sich auf die Lage der Destillerie mit Blick auf die Meerenge zwischen Islay und Jura. Die Destillerie wurde 1846 von Hector Henderson gegr\u00fcndet. 1854 wechselte Caol Ila den Besitzer. Norman Buchanan, Besitzer der Isle[&#8230;]\n","protected":false},"featured_media":6036,"comment_status":"closed","ping_status":"closed","template":"","meta":[],"product_brand":[],"product_cat":[790],"product_tag":[],"class_list":{"0":"post-6035","1":"product","2":"type-product","3":"status-publish","4":"has-post-thumbnail","6":"product_cat-no-10","8":"first","9":"instock","10":"shipping-taxable","11":"purchasable","12":"product-type-auction"},"yoast_head":"<!-- This site is optimized with the Yoast SEO plugin v27.0 - https:\/\/yoast.com\/product\/yoast-seo-wordpress\/ -->\n<title>Caol Ila - 12yo - Dramfolks Whisky Auction<\/title>\n<meta name=\"robots\" content=\"index, follow, max-snippet:-1, max-image-preview:large, max-video-preview:-1\" \/>\n<link rel=\"canonical\" href=\"https:\/\/www.dramfolks-whisky-auction.com\/fr\/product\/caol-ila-12yo\/\" \/>\n<meta property=\"og:locale\" content=\"fr_FR\" \/>\n<meta property=\"og:type\" content=\"article\" \/>\n<meta property=\"og:title\" content=\"Caol Ila - 12yo - Dramfolks Whisky Auction\" \/>\n<meta property=\"og:description\" content=\"Destille: Caol Ila Caol Ila leitet sich vom g\u00e4lischen Caol \u00ccle f\u00fcr \u00ab\u00a0Sound of Islay\u00a0\u00bb (w\u00f6rtlich \u00ab\u00a0Islay Strait\u00a0\u00bb) ab und bezieht sich auf die Lage der Destillerie mit Blick auf die Meerenge zwischen Islay und Jura. Die Destillerie wurde 1846 von Hector Henderson gegr\u00fcndet. 1854 wechselte Caol Ila den Besitzer. Norman Buchanan, Besitzer der Isle[...]\" \/>\n<meta property=\"og:url\" content=\"https:\/\/www.dramfolks-whisky-auction.com\/fr\/product\/caol-ila-12yo\/\" \/>\n<meta property=\"og:site_name\" content=\"Dramfolks Whisky Auction\" \/>\n<meta property=\"article:modified_time\" content=\"2024-04-28T17:30:10+00:00\" \/>\n<meta property=\"og:image\" content=\"https:\/\/www.dramfolks-whisky-auction.com\/wp-content\/uploads\/2024\/04\/Caol-Ila-12yo-vorne-scaled.jpg\" \/>\n\t<meta property=\"og:image:width\" content=\"2560\" \/>\n\t<meta property=\"og:image:height\" content=\"2560\" \/>\n\t<meta property=\"og:image:type\" content=\"image\/jpeg\" \/>\n<meta name=\"twitter:card\" content=\"summary_large_image\" \/>\n<meta name=\"twitter:label1\" content=\"Dur\u00e9e de lecture estim\u00e9e\" \/>\n\t<meta name=\"twitter:data1\" content=\"3 minutes\" \/>\n<script type=\"application\/ld+json\" class=\"yoast-schema-graph\">{\"@context\":\"https:\/\/schema.org\",\"@graph\":[{\"@type\":\"WebPage\",\"@id\":\"https:\/\/www.dramfolks-whisky-auction.com\/fr\/product\/caol-ila-12yo\/\",\"url\":\"https:\/\/www.dramfolks-whisky-auction.com\/fr\/product\/caol-ila-12yo\/\",\"name\":\"Caol Ila - 12yo - Dramfolks Whisky Auction\",\"isPartOf\":{\"@id\":\"https:\/\/www.dramfolks-whisky-auction.com\/fr\/#website\"},\"primaryImageOfPage\":{\"@id\":\"https:\/\/www.dramfolks-whisky-auction.com\/fr\/product\/caol-ila-12yo\/#primaryimage\"},\"image\":{\"@id\":\"https:\/\/www.dramfolks-whisky-auction.com\/fr\/product\/caol-ila-12yo\/#primaryimage\"},\"thumbnailUrl\":\"https:\/\/www.dramfolks-whisky-auction.com\/wp-content\/uploads\/2024\/04\/Caol-Ila-12yo-vorne-scaled.jpg\",\"datePublished\":\"2024-04-10T19:23:30+00:00\",\"dateModified\":\"2024-04-28T17:30:10+00:00\",\"breadcrumb\":{\"@id\":\"https:\/\/www.dramfolks-whisky-auction.com\/fr\/product\/caol-ila-12yo\/#breadcrumb\"},\"inLanguage\":\"fr-FR\",\"potentialAction\":[{\"@type\":\"ReadAction\",\"target\":[\"https:\/\/www.dramfolks-whisky-auction.com\/fr\/product\/caol-ila-12yo\/\"]}]},{\"@type\":\"ImageObject\",\"inLanguage\":\"fr-FR\",\"@id\":\"https:\/\/www.dramfolks-whisky-auction.com\/fr\/product\/caol-ila-12yo\/#primaryimage\",\"url\":\"https:\/\/www.dramfolks-whisky-auction.com\/wp-content\/uploads\/2024\/04\/Caol-Ila-12yo-vorne-scaled.jpg\",\"contentUrl\":\"https:\/\/www.dramfolks-whisky-auction.com\/wp-content\/uploads\/2024\/04\/Caol-Ila-12yo-vorne-scaled.jpg\",\"width\":2560,\"height\":2560},{\"@type\":\"BreadcrumbList\",\"@id\":\"https:\/\/www.dramfolks-whisky-auction.com\/fr\/product\/caol-ila-12yo\/#breadcrumb\",\"itemListElement\":[{\"@type\":\"ListItem\",\"position\":1,\"name\":\"Startseite\",\"item\":\"https:\/\/www.dramfolks-whisky-auction.com\/fr\/\"},{\"@type\":\"ListItem\",\"position\":2,\"name\":\"Boutique\",\"item\":\"https:\/\/www.dramfolks-whisky-auction.com\/fr\/boutique\/\"},{\"@type\":\"ListItem\",\"position\":3,\"name\":\"Caol Ila &#8211; 12yo\"}]},{\"@type\":\"WebSite\",\"@id\":\"https:\/\/www.dramfolks-whisky-auction.com\/fr\/#website\",\"url\":\"https:\/\/www.dramfolks-whisky-auction.com\/fr\/\",\"name\":\"Dramfolks Whisky Auction\",\"description\":\"\",\"potentialAction\":[{\"@type\":\"SearchAction\",\"target\":{\"@type\":\"EntryPoint\",\"urlTemplate\":\"https:\/\/www.dramfolks-whisky-auction.com\/fr\/?s={search_term_string}\"},\"query-input\":{\"@type\":\"PropertyValueSpecification\",\"valueRequired\":true,\"valueName\":\"search_term_string\"}}],\"inLanguage\":\"fr-FR\"}]}<\/script>\n<!-- \/ Yoast SEO plugin. -->","yoast_head_json":{"title":"Caol Ila - 12yo - Dramfolks Whisky Auction","robots":{"index":"index","follow":"follow","max-snippet":"max-snippet:-1","max-image-preview":"max-image-preview:large","max-video-preview":"max-video-preview:-1"},"canonical":"https:\/\/www.dramfolks-whisky-auction.com\/fr\/product\/caol-ila-12yo\/","og_locale":"fr_FR","og_type":"article","og_title":"Caol Ila - 12yo - Dramfolks Whisky Auction","og_description":"Destille: Caol Ila Caol Ila leitet sich vom g\u00e4lischen Caol \u00ccle f\u00fcr \u00ab\u00a0Sound of Islay\u00a0\u00bb (w\u00f6rtlich \u00ab\u00a0Islay Strait\u00a0\u00bb) ab und bezieht sich auf die Lage der Destillerie mit Blick auf die Meerenge zwischen Islay und Jura. Die Destillerie wurde 1846 von Hector Henderson gegr\u00fcndet. 1854 wechselte Caol Ila den Besitzer. Norman Buchanan, Besitzer der Isle[...]","og_url":"https:\/\/www.dramfolks-whisky-auction.com\/fr\/product\/caol-ila-12yo\/","og_site_name":"Dramfolks Whisky Auction","article_modified_time":"2024-04-28T17:30:10+00:00","og_image":[{"width":2560,"height":2560,"url":"https:\/\/www.dramfolks-whisky-auction.com\/wp-content\/uploads\/2024\/04\/Caol-Ila-12yo-vorne-scaled.jpg","type":"image\/jpeg"}],"twitter_card":"summary_large_image","twitter_misc":{"Dur\u00e9e de lecture estim\u00e9e":"3 minutes"},"schema":{"@context":"https:\/\/schema.org","@graph":[{"@type":"WebPage","@id":"https:\/\/www.dramfolks-whisky-auction.com\/fr\/product\/caol-ila-12yo\/","url":"https:\/\/www.dramfolks-whisky-auction.com\/fr\/product\/caol-ila-12yo\/","name":"Caol Ila - 12yo - Dramfolks Whisky Auction","isPartOf":{"@id":"https:\/\/www.dramfolks-whisky-auction.com\/fr\/#website"},"primaryImageOfPage":{"@id":"https:\/\/www.dramfolks-whisky-auction.com\/fr\/product\/caol-ila-12yo\/#primaryimage"},"image":{"@id":"https:\/\/www.dramfolks-whisky-auction.com\/fr\/product\/caol-ila-12yo\/#primaryimage"},"thumbnailUrl":"https:\/\/www.dramfolks-whisky-auction.com\/wp-content\/uploads\/2024\/04\/Caol-Ila-12yo-vorne-scaled.jpg","datePublished":"2024-04-10T19:23:30+00:00","dateModified":"2024-04-28T17:30:10+00:00","breadcrumb":{"@id":"https:\/\/www.dramfolks-whisky-auction.com\/fr\/product\/caol-ila-12yo\/#breadcrumb"},"inLanguage":"fr-FR","potentialAction":[{"@type":"ReadAction","target":["https:\/\/www.dramfolks-whisky-auction.com\/fr\/product\/caol-ila-12yo\/"]}]},{"@type":"ImageObject","inLanguage":"fr-FR","@id":"https:\/\/www.dramfolks-whisky-auction.com\/fr\/product\/caol-ila-12yo\/#primaryimage","url":"https:\/\/www.dramfolks-whisky-auction.com\/wp-content\/uploads\/2024\/04\/Caol-Ila-12yo-vorne-scaled.jpg","contentUrl":"https:\/\/www.dramfolks-whisky-auction.com\/wp-content\/uploads\/2024\/04\/Caol-Ila-12yo-vorne-scaled.jpg","width":2560,"height":2560},{"@type":"BreadcrumbList","@id":"https:\/\/www.dramfolks-whisky-auction.com\/fr\/product\/caol-ila-12yo\/#breadcrumb","itemListElement":[{"@type":"ListItem","position":1,"name":"Startseite","item":"https:\/\/www.dramfolks-whisky-auction.com\/fr\/"},{"@type":"ListItem","position":2,"name":"Boutique","item":"https:\/\/www.dramfolks-whisky-auction.com\/fr\/boutique\/"},{"@type":"ListItem","position":3,"name":"Caol Ila &#8211; 12yo"}]},{"@type":"WebSite","@id":"https:\/\/www.dramfolks-whisky-auction.com\/fr\/#website","url":"https:\/\/www.dramfolks-whisky-auction.com\/fr\/","name":"Dramfolks Whisky Auction","description":"","potentialAction":[{"@type":"SearchAction","target":{"@type":"EntryPoint","urlTemplate":"https:\/\/www.dramfolks-whisky-auction.com\/fr\/?s={search_term_string}"},"query-input":{"@type":"PropertyValueSpecification","valueRequired":true,"valueName":"search_term_string"}}],"inLanguage":"fr-FR"}]}},"_links":{"self":[{"href":"https:\/\/www.dramfolks-whisky-auction.com\/fr\/wp-json\/wp\/v2\/product\/6035","targetHints":{"allow":["GET"]}}],"collection":[{"href":"https:\/\/www.dramfolks-whisky-auction.com\/fr\/wp-json\/wp\/v2\/product"}],"about":[{"href":"https:\/\/www.dramfolks-whisky-auction.com\/fr\/wp-json\/wp\/v2\/types\/product"}],"replies":[{"embeddable":true,"href":"https:\/\/www.dramfolks-whisky-auction.com\/fr\/wp-json\/wp\/v2\/comments?post=6035"}],"wp:featuredmedia":[{"embeddable":true,"href":"https:\/\/www.dramfolks-whisky-auction.com\/fr\/wp-json\/wp\/v2\/media\/6036"}],"wp:attachment":[{"href":"https:\/\/www.dramfolks-whisky-auction.com\/fr\/wp-json\/wp\/v2\/media?parent=6035"}],"wp:term":[{"taxonomy":"product_brand","embeddable":true,"href":"https:\/\/www.dramfolks-whisky-auction.com\/fr\/wp-json\/wp\/v2\/product_brand?post=6035"},{"taxonomy":"product_cat","embeddable":true,"href":"https:\/\/www.dramfolks-whisky-auction.com\/fr\/wp-json\/wp\/v2\/product_cat?post=6035"},{"taxonomy":"product_tag","embeddable":true,"href":"https:\/\/www.dramfolks-whisky-auction.com\/fr\/wp-json\/wp\/v2\/product_tag?post=6035"}],"curies":[{"name":"wp","href":"https:\/\/api.w.org\/{rel}","templated":true}]}}