{"id":5869,"date":"2024-04-09T22:41:43","date_gmt":"2024-04-09T20:41:43","guid":{"rendered":"https:\/\/www.dramfolks-whisky-auction.com\/?post_type=product&#038;p=5869"},"modified":"2024-05-02T07:51:20","modified_gmt":"2024-05-02T05:51:20","slug":"gladstone-axe-the-black-axe","status":"publish","type":"product","link":"https:\/\/www.dramfolks-whisky-auction.com\/fr\/product\/gladstone-axe-the-black-axe\/","title":{"rendered":"Gladstone Axe &#8211; The Black Axe"},"content":{"rendered":"<p><strong>Destille: Gladstone Axe<br \/>\n<\/strong>Die Gladstone Axe ist eine neue schottische Whiskymarke des US-amerikanischen Spirituosenherstellers Biggar and Leith. Er ehrt William Ewart Gladstone, einen ber\u00fchmten britischen Politiker. Gladstone war im 19. Jahrhundert viermal Premierminister. Er war bekannt f\u00fcr seine Reden und liberalen Reformen. Sein Image auf den Whisky-Etiketten steht f\u00fcr eine starke Geschichte und einen Fokus auf Premium-Whisky. Das Unternehmen bietet ein Sortiment f\u00fcr verschiedene Whisky-Fans. Dazu geh\u00f6ren sowohl gereifte als auch nicht altersbedingte Statement-Whiskys. Sie stellen The Gladstone Axe Whiskys nach traditionellen schottischen Methoden her. Das sorgt f\u00fcr einen authentischen Geschmack. Die Whiskys reifen in ausgew\u00e4hlten F\u00e4ssern. So k\u00f6nnen sie subtile Aromen aus dem Holz aufnehmen. Das Ergebnis ist ein weicher und abgerundeter Whisky. Es eignet sich sowohl f\u00fcr Anf\u00e4nger als auch f\u00fcr Experten. Die Marke verbindet Geschichte mit modernem Geschmack. Er respektiert die traditionelle schottische Whiskyherstellung, entspricht aber auch den heutigen Vorlieben. Die Gladstone Axe bietet mehr als nur Whisky. Es vereint Geschichte, Qualit\u00e4t und gro\u00dfartigen Geschmack.<\/p>\n<p><strong>Fun Fakt:\u00a0<\/strong>Hinter jeder gro\u00dfen Marke steckt eine gro\u00dfartige Geschichte&#8230; und Gladstone basiert auf einer Geschichte einer Galionsfigur f\u00fcr einen Scotch Whisky. Mr. Gladstone, und seine Axt!<br \/>\nHerr Gladstone unterzeichnete den Spirits Act von 1860, der zum ersten Mal das Mischen von Scotch erlaubte \u2013 und damit im Wesentlichen die schottische Whiskyindustrie schuf, die wir heute kennen. Bekannt als \u00ab\u00a0THE GRAND OLD MAN\u00a0\u00bb, war seine Leidenschaft und sein Zeitvertreib das F\u00e4llen von B\u00e4umen mit seiner treuen Sammlung von \u00c4xten &#8211; Menschen aus dem ganzen Land kamen, um ihm beim F\u00e4llen von B\u00e4umen zuzusehen.<\/p>\n<p><strong>Whisky\/Whiskey: The Black Axe<br \/>\n<\/strong>Beliebter denn je \u2013 und das nicht mehr nur bei den \u201e\u00e4lteren Generationen\u201c und Feinschmeckern. Whisk(e)y ist nicht umsonst bekannt als fl\u00fcssiges Gold und befindet sich stetig auf dem Vormarsch zu einer der beliebtesten Spirituosen weltweit. Als charakteristisches Merkmal aus vielen alten Filmstreifen wird die vielseitige Spirituose nunmehr mit einem Gedanken an Tradition verbunden.<br \/>\nGenau diese Br\u00fccke schlug auch Elwyn Gladstone, Urururgro\u00dfenkel des ehemaligen schottischen Premierministers William Gladstone, und schafft mit der Kreation der The Gladstone Axe Whiskys eine Anekdote in Andenken an seinen Vorfahren \u2013 stets in Wertsch\u00e4tzung der Liebe zum Heimatland Schottland. Und der Begr\u00fcnder des \u201eSpirits Act of 1860\u201c und Urheber der goldenen Spirituose wird gleich doppelt gew\u00fcrdigt. Mit dem \u201eAmerican Oak\u201c, einem modernen Klassiker, und \u201eThe Black Axe\u201c mit rauchiger Note, schuf sein Nachfahre gleich zwei einzigartige, mixbare Whisky Blends \u2013 vollmundig, traditionell schottisch und vor allem super-vielseitig. Die Gladstone Axe Scotch Whiskys werden zu 100% aus gem\u00e4lzter Gerste hergestellt und reifen in amerikanischen Eichenf\u00e4ssern. Was ihn so einzigartig macht: The Black Axe setzt sich zusammen aus individuellen Blends aus ausgew\u00e4hlten Malz-Whiskys. Insgesamt 14 Highland- und Islay-Brennereien steuern eine unverkennbare schottische Note zum Gladstone Axe bei und kreieren einen Whisky Blend der besonderen Art. Wunderbar vielseitig, um das fl\u00fcssige Gold nach Gladstone-Tradition im Cocktail, als Longdrink, oder einfach klassisch on the rocks zu genie\u00dfen.<\/p>\n<p><strong>Info Qualit\u00e4t der Flasche:<\/strong> Exzellent &#8211; ohne Besch\u00e4digungen \/ <strong>F\u00fcllstand:<\/strong> Top shoulder<br \/>\n<strong>Info Qualit\u00e4t der Box: <\/strong>keine Box vorhanden<\/p>\n<p><strong>Wichtiger Hinweis:<\/strong> Die Bewertung der Flaschen und Boxen erfolgt nach \u201ebesten Wissen und Gewissen\u201c. dramfolks kann keine Gew\u00e4hrleistung f\u00fcr den Inhalt der Flaschen \u00fcbernehmen. Weitere Infos &amp; Hinweise finden Sie in unseren AGBs. Wir empfehlen Ihnen, vor der Abgabe von Geboten \u00fcber die Zoomfunktion eine Besichtigung \/ genaue Pr\u00fcfung des angebotenen Whiskys vorzunehmen. Bitte kontaktieren sie uns bei Fragen direkt unter info@dramfolks.com<\/p>\n","protected":false},"excerpt":{"rendered":"<p>Destille: Gladstone Axe Die Gladstone Axe ist eine neue schottische Whiskymarke des US-amerikanischen Spirituosenherstellers Biggar and Leith. Er ehrt William Ewart Gladstone, einen ber\u00fchmten britischen Politiker. Gladstone war im 19. Jahrhundert viermal Premierminister. Er war bekannt f\u00fcr seine Reden und liberalen Reformen. Sein Image auf den Whisky-Etiketten steht f\u00fcr eine starke Geschichte und einen Fokus[&#8230;]\n","protected":false},"featured_media":5870,"comment_status":"closed","ping_status":"closed","template":"","meta":[],"product_brand":[],"product_cat":[790],"product_tag":[],"class_list":{"0":"post-5869","1":"product","2":"type-product","3":"status-publish","4":"has-post-thumbnail","6":"product_cat-no-10","8":"first","9":"instock","10":"shipping-taxable","11":"purchasable","12":"product-type-auction"},"yoast_head":"<!-- This site is optimized with the Yoast SEO plugin v27.4 - https:\/\/yoast.com\/product\/yoast-seo-wordpress\/ -->\n<title>Gladstone Axe - The Black Axe - Dramfolks Whisky Auction<\/title>\n<meta name=\"robots\" content=\"index, follow, max-snippet:-1, max-image-preview:large, max-video-preview:-1\" \/>\n<link rel=\"canonical\" href=\"https:\/\/www.dramfolks-whisky-auction.com\/fr\/product\/gladstone-axe-the-black-axe\/\" \/>\n<meta property=\"og:locale\" content=\"fr_FR\" \/>\n<meta property=\"og:type\" content=\"article\" \/>\n<meta property=\"og:title\" content=\"Gladstone Axe - The Black Axe - Dramfolks Whisky Auction\" \/>\n<meta property=\"og:description\" content=\"Destille: Gladstone Axe Die Gladstone Axe ist eine neue schottische Whiskymarke des US-amerikanischen Spirituosenherstellers Biggar and Leith. Er ehrt William Ewart Gladstone, einen ber\u00fchmten britischen Politiker. Gladstone war im 19. Jahrhundert viermal Premierminister. Er war bekannt f\u00fcr seine Reden und liberalen Reformen. Sein Image auf den Whisky-Etiketten steht f\u00fcr eine starke Geschichte und einen Fokus[...]\" \/>\n<meta property=\"og:url\" content=\"https:\/\/www.dramfolks-whisky-auction.com\/fr\/product\/gladstone-axe-the-black-axe\/\" \/>\n<meta property=\"og:site_name\" content=\"Dramfolks Whisky Auction\" \/>\n<meta property=\"article:modified_time\" content=\"2024-05-02T05:51:20+00:00\" \/>\n<meta property=\"og:image\" content=\"https:\/\/www.dramfolks-whisky-auction.com\/wp-content\/uploads\/2024\/04\/Gladstone-Axe-vorne-scaled.jpg\" \/>\n\t<meta property=\"og:image:width\" content=\"2560\" \/>\n\t<meta property=\"og:image:height\" content=\"2560\" \/>\n\t<meta property=\"og:image:type\" content=\"image\/jpeg\" \/>\n<meta name=\"twitter:card\" content=\"summary_large_image\" \/>\n<meta name=\"twitter:label1\" content=\"Dur\u00e9e de lecture estim\u00e9e\" \/>\n\t<meta name=\"twitter:data1\" content=\"4 minutes\" \/>\n<script type=\"application\/ld+json\" class=\"yoast-schema-graph\">{\"@context\":\"https:\\\/\\\/schema.org\",\"@graph\":[{\"@type\":\"WebPage\",\"@id\":\"https:\\\/\\\/www.dramfolks-whisky-auction.com\\\/fr\\\/product\\\/gladstone-axe-the-black-axe\\\/\",\"url\":\"https:\\\/\\\/www.dramfolks-whisky-auction.com\\\/fr\\\/product\\\/gladstone-axe-the-black-axe\\\/\",\"name\":\"Gladstone Axe - The Black Axe - Dramfolks Whisky Auction\",\"isPartOf\":{\"@id\":\"https:\\\/\\\/www.dramfolks-whisky-auction.com\\\/fr\\\/#website\"},\"primaryImageOfPage\":{\"@id\":\"https:\\\/\\\/www.dramfolks-whisky-auction.com\\\/fr\\\/product\\\/gladstone-axe-the-black-axe\\\/#primaryimage\"},\"image\":{\"@id\":\"https:\\\/\\\/www.dramfolks-whisky-auction.com\\\/fr\\\/product\\\/gladstone-axe-the-black-axe\\\/#primaryimage\"},\"thumbnailUrl\":\"https:\\\/\\\/www.dramfolks-whisky-auction.com\\\/wp-content\\\/uploads\\\/2024\\\/04\\\/Gladstone-Axe-vorne-scaled.jpg\",\"datePublished\":\"2024-04-09T20:41:43+00:00\",\"dateModified\":\"2024-05-02T05:51:20+00:00\",\"breadcrumb\":{\"@id\":\"https:\\\/\\\/www.dramfolks-whisky-auction.com\\\/fr\\\/product\\\/gladstone-axe-the-black-axe\\\/#breadcrumb\"},\"inLanguage\":\"fr-FR\",\"potentialAction\":[{\"@type\":\"ReadAction\",\"target\":[\"https:\\\/\\\/www.dramfolks-whisky-auction.com\\\/fr\\\/product\\\/gladstone-axe-the-black-axe\\\/\"]}]},{\"@type\":\"ImageObject\",\"inLanguage\":\"fr-FR\",\"@id\":\"https:\\\/\\\/www.dramfolks-whisky-auction.com\\\/fr\\\/product\\\/gladstone-axe-the-black-axe\\\/#primaryimage\",\"url\":\"https:\\\/\\\/www.dramfolks-whisky-auction.com\\\/wp-content\\\/uploads\\\/2024\\\/04\\\/Gladstone-Axe-vorne-scaled.jpg\",\"contentUrl\":\"https:\\\/\\\/www.dramfolks-whisky-auction.com\\\/wp-content\\\/uploads\\\/2024\\\/04\\\/Gladstone-Axe-vorne-scaled.jpg\",\"width\":2560,\"height\":2560},{\"@type\":\"BreadcrumbList\",\"@id\":\"https:\\\/\\\/www.dramfolks-whisky-auction.com\\\/fr\\\/product\\\/gladstone-axe-the-black-axe\\\/#breadcrumb\",\"itemListElement\":[{\"@type\":\"ListItem\",\"position\":1,\"name\":\"Startseite\",\"item\":\"https:\\\/\\\/www.dramfolks-whisky-auction.com\\\/fr\\\/\"},{\"@type\":\"ListItem\",\"position\":2,\"name\":\"Boutique\",\"item\":\"https:\\\/\\\/www.dramfolks-whisky-auction.com\\\/fr\\\/boutique\\\/\"},{\"@type\":\"ListItem\",\"position\":3,\"name\":\"Gladstone Axe &#8211; The Black Axe\"}]},{\"@type\":\"WebSite\",\"@id\":\"https:\\\/\\\/www.dramfolks-whisky-auction.com\\\/fr\\\/#website\",\"url\":\"https:\\\/\\\/www.dramfolks-whisky-auction.com\\\/fr\\\/\",\"name\":\"Dramfolks Whisky Auction\",\"description\":\"\",\"potentialAction\":[{\"@type\":\"SearchAction\",\"target\":{\"@type\":\"EntryPoint\",\"urlTemplate\":\"https:\\\/\\\/www.dramfolks-whisky-auction.com\\\/fr\\\/?s={search_term_string}\"},\"query-input\":{\"@type\":\"PropertyValueSpecification\",\"valueRequired\":true,\"valueName\":\"search_term_string\"}}],\"inLanguage\":\"fr-FR\"}]}<\/script>\n<!-- \/ Yoast SEO plugin. -->","yoast_head_json":{"title":"Gladstone Axe - The Black Axe - Dramfolks Whisky Auction","robots":{"index":"index","follow":"follow","max-snippet":"max-snippet:-1","max-image-preview":"max-image-preview:large","max-video-preview":"max-video-preview:-1"},"canonical":"https:\/\/www.dramfolks-whisky-auction.com\/fr\/product\/gladstone-axe-the-black-axe\/","og_locale":"fr_FR","og_type":"article","og_title":"Gladstone Axe - The Black Axe - Dramfolks Whisky Auction","og_description":"Destille: Gladstone Axe Die Gladstone Axe ist eine neue schottische Whiskymarke des US-amerikanischen Spirituosenherstellers Biggar and Leith. Er ehrt William Ewart Gladstone, einen ber\u00fchmten britischen Politiker. Gladstone war im 19. Jahrhundert viermal Premierminister. Er war bekannt f\u00fcr seine Reden und liberalen Reformen. Sein Image auf den Whisky-Etiketten steht f\u00fcr eine starke Geschichte und einen Fokus[...]","og_url":"https:\/\/www.dramfolks-whisky-auction.com\/fr\/product\/gladstone-axe-the-black-axe\/","og_site_name":"Dramfolks Whisky Auction","article_modified_time":"2024-05-02T05:51:20+00:00","og_image":[{"width":2560,"height":2560,"url":"https:\/\/www.dramfolks-whisky-auction.com\/wp-content\/uploads\/2024\/04\/Gladstone-Axe-vorne-scaled.jpg","type":"image\/jpeg"}],"twitter_card":"summary_large_image","twitter_misc":{"Dur\u00e9e de lecture estim\u00e9e":"4 minutes"},"schema":{"@context":"https:\/\/schema.org","@graph":[{"@type":"WebPage","@id":"https:\/\/www.dramfolks-whisky-auction.com\/fr\/product\/gladstone-axe-the-black-axe\/","url":"https:\/\/www.dramfolks-whisky-auction.com\/fr\/product\/gladstone-axe-the-black-axe\/","name":"Gladstone Axe - The Black Axe - Dramfolks Whisky Auction","isPartOf":{"@id":"https:\/\/www.dramfolks-whisky-auction.com\/fr\/#website"},"primaryImageOfPage":{"@id":"https:\/\/www.dramfolks-whisky-auction.com\/fr\/product\/gladstone-axe-the-black-axe\/#primaryimage"},"image":{"@id":"https:\/\/www.dramfolks-whisky-auction.com\/fr\/product\/gladstone-axe-the-black-axe\/#primaryimage"},"thumbnailUrl":"https:\/\/www.dramfolks-whisky-auction.com\/wp-content\/uploads\/2024\/04\/Gladstone-Axe-vorne-scaled.jpg","datePublished":"2024-04-09T20:41:43+00:00","dateModified":"2024-05-02T05:51:20+00:00","breadcrumb":{"@id":"https:\/\/www.dramfolks-whisky-auction.com\/fr\/product\/gladstone-axe-the-black-axe\/#breadcrumb"},"inLanguage":"fr-FR","potentialAction":[{"@type":"ReadAction","target":["https:\/\/www.dramfolks-whisky-auction.com\/fr\/product\/gladstone-axe-the-black-axe\/"]}]},{"@type":"ImageObject","inLanguage":"fr-FR","@id":"https:\/\/www.dramfolks-whisky-auction.com\/fr\/product\/gladstone-axe-the-black-axe\/#primaryimage","url":"https:\/\/www.dramfolks-whisky-auction.com\/wp-content\/uploads\/2024\/04\/Gladstone-Axe-vorne-scaled.jpg","contentUrl":"https:\/\/www.dramfolks-whisky-auction.com\/wp-content\/uploads\/2024\/04\/Gladstone-Axe-vorne-scaled.jpg","width":2560,"height":2560},{"@type":"BreadcrumbList","@id":"https:\/\/www.dramfolks-whisky-auction.com\/fr\/product\/gladstone-axe-the-black-axe\/#breadcrumb","itemListElement":[{"@type":"ListItem","position":1,"name":"Startseite","item":"https:\/\/www.dramfolks-whisky-auction.com\/fr\/"},{"@type":"ListItem","position":2,"name":"Boutique","item":"https:\/\/www.dramfolks-whisky-auction.com\/fr\/boutique\/"},{"@type":"ListItem","position":3,"name":"Gladstone Axe &#8211; The Black Axe"}]},{"@type":"WebSite","@id":"https:\/\/www.dramfolks-whisky-auction.com\/fr\/#website","url":"https:\/\/www.dramfolks-whisky-auction.com\/fr\/","name":"Dramfolks Whisky Auction","description":"","potentialAction":[{"@type":"SearchAction","target":{"@type":"EntryPoint","urlTemplate":"https:\/\/www.dramfolks-whisky-auction.com\/fr\/?s={search_term_string}"},"query-input":{"@type":"PropertyValueSpecification","valueRequired":true,"valueName":"search_term_string"}}],"inLanguage":"fr-FR"}]}},"_links":{"self":[{"href":"https:\/\/www.dramfolks-whisky-auction.com\/fr\/wp-json\/wp\/v2\/product\/5869","targetHints":{"allow":["GET"]}}],"collection":[{"href":"https:\/\/www.dramfolks-whisky-auction.com\/fr\/wp-json\/wp\/v2\/product"}],"about":[{"href":"https:\/\/www.dramfolks-whisky-auction.com\/fr\/wp-json\/wp\/v2\/types\/product"}],"replies":[{"embeddable":true,"href":"https:\/\/www.dramfolks-whisky-auction.com\/fr\/wp-json\/wp\/v2\/comments?post=5869"}],"wp:featuredmedia":[{"embeddable":true,"href":"https:\/\/www.dramfolks-whisky-auction.com\/fr\/wp-json\/wp\/v2\/media\/5870"}],"wp:attachment":[{"href":"https:\/\/www.dramfolks-whisky-auction.com\/fr\/wp-json\/wp\/v2\/media?parent=5869"}],"wp:term":[{"taxonomy":"product_brand","embeddable":true,"href":"https:\/\/www.dramfolks-whisky-auction.com\/fr\/wp-json\/wp\/v2\/product_brand?post=5869"},{"taxonomy":"product_cat","embeddable":true,"href":"https:\/\/www.dramfolks-whisky-auction.com\/fr\/wp-json\/wp\/v2\/product_cat?post=5869"},{"taxonomy":"product_tag","embeddable":true,"href":"https:\/\/www.dramfolks-whisky-auction.com\/fr\/wp-json\/wp\/v2\/product_tag?post=5869"}],"curies":[{"name":"wp","href":"https:\/\/api.w.org\/{rel}","templated":true}]}}