{"id":5787,"date":"2024-04-09T21:01:13","date_gmt":"2024-04-09T19:01:13","guid":{"rendered":"https:\/\/www.dramfolks-whisky-auction.com\/?post_type=product&#038;p=5787"},"modified":"2024-05-01T18:44:00","modified_gmt":"2024-05-01T16:44:00","slug":"glenlivet-13yo-first-fill-american-oak-whisky","status":"publish","type":"product","link":"https:\/\/www.dramfolks-whisky-auction.com\/fr\/product\/glenlivet-13yo-first-fill-american-oak-whisky\/","title":{"rendered":"Glenlivet &#8211; 13yo First Fill American Oak Whisky"},"content":{"rendered":"<p><strong>Destille: Glenlivet<br \/>\n<\/strong>Die Glenlivet Distillery ist eine Destillerie in der N\u00e4he von Ballindalloch in Moray, Schottland. Es ist die \u00e4lteste legale Destillerie in ganz Schottland. Sie wurde 1824 gegr\u00fcndet und ist seitdem fast ununterbrochen in Betrieb. Die Destillerie blieb w\u00e4hrend der Weltwirtschaftskrise ge\u00f6ffnet und wurde erst w\u00e4hrend des Zweiten Weltkriegs geschlossen. Die Glenlivet Destillerie hat sich in der Nachkriegszeit zu einer der gr\u00f6\u00dften Single Malt Destillerien entwickelt. Die Marke Glenlivet ist der meistverkaufte Single Malt Whisky in den Vereinigten Staaten und die zweitmeistverkaufte Single Malt Marke weltweit &#8211; nach Glenfiddich. Heute ist die Destillerie im Besitz der Tochtergesellschaft Chivas Brothers des franz\u00f6sischen Alkoholherstellers Pernod Ricard. J\u00e4hrliche Produktionskapazit\u00e4t: ca. 10,5 Mio. Liter.<\/p>\n<p><strong>Fun fact:<\/strong> Die Whiskywelt ist sich nicht ganz einig&#8230; Obwohl The Glenlivet weithin als die \u00e4lteste noch in Betrieb befindliche Destillerie Schottlands gilt, ist sie es (wahrscheinlich) doch nicht. Diese Ehre geb\u00fchrt Strathisla, w\u00e4hrend Glen Garioch noch \u00e4lter sein k\u00f6nnte. Glenlivet war jedoch eines der ersten Destillerien, welches eine der neuen Lizenzen erwarb, die nach der Verabschiedung des Excise Act von 1823 ausgestellt wurden (gilt als Ausgangspunkt der modernen schottischen Whiskyindustrie).<\/p>\n<p><strong>Whisky\/Whiskey: 13yo First Fill American Oak Whisky<br \/>\n<\/strong>F\u00fcr mindestens 13 Jahre reifte der 13yo First Fill American Oak Whisky in neuen amerikanischen Wei\u00dfeichenf\u00e4ssern, was den angenehmen s\u00fc\u00dfen Charakter des Whiskys zur Folge hat. Urspr\u00fcnglich wurde der 13-j\u00e4hrige exklusiv f\u00fcr den franz\u00f6sischen Markt konzipiert, sp\u00e4ter dann auch in weiteren euop\u00e4ischen L\u00e4ndern angeboten. Dieser Glenlivet hat einen weichen und milden Geschmack. Beim ersten Schluck ist die S\u00fc\u00dfe von Vanille und Honig sp\u00fcrbar, die sich nach und nach in fruchtige Noten verwandelt, die an Zitrusfr\u00fcchte und \u00c4pfel erinnern..<\/p>\n<p><strong>Info Qualit\u00e4t der Flasche:<\/strong> Exzellent &#8211; ohne Besch\u00e4digungen \/ <strong>F\u00fcllstand:<\/strong> High fill<br \/>\n<strong>Info Qualit\u00e4t der Box:<\/strong> Exzellent &#8211; ohne Besch\u00e4digungen<\/p>\n<p><strong>Wichtiger Hinweis:<\/strong> Die Bewertung der Flaschen und Boxen erfolgt nach \u201ebesten Wissen und Gewissen\u201c. dramfolks kann keine Gew\u00e4hrleistung f\u00fcr den Inhalt der Flaschen \u00fcbernehmen. Weitere Infos &amp; Hinweise finden Sie in unseren AGBs. Wir empfehlen Ihnen, vor der Abgabe von Geboten \u00fcber die Zoomfunktion eine Besichtigung \/ genaue Pr\u00fcfung des angebotenen Whiskys vorzunehmen. Bitte kontaktieren sie uns bei Fragen direkt unter info@dramfolks.com<\/p>\n","protected":false},"excerpt":{"rendered":"<p>Destille: Glenlivet Die Glenlivet Distillery ist eine Destillerie in der N\u00e4he von Ballindalloch in Moray, Schottland. Es ist die \u00e4lteste legale Destillerie in ganz Schottland. Sie wurde 1824 gegr\u00fcndet und ist seitdem fast ununterbrochen in Betrieb. Die Destillerie blieb w\u00e4hrend der Weltwirtschaftskrise ge\u00f6ffnet und wurde erst w\u00e4hrend des Zweiten Weltkriegs geschlossen. Die Glenlivet Destillerie hat[&#8230;]\n","protected":false},"featured_media":5788,"comment_status":"closed","ping_status":"closed","template":"","meta":[],"product_brand":[],"product_cat":[790],"product_tag":[],"class_list":{"0":"post-5787","1":"product","2":"type-product","3":"status-publish","4":"has-post-thumbnail","6":"product_cat-no-10","8":"first","9":"instock","10":"shipping-taxable","11":"purchasable","12":"product-type-auction"},"yoast_head":"<!-- This site is optimized with the Yoast SEO plugin v27.4 - https:\/\/yoast.com\/product\/yoast-seo-wordpress\/ -->\n<title>Glenlivet - 13yo First Fill American Oak Whisky - Dramfolks Whisky Auction<\/title>\n<meta name=\"robots\" content=\"index, follow, max-snippet:-1, max-image-preview:large, max-video-preview:-1\" \/>\n<link rel=\"canonical\" href=\"https:\/\/www.dramfolks-whisky-auction.com\/fr\/product\/glenlivet-13yo-first-fill-american-oak-whisky\/\" \/>\n<meta property=\"og:locale\" content=\"fr_FR\" \/>\n<meta property=\"og:type\" content=\"article\" \/>\n<meta property=\"og:title\" content=\"Glenlivet - 13yo First Fill American Oak Whisky - Dramfolks Whisky Auction\" \/>\n<meta property=\"og:description\" content=\"Destille: Glenlivet Die Glenlivet Distillery ist eine Destillerie in der N\u00e4he von Ballindalloch in Moray, Schottland. Es ist die \u00e4lteste legale Destillerie in ganz Schottland. Sie wurde 1824 gegr\u00fcndet und ist seitdem fast ununterbrochen in Betrieb. Die Destillerie blieb w\u00e4hrend der Weltwirtschaftskrise ge\u00f6ffnet und wurde erst w\u00e4hrend des Zweiten Weltkriegs geschlossen. Die Glenlivet Destillerie hat[...]\" \/>\n<meta property=\"og:url\" content=\"https:\/\/www.dramfolks-whisky-auction.com\/fr\/product\/glenlivet-13yo-first-fill-american-oak-whisky\/\" \/>\n<meta property=\"og:site_name\" content=\"Dramfolks Whisky Auction\" \/>\n<meta property=\"article:modified_time\" content=\"2024-05-01T16:44:00+00:00\" \/>\n<meta property=\"og:image\" content=\"https:\/\/www.dramfolks-whisky-auction.com\/wp-content\/uploads\/2024\/04\/Glenlivit-13yo-vorne-scaled.jpg\" \/>\n\t<meta property=\"og:image:width\" content=\"2560\" \/>\n\t<meta property=\"og:image:height\" content=\"2560\" \/>\n\t<meta property=\"og:image:type\" content=\"image\/jpeg\" \/>\n<meta name=\"twitter:card\" content=\"summary_large_image\" \/>\n<meta name=\"twitter:label1\" content=\"Dur\u00e9e de lecture estim\u00e9e\" \/>\n\t<meta name=\"twitter:data1\" content=\"3 minutes\" \/>\n<script type=\"application\/ld+json\" class=\"yoast-schema-graph\">{\"@context\":\"https:\\\/\\\/schema.org\",\"@graph\":[{\"@type\":\"WebPage\",\"@id\":\"https:\\\/\\\/www.dramfolks-whisky-auction.com\\\/fr\\\/product\\\/glenlivet-13yo-first-fill-american-oak-whisky\\\/\",\"url\":\"https:\\\/\\\/www.dramfolks-whisky-auction.com\\\/fr\\\/product\\\/glenlivet-13yo-first-fill-american-oak-whisky\\\/\",\"name\":\"Glenlivet - 13yo First Fill American Oak Whisky - Dramfolks Whisky Auction\",\"isPartOf\":{\"@id\":\"https:\\\/\\\/www.dramfolks-whisky-auction.com\\\/fr\\\/#website\"},\"primaryImageOfPage\":{\"@id\":\"https:\\\/\\\/www.dramfolks-whisky-auction.com\\\/fr\\\/product\\\/glenlivet-13yo-first-fill-american-oak-whisky\\\/#primaryimage\"},\"image\":{\"@id\":\"https:\\\/\\\/www.dramfolks-whisky-auction.com\\\/fr\\\/product\\\/glenlivet-13yo-first-fill-american-oak-whisky\\\/#primaryimage\"},\"thumbnailUrl\":\"https:\\\/\\\/www.dramfolks-whisky-auction.com\\\/wp-content\\\/uploads\\\/2024\\\/04\\\/Glenlivit-13yo-vorne-scaled.jpg\",\"datePublished\":\"2024-04-09T19:01:13+00:00\",\"dateModified\":\"2024-05-01T16:44:00+00:00\",\"breadcrumb\":{\"@id\":\"https:\\\/\\\/www.dramfolks-whisky-auction.com\\\/fr\\\/product\\\/glenlivet-13yo-first-fill-american-oak-whisky\\\/#breadcrumb\"},\"inLanguage\":\"fr-FR\",\"potentialAction\":[{\"@type\":\"ReadAction\",\"target\":[\"https:\\\/\\\/www.dramfolks-whisky-auction.com\\\/fr\\\/product\\\/glenlivet-13yo-first-fill-american-oak-whisky\\\/\"]}]},{\"@type\":\"ImageObject\",\"inLanguage\":\"fr-FR\",\"@id\":\"https:\\\/\\\/www.dramfolks-whisky-auction.com\\\/fr\\\/product\\\/glenlivet-13yo-first-fill-american-oak-whisky\\\/#primaryimage\",\"url\":\"https:\\\/\\\/www.dramfolks-whisky-auction.com\\\/wp-content\\\/uploads\\\/2024\\\/04\\\/Glenlivit-13yo-vorne-scaled.jpg\",\"contentUrl\":\"https:\\\/\\\/www.dramfolks-whisky-auction.com\\\/wp-content\\\/uploads\\\/2024\\\/04\\\/Glenlivit-13yo-vorne-scaled.jpg\",\"width\":2560,\"height\":2560},{\"@type\":\"BreadcrumbList\",\"@id\":\"https:\\\/\\\/www.dramfolks-whisky-auction.com\\\/fr\\\/product\\\/glenlivet-13yo-first-fill-american-oak-whisky\\\/#breadcrumb\",\"itemListElement\":[{\"@type\":\"ListItem\",\"position\":1,\"name\":\"Startseite\",\"item\":\"https:\\\/\\\/www.dramfolks-whisky-auction.com\\\/fr\\\/\"},{\"@type\":\"ListItem\",\"position\":2,\"name\":\"Boutique\",\"item\":\"https:\\\/\\\/www.dramfolks-whisky-auction.com\\\/fr\\\/boutique\\\/\"},{\"@type\":\"ListItem\",\"position\":3,\"name\":\"Glenlivet &#8211; 13yo First Fill American Oak Whisky\"}]},{\"@type\":\"WebSite\",\"@id\":\"https:\\\/\\\/www.dramfolks-whisky-auction.com\\\/fr\\\/#website\",\"url\":\"https:\\\/\\\/www.dramfolks-whisky-auction.com\\\/fr\\\/\",\"name\":\"Dramfolks Whisky Auction\",\"description\":\"\",\"potentialAction\":[{\"@type\":\"SearchAction\",\"target\":{\"@type\":\"EntryPoint\",\"urlTemplate\":\"https:\\\/\\\/www.dramfolks-whisky-auction.com\\\/fr\\\/?s={search_term_string}\"},\"query-input\":{\"@type\":\"PropertyValueSpecification\",\"valueRequired\":true,\"valueName\":\"search_term_string\"}}],\"inLanguage\":\"fr-FR\"}]}<\/script>\n<!-- \/ Yoast SEO plugin. -->","yoast_head_json":{"title":"Glenlivet - 13yo First Fill American Oak Whisky - Dramfolks Whisky Auction","robots":{"index":"index","follow":"follow","max-snippet":"max-snippet:-1","max-image-preview":"max-image-preview:large","max-video-preview":"max-video-preview:-1"},"canonical":"https:\/\/www.dramfolks-whisky-auction.com\/fr\/product\/glenlivet-13yo-first-fill-american-oak-whisky\/","og_locale":"fr_FR","og_type":"article","og_title":"Glenlivet - 13yo First Fill American Oak Whisky - Dramfolks Whisky Auction","og_description":"Destille: Glenlivet Die Glenlivet Distillery ist eine Destillerie in der N\u00e4he von Ballindalloch in Moray, Schottland. Es ist die \u00e4lteste legale Destillerie in ganz Schottland. Sie wurde 1824 gegr\u00fcndet und ist seitdem fast ununterbrochen in Betrieb. Die Destillerie blieb w\u00e4hrend der Weltwirtschaftskrise ge\u00f6ffnet und wurde erst w\u00e4hrend des Zweiten Weltkriegs geschlossen. Die Glenlivet Destillerie hat[...]","og_url":"https:\/\/www.dramfolks-whisky-auction.com\/fr\/product\/glenlivet-13yo-first-fill-american-oak-whisky\/","og_site_name":"Dramfolks Whisky Auction","article_modified_time":"2024-05-01T16:44:00+00:00","og_image":[{"width":2560,"height":2560,"url":"https:\/\/www.dramfolks-whisky-auction.com\/wp-content\/uploads\/2024\/04\/Glenlivit-13yo-vorne-scaled.jpg","type":"image\/jpeg"}],"twitter_card":"summary_large_image","twitter_misc":{"Dur\u00e9e de lecture estim\u00e9e":"3 minutes"},"schema":{"@context":"https:\/\/schema.org","@graph":[{"@type":"WebPage","@id":"https:\/\/www.dramfolks-whisky-auction.com\/fr\/product\/glenlivet-13yo-first-fill-american-oak-whisky\/","url":"https:\/\/www.dramfolks-whisky-auction.com\/fr\/product\/glenlivet-13yo-first-fill-american-oak-whisky\/","name":"Glenlivet - 13yo First Fill American Oak Whisky - Dramfolks Whisky Auction","isPartOf":{"@id":"https:\/\/www.dramfolks-whisky-auction.com\/fr\/#website"},"primaryImageOfPage":{"@id":"https:\/\/www.dramfolks-whisky-auction.com\/fr\/product\/glenlivet-13yo-first-fill-american-oak-whisky\/#primaryimage"},"image":{"@id":"https:\/\/www.dramfolks-whisky-auction.com\/fr\/product\/glenlivet-13yo-first-fill-american-oak-whisky\/#primaryimage"},"thumbnailUrl":"https:\/\/www.dramfolks-whisky-auction.com\/wp-content\/uploads\/2024\/04\/Glenlivit-13yo-vorne-scaled.jpg","datePublished":"2024-04-09T19:01:13+00:00","dateModified":"2024-05-01T16:44:00+00:00","breadcrumb":{"@id":"https:\/\/www.dramfolks-whisky-auction.com\/fr\/product\/glenlivet-13yo-first-fill-american-oak-whisky\/#breadcrumb"},"inLanguage":"fr-FR","potentialAction":[{"@type":"ReadAction","target":["https:\/\/www.dramfolks-whisky-auction.com\/fr\/product\/glenlivet-13yo-first-fill-american-oak-whisky\/"]}]},{"@type":"ImageObject","inLanguage":"fr-FR","@id":"https:\/\/www.dramfolks-whisky-auction.com\/fr\/product\/glenlivet-13yo-first-fill-american-oak-whisky\/#primaryimage","url":"https:\/\/www.dramfolks-whisky-auction.com\/wp-content\/uploads\/2024\/04\/Glenlivit-13yo-vorne-scaled.jpg","contentUrl":"https:\/\/www.dramfolks-whisky-auction.com\/wp-content\/uploads\/2024\/04\/Glenlivit-13yo-vorne-scaled.jpg","width":2560,"height":2560},{"@type":"BreadcrumbList","@id":"https:\/\/www.dramfolks-whisky-auction.com\/fr\/product\/glenlivet-13yo-first-fill-american-oak-whisky\/#breadcrumb","itemListElement":[{"@type":"ListItem","position":1,"name":"Startseite","item":"https:\/\/www.dramfolks-whisky-auction.com\/fr\/"},{"@type":"ListItem","position":2,"name":"Boutique","item":"https:\/\/www.dramfolks-whisky-auction.com\/fr\/boutique\/"},{"@type":"ListItem","position":3,"name":"Glenlivet &#8211; 13yo First Fill American Oak Whisky"}]},{"@type":"WebSite","@id":"https:\/\/www.dramfolks-whisky-auction.com\/fr\/#website","url":"https:\/\/www.dramfolks-whisky-auction.com\/fr\/","name":"Dramfolks Whisky Auction","description":"","potentialAction":[{"@type":"SearchAction","target":{"@type":"EntryPoint","urlTemplate":"https:\/\/www.dramfolks-whisky-auction.com\/fr\/?s={search_term_string}"},"query-input":{"@type":"PropertyValueSpecification","valueRequired":true,"valueName":"search_term_string"}}],"inLanguage":"fr-FR"}]}},"_links":{"self":[{"href":"https:\/\/www.dramfolks-whisky-auction.com\/fr\/wp-json\/wp\/v2\/product\/5787","targetHints":{"allow":["GET"]}}],"collection":[{"href":"https:\/\/www.dramfolks-whisky-auction.com\/fr\/wp-json\/wp\/v2\/product"}],"about":[{"href":"https:\/\/www.dramfolks-whisky-auction.com\/fr\/wp-json\/wp\/v2\/types\/product"}],"replies":[{"embeddable":true,"href":"https:\/\/www.dramfolks-whisky-auction.com\/fr\/wp-json\/wp\/v2\/comments?post=5787"}],"wp:featuredmedia":[{"embeddable":true,"href":"https:\/\/www.dramfolks-whisky-auction.com\/fr\/wp-json\/wp\/v2\/media\/5788"}],"wp:attachment":[{"href":"https:\/\/www.dramfolks-whisky-auction.com\/fr\/wp-json\/wp\/v2\/media?parent=5787"}],"wp:term":[{"taxonomy":"product_brand","embeddable":true,"href":"https:\/\/www.dramfolks-whisky-auction.com\/fr\/wp-json\/wp\/v2\/product_brand?post=5787"},{"taxonomy":"product_cat","embeddable":true,"href":"https:\/\/www.dramfolks-whisky-auction.com\/fr\/wp-json\/wp\/v2\/product_cat?post=5787"},{"taxonomy":"product_tag","embeddable":true,"href":"https:\/\/www.dramfolks-whisky-auction.com\/fr\/wp-json\/wp\/v2\/product_tag?post=5787"}],"curies":[{"name":"wp","href":"https:\/\/api.w.org\/{rel}","templated":true}]}}