{"id":5780088,"date":"2025-11-16T14:17:55","date_gmt":"2025-11-16T13:17:55","guid":{"rendered":"https:\/\/www.dramfolks-whisky-auction.com\/?post_type=product&#038;p=5780088"},"modified":"2025-11-30T19:00:13","modified_gmt":"2025-11-30T18:00:13","slug":"sakurao-distillery-single-malt","status":"publish","type":"product","link":"https:\/\/www.dramfolks-whisky-auction.com\/fr\/product\/sakurao-distillery-single-malt\/","title":{"rendered":"Sakurao Distillery &#8211; Single Malt"},"content":{"rendered":"<p><strong>Destille: Sakurao Distillery<br \/>\n<\/strong>Die Sakurao Distillery liegt in Hatsukaichi, Hiroshima, direkt gegen\u00fcber der ber\u00fchmten Miyajima-Insel am Seto-Binnenmeer. Sie wurde 2018 als Teil der traditionsreichen Sakurao Brewery and Distillery Co., Ltd. gegr\u00fcndet, deren Wurzeln bis ins Jahr 1918 zur\u00fcckreichen. Urspr\u00fcnglich als Sake- und Shochu-Brauerei bekannt, wagte das Unternehmen zum 100-j\u00e4hrigen Jubil\u00e4um den Schritt zur\u00fcck in die Whiskyproduktion \u2013 und verbindet seither japanische Handwerkskunst mit modernen Techniken.<br \/>\nBesonderheiten der Produktion&#8230;<br \/>\nZum einen die Lage &amp; das Klima: Die Reifung erfolgt in zwei kontrastierenden Umgebungen \u2013 am Meer in Sakurao und in den Bergen von Togouchi. Die Temperaturunterschiede zwischen K\u00fcste und Gebirge beschleunigen den Reifeprozess und verleihen den Whiskys komplexe Aromen.<br \/>\nUnd zum anderen die F\u00e4sser: F\u00fcr die Single Malts werden vier Fassarten genutzt: Bourbon-, Sherry-, amerikanische Wei\u00dfeiche und Mizunara (japanische Eiche).<\/p>\n<p><strong>Fun fact:\u00a0<\/strong>vom Sake zum Whisky&#8230; Sakurao war urspr\u00fcnglich eine Sake- und Shochu-Brauerei und hat erst 2018 \u2013 zum 100-j\u00e4hrigen Jubil\u00e4um \u2013 wieder mit Whiskyproduktion begonnen. Damit geh\u00f6rt sie zu den wenigen japanischen Destillerien, die ihre Wurzeln in traditionellen japanischen Spirituosen haben und diese Erfahrung in die Whiskyherstellung einflie\u00dfen lassen.<\/p>\n<p><strong>Whisky\/Whiskey: Single Malt<\/strong><br \/>\nDer Sakurao Single Malt stammt aus der Sakurao Distillery in Hatsukaichi, Hiroshima, direkt am Seto-Binnenmeer. Die Brennerei wurde 2018 gegr\u00fcndet und verbindet \u00fcber 100 Jahre Erfahrung in der Spirituosenherstellung mit moderner Whisky-Kunst.<br \/>\nDer Sakurao Single Malt reift in vier bis f\u00fcnf verschiedenen Fasstypen, darunter:<br \/>\nBourbonf\u00e4sser; Neue amerikanische Wei\u00dfeiche \/ Sherryf\u00e4sser \/ Mizunara (japanische Eiche) und teilweise auch Weinf\u00e4sser.<br \/>\nDie Lagerung erfolgt in der N\u00e4he des Meeres, wodurch die F\u00e4sser die salzige Brise des Seto-Binnenmeers aufnehmen. Die starken Temperaturunterschiede in Hiroshima beschleunigen die Reifung und verleihen dem Whisky eine komplexe Aromatik.<br \/>\nDas Geschmacksprofil zeichnet sich wie folgt aus&#8230;<br \/>\nNase: Rosinen, Orangen, Pfirsiche, leichte Meeresbrise, dezenter Rauch<br \/>\nGaumen: S\u00fc\u00dfe Vanille, Honig, Karamell, fruchtige S\u00e4ure, sanfte W\u00fcrze<br \/>\nFinish: Lang, elegant, mit feiner Rauchnote und einem Hauch von Salz<\/p>\n<p><strong>Info Qualit\u00e4t der Flasche:<\/strong> Exzellent &#8211; ohne Besch\u00e4digungen\/ <strong>F\u00fcllstand:<\/strong> Top shoulder<br \/>\n<strong>Info Qualit\u00e4t der Box:<\/strong> Exzellent &#8211; ohne Besch\u00e4digungen<\/p>\n<p><strong>Wichtiger Hinweis:<\/strong> Die Bewertung der Flaschen und Boxen erfolgt nach \u201ebesten Wissen und Gewissen\u201c. dramfolks kann keine Gew\u00e4hrleistung f\u00fcr den Inhalt der Flaschen \u00fcbernehmen. Weitere Infos &amp; Hinweise finden Sie in unseren AGBs. Wir empfehlen Ihnen, vor der Abgabe von Geboten \u00fcber die Zoomfunktion eine Besichtigung \/ genaue Pr\u00fcfung des angebotenen Whiskys vorzunehmen. Bitte kontaktieren sie uns bei Fragen direkt unter info@dramfolks.com<\/p>\n","protected":false},"excerpt":{"rendered":"<p>Destille: Sakurao Distillery Die Sakurao Distillery liegt in Hatsukaichi, Hiroshima, direkt gegen\u00fcber der ber\u00fchmten Miyajima-Insel am Seto-Binnenmeer. Sie wurde 2018 als Teil der traditionsreichen Sakurao Brewery and Distillery Co., Ltd. gegr\u00fcndet, deren Wurzeln bis ins Jahr 1918 zur\u00fcckreichen. Urspr\u00fcnglich als Sake- und Shochu-Brauerei bekannt, wagte das Unternehmen zum 100-j\u00e4hrigen Jubil\u00e4um den Schritt zur\u00fcck in die[&#8230;]\n","protected":false},"featured_media":5780116,"comment_status":"closed","ping_status":"closed","template":"","meta":[],"product_brand":[],"product_cat":[1273],"product_tag":[],"class_list":{"0":"post-5780088","1":"product","2":"type-product","3":"status-publish","4":"has-post-thumbnail","6":"product_cat-no-21","8":"first","9":"instock","10":"shipping-taxable","11":"purchasable","12":"product-type-auction"},"yoast_head":"<!-- This site is optimized with the Yoast SEO plugin v27.0 - https:\/\/yoast.com\/product\/yoast-seo-wordpress\/ -->\n<title>Sakurao Distillery - Single Malt - Dramfolks Whisky Auction<\/title>\n<meta name=\"robots\" content=\"index, follow, max-snippet:-1, max-image-preview:large, max-video-preview:-1\" \/>\n<link rel=\"canonical\" href=\"https:\/\/www.dramfolks-whisky-auction.com\/fr\/product\/sakurao-distillery-single-malt\/\" \/>\n<meta property=\"og:locale\" content=\"fr_FR\" \/>\n<meta property=\"og:type\" content=\"article\" \/>\n<meta property=\"og:title\" content=\"Sakurao Distillery - Single Malt - Dramfolks Whisky Auction\" \/>\n<meta property=\"og:description\" content=\"Destille: Sakurao Distillery Die Sakurao Distillery liegt in Hatsukaichi, Hiroshima, direkt gegen\u00fcber der ber\u00fchmten Miyajima-Insel am Seto-Binnenmeer. Sie wurde 2018 als Teil der traditionsreichen Sakurao Brewery and Distillery Co., Ltd. gegr\u00fcndet, deren Wurzeln bis ins Jahr 1918 zur\u00fcckreichen. Urspr\u00fcnglich als Sake- und Shochu-Brauerei bekannt, wagte das Unternehmen zum 100-j\u00e4hrigen Jubil\u00e4um den Schritt zur\u00fcck in die[...]\" \/>\n<meta property=\"og:url\" content=\"https:\/\/www.dramfolks-whisky-auction.com\/fr\/product\/sakurao-distillery-single-malt\/\" \/>\n<meta property=\"og:site_name\" content=\"Dramfolks Whisky Auction\" \/>\n<meta property=\"article:modified_time\" content=\"2025-11-30T18:00:13+00:00\" \/>\n<meta property=\"og:image\" content=\"https:\/\/www.dramfolks-whisky-auction.com\/wp-content\/uploads\/2025\/11\/Sakurao-vorne.jpg\" \/>\n\t<meta property=\"og:image:width\" content=\"2472\" \/>\n\t<meta property=\"og:image:height\" content=\"2472\" \/>\n\t<meta property=\"og:image:type\" content=\"image\/jpeg\" \/>\n<meta name=\"twitter:card\" content=\"summary_large_image\" \/>\n<meta name=\"twitter:label1\" content=\"Dur\u00e9e de lecture estim\u00e9e\" \/>\n\t<meta name=\"twitter:data1\" content=\"3 minutes\" \/>\n<script type=\"application\/ld+json\" class=\"yoast-schema-graph\">{\"@context\":\"https:\/\/schema.org\",\"@graph\":[{\"@type\":\"WebPage\",\"@id\":\"https:\/\/www.dramfolks-whisky-auction.com\/fr\/product\/sakurao-distillery-single-malt\/\",\"url\":\"https:\/\/www.dramfolks-whisky-auction.com\/fr\/product\/sakurao-distillery-single-malt\/\",\"name\":\"Sakurao Distillery - Single Malt - Dramfolks Whisky Auction\",\"isPartOf\":{\"@id\":\"https:\/\/www.dramfolks-whisky-auction.com\/fr\/#website\"},\"primaryImageOfPage\":{\"@id\":\"https:\/\/www.dramfolks-whisky-auction.com\/fr\/product\/sakurao-distillery-single-malt\/#primaryimage\"},\"image\":{\"@id\":\"https:\/\/www.dramfolks-whisky-auction.com\/fr\/product\/sakurao-distillery-single-malt\/#primaryimage\"},\"thumbnailUrl\":\"https:\/\/www.dramfolks-whisky-auction.com\/wp-content\/uploads\/2025\/11\/Sakurao-vorne.jpg\",\"datePublished\":\"2025-11-16T13:17:55+00:00\",\"dateModified\":\"2025-11-30T18:00:13+00:00\",\"breadcrumb\":{\"@id\":\"https:\/\/www.dramfolks-whisky-auction.com\/fr\/product\/sakurao-distillery-single-malt\/#breadcrumb\"},\"inLanguage\":\"fr-FR\",\"potentialAction\":[{\"@type\":\"ReadAction\",\"target\":[\"https:\/\/www.dramfolks-whisky-auction.com\/fr\/product\/sakurao-distillery-single-malt\/\"]}]},{\"@type\":\"ImageObject\",\"inLanguage\":\"fr-FR\",\"@id\":\"https:\/\/www.dramfolks-whisky-auction.com\/fr\/product\/sakurao-distillery-single-malt\/#primaryimage\",\"url\":\"https:\/\/www.dramfolks-whisky-auction.com\/wp-content\/uploads\/2025\/11\/Sakurao-vorne.jpg\",\"contentUrl\":\"https:\/\/www.dramfolks-whisky-auction.com\/wp-content\/uploads\/2025\/11\/Sakurao-vorne.jpg\",\"width\":2472,\"height\":2472},{\"@type\":\"BreadcrumbList\",\"@id\":\"https:\/\/www.dramfolks-whisky-auction.com\/fr\/product\/sakurao-distillery-single-malt\/#breadcrumb\",\"itemListElement\":[{\"@type\":\"ListItem\",\"position\":1,\"name\":\"Startseite\",\"item\":\"https:\/\/www.dramfolks-whisky-auction.com\/fr\/\"},{\"@type\":\"ListItem\",\"position\":2,\"name\":\"Boutique\",\"item\":\"https:\/\/www.dramfolks-whisky-auction.com\/fr\/boutique\/\"},{\"@type\":\"ListItem\",\"position\":3,\"name\":\"Sakurao Distillery &#8211; Single Malt\"}]},{\"@type\":\"WebSite\",\"@id\":\"https:\/\/www.dramfolks-whisky-auction.com\/fr\/#website\",\"url\":\"https:\/\/www.dramfolks-whisky-auction.com\/fr\/\",\"name\":\"Dramfolks Whisky Auction\",\"description\":\"\",\"potentialAction\":[{\"@type\":\"SearchAction\",\"target\":{\"@type\":\"EntryPoint\",\"urlTemplate\":\"https:\/\/www.dramfolks-whisky-auction.com\/fr\/?s={search_term_string}\"},\"query-input\":{\"@type\":\"PropertyValueSpecification\",\"valueRequired\":true,\"valueName\":\"search_term_string\"}}],\"inLanguage\":\"fr-FR\"}]}<\/script>\n<!-- \/ Yoast SEO plugin. -->","yoast_head_json":{"title":"Sakurao Distillery - Single Malt - Dramfolks Whisky Auction","robots":{"index":"index","follow":"follow","max-snippet":"max-snippet:-1","max-image-preview":"max-image-preview:large","max-video-preview":"max-video-preview:-1"},"canonical":"https:\/\/www.dramfolks-whisky-auction.com\/fr\/product\/sakurao-distillery-single-malt\/","og_locale":"fr_FR","og_type":"article","og_title":"Sakurao Distillery - Single Malt - Dramfolks Whisky Auction","og_description":"Destille: Sakurao Distillery Die Sakurao Distillery liegt in Hatsukaichi, Hiroshima, direkt gegen\u00fcber der ber\u00fchmten Miyajima-Insel am Seto-Binnenmeer. Sie wurde 2018 als Teil der traditionsreichen Sakurao Brewery and Distillery Co., Ltd. gegr\u00fcndet, deren Wurzeln bis ins Jahr 1918 zur\u00fcckreichen. Urspr\u00fcnglich als Sake- und Shochu-Brauerei bekannt, wagte das Unternehmen zum 100-j\u00e4hrigen Jubil\u00e4um den Schritt zur\u00fcck in die[...]","og_url":"https:\/\/www.dramfolks-whisky-auction.com\/fr\/product\/sakurao-distillery-single-malt\/","og_site_name":"Dramfolks Whisky Auction","article_modified_time":"2025-11-30T18:00:13+00:00","og_image":[{"width":2472,"height":2472,"url":"https:\/\/www.dramfolks-whisky-auction.com\/wp-content\/uploads\/2025\/11\/Sakurao-vorne.jpg","type":"image\/jpeg"}],"twitter_card":"summary_large_image","twitter_misc":{"Dur\u00e9e de lecture estim\u00e9e":"3 minutes"},"schema":{"@context":"https:\/\/schema.org","@graph":[{"@type":"WebPage","@id":"https:\/\/www.dramfolks-whisky-auction.com\/fr\/product\/sakurao-distillery-single-malt\/","url":"https:\/\/www.dramfolks-whisky-auction.com\/fr\/product\/sakurao-distillery-single-malt\/","name":"Sakurao Distillery - Single Malt - Dramfolks Whisky Auction","isPartOf":{"@id":"https:\/\/www.dramfolks-whisky-auction.com\/fr\/#website"},"primaryImageOfPage":{"@id":"https:\/\/www.dramfolks-whisky-auction.com\/fr\/product\/sakurao-distillery-single-malt\/#primaryimage"},"image":{"@id":"https:\/\/www.dramfolks-whisky-auction.com\/fr\/product\/sakurao-distillery-single-malt\/#primaryimage"},"thumbnailUrl":"https:\/\/www.dramfolks-whisky-auction.com\/wp-content\/uploads\/2025\/11\/Sakurao-vorne.jpg","datePublished":"2025-11-16T13:17:55+00:00","dateModified":"2025-11-30T18:00:13+00:00","breadcrumb":{"@id":"https:\/\/www.dramfolks-whisky-auction.com\/fr\/product\/sakurao-distillery-single-malt\/#breadcrumb"},"inLanguage":"fr-FR","potentialAction":[{"@type":"ReadAction","target":["https:\/\/www.dramfolks-whisky-auction.com\/fr\/product\/sakurao-distillery-single-malt\/"]}]},{"@type":"ImageObject","inLanguage":"fr-FR","@id":"https:\/\/www.dramfolks-whisky-auction.com\/fr\/product\/sakurao-distillery-single-malt\/#primaryimage","url":"https:\/\/www.dramfolks-whisky-auction.com\/wp-content\/uploads\/2025\/11\/Sakurao-vorne.jpg","contentUrl":"https:\/\/www.dramfolks-whisky-auction.com\/wp-content\/uploads\/2025\/11\/Sakurao-vorne.jpg","width":2472,"height":2472},{"@type":"BreadcrumbList","@id":"https:\/\/www.dramfolks-whisky-auction.com\/fr\/product\/sakurao-distillery-single-malt\/#breadcrumb","itemListElement":[{"@type":"ListItem","position":1,"name":"Startseite","item":"https:\/\/www.dramfolks-whisky-auction.com\/fr\/"},{"@type":"ListItem","position":2,"name":"Boutique","item":"https:\/\/www.dramfolks-whisky-auction.com\/fr\/boutique\/"},{"@type":"ListItem","position":3,"name":"Sakurao Distillery &#8211; Single Malt"}]},{"@type":"WebSite","@id":"https:\/\/www.dramfolks-whisky-auction.com\/fr\/#website","url":"https:\/\/www.dramfolks-whisky-auction.com\/fr\/","name":"Dramfolks Whisky Auction","description":"","potentialAction":[{"@type":"SearchAction","target":{"@type":"EntryPoint","urlTemplate":"https:\/\/www.dramfolks-whisky-auction.com\/fr\/?s={search_term_string}"},"query-input":{"@type":"PropertyValueSpecification","valueRequired":true,"valueName":"search_term_string"}}],"inLanguage":"fr-FR"}]}},"_links":{"self":[{"href":"https:\/\/www.dramfolks-whisky-auction.com\/fr\/wp-json\/wp\/v2\/product\/5780088","targetHints":{"allow":["GET"]}}],"collection":[{"href":"https:\/\/www.dramfolks-whisky-auction.com\/fr\/wp-json\/wp\/v2\/product"}],"about":[{"href":"https:\/\/www.dramfolks-whisky-auction.com\/fr\/wp-json\/wp\/v2\/types\/product"}],"replies":[{"embeddable":true,"href":"https:\/\/www.dramfolks-whisky-auction.com\/fr\/wp-json\/wp\/v2\/comments?post=5780088"}],"wp:featuredmedia":[{"embeddable":true,"href":"https:\/\/www.dramfolks-whisky-auction.com\/fr\/wp-json\/wp\/v2\/media\/5780116"}],"wp:attachment":[{"href":"https:\/\/www.dramfolks-whisky-auction.com\/fr\/wp-json\/wp\/v2\/media?parent=5780088"}],"wp:term":[{"taxonomy":"product_brand","embeddable":true,"href":"https:\/\/www.dramfolks-whisky-auction.com\/fr\/wp-json\/wp\/v2\/product_brand?post=5780088"},{"taxonomy":"product_cat","embeddable":true,"href":"https:\/\/www.dramfolks-whisky-auction.com\/fr\/wp-json\/wp\/v2\/product_cat?post=5780088"},{"taxonomy":"product_tag","embeddable":true,"href":"https:\/\/www.dramfolks-whisky-auction.com\/fr\/wp-json\/wp\/v2\/product_tag?post=5780088"}],"curies":[{"name":"wp","href":"https:\/\/api.w.org\/{rel}","templated":true}]}}