{"id":5772,"date":"2024-04-09T20:49:00","date_gmt":"2024-04-09T18:49:00","guid":{"rendered":"https:\/\/www.dramfolks-whisky-auction.com\/?post_type=product&#038;p=5772"},"modified":"2024-04-28T19:30:11","modified_gmt":"2024-04-28T17:30:11","slug":"benriach-the-smoky-ten","status":"publish","type":"product","link":"https:\/\/www.dramfolks-whisky-auction.com\/fr\/product\/benriach-the-smoky-ten\/","title":{"rendered":"Benriach &#8211; The Smoky Ten"},"content":{"rendered":"<p><strong>Destille: Benriach<br \/>\n<\/strong>Benriach ist eine Whiskybrennerei bei Elgin, in der Speyside Schottlands. Die Brennerei wurde 1898 von John Duff erbaut, musste allerdings, bis auf die M\u00e4lzerei, die u. a. Longmorn versorgte, schon 1900 wieder schlie\u00dfen. Nach einer Wieder\u00f6ffnung durch Glenlivet Distillers Ltd. ging Benriach 2001 an Pernod Ricard, die erst die Produktion drosselten, dann die Brennerei nur 3 Monate im Jahr betrieben und sie schlie\u00dflich im August 2002 ganz stilllegten. Im April 2004 kauften Billy Walker, Geoff Bell und Wayne Keiswetter die Brennerei, die seitdem wieder im Normalbetrieb l\u00e4uft. Zur Benriach Distillery Co. Ltd. geh\u00f6rt seit 2008 auch Glendronach und seit 2013 Glenglassaugh. 2016 wurde die Benriach Distillery Co. Ltd. f\u00fcr 285 Millionen Pfund Sterling von dem US-amerikanischen Konzern Brown-Forman \u00fcbernommen. J\u00e4hrliches Produktionsvolumen: ca. 3 Mio. Liter.<\/p>\n<p><strong>Fun fact:<\/strong> Benriach kann auf eine aufregende Geschichte blicken&#8230; Zwar wurde die Destillerie vor \u00fcber 125 Jahre gegr\u00fcndet, aber dennoch musste sie schon 2 Jahre nach Er\u00f6ffnung wieder schlie\u00dfen und ganze 65 Jahre (also \u00fcber die H\u00e4lfte ihrer aktuellen Geschichte) im \u00ab\u00a0Dornr\u00f6schenschlaf\u00a0\u00bb (von 1899 bis 1965) verbringen.<\/p>\n<p><strong>Whisky\/Whiskey: The Smoky Ten<\/strong><br \/>\nDer Benriach The Smoky Ten ist eine Kombination aus ungetorftem und getorftem Spirit und ist mindestens zehn Jahre lang in einer Kombination aus Bourbonf\u00e4ssern, F\u00e4ssern mit jamaikanischem Rum und ger\u00f6steter Eiche gereift. Der Whisky wird fachm\u00e4nnisch miteinander geblendet, um ein Geschmackserlebnis aus sonnengereiften Fr\u00fcchten, aromatischem Rauch und ger\u00f6steter Eiche zu erzeugen, die im perfekt ausgewogenen s\u00fc\u00dfen und rauchigen Abgang verweilen. Master Blenderin Dr. Rachel Barrie und ihr Team haben aus einem der wom\u00f6glich beeindruckendsten Fasssortimenten einen tollen Tropfen gezaubert.<\/p>\n<p><strong>Info Qualit\u00e4t der Flasche:<\/strong> Exzellent ohne Besch\u00e4digungen \/ <strong>F\u00fcllstand:<\/strong> Top shoulder<br \/>\n<strong>Info Qualit\u00e4t der Box:<\/strong> Exzellent ohne Besch\u00e4digungen<\/p>\n<p><strong>Wichtiger Hinweis:<\/strong> Die Bewertung der Flaschen und Boxen erfolgt nach \u201ebesten Wissen und Gewissen\u201c. dramfolks kann keine Gew\u00e4hrleistung f\u00fcr den Inhalt der Flaschen \u00fcbernehmen. Weitere Infos &amp; Hinweise finden Sie in unseren AGBs. Wir empfehlen Ihnen, vor der Abgabe von Geboten \u00fcber die Zoomfunktion eine Besichtigung \/ genaue Pr\u00fcfung des angebotenen Whiskys vorzunehmen. Bitte kontaktieren sie uns bei Fragen direkt unter info@dramfolks.com<\/p>\n","protected":false},"excerpt":{"rendered":"<p>Destille: Benriach Benriach ist eine Whiskybrennerei bei Elgin, in der Speyside Schottlands. Die Brennerei wurde 1898 von John Duff erbaut, musste allerdings, bis auf die M\u00e4lzerei, die u. a. Longmorn versorgte, schon 1900 wieder schlie\u00dfen. Nach einer Wieder\u00f6ffnung durch Glenlivet Distillers Ltd. ging Benriach 2001 an Pernod Ricard, die erst die Produktion drosselten, dann die[&#8230;]\n","protected":false},"featured_media":5773,"comment_status":"closed","ping_status":"closed","template":"","meta":[],"product_brand":[],"product_cat":[790],"product_tag":[],"class_list":{"0":"post-5772","1":"product","2":"type-product","3":"status-publish","4":"has-post-thumbnail","6":"product_cat-no-10","8":"first","9":"instock","10":"shipping-taxable","11":"purchasable","12":"product-type-auction"},"yoast_head":"<!-- This site is optimized with the Yoast SEO plugin v27.4 - https:\/\/yoast.com\/product\/yoast-seo-wordpress\/ -->\n<title>Benriach - The Smoky Ten - Dramfolks Whisky Auction<\/title>\n<meta name=\"robots\" content=\"index, follow, max-snippet:-1, max-image-preview:large, max-video-preview:-1\" \/>\n<link rel=\"canonical\" href=\"https:\/\/www.dramfolks-whisky-auction.com\/fr\/product\/benriach-the-smoky-ten\/\" \/>\n<meta property=\"og:locale\" content=\"fr_FR\" \/>\n<meta property=\"og:type\" content=\"article\" \/>\n<meta property=\"og:title\" content=\"Benriach - The Smoky Ten - Dramfolks Whisky Auction\" \/>\n<meta property=\"og:description\" content=\"Destille: Benriach Benriach ist eine Whiskybrennerei bei Elgin, in der Speyside Schottlands. Die Brennerei wurde 1898 von John Duff erbaut, musste allerdings, bis auf die M\u00e4lzerei, die u. a. Longmorn versorgte, schon 1900 wieder schlie\u00dfen. Nach einer Wieder\u00f6ffnung durch Glenlivet Distillers Ltd. ging Benriach 2001 an Pernod Ricard, die erst die Produktion drosselten, dann die[...]\" \/>\n<meta property=\"og:url\" content=\"https:\/\/www.dramfolks-whisky-auction.com\/fr\/product\/benriach-the-smoky-ten\/\" \/>\n<meta property=\"og:site_name\" content=\"Dramfolks Whisky Auction\" \/>\n<meta property=\"article:modified_time\" content=\"2024-04-28T17:30:11+00:00\" \/>\n<meta property=\"og:image\" content=\"https:\/\/www.dramfolks-whisky-auction.com\/wp-content\/uploads\/2024\/04\/Benriach-10yo-vorne-scaled.jpg\" \/>\n\t<meta property=\"og:image:width\" content=\"2560\" \/>\n\t<meta property=\"og:image:height\" content=\"2560\" \/>\n\t<meta property=\"og:image:type\" content=\"image\/jpeg\" \/>\n<meta name=\"twitter:card\" content=\"summary_large_image\" \/>\n<meta name=\"twitter:label1\" content=\"Dur\u00e9e de lecture estim\u00e9e\" \/>\n\t<meta name=\"twitter:data1\" content=\"3 minutes\" \/>\n<script type=\"application\/ld+json\" class=\"yoast-schema-graph\">{\"@context\":\"https:\\\/\\\/schema.org\",\"@graph\":[{\"@type\":\"WebPage\",\"@id\":\"https:\\\/\\\/www.dramfolks-whisky-auction.com\\\/fr\\\/product\\\/benriach-the-smoky-ten\\\/\",\"url\":\"https:\\\/\\\/www.dramfolks-whisky-auction.com\\\/fr\\\/product\\\/benriach-the-smoky-ten\\\/\",\"name\":\"Benriach - The Smoky Ten - Dramfolks Whisky Auction\",\"isPartOf\":{\"@id\":\"https:\\\/\\\/www.dramfolks-whisky-auction.com\\\/fr\\\/#website\"},\"primaryImageOfPage\":{\"@id\":\"https:\\\/\\\/www.dramfolks-whisky-auction.com\\\/fr\\\/product\\\/benriach-the-smoky-ten\\\/#primaryimage\"},\"image\":{\"@id\":\"https:\\\/\\\/www.dramfolks-whisky-auction.com\\\/fr\\\/product\\\/benriach-the-smoky-ten\\\/#primaryimage\"},\"thumbnailUrl\":\"https:\\\/\\\/www.dramfolks-whisky-auction.com\\\/wp-content\\\/uploads\\\/2024\\\/04\\\/Benriach-10yo-vorne-scaled.jpg\",\"datePublished\":\"2024-04-09T18:49:00+00:00\",\"dateModified\":\"2024-04-28T17:30:11+00:00\",\"breadcrumb\":{\"@id\":\"https:\\\/\\\/www.dramfolks-whisky-auction.com\\\/fr\\\/product\\\/benriach-the-smoky-ten\\\/#breadcrumb\"},\"inLanguage\":\"fr-FR\",\"potentialAction\":[{\"@type\":\"ReadAction\",\"target\":[\"https:\\\/\\\/www.dramfolks-whisky-auction.com\\\/fr\\\/product\\\/benriach-the-smoky-ten\\\/\"]}]},{\"@type\":\"ImageObject\",\"inLanguage\":\"fr-FR\",\"@id\":\"https:\\\/\\\/www.dramfolks-whisky-auction.com\\\/fr\\\/product\\\/benriach-the-smoky-ten\\\/#primaryimage\",\"url\":\"https:\\\/\\\/www.dramfolks-whisky-auction.com\\\/wp-content\\\/uploads\\\/2024\\\/04\\\/Benriach-10yo-vorne-scaled.jpg\",\"contentUrl\":\"https:\\\/\\\/www.dramfolks-whisky-auction.com\\\/wp-content\\\/uploads\\\/2024\\\/04\\\/Benriach-10yo-vorne-scaled.jpg\",\"width\":2560,\"height\":2560},{\"@type\":\"BreadcrumbList\",\"@id\":\"https:\\\/\\\/www.dramfolks-whisky-auction.com\\\/fr\\\/product\\\/benriach-the-smoky-ten\\\/#breadcrumb\",\"itemListElement\":[{\"@type\":\"ListItem\",\"position\":1,\"name\":\"Startseite\",\"item\":\"https:\\\/\\\/www.dramfolks-whisky-auction.com\\\/fr\\\/\"},{\"@type\":\"ListItem\",\"position\":2,\"name\":\"Boutique\",\"item\":\"https:\\\/\\\/www.dramfolks-whisky-auction.com\\\/fr\\\/boutique\\\/\"},{\"@type\":\"ListItem\",\"position\":3,\"name\":\"Benriach &#8211; The Smoky Ten\"}]},{\"@type\":\"WebSite\",\"@id\":\"https:\\\/\\\/www.dramfolks-whisky-auction.com\\\/fr\\\/#website\",\"url\":\"https:\\\/\\\/www.dramfolks-whisky-auction.com\\\/fr\\\/\",\"name\":\"Dramfolks Whisky Auction\",\"description\":\"\",\"potentialAction\":[{\"@type\":\"SearchAction\",\"target\":{\"@type\":\"EntryPoint\",\"urlTemplate\":\"https:\\\/\\\/www.dramfolks-whisky-auction.com\\\/fr\\\/?s={search_term_string}\"},\"query-input\":{\"@type\":\"PropertyValueSpecification\",\"valueRequired\":true,\"valueName\":\"search_term_string\"}}],\"inLanguage\":\"fr-FR\"}]}<\/script>\n<!-- \/ Yoast SEO plugin. -->","yoast_head_json":{"title":"Benriach - The Smoky Ten - Dramfolks Whisky Auction","robots":{"index":"index","follow":"follow","max-snippet":"max-snippet:-1","max-image-preview":"max-image-preview:large","max-video-preview":"max-video-preview:-1"},"canonical":"https:\/\/www.dramfolks-whisky-auction.com\/fr\/product\/benriach-the-smoky-ten\/","og_locale":"fr_FR","og_type":"article","og_title":"Benriach - The Smoky Ten - Dramfolks Whisky Auction","og_description":"Destille: Benriach Benriach ist eine Whiskybrennerei bei Elgin, in der Speyside Schottlands. Die Brennerei wurde 1898 von John Duff erbaut, musste allerdings, bis auf die M\u00e4lzerei, die u. a. Longmorn versorgte, schon 1900 wieder schlie\u00dfen. Nach einer Wieder\u00f6ffnung durch Glenlivet Distillers Ltd. ging Benriach 2001 an Pernod Ricard, die erst die Produktion drosselten, dann die[...]","og_url":"https:\/\/www.dramfolks-whisky-auction.com\/fr\/product\/benriach-the-smoky-ten\/","og_site_name":"Dramfolks Whisky Auction","article_modified_time":"2024-04-28T17:30:11+00:00","og_image":[{"width":2560,"height":2560,"url":"https:\/\/www.dramfolks-whisky-auction.com\/wp-content\/uploads\/2024\/04\/Benriach-10yo-vorne-scaled.jpg","type":"image\/jpeg"}],"twitter_card":"summary_large_image","twitter_misc":{"Dur\u00e9e de lecture estim\u00e9e":"3 minutes"},"schema":{"@context":"https:\/\/schema.org","@graph":[{"@type":"WebPage","@id":"https:\/\/www.dramfolks-whisky-auction.com\/fr\/product\/benriach-the-smoky-ten\/","url":"https:\/\/www.dramfolks-whisky-auction.com\/fr\/product\/benriach-the-smoky-ten\/","name":"Benriach - The Smoky Ten - Dramfolks Whisky Auction","isPartOf":{"@id":"https:\/\/www.dramfolks-whisky-auction.com\/fr\/#website"},"primaryImageOfPage":{"@id":"https:\/\/www.dramfolks-whisky-auction.com\/fr\/product\/benriach-the-smoky-ten\/#primaryimage"},"image":{"@id":"https:\/\/www.dramfolks-whisky-auction.com\/fr\/product\/benriach-the-smoky-ten\/#primaryimage"},"thumbnailUrl":"https:\/\/www.dramfolks-whisky-auction.com\/wp-content\/uploads\/2024\/04\/Benriach-10yo-vorne-scaled.jpg","datePublished":"2024-04-09T18:49:00+00:00","dateModified":"2024-04-28T17:30:11+00:00","breadcrumb":{"@id":"https:\/\/www.dramfolks-whisky-auction.com\/fr\/product\/benriach-the-smoky-ten\/#breadcrumb"},"inLanguage":"fr-FR","potentialAction":[{"@type":"ReadAction","target":["https:\/\/www.dramfolks-whisky-auction.com\/fr\/product\/benriach-the-smoky-ten\/"]}]},{"@type":"ImageObject","inLanguage":"fr-FR","@id":"https:\/\/www.dramfolks-whisky-auction.com\/fr\/product\/benriach-the-smoky-ten\/#primaryimage","url":"https:\/\/www.dramfolks-whisky-auction.com\/wp-content\/uploads\/2024\/04\/Benriach-10yo-vorne-scaled.jpg","contentUrl":"https:\/\/www.dramfolks-whisky-auction.com\/wp-content\/uploads\/2024\/04\/Benriach-10yo-vorne-scaled.jpg","width":2560,"height":2560},{"@type":"BreadcrumbList","@id":"https:\/\/www.dramfolks-whisky-auction.com\/fr\/product\/benriach-the-smoky-ten\/#breadcrumb","itemListElement":[{"@type":"ListItem","position":1,"name":"Startseite","item":"https:\/\/www.dramfolks-whisky-auction.com\/fr\/"},{"@type":"ListItem","position":2,"name":"Boutique","item":"https:\/\/www.dramfolks-whisky-auction.com\/fr\/boutique\/"},{"@type":"ListItem","position":3,"name":"Benriach &#8211; The Smoky Ten"}]},{"@type":"WebSite","@id":"https:\/\/www.dramfolks-whisky-auction.com\/fr\/#website","url":"https:\/\/www.dramfolks-whisky-auction.com\/fr\/","name":"Dramfolks Whisky Auction","description":"","potentialAction":[{"@type":"SearchAction","target":{"@type":"EntryPoint","urlTemplate":"https:\/\/www.dramfolks-whisky-auction.com\/fr\/?s={search_term_string}"},"query-input":{"@type":"PropertyValueSpecification","valueRequired":true,"valueName":"search_term_string"}}],"inLanguage":"fr-FR"}]}},"_links":{"self":[{"href":"https:\/\/www.dramfolks-whisky-auction.com\/fr\/wp-json\/wp\/v2\/product\/5772","targetHints":{"allow":["GET"]}}],"collection":[{"href":"https:\/\/www.dramfolks-whisky-auction.com\/fr\/wp-json\/wp\/v2\/product"}],"about":[{"href":"https:\/\/www.dramfolks-whisky-auction.com\/fr\/wp-json\/wp\/v2\/types\/product"}],"replies":[{"embeddable":true,"href":"https:\/\/www.dramfolks-whisky-auction.com\/fr\/wp-json\/wp\/v2\/comments?post=5772"}],"wp:featuredmedia":[{"embeddable":true,"href":"https:\/\/www.dramfolks-whisky-auction.com\/fr\/wp-json\/wp\/v2\/media\/5773"}],"wp:attachment":[{"href":"https:\/\/www.dramfolks-whisky-auction.com\/fr\/wp-json\/wp\/v2\/media?parent=5772"}],"wp:term":[{"taxonomy":"product_brand","embeddable":true,"href":"https:\/\/www.dramfolks-whisky-auction.com\/fr\/wp-json\/wp\/v2\/product_brand?post=5772"},{"taxonomy":"product_cat","embeddable":true,"href":"https:\/\/www.dramfolks-whisky-auction.com\/fr\/wp-json\/wp\/v2\/product_cat?post=5772"},{"taxonomy":"product_tag","embeddable":true,"href":"https:\/\/www.dramfolks-whisky-auction.com\/fr\/wp-json\/wp\/v2\/product_tag?post=5772"}],"curies":[{"name":"wp","href":"https:\/\/api.w.org\/{rel}","templated":true}]}}