{"id":5751,"date":"2024-04-09T20:26:41","date_gmt":"2024-04-09T18:26:41","guid":{"rendered":"https:\/\/www.dramfolks-whisky-auction.com\/?post_type=product&#038;p=5751"},"modified":"2024-05-01T18:44:00","modified_gmt":"2024-05-01T16:44:00","slug":"catoctin-creek-roundstone-single-barrel-virginia-rye","status":"publish","type":"product","link":"https:\/\/www.dramfolks-whisky-auction.com\/fr\/product\/catoctin-creek-roundstone-single-barrel-virginia-rye\/","title":{"rendered":"Catoctin Creek &#8211; Roundstone Single Barrel Virginia Rye"},"content":{"rendered":"<p><strong>Destille: Catoctin Creek<\/strong><br \/>\nDie Catoctin Creek Distilling Company, die unter dem Handelsnamen Catoctin Creek firmiert, ist die erste legale Brennerei in Loudoun County, Virginia seit der Prohibition. Die Destillerie ist eine zertifizierte Bio- und \u00ab\u00a0koschere\u00a0\u00bb Mikrodestillerie in Purcellville, USA. Neben Brandy stellt Catoctin Creek auch Rye Whiskey und Gin aus lokalen Fr\u00fcchten, Bio-Getreide und Virginia-Wein her. Die Destillerie wurde 2009 von Scott und Rebecca Harris gegr\u00fcndet. Anfangs arbeitete das Unternehmen mit speziell angefertigten 400- und 1200-Liter-Kothe-Hybrid-Pot-Column-Stills. Im Jahr 2012 kaufte die Destillerie das historische Case Building (erbaut 1921) an der Main Street in Purcellville und renovierte das Geb\u00e4ude als Heimat ihrer neuen Destillerie.<br \/>\nIm Jahr 2017 gab die Destillerie einen neuen Minderheitspartner und Investor bekannt, Constellation Brands aus Victor, New York. Scott und Rebecca Harris, die Mitbegr\u00fcnder, bleiben die Mehrheitseigent\u00fcmer und Manager des Unternehmens. Im Jahr 2021 modernisierte das Unternehmen seine Produktionsanlagen und verdreifachte seine Kapazit\u00e4t, darunter einen neuen Maischekocher, Fermenter und eine 2000-Liter-Hybrid-Topfkolbendestille von Specific Engineering, die die \u00e4ltere 400-Liter-Brennblase ersetzt.<\/p>\n<p><strong>Fun fact:<\/strong> W\u00e4hrend der COVID-19-Pandemie und eines anschlie\u00dfenden Mangels an Desinfektionsprodukten im M\u00e4rz 2020 verlagerte Catoctin Creek den gr\u00f6\u00dften Teil seiner Produktionsabl\u00e4ufe, um \u00fcber 100 Familien, sechs Polizeistationen, zwei Rettungsdienste, zwei Krankenh\u00e4user, ein Seniorenzentrum und die FAA in Leesburg, Virginia, mit kostenlosem Desinfektionsalkohol zu versorgen. Anstatt Mitarbeiter zu entlassen, stellte das Management regionale Vertriebsmitarbeiter ein, um an der Produktionslinie zu helfen, w\u00e4hrend es mit gew\u00e4hlten Vertretern zusammenarbeitete, um Flaschen an bed\u00fcrftige Organisationen zu verteilen.<br \/>\nNach der Herstellung, Abf\u00fcllung und dem Verkauf von Handdesinfektionsmitteln in gro\u00dfen Mengen an Ersthelfer Ende M\u00e4rz k\u00fcndigte Catoctin Creek Anfang April die Freigabe seiner von der FDA zugelassenen 6-Unzen-Handdesinfektionsmittelflaschen f\u00fcr die breite \u00d6ffentlichkeit an, die innerhalb von drei Wochen ausverkauft waren. Am Ende stellte Catoctin Creek \u00fcber 2.050 Gallonen Desinfektionsmittel zur Verf\u00fcgung.<\/p>\n<p><strong>Whisky\/Whiskey: Roundstone Single Barrel Virginia Rye<br \/>\n<\/strong>Dieser Catoctin Creek ist ein Rye Whisky aus den USA. Der Hauptbestandteil des Whiskys ist Roggen. Der Catoctin Creek ist nicht rauchig. Der Whisky wurde mit relativ sanften 40% Vol. in die Flasche gebracht. Das sorgt f\u00fcr den milden Charakter dieser Abf\u00fcllung. Hier wurde nicht nachgeholfen. Die Farbe kam lediglich \u00fcber die Fassreifung zustande. Der Whisky wurde nicht k\u00fchlgefiltert, somit erhalten Sie noch das volle Aroma des Catoctin Creek. Da es sich um ein Single Cask handelt, ist die Flaschenanzahl entsprechend limitiert. Die hier angebotene Flasche hat das Batch No. 21A33.<br \/>\nDas Aroma wird gepr\u00e4gt durch \u00ab\u00a0intensive Vanille und Mokka, mit Noten von Minze, junger Eiche und Tabak\u00a0\u00bb. Im Geschmack kommen \u00ab\u00a0Bananen- und Walnussbrot, mehr Vanille, gefolgt von Zimt und pfeffrigen Gew\u00fcrzen\u00a0\u00bb zum Vorschein. Der Abgang zeichnet sich dann durch \u00ab\u00a0W\u00fcrze voller Eiche und butterigem Karamell\u00a0\u00bb aus.<\/p>\n<p><strong>Info Flaschen Qualit\u00e4t:<\/strong> Exzellent &#8211; ohne Besch\u00e4digungen \/ <strong>F\u00fcllstand:<\/strong> Top shoulder<br \/>\n<strong>Info Box Qualit\u00e4t:<\/strong> keine Box vorhanden<\/p>\n<p><strong>Wichtiger Hinweis:<\/strong> Die Bewertung der Flaschen und Boxen erfolgt nach \u201ebesten Wissen und Gewissen\u201c. dramfolks kann keine Gew\u00e4hrleistung f\u00fcr den Inhalt der Flaschen \u00fcbernehmen. Weitere Infos &amp; Hinweise finden Sie in unseren AGBs. Wir empfehlen Ihnen, vor der Abgabe von Geboten \u00fcber die Zoomfunktion eine Besichtigung \/ genaue Pr\u00fcfung des angebotenen Whiskys vorzunehmen. Bitte kontaktieren sie uns bei Fragen direkt unter info@dramfolks.com<\/p>\n","protected":false},"excerpt":{"rendered":"<p>Destille: Catoctin Creek Die Catoctin Creek Distilling Company, die unter dem Handelsnamen Catoctin Creek firmiert, ist die erste legale Brennerei in Loudoun County, Virginia seit der Prohibition. Die Destillerie ist eine zertifizierte Bio- und \u00ab\u00a0koschere\u00a0\u00bb Mikrodestillerie in Purcellville, USA. Neben Brandy stellt Catoctin Creek auch Rye Whiskey und Gin aus lokalen Fr\u00fcchten, Bio-Getreide und Virginia-Wein[&#8230;]\n","protected":false},"featured_media":5752,"comment_status":"closed","ping_status":"closed","template":"","meta":[],"product_brand":[],"product_cat":[790],"product_tag":[],"class_list":{"0":"post-5751","1":"product","2":"type-product","3":"status-publish","4":"has-post-thumbnail","6":"product_cat-no-10","8":"first","9":"instock","10":"shipping-taxable","11":"purchasable","12":"product-type-auction"},"yoast_head":"<!-- This site is optimized with the Yoast SEO plugin v27.4 - https:\/\/yoast.com\/product\/yoast-seo-wordpress\/ -->\n<title>Catoctin Creek - Roundstone Single Barrel Virginia Rye - Dramfolks Whisky Auction<\/title>\n<meta name=\"robots\" content=\"index, follow, max-snippet:-1, max-image-preview:large, max-video-preview:-1\" \/>\n<link rel=\"canonical\" href=\"https:\/\/www.dramfolks-whisky-auction.com\/fr\/product\/catoctin-creek-roundstone-single-barrel-virginia-rye\/\" \/>\n<meta property=\"og:locale\" content=\"fr_FR\" \/>\n<meta property=\"og:type\" content=\"article\" \/>\n<meta property=\"og:title\" content=\"Catoctin Creek - Roundstone Single Barrel Virginia Rye - Dramfolks Whisky Auction\" \/>\n<meta property=\"og:description\" content=\"Destille: Catoctin Creek Die Catoctin Creek Distilling Company, die unter dem Handelsnamen Catoctin Creek firmiert, ist die erste legale Brennerei in Loudoun County, Virginia seit der Prohibition. Die Destillerie ist eine zertifizierte Bio- und \u00ab\u00a0koschere\u00a0\u00bb Mikrodestillerie in Purcellville, USA. Neben Brandy stellt Catoctin Creek auch Rye Whiskey und Gin aus lokalen Fr\u00fcchten, Bio-Getreide und Virginia-Wein[...]\" \/>\n<meta property=\"og:url\" content=\"https:\/\/www.dramfolks-whisky-auction.com\/fr\/product\/catoctin-creek-roundstone-single-barrel-virginia-rye\/\" \/>\n<meta property=\"og:site_name\" content=\"Dramfolks Whisky Auction\" \/>\n<meta property=\"article:modified_time\" content=\"2024-05-01T16:44:00+00:00\" \/>\n<meta property=\"og:image\" content=\"https:\/\/www.dramfolks-whisky-auction.com\/wp-content\/uploads\/2024\/04\/Catoctin-Creek-vorne-scaled.jpg\" \/>\n\t<meta property=\"og:image:width\" content=\"2560\" \/>\n\t<meta property=\"og:image:height\" content=\"2560\" \/>\n\t<meta property=\"og:image:type\" content=\"image\/jpeg\" \/>\n<meta name=\"twitter:card\" content=\"summary_large_image\" \/>\n<meta name=\"twitter:label1\" content=\"Dur\u00e9e de lecture estim\u00e9e\" \/>\n\t<meta name=\"twitter:data1\" content=\"4 minutes\" \/>\n<script type=\"application\/ld+json\" class=\"yoast-schema-graph\">{\"@context\":\"https:\\\/\\\/schema.org\",\"@graph\":[{\"@type\":\"WebPage\",\"@id\":\"https:\\\/\\\/www.dramfolks-whisky-auction.com\\\/fr\\\/product\\\/catoctin-creek-roundstone-single-barrel-virginia-rye\\\/\",\"url\":\"https:\\\/\\\/www.dramfolks-whisky-auction.com\\\/fr\\\/product\\\/catoctin-creek-roundstone-single-barrel-virginia-rye\\\/\",\"name\":\"Catoctin Creek - Roundstone Single Barrel Virginia Rye - Dramfolks Whisky Auction\",\"isPartOf\":{\"@id\":\"https:\\\/\\\/www.dramfolks-whisky-auction.com\\\/fr\\\/#website\"},\"primaryImageOfPage\":{\"@id\":\"https:\\\/\\\/www.dramfolks-whisky-auction.com\\\/fr\\\/product\\\/catoctin-creek-roundstone-single-barrel-virginia-rye\\\/#primaryimage\"},\"image\":{\"@id\":\"https:\\\/\\\/www.dramfolks-whisky-auction.com\\\/fr\\\/product\\\/catoctin-creek-roundstone-single-barrel-virginia-rye\\\/#primaryimage\"},\"thumbnailUrl\":\"https:\\\/\\\/www.dramfolks-whisky-auction.com\\\/wp-content\\\/uploads\\\/2024\\\/04\\\/Catoctin-Creek-vorne-scaled.jpg\",\"datePublished\":\"2024-04-09T18:26:41+00:00\",\"dateModified\":\"2024-05-01T16:44:00+00:00\",\"breadcrumb\":{\"@id\":\"https:\\\/\\\/www.dramfolks-whisky-auction.com\\\/fr\\\/product\\\/catoctin-creek-roundstone-single-barrel-virginia-rye\\\/#breadcrumb\"},\"inLanguage\":\"fr-FR\",\"potentialAction\":[{\"@type\":\"ReadAction\",\"target\":[\"https:\\\/\\\/www.dramfolks-whisky-auction.com\\\/fr\\\/product\\\/catoctin-creek-roundstone-single-barrel-virginia-rye\\\/\"]}]},{\"@type\":\"ImageObject\",\"inLanguage\":\"fr-FR\",\"@id\":\"https:\\\/\\\/www.dramfolks-whisky-auction.com\\\/fr\\\/product\\\/catoctin-creek-roundstone-single-barrel-virginia-rye\\\/#primaryimage\",\"url\":\"https:\\\/\\\/www.dramfolks-whisky-auction.com\\\/wp-content\\\/uploads\\\/2024\\\/04\\\/Catoctin-Creek-vorne-scaled.jpg\",\"contentUrl\":\"https:\\\/\\\/www.dramfolks-whisky-auction.com\\\/wp-content\\\/uploads\\\/2024\\\/04\\\/Catoctin-Creek-vorne-scaled.jpg\",\"width\":2560,\"height\":2560},{\"@type\":\"BreadcrumbList\",\"@id\":\"https:\\\/\\\/www.dramfolks-whisky-auction.com\\\/fr\\\/product\\\/catoctin-creek-roundstone-single-barrel-virginia-rye\\\/#breadcrumb\",\"itemListElement\":[{\"@type\":\"ListItem\",\"position\":1,\"name\":\"Startseite\",\"item\":\"https:\\\/\\\/www.dramfolks-whisky-auction.com\\\/fr\\\/\"},{\"@type\":\"ListItem\",\"position\":2,\"name\":\"Boutique\",\"item\":\"https:\\\/\\\/www.dramfolks-whisky-auction.com\\\/fr\\\/boutique\\\/\"},{\"@type\":\"ListItem\",\"position\":3,\"name\":\"Catoctin Creek &#8211; Roundstone Single Barrel Virginia Rye\"}]},{\"@type\":\"WebSite\",\"@id\":\"https:\\\/\\\/www.dramfolks-whisky-auction.com\\\/fr\\\/#website\",\"url\":\"https:\\\/\\\/www.dramfolks-whisky-auction.com\\\/fr\\\/\",\"name\":\"Dramfolks Whisky Auction\",\"description\":\"\",\"potentialAction\":[{\"@type\":\"SearchAction\",\"target\":{\"@type\":\"EntryPoint\",\"urlTemplate\":\"https:\\\/\\\/www.dramfolks-whisky-auction.com\\\/fr\\\/?s={search_term_string}\"},\"query-input\":{\"@type\":\"PropertyValueSpecification\",\"valueRequired\":true,\"valueName\":\"search_term_string\"}}],\"inLanguage\":\"fr-FR\"}]}<\/script>\n<!-- \/ Yoast SEO plugin. -->","yoast_head_json":{"title":"Catoctin Creek - Roundstone Single Barrel Virginia Rye - Dramfolks Whisky Auction","robots":{"index":"index","follow":"follow","max-snippet":"max-snippet:-1","max-image-preview":"max-image-preview:large","max-video-preview":"max-video-preview:-1"},"canonical":"https:\/\/www.dramfolks-whisky-auction.com\/fr\/product\/catoctin-creek-roundstone-single-barrel-virginia-rye\/","og_locale":"fr_FR","og_type":"article","og_title":"Catoctin Creek - Roundstone Single Barrel Virginia Rye - Dramfolks Whisky Auction","og_description":"Destille: Catoctin Creek Die Catoctin Creek Distilling Company, die unter dem Handelsnamen Catoctin Creek firmiert, ist die erste legale Brennerei in Loudoun County, Virginia seit der Prohibition. Die Destillerie ist eine zertifizierte Bio- und \u00ab\u00a0koschere\u00a0\u00bb Mikrodestillerie in Purcellville, USA. Neben Brandy stellt Catoctin Creek auch Rye Whiskey und Gin aus lokalen Fr\u00fcchten, Bio-Getreide und Virginia-Wein[...]","og_url":"https:\/\/www.dramfolks-whisky-auction.com\/fr\/product\/catoctin-creek-roundstone-single-barrel-virginia-rye\/","og_site_name":"Dramfolks Whisky Auction","article_modified_time":"2024-05-01T16:44:00+00:00","og_image":[{"width":2560,"height":2560,"url":"https:\/\/www.dramfolks-whisky-auction.com\/wp-content\/uploads\/2024\/04\/Catoctin-Creek-vorne-scaled.jpg","type":"image\/jpeg"}],"twitter_card":"summary_large_image","twitter_misc":{"Dur\u00e9e de lecture estim\u00e9e":"4 minutes"},"schema":{"@context":"https:\/\/schema.org","@graph":[{"@type":"WebPage","@id":"https:\/\/www.dramfolks-whisky-auction.com\/fr\/product\/catoctin-creek-roundstone-single-barrel-virginia-rye\/","url":"https:\/\/www.dramfolks-whisky-auction.com\/fr\/product\/catoctin-creek-roundstone-single-barrel-virginia-rye\/","name":"Catoctin Creek - Roundstone Single Barrel Virginia Rye - Dramfolks Whisky Auction","isPartOf":{"@id":"https:\/\/www.dramfolks-whisky-auction.com\/fr\/#website"},"primaryImageOfPage":{"@id":"https:\/\/www.dramfolks-whisky-auction.com\/fr\/product\/catoctin-creek-roundstone-single-barrel-virginia-rye\/#primaryimage"},"image":{"@id":"https:\/\/www.dramfolks-whisky-auction.com\/fr\/product\/catoctin-creek-roundstone-single-barrel-virginia-rye\/#primaryimage"},"thumbnailUrl":"https:\/\/www.dramfolks-whisky-auction.com\/wp-content\/uploads\/2024\/04\/Catoctin-Creek-vorne-scaled.jpg","datePublished":"2024-04-09T18:26:41+00:00","dateModified":"2024-05-01T16:44:00+00:00","breadcrumb":{"@id":"https:\/\/www.dramfolks-whisky-auction.com\/fr\/product\/catoctin-creek-roundstone-single-barrel-virginia-rye\/#breadcrumb"},"inLanguage":"fr-FR","potentialAction":[{"@type":"ReadAction","target":["https:\/\/www.dramfolks-whisky-auction.com\/fr\/product\/catoctin-creek-roundstone-single-barrel-virginia-rye\/"]}]},{"@type":"ImageObject","inLanguage":"fr-FR","@id":"https:\/\/www.dramfolks-whisky-auction.com\/fr\/product\/catoctin-creek-roundstone-single-barrel-virginia-rye\/#primaryimage","url":"https:\/\/www.dramfolks-whisky-auction.com\/wp-content\/uploads\/2024\/04\/Catoctin-Creek-vorne-scaled.jpg","contentUrl":"https:\/\/www.dramfolks-whisky-auction.com\/wp-content\/uploads\/2024\/04\/Catoctin-Creek-vorne-scaled.jpg","width":2560,"height":2560},{"@type":"BreadcrumbList","@id":"https:\/\/www.dramfolks-whisky-auction.com\/fr\/product\/catoctin-creek-roundstone-single-barrel-virginia-rye\/#breadcrumb","itemListElement":[{"@type":"ListItem","position":1,"name":"Startseite","item":"https:\/\/www.dramfolks-whisky-auction.com\/fr\/"},{"@type":"ListItem","position":2,"name":"Boutique","item":"https:\/\/www.dramfolks-whisky-auction.com\/fr\/boutique\/"},{"@type":"ListItem","position":3,"name":"Catoctin Creek &#8211; Roundstone Single Barrel Virginia Rye"}]},{"@type":"WebSite","@id":"https:\/\/www.dramfolks-whisky-auction.com\/fr\/#website","url":"https:\/\/www.dramfolks-whisky-auction.com\/fr\/","name":"Dramfolks Whisky Auction","description":"","potentialAction":[{"@type":"SearchAction","target":{"@type":"EntryPoint","urlTemplate":"https:\/\/www.dramfolks-whisky-auction.com\/fr\/?s={search_term_string}"},"query-input":{"@type":"PropertyValueSpecification","valueRequired":true,"valueName":"search_term_string"}}],"inLanguage":"fr-FR"}]}},"_links":{"self":[{"href":"https:\/\/www.dramfolks-whisky-auction.com\/fr\/wp-json\/wp\/v2\/product\/5751","targetHints":{"allow":["GET"]}}],"collection":[{"href":"https:\/\/www.dramfolks-whisky-auction.com\/fr\/wp-json\/wp\/v2\/product"}],"about":[{"href":"https:\/\/www.dramfolks-whisky-auction.com\/fr\/wp-json\/wp\/v2\/types\/product"}],"replies":[{"embeddable":true,"href":"https:\/\/www.dramfolks-whisky-auction.com\/fr\/wp-json\/wp\/v2\/comments?post=5751"}],"wp:featuredmedia":[{"embeddable":true,"href":"https:\/\/www.dramfolks-whisky-auction.com\/fr\/wp-json\/wp\/v2\/media\/5752"}],"wp:attachment":[{"href":"https:\/\/www.dramfolks-whisky-auction.com\/fr\/wp-json\/wp\/v2\/media?parent=5751"}],"wp:term":[{"taxonomy":"product_brand","embeddable":true,"href":"https:\/\/www.dramfolks-whisky-auction.com\/fr\/wp-json\/wp\/v2\/product_brand?post=5751"},{"taxonomy":"product_cat","embeddable":true,"href":"https:\/\/www.dramfolks-whisky-auction.com\/fr\/wp-json\/wp\/v2\/product_cat?post=5751"},{"taxonomy":"product_tag","embeddable":true,"href":"https:\/\/www.dramfolks-whisky-auction.com\/fr\/wp-json\/wp\/v2\/product_tag?post=5751"}],"curies":[{"name":"wp","href":"https:\/\/api.w.org\/{rel}","templated":true}]}}