{"id":5656,"date":"2024-03-12T20:32:09","date_gmt":"2024-03-12T19:32:09","guid":{"rendered":"https:\/\/www.dramfolks-whisky-auction.com\/?post_type=product&#038;p=5656"},"modified":"2025-03-25T19:27:48","modified_gmt":"2025-03-25T18:27:48","slug":"craigellachie-11yo-hepburns-choice-2008-2","status":"publish","type":"product","link":"https:\/\/www.dramfolks-whisky-auction.com\/fr\/product\/craigellachie-11yo-hepburns-choice-2008-2\/","title":{"rendered":"Craigellachie &#8211; 11yo Hepburn`s Choice 2008"},"content":{"rendered":"<p><strong>Destille: <span class=\"v1s2\">Craigellachie<br \/>\n<\/span><\/strong><span class=\"v1s2\">Die Craigellachie Distillery ist eine Single Malt Scotch Whisky Destillerie im Dorf Craigellachie, im Zentrum der Speyside (Schottland). Der Name Craigellachie bedeutet \u00ab\u00a0felsiger H\u00fcgel\u00a0\u00bb und bezieht sich auf die Klippe, die den Fluss \u00ab\u00a0Spey\u00a0\u00bb \u00fcberblickt. Craigellachie wurde 1891 unter dem Namen \u00ab\u00a0Craigellachie Distillery Co. Limited\u00a0\u00bb von einer Gruppe aus Mixern und H\u00e4ndlern, unter der Leitung von Alexander Edward gegr\u00fcndet. Zwei Jahre sp\u00e4ter wurde sie als Aktiengesellschaft umfirmiert und 1896 als Craigellachie-Glenlivet Distillery Ltd. eingetragen. Seit 1997 befindet sich Craigellachie im Besitz von Bacardi. J\u00e4hrliches Produktionsvolumen: ca. 4 Mio. Liter<\/span><\/p>\n<p><strong>Fun Fakt:<\/strong> Craigellachie geh\u00f6rte fr\u00fcher mal United Distillers (UD), die nun unter dem Diageo Konzern zusammengefasst sind. Sie war also eine Schwestermarke von Caol Ila, Cardhu, Clynelish, Cragganmore, Lagavulin, usw. Einer der Gr\u00fcnder 1891 war auch Peter Mackie, dessen Name unzentrennlich mit White Horse Distillers und dem weltber\u00fchmten Blend \u201eWhite Horse\u201c verbunden war.<\/p>\n<p><strong>Whisky\/Whiskey: 11yo Hepburn`s Choice 2008<br \/>\n<\/strong>Die Whiskys aus der \u00ab\u00a0Hepburn`s Choice\u00a0\u00bb Serie werden immer aus einem einzigen Fass der ausgew\u00e4hlten Destillerie entnommen. Generell wird das Sortiment mit 46 Vol.-% abgef\u00fcllt, nat\u00fcrlich ohne K\u00e4ltefilter oder Farbstoffe. Jedes Fass wird sorgf\u00e4ltig ausgew\u00e4hlt, um die jeweilige Destillerie oder Region zu pr\u00e4sentieren.<br \/>\nDer Name Hepburn ist eine Hommage an den Gro\u00dfvater m\u00fctterlicherseits eines der Direktoren der Langside Distillers. Der verstorbene William Hepburn, der in seiner Rolle im diplomatischen Dienst die Welt bereiste. Mit seinem feinen Urteilsverm\u00f6gen, das er bei vielen Botschaftsveranstaltungen erweitert hatte, war Herr Hepburn ein wahrer Kenner seiner Heimat Schottland. Vor diesem Hintergrund w\u00e4ren diese Abf\u00fcllungen \u00ab\u00a0Hepburn&rsquo;s Choice\u00a0\u00bb gewesen. Der hier angebotene 11-j\u00e4hrige Craigellachie ist limitiert auf nur 113 Flaschen!<\/p>\n<p><strong>Sidenote zum Abf\u00fcller: Langside Distillers<\/strong><br \/>\nUnter dem Namen Langside Distillers ist Hunter Laing ein unabh\u00e4ngiger Abf\u00fcller mit Sitz in Glasgow, Schottland. Der Betrieb wurde von Stewart H. Laing 2013 gegr\u00fcndet, nach dem dieser aus dem Familienbetrieb Douglas Laing ausstieg, den er bis dato mit seinem Bruder gemeinsam f\u00fchrte. Dabei nahm er F\u00e4sser und Serien wie die \u00ab\u00a0Hepburn&rsquo;s Choice\u00a0\u00bb, \u00ab\u00a0Old Malt Cask\u00a0\u00bb- und \u00ab\u00a0Old and Rare\u00a0\u00bb-Reihe mit. Heute arbeitet Stewart H. Laing mit seinen zwei S\u00f6hnen zusammen an neuen Ver\u00f6ffentlichungen.<\/p>\n<p><strong>Info Qualit\u00e4t der Flasche:<\/strong> Exzellent &#8211; ohne Besch\u00e4digungen \/ <strong>F\u00fcllstand:<\/strong> Into neck<br \/>\n<strong>Info Qualit\u00e4t der Box:\u00a0<\/strong>Exzellent &#8211; ohne Besch\u00e4digungen<\/p>\n<p><strong>Wichtiger Hinweis:<\/strong> Die Bewertung der Flaschen und Boxen erfolgt nach \u201ebesten Wissen und Gewissen\u201c. dramfolks kann keine Gew\u00e4hrleistung f\u00fcr den Inhalt der Flaschen \u00fcbernehmen. Weitere Infos &amp; Hinweise finden Sie in unseren AGBs. Wir empfehlen Ihnen, vor der Abgabe von Geboten \u00fcber die Zoomfunktion eine Besichtigung \/ genaue Pr\u00fcfung des angebotenen Whiskys vorzunehmen. Bitte kontaktieren sie uns bei Fragen direkt unter info@dramfolks.com<\/p>\n","protected":false},"excerpt":{"rendered":"<p><strong>After-Auction-Market by dramfolks<\/strong><\/p>\n<p>Dies ist keine laufende Auktion! \u00dcber den \u201eJetzt Kaufen\u201c-Button direkt erwerben oder dein Gebot ist ein alternativer Preisvorschlag (Maximalgebot)!<\/p>\n","protected":false},"featured_media":5693,"comment_status":"closed","ping_status":"closed","template":"","meta":[],"product_brand":[],"product_cat":[1099],"product_tag":[],"class_list":{"0":"post-5656","1":"product","2":"type-product","3":"status-publish","4":"has-post-thumbnail","6":"product_cat-aam-sold-out","8":"first","9":"instock","10":"shipping-taxable","11":"purchasable","12":"product-type-auction"},"yoast_head":"<!-- This site is optimized with the Yoast SEO plugin v27.0 - https:\/\/yoast.com\/product\/yoast-seo-wordpress\/ -->\n<title>Craigellachie - 11yo Hepburn`s Choice 2008 - Dramfolks Whisky Auction<\/title>\n<meta name=\"robots\" content=\"index, follow, max-snippet:-1, max-image-preview:large, max-video-preview:-1\" \/>\n<link rel=\"canonical\" href=\"https:\/\/www.dramfolks-whisky-auction.com\/fr\/product\/craigellachie-11yo-hepburns-choice-2008-2\/\" \/>\n<meta property=\"og:locale\" content=\"fr_FR\" \/>\n<meta property=\"og:type\" content=\"article\" \/>\n<meta property=\"og:title\" content=\"Craigellachie - 11yo Hepburn`s Choice 2008 - Dramfolks Whisky Auction\" \/>\n<meta property=\"og:description\" content=\"After-Auction-Market by dramfolks  Dies ist keine laufende Auktion! \u00dcber den \u201eJetzt Kaufen\u201c-Button direkt erwerben oder dein Gebot ist ein alternativer Preisvorschlag (Maximalgebot)!\" \/>\n<meta property=\"og:url\" content=\"https:\/\/www.dramfolks-whisky-auction.com\/fr\/product\/craigellachie-11yo-hepburns-choice-2008-2\/\" \/>\n<meta property=\"og:site_name\" content=\"Dramfolks Whisky Auction\" \/>\n<meta property=\"article:modified_time\" content=\"2025-03-25T18:27:48+00:00\" \/>\n<meta property=\"og:image\" content=\"https:\/\/www.dramfolks-whisky-auction.com\/wp-content\/uploads\/2024\/03\/Hepburn-Sold-Out.jpg\" \/>\n\t<meta property=\"og:image:width\" content=\"2048\" \/>\n\t<meta property=\"og:image:height\" content=\"2048\" \/>\n\t<meta property=\"og:image:type\" content=\"image\/jpeg\" \/>\n<meta name=\"twitter:card\" content=\"summary_large_image\" \/>\n<meta name=\"twitter:label1\" content=\"Dur\u00e9e de lecture estim\u00e9e\" \/>\n\t<meta name=\"twitter:data1\" content=\"3 minutes\" \/>\n<script type=\"application\/ld+json\" class=\"yoast-schema-graph\">{\"@context\":\"https:\/\/schema.org\",\"@graph\":[{\"@type\":\"WebPage\",\"@id\":\"https:\/\/www.dramfolks-whisky-auction.com\/fr\/product\/craigellachie-11yo-hepburns-choice-2008-2\/\",\"url\":\"https:\/\/www.dramfolks-whisky-auction.com\/fr\/product\/craigellachie-11yo-hepburns-choice-2008-2\/\",\"name\":\"Craigellachie - 11yo Hepburn`s Choice 2008 - Dramfolks Whisky Auction\",\"isPartOf\":{\"@id\":\"https:\/\/www.dramfolks-whisky-auction.com\/fr\/#website\"},\"primaryImageOfPage\":{\"@id\":\"https:\/\/www.dramfolks-whisky-auction.com\/fr\/product\/craigellachie-11yo-hepburns-choice-2008-2\/#primaryimage\"},\"image\":{\"@id\":\"https:\/\/www.dramfolks-whisky-auction.com\/fr\/product\/craigellachie-11yo-hepburns-choice-2008-2\/#primaryimage\"},\"thumbnailUrl\":\"https:\/\/www.dramfolks-whisky-auction.com\/wp-content\/uploads\/2024\/03\/Hepburn-Sold-Out.jpg\",\"datePublished\":\"2024-03-12T19:32:09+00:00\",\"dateModified\":\"2025-03-25T18:27:48+00:00\",\"breadcrumb\":{\"@id\":\"https:\/\/www.dramfolks-whisky-auction.com\/fr\/product\/craigellachie-11yo-hepburns-choice-2008-2\/#breadcrumb\"},\"inLanguage\":\"fr-FR\",\"potentialAction\":[{\"@type\":\"ReadAction\",\"target\":[\"https:\/\/www.dramfolks-whisky-auction.com\/fr\/product\/craigellachie-11yo-hepburns-choice-2008-2\/\"]}]},{\"@type\":\"ImageObject\",\"inLanguage\":\"fr-FR\",\"@id\":\"https:\/\/www.dramfolks-whisky-auction.com\/fr\/product\/craigellachie-11yo-hepburns-choice-2008-2\/#primaryimage\",\"url\":\"https:\/\/www.dramfolks-whisky-auction.com\/wp-content\/uploads\/2024\/03\/Hepburn-Sold-Out.jpg\",\"contentUrl\":\"https:\/\/www.dramfolks-whisky-auction.com\/wp-content\/uploads\/2024\/03\/Hepburn-Sold-Out.jpg\",\"width\":2048,\"height\":2048},{\"@type\":\"BreadcrumbList\",\"@id\":\"https:\/\/www.dramfolks-whisky-auction.com\/fr\/product\/craigellachie-11yo-hepburns-choice-2008-2\/#breadcrumb\",\"itemListElement\":[{\"@type\":\"ListItem\",\"position\":1,\"name\":\"Startseite\",\"item\":\"https:\/\/www.dramfolks-whisky-auction.com\/fr\/\"},{\"@type\":\"ListItem\",\"position\":2,\"name\":\"Boutique\",\"item\":\"https:\/\/www.dramfolks-whisky-auction.com\/fr\/boutique\/\"},{\"@type\":\"ListItem\",\"position\":3,\"name\":\"Craigellachie &#8211; 11yo Hepburn`s Choice 2008\"}]},{\"@type\":\"WebSite\",\"@id\":\"https:\/\/www.dramfolks-whisky-auction.com\/fr\/#website\",\"url\":\"https:\/\/www.dramfolks-whisky-auction.com\/fr\/\",\"name\":\"Dramfolks Whisky Auction\",\"description\":\"\",\"potentialAction\":[{\"@type\":\"SearchAction\",\"target\":{\"@type\":\"EntryPoint\",\"urlTemplate\":\"https:\/\/www.dramfolks-whisky-auction.com\/fr\/?s={search_term_string}\"},\"query-input\":{\"@type\":\"PropertyValueSpecification\",\"valueRequired\":true,\"valueName\":\"search_term_string\"}}],\"inLanguage\":\"fr-FR\"}]}<\/script>\n<!-- \/ Yoast SEO plugin. -->","yoast_head_json":{"title":"Craigellachie - 11yo Hepburn`s Choice 2008 - Dramfolks Whisky Auction","robots":{"index":"index","follow":"follow","max-snippet":"max-snippet:-1","max-image-preview":"max-image-preview:large","max-video-preview":"max-video-preview:-1"},"canonical":"https:\/\/www.dramfolks-whisky-auction.com\/fr\/product\/craigellachie-11yo-hepburns-choice-2008-2\/","og_locale":"fr_FR","og_type":"article","og_title":"Craigellachie - 11yo Hepburn`s Choice 2008 - Dramfolks Whisky Auction","og_description":"After-Auction-Market by dramfolks  Dies ist keine laufende Auktion! \u00dcber den \u201eJetzt Kaufen\u201c-Button direkt erwerben oder dein Gebot ist ein alternativer Preisvorschlag (Maximalgebot)!","og_url":"https:\/\/www.dramfolks-whisky-auction.com\/fr\/product\/craigellachie-11yo-hepburns-choice-2008-2\/","og_site_name":"Dramfolks Whisky Auction","article_modified_time":"2025-03-25T18:27:48+00:00","og_image":[{"width":2048,"height":2048,"url":"https:\/\/www.dramfolks-whisky-auction.com\/wp-content\/uploads\/2024\/03\/Hepburn-Sold-Out.jpg","type":"image\/jpeg"}],"twitter_card":"summary_large_image","twitter_misc":{"Dur\u00e9e de lecture estim\u00e9e":"3 minutes"},"schema":{"@context":"https:\/\/schema.org","@graph":[{"@type":"WebPage","@id":"https:\/\/www.dramfolks-whisky-auction.com\/fr\/product\/craigellachie-11yo-hepburns-choice-2008-2\/","url":"https:\/\/www.dramfolks-whisky-auction.com\/fr\/product\/craigellachie-11yo-hepburns-choice-2008-2\/","name":"Craigellachie - 11yo Hepburn`s Choice 2008 - Dramfolks Whisky Auction","isPartOf":{"@id":"https:\/\/www.dramfolks-whisky-auction.com\/fr\/#website"},"primaryImageOfPage":{"@id":"https:\/\/www.dramfolks-whisky-auction.com\/fr\/product\/craigellachie-11yo-hepburns-choice-2008-2\/#primaryimage"},"image":{"@id":"https:\/\/www.dramfolks-whisky-auction.com\/fr\/product\/craigellachie-11yo-hepburns-choice-2008-2\/#primaryimage"},"thumbnailUrl":"https:\/\/www.dramfolks-whisky-auction.com\/wp-content\/uploads\/2024\/03\/Hepburn-Sold-Out.jpg","datePublished":"2024-03-12T19:32:09+00:00","dateModified":"2025-03-25T18:27:48+00:00","breadcrumb":{"@id":"https:\/\/www.dramfolks-whisky-auction.com\/fr\/product\/craigellachie-11yo-hepburns-choice-2008-2\/#breadcrumb"},"inLanguage":"fr-FR","potentialAction":[{"@type":"ReadAction","target":["https:\/\/www.dramfolks-whisky-auction.com\/fr\/product\/craigellachie-11yo-hepburns-choice-2008-2\/"]}]},{"@type":"ImageObject","inLanguage":"fr-FR","@id":"https:\/\/www.dramfolks-whisky-auction.com\/fr\/product\/craigellachie-11yo-hepburns-choice-2008-2\/#primaryimage","url":"https:\/\/www.dramfolks-whisky-auction.com\/wp-content\/uploads\/2024\/03\/Hepburn-Sold-Out.jpg","contentUrl":"https:\/\/www.dramfolks-whisky-auction.com\/wp-content\/uploads\/2024\/03\/Hepburn-Sold-Out.jpg","width":2048,"height":2048},{"@type":"BreadcrumbList","@id":"https:\/\/www.dramfolks-whisky-auction.com\/fr\/product\/craigellachie-11yo-hepburns-choice-2008-2\/#breadcrumb","itemListElement":[{"@type":"ListItem","position":1,"name":"Startseite","item":"https:\/\/www.dramfolks-whisky-auction.com\/fr\/"},{"@type":"ListItem","position":2,"name":"Boutique","item":"https:\/\/www.dramfolks-whisky-auction.com\/fr\/boutique\/"},{"@type":"ListItem","position":3,"name":"Craigellachie &#8211; 11yo Hepburn`s Choice 2008"}]},{"@type":"WebSite","@id":"https:\/\/www.dramfolks-whisky-auction.com\/fr\/#website","url":"https:\/\/www.dramfolks-whisky-auction.com\/fr\/","name":"Dramfolks Whisky Auction","description":"","potentialAction":[{"@type":"SearchAction","target":{"@type":"EntryPoint","urlTemplate":"https:\/\/www.dramfolks-whisky-auction.com\/fr\/?s={search_term_string}"},"query-input":{"@type":"PropertyValueSpecification","valueRequired":true,"valueName":"search_term_string"}}],"inLanguage":"fr-FR"}]}},"_links":{"self":[{"href":"https:\/\/www.dramfolks-whisky-auction.com\/fr\/wp-json\/wp\/v2\/product\/5656","targetHints":{"allow":["GET"]}}],"collection":[{"href":"https:\/\/www.dramfolks-whisky-auction.com\/fr\/wp-json\/wp\/v2\/product"}],"about":[{"href":"https:\/\/www.dramfolks-whisky-auction.com\/fr\/wp-json\/wp\/v2\/types\/product"}],"replies":[{"embeddable":true,"href":"https:\/\/www.dramfolks-whisky-auction.com\/fr\/wp-json\/wp\/v2\/comments?post=5656"}],"wp:featuredmedia":[{"embeddable":true,"href":"https:\/\/www.dramfolks-whisky-auction.com\/fr\/wp-json\/wp\/v2\/media\/5693"}],"wp:attachment":[{"href":"https:\/\/www.dramfolks-whisky-auction.com\/fr\/wp-json\/wp\/v2\/media?parent=5656"}],"wp:term":[{"taxonomy":"product_brand","embeddable":true,"href":"https:\/\/www.dramfolks-whisky-auction.com\/fr\/wp-json\/wp\/v2\/product_brand?post=5656"},{"taxonomy":"product_cat","embeddable":true,"href":"https:\/\/www.dramfolks-whisky-auction.com\/fr\/wp-json\/wp\/v2\/product_cat?post=5656"},{"taxonomy":"product_tag","embeddable":true,"href":"https:\/\/www.dramfolks-whisky-auction.com\/fr\/wp-json\/wp\/v2\/product_tag?post=5656"}],"curies":[{"name":"wp","href":"https:\/\/api.w.org\/{rel}","templated":true}]}}