{"id":5653,"date":"2024-03-12T20:18:26","date_gmt":"2024-03-12T19:18:26","guid":{"rendered":"https:\/\/www.dramfolks-whisky-auction.com\/?post_type=product&#038;p=5653"},"modified":"2025-03-25T19:29:01","modified_gmt":"2025-03-25T18:29:01","slug":"rock-island-sherry-edition-douglas-laing-2","status":"publish","type":"product","link":"https:\/\/www.dramfolks-whisky-auction.com\/fr\/product\/rock-island-sherry-edition-douglas-laing-2\/","title":{"rendered":"Rock Island Sherry Edition (Douglas Laing)"},"content":{"rendered":"<p><strong>Destille: Unbekannt<br \/>\n<\/strong>Leider k\u00f6nnen wir hier an dieser Stelle keine Hinweise oder Texte zur Destillerie des Whiskys geben. Bekannt ist lediglich die Region Island bzw. die Inseln, von denen er stammen soll&#8230; Islay, Arran, Jura und Orkney. Dennoch kommen da eine ganze Menge Destillerien in Frage \ud83d\ude09<\/p>\n<p><strong>Fun Fakt: <\/strong>&#8211;<\/p>\n<p><strong>Whisky\/Whiskey: Rock Island Sherry Edition (Douglas Laing)<br \/>\n<\/strong>Eine limitierte Abf\u00fcllung von Douglas Laing&rsquo;s Rock Island Blended Malt (nur 3.000 Flaschen weltweit!!!) mit einem ausgesprochenen Sherry-Stil. Basierend auf Malts von Islay, Arran, Jura und Orkney genoss dieser Ausdruck seine letzte Reifephase in speziell ausgew\u00e4hlten spanischen Sherry-Butts. Das Ergebnis ist ein Whisky, der einen deutlichen Salzgehalt von der K\u00fcste bietet, sowie durch die S\u00fc\u00dfe von getrockneten Fr\u00fcchten und die w\u00e4rmende W\u00fcrze brillant ausgeglichen daher kommt.<br \/>\nIn der Nase finden sich \u00ab\u00a0Rosinen, ger\u00f6steter brauner Zucker, Gischt und Wurstwaren\u00a0\u00bb. Am Gaumen folgt dann \u00ab\u00a0sanfter Torfrauch und gesalzene Cracker, dazu Erdbeermarmelade und St\u00e4ngeling\u00a0\u00bb und der Abgang zeichnet sich dann durch \u00ab\u00a0nachhaltig gesalzenes Karamell und Zimt\u00a0\u00bb aus. (Verkostungsnotizen von <a href=\"http:\/\/www.masterofmalt.com\" target=\"_blank\" rel=\"noopener noreferrer\">www.masterofmalt.com<\/a>)<\/p>\n<p><strong>Sidenote zum Abf\u00fcller:<\/strong> Bis 2013 arbeiteten die Br\u00fcder Fred-Douglas und Stewart Laing zusammen und leiteten das familieneigene Abf\u00fcllunternehmen bevor sie beschlossen, das Verm\u00f6gen des Unternehmens aufzuteilen und getrennte Wege zu gehen. Douglas Laings Tochter Cara schloss sich ihrem Vater an und brachte ihre umfangreiche Erfahrung mit schottischem Whisky mit, nachdem sie als Global Brand Manager f\u00fcr Jura Single Malt t\u00e4tig war (mit einem kurzem Intermezzo als Marketingmanagerin f\u00fcr Bowmore und Glen Garioch).<br \/>\nCara ist in der dritten Generation der Familie Laing t\u00e4tig, welches 1948 von ihrem Gro\u00dfvater Fred Douglas Laing gegr\u00fcndet wurde. Er mischte seinen eigenen Whisky etablierte ein Abf\u00fcllprogramm mit vielen schottischen Destillerien. Douglas Laing besitzt bereits eine Destillerie \u2013 Strathearn in Perthshire, die 2019 erworben wurde und bald durch eine weitere Destillerie (eine neue Anlage im Wert von 10,7 Millionen Pfund in Glasgow) erg\u00e4nzt wird.<\/p>\n<p><strong>Info Qualit\u00e4t der Flasche:<\/strong> Exzellent &#8211; ohne Besch\u00e4digungen \/ <strong>F\u00fcllstand:<\/strong> Into neck<br \/>\n<strong>Info Qualit\u00e4t der Box:\u00a0<\/strong>Exzellent &#8211; ohne Besch\u00e4digungen<\/p>\n<p><strong>Wichtiger Hinweis:<\/strong> Die Bewertung der Flaschen und Boxen erfolgt nach \u201ebesten Wissen und Gewissen\u201c. dramfolks kann keine Gew\u00e4hrleistung f\u00fcr den Inhalt der Flaschen \u00fcbernehmen. Weitere Infos &amp; Hinweise finden Sie in unseren AGBs. Wir empfehlen Ihnen, vor der Abgabe von Geboten \u00fcber die Zoomfunktion eine Besichtigung \/ genaue Pr\u00fcfung des angebotenen Whiskys vorzunehmen. Bitte kontaktieren sie uns bei Fragen direkt unter info@dramfolks.com<\/p>\n","protected":false},"excerpt":{"rendered":"<p><strong>After-Auction-Market by dramfolks<\/strong><\/p>\n<p>Dies ist keine laufende Auktion! \u00dcber den \u201eJetzt Kaufen\u201c-Button direkt erwerben oder dein Gebot ist ein alternativer Preisvorschlag (Maximalgebot)!<\/p>\n","protected":false},"featured_media":48643,"comment_status":"closed","ping_status":"closed","template":"","meta":[],"product_brand":[],"product_cat":[1099],"product_tag":[],"class_list":{"0":"post-5653","1":"product","2":"type-product","3":"status-publish","4":"has-post-thumbnail","6":"product_cat-aam-sold-out","8":"first","9":"instock","10":"shipping-taxable","11":"purchasable","12":"product-type-auction"},"yoast_head":"<!-- This site is optimized with the Yoast SEO plugin v27.0 - https:\/\/yoast.com\/product\/yoast-seo-wordpress\/ -->\n<title>Rock Island Sherry Edition (Douglas Laing) - Dramfolks Whisky Auction<\/title>\n<meta name=\"robots\" content=\"index, follow, max-snippet:-1, max-image-preview:large, max-video-preview:-1\" \/>\n<link rel=\"canonical\" href=\"https:\/\/www.dramfolks-whisky-auction.com\/fr\/product\/rock-island-sherry-edition-douglas-laing-2\/\" \/>\n<meta property=\"og:locale\" content=\"fr_FR\" \/>\n<meta property=\"og:type\" content=\"article\" \/>\n<meta property=\"og:title\" content=\"Rock Island Sherry Edition (Douglas Laing) - Dramfolks Whisky Auction\" \/>\n<meta property=\"og:description\" content=\"After-Auction-Market by dramfolks  Dies ist keine laufende Auktion! \u00dcber den \u201eJetzt Kaufen\u201c-Button direkt erwerben oder dein Gebot ist ein alternativer Preisvorschlag (Maximalgebot)!\" \/>\n<meta property=\"og:url\" content=\"https:\/\/www.dramfolks-whisky-auction.com\/fr\/product\/rock-island-sherry-edition-douglas-laing-2\/\" \/>\n<meta property=\"og:site_name\" content=\"Dramfolks Whisky Auction\" \/>\n<meta property=\"article:modified_time\" content=\"2025-03-25T18:29:01+00:00\" \/>\n<meta property=\"og:image\" content=\"https:\/\/www.dramfolks-whisky-auction.com\/wp-content\/uploads\/2024\/03\/Rock-Island-Sold-out.jpg\" \/>\n\t<meta property=\"og:image:width\" content=\"1080\" \/>\n\t<meta property=\"og:image:height\" content=\"1080\" \/>\n\t<meta property=\"og:image:type\" content=\"image\/jpeg\" \/>\n<meta name=\"twitter:card\" content=\"summary_large_image\" \/>\n<meta name=\"twitter:label1\" content=\"Dur\u00e9e de lecture estim\u00e9e\" \/>\n\t<meta name=\"twitter:data1\" content=\"3 minutes\" \/>\n<script type=\"application\/ld+json\" class=\"yoast-schema-graph\">{\"@context\":\"https:\/\/schema.org\",\"@graph\":[{\"@type\":\"WebPage\",\"@id\":\"https:\/\/www.dramfolks-whisky-auction.com\/fr\/product\/rock-island-sherry-edition-douglas-laing-2\/\",\"url\":\"https:\/\/www.dramfolks-whisky-auction.com\/fr\/product\/rock-island-sherry-edition-douglas-laing-2\/\",\"name\":\"Rock Island Sherry Edition (Douglas Laing) - Dramfolks Whisky Auction\",\"isPartOf\":{\"@id\":\"https:\/\/www.dramfolks-whisky-auction.com\/fr\/#website\"},\"primaryImageOfPage\":{\"@id\":\"https:\/\/www.dramfolks-whisky-auction.com\/fr\/product\/rock-island-sherry-edition-douglas-laing-2\/#primaryimage\"},\"image\":{\"@id\":\"https:\/\/www.dramfolks-whisky-auction.com\/fr\/product\/rock-island-sherry-edition-douglas-laing-2\/#primaryimage\"},\"thumbnailUrl\":\"https:\/\/www.dramfolks-whisky-auction.com\/wp-content\/uploads\/2024\/03\/Rock-Island-Sold-out.jpg\",\"datePublished\":\"2024-03-12T19:18:26+00:00\",\"dateModified\":\"2025-03-25T18:29:01+00:00\",\"breadcrumb\":{\"@id\":\"https:\/\/www.dramfolks-whisky-auction.com\/fr\/product\/rock-island-sherry-edition-douglas-laing-2\/#breadcrumb\"},\"inLanguage\":\"fr-FR\",\"potentialAction\":[{\"@type\":\"ReadAction\",\"target\":[\"https:\/\/www.dramfolks-whisky-auction.com\/fr\/product\/rock-island-sherry-edition-douglas-laing-2\/\"]}]},{\"@type\":\"ImageObject\",\"inLanguage\":\"fr-FR\",\"@id\":\"https:\/\/www.dramfolks-whisky-auction.com\/fr\/product\/rock-island-sherry-edition-douglas-laing-2\/#primaryimage\",\"url\":\"https:\/\/www.dramfolks-whisky-auction.com\/wp-content\/uploads\/2024\/03\/Rock-Island-Sold-out.jpg\",\"contentUrl\":\"https:\/\/www.dramfolks-whisky-auction.com\/wp-content\/uploads\/2024\/03\/Rock-Island-Sold-out.jpg\",\"width\":1080,\"height\":1080},{\"@type\":\"BreadcrumbList\",\"@id\":\"https:\/\/www.dramfolks-whisky-auction.com\/fr\/product\/rock-island-sherry-edition-douglas-laing-2\/#breadcrumb\",\"itemListElement\":[{\"@type\":\"ListItem\",\"position\":1,\"name\":\"Startseite\",\"item\":\"https:\/\/www.dramfolks-whisky-auction.com\/fr\/\"},{\"@type\":\"ListItem\",\"position\":2,\"name\":\"Boutique\",\"item\":\"https:\/\/www.dramfolks-whisky-auction.com\/fr\/boutique\/\"},{\"@type\":\"ListItem\",\"position\":3,\"name\":\"Rock Island Sherry Edition (Douglas Laing)\"}]},{\"@type\":\"WebSite\",\"@id\":\"https:\/\/www.dramfolks-whisky-auction.com\/fr\/#website\",\"url\":\"https:\/\/www.dramfolks-whisky-auction.com\/fr\/\",\"name\":\"Dramfolks Whisky Auction\",\"description\":\"\",\"potentialAction\":[{\"@type\":\"SearchAction\",\"target\":{\"@type\":\"EntryPoint\",\"urlTemplate\":\"https:\/\/www.dramfolks-whisky-auction.com\/fr\/?s={search_term_string}\"},\"query-input\":{\"@type\":\"PropertyValueSpecification\",\"valueRequired\":true,\"valueName\":\"search_term_string\"}}],\"inLanguage\":\"fr-FR\"}]}<\/script>\n<!-- \/ Yoast SEO plugin. -->","yoast_head_json":{"title":"Rock Island Sherry Edition (Douglas Laing) - Dramfolks Whisky Auction","robots":{"index":"index","follow":"follow","max-snippet":"max-snippet:-1","max-image-preview":"max-image-preview:large","max-video-preview":"max-video-preview:-1"},"canonical":"https:\/\/www.dramfolks-whisky-auction.com\/fr\/product\/rock-island-sherry-edition-douglas-laing-2\/","og_locale":"fr_FR","og_type":"article","og_title":"Rock Island Sherry Edition (Douglas Laing) - Dramfolks Whisky Auction","og_description":"After-Auction-Market by dramfolks  Dies ist keine laufende Auktion! \u00dcber den \u201eJetzt Kaufen\u201c-Button direkt erwerben oder dein Gebot ist ein alternativer Preisvorschlag (Maximalgebot)!","og_url":"https:\/\/www.dramfolks-whisky-auction.com\/fr\/product\/rock-island-sherry-edition-douglas-laing-2\/","og_site_name":"Dramfolks Whisky Auction","article_modified_time":"2025-03-25T18:29:01+00:00","og_image":[{"width":1080,"height":1080,"url":"https:\/\/www.dramfolks-whisky-auction.com\/wp-content\/uploads\/2024\/03\/Rock-Island-Sold-out.jpg","type":"image\/jpeg"}],"twitter_card":"summary_large_image","twitter_misc":{"Dur\u00e9e de lecture estim\u00e9e":"3 minutes"},"schema":{"@context":"https:\/\/schema.org","@graph":[{"@type":"WebPage","@id":"https:\/\/www.dramfolks-whisky-auction.com\/fr\/product\/rock-island-sherry-edition-douglas-laing-2\/","url":"https:\/\/www.dramfolks-whisky-auction.com\/fr\/product\/rock-island-sherry-edition-douglas-laing-2\/","name":"Rock Island Sherry Edition (Douglas Laing) - Dramfolks Whisky Auction","isPartOf":{"@id":"https:\/\/www.dramfolks-whisky-auction.com\/fr\/#website"},"primaryImageOfPage":{"@id":"https:\/\/www.dramfolks-whisky-auction.com\/fr\/product\/rock-island-sherry-edition-douglas-laing-2\/#primaryimage"},"image":{"@id":"https:\/\/www.dramfolks-whisky-auction.com\/fr\/product\/rock-island-sherry-edition-douglas-laing-2\/#primaryimage"},"thumbnailUrl":"https:\/\/www.dramfolks-whisky-auction.com\/wp-content\/uploads\/2024\/03\/Rock-Island-Sold-out.jpg","datePublished":"2024-03-12T19:18:26+00:00","dateModified":"2025-03-25T18:29:01+00:00","breadcrumb":{"@id":"https:\/\/www.dramfolks-whisky-auction.com\/fr\/product\/rock-island-sherry-edition-douglas-laing-2\/#breadcrumb"},"inLanguage":"fr-FR","potentialAction":[{"@type":"ReadAction","target":["https:\/\/www.dramfolks-whisky-auction.com\/fr\/product\/rock-island-sherry-edition-douglas-laing-2\/"]}]},{"@type":"ImageObject","inLanguage":"fr-FR","@id":"https:\/\/www.dramfolks-whisky-auction.com\/fr\/product\/rock-island-sherry-edition-douglas-laing-2\/#primaryimage","url":"https:\/\/www.dramfolks-whisky-auction.com\/wp-content\/uploads\/2024\/03\/Rock-Island-Sold-out.jpg","contentUrl":"https:\/\/www.dramfolks-whisky-auction.com\/wp-content\/uploads\/2024\/03\/Rock-Island-Sold-out.jpg","width":1080,"height":1080},{"@type":"BreadcrumbList","@id":"https:\/\/www.dramfolks-whisky-auction.com\/fr\/product\/rock-island-sherry-edition-douglas-laing-2\/#breadcrumb","itemListElement":[{"@type":"ListItem","position":1,"name":"Startseite","item":"https:\/\/www.dramfolks-whisky-auction.com\/fr\/"},{"@type":"ListItem","position":2,"name":"Boutique","item":"https:\/\/www.dramfolks-whisky-auction.com\/fr\/boutique\/"},{"@type":"ListItem","position":3,"name":"Rock Island Sherry Edition (Douglas Laing)"}]},{"@type":"WebSite","@id":"https:\/\/www.dramfolks-whisky-auction.com\/fr\/#website","url":"https:\/\/www.dramfolks-whisky-auction.com\/fr\/","name":"Dramfolks Whisky Auction","description":"","potentialAction":[{"@type":"SearchAction","target":{"@type":"EntryPoint","urlTemplate":"https:\/\/www.dramfolks-whisky-auction.com\/fr\/?s={search_term_string}"},"query-input":{"@type":"PropertyValueSpecification","valueRequired":true,"valueName":"search_term_string"}}],"inLanguage":"fr-FR"}]}},"_links":{"self":[{"href":"https:\/\/www.dramfolks-whisky-auction.com\/fr\/wp-json\/wp\/v2\/product\/5653","targetHints":{"allow":["GET"]}}],"collection":[{"href":"https:\/\/www.dramfolks-whisky-auction.com\/fr\/wp-json\/wp\/v2\/product"}],"about":[{"href":"https:\/\/www.dramfolks-whisky-auction.com\/fr\/wp-json\/wp\/v2\/types\/product"}],"replies":[{"embeddable":true,"href":"https:\/\/www.dramfolks-whisky-auction.com\/fr\/wp-json\/wp\/v2\/comments?post=5653"}],"wp:featuredmedia":[{"embeddable":true,"href":"https:\/\/www.dramfolks-whisky-auction.com\/fr\/wp-json\/wp\/v2\/media\/48643"}],"wp:attachment":[{"href":"https:\/\/www.dramfolks-whisky-auction.com\/fr\/wp-json\/wp\/v2\/media?parent=5653"}],"wp:term":[{"taxonomy":"product_brand","embeddable":true,"href":"https:\/\/www.dramfolks-whisky-auction.com\/fr\/wp-json\/wp\/v2\/product_brand?post=5653"},{"taxonomy":"product_cat","embeddable":true,"href":"https:\/\/www.dramfolks-whisky-auction.com\/fr\/wp-json\/wp\/v2\/product_cat?post=5653"},{"taxonomy":"product_tag","embeddable":true,"href":"https:\/\/www.dramfolks-whisky-auction.com\/fr\/wp-json\/wp\/v2\/product_tag?post=5653"}],"curies":[{"name":"wp","href":"https:\/\/api.w.org\/{rel}","templated":true}]}}