{"id":536858,"date":"2024-09-27T19:46:48","date_gmt":"2024-09-27T17:46:48","guid":{"rendered":"https:\/\/www.dramfolks-whisky-auction.com\/?post_type=product&#038;p=536858"},"modified":"2024-10-13T19:00:20","modified_gmt":"2024-10-13T17:00:20","slug":"teeling-wonders-of-wood-third-edition-virgin-swedish-oak","status":"publish","type":"product","link":"https:\/\/www.dramfolks-whisky-auction.com\/fr\/product\/teeling-wonders-of-wood-third-edition-virgin-swedish-oak\/","title":{"rendered":"Teeling &#8211; Wonders of Wood (Third Edition) Virgin Swedish Oak"},"content":{"rendered":"<p><strong>Destille: Teeling<br \/>\n<\/strong>Die Teeling Destillerie wurde 1782 von Walter Teeling in Dublin gegr\u00fcndet. Der Gr\u00fcnder Walter Teeling errichtete seine kleine <span class=\"tx-datamintslossaryextension-no-replacement\">Brennerei<\/span> an der Marrowbone Lane in Dublin. Das neue Destilleriegeb\u00e4ude wurde 2014 erbaut und steht nur wenige hundert Meter vom urspr\u00fcnglichen Standort entfernt. Seit Ende M\u00e4rz 2015 flie\u00dft Spirit durch die Pot Stills und die neue Destille startete. J\u00e4hrliches Produktionsvolumen 500.000 l.<\/p>\n<p><strong>Fun Fakt:\u00a0 <\/strong>In der goldenen Zeit des irischen Whiskeys im 19. Jahrhundert waren die Destillerien in der \u00ab\u00a0The Liberties\u00a0\u00bb genannten Gegend im S\u00fcdwesten der Stadt nicht nur die wichtigsten Brennereien des Landes sie geh\u00f6rten zu den bedeutesten der Welt. Von Dublin aus gelang der legend\u00e4re Irish Whiskey hinaus in die Welt. Zu Beginn des 20. Jahrhunderts wurde der irische Whiskey von zahlreichen Schicksalsschl\u00e4gen getroffen, was zur Folge hatte, dass zu Beginn der 1970er Jahre leider die letzte Whiskeydestillerie in Dublin schlie\u00dfen musste. \u00dcber 40 Jahre sp\u00e4ter h\u00e4lt die irische Whiskeyherstellung wieder Einzug in Dublin. Im Fr\u00fchjahr 2014 begann der Bau der Distillery in den Liberties. Der Phoenix ist das Symbol der Teeling Whisky Company und steht f\u00fcr den Neubeginn.<\/p>\n<p><strong>Whisky\/Whiskey: Wonders of Wood (Third Edition) Virgin Swedish Oak<br \/>\n<\/strong>Die dritte Ausgabe der Wonders of Wood Serie ist ein Single Pot Still Irish Whiskey, der nach einem Rezept aus 50 % gem\u00e4lzter und 50 % ungem\u00e4lzter Gerste in der Teeling Whiskey Distillery in Dublin dreifach destilliert wurde und anschlie\u00dfend g\u00e4nzlich in neuen F\u00e4ssern aus schwedischer Eiche reifte. Schwedische Eiche ist eine sehr seltene Weisseiche, die aus dem Norden Europas stammt und im Vergleich zu Eiche aus anderen Regionen dichter und robuster ist. Wenn sie f\u00fcr die Reifung verwendet wird, erzeugt sie einen unverwechselbaren Charakter von kandiertem Ingwer und Mandeltrester.<br \/>\nDiese spezielle Ver\u00f6ffentlichung wird mit 50 Vol.-% ohne K\u00fchlfiltration abgef\u00fcllt.<br \/>\nIn Zusammenarbeit mit dem Tree Council of Ireland wird jede Ver\u00f6ffentlichung der Wonders of Wood-Serie dazu beitragen, ausschlie\u00dflich einheimische irische Baumarten auf jedem Teeling Hektar Land in Irland zu pflanzen. Aktuell nur in Irland am Flughafen in Dublin (Traveller Retailer Bereich und in der Destillerie) erh\u00e4ltlich!<\/p>\n<p><strong>Info Qualit\u00e4t der Flasche:<\/strong> Exzellent &#8211; ohne Besch\u00e4digungen \/ <strong>F\u00fcllstand: <\/strong>Top shoulder<br \/>\n<strong>Info Qualit\u00e4t der Box: <\/strong>Exzellent &#8211; ohne Besch\u00e4digungen<\/p>\n<p><strong>Wichtiger Hinweis:<\/strong> Die Bewertung der Flaschen und Boxen erfolgt nach \u201ebesten Wissen und Gewissen\u201c. dramfolks kann keine Gew\u00e4hrleistung f\u00fcr den Inhalt der Flaschen \u00fcbernehmen. Weitere Infos &amp; Hinweise finden Sie in unseren AGBs. Wir empfehlen Ihnen, vor der Abgabe von Geboten \u00fcber die Zoomfunktion eine Besichtigung \/ genaue Pr\u00fcfung des angebotenen Whiskys vorzunehmen. Bitte kontaktieren sie uns bei Fragen direkt unter info@dramfolks.com<\/p>\n","protected":false},"excerpt":{"rendered":"<p>Destille: Teeling Die Teeling Destillerie wurde 1782 von Walter Teeling in Dublin gegr\u00fcndet. Der Gr\u00fcnder Walter Teeling errichtete seine kleine Brennerei an der Marrowbone Lane in Dublin. Das neue Destilleriegeb\u00e4ude wurde 2014 erbaut und steht nur wenige hundert Meter vom urspr\u00fcnglichen Standort entfernt. Seit Ende M\u00e4rz 2015 flie\u00dft Spirit durch die Pot Stills und die[&#8230;]\n","protected":false},"featured_media":536859,"comment_status":"closed","ping_status":"closed","template":"","meta":[],"product_brand":[],"product_cat":[933],"product_tag":[],"class_list":{"0":"post-536858","1":"product","2":"type-product","3":"status-publish","4":"has-post-thumbnail","6":"product_cat-no-13","8":"first","9":"instock","10":"shipping-taxable","11":"purchasable","12":"product-type-auction"},"yoast_head":"<!-- This site is optimized with the Yoast SEO plugin v27.4 - https:\/\/yoast.com\/product\/yoast-seo-wordpress\/ -->\n<title>Teeling - Wonders of Wood (Third Edition) Virgin Swedish Oak - Dramfolks Whisky Auction<\/title>\n<meta name=\"robots\" content=\"index, follow, max-snippet:-1, max-image-preview:large, max-video-preview:-1\" \/>\n<link rel=\"canonical\" href=\"https:\/\/www.dramfolks-whisky-auction.com\/fr\/product\/teeling-wonders-of-wood-third-edition-virgin-swedish-oak\/\" \/>\n<meta property=\"og:locale\" content=\"fr_FR\" \/>\n<meta property=\"og:type\" content=\"article\" \/>\n<meta property=\"og:title\" content=\"Teeling - Wonders of Wood (Third Edition) Virgin Swedish Oak - Dramfolks Whisky Auction\" \/>\n<meta property=\"og:description\" content=\"Destille: Teeling Die Teeling Destillerie wurde 1782 von Walter Teeling in Dublin gegr\u00fcndet. Der Gr\u00fcnder Walter Teeling errichtete seine kleine Brennerei an der Marrowbone Lane in Dublin. Das neue Destilleriegeb\u00e4ude wurde 2014 erbaut und steht nur wenige hundert Meter vom urspr\u00fcnglichen Standort entfernt. Seit Ende M\u00e4rz 2015 flie\u00dft Spirit durch die Pot Stills und die[...]\" \/>\n<meta property=\"og:url\" content=\"https:\/\/www.dramfolks-whisky-auction.com\/fr\/product\/teeling-wonders-of-wood-third-edition-virgin-swedish-oak\/\" \/>\n<meta property=\"og:site_name\" content=\"Dramfolks Whisky Auction\" \/>\n<meta property=\"article:modified_time\" content=\"2024-10-13T17:00:20+00:00\" \/>\n<meta property=\"og:image\" content=\"https:\/\/www.dramfolks-whisky-auction.com\/wp-content\/uploads\/2024\/09\/Teeling-Wonders-of-Wood-3-vorne-scaled.jpg\" \/>\n\t<meta property=\"og:image:width\" content=\"2560\" \/>\n\t<meta property=\"og:image:height\" content=\"2560\" \/>\n\t<meta property=\"og:image:type\" content=\"image\/jpeg\" \/>\n<meta name=\"twitter:card\" content=\"summary_large_image\" \/>\n<meta name=\"twitter:label1\" content=\"Dur\u00e9e de lecture estim\u00e9e\" \/>\n\t<meta name=\"twitter:data1\" content=\"3 minutes\" \/>\n<script type=\"application\/ld+json\" class=\"yoast-schema-graph\">{\"@context\":\"https:\\\/\\\/schema.org\",\"@graph\":[{\"@type\":\"WebPage\",\"@id\":\"https:\\\/\\\/www.dramfolks-whisky-auction.com\\\/fr\\\/product\\\/teeling-wonders-of-wood-third-edition-virgin-swedish-oak\\\/\",\"url\":\"https:\\\/\\\/www.dramfolks-whisky-auction.com\\\/fr\\\/product\\\/teeling-wonders-of-wood-third-edition-virgin-swedish-oak\\\/\",\"name\":\"Teeling - Wonders of Wood (Third Edition) Virgin Swedish Oak - Dramfolks Whisky Auction\",\"isPartOf\":{\"@id\":\"https:\\\/\\\/www.dramfolks-whisky-auction.com\\\/fr\\\/#website\"},\"primaryImageOfPage\":{\"@id\":\"https:\\\/\\\/www.dramfolks-whisky-auction.com\\\/fr\\\/product\\\/teeling-wonders-of-wood-third-edition-virgin-swedish-oak\\\/#primaryimage\"},\"image\":{\"@id\":\"https:\\\/\\\/www.dramfolks-whisky-auction.com\\\/fr\\\/product\\\/teeling-wonders-of-wood-third-edition-virgin-swedish-oak\\\/#primaryimage\"},\"thumbnailUrl\":\"https:\\\/\\\/www.dramfolks-whisky-auction.com\\\/wp-content\\\/uploads\\\/2024\\\/09\\\/Teeling-Wonders-of-Wood-3-vorne-scaled.jpg\",\"datePublished\":\"2024-09-27T17:46:48+00:00\",\"dateModified\":\"2024-10-13T17:00:20+00:00\",\"breadcrumb\":{\"@id\":\"https:\\\/\\\/www.dramfolks-whisky-auction.com\\\/fr\\\/product\\\/teeling-wonders-of-wood-third-edition-virgin-swedish-oak\\\/#breadcrumb\"},\"inLanguage\":\"fr-FR\",\"potentialAction\":[{\"@type\":\"ReadAction\",\"target\":[\"https:\\\/\\\/www.dramfolks-whisky-auction.com\\\/fr\\\/product\\\/teeling-wonders-of-wood-third-edition-virgin-swedish-oak\\\/\"]}]},{\"@type\":\"ImageObject\",\"inLanguage\":\"fr-FR\",\"@id\":\"https:\\\/\\\/www.dramfolks-whisky-auction.com\\\/fr\\\/product\\\/teeling-wonders-of-wood-third-edition-virgin-swedish-oak\\\/#primaryimage\",\"url\":\"https:\\\/\\\/www.dramfolks-whisky-auction.com\\\/wp-content\\\/uploads\\\/2024\\\/09\\\/Teeling-Wonders-of-Wood-3-vorne-scaled.jpg\",\"contentUrl\":\"https:\\\/\\\/www.dramfolks-whisky-auction.com\\\/wp-content\\\/uploads\\\/2024\\\/09\\\/Teeling-Wonders-of-Wood-3-vorne-scaled.jpg\",\"width\":2560,\"height\":2560},{\"@type\":\"BreadcrumbList\",\"@id\":\"https:\\\/\\\/www.dramfolks-whisky-auction.com\\\/fr\\\/product\\\/teeling-wonders-of-wood-third-edition-virgin-swedish-oak\\\/#breadcrumb\",\"itemListElement\":[{\"@type\":\"ListItem\",\"position\":1,\"name\":\"Startseite\",\"item\":\"https:\\\/\\\/www.dramfolks-whisky-auction.com\\\/fr\\\/\"},{\"@type\":\"ListItem\",\"position\":2,\"name\":\"Boutique\",\"item\":\"https:\\\/\\\/www.dramfolks-whisky-auction.com\\\/fr\\\/boutique\\\/\"},{\"@type\":\"ListItem\",\"position\":3,\"name\":\"Teeling &#8211; Wonders of Wood (Third Edition) Virgin Swedish Oak\"}]},{\"@type\":\"WebSite\",\"@id\":\"https:\\\/\\\/www.dramfolks-whisky-auction.com\\\/fr\\\/#website\",\"url\":\"https:\\\/\\\/www.dramfolks-whisky-auction.com\\\/fr\\\/\",\"name\":\"Dramfolks Whisky Auction\",\"description\":\"\",\"potentialAction\":[{\"@type\":\"SearchAction\",\"target\":{\"@type\":\"EntryPoint\",\"urlTemplate\":\"https:\\\/\\\/www.dramfolks-whisky-auction.com\\\/fr\\\/?s={search_term_string}\"},\"query-input\":{\"@type\":\"PropertyValueSpecification\",\"valueRequired\":true,\"valueName\":\"search_term_string\"}}],\"inLanguage\":\"fr-FR\"}]}<\/script>\n<!-- \/ Yoast SEO plugin. -->","yoast_head_json":{"title":"Teeling - Wonders of Wood (Third Edition) Virgin Swedish Oak - Dramfolks Whisky Auction","robots":{"index":"index","follow":"follow","max-snippet":"max-snippet:-1","max-image-preview":"max-image-preview:large","max-video-preview":"max-video-preview:-1"},"canonical":"https:\/\/www.dramfolks-whisky-auction.com\/fr\/product\/teeling-wonders-of-wood-third-edition-virgin-swedish-oak\/","og_locale":"fr_FR","og_type":"article","og_title":"Teeling - Wonders of Wood (Third Edition) Virgin Swedish Oak - Dramfolks Whisky Auction","og_description":"Destille: Teeling Die Teeling Destillerie wurde 1782 von Walter Teeling in Dublin gegr\u00fcndet. Der Gr\u00fcnder Walter Teeling errichtete seine kleine Brennerei an der Marrowbone Lane in Dublin. Das neue Destilleriegeb\u00e4ude wurde 2014 erbaut und steht nur wenige hundert Meter vom urspr\u00fcnglichen Standort entfernt. Seit Ende M\u00e4rz 2015 flie\u00dft Spirit durch die Pot Stills und die[...]","og_url":"https:\/\/www.dramfolks-whisky-auction.com\/fr\/product\/teeling-wonders-of-wood-third-edition-virgin-swedish-oak\/","og_site_name":"Dramfolks Whisky Auction","article_modified_time":"2024-10-13T17:00:20+00:00","og_image":[{"width":2560,"height":2560,"url":"https:\/\/www.dramfolks-whisky-auction.com\/wp-content\/uploads\/2024\/09\/Teeling-Wonders-of-Wood-3-vorne-scaled.jpg","type":"image\/jpeg"}],"twitter_card":"summary_large_image","twitter_misc":{"Dur\u00e9e de lecture estim\u00e9e":"3 minutes"},"schema":{"@context":"https:\/\/schema.org","@graph":[{"@type":"WebPage","@id":"https:\/\/www.dramfolks-whisky-auction.com\/fr\/product\/teeling-wonders-of-wood-third-edition-virgin-swedish-oak\/","url":"https:\/\/www.dramfolks-whisky-auction.com\/fr\/product\/teeling-wonders-of-wood-third-edition-virgin-swedish-oak\/","name":"Teeling - Wonders of Wood (Third Edition) Virgin Swedish Oak - Dramfolks Whisky Auction","isPartOf":{"@id":"https:\/\/www.dramfolks-whisky-auction.com\/fr\/#website"},"primaryImageOfPage":{"@id":"https:\/\/www.dramfolks-whisky-auction.com\/fr\/product\/teeling-wonders-of-wood-third-edition-virgin-swedish-oak\/#primaryimage"},"image":{"@id":"https:\/\/www.dramfolks-whisky-auction.com\/fr\/product\/teeling-wonders-of-wood-third-edition-virgin-swedish-oak\/#primaryimage"},"thumbnailUrl":"https:\/\/www.dramfolks-whisky-auction.com\/wp-content\/uploads\/2024\/09\/Teeling-Wonders-of-Wood-3-vorne-scaled.jpg","datePublished":"2024-09-27T17:46:48+00:00","dateModified":"2024-10-13T17:00:20+00:00","breadcrumb":{"@id":"https:\/\/www.dramfolks-whisky-auction.com\/fr\/product\/teeling-wonders-of-wood-third-edition-virgin-swedish-oak\/#breadcrumb"},"inLanguage":"fr-FR","potentialAction":[{"@type":"ReadAction","target":["https:\/\/www.dramfolks-whisky-auction.com\/fr\/product\/teeling-wonders-of-wood-third-edition-virgin-swedish-oak\/"]}]},{"@type":"ImageObject","inLanguage":"fr-FR","@id":"https:\/\/www.dramfolks-whisky-auction.com\/fr\/product\/teeling-wonders-of-wood-third-edition-virgin-swedish-oak\/#primaryimage","url":"https:\/\/www.dramfolks-whisky-auction.com\/wp-content\/uploads\/2024\/09\/Teeling-Wonders-of-Wood-3-vorne-scaled.jpg","contentUrl":"https:\/\/www.dramfolks-whisky-auction.com\/wp-content\/uploads\/2024\/09\/Teeling-Wonders-of-Wood-3-vorne-scaled.jpg","width":2560,"height":2560},{"@type":"BreadcrumbList","@id":"https:\/\/www.dramfolks-whisky-auction.com\/fr\/product\/teeling-wonders-of-wood-third-edition-virgin-swedish-oak\/#breadcrumb","itemListElement":[{"@type":"ListItem","position":1,"name":"Startseite","item":"https:\/\/www.dramfolks-whisky-auction.com\/fr\/"},{"@type":"ListItem","position":2,"name":"Boutique","item":"https:\/\/www.dramfolks-whisky-auction.com\/fr\/boutique\/"},{"@type":"ListItem","position":3,"name":"Teeling &#8211; Wonders of Wood (Third Edition) Virgin Swedish Oak"}]},{"@type":"WebSite","@id":"https:\/\/www.dramfolks-whisky-auction.com\/fr\/#website","url":"https:\/\/www.dramfolks-whisky-auction.com\/fr\/","name":"Dramfolks Whisky Auction","description":"","potentialAction":[{"@type":"SearchAction","target":{"@type":"EntryPoint","urlTemplate":"https:\/\/www.dramfolks-whisky-auction.com\/fr\/?s={search_term_string}"},"query-input":{"@type":"PropertyValueSpecification","valueRequired":true,"valueName":"search_term_string"}}],"inLanguage":"fr-FR"}]}},"_links":{"self":[{"href":"https:\/\/www.dramfolks-whisky-auction.com\/fr\/wp-json\/wp\/v2\/product\/536858","targetHints":{"allow":["GET"]}}],"collection":[{"href":"https:\/\/www.dramfolks-whisky-auction.com\/fr\/wp-json\/wp\/v2\/product"}],"about":[{"href":"https:\/\/www.dramfolks-whisky-auction.com\/fr\/wp-json\/wp\/v2\/types\/product"}],"replies":[{"embeddable":true,"href":"https:\/\/www.dramfolks-whisky-auction.com\/fr\/wp-json\/wp\/v2\/comments?post=536858"}],"wp:featuredmedia":[{"embeddable":true,"href":"https:\/\/www.dramfolks-whisky-auction.com\/fr\/wp-json\/wp\/v2\/media\/536859"}],"wp:attachment":[{"href":"https:\/\/www.dramfolks-whisky-auction.com\/fr\/wp-json\/wp\/v2\/media?parent=536858"}],"wp:term":[{"taxonomy":"product_brand","embeddable":true,"href":"https:\/\/www.dramfolks-whisky-auction.com\/fr\/wp-json\/wp\/v2\/product_brand?post=536858"},{"taxonomy":"product_cat","embeddable":true,"href":"https:\/\/www.dramfolks-whisky-auction.com\/fr\/wp-json\/wp\/v2\/product_cat?post=536858"},{"taxonomy":"product_tag","embeddable":true,"href":"https:\/\/www.dramfolks-whisky-auction.com\/fr\/wp-json\/wp\/v2\/product_tag?post=536858"}],"curies":[{"name":"wp","href":"https:\/\/api.w.org\/{rel}","templated":true}]}}