{"id":5368498,"date":"2025-09-19T15:49:28","date_gmt":"2025-09-19T13:49:28","guid":{"rendered":"https:\/\/www.dramfolks-whisky-auction.com\/?post_type=product&#038;p=5368498"},"modified":"2025-10-05T19:15:51","modified_gmt":"2025-10-05T17:15:51","slug":"glenalba-21yo-port-cask","status":"publish","type":"product","link":"https:\/\/www.dramfolks-whisky-auction.com\/fr\/product\/glenalba-21yo-port-cask\/","title":{"rendered":"Glenalba &#8211; 21yo Port Cask"},"content":{"rendered":"<p><strong>Destille: Glenalba<br \/>\n<\/strong>Genau genommen ist Glenalba keine Destillerie, sondern eine Whisky-Marke. Unter dem Namen Glenalba werden ausgew\u00e4hlte Scotch-Blends des deutschen Discounters Lidl vertrieben. Sie bilden neben den Ben Bracken Single Malts, Glen Orchy sowie Queen Margot das Kernsortiment der Lidl-Whiskys. Abgef\u00fcllt werden die Single Malts und Blends meist von Wallace &amp; Young Distillers Co. (Ben Bracken) und Clydesdale (Glenalba und Queen Margot). Bei den Glenalba-Whiskys handelt es sich stets um geblendete Whiskys mit (meist) einem Anteil Grain-Whiskys. Teilweise mit einem Finish in Ex-Sherry-Casks und meist immer mit einem sehr hohe Alter.<strong><br \/>\n<\/strong><\/p>\n<p><strong>Fun Fakt:<\/strong> Auch wenn hier Discounter Lidl (oder auch Aldi) hinter den Marken steht, hei\u00dft dies nicht, dass die Qualit\u00e4t auch Discounter-Niveau hat. Ganz im Gegenteil&#8230; Bei den weltbekannten \u00ab\u00a0Spirits Business Scotch Whisky Masters 2020\u00a0\u00bb gewannen Aldi und Lidl mit ihren Eigenmarken insgesamt acht Goldmedaillen! Zuerst gewann Aldi Gold f\u00fcr seinen \u00ab\u00a0Highland Black 8 Years Old\u00a0\u00bb und \u00ab\u00a0Highland Earl Blended Scotch Whisky\u00a0\u00bb, gefolgt von Lidl mit einer Goldmedaille f\u00fcr seine \u00ab\u00a0Queen Margot 3 Years Old\u00a0\u00bb und einer Silbermedaille f\u00fcr seinen \u00ab\u00a0Glen Orchy 5 Years Old\u00a0\u00bb.<\/p>\n<p><strong>Whisky\/Whiskey: 21<\/strong><strong>yo Port Cask<\/strong><br \/>\nEs handelt sich um einen Blended Whisky aus Grain &amp; Single Malt Whisky mit einer Nachlagerung in Port Casks. Die einzelnen Destillate weisen ein Alter von mindestens 21 Jahren auf. Der hier angebotene Whisky ist aus Batch CR1 und hat die Lotnummer S219200.<br \/>\nDas Portwein-Finish verleiht dem Whisky ein s\u00fc\u00dfes, fruchtiges Bouquet von Pflaumen, Feigen und Brombeeren. Dazu gesellen sich h\u00e4ufig auch w\u00fcrzige Nuancen. F\u00fcr dieses harmonische Finish reifen die Abf\u00fcllungen einige Zeit in alten Portwein-F\u00e4ssern nach.<\/p>\n<p><strong>Info Qualit\u00e4t der Flasche:<\/strong> Exzellent &#8211; ohne Besch\u00e4digungen \/ <strong>F\u00fcllstand:<\/strong> High fill<br \/>\n<strong>Info Qualit\u00e4t der Box: <\/strong>Exzellent &#8211; ohne Besch\u00e4digungen<\/p>\n<p><strong>Wichtiger Hinweis:<\/strong> Die Bewertung der Flaschen und Boxen erfolgt nach \u201ebesten Wissen und Gewissen\u201c. dramfolks kann keine Gew\u00e4hrleistung f\u00fcr den Inhalt der Flaschen \u00fcbernehmen. Weitere Infos &amp; Hinweise finden Sie in unseren AGBs. Wir empfehlen Ihnen, vor der Abgabe von Geboten \u00fcber die Zoomfunktion eine Besichtigung \/ genaue Pr\u00fcfung des angebotenen Whiskys vorzunehmen. Bitte kontaktieren sie uns bei Fragen direkt unter info@dramfolks.com<\/p>\n","protected":false},"excerpt":{"rendered":"<p>Destille: Glenalba Genau genommen ist Glenalba keine Destillerie, sondern eine Whisky-Marke. Unter dem Namen Glenalba werden ausgew\u00e4hlte Scotch-Blends des deutschen Discounters Lidl vertrieben. Sie bilden neben den Ben Bracken Single Malts, Glen Orchy sowie Queen Margot das Kernsortiment der Lidl-Whiskys. Abgef\u00fcllt werden die Single Malts und Blends meist von Wallace &amp; Young Distillers Co. (Ben[&#8230;]\n","protected":false},"featured_media":5368874,"comment_status":"closed","ping_status":"closed","template":"","meta":[],"product_brand":[],"product_cat":[1233],"product_tag":[],"class_list":{"0":"post-5368498","1":"product","2":"type-product","3":"status-publish","4":"has-post-thumbnail","6":"product_cat-no-20","8":"first","9":"instock","10":"shipping-taxable","11":"purchasable","12":"product-type-auction"},"yoast_head":"<!-- This site is optimized with the Yoast SEO plugin v27.0 - https:\/\/yoast.com\/product\/yoast-seo-wordpress\/ -->\n<title>Glenalba - 21yo Port Cask - Dramfolks Whisky Auction<\/title>\n<meta name=\"robots\" content=\"index, follow, max-snippet:-1, max-image-preview:large, max-video-preview:-1\" \/>\n<link rel=\"canonical\" href=\"https:\/\/www.dramfolks-whisky-auction.com\/fr\/product\/glenalba-21yo-port-cask\/\" \/>\n<meta property=\"og:locale\" content=\"fr_FR\" \/>\n<meta property=\"og:type\" content=\"article\" \/>\n<meta property=\"og:title\" content=\"Glenalba - 21yo Port Cask - Dramfolks Whisky Auction\" \/>\n<meta property=\"og:description\" content=\"Destille: Glenalba Genau genommen ist Glenalba keine Destillerie, sondern eine Whisky-Marke. Unter dem Namen Glenalba werden ausgew\u00e4hlte Scotch-Blends des deutschen Discounters Lidl vertrieben. Sie bilden neben den Ben Bracken Single Malts, Glen Orchy sowie Queen Margot das Kernsortiment der Lidl-Whiskys. Abgef\u00fcllt werden die Single Malts und Blends meist von Wallace &amp; Young Distillers Co. (Ben[...]\" \/>\n<meta property=\"og:url\" content=\"https:\/\/www.dramfolks-whisky-auction.com\/fr\/product\/glenalba-21yo-port-cask\/\" \/>\n<meta property=\"og:site_name\" content=\"Dramfolks Whisky Auction\" \/>\n<meta property=\"article:modified_time\" content=\"2025-10-05T17:15:51+00:00\" \/>\n<meta property=\"og:image\" content=\"https:\/\/www.dramfolks-whisky-auction.com\/wp-content\/uploads\/2025\/09\/Glenalba-21yo-vorne.jpg\" \/>\n\t<meta property=\"og:image:width\" content=\"2204\" \/>\n\t<meta property=\"og:image:height\" content=\"2204\" \/>\n\t<meta property=\"og:image:type\" content=\"image\/jpeg\" \/>\n<meta name=\"twitter:card\" content=\"summary_large_image\" \/>\n<meta name=\"twitter:label1\" content=\"Dur\u00e9e de lecture estim\u00e9e\" \/>\n\t<meta name=\"twitter:data1\" content=\"3 minutes\" \/>\n<script type=\"application\/ld+json\" class=\"yoast-schema-graph\">{\"@context\":\"https:\/\/schema.org\",\"@graph\":[{\"@type\":\"WebPage\",\"@id\":\"https:\/\/www.dramfolks-whisky-auction.com\/fr\/product\/glenalba-21yo-port-cask\/\",\"url\":\"https:\/\/www.dramfolks-whisky-auction.com\/fr\/product\/glenalba-21yo-port-cask\/\",\"name\":\"Glenalba - 21yo Port Cask - Dramfolks Whisky Auction\",\"isPartOf\":{\"@id\":\"https:\/\/www.dramfolks-whisky-auction.com\/fr\/#website\"},\"primaryImageOfPage\":{\"@id\":\"https:\/\/www.dramfolks-whisky-auction.com\/fr\/product\/glenalba-21yo-port-cask\/#primaryimage\"},\"image\":{\"@id\":\"https:\/\/www.dramfolks-whisky-auction.com\/fr\/product\/glenalba-21yo-port-cask\/#primaryimage\"},\"thumbnailUrl\":\"https:\/\/www.dramfolks-whisky-auction.com\/wp-content\/uploads\/2025\/09\/Glenalba-21yo-vorne.jpg\",\"datePublished\":\"2025-09-19T13:49:28+00:00\",\"dateModified\":\"2025-10-05T17:15:51+00:00\",\"breadcrumb\":{\"@id\":\"https:\/\/www.dramfolks-whisky-auction.com\/fr\/product\/glenalba-21yo-port-cask\/#breadcrumb\"},\"inLanguage\":\"fr-FR\",\"potentialAction\":[{\"@type\":\"ReadAction\",\"target\":[\"https:\/\/www.dramfolks-whisky-auction.com\/fr\/product\/glenalba-21yo-port-cask\/\"]}]},{\"@type\":\"ImageObject\",\"inLanguage\":\"fr-FR\",\"@id\":\"https:\/\/www.dramfolks-whisky-auction.com\/fr\/product\/glenalba-21yo-port-cask\/#primaryimage\",\"url\":\"https:\/\/www.dramfolks-whisky-auction.com\/wp-content\/uploads\/2025\/09\/Glenalba-21yo-vorne.jpg\",\"contentUrl\":\"https:\/\/www.dramfolks-whisky-auction.com\/wp-content\/uploads\/2025\/09\/Glenalba-21yo-vorne.jpg\",\"width\":2204,\"height\":2204},{\"@type\":\"BreadcrumbList\",\"@id\":\"https:\/\/www.dramfolks-whisky-auction.com\/fr\/product\/glenalba-21yo-port-cask\/#breadcrumb\",\"itemListElement\":[{\"@type\":\"ListItem\",\"position\":1,\"name\":\"Startseite\",\"item\":\"https:\/\/www.dramfolks-whisky-auction.com\/fr\/\"},{\"@type\":\"ListItem\",\"position\":2,\"name\":\"Boutique\",\"item\":\"https:\/\/www.dramfolks-whisky-auction.com\/fr\/boutique\/\"},{\"@type\":\"ListItem\",\"position\":3,\"name\":\"Glenalba &#8211; 21yo Port Cask\"}]},{\"@type\":\"WebSite\",\"@id\":\"https:\/\/www.dramfolks-whisky-auction.com\/fr\/#website\",\"url\":\"https:\/\/www.dramfolks-whisky-auction.com\/fr\/\",\"name\":\"Dramfolks Whisky Auction\",\"description\":\"\",\"potentialAction\":[{\"@type\":\"SearchAction\",\"target\":{\"@type\":\"EntryPoint\",\"urlTemplate\":\"https:\/\/www.dramfolks-whisky-auction.com\/fr\/?s={search_term_string}\"},\"query-input\":{\"@type\":\"PropertyValueSpecification\",\"valueRequired\":true,\"valueName\":\"search_term_string\"}}],\"inLanguage\":\"fr-FR\"}]}<\/script>\n<!-- \/ Yoast SEO plugin. -->","yoast_head_json":{"title":"Glenalba - 21yo Port Cask - Dramfolks Whisky Auction","robots":{"index":"index","follow":"follow","max-snippet":"max-snippet:-1","max-image-preview":"max-image-preview:large","max-video-preview":"max-video-preview:-1"},"canonical":"https:\/\/www.dramfolks-whisky-auction.com\/fr\/product\/glenalba-21yo-port-cask\/","og_locale":"fr_FR","og_type":"article","og_title":"Glenalba - 21yo Port Cask - Dramfolks Whisky Auction","og_description":"Destille: Glenalba Genau genommen ist Glenalba keine Destillerie, sondern eine Whisky-Marke. Unter dem Namen Glenalba werden ausgew\u00e4hlte Scotch-Blends des deutschen Discounters Lidl vertrieben. Sie bilden neben den Ben Bracken Single Malts, Glen Orchy sowie Queen Margot das Kernsortiment der Lidl-Whiskys. Abgef\u00fcllt werden die Single Malts und Blends meist von Wallace &amp; Young Distillers Co. (Ben[...]","og_url":"https:\/\/www.dramfolks-whisky-auction.com\/fr\/product\/glenalba-21yo-port-cask\/","og_site_name":"Dramfolks Whisky Auction","article_modified_time":"2025-10-05T17:15:51+00:00","og_image":[{"width":2204,"height":2204,"url":"https:\/\/www.dramfolks-whisky-auction.com\/wp-content\/uploads\/2025\/09\/Glenalba-21yo-vorne.jpg","type":"image\/jpeg"}],"twitter_card":"summary_large_image","twitter_misc":{"Dur\u00e9e de lecture estim\u00e9e":"3 minutes"},"schema":{"@context":"https:\/\/schema.org","@graph":[{"@type":"WebPage","@id":"https:\/\/www.dramfolks-whisky-auction.com\/fr\/product\/glenalba-21yo-port-cask\/","url":"https:\/\/www.dramfolks-whisky-auction.com\/fr\/product\/glenalba-21yo-port-cask\/","name":"Glenalba - 21yo Port Cask - Dramfolks Whisky Auction","isPartOf":{"@id":"https:\/\/www.dramfolks-whisky-auction.com\/fr\/#website"},"primaryImageOfPage":{"@id":"https:\/\/www.dramfolks-whisky-auction.com\/fr\/product\/glenalba-21yo-port-cask\/#primaryimage"},"image":{"@id":"https:\/\/www.dramfolks-whisky-auction.com\/fr\/product\/glenalba-21yo-port-cask\/#primaryimage"},"thumbnailUrl":"https:\/\/www.dramfolks-whisky-auction.com\/wp-content\/uploads\/2025\/09\/Glenalba-21yo-vorne.jpg","datePublished":"2025-09-19T13:49:28+00:00","dateModified":"2025-10-05T17:15:51+00:00","breadcrumb":{"@id":"https:\/\/www.dramfolks-whisky-auction.com\/fr\/product\/glenalba-21yo-port-cask\/#breadcrumb"},"inLanguage":"fr-FR","potentialAction":[{"@type":"ReadAction","target":["https:\/\/www.dramfolks-whisky-auction.com\/fr\/product\/glenalba-21yo-port-cask\/"]}]},{"@type":"ImageObject","inLanguage":"fr-FR","@id":"https:\/\/www.dramfolks-whisky-auction.com\/fr\/product\/glenalba-21yo-port-cask\/#primaryimage","url":"https:\/\/www.dramfolks-whisky-auction.com\/wp-content\/uploads\/2025\/09\/Glenalba-21yo-vorne.jpg","contentUrl":"https:\/\/www.dramfolks-whisky-auction.com\/wp-content\/uploads\/2025\/09\/Glenalba-21yo-vorne.jpg","width":2204,"height":2204},{"@type":"BreadcrumbList","@id":"https:\/\/www.dramfolks-whisky-auction.com\/fr\/product\/glenalba-21yo-port-cask\/#breadcrumb","itemListElement":[{"@type":"ListItem","position":1,"name":"Startseite","item":"https:\/\/www.dramfolks-whisky-auction.com\/fr\/"},{"@type":"ListItem","position":2,"name":"Boutique","item":"https:\/\/www.dramfolks-whisky-auction.com\/fr\/boutique\/"},{"@type":"ListItem","position":3,"name":"Glenalba &#8211; 21yo Port Cask"}]},{"@type":"WebSite","@id":"https:\/\/www.dramfolks-whisky-auction.com\/fr\/#website","url":"https:\/\/www.dramfolks-whisky-auction.com\/fr\/","name":"Dramfolks Whisky Auction","description":"","potentialAction":[{"@type":"SearchAction","target":{"@type":"EntryPoint","urlTemplate":"https:\/\/www.dramfolks-whisky-auction.com\/fr\/?s={search_term_string}"},"query-input":{"@type":"PropertyValueSpecification","valueRequired":true,"valueName":"search_term_string"}}],"inLanguage":"fr-FR"}]}},"_links":{"self":[{"href":"https:\/\/www.dramfolks-whisky-auction.com\/fr\/wp-json\/wp\/v2\/product\/5368498","targetHints":{"allow":["GET"]}}],"collection":[{"href":"https:\/\/www.dramfolks-whisky-auction.com\/fr\/wp-json\/wp\/v2\/product"}],"about":[{"href":"https:\/\/www.dramfolks-whisky-auction.com\/fr\/wp-json\/wp\/v2\/types\/product"}],"replies":[{"embeddable":true,"href":"https:\/\/www.dramfolks-whisky-auction.com\/fr\/wp-json\/wp\/v2\/comments?post=5368498"}],"wp:featuredmedia":[{"embeddable":true,"href":"https:\/\/www.dramfolks-whisky-auction.com\/fr\/wp-json\/wp\/v2\/media\/5368874"}],"wp:attachment":[{"href":"https:\/\/www.dramfolks-whisky-auction.com\/fr\/wp-json\/wp\/v2\/media?parent=5368498"}],"wp:term":[{"taxonomy":"product_brand","embeddable":true,"href":"https:\/\/www.dramfolks-whisky-auction.com\/fr\/wp-json\/wp\/v2\/product_brand?post=5368498"},{"taxonomy":"product_cat","embeddable":true,"href":"https:\/\/www.dramfolks-whisky-auction.com\/fr\/wp-json\/wp\/v2\/product_cat?post=5368498"},{"taxonomy":"product_tag","embeddable":true,"href":"https:\/\/www.dramfolks-whisky-auction.com\/fr\/wp-json\/wp\/v2\/product_tag?post=5368498"}],"curies":[{"name":"wp","href":"https:\/\/api.w.org\/{rel}","templated":true}]}}