{"id":5368489,"date":"2025-09-19T15:40:29","date_gmt":"2025-09-19T13:40:29","guid":{"rendered":"https:\/\/www.dramfolks-whisky-auction.com\/?post_type=product&#038;p=5368489"},"modified":"2025-10-05T19:30:16","modified_gmt":"2025-10-05T17:30:16","slug":"bushmills-10yo","status":"publish","type":"product","link":"https:\/\/www.dramfolks-whisky-auction.com\/fr\/product\/bushmills-10yo\/","title":{"rendered":"Bushmills &#8211; 10yo"},"content":{"rendered":"<p><strong>Destille: Bushmills<br \/>\n<\/strong>Seit mehr als 400 Jahren wird in der Bushmills Distillery im Norden Irlands feinster irischer Whiskey produziert. Der Whiskey wurde nach einem kleinen Dorf an der Nordk\u00fcste Irlands benannt, wo er heute noch produziert wird. 1608 bekam Thomas Philip die Lizenz Whiskey zu brennen, damit wurde der Grundstein f\u00fcr die Old Bushmills Distillery gelegt. Bevor die Kilbeggan Distillery wieder in Betrieb genommen wurde, war Bushmills die \u00e4lteste betriebene Destillerie. Bushmills ist die \u00e4lteste Destillerie in Irland, die dreifach destillierten Whiskey hergestellt, wodurch die Weichheit des Whiskeys kreiert wird. Ein Merkmal der Destillerie ist, dass alle Produktionsschritte in der Bushmills Distillery unter einem Dach bleiben: von der Destillation bis zur Flaschenabf\u00fcllung. So ist eine sorgf\u00e4ltige Qualit\u00e4tskontrolle sichergestellt und alle Feinheiten werden beachtet. <span class=\"ILfuVd\" lang=\"de\"><span class=\"hgKElc\">Nach Midleton ist Bushmills die zweitgr\u00f6\u00dfte irische Brennerei, mit einer j\u00e4hrlichen Produktionskapazit\u00e4t von 4,5 Millionen Litern.<\/span><\/span><\/p>\n<p><strong>Fun Fakt:\u00a0<\/strong>Der typische Charakter von Bushmills ist die Honigs\u00fc\u00dfe. Bushmills verwendet nur ausgew\u00e4hlte Eichenf\u00e4sser, in denen der Whiskey reift. Diese F\u00e4sser erhalten sie von ausgew\u00e4hlten Lieferanten. Seit langer Zeit besteht eine Lieferbeziehung zu einem spanischen Sherryfass-Lieferanten. In diesen F\u00e4ssern wird in Spanien 2 Jahre lang s\u00fc\u00dfer Oloroso Sherry gelagert, bevor sie nach Irland versendet werden. Zur\u00fcck in Irland verleihen sie dem Whiskey ihre Magie, in dem sie ein bisschen \u201eLatin spirit\u201c an den Whiskey abgeben.<\/p>\n<p><strong>Whisky\/Whiskey: 10yo<br \/>\n<\/strong>Es handelt sich um einen irischen Single Malt Whiskey, der dreifach, im Gegensatz zu den schottischen Pendanten, destilliert wurde. Durch diese h\u00e4ufigere Destillation kommt dem Whiskey ein milderer Charakter zugute. Und trotzdem ist dieser tolle Ire kein charakterloser Whiskey, im Gegenteil, er kann ein volles Volumen mit einem milden Aroma kombinieren und herauskommt ein edler Tropfen. Der 10-J\u00e4hrige von Bushmills wird zu 100% aus gem\u00e4lzter Gerste hergestellt und dreifach destilliert. Nach dem Brennen reift der Bushmills-Whiskey f\u00fcr 10 Jahre in Eichenholzf\u00e4ssern, wobei eine Mischung aus amerikanischen Ex-Bourbon-Barrels und spanischen Oloroso-Sherry-Casks eingesetzt wird.<\/p>\n<p><strong>Info Qualit\u00e4t der Flasche:<\/strong> Exzellent ohne Besch\u00e4digungen \/ <strong>F\u00fcllstand:<\/strong> Top shoulder<br \/>\n<strong>Info Qualit\u00e4t der Box:<\/strong> Exzellent ohne Besch\u00e4digungen<\/p>\n<p><strong>Wichtiger Hinweis:<\/strong> Die Bewertung der Flaschen und Boxen erfolgt nach \u201ebesten Wissen und Gewissen\u201c. dramfolks kann keine Gew\u00e4hrleistung f\u00fcr den Inhalt der Flaschen \u00fcbernehmen. Weitere Infos &amp; Hinweise finden Sie in unseren AGBs. Wir empfehlen Ihnen, vor der Abgabe von Geboten \u00fcber die Zoomfunktion eine Besichtigung \/ genaue Pr\u00fcfung des angebotenen Whiskys vorzunehmen. Bitte kontaktieren sie uns bei Fragen direkt unter info@dramfolks.com<\/p>\n","protected":false},"excerpt":{"rendered":"<p>Destille: Bushmills Seit mehr als 400 Jahren wird in der Bushmills Distillery im Norden Irlands feinster irischer Whiskey produziert. Der Whiskey wurde nach einem kleinen Dorf an der Nordk\u00fcste Irlands benannt, wo er heute noch produziert wird. 1608 bekam Thomas Philip die Lizenz Whiskey zu brennen, damit wurde der Grundstein f\u00fcr die Old Bushmills Distillery[&#8230;]\n","protected":false},"featured_media":5368853,"comment_status":"closed","ping_status":"closed","template":"","meta":[],"product_brand":[],"product_cat":[1233],"product_tag":[],"class_list":{"0":"post-5368489","1":"product","2":"type-product","3":"status-publish","4":"has-post-thumbnail","6":"product_cat-no-20","8":"first","9":"instock","10":"shipping-taxable","11":"purchasable","12":"product-type-auction"},"yoast_head":"<!-- This site is optimized with the Yoast SEO plugin v27.0 - https:\/\/yoast.com\/product\/yoast-seo-wordpress\/ -->\n<title>Bushmills - 10yo - Dramfolks Whisky Auction<\/title>\n<meta name=\"robots\" content=\"index, follow, max-snippet:-1, max-image-preview:large, max-video-preview:-1\" \/>\n<link rel=\"canonical\" href=\"https:\/\/www.dramfolks-whisky-auction.com\/fr\/product\/bushmills-10yo\/\" \/>\n<meta property=\"og:locale\" content=\"fr_FR\" \/>\n<meta property=\"og:type\" content=\"article\" \/>\n<meta property=\"og:title\" content=\"Bushmills - 10yo - Dramfolks Whisky Auction\" \/>\n<meta property=\"og:description\" content=\"Destille: Bushmills Seit mehr als 400 Jahren wird in der Bushmills Distillery im Norden Irlands feinster irischer Whiskey produziert. Der Whiskey wurde nach einem kleinen Dorf an der Nordk\u00fcste Irlands benannt, wo er heute noch produziert wird. 1608 bekam Thomas Philip die Lizenz Whiskey zu brennen, damit wurde der Grundstein f\u00fcr die Old Bushmills Distillery[...]\" \/>\n<meta property=\"og:url\" content=\"https:\/\/www.dramfolks-whisky-auction.com\/fr\/product\/bushmills-10yo\/\" \/>\n<meta property=\"og:site_name\" content=\"Dramfolks Whisky Auction\" \/>\n<meta property=\"article:modified_time\" content=\"2025-10-05T17:30:16+00:00\" \/>\n<meta property=\"og:image\" content=\"https:\/\/www.dramfolks-whisky-auction.com\/wp-content\/uploads\/2025\/09\/Bushmills-10yo-vorne.jpg\" \/>\n\t<meta property=\"og:image:width\" content=\"2002\" \/>\n\t<meta property=\"og:image:height\" content=\"2002\" \/>\n\t<meta property=\"og:image:type\" content=\"image\/jpeg\" \/>\n<meta name=\"twitter:card\" content=\"summary_large_image\" \/>\n<meta name=\"twitter:label1\" content=\"Dur\u00e9e de lecture estim\u00e9e\" \/>\n\t<meta name=\"twitter:data1\" content=\"3 minutes\" \/>\n<script type=\"application\/ld+json\" class=\"yoast-schema-graph\">{\"@context\":\"https:\/\/schema.org\",\"@graph\":[{\"@type\":\"WebPage\",\"@id\":\"https:\/\/www.dramfolks-whisky-auction.com\/fr\/product\/bushmills-10yo\/\",\"url\":\"https:\/\/www.dramfolks-whisky-auction.com\/fr\/product\/bushmills-10yo\/\",\"name\":\"Bushmills - 10yo - Dramfolks Whisky Auction\",\"isPartOf\":{\"@id\":\"https:\/\/www.dramfolks-whisky-auction.com\/fr\/#website\"},\"primaryImageOfPage\":{\"@id\":\"https:\/\/www.dramfolks-whisky-auction.com\/fr\/product\/bushmills-10yo\/#primaryimage\"},\"image\":{\"@id\":\"https:\/\/www.dramfolks-whisky-auction.com\/fr\/product\/bushmills-10yo\/#primaryimage\"},\"thumbnailUrl\":\"https:\/\/www.dramfolks-whisky-auction.com\/wp-content\/uploads\/2025\/09\/Bushmills-10yo-vorne.jpg\",\"datePublished\":\"2025-09-19T13:40:29+00:00\",\"dateModified\":\"2025-10-05T17:30:16+00:00\",\"breadcrumb\":{\"@id\":\"https:\/\/www.dramfolks-whisky-auction.com\/fr\/product\/bushmills-10yo\/#breadcrumb\"},\"inLanguage\":\"fr-FR\",\"potentialAction\":[{\"@type\":\"ReadAction\",\"target\":[\"https:\/\/www.dramfolks-whisky-auction.com\/fr\/product\/bushmills-10yo\/\"]}]},{\"@type\":\"ImageObject\",\"inLanguage\":\"fr-FR\",\"@id\":\"https:\/\/www.dramfolks-whisky-auction.com\/fr\/product\/bushmills-10yo\/#primaryimage\",\"url\":\"https:\/\/www.dramfolks-whisky-auction.com\/wp-content\/uploads\/2025\/09\/Bushmills-10yo-vorne.jpg\",\"contentUrl\":\"https:\/\/www.dramfolks-whisky-auction.com\/wp-content\/uploads\/2025\/09\/Bushmills-10yo-vorne.jpg\",\"width\":2002,\"height\":2002},{\"@type\":\"BreadcrumbList\",\"@id\":\"https:\/\/www.dramfolks-whisky-auction.com\/fr\/product\/bushmills-10yo\/#breadcrumb\",\"itemListElement\":[{\"@type\":\"ListItem\",\"position\":1,\"name\":\"Startseite\",\"item\":\"https:\/\/www.dramfolks-whisky-auction.com\/fr\/\"},{\"@type\":\"ListItem\",\"position\":2,\"name\":\"Boutique\",\"item\":\"https:\/\/www.dramfolks-whisky-auction.com\/fr\/boutique\/\"},{\"@type\":\"ListItem\",\"position\":3,\"name\":\"Bushmills &#8211; 10yo\"}]},{\"@type\":\"WebSite\",\"@id\":\"https:\/\/www.dramfolks-whisky-auction.com\/fr\/#website\",\"url\":\"https:\/\/www.dramfolks-whisky-auction.com\/fr\/\",\"name\":\"Dramfolks Whisky Auction\",\"description\":\"\",\"potentialAction\":[{\"@type\":\"SearchAction\",\"target\":{\"@type\":\"EntryPoint\",\"urlTemplate\":\"https:\/\/www.dramfolks-whisky-auction.com\/fr\/?s={search_term_string}\"},\"query-input\":{\"@type\":\"PropertyValueSpecification\",\"valueRequired\":true,\"valueName\":\"search_term_string\"}}],\"inLanguage\":\"fr-FR\"}]}<\/script>\n<!-- \/ Yoast SEO plugin. -->","yoast_head_json":{"title":"Bushmills - 10yo - Dramfolks Whisky Auction","robots":{"index":"index","follow":"follow","max-snippet":"max-snippet:-1","max-image-preview":"max-image-preview:large","max-video-preview":"max-video-preview:-1"},"canonical":"https:\/\/www.dramfolks-whisky-auction.com\/fr\/product\/bushmills-10yo\/","og_locale":"fr_FR","og_type":"article","og_title":"Bushmills - 10yo - Dramfolks Whisky Auction","og_description":"Destille: Bushmills Seit mehr als 400 Jahren wird in der Bushmills Distillery im Norden Irlands feinster irischer Whiskey produziert. Der Whiskey wurde nach einem kleinen Dorf an der Nordk\u00fcste Irlands benannt, wo er heute noch produziert wird. 1608 bekam Thomas Philip die Lizenz Whiskey zu brennen, damit wurde der Grundstein f\u00fcr die Old Bushmills Distillery[...]","og_url":"https:\/\/www.dramfolks-whisky-auction.com\/fr\/product\/bushmills-10yo\/","og_site_name":"Dramfolks Whisky Auction","article_modified_time":"2025-10-05T17:30:16+00:00","og_image":[{"width":2002,"height":2002,"url":"https:\/\/www.dramfolks-whisky-auction.com\/wp-content\/uploads\/2025\/09\/Bushmills-10yo-vorne.jpg","type":"image\/jpeg"}],"twitter_card":"summary_large_image","twitter_misc":{"Dur\u00e9e de lecture estim\u00e9e":"3 minutes"},"schema":{"@context":"https:\/\/schema.org","@graph":[{"@type":"WebPage","@id":"https:\/\/www.dramfolks-whisky-auction.com\/fr\/product\/bushmills-10yo\/","url":"https:\/\/www.dramfolks-whisky-auction.com\/fr\/product\/bushmills-10yo\/","name":"Bushmills - 10yo - Dramfolks Whisky Auction","isPartOf":{"@id":"https:\/\/www.dramfolks-whisky-auction.com\/fr\/#website"},"primaryImageOfPage":{"@id":"https:\/\/www.dramfolks-whisky-auction.com\/fr\/product\/bushmills-10yo\/#primaryimage"},"image":{"@id":"https:\/\/www.dramfolks-whisky-auction.com\/fr\/product\/bushmills-10yo\/#primaryimage"},"thumbnailUrl":"https:\/\/www.dramfolks-whisky-auction.com\/wp-content\/uploads\/2025\/09\/Bushmills-10yo-vorne.jpg","datePublished":"2025-09-19T13:40:29+00:00","dateModified":"2025-10-05T17:30:16+00:00","breadcrumb":{"@id":"https:\/\/www.dramfolks-whisky-auction.com\/fr\/product\/bushmills-10yo\/#breadcrumb"},"inLanguage":"fr-FR","potentialAction":[{"@type":"ReadAction","target":["https:\/\/www.dramfolks-whisky-auction.com\/fr\/product\/bushmills-10yo\/"]}]},{"@type":"ImageObject","inLanguage":"fr-FR","@id":"https:\/\/www.dramfolks-whisky-auction.com\/fr\/product\/bushmills-10yo\/#primaryimage","url":"https:\/\/www.dramfolks-whisky-auction.com\/wp-content\/uploads\/2025\/09\/Bushmills-10yo-vorne.jpg","contentUrl":"https:\/\/www.dramfolks-whisky-auction.com\/wp-content\/uploads\/2025\/09\/Bushmills-10yo-vorne.jpg","width":2002,"height":2002},{"@type":"BreadcrumbList","@id":"https:\/\/www.dramfolks-whisky-auction.com\/fr\/product\/bushmills-10yo\/#breadcrumb","itemListElement":[{"@type":"ListItem","position":1,"name":"Startseite","item":"https:\/\/www.dramfolks-whisky-auction.com\/fr\/"},{"@type":"ListItem","position":2,"name":"Boutique","item":"https:\/\/www.dramfolks-whisky-auction.com\/fr\/boutique\/"},{"@type":"ListItem","position":3,"name":"Bushmills &#8211; 10yo"}]},{"@type":"WebSite","@id":"https:\/\/www.dramfolks-whisky-auction.com\/fr\/#website","url":"https:\/\/www.dramfolks-whisky-auction.com\/fr\/","name":"Dramfolks Whisky Auction","description":"","potentialAction":[{"@type":"SearchAction","target":{"@type":"EntryPoint","urlTemplate":"https:\/\/www.dramfolks-whisky-auction.com\/fr\/?s={search_term_string}"},"query-input":{"@type":"PropertyValueSpecification","valueRequired":true,"valueName":"search_term_string"}}],"inLanguage":"fr-FR"}]}},"_links":{"self":[{"href":"https:\/\/www.dramfolks-whisky-auction.com\/fr\/wp-json\/wp\/v2\/product\/5368489","targetHints":{"allow":["GET"]}}],"collection":[{"href":"https:\/\/www.dramfolks-whisky-auction.com\/fr\/wp-json\/wp\/v2\/product"}],"about":[{"href":"https:\/\/www.dramfolks-whisky-auction.com\/fr\/wp-json\/wp\/v2\/types\/product"}],"replies":[{"embeddable":true,"href":"https:\/\/www.dramfolks-whisky-auction.com\/fr\/wp-json\/wp\/v2\/comments?post=5368489"}],"wp:featuredmedia":[{"embeddable":true,"href":"https:\/\/www.dramfolks-whisky-auction.com\/fr\/wp-json\/wp\/v2\/media\/5368853"}],"wp:attachment":[{"href":"https:\/\/www.dramfolks-whisky-auction.com\/fr\/wp-json\/wp\/v2\/media?parent=5368489"}],"wp:term":[{"taxonomy":"product_brand","embeddable":true,"href":"https:\/\/www.dramfolks-whisky-auction.com\/fr\/wp-json\/wp\/v2\/product_brand?post=5368489"},{"taxonomy":"product_cat","embeddable":true,"href":"https:\/\/www.dramfolks-whisky-auction.com\/fr\/wp-json\/wp\/v2\/product_cat?post=5368489"},{"taxonomy":"product_tag","embeddable":true,"href":"https:\/\/www.dramfolks-whisky-auction.com\/fr\/wp-json\/wp\/v2\/product_tag?post=5368489"}],"curies":[{"name":"wp","href":"https:\/\/api.w.org\/{rel}","templated":true}]}}