{"id":5368488,"date":"2025-09-19T15:38:11","date_gmt":"2025-09-19T13:38:11","guid":{"rendered":"https:\/\/www.dramfolks-whisky-auction.com\/?post_type=product&#038;p=5368488"},"modified":"2025-10-05T19:00:14","modified_gmt":"2025-10-05T17:00:14","slug":"jack-daniels-mclaren-limited-edition-2023-3","status":"publish","type":"product","link":"https:\/\/www.dramfolks-whisky-auction.com\/fr\/product\/jack-daniels-mclaren-limited-edition-2023-3\/","title":{"rendered":"Jack Daniel\u2019s &#8211; McLaren Limited Edition 2023"},"content":{"rendered":"<p><strong>Destille: Jack Daniel\u2019s<br \/>\n<\/strong>Die Heimat von Jack Daniel\u2019s ist Lynchburg, eine Stadt etwa 70 Meilen s\u00fcdlich von Nashville. Hier wird eigentlich ganz normaler Bourbon <span class=\"tx-datamintslossaryextension-no-replacement\">Whiskey<\/span> produziert, aber dahinter steckt noch mehr. Die Destille wurde 1866 gegr\u00fcndet und ist damit die \u00e4lteste registrierte <span class=\"tx-datamintslossaryextension-no-replacement\">Destillerie<\/span> Amerikas. Die Liebe zum Detail bei der Herstellung von Whisky beginnt mit der Herstellung ihrer eigenen Holzkohle zum Filtern. Er hat die perfekte Mischung aus Mais, Roggen und Gerste. Doch das wichtigste: Bei diesem Filterverfahren sickert der Whiskey ungef\u00e4hr zw\u00f6lf Tage lang tropfenweise durch eine etwa drei Meter dicke Schicht aus Holzkohle, die auf dem Gel\u00e4nde der Destillerie aus Zucker-Ahorn hergestellt wird. Dies verleiht dem Whisky seinen unvergesslichen und einzigartigen Geschmack.<\/p>\n<p><strong>Fun Fakt:\u00a0\u00a0<\/strong>1944 erhielt die Destillerie n\u00e4mlich eine amtliche Zusage, dass <span class=\"tx-datamintslossaryextension-no-replacement\">Tennessee Whiskey<\/span> zu einer eigenen Klassifizierung wird, begr\u00fcndet wurde das aufgrund des sogenannten \u00ab\u00a0<span class=\"tx-datamintslossaryextension-glossary-link\">charcoal mellowing<\/span>\u00a0\u00bb (auch \u00ab\u00a0<span class=\"tx-datamintslossaryextension-no-replacement\">Lincoln County Process<\/span>\u00a0\u00bb genannt).<\/p>\n<p><strong>Whisky\/Whiskey: McLaren Limited Edition 2023<br \/>\n<\/strong>Der Jack Daniel&rsquo;s Old No. 7 ist weltweit bekannt und beliebt f\u00fcr seinen charakteristischen Geschmack und seine traditionsreiche Herstellung. In der limitierten McLaren Edition 2023 pr\u00e4sentiert sich dieser ikonische Tennessee Whiskey in einem ganz besonderen Gewand. Das einzigartige Flaschendesign l\u00e4sst die Herzen von Whiskey-Enthusiasten h\u00f6herschlagen. Mit viel Liebe zum Detail und in Zusammenarbeit mit McLaren wurde eine Edition geschaffen, die den Geist von Luxus, Performance und Exklusivit\u00e4t verk\u00f6rpert. Der Jack Daniel&rsquo;s Old No. 7 durchl\u00e4uft einen Prozess, bei dem er durch drei Meter Holzkohle aus feinstem Zuckerahorn gefiltert wird. Dieser sogenannte \u00ab\u00a0Charcoal Mellowing\u00a0\u00bb verleiht dem Whiskey seine au\u00dfergew\u00f6hnliche Weichheit und seinen runden Geschmack. Anschlie\u00dfend reift er in den handgemachten F\u00e4ssern, die dem Whiskey seine Aromen von Karamell, Vanille und w\u00fcrzig s\u00fc\u00dfer Eiche verleihen.<br \/>\n<strong>Limitierte<\/strong> <strong>Auflage<\/strong> <strong>zum Launch der Kooperation zwischen JACK DANIEL\u2019S x McLaren Formula 1 Team!<\/strong><\/p>\n<p><strong>Info Qualit\u00e4t der Flasche:<\/strong> Exzellent &#8211; ohne Besch\u00e4digungen \/ <strong>F\u00fcllstand: <\/strong>High fill<br \/>\n<strong>Info Qualit\u00e4t der Box: <\/strong>Exzellent &#8211; ohne Besch\u00e4digungen<\/p>\n<p><strong>Wichtiger Hinweis:<\/strong> Die Bewertung der Flaschen und Boxen erfolgt nach \u201ebesten Wissen und Gewissen\u201c. dramfolks kann keine Gew\u00e4hrleistung f\u00fcr den Inhalt der Flaschen \u00fcbernehmen. Weitere Infos &amp; Hinweise finden Sie in unseren AGBs. Wir empfehlen Ihnen, vor der Abgabe von Geboten \u00fcber die Zoomfunktion eine Besichtigung \/ genaue Pr\u00fcfung des angebotenen Whiskys vorzunehmen. Bitte kontaktieren sie uns bei Fragen direkt unter info@dramfolks.com<\/p>\n","protected":false},"excerpt":{"rendered":"<p>Destille: Jack Daniel\u2019s Die Heimat von Jack Daniel\u2019s ist Lynchburg, eine Stadt etwa 70 Meilen s\u00fcdlich von Nashville. Hier wird eigentlich ganz normaler Bourbon Whiskey produziert, aber dahinter steckt noch mehr. Die Destille wurde 1866 gegr\u00fcndet und ist damit die \u00e4lteste registrierte Destillerie Amerikas. Die Liebe zum Detail bei der Herstellung von Whisky beginnt mit[&#8230;]\n","protected":false},"featured_media":6021,"comment_status":"closed","ping_status":"closed","template":"","meta":[],"product_brand":[],"product_cat":[1233],"product_tag":[],"class_list":{"0":"post-5368488","1":"product","2":"type-product","3":"status-publish","4":"has-post-thumbnail","6":"product_cat-no-20","8":"first","9":"instock","10":"shipping-taxable","11":"purchasable","12":"product-type-auction"},"yoast_head":"<!-- This site is optimized with the Yoast SEO plugin v27.0 - https:\/\/yoast.com\/product\/yoast-seo-wordpress\/ -->\n<title>Jack Daniel\u2019s - McLaren Limited Edition 2023 - Dramfolks Whisky Auction<\/title>\n<meta name=\"robots\" content=\"index, follow, max-snippet:-1, max-image-preview:large, max-video-preview:-1\" \/>\n<link rel=\"canonical\" href=\"https:\/\/www.dramfolks-whisky-auction.com\/fr\/product\/jack-daniels-mclaren-limited-edition-2023-3\/\" \/>\n<meta property=\"og:locale\" content=\"fr_FR\" \/>\n<meta property=\"og:type\" content=\"article\" \/>\n<meta property=\"og:title\" content=\"Jack Daniel\u2019s - McLaren Limited Edition 2023 - Dramfolks Whisky Auction\" \/>\n<meta property=\"og:description\" content=\"Destille: Jack Daniel\u2019s Die Heimat von Jack Daniel\u2019s ist Lynchburg, eine Stadt etwa 70 Meilen s\u00fcdlich von Nashville. Hier wird eigentlich ganz normaler Bourbon Whiskey produziert, aber dahinter steckt noch mehr. Die Destille wurde 1866 gegr\u00fcndet und ist damit die \u00e4lteste registrierte Destillerie Amerikas. Die Liebe zum Detail bei der Herstellung von Whisky beginnt mit[...]\" \/>\n<meta property=\"og:url\" content=\"https:\/\/www.dramfolks-whisky-auction.com\/fr\/product\/jack-daniels-mclaren-limited-edition-2023-3\/\" \/>\n<meta property=\"og:site_name\" content=\"Dramfolks Whisky Auction\" \/>\n<meta property=\"article:modified_time\" content=\"2025-10-05T17:00:14+00:00\" \/>\n<meta property=\"og:image\" content=\"https:\/\/www.dramfolks-whisky-auction.com\/wp-content\/uploads\/2024\/04\/Jack-Daniels-No7-vorne-scaled.jpg\" \/>\n\t<meta property=\"og:image:width\" content=\"2560\" \/>\n\t<meta property=\"og:image:height\" content=\"2560\" \/>\n\t<meta property=\"og:image:type\" content=\"image\/jpeg\" \/>\n<meta name=\"twitter:card\" content=\"summary_large_image\" \/>\n<meta name=\"twitter:label1\" content=\"Dur\u00e9e de lecture estim\u00e9e\" \/>\n\t<meta name=\"twitter:data1\" content=\"3 minutes\" \/>\n<script type=\"application\/ld+json\" class=\"yoast-schema-graph\">{\"@context\":\"https:\/\/schema.org\",\"@graph\":[{\"@type\":\"WebPage\",\"@id\":\"https:\/\/www.dramfolks-whisky-auction.com\/fr\/product\/jack-daniels-mclaren-limited-edition-2023-3\/\",\"url\":\"https:\/\/www.dramfolks-whisky-auction.com\/fr\/product\/jack-daniels-mclaren-limited-edition-2023-3\/\",\"name\":\"Jack Daniel\u2019s - McLaren Limited Edition 2023 - Dramfolks Whisky Auction\",\"isPartOf\":{\"@id\":\"https:\/\/www.dramfolks-whisky-auction.com\/fr\/#website\"},\"primaryImageOfPage\":{\"@id\":\"https:\/\/www.dramfolks-whisky-auction.com\/fr\/product\/jack-daniels-mclaren-limited-edition-2023-3\/#primaryimage\"},\"image\":{\"@id\":\"https:\/\/www.dramfolks-whisky-auction.com\/fr\/product\/jack-daniels-mclaren-limited-edition-2023-3\/#primaryimage\"},\"thumbnailUrl\":\"https:\/\/www.dramfolks-whisky-auction.com\/wp-content\/uploads\/2024\/04\/Jack-Daniels-No7-vorne-scaled.jpg\",\"datePublished\":\"2025-09-19T13:38:11+00:00\",\"dateModified\":\"2025-10-05T17:00:14+00:00\",\"breadcrumb\":{\"@id\":\"https:\/\/www.dramfolks-whisky-auction.com\/fr\/product\/jack-daniels-mclaren-limited-edition-2023-3\/#breadcrumb\"},\"inLanguage\":\"fr-FR\",\"potentialAction\":[{\"@type\":\"ReadAction\",\"target\":[\"https:\/\/www.dramfolks-whisky-auction.com\/fr\/product\/jack-daniels-mclaren-limited-edition-2023-3\/\"]}]},{\"@type\":\"ImageObject\",\"inLanguage\":\"fr-FR\",\"@id\":\"https:\/\/www.dramfolks-whisky-auction.com\/fr\/product\/jack-daniels-mclaren-limited-edition-2023-3\/#primaryimage\",\"url\":\"https:\/\/www.dramfolks-whisky-auction.com\/wp-content\/uploads\/2024\/04\/Jack-Daniels-No7-vorne-scaled.jpg\",\"contentUrl\":\"https:\/\/www.dramfolks-whisky-auction.com\/wp-content\/uploads\/2024\/04\/Jack-Daniels-No7-vorne-scaled.jpg\",\"width\":2560,\"height\":2560},{\"@type\":\"BreadcrumbList\",\"@id\":\"https:\/\/www.dramfolks-whisky-auction.com\/fr\/product\/jack-daniels-mclaren-limited-edition-2023-3\/#breadcrumb\",\"itemListElement\":[{\"@type\":\"ListItem\",\"position\":1,\"name\":\"Startseite\",\"item\":\"https:\/\/www.dramfolks-whisky-auction.com\/fr\/\"},{\"@type\":\"ListItem\",\"position\":2,\"name\":\"Boutique\",\"item\":\"https:\/\/www.dramfolks-whisky-auction.com\/fr\/boutique\/\"},{\"@type\":\"ListItem\",\"position\":3,\"name\":\"Jack Daniel\u2019s &#8211; McLaren Limited Edition 2023\"}]},{\"@type\":\"WebSite\",\"@id\":\"https:\/\/www.dramfolks-whisky-auction.com\/fr\/#website\",\"url\":\"https:\/\/www.dramfolks-whisky-auction.com\/fr\/\",\"name\":\"Dramfolks Whisky Auction\",\"description\":\"\",\"potentialAction\":[{\"@type\":\"SearchAction\",\"target\":{\"@type\":\"EntryPoint\",\"urlTemplate\":\"https:\/\/www.dramfolks-whisky-auction.com\/fr\/?s={search_term_string}\"},\"query-input\":{\"@type\":\"PropertyValueSpecification\",\"valueRequired\":true,\"valueName\":\"search_term_string\"}}],\"inLanguage\":\"fr-FR\"}]}<\/script>\n<!-- \/ Yoast SEO plugin. -->","yoast_head_json":{"title":"Jack Daniel\u2019s - McLaren Limited Edition 2023 - Dramfolks Whisky Auction","robots":{"index":"index","follow":"follow","max-snippet":"max-snippet:-1","max-image-preview":"max-image-preview:large","max-video-preview":"max-video-preview:-1"},"canonical":"https:\/\/www.dramfolks-whisky-auction.com\/fr\/product\/jack-daniels-mclaren-limited-edition-2023-3\/","og_locale":"fr_FR","og_type":"article","og_title":"Jack Daniel\u2019s - McLaren Limited Edition 2023 - Dramfolks Whisky Auction","og_description":"Destille: Jack Daniel\u2019s Die Heimat von Jack Daniel\u2019s ist Lynchburg, eine Stadt etwa 70 Meilen s\u00fcdlich von Nashville. Hier wird eigentlich ganz normaler Bourbon Whiskey produziert, aber dahinter steckt noch mehr. Die Destille wurde 1866 gegr\u00fcndet und ist damit die \u00e4lteste registrierte Destillerie Amerikas. Die Liebe zum Detail bei der Herstellung von Whisky beginnt mit[...]","og_url":"https:\/\/www.dramfolks-whisky-auction.com\/fr\/product\/jack-daniels-mclaren-limited-edition-2023-3\/","og_site_name":"Dramfolks Whisky Auction","article_modified_time":"2025-10-05T17:00:14+00:00","og_image":[{"width":2560,"height":2560,"url":"https:\/\/www.dramfolks-whisky-auction.com\/wp-content\/uploads\/2024\/04\/Jack-Daniels-No7-vorne-scaled.jpg","type":"image\/jpeg"}],"twitter_card":"summary_large_image","twitter_misc":{"Dur\u00e9e de lecture estim\u00e9e":"3 minutes"},"schema":{"@context":"https:\/\/schema.org","@graph":[{"@type":"WebPage","@id":"https:\/\/www.dramfolks-whisky-auction.com\/fr\/product\/jack-daniels-mclaren-limited-edition-2023-3\/","url":"https:\/\/www.dramfolks-whisky-auction.com\/fr\/product\/jack-daniels-mclaren-limited-edition-2023-3\/","name":"Jack Daniel\u2019s - McLaren Limited Edition 2023 - Dramfolks Whisky Auction","isPartOf":{"@id":"https:\/\/www.dramfolks-whisky-auction.com\/fr\/#website"},"primaryImageOfPage":{"@id":"https:\/\/www.dramfolks-whisky-auction.com\/fr\/product\/jack-daniels-mclaren-limited-edition-2023-3\/#primaryimage"},"image":{"@id":"https:\/\/www.dramfolks-whisky-auction.com\/fr\/product\/jack-daniels-mclaren-limited-edition-2023-3\/#primaryimage"},"thumbnailUrl":"https:\/\/www.dramfolks-whisky-auction.com\/wp-content\/uploads\/2024\/04\/Jack-Daniels-No7-vorne-scaled.jpg","datePublished":"2025-09-19T13:38:11+00:00","dateModified":"2025-10-05T17:00:14+00:00","breadcrumb":{"@id":"https:\/\/www.dramfolks-whisky-auction.com\/fr\/product\/jack-daniels-mclaren-limited-edition-2023-3\/#breadcrumb"},"inLanguage":"fr-FR","potentialAction":[{"@type":"ReadAction","target":["https:\/\/www.dramfolks-whisky-auction.com\/fr\/product\/jack-daniels-mclaren-limited-edition-2023-3\/"]}]},{"@type":"ImageObject","inLanguage":"fr-FR","@id":"https:\/\/www.dramfolks-whisky-auction.com\/fr\/product\/jack-daniels-mclaren-limited-edition-2023-3\/#primaryimage","url":"https:\/\/www.dramfolks-whisky-auction.com\/wp-content\/uploads\/2024\/04\/Jack-Daniels-No7-vorne-scaled.jpg","contentUrl":"https:\/\/www.dramfolks-whisky-auction.com\/wp-content\/uploads\/2024\/04\/Jack-Daniels-No7-vorne-scaled.jpg","width":2560,"height":2560},{"@type":"BreadcrumbList","@id":"https:\/\/www.dramfolks-whisky-auction.com\/fr\/product\/jack-daniels-mclaren-limited-edition-2023-3\/#breadcrumb","itemListElement":[{"@type":"ListItem","position":1,"name":"Startseite","item":"https:\/\/www.dramfolks-whisky-auction.com\/fr\/"},{"@type":"ListItem","position":2,"name":"Boutique","item":"https:\/\/www.dramfolks-whisky-auction.com\/fr\/boutique\/"},{"@type":"ListItem","position":3,"name":"Jack Daniel\u2019s &#8211; McLaren Limited Edition 2023"}]},{"@type":"WebSite","@id":"https:\/\/www.dramfolks-whisky-auction.com\/fr\/#website","url":"https:\/\/www.dramfolks-whisky-auction.com\/fr\/","name":"Dramfolks Whisky Auction","description":"","potentialAction":[{"@type":"SearchAction","target":{"@type":"EntryPoint","urlTemplate":"https:\/\/www.dramfolks-whisky-auction.com\/fr\/?s={search_term_string}"},"query-input":{"@type":"PropertyValueSpecification","valueRequired":true,"valueName":"search_term_string"}}],"inLanguage":"fr-FR"}]}},"_links":{"self":[{"href":"https:\/\/www.dramfolks-whisky-auction.com\/fr\/wp-json\/wp\/v2\/product\/5368488","targetHints":{"allow":["GET"]}}],"collection":[{"href":"https:\/\/www.dramfolks-whisky-auction.com\/fr\/wp-json\/wp\/v2\/product"}],"about":[{"href":"https:\/\/www.dramfolks-whisky-auction.com\/fr\/wp-json\/wp\/v2\/types\/product"}],"replies":[{"embeddable":true,"href":"https:\/\/www.dramfolks-whisky-auction.com\/fr\/wp-json\/wp\/v2\/comments?post=5368488"}],"wp:featuredmedia":[{"embeddable":true,"href":"https:\/\/www.dramfolks-whisky-auction.com\/fr\/wp-json\/wp\/v2\/media\/6021"}],"wp:attachment":[{"href":"https:\/\/www.dramfolks-whisky-auction.com\/fr\/wp-json\/wp\/v2\/media?parent=5368488"}],"wp:term":[{"taxonomy":"product_brand","embeddable":true,"href":"https:\/\/www.dramfolks-whisky-auction.com\/fr\/wp-json\/wp\/v2\/product_brand?post=5368488"},{"taxonomy":"product_cat","embeddable":true,"href":"https:\/\/www.dramfolks-whisky-auction.com\/fr\/wp-json\/wp\/v2\/product_cat?post=5368488"},{"taxonomy":"product_tag","embeddable":true,"href":"https:\/\/www.dramfolks-whisky-auction.com\/fr\/wp-json\/wp\/v2\/product_tag?post=5368488"}],"curies":[{"name":"wp","href":"https:\/\/api.w.org\/{rel}","templated":true}]}}