{"id":5356013,"date":"2025-09-19T08:21:45","date_gmt":"2025-09-19T06:21:45","guid":{"rendered":"https:\/\/www.dramfolks-whisky-auction.com\/?post_type=product&#038;p=5356013"},"modified":"2025-10-05T19:45:15","modified_gmt":"2025-10-05T17:45:15","slug":"girvan-half-n-half-2009-crafted-blend-murray-mcdavid-4","status":"publish","type":"product","link":"https:\/\/www.dramfolks-whisky-auction.com\/fr\/product\/girvan-half-n-half-2009-crafted-blend-murray-mcdavid-4\/","title":{"rendered":"Girvan &#8211;  Half &lsquo;n&rsquo; Half 2009 \/ Crafted Blend (Murray McDavid)"},"content":{"rendered":"<p><strong>Destille: <span class=\"v1s2\">Girvan<br \/>\n<\/span><\/strong>Die Girvan Distillery ist eine Whiskybrennerei in South Ayrshire, Schottland. Die Destillerie ist im Besitz von William Grant &amp; Sons. Die Girvan Distillery ist eine der gr\u00f6\u00dften und energieeffizientesten Anlagen in ganz Schottland. Die Brennerei ist nach der Stadt Girvan benannt. Im Jahre 1963 startete die Installation &amp; Abf\u00fcllung des ersten Whiskys aus den Coffey Stills der Destillerie. Unter der genauen Beobachtung von Charles Grant Gordon wurde die Girvan-Destillerie gebaut und produzierte innerhalb von rekordverd\u00e4chtigen 9 Monaten nach dem Spatenstich den ersten Alkohol. Aktuelles j\u00e4hrliches Produktionsvolumen: ca. 115 Mio. Liter.<\/p>\n<p><strong>Fun Fact: <\/strong>William Grant &amp; Sons baute seine Girvan-Destillerie nach einem seltsamen Streit zwischen der Familie Grant und DCL (Distillers Company Ltd.). Der Legende nach hatten die Grant&rsquo;s beschlossen, einen TV-Spot f\u00fcr ihre Marke \u00ab\u00a0Standfast\u00a0\u00bb im kommerziellen Fernsehen zu schalten. DCL \u00e4rgerte sich \u00fcber diese Show des krassen Kommerzialismus und reagierte mit dem Stopp der Getreidelieferungen f\u00fcr den Standfast Whisky. Aus der Not heraus entschied dann die Familie Grant eine neue Destillerie, die Girvan Distillery, aufzubauen.<strong><br \/>\n<\/strong><\/p>\n<p><strong>Whisky\/Whiskey: Half &lsquo;n&rsquo; Half 2009 \/ Crafted Blend (Murray McDavid)<\/strong><br \/>\nDer Hauptbestandteil des Blended Whiskys ist Getreide. Der Murray McDavid ist nicht rauchig. Der Whisky wurde mit anst\u00e4ndigen 46% Vol. in die Flasche gebracht. Das sorgt f\u00fcr den vollmundigen Charakter dieser Spirituose. Dank der Reifung im Bourbonfass spielen gerade Toffee und Karamell eine Rolle im Bouquet dieses Whiskys. W\u00e4hrend das Finish f\u00fcr Trockenfruchtnoten und Gew\u00fcrzaromen sorgt. Hier wurde nicht nachgeholfen. Die sch\u00f6ne Farbe kam lediglich \u00fcber die Fassreifung zustande. Ein weiterer Punkt, an dem Sie die Qualit\u00e4t eines Whiskys festmachen k\u00f6nnen: Wenn auf K\u00e4ltefiltration verzichtet wurde. Dies ist hier der Fall. Die Jahrgangsabf\u00fcllung stammt aus dem Jahr 2009. Die Reifezeit betrug somit ausgewogene 10 Jahre. Damit hatte der Whisky genug Zeit, ein vielf\u00e4ltiges Aroma zu entwickeln. Von diesem Whisky gibt es nur 1.466 Flaschen. Und bei Murray McDavid gilt immer&#8230; solange der Vorrat noch reicht.<\/p>\n<p><strong>Sidenote zum Abf\u00fcller:<\/strong> Murray McDavid wurde von den Londoner Weinh\u00e4ndlern Mark Reynier, Simon Coughlin und Gordon Wright (von der Springbank Distillery) gegr\u00fcndet. Sie erlangten schnell den Ruf, Whisky in interessanten F\u00e4ssern (wie Weinf\u00e4sser) zu reifen. Im Jahr 2000 machte sich das Murray McDavid-Team daran, die geschlossene Bruichladdich Distillery auf Islay wiederzuer\u00f6ffnen, die im Jahr 2012 an den Spirituosenriesen Remy Cointreau verkauft wurde. Heute befindet sich Murray McDavid im Besitz des schottischen Whisky-Brokers Aceo Ltd.<\/p>\n<p><strong>Info Qualit\u00e4t der Flasche:<\/strong> Exzellent &#8211; ohne Besch\u00e4digungen \/ <strong>F\u00fcllstand:<\/strong> High fill<br \/>\n<strong>Info Qualit\u00e4t der Box:\u00a0<\/strong>Exzellent &#8211; ohne Besch\u00e4digungen<\/p>\n<p><strong>Wichtiger Hinweis:<\/strong> Die Bewertung der Flaschen und Boxen erfolgt nach \u201ebesten Wissen und Gewissen\u201c. dramfolks kann keine Gew\u00e4hrleistung f\u00fcr den Inhalt der Flaschen \u00fcbernehmen. Weitere Infos &amp; Hinweise finden Sie in unseren AGBs. Wir empfehlen Ihnen, vor der Abgabe von Geboten \u00fcber die Zoomfunktion eine Besichtigung \/ genaue Pr\u00fcfung des angebotenen Whiskys vorzunehmen. Bitte kontaktieren sie uns bei Fragen direkt unter info@dramfolks.com<\/p>\n","protected":false},"excerpt":{"rendered":"<p>Destille: Girvan Die Girvan Distillery ist eine Whiskybrennerei in South Ayrshire, Schottland. Die Destillerie ist im Besitz von William Grant &amp; Sons. Die Girvan Distillery ist eine der gr\u00f6\u00dften und energieeffizientesten Anlagen in ganz Schottland. Die Brennerei ist nach der Stadt Girvan benannt. Im Jahre 1963 startete die Installation &amp; Abf\u00fcllung des ersten Whiskys aus[&#8230;]\n","protected":false},"featured_media":188051,"comment_status":"closed","ping_status":"closed","template":"","meta":[],"product_brand":[],"product_cat":[1233],"product_tag":[],"class_list":{"0":"post-5356013","1":"product","2":"type-product","3":"status-publish","4":"has-post-thumbnail","6":"product_cat-no-20","8":"first","9":"instock","10":"shipping-taxable","11":"purchasable","12":"product-type-auction"},"yoast_head":"<!-- This site is optimized with the Yoast SEO plugin v27.0 - https:\/\/yoast.com\/product\/yoast-seo-wordpress\/ -->\n<title>Girvan - Half &#039;n&#039; Half 2009 \/ Crafted Blend (Murray McDavid) - Dramfolks Whisky Auction<\/title>\n<meta name=\"robots\" content=\"index, follow, max-snippet:-1, max-image-preview:large, max-video-preview:-1\" \/>\n<link rel=\"canonical\" href=\"https:\/\/www.dramfolks-whisky-auction.com\/fr\/product\/girvan-half-n-half-2009-crafted-blend-murray-mcdavid-4\/\" \/>\n<meta property=\"og:locale\" content=\"fr_FR\" \/>\n<meta property=\"og:type\" content=\"article\" \/>\n<meta property=\"og:title\" content=\"Girvan - Half &#039;n&#039; Half 2009 \/ Crafted Blend (Murray McDavid) - Dramfolks Whisky Auction\" \/>\n<meta property=\"og:description\" content=\"Destille: Girvan Die Girvan Distillery ist eine Whiskybrennerei in South Ayrshire, Schottland. Die Destillerie ist im Besitz von William Grant &amp; Sons. Die Girvan Distillery ist eine der gr\u00f6\u00dften und energieeffizientesten Anlagen in ganz Schottland. Die Brennerei ist nach der Stadt Girvan benannt. Im Jahre 1963 startete die Installation &amp; Abf\u00fcllung des ersten Whiskys aus[...]\" \/>\n<meta property=\"og:url\" content=\"https:\/\/www.dramfolks-whisky-auction.com\/fr\/product\/girvan-half-n-half-2009-crafted-blend-murray-mcdavid-4\/\" \/>\n<meta property=\"og:site_name\" content=\"Dramfolks Whisky Auction\" \/>\n<meta property=\"article:modified_time\" content=\"2025-10-05T17:45:15+00:00\" \/>\n<meta property=\"og:image\" content=\"https:\/\/www.dramfolks-whisky-auction.com\/wp-content\/uploads\/2024\/08\/Murray-McDavid-Half-and-Half-vorne-scaled.jpg\" \/>\n\t<meta property=\"og:image:width\" content=\"2560\" \/>\n\t<meta property=\"og:image:height\" content=\"2560\" \/>\n\t<meta property=\"og:image:type\" content=\"image\/jpeg\" \/>\n<meta name=\"twitter:card\" content=\"summary_large_image\" \/>\n<meta name=\"twitter:label1\" content=\"Dur\u00e9e de lecture estim\u00e9e\" \/>\n\t<meta name=\"twitter:data1\" content=\"3 minutes\" \/>\n<script type=\"application\/ld+json\" class=\"yoast-schema-graph\">{\"@context\":\"https:\/\/schema.org\",\"@graph\":[{\"@type\":\"WebPage\",\"@id\":\"https:\/\/www.dramfolks-whisky-auction.com\/fr\/product\/girvan-half-n-half-2009-crafted-blend-murray-mcdavid-4\/\",\"url\":\"https:\/\/www.dramfolks-whisky-auction.com\/fr\/product\/girvan-half-n-half-2009-crafted-blend-murray-mcdavid-4\/\",\"name\":\"Girvan - Half 'n' Half 2009 \/ Crafted Blend (Murray McDavid) - Dramfolks Whisky Auction\",\"isPartOf\":{\"@id\":\"https:\/\/www.dramfolks-whisky-auction.com\/fr\/#website\"},\"primaryImageOfPage\":{\"@id\":\"https:\/\/www.dramfolks-whisky-auction.com\/fr\/product\/girvan-half-n-half-2009-crafted-blend-murray-mcdavid-4\/#primaryimage\"},\"image\":{\"@id\":\"https:\/\/www.dramfolks-whisky-auction.com\/fr\/product\/girvan-half-n-half-2009-crafted-blend-murray-mcdavid-4\/#primaryimage\"},\"thumbnailUrl\":\"https:\/\/www.dramfolks-whisky-auction.com\/wp-content\/uploads\/2024\/08\/Murray-McDavid-Half-and-Half-vorne-scaled.jpg\",\"datePublished\":\"2025-09-19T06:21:45+00:00\",\"dateModified\":\"2025-10-05T17:45:15+00:00\",\"breadcrumb\":{\"@id\":\"https:\/\/www.dramfolks-whisky-auction.com\/fr\/product\/girvan-half-n-half-2009-crafted-blend-murray-mcdavid-4\/#breadcrumb\"},\"inLanguage\":\"fr-FR\",\"potentialAction\":[{\"@type\":\"ReadAction\",\"target\":[\"https:\/\/www.dramfolks-whisky-auction.com\/fr\/product\/girvan-half-n-half-2009-crafted-blend-murray-mcdavid-4\/\"]}]},{\"@type\":\"ImageObject\",\"inLanguage\":\"fr-FR\",\"@id\":\"https:\/\/www.dramfolks-whisky-auction.com\/fr\/product\/girvan-half-n-half-2009-crafted-blend-murray-mcdavid-4\/#primaryimage\",\"url\":\"https:\/\/www.dramfolks-whisky-auction.com\/wp-content\/uploads\/2024\/08\/Murray-McDavid-Half-and-Half-vorne-scaled.jpg\",\"contentUrl\":\"https:\/\/www.dramfolks-whisky-auction.com\/wp-content\/uploads\/2024\/08\/Murray-McDavid-Half-and-Half-vorne-scaled.jpg\",\"width\":2560,\"height\":2560},{\"@type\":\"BreadcrumbList\",\"@id\":\"https:\/\/www.dramfolks-whisky-auction.com\/fr\/product\/girvan-half-n-half-2009-crafted-blend-murray-mcdavid-4\/#breadcrumb\",\"itemListElement\":[{\"@type\":\"ListItem\",\"position\":1,\"name\":\"Startseite\",\"item\":\"https:\/\/www.dramfolks-whisky-auction.com\/fr\/\"},{\"@type\":\"ListItem\",\"position\":2,\"name\":\"Boutique\",\"item\":\"https:\/\/www.dramfolks-whisky-auction.com\/fr\/boutique\/\"},{\"@type\":\"ListItem\",\"position\":3,\"name\":\"Girvan &#8211; Half &#8217;n&#8216; Half 2009 \/ Crafted Blend (Murray McDavid)\"}]},{\"@type\":\"WebSite\",\"@id\":\"https:\/\/www.dramfolks-whisky-auction.com\/fr\/#website\",\"url\":\"https:\/\/www.dramfolks-whisky-auction.com\/fr\/\",\"name\":\"Dramfolks Whisky Auction\",\"description\":\"\",\"potentialAction\":[{\"@type\":\"SearchAction\",\"target\":{\"@type\":\"EntryPoint\",\"urlTemplate\":\"https:\/\/www.dramfolks-whisky-auction.com\/fr\/?s={search_term_string}\"},\"query-input\":{\"@type\":\"PropertyValueSpecification\",\"valueRequired\":true,\"valueName\":\"search_term_string\"}}],\"inLanguage\":\"fr-FR\"}]}<\/script>\n<!-- \/ Yoast SEO plugin. -->","yoast_head_json":{"title":"Girvan - Half 'n' Half 2009 \/ Crafted Blend (Murray McDavid) - Dramfolks Whisky Auction","robots":{"index":"index","follow":"follow","max-snippet":"max-snippet:-1","max-image-preview":"max-image-preview:large","max-video-preview":"max-video-preview:-1"},"canonical":"https:\/\/www.dramfolks-whisky-auction.com\/fr\/product\/girvan-half-n-half-2009-crafted-blend-murray-mcdavid-4\/","og_locale":"fr_FR","og_type":"article","og_title":"Girvan - Half 'n' Half 2009 \/ Crafted Blend (Murray McDavid) - Dramfolks Whisky Auction","og_description":"Destille: Girvan Die Girvan Distillery ist eine Whiskybrennerei in South Ayrshire, Schottland. Die Destillerie ist im Besitz von William Grant &amp; Sons. Die Girvan Distillery ist eine der gr\u00f6\u00dften und energieeffizientesten Anlagen in ganz Schottland. Die Brennerei ist nach der Stadt Girvan benannt. Im Jahre 1963 startete die Installation &amp; Abf\u00fcllung des ersten Whiskys aus[...]","og_url":"https:\/\/www.dramfolks-whisky-auction.com\/fr\/product\/girvan-half-n-half-2009-crafted-blend-murray-mcdavid-4\/","og_site_name":"Dramfolks Whisky Auction","article_modified_time":"2025-10-05T17:45:15+00:00","og_image":[{"width":2560,"height":2560,"url":"https:\/\/www.dramfolks-whisky-auction.com\/wp-content\/uploads\/2024\/08\/Murray-McDavid-Half-and-Half-vorne-scaled.jpg","type":"image\/jpeg"}],"twitter_card":"summary_large_image","twitter_misc":{"Dur\u00e9e de lecture estim\u00e9e":"3 minutes"},"schema":{"@context":"https:\/\/schema.org","@graph":[{"@type":"WebPage","@id":"https:\/\/www.dramfolks-whisky-auction.com\/fr\/product\/girvan-half-n-half-2009-crafted-blend-murray-mcdavid-4\/","url":"https:\/\/www.dramfolks-whisky-auction.com\/fr\/product\/girvan-half-n-half-2009-crafted-blend-murray-mcdavid-4\/","name":"Girvan - Half 'n' Half 2009 \/ Crafted Blend (Murray McDavid) - Dramfolks Whisky Auction","isPartOf":{"@id":"https:\/\/www.dramfolks-whisky-auction.com\/fr\/#website"},"primaryImageOfPage":{"@id":"https:\/\/www.dramfolks-whisky-auction.com\/fr\/product\/girvan-half-n-half-2009-crafted-blend-murray-mcdavid-4\/#primaryimage"},"image":{"@id":"https:\/\/www.dramfolks-whisky-auction.com\/fr\/product\/girvan-half-n-half-2009-crafted-blend-murray-mcdavid-4\/#primaryimage"},"thumbnailUrl":"https:\/\/www.dramfolks-whisky-auction.com\/wp-content\/uploads\/2024\/08\/Murray-McDavid-Half-and-Half-vorne-scaled.jpg","datePublished":"2025-09-19T06:21:45+00:00","dateModified":"2025-10-05T17:45:15+00:00","breadcrumb":{"@id":"https:\/\/www.dramfolks-whisky-auction.com\/fr\/product\/girvan-half-n-half-2009-crafted-blend-murray-mcdavid-4\/#breadcrumb"},"inLanguage":"fr-FR","potentialAction":[{"@type":"ReadAction","target":["https:\/\/www.dramfolks-whisky-auction.com\/fr\/product\/girvan-half-n-half-2009-crafted-blend-murray-mcdavid-4\/"]}]},{"@type":"ImageObject","inLanguage":"fr-FR","@id":"https:\/\/www.dramfolks-whisky-auction.com\/fr\/product\/girvan-half-n-half-2009-crafted-blend-murray-mcdavid-4\/#primaryimage","url":"https:\/\/www.dramfolks-whisky-auction.com\/wp-content\/uploads\/2024\/08\/Murray-McDavid-Half-and-Half-vorne-scaled.jpg","contentUrl":"https:\/\/www.dramfolks-whisky-auction.com\/wp-content\/uploads\/2024\/08\/Murray-McDavid-Half-and-Half-vorne-scaled.jpg","width":2560,"height":2560},{"@type":"BreadcrumbList","@id":"https:\/\/www.dramfolks-whisky-auction.com\/fr\/product\/girvan-half-n-half-2009-crafted-blend-murray-mcdavid-4\/#breadcrumb","itemListElement":[{"@type":"ListItem","position":1,"name":"Startseite","item":"https:\/\/www.dramfolks-whisky-auction.com\/fr\/"},{"@type":"ListItem","position":2,"name":"Boutique","item":"https:\/\/www.dramfolks-whisky-auction.com\/fr\/boutique\/"},{"@type":"ListItem","position":3,"name":"Girvan &#8211; Half &#8217;n&#8216; Half 2009 \/ Crafted Blend (Murray McDavid)"}]},{"@type":"WebSite","@id":"https:\/\/www.dramfolks-whisky-auction.com\/fr\/#website","url":"https:\/\/www.dramfolks-whisky-auction.com\/fr\/","name":"Dramfolks Whisky Auction","description":"","potentialAction":[{"@type":"SearchAction","target":{"@type":"EntryPoint","urlTemplate":"https:\/\/www.dramfolks-whisky-auction.com\/fr\/?s={search_term_string}"},"query-input":{"@type":"PropertyValueSpecification","valueRequired":true,"valueName":"search_term_string"}}],"inLanguage":"fr-FR"}]}},"_links":{"self":[{"href":"https:\/\/www.dramfolks-whisky-auction.com\/fr\/wp-json\/wp\/v2\/product\/5356013","targetHints":{"allow":["GET"]}}],"collection":[{"href":"https:\/\/www.dramfolks-whisky-auction.com\/fr\/wp-json\/wp\/v2\/product"}],"about":[{"href":"https:\/\/www.dramfolks-whisky-auction.com\/fr\/wp-json\/wp\/v2\/types\/product"}],"replies":[{"embeddable":true,"href":"https:\/\/www.dramfolks-whisky-auction.com\/fr\/wp-json\/wp\/v2\/comments?post=5356013"}],"wp:featuredmedia":[{"embeddable":true,"href":"https:\/\/www.dramfolks-whisky-auction.com\/fr\/wp-json\/wp\/v2\/media\/188051"}],"wp:attachment":[{"href":"https:\/\/www.dramfolks-whisky-auction.com\/fr\/wp-json\/wp\/v2\/media?parent=5356013"}],"wp:term":[{"taxonomy":"product_brand","embeddable":true,"href":"https:\/\/www.dramfolks-whisky-auction.com\/fr\/wp-json\/wp\/v2\/product_brand?post=5356013"},{"taxonomy":"product_cat","embeddable":true,"href":"https:\/\/www.dramfolks-whisky-auction.com\/fr\/wp-json\/wp\/v2\/product_cat?post=5356013"},{"taxonomy":"product_tag","embeddable":true,"href":"https:\/\/www.dramfolks-whisky-auction.com\/fr\/wp-json\/wp\/v2\/product_tag?post=5356013"}],"curies":[{"name":"wp","href":"https:\/\/api.w.org\/{rel}","templated":true}]}}