{"id":535376,"date":"2024-09-26T18:58:08","date_gmt":"2024-09-26T16:58:08","guid":{"rendered":"https:\/\/www.dramfolks-whisky-auction.com\/?post_type=product&#038;p=535376"},"modified":"2024-10-13T19:45:12","modified_gmt":"2024-10-13T17:45:12","slug":"muja-blended-irish-whiskey-2","status":"publish","type":"product","link":"https:\/\/www.dramfolks-whisky-auction.com\/fr\/product\/muja-blended-irish-whiskey-2\/","title":{"rendered":"Muja Blended Irish Whiskey"},"content":{"rendered":"<p><strong>Destille: unbekannt<\/strong><\/p>\n<p><strong>Fun Fact: <\/strong>&#8211;<strong><br \/>\n<\/strong><\/p>\n<p><strong>Whisky\/Whiskey: Muja Blended Irish Whiskey<\/strong><br \/>\nMuja Irish Whiskey ist eine Premium-Mischung, die aus einem strengen Dreifach-Destillationsprozess stammt, der f\u00fcr die Erzielung der typischen Sanftheit irischer Whiskeys unerl\u00e4sslich ist. Es ist eine Mischung aus Single Grain und Single Malt Whiskys, die geduldig in ehemaligen Bourbon- und Sherryf\u00e4ssern gereift sind, die perfekte Kombination, um den Abgang von MUJA zu erreichen. Der Whisky ist gefiltert und ungek\u00fchlt, enth\u00e4lt keine Farbstoffe und wird mit 42 % ALC abgef\u00fcllt.<br \/>\nMuja Irish Whiskey ist eine Spirituose, bei der materielle Vorurteile gekonnt zerst\u00f6rt werden und so den Weg f\u00fcr etwas Neues ebnen. Ziel der Konzeption dieser Flasche war es, mit einer \u201eharten\u201c und luxuri\u00f6sen Verpackung aus Glas und Beton zu \u00fcberraschen, die dennoch ein weiches und demokratisches Destillat enthielt. Das Wort MUJA stammt aus einer kleinen Stadt in der N\u00e4he von Triest, Italien, wo die Inspiration f\u00fcr das Verpackungsdesign entstand und der Whisky in Flaschen abgef\u00fcllt wird. MUJA zelebriert eine Bildsprache aus linearen Skulpturen, Lichtern, Kl\u00e4ngen und T\u00e4nzen, die charakteristisch f\u00fcr diese Gegenden sind, in denen Luxus auf die Bescheidenheit der Stra\u00dfe trifft.<br \/>\nDieser Blend ist au\u00dfergew\u00f6hnlich weich, charakterstark und charakteristisch, rund und vollmundig. Mit optisch goldener Farbe und bernsteinfarbenen Reflexen verleiht MUJA dem Gaumen Noten von ger\u00f6stetem Hafer, frischem gelbem Apfel, warmen Gew\u00fcrzen von Zimt und getrockneten Trauben. Der Abgang ist reichhaltig, cremig und zart, aber dennoch komplex. MUJA wurde sorgf\u00e4ltig f\u00fcr Experten und Anf\u00e4nger entwickelt. Es schmeckt pur, \u201eon the rocks\u201c oder in Ihrem Lieblingscocktail perfekt.<\/p>\n<p><strong>Info Qualit\u00e4t der Flasche:<\/strong> Exzellent &#8211; ohne Besch\u00e4digungen \/ <strong>F\u00fcllstand:<\/strong> High fill<br \/>\n<strong>Info Qualit\u00e4t der Box:\u00a0<\/strong>Exzellent &#8211; ohne Besch\u00e4digungen<\/p>\n<p><strong>Wichtiger Hinweis:<\/strong> Die Bewertung der Flaschen und Boxen erfolgt nach \u201ebesten Wissen und Gewissen\u201c. dramfolks kann keine Gew\u00e4hrleistung f\u00fcr den Inhalt der Flaschen \u00fcbernehmen. Weitere Infos &amp; Hinweise finden Sie in unseren AGBs. Wir empfehlen Ihnen, vor der Abgabe von Geboten \u00fcber die Zoomfunktion eine Besichtigung \/ genaue Pr\u00fcfung des angebotenen Whiskys vorzunehmen. Bitte kontaktieren sie uns bei Fragen direkt unter info@dramfolks.com<\/p>\n","protected":false},"excerpt":{"rendered":"<p>Destille: unbekannt Fun Fact: &#8211; Whisky\/Whiskey: Muja Blended Irish Whiskey Muja Irish Whiskey ist eine Premium-Mischung, die aus einem strengen Dreifach-Destillationsprozess stammt, der f\u00fcr die Erzielung der typischen Sanftheit irischer Whiskeys unerl\u00e4sslich ist. Es ist eine Mischung aus Single Grain und Single Malt Whiskys, die geduldig in ehemaligen Bourbon- und Sherryf\u00e4ssern gereift sind, die perfekte[&#8230;]\n","protected":false},"featured_media":188516,"comment_status":"closed","ping_status":"closed","template":"","meta":[],"product_brand":[],"product_cat":[933],"product_tag":[],"class_list":{"0":"post-535376","1":"product","2":"type-product","3":"status-publish","4":"has-post-thumbnail","6":"product_cat-no-13","8":"first","9":"instock","10":"shipping-taxable","11":"purchasable","12":"product-type-auction"},"yoast_head":"<!-- This site is optimized with the Yoast SEO plugin v27.4 - https:\/\/yoast.com\/product\/yoast-seo-wordpress\/ -->\n<title>Muja Blended Irish Whiskey - Dramfolks Whisky Auction<\/title>\n<meta name=\"robots\" content=\"index, follow, max-snippet:-1, max-image-preview:large, max-video-preview:-1\" \/>\n<link rel=\"canonical\" href=\"https:\/\/www.dramfolks-whisky-auction.com\/fr\/product\/muja-blended-irish-whiskey-2\/\" \/>\n<meta property=\"og:locale\" content=\"fr_FR\" \/>\n<meta property=\"og:type\" content=\"article\" \/>\n<meta property=\"og:title\" content=\"Muja Blended Irish Whiskey - Dramfolks Whisky Auction\" \/>\n<meta property=\"og:description\" content=\"Destille: unbekannt Fun Fact: &#8211; Whisky\/Whiskey: Muja Blended Irish Whiskey Muja Irish Whiskey ist eine Premium-Mischung, die aus einem strengen Dreifach-Destillationsprozess stammt, der f\u00fcr die Erzielung der typischen Sanftheit irischer Whiskeys unerl\u00e4sslich ist. Es ist eine Mischung aus Single Grain und Single Malt Whiskys, die geduldig in ehemaligen Bourbon- und Sherryf\u00e4ssern gereift sind, die perfekte[...]\" \/>\n<meta property=\"og:url\" content=\"https:\/\/www.dramfolks-whisky-auction.com\/fr\/product\/muja-blended-irish-whiskey-2\/\" \/>\n<meta property=\"og:site_name\" content=\"Dramfolks Whisky Auction\" \/>\n<meta property=\"article:modified_time\" content=\"2024-10-13T17:45:12+00:00\" \/>\n<meta property=\"og:image\" content=\"https:\/\/www.dramfolks-whisky-auction.com\/wp-content\/uploads\/2024\/08\/Muja-vorne-scaled.jpg\" \/>\n\t<meta property=\"og:image:width\" content=\"2560\" \/>\n\t<meta property=\"og:image:height\" content=\"2560\" \/>\n\t<meta property=\"og:image:type\" content=\"image\/jpeg\" \/>\n<meta name=\"twitter:card\" content=\"summary_large_image\" \/>\n<meta name=\"twitter:label1\" content=\"Dur\u00e9e de lecture estim\u00e9e\" \/>\n\t<meta name=\"twitter:data1\" content=\"3 minutes\" \/>\n<script type=\"application\/ld+json\" class=\"yoast-schema-graph\">{\"@context\":\"https:\\\/\\\/schema.org\",\"@graph\":[{\"@type\":\"WebPage\",\"@id\":\"https:\\\/\\\/www.dramfolks-whisky-auction.com\\\/fr\\\/product\\\/muja-blended-irish-whiskey-2\\\/\",\"url\":\"https:\\\/\\\/www.dramfolks-whisky-auction.com\\\/fr\\\/product\\\/muja-blended-irish-whiskey-2\\\/\",\"name\":\"Muja Blended Irish Whiskey - Dramfolks Whisky Auction\",\"isPartOf\":{\"@id\":\"https:\\\/\\\/www.dramfolks-whisky-auction.com\\\/fr\\\/#website\"},\"primaryImageOfPage\":{\"@id\":\"https:\\\/\\\/www.dramfolks-whisky-auction.com\\\/fr\\\/product\\\/muja-blended-irish-whiskey-2\\\/#primaryimage\"},\"image\":{\"@id\":\"https:\\\/\\\/www.dramfolks-whisky-auction.com\\\/fr\\\/product\\\/muja-blended-irish-whiskey-2\\\/#primaryimage\"},\"thumbnailUrl\":\"https:\\\/\\\/www.dramfolks-whisky-auction.com\\\/wp-content\\\/uploads\\\/2024\\\/08\\\/Muja-vorne-scaled.jpg\",\"datePublished\":\"2024-09-26T16:58:08+00:00\",\"dateModified\":\"2024-10-13T17:45:12+00:00\",\"breadcrumb\":{\"@id\":\"https:\\\/\\\/www.dramfolks-whisky-auction.com\\\/fr\\\/product\\\/muja-blended-irish-whiskey-2\\\/#breadcrumb\"},\"inLanguage\":\"fr-FR\",\"potentialAction\":[{\"@type\":\"ReadAction\",\"target\":[\"https:\\\/\\\/www.dramfolks-whisky-auction.com\\\/fr\\\/product\\\/muja-blended-irish-whiskey-2\\\/\"]}]},{\"@type\":\"ImageObject\",\"inLanguage\":\"fr-FR\",\"@id\":\"https:\\\/\\\/www.dramfolks-whisky-auction.com\\\/fr\\\/product\\\/muja-blended-irish-whiskey-2\\\/#primaryimage\",\"url\":\"https:\\\/\\\/www.dramfolks-whisky-auction.com\\\/wp-content\\\/uploads\\\/2024\\\/08\\\/Muja-vorne-scaled.jpg\",\"contentUrl\":\"https:\\\/\\\/www.dramfolks-whisky-auction.com\\\/wp-content\\\/uploads\\\/2024\\\/08\\\/Muja-vorne-scaled.jpg\",\"width\":2560,\"height\":2560},{\"@type\":\"BreadcrumbList\",\"@id\":\"https:\\\/\\\/www.dramfolks-whisky-auction.com\\\/fr\\\/product\\\/muja-blended-irish-whiskey-2\\\/#breadcrumb\",\"itemListElement\":[{\"@type\":\"ListItem\",\"position\":1,\"name\":\"Startseite\",\"item\":\"https:\\\/\\\/www.dramfolks-whisky-auction.com\\\/fr\\\/\"},{\"@type\":\"ListItem\",\"position\":2,\"name\":\"Boutique\",\"item\":\"https:\\\/\\\/www.dramfolks-whisky-auction.com\\\/fr\\\/boutique\\\/\"},{\"@type\":\"ListItem\",\"position\":3,\"name\":\"Muja Blended Irish Whiskey\"}]},{\"@type\":\"WebSite\",\"@id\":\"https:\\\/\\\/www.dramfolks-whisky-auction.com\\\/fr\\\/#website\",\"url\":\"https:\\\/\\\/www.dramfolks-whisky-auction.com\\\/fr\\\/\",\"name\":\"Dramfolks Whisky Auction\",\"description\":\"\",\"potentialAction\":[{\"@type\":\"SearchAction\",\"target\":{\"@type\":\"EntryPoint\",\"urlTemplate\":\"https:\\\/\\\/www.dramfolks-whisky-auction.com\\\/fr\\\/?s={search_term_string}\"},\"query-input\":{\"@type\":\"PropertyValueSpecification\",\"valueRequired\":true,\"valueName\":\"search_term_string\"}}],\"inLanguage\":\"fr-FR\"}]}<\/script>\n<!-- \/ Yoast SEO plugin. -->","yoast_head_json":{"title":"Muja Blended Irish Whiskey - Dramfolks Whisky Auction","robots":{"index":"index","follow":"follow","max-snippet":"max-snippet:-1","max-image-preview":"max-image-preview:large","max-video-preview":"max-video-preview:-1"},"canonical":"https:\/\/www.dramfolks-whisky-auction.com\/fr\/product\/muja-blended-irish-whiskey-2\/","og_locale":"fr_FR","og_type":"article","og_title":"Muja Blended Irish Whiskey - Dramfolks Whisky Auction","og_description":"Destille: unbekannt Fun Fact: &#8211; Whisky\/Whiskey: Muja Blended Irish Whiskey Muja Irish Whiskey ist eine Premium-Mischung, die aus einem strengen Dreifach-Destillationsprozess stammt, der f\u00fcr die Erzielung der typischen Sanftheit irischer Whiskeys unerl\u00e4sslich ist. Es ist eine Mischung aus Single Grain und Single Malt Whiskys, die geduldig in ehemaligen Bourbon- und Sherryf\u00e4ssern gereift sind, die perfekte[...]","og_url":"https:\/\/www.dramfolks-whisky-auction.com\/fr\/product\/muja-blended-irish-whiskey-2\/","og_site_name":"Dramfolks Whisky Auction","article_modified_time":"2024-10-13T17:45:12+00:00","og_image":[{"width":2560,"height":2560,"url":"https:\/\/www.dramfolks-whisky-auction.com\/wp-content\/uploads\/2024\/08\/Muja-vorne-scaled.jpg","type":"image\/jpeg"}],"twitter_card":"summary_large_image","twitter_misc":{"Dur\u00e9e de lecture estim\u00e9e":"3 minutes"},"schema":{"@context":"https:\/\/schema.org","@graph":[{"@type":"WebPage","@id":"https:\/\/www.dramfolks-whisky-auction.com\/fr\/product\/muja-blended-irish-whiskey-2\/","url":"https:\/\/www.dramfolks-whisky-auction.com\/fr\/product\/muja-blended-irish-whiskey-2\/","name":"Muja Blended Irish Whiskey - Dramfolks Whisky Auction","isPartOf":{"@id":"https:\/\/www.dramfolks-whisky-auction.com\/fr\/#website"},"primaryImageOfPage":{"@id":"https:\/\/www.dramfolks-whisky-auction.com\/fr\/product\/muja-blended-irish-whiskey-2\/#primaryimage"},"image":{"@id":"https:\/\/www.dramfolks-whisky-auction.com\/fr\/product\/muja-blended-irish-whiskey-2\/#primaryimage"},"thumbnailUrl":"https:\/\/www.dramfolks-whisky-auction.com\/wp-content\/uploads\/2024\/08\/Muja-vorne-scaled.jpg","datePublished":"2024-09-26T16:58:08+00:00","dateModified":"2024-10-13T17:45:12+00:00","breadcrumb":{"@id":"https:\/\/www.dramfolks-whisky-auction.com\/fr\/product\/muja-blended-irish-whiskey-2\/#breadcrumb"},"inLanguage":"fr-FR","potentialAction":[{"@type":"ReadAction","target":["https:\/\/www.dramfolks-whisky-auction.com\/fr\/product\/muja-blended-irish-whiskey-2\/"]}]},{"@type":"ImageObject","inLanguage":"fr-FR","@id":"https:\/\/www.dramfolks-whisky-auction.com\/fr\/product\/muja-blended-irish-whiskey-2\/#primaryimage","url":"https:\/\/www.dramfolks-whisky-auction.com\/wp-content\/uploads\/2024\/08\/Muja-vorne-scaled.jpg","contentUrl":"https:\/\/www.dramfolks-whisky-auction.com\/wp-content\/uploads\/2024\/08\/Muja-vorne-scaled.jpg","width":2560,"height":2560},{"@type":"BreadcrumbList","@id":"https:\/\/www.dramfolks-whisky-auction.com\/fr\/product\/muja-blended-irish-whiskey-2\/#breadcrumb","itemListElement":[{"@type":"ListItem","position":1,"name":"Startseite","item":"https:\/\/www.dramfolks-whisky-auction.com\/fr\/"},{"@type":"ListItem","position":2,"name":"Boutique","item":"https:\/\/www.dramfolks-whisky-auction.com\/fr\/boutique\/"},{"@type":"ListItem","position":3,"name":"Muja Blended Irish Whiskey"}]},{"@type":"WebSite","@id":"https:\/\/www.dramfolks-whisky-auction.com\/fr\/#website","url":"https:\/\/www.dramfolks-whisky-auction.com\/fr\/","name":"Dramfolks Whisky Auction","description":"","potentialAction":[{"@type":"SearchAction","target":{"@type":"EntryPoint","urlTemplate":"https:\/\/www.dramfolks-whisky-auction.com\/fr\/?s={search_term_string}"},"query-input":{"@type":"PropertyValueSpecification","valueRequired":true,"valueName":"search_term_string"}}],"inLanguage":"fr-FR"}]}},"_links":{"self":[{"href":"https:\/\/www.dramfolks-whisky-auction.com\/fr\/wp-json\/wp\/v2\/product\/535376","targetHints":{"allow":["GET"]}}],"collection":[{"href":"https:\/\/www.dramfolks-whisky-auction.com\/fr\/wp-json\/wp\/v2\/product"}],"about":[{"href":"https:\/\/www.dramfolks-whisky-auction.com\/fr\/wp-json\/wp\/v2\/types\/product"}],"replies":[{"embeddable":true,"href":"https:\/\/www.dramfolks-whisky-auction.com\/fr\/wp-json\/wp\/v2\/comments?post=535376"}],"wp:featuredmedia":[{"embeddable":true,"href":"https:\/\/www.dramfolks-whisky-auction.com\/fr\/wp-json\/wp\/v2\/media\/188516"}],"wp:attachment":[{"href":"https:\/\/www.dramfolks-whisky-auction.com\/fr\/wp-json\/wp\/v2\/media?parent=535376"}],"wp:term":[{"taxonomy":"product_brand","embeddable":true,"href":"https:\/\/www.dramfolks-whisky-auction.com\/fr\/wp-json\/wp\/v2\/product_brand?post=535376"},{"taxonomy":"product_cat","embeddable":true,"href":"https:\/\/www.dramfolks-whisky-auction.com\/fr\/wp-json\/wp\/v2\/product_cat?post=535376"},{"taxonomy":"product_tag","embeddable":true,"href":"https:\/\/www.dramfolks-whisky-auction.com\/fr\/wp-json\/wp\/v2\/product_tag?post=535376"}],"curies":[{"name":"wp","href":"https:\/\/api.w.org\/{rel}","templated":true}]}}