{"id":533712,"date":"2024-09-24T19:50:30","date_gmt":"2024-09-24T17:50:30","guid":{"rendered":"https:\/\/www.dramfolks-whisky-auction.com\/?post_type=product&#038;p=533712"},"modified":"2024-10-13T19:15:07","modified_gmt":"2024-10-13T17:15:07","slug":"glen-scotia-campbeltown-cross-vintage-release-no-3","status":"publish","type":"product","link":"https:\/\/www.dramfolks-whisky-auction.com\/fr\/product\/glen-scotia-campbeltown-cross-vintage-release-no-3\/","title":{"rendered":"Glen Scotia &#8211; Campbeltown Cross Vintage Release No.3"},"content":{"rendered":"<p><strong>Destille: Glen Scotia<br \/>\n<\/strong><span class=\"v1s2\">Die Destille Glen Scotia hat ihren Sitz in der eigenst\u00e4ndigen Whiskyregion Campbeltown auf der Halbinsel Kintyre in Schottland. Campbeltown verf\u00fcgte fr\u00fcher \u00fcber mehr als 30 Brennereien, von denen bis heute \u2013 neben Glen Scotia \u2013 nur noch die Springbank-Destillerie und Glengyle \u00fcbrig geblieben sind.<\/span> Das Wasser f\u00fcr die Produktion bezieht die Destille aus dem See \u00ab\u00a0Crosshill Loch\u00a0\u00bb, der ca. 2km entfernt vor den Toren der Stadt liegt. Glen Scotia kommt auf ein Produktionsvolumen von 750.000 l im Jahr.<\/p>\n<p><strong>Fun Fakt: <\/strong>Als \u00dcberlebender einiger der turbulentesten Zeiten in der Geschichte der <span class=\"tx-datamintslossaryextension-no-replacement\">Whisky<\/span>&#8211;<span class=\"tx-datamintslossaryextension-no-replacement\">Produktion<\/span>, hat Glen Scotia einiges durchmachen m\u00fcssen. Es wird erz\u00e4hlt, dass die <span class=\"tx-datamintslossaryextension-no-replacement\">Brennerei<\/span> von dem Gespenst Duncan McCallums, einer seiner ehemaligen Besitzer, heimgesucht wird. McCallum ertr\u00e4nkte sich im Campbeltown Loch, nachdem er durch ein geplatztes Gesch\u00e4ft ruiniert worden war. Die Galbraith-Familie gr\u00fcndete die <span class=\"tx-datamintslossaryextension-no-replacement\">Brennerei<\/span> im Jahr 1832 und sie blieb in ihrem Besitz, bis sie 1919 an die West Highland Malt Distillers verkauft wurde. F\u00fcnf Jahre sp\u00e4ter meldete WHMD Konkurs an und die <span class=\"tx-datamintslossaryextension-no-replacement\">Brennerei<\/span> wurde an Duncan McCallum \u00fcbergeben. Im Jahr 1928 meldete McCallum selbst Konkurs an, da er aufgrund eines rechtswidrigen Gesch\u00e4fts pleite gegangen war. Dies zwang ihn dazu, Glen Scotia zu schlie\u00dfen. McCallum ertr\u00e4nkte sich tragischerweise im Campbell Loch, der als Ironie des Schicksals speziell f\u00fcr den Zweck, den Destillerien in der Stadt <span class=\"tx-datamintslossaryextension-no-replacement\">Wasser<\/span> zuzuf\u00fchren, angelegt worden war.<\/p>\n<p><strong>Whisky\/Whiskey: Campbeltown Cross Vintage Release No.3<br \/>\n<\/strong>Dies ist die dritte Abf\u00fcllung 2010\/2020 der Glen Scotia Vintage Release-Reihe und das limitierte 2010er Vintage Release No. 3 ist eine Campbeltown Rarit\u00e4t. F\u00fcr dieses wurden die raren getorften Whiskybest\u00e4nde ausgew\u00e4hlt, die nur wenige Wochen im Jahr destilliert werden. Die Glen Scotia Vintage Release Whiskys sind Teil der Landmark-Serie, in welcher Wahrzeichen der Halbinsel vorgestellt werden. Das ikonische Campbeltown-Kreuz ist ein in Stein gehauenes Kreuz, das stolz im Zentrum der Stadt steht und die Geburt der historischen Stadt markiert. Der Kopf des Kreuzes und die Schnitzereien stammen vermutlich aus den sp\u00e4ten 1300er Jahren und zeigen eine Reihe keltischer Schnitzereien, darunter die Meerjungfrau, die noch 1811 in den Gew\u00e4ssern bei Campbeltown gesehen worden sein soll. Der klassische maritime Einfluss von Glen Scotia ist ausbalanciert mit gl\u00fchendem Torf, gew\u00fcrzten Brat\u00e4pfel und Nelken in der Nase. Der Gaumen bringt Aromen von Zitrus (Zitrone), s\u00fc\u00dfer Vanillesirup und frischer Gerste. Der Abgang ist lang und trocken mit w\u00e4rmenden s\u00fc\u00dfen Torfnoten und schwarzem Pfeffer.<\/p>\n<p><strong>Info Qualit\u00e4t der Flasche:<\/strong> Exzellent &#8211; ohne Besch\u00e4digungen \/ <strong>F\u00fcllstand:<\/strong> High fill<br \/>\n<strong>Info Qualit\u00e4t der Box:<\/strong> Exzellent &#8211; ohne Besch\u00e4digungen<\/p>\n<p><strong>Wichtiger Hinweis:<\/strong> Die Bewertung der Flaschen und Boxen erfolgt nach \u201ebesten Wissen und Gewissen\u201c. dramfolks kann keine Gew\u00e4hrleistung f\u00fcr den Inhalt der Flaschen \u00fcbernehmen. Weitere Infos &amp; Hinweise finden Sie in unseren AGBs. Wir empfehlen Ihnen, vor der Abgabe von Geboten \u00fcber die Zoomfunktion eine Besichtigung \/ genaue Pr\u00fcfung des angebotenen Whiskys vorzunehmen. Bitte kontaktieren sie uns bei Fragen direkt unter info@dramfolks.com<\/p>\n","protected":false},"excerpt":{"rendered":"<p>Destille: Glen Scotia Die Destille Glen Scotia hat ihren Sitz in der eigenst\u00e4ndigen Whiskyregion Campbeltown auf der Halbinsel Kintyre in Schottland. Campbeltown verf\u00fcgte fr\u00fcher \u00fcber mehr als 30 Brennereien, von denen bis heute \u2013 neben Glen Scotia \u2013 nur noch die Springbank-Destillerie und Glengyle \u00fcbrig geblieben sind. Das Wasser f\u00fcr die Produktion bezieht die Destille[&#8230;]\n","protected":false},"featured_media":534976,"comment_status":"closed","ping_status":"closed","template":"","meta":[],"product_brand":[],"product_cat":[933],"product_tag":[],"class_list":{"0":"post-533712","1":"product","2":"type-product","3":"status-publish","4":"has-post-thumbnail","6":"product_cat-no-13","8":"first","9":"instock","10":"shipping-taxable","11":"purchasable","12":"product-type-auction"},"yoast_head":"<!-- This site is optimized with the Yoast SEO plugin v27.4 - https:\/\/yoast.com\/product\/yoast-seo-wordpress\/ -->\n<title>Glen Scotia - Campbeltown Cross Vintage Release No.3 - Dramfolks Whisky Auction<\/title>\n<meta name=\"robots\" content=\"index, follow, max-snippet:-1, max-image-preview:large, max-video-preview:-1\" \/>\n<link rel=\"canonical\" href=\"https:\/\/www.dramfolks-whisky-auction.com\/fr\/product\/glen-scotia-campbeltown-cross-vintage-release-no-3\/\" \/>\n<meta property=\"og:locale\" content=\"fr_FR\" \/>\n<meta property=\"og:type\" content=\"article\" \/>\n<meta property=\"og:title\" content=\"Glen Scotia - Campbeltown Cross Vintage Release No.3 - Dramfolks Whisky Auction\" \/>\n<meta property=\"og:description\" content=\"Destille: Glen Scotia Die Destille Glen Scotia hat ihren Sitz in der eigenst\u00e4ndigen Whiskyregion Campbeltown auf der Halbinsel Kintyre in Schottland. Campbeltown verf\u00fcgte fr\u00fcher \u00fcber mehr als 30 Brennereien, von denen bis heute \u2013 neben Glen Scotia \u2013 nur noch die Springbank-Destillerie und Glengyle \u00fcbrig geblieben sind. Das Wasser f\u00fcr die Produktion bezieht die Destille[...]\" \/>\n<meta property=\"og:url\" content=\"https:\/\/www.dramfolks-whisky-auction.com\/fr\/product\/glen-scotia-campbeltown-cross-vintage-release-no-3\/\" \/>\n<meta property=\"og:site_name\" content=\"Dramfolks Whisky Auction\" \/>\n<meta property=\"article:modified_time\" content=\"2024-10-13T17:15:07+00:00\" \/>\n<meta property=\"og:image\" content=\"https:\/\/www.dramfolks-whisky-auction.com\/wp-content\/uploads\/2024\/09\/Glen-Scotia-Vintage-Release-vorne-scaled.jpg\" \/>\n\t<meta property=\"og:image:width\" content=\"2560\" \/>\n\t<meta property=\"og:image:height\" content=\"2560\" \/>\n\t<meta property=\"og:image:type\" content=\"image\/jpeg\" \/>\n<meta name=\"twitter:card\" content=\"summary_large_image\" \/>\n<meta name=\"twitter:label1\" content=\"Dur\u00e9e de lecture estim\u00e9e\" \/>\n\t<meta name=\"twitter:data1\" content=\"3 minutes\" \/>\n<script type=\"application\/ld+json\" class=\"yoast-schema-graph\">{\"@context\":\"https:\\\/\\\/schema.org\",\"@graph\":[{\"@type\":\"WebPage\",\"@id\":\"https:\\\/\\\/www.dramfolks-whisky-auction.com\\\/fr\\\/product\\\/glen-scotia-campbeltown-cross-vintage-release-no-3\\\/\",\"url\":\"https:\\\/\\\/www.dramfolks-whisky-auction.com\\\/fr\\\/product\\\/glen-scotia-campbeltown-cross-vintage-release-no-3\\\/\",\"name\":\"Glen Scotia - Campbeltown Cross Vintage Release No.3 - Dramfolks Whisky Auction\",\"isPartOf\":{\"@id\":\"https:\\\/\\\/www.dramfolks-whisky-auction.com\\\/fr\\\/#website\"},\"primaryImageOfPage\":{\"@id\":\"https:\\\/\\\/www.dramfolks-whisky-auction.com\\\/fr\\\/product\\\/glen-scotia-campbeltown-cross-vintage-release-no-3\\\/#primaryimage\"},\"image\":{\"@id\":\"https:\\\/\\\/www.dramfolks-whisky-auction.com\\\/fr\\\/product\\\/glen-scotia-campbeltown-cross-vintage-release-no-3\\\/#primaryimage\"},\"thumbnailUrl\":\"https:\\\/\\\/www.dramfolks-whisky-auction.com\\\/wp-content\\\/uploads\\\/2024\\\/09\\\/Glen-Scotia-Vintage-Release-vorne-scaled.jpg\",\"datePublished\":\"2024-09-24T17:50:30+00:00\",\"dateModified\":\"2024-10-13T17:15:07+00:00\",\"breadcrumb\":{\"@id\":\"https:\\\/\\\/www.dramfolks-whisky-auction.com\\\/fr\\\/product\\\/glen-scotia-campbeltown-cross-vintage-release-no-3\\\/#breadcrumb\"},\"inLanguage\":\"fr-FR\",\"potentialAction\":[{\"@type\":\"ReadAction\",\"target\":[\"https:\\\/\\\/www.dramfolks-whisky-auction.com\\\/fr\\\/product\\\/glen-scotia-campbeltown-cross-vintage-release-no-3\\\/\"]}]},{\"@type\":\"ImageObject\",\"inLanguage\":\"fr-FR\",\"@id\":\"https:\\\/\\\/www.dramfolks-whisky-auction.com\\\/fr\\\/product\\\/glen-scotia-campbeltown-cross-vintage-release-no-3\\\/#primaryimage\",\"url\":\"https:\\\/\\\/www.dramfolks-whisky-auction.com\\\/wp-content\\\/uploads\\\/2024\\\/09\\\/Glen-Scotia-Vintage-Release-vorne-scaled.jpg\",\"contentUrl\":\"https:\\\/\\\/www.dramfolks-whisky-auction.com\\\/wp-content\\\/uploads\\\/2024\\\/09\\\/Glen-Scotia-Vintage-Release-vorne-scaled.jpg\",\"width\":2560,\"height\":2560},{\"@type\":\"BreadcrumbList\",\"@id\":\"https:\\\/\\\/www.dramfolks-whisky-auction.com\\\/fr\\\/product\\\/glen-scotia-campbeltown-cross-vintage-release-no-3\\\/#breadcrumb\",\"itemListElement\":[{\"@type\":\"ListItem\",\"position\":1,\"name\":\"Startseite\",\"item\":\"https:\\\/\\\/www.dramfolks-whisky-auction.com\\\/fr\\\/\"},{\"@type\":\"ListItem\",\"position\":2,\"name\":\"Boutique\",\"item\":\"https:\\\/\\\/www.dramfolks-whisky-auction.com\\\/fr\\\/boutique\\\/\"},{\"@type\":\"ListItem\",\"position\":3,\"name\":\"Glen Scotia &#8211; Campbeltown Cross Vintage Release No.3\"}]},{\"@type\":\"WebSite\",\"@id\":\"https:\\\/\\\/www.dramfolks-whisky-auction.com\\\/fr\\\/#website\",\"url\":\"https:\\\/\\\/www.dramfolks-whisky-auction.com\\\/fr\\\/\",\"name\":\"Dramfolks Whisky Auction\",\"description\":\"\",\"potentialAction\":[{\"@type\":\"SearchAction\",\"target\":{\"@type\":\"EntryPoint\",\"urlTemplate\":\"https:\\\/\\\/www.dramfolks-whisky-auction.com\\\/fr\\\/?s={search_term_string}\"},\"query-input\":{\"@type\":\"PropertyValueSpecification\",\"valueRequired\":true,\"valueName\":\"search_term_string\"}}],\"inLanguage\":\"fr-FR\"}]}<\/script>\n<!-- \/ Yoast SEO plugin. -->","yoast_head_json":{"title":"Glen Scotia - Campbeltown Cross Vintage Release No.3 - Dramfolks Whisky Auction","robots":{"index":"index","follow":"follow","max-snippet":"max-snippet:-1","max-image-preview":"max-image-preview:large","max-video-preview":"max-video-preview:-1"},"canonical":"https:\/\/www.dramfolks-whisky-auction.com\/fr\/product\/glen-scotia-campbeltown-cross-vintage-release-no-3\/","og_locale":"fr_FR","og_type":"article","og_title":"Glen Scotia - Campbeltown Cross Vintage Release No.3 - Dramfolks Whisky Auction","og_description":"Destille: Glen Scotia Die Destille Glen Scotia hat ihren Sitz in der eigenst\u00e4ndigen Whiskyregion Campbeltown auf der Halbinsel Kintyre in Schottland. Campbeltown verf\u00fcgte fr\u00fcher \u00fcber mehr als 30 Brennereien, von denen bis heute \u2013 neben Glen Scotia \u2013 nur noch die Springbank-Destillerie und Glengyle \u00fcbrig geblieben sind. Das Wasser f\u00fcr die Produktion bezieht die Destille[...]","og_url":"https:\/\/www.dramfolks-whisky-auction.com\/fr\/product\/glen-scotia-campbeltown-cross-vintage-release-no-3\/","og_site_name":"Dramfolks Whisky Auction","article_modified_time":"2024-10-13T17:15:07+00:00","og_image":[{"width":2560,"height":2560,"url":"https:\/\/www.dramfolks-whisky-auction.com\/wp-content\/uploads\/2024\/09\/Glen-Scotia-Vintage-Release-vorne-scaled.jpg","type":"image\/jpeg"}],"twitter_card":"summary_large_image","twitter_misc":{"Dur\u00e9e de lecture estim\u00e9e":"3 minutes"},"schema":{"@context":"https:\/\/schema.org","@graph":[{"@type":"WebPage","@id":"https:\/\/www.dramfolks-whisky-auction.com\/fr\/product\/glen-scotia-campbeltown-cross-vintage-release-no-3\/","url":"https:\/\/www.dramfolks-whisky-auction.com\/fr\/product\/glen-scotia-campbeltown-cross-vintage-release-no-3\/","name":"Glen Scotia - Campbeltown Cross Vintage Release No.3 - Dramfolks Whisky Auction","isPartOf":{"@id":"https:\/\/www.dramfolks-whisky-auction.com\/fr\/#website"},"primaryImageOfPage":{"@id":"https:\/\/www.dramfolks-whisky-auction.com\/fr\/product\/glen-scotia-campbeltown-cross-vintage-release-no-3\/#primaryimage"},"image":{"@id":"https:\/\/www.dramfolks-whisky-auction.com\/fr\/product\/glen-scotia-campbeltown-cross-vintage-release-no-3\/#primaryimage"},"thumbnailUrl":"https:\/\/www.dramfolks-whisky-auction.com\/wp-content\/uploads\/2024\/09\/Glen-Scotia-Vintage-Release-vorne-scaled.jpg","datePublished":"2024-09-24T17:50:30+00:00","dateModified":"2024-10-13T17:15:07+00:00","breadcrumb":{"@id":"https:\/\/www.dramfolks-whisky-auction.com\/fr\/product\/glen-scotia-campbeltown-cross-vintage-release-no-3\/#breadcrumb"},"inLanguage":"fr-FR","potentialAction":[{"@type":"ReadAction","target":["https:\/\/www.dramfolks-whisky-auction.com\/fr\/product\/glen-scotia-campbeltown-cross-vintage-release-no-3\/"]}]},{"@type":"ImageObject","inLanguage":"fr-FR","@id":"https:\/\/www.dramfolks-whisky-auction.com\/fr\/product\/glen-scotia-campbeltown-cross-vintage-release-no-3\/#primaryimage","url":"https:\/\/www.dramfolks-whisky-auction.com\/wp-content\/uploads\/2024\/09\/Glen-Scotia-Vintage-Release-vorne-scaled.jpg","contentUrl":"https:\/\/www.dramfolks-whisky-auction.com\/wp-content\/uploads\/2024\/09\/Glen-Scotia-Vintage-Release-vorne-scaled.jpg","width":2560,"height":2560},{"@type":"BreadcrumbList","@id":"https:\/\/www.dramfolks-whisky-auction.com\/fr\/product\/glen-scotia-campbeltown-cross-vintage-release-no-3\/#breadcrumb","itemListElement":[{"@type":"ListItem","position":1,"name":"Startseite","item":"https:\/\/www.dramfolks-whisky-auction.com\/fr\/"},{"@type":"ListItem","position":2,"name":"Boutique","item":"https:\/\/www.dramfolks-whisky-auction.com\/fr\/boutique\/"},{"@type":"ListItem","position":3,"name":"Glen Scotia &#8211; Campbeltown Cross Vintage Release No.3"}]},{"@type":"WebSite","@id":"https:\/\/www.dramfolks-whisky-auction.com\/fr\/#website","url":"https:\/\/www.dramfolks-whisky-auction.com\/fr\/","name":"Dramfolks Whisky Auction","description":"","potentialAction":[{"@type":"SearchAction","target":{"@type":"EntryPoint","urlTemplate":"https:\/\/www.dramfolks-whisky-auction.com\/fr\/?s={search_term_string}"},"query-input":{"@type":"PropertyValueSpecification","valueRequired":true,"valueName":"search_term_string"}}],"inLanguage":"fr-FR"}]}},"_links":{"self":[{"href":"https:\/\/www.dramfolks-whisky-auction.com\/fr\/wp-json\/wp\/v2\/product\/533712","targetHints":{"allow":["GET"]}}],"collection":[{"href":"https:\/\/www.dramfolks-whisky-auction.com\/fr\/wp-json\/wp\/v2\/product"}],"about":[{"href":"https:\/\/www.dramfolks-whisky-auction.com\/fr\/wp-json\/wp\/v2\/types\/product"}],"replies":[{"embeddable":true,"href":"https:\/\/www.dramfolks-whisky-auction.com\/fr\/wp-json\/wp\/v2\/comments?post=533712"}],"wp:featuredmedia":[{"embeddable":true,"href":"https:\/\/www.dramfolks-whisky-auction.com\/fr\/wp-json\/wp\/v2\/media\/534976"}],"wp:attachment":[{"href":"https:\/\/www.dramfolks-whisky-auction.com\/fr\/wp-json\/wp\/v2\/media?parent=533712"}],"wp:term":[{"taxonomy":"product_brand","embeddable":true,"href":"https:\/\/www.dramfolks-whisky-auction.com\/fr\/wp-json\/wp\/v2\/product_brand?post=533712"},{"taxonomy":"product_cat","embeddable":true,"href":"https:\/\/www.dramfolks-whisky-auction.com\/fr\/wp-json\/wp\/v2\/product_cat?post=533712"},{"taxonomy":"product_tag","embeddable":true,"href":"https:\/\/www.dramfolks-whisky-auction.com\/fr\/wp-json\/wp\/v2\/product_tag?post=533712"}],"curies":[{"name":"wp","href":"https:\/\/api.w.org\/{rel}","templated":true}]}}