{"id":533686,"date":"2024-09-24T17:47:29","date_gmt":"2024-09-24T15:47:29","guid":{"rendered":"https:\/\/www.dramfolks-whisky-auction.com\/?post_type=product&#038;p=533686"},"modified":"2024-10-15T19:14:48","modified_gmt":"2024-10-15T17:14:48","slug":"aber-falls-single-malt-welsh-whisky","status":"publish","type":"product","link":"https:\/\/www.dramfolks-whisky-auction.com\/fr\/product\/aber-falls-single-malt-welsh-whisky\/","title":{"rendered":"Aber Falls &#8211; Single Malt Welsh Whisky"},"content":{"rendered":"<p><strong>Destille: Aber Falls<br \/>\n<\/strong>Aber Falls ist die erste Whisky Destillerie in Nordwales seit mehr als 100 Jahren. Sie liegt im Dorf Abergwyngregyn. Ihren Namen hat die walisische Brennerei vom gleichnamigen, 37 Meter hohen\u00a0Aber Falls Wasserfall. Die Lagerung erfolgt in einem traditionellen Staudenlager an der Menai Straits. Die Destillerie stellt Whiskys, Gins und Lik\u00f6re aus nachhaltig beschafften Zutaten und walisisch inspirierten Botanicals her. Das Hauptaugenmerk liegt dabei auf Whisky nach\u00a0schottischem und irischem Vorbild. Neben dem qualitativ hochwertigem Endprodukt ist der Brennerei Nachhaltigkeit sehr wichtig. Dazu kommt ein besonders Stolz auf die walisische Herkunft. Dieser spiegelt sich unter anderem im Logo der Brennerei wieder. Es erinnert an einen keltischen Knoten und greift damit die keltische Geschichte von Wales auf.<\/p>\n<p><strong>Fun fact:\u00a0<\/strong>Mit mehr als 50.000 j\u00e4hrlichen Besuchern ist der Ort ein wahrer Touristenmagnet. Was u.a. an Conwy Castle, einer Burg aus dem 13. Jahrhundert liegt.<\/p>\n<p><strong>Whisky\/Whiskey: Single Malt Welsh Whisky<br \/>\n<\/strong>Dieser Single Malt ist die erste Abf\u00fcllung aus der noch jungen Aber Falls Brennerei in Wales. Grundlage daf\u00fcr ist lokal angebaute Gerste, die ausschlie\u00dflich von walisischen Farmern bezogen wird. Damit m\u00f6chte man nicht nur ein m\u00f6glichst authentisch walisisches Produkt herstellen, sondern auch die lokale Wirtschaft ankurbeln. Der Malt reifte in einer Kombination aus zweierlei Sherryf\u00e4ssern (PX und Oloroso), Bourbon- sowie frischen Wei\u00dfeichenf\u00e4ssern.<\/p>\n<p><strong>Info Qualit\u00e4t der Flasche:<\/strong> Exzellent &#8211; ohne Besch\u00e4digungen \/ <strong>F\u00fcllstand:<\/strong> Into neck<br \/>\n<strong>Info Qualit\u00e4t der Box:<\/strong> keine Box vorhanden<\/p>\n<p><strong>Wichtiger Hinweis:<\/strong> Die Bewertung der Flaschen und Boxen erfolgt nach \u201ebesten Wissen und Gewissen\u201c. dramfolks kann keine Gew\u00e4hrleistung f\u00fcr den Inhalt der Flaschen \u00fcbernehmen. Weitere Infos &amp; Hinweise finden Sie in unseren AGBs. Wir empfehlen Ihnen, vor der Abgabe von Geboten \u00fcber die Zoomfunktion eine Besichtigung \/ genaue Pr\u00fcfung des angebotenen Whiskys vorzunehmen. Bitte kontaktieren sie uns bei Fragen direkt unter info@dramfolks.com<\/p>\n","protected":false},"excerpt":{"rendered":"<p>Destille: Aber Falls Aber Falls ist die erste Whisky Destillerie in Nordwales seit mehr als 100 Jahren. Sie liegt im Dorf Abergwyngregyn. Ihren Namen hat die walisische Brennerei vom gleichnamigen, 37 Meter hohen\u00a0Aber Falls Wasserfall. Die Lagerung erfolgt in einem traditionellen Staudenlager an der Menai Straits. Die Destillerie stellt Whiskys, Gins und Lik\u00f6re aus nachhaltig[&#8230;]\n","protected":false},"featured_media":533687,"comment_status":"closed","ping_status":"closed","template":"","meta":[],"product_brand":[],"product_cat":[933],"product_tag":[],"class_list":{"0":"post-533686","1":"product","2":"type-product","3":"status-publish","4":"has-post-thumbnail","6":"product_cat-no-13","8":"first","9":"instock","10":"shipping-taxable","11":"purchasable","12":"product-type-auction"},"yoast_head":"<!-- This site is optimized with the Yoast SEO plugin v27.4 - https:\/\/yoast.com\/product\/yoast-seo-wordpress\/ -->\n<title>Aber Falls - Single Malt Welsh Whisky - Dramfolks Whisky Auction<\/title>\n<meta name=\"robots\" content=\"index, follow, max-snippet:-1, max-image-preview:large, max-video-preview:-1\" \/>\n<link rel=\"canonical\" href=\"https:\/\/www.dramfolks-whisky-auction.com\/fr\/product\/aber-falls-single-malt-welsh-whisky\/\" \/>\n<meta property=\"og:locale\" content=\"fr_FR\" \/>\n<meta property=\"og:type\" content=\"article\" \/>\n<meta property=\"og:title\" content=\"Aber Falls - Single Malt Welsh Whisky - Dramfolks Whisky Auction\" \/>\n<meta property=\"og:description\" content=\"Destille: Aber Falls Aber Falls ist die erste Whisky Destillerie in Nordwales seit mehr als 100 Jahren. Sie liegt im Dorf Abergwyngregyn. Ihren Namen hat die walisische Brennerei vom gleichnamigen, 37 Meter hohen\u00a0Aber Falls Wasserfall. Die Lagerung erfolgt in einem traditionellen Staudenlager an der Menai Straits. Die Destillerie stellt Whiskys, Gins und Lik\u00f6re aus nachhaltig[...]\" \/>\n<meta property=\"og:url\" content=\"https:\/\/www.dramfolks-whisky-auction.com\/fr\/product\/aber-falls-single-malt-welsh-whisky\/\" \/>\n<meta property=\"og:site_name\" content=\"Dramfolks Whisky Auction\" \/>\n<meta property=\"article:modified_time\" content=\"2024-10-15T17:14:48+00:00\" \/>\n<meta property=\"og:image\" content=\"https:\/\/www.dramfolks-whisky-auction.com\/wp-content\/uploads\/2024\/09\/Aberfalls-vorne-scaled.jpg\" \/>\n\t<meta property=\"og:image:width\" content=\"2560\" \/>\n\t<meta property=\"og:image:height\" content=\"2560\" \/>\n\t<meta property=\"og:image:type\" content=\"image\/jpeg\" \/>\n<meta name=\"twitter:card\" content=\"summary_large_image\" \/>\n<meta name=\"twitter:label1\" content=\"Dur\u00e9e de lecture estim\u00e9e\" \/>\n\t<meta name=\"twitter:data1\" content=\"2 minutes\" \/>\n<script type=\"application\/ld+json\" class=\"yoast-schema-graph\">{\"@context\":\"https:\\\/\\\/schema.org\",\"@graph\":[{\"@type\":\"WebPage\",\"@id\":\"https:\\\/\\\/www.dramfolks-whisky-auction.com\\\/fr\\\/product\\\/aber-falls-single-malt-welsh-whisky\\\/\",\"url\":\"https:\\\/\\\/www.dramfolks-whisky-auction.com\\\/fr\\\/product\\\/aber-falls-single-malt-welsh-whisky\\\/\",\"name\":\"Aber Falls - Single Malt Welsh Whisky - Dramfolks Whisky Auction\",\"isPartOf\":{\"@id\":\"https:\\\/\\\/www.dramfolks-whisky-auction.com\\\/fr\\\/#website\"},\"primaryImageOfPage\":{\"@id\":\"https:\\\/\\\/www.dramfolks-whisky-auction.com\\\/fr\\\/product\\\/aber-falls-single-malt-welsh-whisky\\\/#primaryimage\"},\"image\":{\"@id\":\"https:\\\/\\\/www.dramfolks-whisky-auction.com\\\/fr\\\/product\\\/aber-falls-single-malt-welsh-whisky\\\/#primaryimage\"},\"thumbnailUrl\":\"https:\\\/\\\/www.dramfolks-whisky-auction.com\\\/wp-content\\\/uploads\\\/2024\\\/09\\\/Aberfalls-vorne-scaled.jpg\",\"datePublished\":\"2024-09-24T15:47:29+00:00\",\"dateModified\":\"2024-10-15T17:14:48+00:00\",\"breadcrumb\":{\"@id\":\"https:\\\/\\\/www.dramfolks-whisky-auction.com\\\/fr\\\/product\\\/aber-falls-single-malt-welsh-whisky\\\/#breadcrumb\"},\"inLanguage\":\"fr-FR\",\"potentialAction\":[{\"@type\":\"ReadAction\",\"target\":[\"https:\\\/\\\/www.dramfolks-whisky-auction.com\\\/fr\\\/product\\\/aber-falls-single-malt-welsh-whisky\\\/\"]}]},{\"@type\":\"ImageObject\",\"inLanguage\":\"fr-FR\",\"@id\":\"https:\\\/\\\/www.dramfolks-whisky-auction.com\\\/fr\\\/product\\\/aber-falls-single-malt-welsh-whisky\\\/#primaryimage\",\"url\":\"https:\\\/\\\/www.dramfolks-whisky-auction.com\\\/wp-content\\\/uploads\\\/2024\\\/09\\\/Aberfalls-vorne-scaled.jpg\",\"contentUrl\":\"https:\\\/\\\/www.dramfolks-whisky-auction.com\\\/wp-content\\\/uploads\\\/2024\\\/09\\\/Aberfalls-vorne-scaled.jpg\",\"width\":2560,\"height\":2560},{\"@type\":\"BreadcrumbList\",\"@id\":\"https:\\\/\\\/www.dramfolks-whisky-auction.com\\\/fr\\\/product\\\/aber-falls-single-malt-welsh-whisky\\\/#breadcrumb\",\"itemListElement\":[{\"@type\":\"ListItem\",\"position\":1,\"name\":\"Startseite\",\"item\":\"https:\\\/\\\/www.dramfolks-whisky-auction.com\\\/fr\\\/\"},{\"@type\":\"ListItem\",\"position\":2,\"name\":\"Boutique\",\"item\":\"https:\\\/\\\/www.dramfolks-whisky-auction.com\\\/fr\\\/boutique\\\/\"},{\"@type\":\"ListItem\",\"position\":3,\"name\":\"Aber Falls &#8211; Single Malt Welsh Whisky\"}]},{\"@type\":\"WebSite\",\"@id\":\"https:\\\/\\\/www.dramfolks-whisky-auction.com\\\/fr\\\/#website\",\"url\":\"https:\\\/\\\/www.dramfolks-whisky-auction.com\\\/fr\\\/\",\"name\":\"Dramfolks Whisky Auction\",\"description\":\"\",\"potentialAction\":[{\"@type\":\"SearchAction\",\"target\":{\"@type\":\"EntryPoint\",\"urlTemplate\":\"https:\\\/\\\/www.dramfolks-whisky-auction.com\\\/fr\\\/?s={search_term_string}\"},\"query-input\":{\"@type\":\"PropertyValueSpecification\",\"valueRequired\":true,\"valueName\":\"search_term_string\"}}],\"inLanguage\":\"fr-FR\"}]}<\/script>\n<!-- \/ Yoast SEO plugin. -->","yoast_head_json":{"title":"Aber Falls - Single Malt Welsh Whisky - Dramfolks Whisky Auction","robots":{"index":"index","follow":"follow","max-snippet":"max-snippet:-1","max-image-preview":"max-image-preview:large","max-video-preview":"max-video-preview:-1"},"canonical":"https:\/\/www.dramfolks-whisky-auction.com\/fr\/product\/aber-falls-single-malt-welsh-whisky\/","og_locale":"fr_FR","og_type":"article","og_title":"Aber Falls - Single Malt Welsh Whisky - Dramfolks Whisky Auction","og_description":"Destille: Aber Falls Aber Falls ist die erste Whisky Destillerie in Nordwales seit mehr als 100 Jahren. Sie liegt im Dorf Abergwyngregyn. Ihren Namen hat die walisische Brennerei vom gleichnamigen, 37 Meter hohen\u00a0Aber Falls Wasserfall. Die Lagerung erfolgt in einem traditionellen Staudenlager an der Menai Straits. Die Destillerie stellt Whiskys, Gins und Lik\u00f6re aus nachhaltig[...]","og_url":"https:\/\/www.dramfolks-whisky-auction.com\/fr\/product\/aber-falls-single-malt-welsh-whisky\/","og_site_name":"Dramfolks Whisky Auction","article_modified_time":"2024-10-15T17:14:48+00:00","og_image":[{"width":2560,"height":2560,"url":"https:\/\/www.dramfolks-whisky-auction.com\/wp-content\/uploads\/2024\/09\/Aberfalls-vorne-scaled.jpg","type":"image\/jpeg"}],"twitter_card":"summary_large_image","twitter_misc":{"Dur\u00e9e de lecture estim\u00e9e":"2 minutes"},"schema":{"@context":"https:\/\/schema.org","@graph":[{"@type":"WebPage","@id":"https:\/\/www.dramfolks-whisky-auction.com\/fr\/product\/aber-falls-single-malt-welsh-whisky\/","url":"https:\/\/www.dramfolks-whisky-auction.com\/fr\/product\/aber-falls-single-malt-welsh-whisky\/","name":"Aber Falls - Single Malt Welsh Whisky - Dramfolks Whisky Auction","isPartOf":{"@id":"https:\/\/www.dramfolks-whisky-auction.com\/fr\/#website"},"primaryImageOfPage":{"@id":"https:\/\/www.dramfolks-whisky-auction.com\/fr\/product\/aber-falls-single-malt-welsh-whisky\/#primaryimage"},"image":{"@id":"https:\/\/www.dramfolks-whisky-auction.com\/fr\/product\/aber-falls-single-malt-welsh-whisky\/#primaryimage"},"thumbnailUrl":"https:\/\/www.dramfolks-whisky-auction.com\/wp-content\/uploads\/2024\/09\/Aberfalls-vorne-scaled.jpg","datePublished":"2024-09-24T15:47:29+00:00","dateModified":"2024-10-15T17:14:48+00:00","breadcrumb":{"@id":"https:\/\/www.dramfolks-whisky-auction.com\/fr\/product\/aber-falls-single-malt-welsh-whisky\/#breadcrumb"},"inLanguage":"fr-FR","potentialAction":[{"@type":"ReadAction","target":["https:\/\/www.dramfolks-whisky-auction.com\/fr\/product\/aber-falls-single-malt-welsh-whisky\/"]}]},{"@type":"ImageObject","inLanguage":"fr-FR","@id":"https:\/\/www.dramfolks-whisky-auction.com\/fr\/product\/aber-falls-single-malt-welsh-whisky\/#primaryimage","url":"https:\/\/www.dramfolks-whisky-auction.com\/wp-content\/uploads\/2024\/09\/Aberfalls-vorne-scaled.jpg","contentUrl":"https:\/\/www.dramfolks-whisky-auction.com\/wp-content\/uploads\/2024\/09\/Aberfalls-vorne-scaled.jpg","width":2560,"height":2560},{"@type":"BreadcrumbList","@id":"https:\/\/www.dramfolks-whisky-auction.com\/fr\/product\/aber-falls-single-malt-welsh-whisky\/#breadcrumb","itemListElement":[{"@type":"ListItem","position":1,"name":"Startseite","item":"https:\/\/www.dramfolks-whisky-auction.com\/fr\/"},{"@type":"ListItem","position":2,"name":"Boutique","item":"https:\/\/www.dramfolks-whisky-auction.com\/fr\/boutique\/"},{"@type":"ListItem","position":3,"name":"Aber Falls &#8211; Single Malt Welsh Whisky"}]},{"@type":"WebSite","@id":"https:\/\/www.dramfolks-whisky-auction.com\/fr\/#website","url":"https:\/\/www.dramfolks-whisky-auction.com\/fr\/","name":"Dramfolks Whisky Auction","description":"","potentialAction":[{"@type":"SearchAction","target":{"@type":"EntryPoint","urlTemplate":"https:\/\/www.dramfolks-whisky-auction.com\/fr\/?s={search_term_string}"},"query-input":{"@type":"PropertyValueSpecification","valueRequired":true,"valueName":"search_term_string"}}],"inLanguage":"fr-FR"}]}},"_links":{"self":[{"href":"https:\/\/www.dramfolks-whisky-auction.com\/fr\/wp-json\/wp\/v2\/product\/533686","targetHints":{"allow":["GET"]}}],"collection":[{"href":"https:\/\/www.dramfolks-whisky-auction.com\/fr\/wp-json\/wp\/v2\/product"}],"about":[{"href":"https:\/\/www.dramfolks-whisky-auction.com\/fr\/wp-json\/wp\/v2\/types\/product"}],"replies":[{"embeddable":true,"href":"https:\/\/www.dramfolks-whisky-auction.com\/fr\/wp-json\/wp\/v2\/comments?post=533686"}],"wp:featuredmedia":[{"embeddable":true,"href":"https:\/\/www.dramfolks-whisky-auction.com\/fr\/wp-json\/wp\/v2\/media\/533687"}],"wp:attachment":[{"href":"https:\/\/www.dramfolks-whisky-auction.com\/fr\/wp-json\/wp\/v2\/media?parent=533686"}],"wp:term":[{"taxonomy":"product_brand","embeddable":true,"href":"https:\/\/www.dramfolks-whisky-auction.com\/fr\/wp-json\/wp\/v2\/product_brand?post=533686"},{"taxonomy":"product_cat","embeddable":true,"href":"https:\/\/www.dramfolks-whisky-auction.com\/fr\/wp-json\/wp\/v2\/product_cat?post=533686"},{"taxonomy":"product_tag","embeddable":true,"href":"https:\/\/www.dramfolks-whisky-auction.com\/fr\/wp-json\/wp\/v2\/product_tag?post=533686"}],"curies":[{"name":"wp","href":"https:\/\/api.w.org\/{rel}","templated":true}]}}