{"id":533523,"date":"2024-09-23T20:59:01","date_gmt":"2024-09-23T18:59:01","guid":{"rendered":"https:\/\/www.dramfolks-whisky-auction.com\/?post_type=product&#038;p=533523"},"modified":"2024-10-15T19:15:52","modified_gmt":"2024-10-15T17:15:52","slug":"oloclans-single-malt-irish-whiskey","status":"publish","type":"product","link":"https:\/\/www.dramfolks-whisky-auction.com\/fr\/product\/oloclans-single-malt-irish-whiskey\/","title":{"rendered":"O&rsquo;Loclan&rsquo;s Single Malt Irish Whiskey"},"content":{"rendered":"<p><strong>Destille: unbekannt<br \/>\n<\/strong><\/p>\n<p><strong>Fun Fakt:\u00a0 <\/strong>&#8211;<\/p>\n<p><strong>Whisky\/Whiskey: O&rsquo;Loclan&rsquo;s Single Malt Irish Whiskey<br \/>\n<\/strong>O&rsquo;Loclan&rsquo;s Irish Whiskey eine wahre \u00ab\u00a0Irish Living Legend\u00a0\u00bb. O&rsquo;Loclan&rsquo;s ist ein Whiskey von der irischen Insel im Atlantik. Ein hervorragender Single Malt mit der irischen Kraft und angenehmen Natur durch und durch. Das irische Erbe ist die Kunst des Destillierens. Am westlichen Rand Europas gelegen, lassen sich Irlands Seev\u00f6gel von den frischen atlantischen Winden an der K\u00fcste treiben. Irland ist ein Land, das f\u00fcr seine Folklore und sein Kunsthandwerk bekannt ist und in dem das Brennen von Whiskey eine altehrw\u00fcrdige Tradition ist.<br \/>\nEntdecken Sie diese echte Tradition selbst mit dem handgefertigten Single Malt, Port Cask Finished Irish Whiskey von O&rsquo;Loclan&rsquo;s. Einzigartiger Single Malt, in Bourbonf\u00e4ssern gereift und mit einem Portweinfass-Finish versehen. Passend f\u00fcr die k\u00e4ltere Jahres- und Weihnachtszeit, denn in der Regel werden dem Whiskey dadurch vollmundige Beeren-, Frucht-, und Nussaromen mitgegeben. Die 3. Ausgabe der hier in Deutschland erh\u00e4ltlichen O&rsquo;Loclan&rsquo;s Single Malts. Wie auch bei seinen Vorg\u00e4ngern ist der Whiskey 3-fach destilliert und mit 43% als Small Batch abgef\u00fcllt. Die Herkunft bzw. die Brennerei wird nicht genannt. Es wird darauf verwiesen, dass der Whiskey von einem Master Distiller in Irland fachgerecht destilliert, gereift und abgef\u00fcllt wurde. Die Flasche und Labels sind sehr ansprechend gestaltet.<\/p>\n<p><strong>Info Qualit\u00e4t der Flasche:<\/strong> Exzellent &#8211; ohne Besch\u00e4digungen \/ <strong>F\u00fcllstand: <\/strong>Into neck<br \/>\n<strong>Info Qualit\u00e4t der Box: <\/strong>keine Box vorhanden<\/p>\n<p><strong>Wichtiger Hinweis:<\/strong> Die Bewertung der Flaschen und Boxen erfolgt nach \u201ebesten Wissen und Gewissen\u201c. dramfolks kann keine Gew\u00e4hrleistung f\u00fcr den Inhalt der Flaschen \u00fcbernehmen. Weitere Infos &amp; Hinweise finden Sie in unseren AGBs. Wir empfehlen Ihnen, vor der Abgabe von Geboten \u00fcber die Zoomfunktion eine Besichtigung \/ genaue Pr\u00fcfung des angebotenen Whiskys vorzunehmen. Bitte kontaktieren sie uns bei Fragen direkt unter info@dramfolks.com<\/p>\n","protected":false},"excerpt":{"rendered":"<p>Destille: unbekannt Fun Fakt:\u00a0 &#8211; Whisky\/Whiskey: O&rsquo;Loclan&rsquo;s Single Malt Irish Whiskey O&rsquo;Loclan&rsquo;s Irish Whiskey eine wahre \u00ab\u00a0Irish Living Legend\u00a0\u00bb. O&rsquo;Loclan&rsquo;s ist ein Whiskey von der irischen Insel im Atlantik. Ein hervorragender Single Malt mit der irischen Kraft und angenehmen Natur durch und durch. Das irische Erbe ist die Kunst des Destillierens. Am westlichen Rand Europas[&#8230;]\n","protected":false},"featured_media":533524,"comment_status":"closed","ping_status":"closed","template":"","meta":[],"product_brand":[],"product_cat":[933],"product_tag":[],"class_list":{"0":"post-533523","1":"product","2":"type-product","3":"status-publish","4":"has-post-thumbnail","6":"product_cat-no-13","8":"first","9":"instock","10":"shipping-taxable","11":"purchasable","12":"product-type-auction"},"yoast_head":"<!-- This site is optimized with the Yoast SEO plugin v27.4 - https:\/\/yoast.com\/product\/yoast-seo-wordpress\/ -->\n<title>O&#039;Loclan&#039;s Single Malt Irish Whiskey - Dramfolks Whisky Auction<\/title>\n<meta name=\"robots\" content=\"index, follow, max-snippet:-1, max-image-preview:large, max-video-preview:-1\" \/>\n<link rel=\"canonical\" href=\"https:\/\/www.dramfolks-whisky-auction.com\/fr\/product\/oloclans-single-malt-irish-whiskey\/\" \/>\n<meta property=\"og:locale\" content=\"fr_FR\" \/>\n<meta property=\"og:type\" content=\"article\" \/>\n<meta property=\"og:title\" content=\"O&#039;Loclan&#039;s Single Malt Irish Whiskey - Dramfolks Whisky Auction\" \/>\n<meta property=\"og:description\" content=\"Destille: unbekannt Fun Fakt:\u00a0 &#8211; Whisky\/Whiskey: O&rsquo;Loclan&rsquo;s Single Malt Irish Whiskey O&rsquo;Loclan&rsquo;s Irish Whiskey eine wahre \u00ab\u00a0Irish Living Legend\u00a0\u00bb. O&rsquo;Loclan&rsquo;s ist ein Whiskey von der irischen Insel im Atlantik. Ein hervorragender Single Malt mit der irischen Kraft und angenehmen Natur durch und durch. Das irische Erbe ist die Kunst des Destillierens. Am westlichen Rand Europas[...]\" \/>\n<meta property=\"og:url\" content=\"https:\/\/www.dramfolks-whisky-auction.com\/fr\/product\/oloclans-single-malt-irish-whiskey\/\" \/>\n<meta property=\"og:site_name\" content=\"Dramfolks Whisky Auction\" \/>\n<meta property=\"article:modified_time\" content=\"2024-10-15T17:15:52+00:00\" \/>\n<meta property=\"og:image\" content=\"https:\/\/www.dramfolks-whisky-auction.com\/wp-content\/uploads\/2024\/09\/OLoclans-vorne-scaled.jpg\" \/>\n\t<meta property=\"og:image:width\" content=\"2560\" \/>\n\t<meta property=\"og:image:height\" content=\"2560\" \/>\n\t<meta property=\"og:image:type\" content=\"image\/jpeg\" \/>\n<meta name=\"twitter:card\" content=\"summary_large_image\" \/>\n<meta name=\"twitter:label1\" content=\"Dur\u00e9e de lecture estim\u00e9e\" \/>\n\t<meta name=\"twitter:data1\" content=\"2 minutes\" \/>\n<script type=\"application\/ld+json\" class=\"yoast-schema-graph\">{\"@context\":\"https:\\\/\\\/schema.org\",\"@graph\":[{\"@type\":\"WebPage\",\"@id\":\"https:\\\/\\\/www.dramfolks-whisky-auction.com\\\/fr\\\/product\\\/oloclans-single-malt-irish-whiskey\\\/\",\"url\":\"https:\\\/\\\/www.dramfolks-whisky-auction.com\\\/fr\\\/product\\\/oloclans-single-malt-irish-whiskey\\\/\",\"name\":\"O'Loclan's Single Malt Irish Whiskey - Dramfolks Whisky Auction\",\"isPartOf\":{\"@id\":\"https:\\\/\\\/www.dramfolks-whisky-auction.com\\\/fr\\\/#website\"},\"primaryImageOfPage\":{\"@id\":\"https:\\\/\\\/www.dramfolks-whisky-auction.com\\\/fr\\\/product\\\/oloclans-single-malt-irish-whiskey\\\/#primaryimage\"},\"image\":{\"@id\":\"https:\\\/\\\/www.dramfolks-whisky-auction.com\\\/fr\\\/product\\\/oloclans-single-malt-irish-whiskey\\\/#primaryimage\"},\"thumbnailUrl\":\"https:\\\/\\\/www.dramfolks-whisky-auction.com\\\/wp-content\\\/uploads\\\/2024\\\/09\\\/OLoclans-vorne-scaled.jpg\",\"datePublished\":\"2024-09-23T18:59:01+00:00\",\"dateModified\":\"2024-10-15T17:15:52+00:00\",\"breadcrumb\":{\"@id\":\"https:\\\/\\\/www.dramfolks-whisky-auction.com\\\/fr\\\/product\\\/oloclans-single-malt-irish-whiskey\\\/#breadcrumb\"},\"inLanguage\":\"fr-FR\",\"potentialAction\":[{\"@type\":\"ReadAction\",\"target\":[\"https:\\\/\\\/www.dramfolks-whisky-auction.com\\\/fr\\\/product\\\/oloclans-single-malt-irish-whiskey\\\/\"]}]},{\"@type\":\"ImageObject\",\"inLanguage\":\"fr-FR\",\"@id\":\"https:\\\/\\\/www.dramfolks-whisky-auction.com\\\/fr\\\/product\\\/oloclans-single-malt-irish-whiskey\\\/#primaryimage\",\"url\":\"https:\\\/\\\/www.dramfolks-whisky-auction.com\\\/wp-content\\\/uploads\\\/2024\\\/09\\\/OLoclans-vorne-scaled.jpg\",\"contentUrl\":\"https:\\\/\\\/www.dramfolks-whisky-auction.com\\\/wp-content\\\/uploads\\\/2024\\\/09\\\/OLoclans-vorne-scaled.jpg\",\"width\":2560,\"height\":2560},{\"@type\":\"BreadcrumbList\",\"@id\":\"https:\\\/\\\/www.dramfolks-whisky-auction.com\\\/fr\\\/product\\\/oloclans-single-malt-irish-whiskey\\\/#breadcrumb\",\"itemListElement\":[{\"@type\":\"ListItem\",\"position\":1,\"name\":\"Startseite\",\"item\":\"https:\\\/\\\/www.dramfolks-whisky-auction.com\\\/fr\\\/\"},{\"@type\":\"ListItem\",\"position\":2,\"name\":\"Boutique\",\"item\":\"https:\\\/\\\/www.dramfolks-whisky-auction.com\\\/fr\\\/boutique\\\/\"},{\"@type\":\"ListItem\",\"position\":3,\"name\":\"O&#8217;Loclan&#8217;s Single Malt Irish Whiskey\"}]},{\"@type\":\"WebSite\",\"@id\":\"https:\\\/\\\/www.dramfolks-whisky-auction.com\\\/fr\\\/#website\",\"url\":\"https:\\\/\\\/www.dramfolks-whisky-auction.com\\\/fr\\\/\",\"name\":\"Dramfolks Whisky Auction\",\"description\":\"\",\"potentialAction\":[{\"@type\":\"SearchAction\",\"target\":{\"@type\":\"EntryPoint\",\"urlTemplate\":\"https:\\\/\\\/www.dramfolks-whisky-auction.com\\\/fr\\\/?s={search_term_string}\"},\"query-input\":{\"@type\":\"PropertyValueSpecification\",\"valueRequired\":true,\"valueName\":\"search_term_string\"}}],\"inLanguage\":\"fr-FR\"}]}<\/script>\n<!-- \/ Yoast SEO plugin. -->","yoast_head_json":{"title":"O'Loclan's Single Malt Irish Whiskey - Dramfolks Whisky Auction","robots":{"index":"index","follow":"follow","max-snippet":"max-snippet:-1","max-image-preview":"max-image-preview:large","max-video-preview":"max-video-preview:-1"},"canonical":"https:\/\/www.dramfolks-whisky-auction.com\/fr\/product\/oloclans-single-malt-irish-whiskey\/","og_locale":"fr_FR","og_type":"article","og_title":"O'Loclan's Single Malt Irish Whiskey - Dramfolks Whisky Auction","og_description":"Destille: unbekannt Fun Fakt:\u00a0 &#8211; Whisky\/Whiskey: O&rsquo;Loclan&rsquo;s Single Malt Irish Whiskey O&rsquo;Loclan&rsquo;s Irish Whiskey eine wahre \u00ab\u00a0Irish Living Legend\u00a0\u00bb. O&rsquo;Loclan&rsquo;s ist ein Whiskey von der irischen Insel im Atlantik. Ein hervorragender Single Malt mit der irischen Kraft und angenehmen Natur durch und durch. Das irische Erbe ist die Kunst des Destillierens. Am westlichen Rand Europas[...]","og_url":"https:\/\/www.dramfolks-whisky-auction.com\/fr\/product\/oloclans-single-malt-irish-whiskey\/","og_site_name":"Dramfolks Whisky Auction","article_modified_time":"2024-10-15T17:15:52+00:00","og_image":[{"width":2560,"height":2560,"url":"https:\/\/www.dramfolks-whisky-auction.com\/wp-content\/uploads\/2024\/09\/OLoclans-vorne-scaled.jpg","type":"image\/jpeg"}],"twitter_card":"summary_large_image","twitter_misc":{"Dur\u00e9e de lecture estim\u00e9e":"2 minutes"},"schema":{"@context":"https:\/\/schema.org","@graph":[{"@type":"WebPage","@id":"https:\/\/www.dramfolks-whisky-auction.com\/fr\/product\/oloclans-single-malt-irish-whiskey\/","url":"https:\/\/www.dramfolks-whisky-auction.com\/fr\/product\/oloclans-single-malt-irish-whiskey\/","name":"O'Loclan's Single Malt Irish Whiskey - Dramfolks Whisky Auction","isPartOf":{"@id":"https:\/\/www.dramfolks-whisky-auction.com\/fr\/#website"},"primaryImageOfPage":{"@id":"https:\/\/www.dramfolks-whisky-auction.com\/fr\/product\/oloclans-single-malt-irish-whiskey\/#primaryimage"},"image":{"@id":"https:\/\/www.dramfolks-whisky-auction.com\/fr\/product\/oloclans-single-malt-irish-whiskey\/#primaryimage"},"thumbnailUrl":"https:\/\/www.dramfolks-whisky-auction.com\/wp-content\/uploads\/2024\/09\/OLoclans-vorne-scaled.jpg","datePublished":"2024-09-23T18:59:01+00:00","dateModified":"2024-10-15T17:15:52+00:00","breadcrumb":{"@id":"https:\/\/www.dramfolks-whisky-auction.com\/fr\/product\/oloclans-single-malt-irish-whiskey\/#breadcrumb"},"inLanguage":"fr-FR","potentialAction":[{"@type":"ReadAction","target":["https:\/\/www.dramfolks-whisky-auction.com\/fr\/product\/oloclans-single-malt-irish-whiskey\/"]}]},{"@type":"ImageObject","inLanguage":"fr-FR","@id":"https:\/\/www.dramfolks-whisky-auction.com\/fr\/product\/oloclans-single-malt-irish-whiskey\/#primaryimage","url":"https:\/\/www.dramfolks-whisky-auction.com\/wp-content\/uploads\/2024\/09\/OLoclans-vorne-scaled.jpg","contentUrl":"https:\/\/www.dramfolks-whisky-auction.com\/wp-content\/uploads\/2024\/09\/OLoclans-vorne-scaled.jpg","width":2560,"height":2560},{"@type":"BreadcrumbList","@id":"https:\/\/www.dramfolks-whisky-auction.com\/fr\/product\/oloclans-single-malt-irish-whiskey\/#breadcrumb","itemListElement":[{"@type":"ListItem","position":1,"name":"Startseite","item":"https:\/\/www.dramfolks-whisky-auction.com\/fr\/"},{"@type":"ListItem","position":2,"name":"Boutique","item":"https:\/\/www.dramfolks-whisky-auction.com\/fr\/boutique\/"},{"@type":"ListItem","position":3,"name":"O&#8217;Loclan&#8217;s Single Malt Irish Whiskey"}]},{"@type":"WebSite","@id":"https:\/\/www.dramfolks-whisky-auction.com\/fr\/#website","url":"https:\/\/www.dramfolks-whisky-auction.com\/fr\/","name":"Dramfolks Whisky Auction","description":"","potentialAction":[{"@type":"SearchAction","target":{"@type":"EntryPoint","urlTemplate":"https:\/\/www.dramfolks-whisky-auction.com\/fr\/?s={search_term_string}"},"query-input":{"@type":"PropertyValueSpecification","valueRequired":true,"valueName":"search_term_string"}}],"inLanguage":"fr-FR"}]}},"_links":{"self":[{"href":"https:\/\/www.dramfolks-whisky-auction.com\/fr\/wp-json\/wp\/v2\/product\/533523","targetHints":{"allow":["GET"]}}],"collection":[{"href":"https:\/\/www.dramfolks-whisky-auction.com\/fr\/wp-json\/wp\/v2\/product"}],"about":[{"href":"https:\/\/www.dramfolks-whisky-auction.com\/fr\/wp-json\/wp\/v2\/types\/product"}],"replies":[{"embeddable":true,"href":"https:\/\/www.dramfolks-whisky-auction.com\/fr\/wp-json\/wp\/v2\/comments?post=533523"}],"wp:featuredmedia":[{"embeddable":true,"href":"https:\/\/www.dramfolks-whisky-auction.com\/fr\/wp-json\/wp\/v2\/media\/533524"}],"wp:attachment":[{"href":"https:\/\/www.dramfolks-whisky-auction.com\/fr\/wp-json\/wp\/v2\/media?parent=533523"}],"wp:term":[{"taxonomy":"product_brand","embeddable":true,"href":"https:\/\/www.dramfolks-whisky-auction.com\/fr\/wp-json\/wp\/v2\/product_brand?post=533523"},{"taxonomy":"product_cat","embeddable":true,"href":"https:\/\/www.dramfolks-whisky-auction.com\/fr\/wp-json\/wp\/v2\/product_cat?post=533523"},{"taxonomy":"product_tag","embeddable":true,"href":"https:\/\/www.dramfolks-whisky-auction.com\/fr\/wp-json\/wp\/v2\/product_tag?post=533523"}],"curies":[{"name":"wp","href":"https:\/\/api.w.org\/{rel}","templated":true}]}}