{"id":533516,"date":"2024-09-23T20:36:49","date_gmt":"2024-09-23T18:36:49","guid":{"rendered":"https:\/\/www.dramfolks-whisky-auction.com\/?post_type=product&#038;p=533516"},"modified":"2024-10-15T19:14:40","modified_gmt":"2024-10-15T17:14:40","slug":"benrinnes-15yo-flora-fauna","status":"publish","type":"product","link":"https:\/\/www.dramfolks-whisky-auction.com\/fr\/product\/benrinnes-15yo-flora-fauna\/","title":{"rendered":"Benrinnes &#8211; 15yo Flora &#038; Fauna"},"content":{"rendered":"<p><strong>Destille: Benrinnes<br \/>\n<\/strong>Am Fu\u00dfe des Berges Ben Rinnes, dessen 841 Meter hoher Gipfel die Speyside \u00fcberragt, liegt die gleichnamige Brennerei. Erbaut wurde sie 1826 durch Peter Mackenzie. Es gibt eine stattliche Anzahl an unabh\u00e4ngigen Abf\u00fcllungen von Benrinnes. Die meisten davon sind ziemlich leicht und floral mit wenigen w\u00fcrzigen und scharfen Ausnahmen. Der Gro\u00dfteil des Whiskys von Benrinnes geht an die Blend-Industrie. Er wird f\u00fcr Johnnie Walker und J&amp;B Blended Whiskys verwendet. Mit der Umstellung des Destillationsprozesses im Jahre 2007 stieg der Aussto\u00df der Brennerei von 1,9 Millionen auf nun etwa 2,5 Millionen Liter pro Jahr.<\/p>\n<p><strong>Fun fact:<\/strong> Die Brennerei wurde 1826 von Peter Mackenzie erbaut. Drei Jahre nach der Gr\u00fcndung wurde die Destillerie von einer Flut zerst\u00f6rt und einige Jahre sp\u00e4ter von John Innes neu erbaut, der sie in Lyne of Ruthrie umbenannte. Sp\u00e4ter ging die Brennerei bankrott und wurde an William Smith verkauft, der sie wieder in Benrinnes umbenannte. 1896 wurde sie erneut zerst\u00f6rt, diesmal durch ein Feuer. In den 1950er Jahren wurde Benrinnes von John Dewar &amp; Sons wieder aufgebaut und renoviert. Harte 125 Jahre&#8230;..!<\/p>\n<p><strong>Whisky\/Whiskey: 15yo Flora &amp; Fauna<\/strong><br \/>\nDer Benrinnes 15yo ist der einzige regul\u00e4re Single Malt der gleichnamigen Destillerie und erscheint im Rahmen der beliebten Flora &amp; Fauna-Serie. Darunter f\u00fcllt der Eigent\u00fcmer Diageo ausgesuchte F\u00e4sser weniger Brennereien, jeweils einzeln als Single Malt ab. Die Flora &amp; Fauna Serie ist eine wahre Bereicherung der Whisky Szene! Er hat eine reiche und fruchtige Note mit einem Hauch von Gew\u00fcrzen und einer angenehmen S\u00fc\u00dfe.<\/p>\n<p><strong>Info Qualit\u00e4t der Flasche:<\/strong> Exzellent &#8211; ohne Besch\u00e4digungen \/ <strong>F\u00fcllstand:<\/strong> Into neck<br \/>\n<strong>Info Qualit\u00e4t der Box:<\/strong> keine Box vorhanden<\/p>\n<p><strong>Wichtiger Hinweis:<\/strong> Die Bewertung der Flaschen und Boxen erfolgt nach \u201ebesten Wissen und Gewissen\u201c. dramfolks kann keine Gew\u00e4hrleistung f\u00fcr den Inhalt der Flaschen \u00fcbernehmen. Weitere Infos &amp; Hinweise finden Sie in unseren AGBs. Wir empfehlen Ihnen, vor der Abgabe von Geboten \u00fcber die Zoomfunktion eine Besichtigung \/ genaue Pr\u00fcfung des angebotenen Whiskys vorzunehmen. Bitte kontaktieren sie uns bei Fragen direkt unter info@dramfolks.com<\/p>\n","protected":false},"excerpt":{"rendered":"<p>Destille: Benrinnes Am Fu\u00dfe des Berges Ben Rinnes, dessen 841 Meter hoher Gipfel die Speyside \u00fcberragt, liegt die gleichnamige Brennerei. Erbaut wurde sie 1826 durch Peter Mackenzie. Es gibt eine stattliche Anzahl an unabh\u00e4ngigen Abf\u00fcllungen von Benrinnes. Die meisten davon sind ziemlich leicht und floral mit wenigen w\u00fcrzigen und scharfen Ausnahmen. Der Gro\u00dfteil des Whiskys[&#8230;]\n","protected":false},"featured_media":533517,"comment_status":"closed","ping_status":"closed","template":"","meta":[],"product_brand":[],"product_cat":[933],"product_tag":[],"class_list":{"0":"post-533516","1":"product","2":"type-product","3":"status-publish","4":"has-post-thumbnail","6":"product_cat-no-13","8":"first","9":"instock","10":"shipping-taxable","11":"purchasable","12":"product-type-auction"},"yoast_head":"<!-- This site is optimized with the Yoast SEO plugin v27.4 - https:\/\/yoast.com\/product\/yoast-seo-wordpress\/ -->\n<title>Benrinnes - 15yo Flora &amp; Fauna - Dramfolks Whisky Auction<\/title>\n<meta name=\"robots\" content=\"index, follow, max-snippet:-1, max-image-preview:large, max-video-preview:-1\" \/>\n<link rel=\"canonical\" href=\"https:\/\/www.dramfolks-whisky-auction.com\/fr\/product\/benrinnes-15yo-flora-fauna\/\" \/>\n<meta property=\"og:locale\" content=\"fr_FR\" \/>\n<meta property=\"og:type\" content=\"article\" \/>\n<meta property=\"og:title\" content=\"Benrinnes - 15yo Flora &amp; Fauna - Dramfolks Whisky Auction\" \/>\n<meta property=\"og:description\" content=\"Destille: Benrinnes Am Fu\u00dfe des Berges Ben Rinnes, dessen 841 Meter hoher Gipfel die Speyside \u00fcberragt, liegt die gleichnamige Brennerei. Erbaut wurde sie 1826 durch Peter Mackenzie. Es gibt eine stattliche Anzahl an unabh\u00e4ngigen Abf\u00fcllungen von Benrinnes. Die meisten davon sind ziemlich leicht und floral mit wenigen w\u00fcrzigen und scharfen Ausnahmen. Der Gro\u00dfteil des Whiskys[...]\" \/>\n<meta property=\"og:url\" content=\"https:\/\/www.dramfolks-whisky-auction.com\/fr\/product\/benrinnes-15yo-flora-fauna\/\" \/>\n<meta property=\"og:site_name\" content=\"Dramfolks Whisky Auction\" \/>\n<meta property=\"article:modified_time\" content=\"2024-10-15T17:14:40+00:00\" \/>\n<meta property=\"og:image\" content=\"https:\/\/www.dramfolks-whisky-auction.com\/wp-content\/uploads\/2024\/09\/Benrinnes-vorne-scaled.jpg\" \/>\n\t<meta property=\"og:image:width\" content=\"2560\" \/>\n\t<meta property=\"og:image:height\" content=\"2560\" \/>\n\t<meta property=\"og:image:type\" content=\"image\/jpeg\" \/>\n<meta name=\"twitter:card\" content=\"summary_large_image\" \/>\n<meta name=\"twitter:label1\" content=\"Dur\u00e9e de lecture estim\u00e9e\" \/>\n\t<meta name=\"twitter:data1\" content=\"2 minutes\" \/>\n<script type=\"application\/ld+json\" class=\"yoast-schema-graph\">{\"@context\":\"https:\\\/\\\/schema.org\",\"@graph\":[{\"@type\":\"WebPage\",\"@id\":\"https:\\\/\\\/www.dramfolks-whisky-auction.com\\\/fr\\\/product\\\/benrinnes-15yo-flora-fauna\\\/\",\"url\":\"https:\\\/\\\/www.dramfolks-whisky-auction.com\\\/fr\\\/product\\\/benrinnes-15yo-flora-fauna\\\/\",\"name\":\"Benrinnes - 15yo Flora & Fauna - Dramfolks Whisky Auction\",\"isPartOf\":{\"@id\":\"https:\\\/\\\/www.dramfolks-whisky-auction.com\\\/fr\\\/#website\"},\"primaryImageOfPage\":{\"@id\":\"https:\\\/\\\/www.dramfolks-whisky-auction.com\\\/fr\\\/product\\\/benrinnes-15yo-flora-fauna\\\/#primaryimage\"},\"image\":{\"@id\":\"https:\\\/\\\/www.dramfolks-whisky-auction.com\\\/fr\\\/product\\\/benrinnes-15yo-flora-fauna\\\/#primaryimage\"},\"thumbnailUrl\":\"https:\\\/\\\/www.dramfolks-whisky-auction.com\\\/wp-content\\\/uploads\\\/2024\\\/09\\\/Benrinnes-vorne-scaled.jpg\",\"datePublished\":\"2024-09-23T18:36:49+00:00\",\"dateModified\":\"2024-10-15T17:14:40+00:00\",\"breadcrumb\":{\"@id\":\"https:\\\/\\\/www.dramfolks-whisky-auction.com\\\/fr\\\/product\\\/benrinnes-15yo-flora-fauna\\\/#breadcrumb\"},\"inLanguage\":\"fr-FR\",\"potentialAction\":[{\"@type\":\"ReadAction\",\"target\":[\"https:\\\/\\\/www.dramfolks-whisky-auction.com\\\/fr\\\/product\\\/benrinnes-15yo-flora-fauna\\\/\"]}]},{\"@type\":\"ImageObject\",\"inLanguage\":\"fr-FR\",\"@id\":\"https:\\\/\\\/www.dramfolks-whisky-auction.com\\\/fr\\\/product\\\/benrinnes-15yo-flora-fauna\\\/#primaryimage\",\"url\":\"https:\\\/\\\/www.dramfolks-whisky-auction.com\\\/wp-content\\\/uploads\\\/2024\\\/09\\\/Benrinnes-vorne-scaled.jpg\",\"contentUrl\":\"https:\\\/\\\/www.dramfolks-whisky-auction.com\\\/wp-content\\\/uploads\\\/2024\\\/09\\\/Benrinnes-vorne-scaled.jpg\",\"width\":2560,\"height\":2560},{\"@type\":\"BreadcrumbList\",\"@id\":\"https:\\\/\\\/www.dramfolks-whisky-auction.com\\\/fr\\\/product\\\/benrinnes-15yo-flora-fauna\\\/#breadcrumb\",\"itemListElement\":[{\"@type\":\"ListItem\",\"position\":1,\"name\":\"Startseite\",\"item\":\"https:\\\/\\\/www.dramfolks-whisky-auction.com\\\/fr\\\/\"},{\"@type\":\"ListItem\",\"position\":2,\"name\":\"Boutique\",\"item\":\"https:\\\/\\\/www.dramfolks-whisky-auction.com\\\/fr\\\/boutique\\\/\"},{\"@type\":\"ListItem\",\"position\":3,\"name\":\"Benrinnes &#8211; 15yo Flora &#038; Fauna\"}]},{\"@type\":\"WebSite\",\"@id\":\"https:\\\/\\\/www.dramfolks-whisky-auction.com\\\/fr\\\/#website\",\"url\":\"https:\\\/\\\/www.dramfolks-whisky-auction.com\\\/fr\\\/\",\"name\":\"Dramfolks Whisky Auction\",\"description\":\"\",\"potentialAction\":[{\"@type\":\"SearchAction\",\"target\":{\"@type\":\"EntryPoint\",\"urlTemplate\":\"https:\\\/\\\/www.dramfolks-whisky-auction.com\\\/fr\\\/?s={search_term_string}\"},\"query-input\":{\"@type\":\"PropertyValueSpecification\",\"valueRequired\":true,\"valueName\":\"search_term_string\"}}],\"inLanguage\":\"fr-FR\"}]}<\/script>\n<!-- \/ Yoast SEO plugin. -->","yoast_head_json":{"title":"Benrinnes - 15yo Flora & Fauna - Dramfolks Whisky Auction","robots":{"index":"index","follow":"follow","max-snippet":"max-snippet:-1","max-image-preview":"max-image-preview:large","max-video-preview":"max-video-preview:-1"},"canonical":"https:\/\/www.dramfolks-whisky-auction.com\/fr\/product\/benrinnes-15yo-flora-fauna\/","og_locale":"fr_FR","og_type":"article","og_title":"Benrinnes - 15yo Flora & Fauna - Dramfolks Whisky Auction","og_description":"Destille: Benrinnes Am Fu\u00dfe des Berges Ben Rinnes, dessen 841 Meter hoher Gipfel die Speyside \u00fcberragt, liegt die gleichnamige Brennerei. Erbaut wurde sie 1826 durch Peter Mackenzie. Es gibt eine stattliche Anzahl an unabh\u00e4ngigen Abf\u00fcllungen von Benrinnes. Die meisten davon sind ziemlich leicht und floral mit wenigen w\u00fcrzigen und scharfen Ausnahmen. Der Gro\u00dfteil des Whiskys[...]","og_url":"https:\/\/www.dramfolks-whisky-auction.com\/fr\/product\/benrinnes-15yo-flora-fauna\/","og_site_name":"Dramfolks Whisky Auction","article_modified_time":"2024-10-15T17:14:40+00:00","og_image":[{"width":2560,"height":2560,"url":"https:\/\/www.dramfolks-whisky-auction.com\/wp-content\/uploads\/2024\/09\/Benrinnes-vorne-scaled.jpg","type":"image\/jpeg"}],"twitter_card":"summary_large_image","twitter_misc":{"Dur\u00e9e de lecture estim\u00e9e":"2 minutes"},"schema":{"@context":"https:\/\/schema.org","@graph":[{"@type":"WebPage","@id":"https:\/\/www.dramfolks-whisky-auction.com\/fr\/product\/benrinnes-15yo-flora-fauna\/","url":"https:\/\/www.dramfolks-whisky-auction.com\/fr\/product\/benrinnes-15yo-flora-fauna\/","name":"Benrinnes - 15yo Flora & Fauna - Dramfolks Whisky Auction","isPartOf":{"@id":"https:\/\/www.dramfolks-whisky-auction.com\/fr\/#website"},"primaryImageOfPage":{"@id":"https:\/\/www.dramfolks-whisky-auction.com\/fr\/product\/benrinnes-15yo-flora-fauna\/#primaryimage"},"image":{"@id":"https:\/\/www.dramfolks-whisky-auction.com\/fr\/product\/benrinnes-15yo-flora-fauna\/#primaryimage"},"thumbnailUrl":"https:\/\/www.dramfolks-whisky-auction.com\/wp-content\/uploads\/2024\/09\/Benrinnes-vorne-scaled.jpg","datePublished":"2024-09-23T18:36:49+00:00","dateModified":"2024-10-15T17:14:40+00:00","breadcrumb":{"@id":"https:\/\/www.dramfolks-whisky-auction.com\/fr\/product\/benrinnes-15yo-flora-fauna\/#breadcrumb"},"inLanguage":"fr-FR","potentialAction":[{"@type":"ReadAction","target":["https:\/\/www.dramfolks-whisky-auction.com\/fr\/product\/benrinnes-15yo-flora-fauna\/"]}]},{"@type":"ImageObject","inLanguage":"fr-FR","@id":"https:\/\/www.dramfolks-whisky-auction.com\/fr\/product\/benrinnes-15yo-flora-fauna\/#primaryimage","url":"https:\/\/www.dramfolks-whisky-auction.com\/wp-content\/uploads\/2024\/09\/Benrinnes-vorne-scaled.jpg","contentUrl":"https:\/\/www.dramfolks-whisky-auction.com\/wp-content\/uploads\/2024\/09\/Benrinnes-vorne-scaled.jpg","width":2560,"height":2560},{"@type":"BreadcrumbList","@id":"https:\/\/www.dramfolks-whisky-auction.com\/fr\/product\/benrinnes-15yo-flora-fauna\/#breadcrumb","itemListElement":[{"@type":"ListItem","position":1,"name":"Startseite","item":"https:\/\/www.dramfolks-whisky-auction.com\/fr\/"},{"@type":"ListItem","position":2,"name":"Boutique","item":"https:\/\/www.dramfolks-whisky-auction.com\/fr\/boutique\/"},{"@type":"ListItem","position":3,"name":"Benrinnes &#8211; 15yo Flora &#038; Fauna"}]},{"@type":"WebSite","@id":"https:\/\/www.dramfolks-whisky-auction.com\/fr\/#website","url":"https:\/\/www.dramfolks-whisky-auction.com\/fr\/","name":"Dramfolks Whisky Auction","description":"","potentialAction":[{"@type":"SearchAction","target":{"@type":"EntryPoint","urlTemplate":"https:\/\/www.dramfolks-whisky-auction.com\/fr\/?s={search_term_string}"},"query-input":{"@type":"PropertyValueSpecification","valueRequired":true,"valueName":"search_term_string"}}],"inLanguage":"fr-FR"}]}},"_links":{"self":[{"href":"https:\/\/www.dramfolks-whisky-auction.com\/fr\/wp-json\/wp\/v2\/product\/533516","targetHints":{"allow":["GET"]}}],"collection":[{"href":"https:\/\/www.dramfolks-whisky-auction.com\/fr\/wp-json\/wp\/v2\/product"}],"about":[{"href":"https:\/\/www.dramfolks-whisky-auction.com\/fr\/wp-json\/wp\/v2\/types\/product"}],"replies":[{"embeddable":true,"href":"https:\/\/www.dramfolks-whisky-auction.com\/fr\/wp-json\/wp\/v2\/comments?post=533516"}],"wp:featuredmedia":[{"embeddable":true,"href":"https:\/\/www.dramfolks-whisky-auction.com\/fr\/wp-json\/wp\/v2\/media\/533517"}],"wp:attachment":[{"href":"https:\/\/www.dramfolks-whisky-auction.com\/fr\/wp-json\/wp\/v2\/media?parent=533516"}],"wp:term":[{"taxonomy":"product_brand","embeddable":true,"href":"https:\/\/www.dramfolks-whisky-auction.com\/fr\/wp-json\/wp\/v2\/product_brand?post=533516"},{"taxonomy":"product_cat","embeddable":true,"href":"https:\/\/www.dramfolks-whisky-auction.com\/fr\/wp-json\/wp\/v2\/product_cat?post=533516"},{"taxonomy":"product_tag","embeddable":true,"href":"https:\/\/www.dramfolks-whisky-auction.com\/fr\/wp-json\/wp\/v2\/product_tag?post=533516"}],"curies":[{"name":"wp","href":"https:\/\/api.w.org\/{rel}","templated":true}]}}