{"id":533495,"date":"2024-09-23T19:51:19","date_gmt":"2024-09-23T17:51:19","guid":{"rendered":"https:\/\/www.dramfolks-whisky-auction.com\/?post_type=product&#038;p=533495"},"modified":"2024-10-13T19:00:08","modified_gmt":"2024-10-13T17:00:08","slug":"teeling-single-pot-still-virgin-oak-7","status":"publish","type":"product","link":"https:\/\/www.dramfolks-whisky-auction.com\/fr\/product\/teeling-single-pot-still-virgin-oak-7\/","title":{"rendered":"Teeling &#8211; Single Pot Still Virgin Oak"},"content":{"rendered":"<p><strong>Destille: Teeling<br \/>\n<\/strong>Die Teeling Destillerie wurde 1782 von Walter Teeling in Dublin gegr\u00fcndet. Der Gr\u00fcnder Walter Teeling errichtete seine kleine <span class=\"tx-datamintslossaryextension-no-replacement\">Brennerei<\/span> an der Marrowbone Lane in Dublin. Das neue Destilleriegeb\u00e4ude wurde 2014 erbaut und steht nur wenige hundert Meter vom urspr\u00fcnglichen Standort entfernt. Seit Ende M\u00e4rz 2015 flie\u00dft Spirit durch die Pot Stills und die neue Destille startete. J\u00e4hrliches Produktionsvolumen 500.000 l.<\/p>\n<p><strong>Fun Fakt:\u00a0 <\/strong>In der goldenen Zeit des irischen Whiskeys im 19. Jahrhundert waren die Destillerien in der \u00ab\u00a0The Liberties\u00a0\u00bb genannten Gegend im S\u00fcdwesten der Stadt nicht nur die wichtigsten Brennereien des Landes sie geh\u00f6rten zu den bedeutesten der Welt. Von Dublin aus gelang der legend\u00e4re Irish Whiskey hinaus in die Welt. Zu Beginn des 20. Jahrhunderts wurde der irische Whiskey von zahlreichen Schicksalsschl\u00e4gen getroffen, was zur Folge hatte, dass zu Beginn der 1970er Jahre leider die letzte Whiskeydestillerie in Dublin schlie\u00dfen musste. \u00dcber 40 Jahre sp\u00e4ter h\u00e4lt die irische Whiskeyherstellung wieder Einzug in Dublin. Im Fr\u00fchjahr 2014 begann der Bau der Distillery in den Liberties. Der Phoenix ist das Symbol der Teeling Whisky Company und steht f\u00fcr den Neubeginn.<\/p>\n<p><strong>Whisky\/Whiskey: <span data-v-46783aec=\"\" data-v-17ccad40=\"\">Single Pot Still Virgin Oak<\/span><br \/>\n<\/strong><span data-v-46783aec=\"\" data-v-17ccad40=\"\">Der Teeling Single Pot Still Virgin Oak ist ein Single Cask-Whiskey, der exklusiv f\u00fcr DrankDozijn abgef\u00fcllt wurde. Hierbei handelt es sich um einen Pot-Still-Whiskey, der vollst\u00e4ndig in einem American-Virgin-Oak-Fass gereift und im Jahr 2022 mit einer Gesamtauflage von 258 Flaschen abgef\u00fcllt wurde. Die Abf\u00fcllung erfolgte auf Fassst\u00e4rke, was ihn zu einem absoluten Kraftpaket macht. <\/span><\/p>\n<p><strong>Info Qualit\u00e4t der Flasche:<\/strong> Exzellent &#8211; ohne Besch\u00e4digungen \/ <strong>F\u00fcllstand: <\/strong>Into neck<br \/>\n<strong>Info Qualit\u00e4t der Box: <\/strong>Exzellent &#8211; ohne Besch\u00e4digungen<\/p>\n<p><strong>Wichtiger Hinweis:<\/strong> Die Bewertung der Flaschen und Boxen erfolgt nach \u201ebesten Wissen und Gewissen\u201c. dramfolks kann keine Gew\u00e4hrleistung f\u00fcr den Inhalt der Flaschen \u00fcbernehmen. Weitere Infos &amp; Hinweise finden Sie in unseren AGBs. Wir empfehlen Ihnen, vor der Abgabe von Geboten \u00fcber die Zoomfunktion eine Besichtigung \/ genaue Pr\u00fcfung des angebotenen Whiskys vorzunehmen. Bitte kontaktieren sie uns bei Fragen direkt unter info@dramfolks.com<\/p>\n","protected":false},"excerpt":{"rendered":"<p>Destille: Teeling Die Teeling Destillerie wurde 1782 von Walter Teeling in Dublin gegr\u00fcndet. Der Gr\u00fcnder Walter Teeling errichtete seine kleine Brennerei an der Marrowbone Lane in Dublin. Das neue Destilleriegeb\u00e4ude wurde 2014 erbaut und steht nur wenige hundert Meter vom urspr\u00fcnglichen Standort entfernt. Seit Ende M\u00e4rz 2015 flie\u00dft Spirit durch die Pot Stills und die[&#8230;]\n","protected":false},"featured_media":4834,"comment_status":"closed","ping_status":"closed","template":"","meta":[],"product_brand":[],"product_cat":[933],"product_tag":[],"class_list":{"0":"post-533495","1":"product","2":"type-product","3":"status-publish","4":"has-post-thumbnail","6":"product_cat-no-13","8":"first","9":"instock","10":"shipping-taxable","11":"purchasable","12":"product-type-auction"},"yoast_head":"<!-- This site is optimized with the Yoast SEO plugin v27.4 - https:\/\/yoast.com\/product\/yoast-seo-wordpress\/ -->\n<title>Teeling - Single Pot Still Virgin Oak - Dramfolks Whisky Auction<\/title>\n<meta name=\"robots\" content=\"index, follow, max-snippet:-1, max-image-preview:large, max-video-preview:-1\" \/>\n<link rel=\"canonical\" href=\"https:\/\/www.dramfolks-whisky-auction.com\/fr\/product\/teeling-single-pot-still-virgin-oak-7\/\" \/>\n<meta property=\"og:locale\" content=\"fr_FR\" \/>\n<meta property=\"og:type\" content=\"article\" \/>\n<meta property=\"og:title\" content=\"Teeling - Single Pot Still Virgin Oak - Dramfolks Whisky Auction\" \/>\n<meta property=\"og:description\" content=\"Destille: Teeling Die Teeling Destillerie wurde 1782 von Walter Teeling in Dublin gegr\u00fcndet. Der Gr\u00fcnder Walter Teeling errichtete seine kleine Brennerei an der Marrowbone Lane in Dublin. Das neue Destilleriegeb\u00e4ude wurde 2014 erbaut und steht nur wenige hundert Meter vom urspr\u00fcnglichen Standort entfernt. Seit Ende M\u00e4rz 2015 flie\u00dft Spirit durch die Pot Stills und die[...]\" \/>\n<meta property=\"og:url\" content=\"https:\/\/www.dramfolks-whisky-auction.com\/fr\/product\/teeling-single-pot-still-virgin-oak-7\/\" \/>\n<meta property=\"og:site_name\" content=\"Dramfolks Whisky Auction\" \/>\n<meta property=\"article:modified_time\" content=\"2024-10-13T17:00:08+00:00\" \/>\n<meta property=\"og:image\" content=\"https:\/\/www.dramfolks-whisky-auction.com\/wp-content\/uploads\/2023\/12\/Teeling-Pot-Still-vorne-scaled.jpg\" \/>\n\t<meta property=\"og:image:width\" content=\"2560\" \/>\n\t<meta property=\"og:image:height\" content=\"2048\" \/>\n\t<meta property=\"og:image:type\" content=\"image\/jpeg\" \/>\n<meta name=\"twitter:card\" content=\"summary_large_image\" \/>\n<meta name=\"twitter:label1\" content=\"Dur\u00e9e de lecture estim\u00e9e\" \/>\n\t<meta name=\"twitter:data1\" content=\"2 minutes\" \/>\n<script type=\"application\/ld+json\" class=\"yoast-schema-graph\">{\"@context\":\"https:\\\/\\\/schema.org\",\"@graph\":[{\"@type\":\"WebPage\",\"@id\":\"https:\\\/\\\/www.dramfolks-whisky-auction.com\\\/fr\\\/product\\\/teeling-single-pot-still-virgin-oak-7\\\/\",\"url\":\"https:\\\/\\\/www.dramfolks-whisky-auction.com\\\/fr\\\/product\\\/teeling-single-pot-still-virgin-oak-7\\\/\",\"name\":\"Teeling - Single Pot Still Virgin Oak - Dramfolks Whisky Auction\",\"isPartOf\":{\"@id\":\"https:\\\/\\\/www.dramfolks-whisky-auction.com\\\/fr\\\/#website\"},\"primaryImageOfPage\":{\"@id\":\"https:\\\/\\\/www.dramfolks-whisky-auction.com\\\/fr\\\/product\\\/teeling-single-pot-still-virgin-oak-7\\\/#primaryimage\"},\"image\":{\"@id\":\"https:\\\/\\\/www.dramfolks-whisky-auction.com\\\/fr\\\/product\\\/teeling-single-pot-still-virgin-oak-7\\\/#primaryimage\"},\"thumbnailUrl\":\"https:\\\/\\\/www.dramfolks-whisky-auction.com\\\/wp-content\\\/uploads\\\/2023\\\/12\\\/Teeling-Pot-Still-vorne-scaled.jpg\",\"datePublished\":\"2024-09-23T17:51:19+00:00\",\"dateModified\":\"2024-10-13T17:00:08+00:00\",\"breadcrumb\":{\"@id\":\"https:\\\/\\\/www.dramfolks-whisky-auction.com\\\/fr\\\/product\\\/teeling-single-pot-still-virgin-oak-7\\\/#breadcrumb\"},\"inLanguage\":\"fr-FR\",\"potentialAction\":[{\"@type\":\"ReadAction\",\"target\":[\"https:\\\/\\\/www.dramfolks-whisky-auction.com\\\/fr\\\/product\\\/teeling-single-pot-still-virgin-oak-7\\\/\"]}]},{\"@type\":\"ImageObject\",\"inLanguage\":\"fr-FR\",\"@id\":\"https:\\\/\\\/www.dramfolks-whisky-auction.com\\\/fr\\\/product\\\/teeling-single-pot-still-virgin-oak-7\\\/#primaryimage\",\"url\":\"https:\\\/\\\/www.dramfolks-whisky-auction.com\\\/wp-content\\\/uploads\\\/2023\\\/12\\\/Teeling-Pot-Still-vorne-scaled.jpg\",\"contentUrl\":\"https:\\\/\\\/www.dramfolks-whisky-auction.com\\\/wp-content\\\/uploads\\\/2023\\\/12\\\/Teeling-Pot-Still-vorne-scaled.jpg\",\"width\":2560,\"height\":2048},{\"@type\":\"BreadcrumbList\",\"@id\":\"https:\\\/\\\/www.dramfolks-whisky-auction.com\\\/fr\\\/product\\\/teeling-single-pot-still-virgin-oak-7\\\/#breadcrumb\",\"itemListElement\":[{\"@type\":\"ListItem\",\"position\":1,\"name\":\"Startseite\",\"item\":\"https:\\\/\\\/www.dramfolks-whisky-auction.com\\\/fr\\\/\"},{\"@type\":\"ListItem\",\"position\":2,\"name\":\"Boutique\",\"item\":\"https:\\\/\\\/www.dramfolks-whisky-auction.com\\\/fr\\\/boutique\\\/\"},{\"@type\":\"ListItem\",\"position\":3,\"name\":\"Teeling &#8211; Single Pot Still Virgin Oak\"}]},{\"@type\":\"WebSite\",\"@id\":\"https:\\\/\\\/www.dramfolks-whisky-auction.com\\\/fr\\\/#website\",\"url\":\"https:\\\/\\\/www.dramfolks-whisky-auction.com\\\/fr\\\/\",\"name\":\"Dramfolks Whisky Auction\",\"description\":\"\",\"potentialAction\":[{\"@type\":\"SearchAction\",\"target\":{\"@type\":\"EntryPoint\",\"urlTemplate\":\"https:\\\/\\\/www.dramfolks-whisky-auction.com\\\/fr\\\/?s={search_term_string}\"},\"query-input\":{\"@type\":\"PropertyValueSpecification\",\"valueRequired\":true,\"valueName\":\"search_term_string\"}}],\"inLanguage\":\"fr-FR\"}]}<\/script>\n<!-- \/ Yoast SEO plugin. -->","yoast_head_json":{"title":"Teeling - Single Pot Still Virgin Oak - Dramfolks Whisky Auction","robots":{"index":"index","follow":"follow","max-snippet":"max-snippet:-1","max-image-preview":"max-image-preview:large","max-video-preview":"max-video-preview:-1"},"canonical":"https:\/\/www.dramfolks-whisky-auction.com\/fr\/product\/teeling-single-pot-still-virgin-oak-7\/","og_locale":"fr_FR","og_type":"article","og_title":"Teeling - Single Pot Still Virgin Oak - Dramfolks Whisky Auction","og_description":"Destille: Teeling Die Teeling Destillerie wurde 1782 von Walter Teeling in Dublin gegr\u00fcndet. Der Gr\u00fcnder Walter Teeling errichtete seine kleine Brennerei an der Marrowbone Lane in Dublin. Das neue Destilleriegeb\u00e4ude wurde 2014 erbaut und steht nur wenige hundert Meter vom urspr\u00fcnglichen Standort entfernt. Seit Ende M\u00e4rz 2015 flie\u00dft Spirit durch die Pot Stills und die[...]","og_url":"https:\/\/www.dramfolks-whisky-auction.com\/fr\/product\/teeling-single-pot-still-virgin-oak-7\/","og_site_name":"Dramfolks Whisky Auction","article_modified_time":"2024-10-13T17:00:08+00:00","og_image":[{"width":2560,"height":2048,"url":"https:\/\/www.dramfolks-whisky-auction.com\/wp-content\/uploads\/2023\/12\/Teeling-Pot-Still-vorne-scaled.jpg","type":"image\/jpeg"}],"twitter_card":"summary_large_image","twitter_misc":{"Dur\u00e9e de lecture estim\u00e9e":"2 minutes"},"schema":{"@context":"https:\/\/schema.org","@graph":[{"@type":"WebPage","@id":"https:\/\/www.dramfolks-whisky-auction.com\/fr\/product\/teeling-single-pot-still-virgin-oak-7\/","url":"https:\/\/www.dramfolks-whisky-auction.com\/fr\/product\/teeling-single-pot-still-virgin-oak-7\/","name":"Teeling - Single Pot Still Virgin Oak - Dramfolks Whisky Auction","isPartOf":{"@id":"https:\/\/www.dramfolks-whisky-auction.com\/fr\/#website"},"primaryImageOfPage":{"@id":"https:\/\/www.dramfolks-whisky-auction.com\/fr\/product\/teeling-single-pot-still-virgin-oak-7\/#primaryimage"},"image":{"@id":"https:\/\/www.dramfolks-whisky-auction.com\/fr\/product\/teeling-single-pot-still-virgin-oak-7\/#primaryimage"},"thumbnailUrl":"https:\/\/www.dramfolks-whisky-auction.com\/wp-content\/uploads\/2023\/12\/Teeling-Pot-Still-vorne-scaled.jpg","datePublished":"2024-09-23T17:51:19+00:00","dateModified":"2024-10-13T17:00:08+00:00","breadcrumb":{"@id":"https:\/\/www.dramfolks-whisky-auction.com\/fr\/product\/teeling-single-pot-still-virgin-oak-7\/#breadcrumb"},"inLanguage":"fr-FR","potentialAction":[{"@type":"ReadAction","target":["https:\/\/www.dramfolks-whisky-auction.com\/fr\/product\/teeling-single-pot-still-virgin-oak-7\/"]}]},{"@type":"ImageObject","inLanguage":"fr-FR","@id":"https:\/\/www.dramfolks-whisky-auction.com\/fr\/product\/teeling-single-pot-still-virgin-oak-7\/#primaryimage","url":"https:\/\/www.dramfolks-whisky-auction.com\/wp-content\/uploads\/2023\/12\/Teeling-Pot-Still-vorne-scaled.jpg","contentUrl":"https:\/\/www.dramfolks-whisky-auction.com\/wp-content\/uploads\/2023\/12\/Teeling-Pot-Still-vorne-scaled.jpg","width":2560,"height":2048},{"@type":"BreadcrumbList","@id":"https:\/\/www.dramfolks-whisky-auction.com\/fr\/product\/teeling-single-pot-still-virgin-oak-7\/#breadcrumb","itemListElement":[{"@type":"ListItem","position":1,"name":"Startseite","item":"https:\/\/www.dramfolks-whisky-auction.com\/fr\/"},{"@type":"ListItem","position":2,"name":"Boutique","item":"https:\/\/www.dramfolks-whisky-auction.com\/fr\/boutique\/"},{"@type":"ListItem","position":3,"name":"Teeling &#8211; Single Pot Still Virgin Oak"}]},{"@type":"WebSite","@id":"https:\/\/www.dramfolks-whisky-auction.com\/fr\/#website","url":"https:\/\/www.dramfolks-whisky-auction.com\/fr\/","name":"Dramfolks Whisky Auction","description":"","potentialAction":[{"@type":"SearchAction","target":{"@type":"EntryPoint","urlTemplate":"https:\/\/www.dramfolks-whisky-auction.com\/fr\/?s={search_term_string}"},"query-input":{"@type":"PropertyValueSpecification","valueRequired":true,"valueName":"search_term_string"}}],"inLanguage":"fr-FR"}]}},"_links":{"self":[{"href":"https:\/\/www.dramfolks-whisky-auction.com\/fr\/wp-json\/wp\/v2\/product\/533495","targetHints":{"allow":["GET"]}}],"collection":[{"href":"https:\/\/www.dramfolks-whisky-auction.com\/fr\/wp-json\/wp\/v2\/product"}],"about":[{"href":"https:\/\/www.dramfolks-whisky-auction.com\/fr\/wp-json\/wp\/v2\/types\/product"}],"replies":[{"embeddable":true,"href":"https:\/\/www.dramfolks-whisky-auction.com\/fr\/wp-json\/wp\/v2\/comments?post=533495"}],"wp:featuredmedia":[{"embeddable":true,"href":"https:\/\/www.dramfolks-whisky-auction.com\/fr\/wp-json\/wp\/v2\/media\/4834"}],"wp:attachment":[{"href":"https:\/\/www.dramfolks-whisky-auction.com\/fr\/wp-json\/wp\/v2\/media?parent=533495"}],"wp:term":[{"taxonomy":"product_brand","embeddable":true,"href":"https:\/\/www.dramfolks-whisky-auction.com\/fr\/wp-json\/wp\/v2\/product_brand?post=533495"},{"taxonomy":"product_cat","embeddable":true,"href":"https:\/\/www.dramfolks-whisky-auction.com\/fr\/wp-json\/wp\/v2\/product_cat?post=533495"},{"taxonomy":"product_tag","embeddable":true,"href":"https:\/\/www.dramfolks-whisky-auction.com\/fr\/wp-json\/wp\/v2\/product_tag?post=533495"}],"curies":[{"name":"wp","href":"https:\/\/api.w.org\/{rel}","templated":true}]}}