{"id":5326,"date":"2024-02-11T10:21:06","date_gmt":"2024-02-11T09:21:06","guid":{"rendered":"https:\/\/www.dramfolks-whisky-auction.com\/?post_type=product&#038;p=5326"},"modified":"2024-03-18T14:45:56","modified_gmt":"2024-03-18T13:45:56","slug":"royal-brackla-the-octave-2011-2022","status":"publish","type":"product","link":"https:\/\/www.dramfolks-whisky-auction.com\/fr\/product\/royal-brackla-the-octave-2011-2022\/","title":{"rendered":"Royal Brackla &#8211; The Octave 2011\/2022"},"content":{"rendered":"<p><strong>Destille: Royal Brackla<span class=\"v1s2\"><br \/>\n<\/span><\/strong>Royal Brackla, auch kurz Brackla genannt, ist eine Whiskybrennerei in Cawdor, Inverness-shire, Schottland, Gro\u00dfbritannien. Die Brennerei wurde 1812 durch William Fraser gegr\u00fcndet. 1852 \u00fcbernahm Robert Fraser die Destillerie. Um 1860 stiegen Andrew Usher &amp; Co mit ins Gesch\u00e4ft ein &#8211; denen nachgesagt wird, dass sie das Blenden von Whisky erfunden haben sollen. 1898 wurde die Brackla Distillery Co Ltd gegr\u00fcndet, welche 1926 von John Bisset &amp; Co \u00fcbernommen wurde. 1943 wurden diese, und damit die Brennerei, von der Distillers Company Limited (DCL) geschluckt, welche die Leitung an ihre Tochter Scottish Malt Distillers (SMD) \u00fcbertrugen. Im Zweiten Weltkrieg diente die Destillerie der Royal Air Force als St\u00fctzpunkt. Von 1965 bis 1966 wurde die Brennerei renoviert und die eigenen Malzb\u00f6den stillgelegt. Die Destillerie wurde 1970 von zwei auf vier Brennblasen erweitert, 1985 komplett stillgelegt und 1991 wiederer\u00f6ffnet. 1998 musste United Distillers (UD) (heute Diageo) die Brennerei an Bacardi verkaufen, um die Auflagen des Kartellamtes zu erf\u00fcllen. Royal Brackla wird heute von der Bacardi-Tochter John Dewar &amp; Sons betrieben, zu denen 5 weitere schottische Destillerien geh\u00f6ren. J\u00e4hrliche Produktionskapazit\u00e4t: ca. 4,1 Mio. Liter.<\/p>\n<p><strong>Fun Fakt:<\/strong> K\u00f6niglich&#8230; Seit 1835 darf Brackla, als erste Destillerie \u00fcberhaupt, das ihr von K\u00f6nig William IV. verliehene Royal im Namen tragen! Welch gro\u00dfe Ehre, denn aktuell gibt es nur 2 weitere Destillerien, die ebenfalls ein Royal offiziell im Namen nutzen d\u00fcrfen&#8230; Royal Lochnagar und Glenury Royal.<\/p>\n<p><strong>Whisky\/Whiskey: The Octave 2011\/2022<\/strong><br \/>\nDer unabh\u00e4ngige Abf\u00fcller Duncan Taylor bietet seit Jahren in seiner \u201eThe Octave Serie\u201c Whiskys an, die einer besonderen Nachreifung unterzogen wurden: In sehr kleinen F\u00e4ssern mit rund 50 Liter Inhalt, den sogenannten Octaves, bekommt der zuvor in anderen F\u00e4ssern gereifte Single Malt ein langes Finish, inklusive einer aromatischen Abrundung.<br \/>\nDer hier angebotene The Octave Brackla 2011\/2022 wurde stark limitiert abgef\u00fcllt. Aus Gerste und Wasser entsteht dieser leckere Whisky. Ganz ohne Rauch schmiegt sich dieser Whisky an den Gaumen. Die 53,9% Vol. schenken dem Single Malt Whisky seine Kraft. Bei diesem Whisky wurde nicht nachgeholfen. Die nat\u00fcrliche Farbe kam nur \u00fcber die Fassreifung zustande. 2011 hatte die Brennerei einen guten Lauf \u2013 besonders, wenn man sich diese Jahrgangsabf\u00fcllung zu Gem\u00fcte f\u00fchrt. Die Reifezeit betrug von daher sch\u00f6ne 11 Jahre. Dem langen Kontakt mit dem Holz ist es zu verdanken, dass der Royal Brackla so sch\u00f6ne Aromen aufweist.<\/p>\n<p><strong>Sidenote zum Abf\u00fcller: Duncan Taylor<\/strong><br \/>\nDuncan Taylor &amp; Co ist ein unabh\u00e4ngiger Abf\u00fcller mit Hauptsitz in der Marktstadt Huntly in Aberdeenshire. Das Unternehmen ist vor allem f\u00fcr seine Black Bull-Reihe von Blended Scotch Whiskys mit hohem Malzgehalt und f\u00fcr Smokin&rsquo;, eine Mischung aus getorften Islay-, Speyside- und Grain-Whiskys, bekannt. Dar\u00fcber hinaus werden Malts in verschiedenen Sortimenten abgef\u00fcllt, darunter Rarest of the Rare und Whiskys aus \u00ab\u00a0verlorenen\u00a0\u00bb Destillerien. Eines der erfolgreichsten Projekte des Unternehmens in j\u00fcngster Zeit war die Einf\u00fchrung der Octave-Abf\u00fcllungen \u2013 gereifte Single Malt und Grain Whiskys, die f\u00fcr eine zweite Periode in Oktavf\u00e4ssern der Gr\u00f6\u00dfe von einem Achtel gereift sind, um ein breiteres Charakterprofil zu erreichen &#8211; ohne die urspr\u00fcngliche Natur des Whiskys zu verschleiern.<\/p>\n<p><strong>Info Qualit\u00e4t der Flasche:<\/strong> Exzellent &#8211; ohne Besch\u00e4digungen \/ <strong>F\u00fcllstand:<\/strong> High fill<br \/>\n<strong>Info Qualit\u00e4t der Box:\u00a0<\/strong>Exzellent &#8211; ohne Besch\u00e4digungen<\/p>\n<p><strong>Wichtiger Hinweis:<\/strong> Die Bewertung der Flaschen und Boxen erfolgt nach \u201ebesten Wissen und Gewissen\u201c. dramfolks kann keine Gew\u00e4hrleistung f\u00fcr den Inhalt der Flaschen \u00fcbernehmen. Weitere Infos &amp; Hinweise finden Sie in unseren AGBs. Wir empfehlen Ihnen, vor der Abgabe von Geboten \u00fcber die Zoomfunktion eine Besichtigung \/ genaue Pr\u00fcfung des angebotenen Whiskys vorzunehmen. Bitte kontaktieren sie uns bei Fragen direkt unter info@dramfolks.com<\/p>\n","protected":false},"excerpt":{"rendered":"<p>Destille: Royal Brackla Royal Brackla, auch kurz Brackla genannt, ist eine Whiskybrennerei in Cawdor, Inverness-shire, Schottland, Gro\u00dfbritannien. Die Brennerei wurde 1812 durch William Fraser gegr\u00fcndet. 1852 \u00fcbernahm Robert Fraser die Destillerie. Um 1860 stiegen Andrew Usher &amp; Co mit ins Gesch\u00e4ft ein &#8211; denen nachgesagt wird, dass sie das Blenden von Whisky erfunden haben sollen.[&#8230;]\n","protected":false},"featured_media":5327,"comment_status":"closed","ping_status":"closed","template":"","meta":[],"product_brand":[],"product_cat":[737],"product_tag":[],"class_list":{"0":"post-5326","1":"product","2":"type-product","3":"status-publish","4":"has-post-thumbnail","6":"product_cat-no-9","8":"first","9":"instock","10":"shipping-taxable","11":"purchasable","12":"product-type-auction"},"yoast_head":"<!-- This site is optimized with the Yoast SEO plugin v27.4 - https:\/\/yoast.com\/product\/yoast-seo-wordpress\/ -->\n<title>Royal Brackla - The Octave 2011\/2022 - Dramfolks Whisky Auction<\/title>\n<meta name=\"robots\" content=\"index, follow, max-snippet:-1, max-image-preview:large, max-video-preview:-1\" \/>\n<link rel=\"canonical\" href=\"https:\/\/www.dramfolks-whisky-auction.com\/fr\/product\/royal-brackla-the-octave-2011-2022\/\" \/>\n<meta property=\"og:locale\" content=\"fr_FR\" \/>\n<meta property=\"og:type\" content=\"article\" \/>\n<meta property=\"og:title\" content=\"Royal Brackla - The Octave 2011\/2022 - Dramfolks Whisky Auction\" \/>\n<meta property=\"og:description\" content=\"Destille: Royal Brackla Royal Brackla, auch kurz Brackla genannt, ist eine Whiskybrennerei in Cawdor, Inverness-shire, Schottland, Gro\u00dfbritannien. Die Brennerei wurde 1812 durch William Fraser gegr\u00fcndet. 1852 \u00fcbernahm Robert Fraser die Destillerie. Um 1860 stiegen Andrew Usher &amp; Co mit ins Gesch\u00e4ft ein &#8211; denen nachgesagt wird, dass sie das Blenden von Whisky erfunden haben sollen.[...]\" \/>\n<meta property=\"og:url\" content=\"https:\/\/www.dramfolks-whisky-auction.com\/fr\/product\/royal-brackla-the-octave-2011-2022\/\" \/>\n<meta property=\"og:site_name\" content=\"Dramfolks Whisky Auction\" \/>\n<meta property=\"article:modified_time\" content=\"2024-03-18T13:45:56+00:00\" \/>\n<meta property=\"og:image\" content=\"https:\/\/www.dramfolks-whisky-auction.com\/wp-content\/uploads\/2024\/02\/Brackla-Octave-2011-vorne-scaled.jpg\" \/>\n\t<meta property=\"og:image:width\" content=\"2560\" \/>\n\t<meta property=\"og:image:height\" content=\"2560\" \/>\n\t<meta property=\"og:image:type\" content=\"image\/jpeg\" \/>\n<meta name=\"twitter:card\" content=\"summary_large_image\" \/>\n<meta name=\"twitter:label1\" content=\"Dur\u00e9e de lecture estim\u00e9e\" \/>\n\t<meta name=\"twitter:data1\" content=\"4 minutes\" \/>\n<script type=\"application\/ld+json\" class=\"yoast-schema-graph\">{\"@context\":\"https:\\\/\\\/schema.org\",\"@graph\":[{\"@type\":\"WebPage\",\"@id\":\"https:\\\/\\\/www.dramfolks-whisky-auction.com\\\/fr\\\/product\\\/royal-brackla-the-octave-2011-2022\\\/\",\"url\":\"https:\\\/\\\/www.dramfolks-whisky-auction.com\\\/fr\\\/product\\\/royal-brackla-the-octave-2011-2022\\\/\",\"name\":\"Royal Brackla - The Octave 2011\\\/2022 - Dramfolks Whisky Auction\",\"isPartOf\":{\"@id\":\"https:\\\/\\\/www.dramfolks-whisky-auction.com\\\/fr\\\/#website\"},\"primaryImageOfPage\":{\"@id\":\"https:\\\/\\\/www.dramfolks-whisky-auction.com\\\/fr\\\/product\\\/royal-brackla-the-octave-2011-2022\\\/#primaryimage\"},\"image\":{\"@id\":\"https:\\\/\\\/www.dramfolks-whisky-auction.com\\\/fr\\\/product\\\/royal-brackla-the-octave-2011-2022\\\/#primaryimage\"},\"thumbnailUrl\":\"https:\\\/\\\/www.dramfolks-whisky-auction.com\\\/wp-content\\\/uploads\\\/2024\\\/02\\\/Brackla-Octave-2011-vorne-scaled.jpg\",\"datePublished\":\"2024-02-11T09:21:06+00:00\",\"dateModified\":\"2024-03-18T13:45:56+00:00\",\"breadcrumb\":{\"@id\":\"https:\\\/\\\/www.dramfolks-whisky-auction.com\\\/fr\\\/product\\\/royal-brackla-the-octave-2011-2022\\\/#breadcrumb\"},\"inLanguage\":\"fr-FR\",\"potentialAction\":[{\"@type\":\"ReadAction\",\"target\":[\"https:\\\/\\\/www.dramfolks-whisky-auction.com\\\/fr\\\/product\\\/royal-brackla-the-octave-2011-2022\\\/\"]}]},{\"@type\":\"ImageObject\",\"inLanguage\":\"fr-FR\",\"@id\":\"https:\\\/\\\/www.dramfolks-whisky-auction.com\\\/fr\\\/product\\\/royal-brackla-the-octave-2011-2022\\\/#primaryimage\",\"url\":\"https:\\\/\\\/www.dramfolks-whisky-auction.com\\\/wp-content\\\/uploads\\\/2024\\\/02\\\/Brackla-Octave-2011-vorne-scaled.jpg\",\"contentUrl\":\"https:\\\/\\\/www.dramfolks-whisky-auction.com\\\/wp-content\\\/uploads\\\/2024\\\/02\\\/Brackla-Octave-2011-vorne-scaled.jpg\",\"width\":2560,\"height\":2560},{\"@type\":\"BreadcrumbList\",\"@id\":\"https:\\\/\\\/www.dramfolks-whisky-auction.com\\\/fr\\\/product\\\/royal-brackla-the-octave-2011-2022\\\/#breadcrumb\",\"itemListElement\":[{\"@type\":\"ListItem\",\"position\":1,\"name\":\"Startseite\",\"item\":\"https:\\\/\\\/www.dramfolks-whisky-auction.com\\\/fr\\\/\"},{\"@type\":\"ListItem\",\"position\":2,\"name\":\"Boutique\",\"item\":\"https:\\\/\\\/www.dramfolks-whisky-auction.com\\\/fr\\\/boutique\\\/\"},{\"@type\":\"ListItem\",\"position\":3,\"name\":\"Royal Brackla &#8211; The Octave 2011\\\/2022\"}]},{\"@type\":\"WebSite\",\"@id\":\"https:\\\/\\\/www.dramfolks-whisky-auction.com\\\/fr\\\/#website\",\"url\":\"https:\\\/\\\/www.dramfolks-whisky-auction.com\\\/fr\\\/\",\"name\":\"Dramfolks Whisky Auction\",\"description\":\"\",\"potentialAction\":[{\"@type\":\"SearchAction\",\"target\":{\"@type\":\"EntryPoint\",\"urlTemplate\":\"https:\\\/\\\/www.dramfolks-whisky-auction.com\\\/fr\\\/?s={search_term_string}\"},\"query-input\":{\"@type\":\"PropertyValueSpecification\",\"valueRequired\":true,\"valueName\":\"search_term_string\"}}],\"inLanguage\":\"fr-FR\"}]}<\/script>\n<!-- \/ Yoast SEO plugin. -->","yoast_head_json":{"title":"Royal Brackla - The Octave 2011\/2022 - Dramfolks Whisky Auction","robots":{"index":"index","follow":"follow","max-snippet":"max-snippet:-1","max-image-preview":"max-image-preview:large","max-video-preview":"max-video-preview:-1"},"canonical":"https:\/\/www.dramfolks-whisky-auction.com\/fr\/product\/royal-brackla-the-octave-2011-2022\/","og_locale":"fr_FR","og_type":"article","og_title":"Royal Brackla - The Octave 2011\/2022 - Dramfolks Whisky Auction","og_description":"Destille: Royal Brackla Royal Brackla, auch kurz Brackla genannt, ist eine Whiskybrennerei in Cawdor, Inverness-shire, Schottland, Gro\u00dfbritannien. Die Brennerei wurde 1812 durch William Fraser gegr\u00fcndet. 1852 \u00fcbernahm Robert Fraser die Destillerie. Um 1860 stiegen Andrew Usher &amp; Co mit ins Gesch\u00e4ft ein &#8211; denen nachgesagt wird, dass sie das Blenden von Whisky erfunden haben sollen.[...]","og_url":"https:\/\/www.dramfolks-whisky-auction.com\/fr\/product\/royal-brackla-the-octave-2011-2022\/","og_site_name":"Dramfolks Whisky Auction","article_modified_time":"2024-03-18T13:45:56+00:00","og_image":[{"width":2560,"height":2560,"url":"https:\/\/www.dramfolks-whisky-auction.com\/wp-content\/uploads\/2024\/02\/Brackla-Octave-2011-vorne-scaled.jpg","type":"image\/jpeg"}],"twitter_card":"summary_large_image","twitter_misc":{"Dur\u00e9e de lecture estim\u00e9e":"4 minutes"},"schema":{"@context":"https:\/\/schema.org","@graph":[{"@type":"WebPage","@id":"https:\/\/www.dramfolks-whisky-auction.com\/fr\/product\/royal-brackla-the-octave-2011-2022\/","url":"https:\/\/www.dramfolks-whisky-auction.com\/fr\/product\/royal-brackla-the-octave-2011-2022\/","name":"Royal Brackla - The Octave 2011\/2022 - Dramfolks Whisky Auction","isPartOf":{"@id":"https:\/\/www.dramfolks-whisky-auction.com\/fr\/#website"},"primaryImageOfPage":{"@id":"https:\/\/www.dramfolks-whisky-auction.com\/fr\/product\/royal-brackla-the-octave-2011-2022\/#primaryimage"},"image":{"@id":"https:\/\/www.dramfolks-whisky-auction.com\/fr\/product\/royal-brackla-the-octave-2011-2022\/#primaryimage"},"thumbnailUrl":"https:\/\/www.dramfolks-whisky-auction.com\/wp-content\/uploads\/2024\/02\/Brackla-Octave-2011-vorne-scaled.jpg","datePublished":"2024-02-11T09:21:06+00:00","dateModified":"2024-03-18T13:45:56+00:00","breadcrumb":{"@id":"https:\/\/www.dramfolks-whisky-auction.com\/fr\/product\/royal-brackla-the-octave-2011-2022\/#breadcrumb"},"inLanguage":"fr-FR","potentialAction":[{"@type":"ReadAction","target":["https:\/\/www.dramfolks-whisky-auction.com\/fr\/product\/royal-brackla-the-octave-2011-2022\/"]}]},{"@type":"ImageObject","inLanguage":"fr-FR","@id":"https:\/\/www.dramfolks-whisky-auction.com\/fr\/product\/royal-brackla-the-octave-2011-2022\/#primaryimage","url":"https:\/\/www.dramfolks-whisky-auction.com\/wp-content\/uploads\/2024\/02\/Brackla-Octave-2011-vorne-scaled.jpg","contentUrl":"https:\/\/www.dramfolks-whisky-auction.com\/wp-content\/uploads\/2024\/02\/Brackla-Octave-2011-vorne-scaled.jpg","width":2560,"height":2560},{"@type":"BreadcrumbList","@id":"https:\/\/www.dramfolks-whisky-auction.com\/fr\/product\/royal-brackla-the-octave-2011-2022\/#breadcrumb","itemListElement":[{"@type":"ListItem","position":1,"name":"Startseite","item":"https:\/\/www.dramfolks-whisky-auction.com\/fr\/"},{"@type":"ListItem","position":2,"name":"Boutique","item":"https:\/\/www.dramfolks-whisky-auction.com\/fr\/boutique\/"},{"@type":"ListItem","position":3,"name":"Royal Brackla &#8211; The Octave 2011\/2022"}]},{"@type":"WebSite","@id":"https:\/\/www.dramfolks-whisky-auction.com\/fr\/#website","url":"https:\/\/www.dramfolks-whisky-auction.com\/fr\/","name":"Dramfolks Whisky Auction","description":"","potentialAction":[{"@type":"SearchAction","target":{"@type":"EntryPoint","urlTemplate":"https:\/\/www.dramfolks-whisky-auction.com\/fr\/?s={search_term_string}"},"query-input":{"@type":"PropertyValueSpecification","valueRequired":true,"valueName":"search_term_string"}}],"inLanguage":"fr-FR"}]}},"_links":{"self":[{"href":"https:\/\/www.dramfolks-whisky-auction.com\/fr\/wp-json\/wp\/v2\/product\/5326","targetHints":{"allow":["GET"]}}],"collection":[{"href":"https:\/\/www.dramfolks-whisky-auction.com\/fr\/wp-json\/wp\/v2\/product"}],"about":[{"href":"https:\/\/www.dramfolks-whisky-auction.com\/fr\/wp-json\/wp\/v2\/types\/product"}],"replies":[{"embeddable":true,"href":"https:\/\/www.dramfolks-whisky-auction.com\/fr\/wp-json\/wp\/v2\/comments?post=5326"}],"wp:featuredmedia":[{"embeddable":true,"href":"https:\/\/www.dramfolks-whisky-auction.com\/fr\/wp-json\/wp\/v2\/media\/5327"}],"wp:attachment":[{"href":"https:\/\/www.dramfolks-whisky-auction.com\/fr\/wp-json\/wp\/v2\/media?parent=5326"}],"wp:term":[{"taxonomy":"product_brand","embeddable":true,"href":"https:\/\/www.dramfolks-whisky-auction.com\/fr\/wp-json\/wp\/v2\/product_brand?post=5326"},{"taxonomy":"product_cat","embeddable":true,"href":"https:\/\/www.dramfolks-whisky-auction.com\/fr\/wp-json\/wp\/v2\/product_cat?post=5326"},{"taxonomy":"product_tag","embeddable":true,"href":"https:\/\/www.dramfolks-whisky-auction.com\/fr\/wp-json\/wp\/v2\/product_tag?post=5326"}],"curies":[{"name":"wp","href":"https:\/\/api.w.org\/{rel}","templated":true}]}}